{"id":943,"date":"2025-05-13T11:03:32","date_gmt":"2025-05-13T09:03:32","guid":{"rendered":"https:\/\/www.beautypristroje.sk\/?post_type=product&#038;p=943"},"modified":"2025-12-10T09:46:14","modified_gmt":"2025-12-10T08:46:14","slug":"sleep-glycolic","status":"publish","type":"product","link":"https:\/\/www.beautypristroje.sk\/en\/product\/sleep-glycolic\/","title":{"rendered":"Medik8 Sleep Glycolic"},"content":{"rendered":"<p>Pripravte sa na ohromuj\u00faci vzh\u013ead na va\u0161ej \u010fal\u0161ej p\u00e1rty s vidite\u013ene jasnej\u0161ou, hlad\u0161ou a \u010distej\u0161ou ple\u0165ou. Sleep Glycolic je dom\u00e1ca AHA (alpha hydroxy acid) peelingov\u00e1 lie\u010dba, ktor\u00e1 prin\u00e1\u0161a r\u00fdchle v\u00fdsledky cez noc, bez be\u017en\u00e9ho za\u010dervenania a podr\u00e1\u017edenia spojen\u00e9ho s peelingov\u00fdmi formul\u00e1ciami.<\/p>\n<p>Leave-on o\u0161etrenie vyu\u017e\u00edva silu 10% akt\u00edvnej kyseliny glykolovej na transform\u00e1ciu vzh\u013eadu matnej, nerovnomernej a upchanej pleti. Pou\u017e\u00edvajte dvakr\u00e1t t\u00fd\u017edenne pre lep\u0161iu poko\u017eku s vidite\u013ene obnoven\u00fdm jasom a vitalitou.<\/p>\n<h3><strong>V\u00ddHODY<\/strong><\/h3>\n<div class=\"copy\">\n<div class=\"copy\">\n<div class=\"copy\">\n<h5>Rozjasnen\u00e1 a vidite\u013ene vyhladen\u00e1 ple\u0165<\/h5>\n<p>Sleep Glycolic odstra\u0148uje odumret\u00e9 ko\u017en\u00e9 bunky z povrchu pleti, \u010d\u00edm odha\u013euje hlad\u0161iu, \u017eiarivej\u0161iu ple\u0165 s rovnomern\u00fdm t\u00f3nom a text\u00farou.<\/p>\n<h5>Zdrav\u00e1 ko\u017en\u00e1 bari\u00e9ra<\/h5>\n<\/div>\n<div class=\"copy\">\n<p>Sleep Glycolic vyu\u017e\u00edva inovat\u00edvnu technol\u00f3giu kry\u0161t\u00e1lovej enkapsul\u00e1cie, ktor\u00e1 postupne uvo\u013e\u0148uje kyselinu glykolov\u00fa po\u010das noci, \u010d\u00edm udr\u017euje ko\u017en\u00fa bari\u00e9ru v rovnov\u00e1he a komforte.<\/p>\n<h5>Vidite\u013ene zdokonalen\u00e1 ple\u0165<\/h5>\n<\/div>\n<div class=\"copy\">\n<p>Vyhladzuje text\u00faru pleti, redukuje vidite\u013enos\u0165 jemn\u00fdch vr\u00e1sok a hyperpigment\u00e1cie a z\u00e1rove\u0148 pom\u00e1ha minimalizova\u0165 nedokonalosti a upch\u00e1vanie p\u00f3rov.<\/p>\n<h5>Doplnok k profesion\u00e1lnym o\u0161etreniam<\/h5>\n<\/div>\n<div class=\"copy\">\n<p>Sleep Glycolic pom\u00e1ha pred\u013a\u017ei\u0165 v\u00fdsledky peelingov\u00fdch a kozmetick\u00fdch proced\u00far. M\u00f4\u017ee by\u0165 tie\u017e ide\u00e1lnym vstupom do sveta dom\u00e1cich peelingov pre t\u00fdch, ktor\u00ed maj\u00fa obavy zo svojej prvej sk\u00fasenosti.<\/p>\n<h3><b>K\u013d\u00da\u010cOV\u00c9 ZLO\u017dKY<\/b><\/h3>\n<\/div>\n<\/div>\n<\/div>\n<h5><img decoding=\"async\" class=\"list-item-icon\" src=\"https:\/\/medik8.sk\/cdn\/shop\/files\/PDP_Key_Ingredients_Glycolic_Acid_Molecule.svg?v=1738240597&amp;width=50\" alt=\"Ingredient Icon 1\" width=\"50\" height=\"auto\" \/> 10% akt\u00edvna kyselina glykolov\u00e1<\/h5>\n<div class=\"copy\">\n<p>Kyselina glykolov\u00e1, ktor\u00e1 m\u00e1 najmen\u0161iu molekul\u00e1rnu ve\u013ekos\u0165 zo v\u0161etk\u00fdch AHA kysel\u00edn, je z\u00e1rove\u0148 najsilnej\u0161ia. Rozp\u00fa\u0161\u0165a v\u00e4zby medzi odumret\u00fdmi ko\u017en\u00fdmi bunkami, \u010d\u00edm u\u013eah\u010duje ich exfoli\u00e1ciu a odha\u013euje \u010derstv\u00e9, nov\u00e9 bunky. V\u00fdsledkom je vidite\u013ene jasnej\u0161ia, hlad\u0161ia a \u010distej\u0161ia ple\u0165. T\u00e1to akt\u00edvna zlo\u017eka je obsiahnut\u00e1 v cyklodextr\u00ednovom obale (vyslovuje sa \u201esy-kl\u00f3-DEX-trin\u201c), ktor\u00fd zabezpe\u010duje jej postupn\u00e9 uvo\u013e\u0148ovanie po\u010das noci na minimaliz\u00e1ciu podr\u00e1\u017edenia a pred\u013a\u017eenie \u00fa\u010dinkov.<\/p>\n<h5><img decoding=\"async\" class=\"list-item-icon\" src=\"https:\/\/medik8.sk\/cdn\/shop\/files\/PDP_Key_Ingredients_Korean_Clover_Extract_Icon_42eb7712-bfbe-479e-9248-59735c10400f.svg?v=1738240597&amp;width=50\" alt=\"Ingredient Icon 2\" width=\"50\" height=\"auto\" \/> Extrakt z k\u00f3rejsk\u00e9ho \u010fateliny<\/h5>\n<\/div>\n<div class=\"copy\">\n<p>Spolu s glykolovou kyselinou podporuje prirodzen\u00fd proces no\u010dnej opravy a hydrat\u00e1cie poko\u017eky. Pom\u00e1ha tie\u017e udr\u017eiava\u0165 prirodzen\u00fa ko\u017en\u00fa bari\u00e9ru, \u010d\u00edm zni\u017euje potenci\u00e1l podr\u00e1\u017edenia.<\/p>\n<h5><img decoding=\"async\" class=\"list-item-icon\" src=\"https:\/\/medik8.sk\/cdn\/shop\/files\/PDP_Key_Ingredients_Glycerin_Icon_fd4c1fd1-7d42-4922-8aa5-09a70c44d44b.svg?v=1738240597&amp;width=50\" alt=\"Ingredient Icon 3\" width=\"50\" height=\"auto\" \/>Glycerin<\/h5>\n<\/div>\n<div class=\"copy\">\n<p>Pr\u00edrodn\u00fd humektant, ktor\u00fd zachyt\u00e1va vlhkos\u0165 v poko\u017eke, \u010d\u00edm ju hydratuje a zanech\u00e1va pocit komfortu.<\/p>\n<\/div>\n<h3><strong>AKO POU\u017d\u00cdVA\u0164<\/strong><\/h3>\n<p>Po ve\u010dernom \u010disten\u00ed naneste mno\u017estvo vo ve\u013ekosti hr\u00e1\u0161ku<em>Sleep Glycolic<\/em>na tv\u00e1r, krk a dekolt, pri\u010dom sa vyhnite oblasti o\u010d\u00ed. Mierne mrav\u010denie poko\u017eky je norm\u00e1lne.<\/p>\n<h6>POZN\u00c1MKA: Pou\u017e\u00edvajte 2\u20133\u00d7 t\u00fd\u017edenne.<\/h6>\n<p>Pokra\u010dujte s \u010fal\u0161\u00edmi s\u00e9rami a no\u010dn\u00fdm hydrata\u010dn\u00fdm kr\u00e9mom. Nechajte p\u00f4sobi\u0165 cez noc. Ke\u010f\u017ee\u00a0<em>Sleep Glycolic<\/em>\u00a0p\u00f4sob\u00ed priamo na poko\u017eku, mal by by\u0165 druh\u00fdm krokom ve\u010dernej rutiny (po \u010disten\u00ed). V\u0161etky \u010fal\u0161ie s\u00e9ra a kr\u00e9my aplikujte navrch.<\/p>\n<p>Nasleduj\u00faci de\u0148 v\u017edy pou\u017eite opa\u013eovac\u00ed kr\u00e9m. Pred prv\u00fdm pou\u017eit\u00edm odpor\u00fa\u010dame vykona\u0165 test zn\u00e1\u0161anlivosti.<\/p>\n<h3><strong>OBSAH BALENIA<\/strong><\/h3>\n<p>Balenie s obsahom 30ml produktu.<\/p>\n<h3><strong>ZLO\u017dENIE<\/strong><\/h3>\n<p>Aqua (Water), Glycolic Acid, Cyclodextrin, Caprylic\/Capric Triglyceride, Dimethicone, Glyceryl Stearate, Sucrose Stearate, Sodium Hydroxide, Glycerin, Phenoxyethanol, Lespedeza Capitata Flower\/Leaf\/Stem Extract, Propanediol, Xanthan Gum, Ethylhexylglycerin, Hydroxyethyl Acrylate\/Sodium Acryloyldimethyl Taurate Copolymer, Polysorbate 60, Sorbitan Isostearate.<\/p>\n<p>*Aj ke\u010f sa sna\u017e\u00edme zaisti\u0165 presnos\u0165 tohto zoznamu zlo\u017eiek, niekedy m\u00f4\u017ee d\u00f4js\u0165 k vylep\u0161eniam produktu alebo k miernym rozdielom medzi r\u00f4znymi regi\u00f3nmi na z\u00e1klade miestnych z\u00e1konov. Jedin\u00fd definit\u00edvny zoznam zlo\u017eiek je preto ten, ktor\u00fd je vytla\u010den\u00fd na obale produktu.<\/p>","protected":false},"excerpt":{"rendered":"<p>30ml<\/p>\n<p>No\u010dn\u00fd peeling s 10% kyselinou glykolovou, nezm\u00fdvate\u013en\u00fd<br \/>\nGlycer\u00edn, extrakt z k\u00f3rejsk\u00fd \u010fateliny<\/p>","protected":false},"featured_media":945,"comment_status":"open","ping_status":"closed","template":"","meta":{"_acf_changed":false},"product_brand":[77],"product_cat":[75,26],"product_tag":[],"class_list":{"0":"post-943","1":"product","2":"type-product","3":"status-publish","4":"has-post-thumbnail","6":"product_brand-medik8","7":"product_cat-kremy-a-sera","8":"product_cat-skincare-produkty","10":"first","11":"instock","12":"taxable","13":"shipping-taxable","14":"purchasable","15":"product-type-simple"},"acf":[],"yoast_head":"<!-- This site is optimized with the Yoast SEO plugin v27.5 - https:\/\/yoast.com\/product\/yoast-seo-wordpress\/ -->\n<title>Medik8 Sleep Glycolic - Beauty pr\u00edstroje<\/title>\n<meta name=\"description\" content=\"Medik8 Sleep Glycolic 30\u202fml no\u010dn\u00fd peeling s 10\u202f% glykolovou kyselinou, glycer\u00ednom a k\u00f3rejskou \u010fatelinou pre jemn\u00fa a hladk\u00fa ple\u0165 po\u010das sp\u00e1nku.\" \/>\n<meta name=\"robots\" content=\"index, follow, max-snippet:-1, max-image-preview:large, max-video-preview:-1\" \/>\n<link rel=\"canonical\" href=\"https:\/\/www.beautypristroje.sk\/en\/product\/sleep-glycolic\/\" \/>\n<meta property=\"og:locale\" content=\"en_GB\" \/>\n<meta property=\"og:type\" content=\"article\" \/>\n<meta property=\"og:title\" content=\"Medik8 Sleep Glycolic - Beauty pr\u00edstroje\" \/>\n<meta property=\"og:description\" content=\"Medik8 Sleep Glycolic 30\u202fml no\u010dn\u00fd peeling s 10\u202f% glykolovou kyselinou, glycer\u00ednom a k\u00f3rejskou \u010fatelinou pre jemn\u00fa a hladk\u00fa ple\u0165 po\u010das sp\u00e1nku.\" \/>\n<meta property=\"og:url\" content=\"https:\/\/www.beautypristroje.sk\/en\/product\/sleep-glycolic\/\" \/>\n<meta property=\"og:site_name\" content=\"Beauty pr\u00edstroje\" \/>\n<meta property=\"article:modified_time\" content=\"2025-12-10T08:46:14+00:00\" \/>\n<meta property=\"og:image\" content=\"https:\/\/www.beautypristroje.sk\/wp-content\/uploads\/2025\/05\/Copy-of-Sleep-Glycolic-B.png\" \/>\n\t<meta property=\"og:image:width\" content=\"2000\" \/>\n\t<meta property=\"og:image:height\" content=\"2000\" \/>\n\t<meta property=\"og:image:type\" content=\"image\/png\" \/>\n<meta name=\"twitter:card\" content=\"summary_large_image\" \/>\n<meta name=\"twitter:label1\" content=\"Estimated reading time\" \/>\n\t<meta name=\"twitter:data1\" content=\"4 minutes\" \/>\n<script type=\"application\/ld+json\" class=\"yoast-schema-graph\">{\"@context\":\"https:\\\/\\\/schema.org\",\"@graph\":[{\"@type\":\"WebPage\",\"@id\":\"https:\\\/\\\/www.beautypristroje.sk\\\/produkt\\\/sleep-glycolic\\\/\",\"url\":\"https:\\\/\\\/www.beautypristroje.sk\\\/produkt\\\/sleep-glycolic\\\/\",\"name\":\"Medik8 Sleep Glycolic - Beauty pr\u00edstroje\",\"isPartOf\":{\"@id\":\"https:\\\/\\\/www.beautypristroje.sk\\\/#website\"},\"primaryImageOfPage\":{\"@id\":\"https:\\\/\\\/www.beautypristroje.sk\\\/produkt\\\/sleep-glycolic\\\/#primaryimage\"},\"image\":{\"@id\":\"https:\\\/\\\/www.beautypristroje.sk\\\/produkt\\\/sleep-glycolic\\\/#primaryimage\"},\"thumbnailUrl\":\"https:\\\/\\\/www.beautypristroje.sk\\\/wp-content\\\/uploads\\\/2025\\\/05\\\/Copy-of-Sleep-Glycolic-B.png\",\"datePublished\":\"2025-05-13T09:03:32+00:00\",\"dateModified\":\"2025-12-10T08:46:14+00:00\",\"description\":\"Medik8 Sleep Glycolic 30\u202fml no\u010dn\u00fd peeling s 10\u202f% glykolovou kyselinou, glycer\u00ednom a k\u00f3rejskou \u010fatelinou pre jemn\u00fa a hladk\u00fa ple\u0165 po\u010das sp\u00e1nku.\",\"breadcrumb\":{\"@id\":\"https:\\\/\\\/www.beautypristroje.sk\\\/produkt\\\/sleep-glycolic\\\/#breadcrumb\"},\"inLanguage\":\"en-GB\",\"potentialAction\":[{\"@type\":\"ReadAction\",\"target\":[\"https:\\\/\\\/www.beautypristroje.sk\\\/produkt\\\/sleep-glycolic\\\/\"]}]},{\"@type\":\"ImageObject\",\"inLanguage\":\"en-GB\",\"@id\":\"https:\\\/\\\/www.beautypristroje.sk\\\/produkt\\\/sleep-glycolic\\\/#primaryimage\",\"url\":\"https:\\\/\\\/www.beautypristroje.sk\\\/wp-content\\\/uploads\\\/2025\\\/05\\\/Copy-of-Sleep-Glycolic-B.png\",\"contentUrl\":\"https:\\\/\\\/www.beautypristroje.sk\\\/wp-content\\\/uploads\\\/2025\\\/05\\\/Copy-of-Sleep-Glycolic-B.png\",\"width\":2000,\"height\":2000,\"caption\":\"Sleep Glycolic 30\u202fml \u2013 no\u010dn\u00fd nezm\u00fdvate\u013en\u00fd peeling s 10\u202f% kyselinou glykolovou, glycer\u00ednom a extraktom z k\u00f3rejskej \u010fateliny.\"},{\"@type\":\"BreadcrumbList\",\"@id\":\"https:\\\/\\\/www.beautypristroje.sk\\\/produkt\\\/sleep-glycolic\\\/#breadcrumb\",\"itemListElement\":[{\"@type\":\"ListItem\",\"position\":1,\"name\":\"Domovsk\u00e1 str\u00e1nka\",\"item\":\"https:\\\/\\\/www.beautypristroje.sk\\\/\"},{\"@type\":\"ListItem\",\"position\":2,\"name\":\"Obchod\",\"item\":\"https:\\\/\\\/www.beautypristroje.sk\\\/obchod\\\/\"},{\"@type\":\"ListItem\",\"position\":3,\"name\":\"Medik8 Sleep Glycolic\"}]},{\"@type\":\"WebSite\",\"@id\":\"https:\\\/\\\/www.beautypristroje.sk\\\/#website\",\"url\":\"https:\\\/\\\/www.beautypristroje.sk\\\/\",\"name\":\"Beauty pr\u00edstroje\",\"description\":\"Profesion\u00e1lne kozmetick\u00e9 pr\u00edstroje pre sal\u00f3ny a kliniky\",\"potentialAction\":[{\"@type\":\"SearchAction\",\"target\":{\"@type\":\"EntryPoint\",\"urlTemplate\":\"https:\\\/\\\/www.beautypristroje.sk\\\/?s={search_term_string}\"},\"query-input\":{\"@type\":\"PropertyValueSpecification\",\"valueRequired\":true,\"valueName\":\"search_term_string\"}}],\"inLanguage\":\"en-GB\"}]}<\/script>\n<!-- \/ Yoast SEO plugin. -->","yoast_head_json":{"title":"Medik8 Sleep Glycolic - Beauty pr\u00edstroje","description":"Medik8 Sleep Glycolic 30\u202fml no\u010dn\u00fd peeling s 10\u202f% glykolovou kyselinou, glycer\u00ednom a k\u00f3rejskou \u010fatelinou pre jemn\u00fa a hladk\u00fa ple\u0165 po\u010das sp\u00e1nku.","robots":{"index":"index","follow":"follow","max-snippet":"max-snippet:-1","max-image-preview":"max-image-preview:large","max-video-preview":"max-video-preview:-1"},"canonical":"https:\/\/www.beautypristroje.sk\/en\/product\/sleep-glycolic\/","og_locale":"en_GB","og_type":"article","og_title":"Medik8 Sleep Glycolic - Beauty pr\u00edstroje","og_description":"Medik8 Sleep Glycolic 30\u202fml no\u010dn\u00fd peeling s 10\u202f% glykolovou kyselinou, glycer\u00ednom a k\u00f3rejskou \u010fatelinou pre jemn\u00fa a hladk\u00fa ple\u0165 po\u010das sp\u00e1nku.","og_url":"https:\/\/www.beautypristroje.sk\/en\/product\/sleep-glycolic\/","og_site_name":"Beauty pr\u00edstroje","article_modified_time":"2025-12-10T08:46:14+00:00","og_image":[{"width":2000,"height":2000,"url":"https:\/\/www.beautypristroje.sk\/wp-content\/uploads\/2025\/05\/Copy-of-Sleep-Glycolic-B.png","type":"image\/png"}],"twitter_card":"summary_large_image","twitter_misc":{"Estimated reading time":"4 minutes"},"schema":{"@context":"https:\/\/schema.org","@graph":[{"@type":"WebPage","@id":"https:\/\/www.beautypristroje.sk\/produkt\/sleep-glycolic\/","url":"https:\/\/www.beautypristroje.sk\/produkt\/sleep-glycolic\/","name":"Medik8 Sleep Glycolic - Beauty pr\u00edstroje","isPartOf":{"@id":"https:\/\/www.beautypristroje.sk\/#website"},"primaryImageOfPage":{"@id":"https:\/\/www.beautypristroje.sk\/produkt\/sleep-glycolic\/#primaryimage"},"image":{"@id":"https:\/\/www.beautypristroje.sk\/produkt\/sleep-glycolic\/#primaryimage"},"thumbnailUrl":"https:\/\/www.beautypristroje.sk\/wp-content\/uploads\/2025\/05\/Copy-of-Sleep-Glycolic-B.png","datePublished":"2025-05-13T09:03:32+00:00","dateModified":"2025-12-10T08:46:14+00:00","description":"Medik8 Sleep Glycolic 30\u202fml no\u010dn\u00fd peeling s 10\u202f% glykolovou kyselinou, glycer\u00ednom a k\u00f3rejskou \u010fatelinou pre jemn\u00fa a hladk\u00fa ple\u0165 po\u010das sp\u00e1nku.","breadcrumb":{"@id":"https:\/\/www.beautypristroje.sk\/produkt\/sleep-glycolic\/#breadcrumb"},"inLanguage":"en-GB","potentialAction":[{"@type":"ReadAction","target":["https:\/\/www.beautypristroje.sk\/produkt\/sleep-glycolic\/"]}]},{"@type":"ImageObject","inLanguage":"en-GB","@id":"https:\/\/www.beautypristroje.sk\/produkt\/sleep-glycolic\/#primaryimage","url":"https:\/\/www.beautypristroje.sk\/wp-content\/uploads\/2025\/05\/Copy-of-Sleep-Glycolic-B.png","contentUrl":"https:\/\/www.beautypristroje.sk\/wp-content\/uploads\/2025\/05\/Copy-of-Sleep-Glycolic-B.png","width":2000,"height":2000,"caption":"Sleep Glycolic 30\u202fml \u2013 no\u010dn\u00fd nezm\u00fdvate\u013en\u00fd peeling s 10\u202f% kyselinou glykolovou, glycer\u00ednom a extraktom z k\u00f3rejskej \u010fateliny."},{"@type":"BreadcrumbList","@id":"https:\/\/www.beautypristroje.sk\/produkt\/sleep-glycolic\/#breadcrumb","itemListElement":[{"@type":"ListItem","position":1,"name":"Domovsk\u00e1 str\u00e1nka","item":"https:\/\/www.beautypristroje.sk\/"},{"@type":"ListItem","position":2,"name":"Obchod","item":"https:\/\/www.beautypristroje.sk\/obchod\/"},{"@type":"ListItem","position":3,"name":"Medik8 Sleep Glycolic"}]},{"@type":"WebSite","@id":"https:\/\/www.beautypristroje.sk\/#website","url":"https:\/\/www.beautypristroje.sk\/","name":"Beauty pr\u00edstroje","description":"Profesion\u00e1lne kozmetick\u00e9 pr\u00edstroje pre sal\u00f3ny a kliniky","potentialAction":[{"@type":"SearchAction","target":{"@type":"EntryPoint","urlTemplate":"https:\/\/www.beautypristroje.sk\/?s={search_term_string}"},"query-input":{"@type":"PropertyValueSpecification","valueRequired":true,"valueName":"search_term_string"}}],"inLanguage":"en-GB"}]}},"_links":{"self":[{"href":"https:\/\/www.beautypristroje.sk\/en\/wp-json\/wp\/v2\/product\/943","targetHints":{"allow":["GET"]}}],"collection":[{"href":"https:\/\/www.beautypristroje.sk\/en\/wp-json\/wp\/v2\/product"}],"about":[{"href":"https:\/\/www.beautypristroje.sk\/en\/wp-json\/wp\/v2\/types\/product"}],"replies":[{"embeddable":true,"href":"https:\/\/www.beautypristroje.sk\/en\/wp-json\/wp\/v2\/comments?post=943"}],"wp:featuredmedia":[{"embeddable":true,"href":"https:\/\/www.beautypristroje.sk\/en\/wp-json\/wp\/v2\/media\/945"}],"wp:attachment":[{"href":"https:\/\/www.beautypristroje.sk\/en\/wp-json\/wp\/v2\/media?parent=943"}],"wp:term":[{"taxonomy":"product_brand","embeddable":true,"href":"https:\/\/www.beautypristroje.sk\/en\/wp-json\/wp\/v2\/product_brand?post=943"},{"taxonomy":"product_cat","embeddable":true,"href":"https:\/\/www.beautypristroje.sk\/en\/wp-json\/wp\/v2\/product_cat?post=943"},{"taxonomy":"product_tag","embeddable":true,"href":"https:\/\/www.beautypristroje.sk\/en\/wp-json\/wp\/v2\/product_tag?post=943"}],"curies":[{"name":"wp","href":"https:\/\/api.w.org\/{rel}","templated":true}]}}