{"id":937,"date":"2025-05-13T10:54:32","date_gmt":"2025-05-13T08:54:32","guid":{"rendered":"https:\/\/www.beautypristroje.sk\/?post_type=product&#038;p=937"},"modified":"2025-12-10T09:46:14","modified_gmt":"2025-12-10T08:46:14","slug":"ultimate-recovery-bio-cellulose-mask","status":"publish","type":"product","link":"https:\/\/www.beautypristroje.sk\/en\/product\/ultimate-recovery-bio-cellulose-mask\/","title":{"rendered":"Medik8 Ultimate Recovery\u2122 Bio-Cellulose Mask"},"content":{"rendered":"<p>Vidite\u013ene obnovte such\u00fa, podr\u00e1\u017eden\u00fa alebo poko\u017eku po o\u0161etren\u00ed touto intenz\u00edvne hydrata\u010dnou miner\u00e1lnou ple\u0165ovou maskou Medik8 Ultimate Recovery Bio-Cellulose Mask<\/p>\n<p>Pou\u017e\u00edvan\u00e1 odborn\u00edkmi na starostlivos\u0165 o ple\u0165 po celom svete, Ultimate Recovery Bio-Cellulose Mask inf\u00fazuje poko\u017eku jedine\u010dnou kombin\u00e1ciou siln\u00fdch miner\u00e1lov, ktor\u00e9 intenz\u00edvne upokojuj\u00fa, vy\u017eivuj\u00fa a osvie\u017euj\u00fa.<\/p>\n<p>Schopn\u00e1 upokoji\u0165 a pote\u0161i\u0165 aj t\u00fa najcitlivej\u0161iu ple\u0165, je ide\u00e1lna ako n\u00e1sledn\u00e1 starostlivos\u0165 po microneedlingu alebo mikrodermabr\u00e1zii, alebo ako dokonal\u00e1 t\u00fd\u017edenn\u00e1 starostlivos\u0165 pre poko\u017eku, ktor\u00e1 potrebuje extra pozornos\u0165.<\/p>\n<h3><strong>V\u00ddHODY<\/strong><\/h3>\n<div class=\"copy\">\n<div class=\"copy\">\n<div class=\"copy\">\n<h5>Z\u00e1chrana po estetick\u00fdch o\u0161etreniach<\/h5>\n<p>Ide\u00e1lna upokojuj\u00faca starostlivos\u0165 po o\u0161etreniach, ako je mikroihli\u010dkovanie alebo mikrodermabr\u00e1zia.<\/p>\n<h5>Obnova vlhkosti<\/h5>\n<\/div>\n<div class=\"copy\">\n<p>Intenz\u00edvne vy\u017eivuje a zanech\u00e1va ple\u0165 vidite\u013ene obnoven\u00fa, osvie\u017een\u00fa a komfortn\u00fa.<\/p>\n<h5>Vyp\u00ednac\u00ed a vyhladzuj\u00faci efekt<\/h5>\n<\/div>\n<div class=\"copy\">\n<p>Vidite\u013ene vyp\u013a\u0148a a vyhladzuje jemn\u00e9 linky a vr\u00e1sky pre celkovo mladistvej\u0161\u00ed vzh\u013ead pleti.<\/p>\n<h5>Vyv\u00e1\u017een\u00e1, zdravo vyzeraj\u00faca ple\u0165<\/h5>\n<\/div>\n<div class=\"copy\">\n<p>Zinkom obohaten\u00e9 zlo\u017eenie pom\u00e1ha udr\u017ea\u0165 optim\u00e1lnu rovnov\u00e1hu pleti a posil\u0148uje jej odolnos\u0165.<\/p>\n<h3><b>K\u013d\u00da\u010cOV\u00c9 ZLO\u017dKY<\/b><\/h3>\n<\/div>\n<\/div>\n<\/div>\n<h5><img decoding=\"async\" class=\"list-item-icon\" src=\"https:\/\/medik8.sk\/cdn\/shop\/files\/PDP_Key_Ingredients_Zinc_PCA.svg?v=1738240623&amp;width=50\" alt=\"Ingredient Icon 1\" width=\"50\" height=\"auto\" \/> Zinok<\/h5>\n<div class=\"copy\">\n<p>Miner\u00e1l, ktor\u00fd podporuje regener\u00e1ciu poko\u017eky, upokojuje ju a pom\u00e1ha vyrovn\u00e1va\u0165 jej vzh\u013ead.<\/p>\n<h5><img decoding=\"async\" class=\"list-item-icon\" src=\"https:\/\/medik8.sk\/cdn\/shop\/files\/PDP_Key_Ingredients_Hyaluronic_Acid_Icon_f81a9709-1051-4ae2-83de-60724616b223.svg?v=1738240623&amp;width=50\" alt=\"Ingredient Icon 2\" width=\"50\" height=\"auto\" \/> Kyselina hyalur\u00f3nov\u00e1<\/h5>\n<\/div>\n<div class=\"copy\">\n<p>Pri\u0165ahuje vlhkos\u0165 z hlb\u0161\u00edch vrstiev poko\u017eky do jej povrchu, \u010d\u00edm ple\u0165 hydratuje a vyp\u00edna.<\/p>\n<h5><img decoding=\"async\" class=\"list-item-icon\" src=\"https:\/\/medik8.sk\/cdn\/shop\/files\/PDP_Key_Ingredients_Rockweed_Algae_Extract.svg?v=1738240637&amp;width=50\" alt=\"Ingredient Icon 3\" width=\"50\" height=\"auto\" \/> Extrakt z chaluhy (Rockweed Algae)<\/h5>\n<\/div>\n<div class=\"copy\">\n<p>Druh hnedej riasy s vysok\u00fdm obsahom miner\u00e1lov, ktor\u00e1 podporuje h\u013abkov\u00fa hydrat\u00e1ciu a posil\u0148uje prirodzen\u00fa odolnos\u0165 poko\u017eky.<\/p>\n<\/div>\n<h3><strong>AKO POU\u017d\u00cdVA\u0164<\/strong><\/h3>\n<p>Po vy\u010disten\u00ed pleti vyberte masku z f\u00f3liov\u00e9ho vrecka a rozlo\u017ete ju. Odstr\u00e1\u0148te jednu stranu vonkaj\u0161ej ochrannej vrstvy a prilo\u017ete masku na tv\u00e1r, pri\u010dom zarovnajte otvory na o\u010di a \u00fasta.<\/p>\n<p>Odstr\u00e1\u0148te druh\u00fa (teraz vonkaj\u0161iu) ochrann\u00fa vrstvu a relaxujte a\u017e 15 min\u00fat. Jemne zlo\u017ete masku z tv\u00e1re a vmas\u00edrujte zvy\u0161n\u00e9 s\u00e9rum do pleti.<\/p>\n<h6>POZN\u00c1MKA<\/h6>\n<p>Pou\u017e\u00edvajte ako t\u00fd\u017edenn\u00fa hydrata\u010dn\u00fa k\u00faru alebo kedyko\u013evek, ke\u010f ple\u0165 potrebuje extra starostlivos\u0165.<\/p>\n<h3><strong>OBSAH BALENIA<\/strong><\/h3>\n<p>Balenie obsahuje\u00a06x jedno\u00fa\u010delov\u00e9 masky<\/p>\n<h3><strong>ZLO\u017dENIE<\/strong><\/h3>\n<p>Aqua (Water), Glycerin, Sodium Hyaluronate, Cocos Nucifera (Coconut) Fruit Extract, Carbomer, 1,2-Hexanediol, Phenoxyethanol, Butylene Glycol, Zinc PCA, Ascophyllum Nodosum (Rockweed Algae) Extract, Epilobium Angustifolium (Willow Herb) Flower\/Leaf\/Stem Extract, Portulaca Oleracea (Green Purslane) Extract, Illicium Verum (Anise) Fruit Extract, Methylpropanediol, Sodium Hydroxide, Scutellaria Baicalensis (Baikal Skullcap) Root Extract, Disodium EDTA, Pullulan, Cellulose Gum.<\/p>\n<p>*Aj ke\u010f sa sna\u017e\u00edme zaisti\u0165 presnos\u0165 tohto zoznamu zlo\u017eiek, niekedy m\u00f4\u017ee d\u00f4js\u0165 k vylep\u0161eniam produktu alebo k miernym rozdielom medzi r\u00f4znymi regi\u00f3nmi na z\u00e1klade miestnych z\u00e1konov. Jedin\u00fd definit\u00edvny zoznam zlo\u017eiek je preto ten, ktor\u00fd je vytla\u010den\u00fd na obale produktu.<\/p>\n<p>&nbsp;<\/p>","protected":false},"excerpt":{"rendered":"<p>6ks<\/p>\n<p>Biocelul\u00f3zov\u00e1 maska s obsahom zinku<br \/>\nZinok, bio celul\u00f3za, kyselina hyalur\u00f3nov\u00e1, norsk\u00e1 riasa kelpa<\/p>","protected":false},"featured_media":939,"comment_status":"open","ping_status":"closed","template":"","meta":{"_acf_changed":false},"product_brand":[77],"product_cat":[75,26],"product_tag":[],"class_list":{"0":"post-937","1":"product","2":"type-product","3":"status-publish","4":"has-post-thumbnail","6":"product_brand-medik8","7":"product_cat-kremy-a-sera","8":"product_cat-skincare-produkty","10":"first","11":"instock","12":"taxable","13":"shipping-taxable","14":"purchasable","15":"product-type-simple"},"acf":[],"yoast_head":"<!-- This site is optimized with the Yoast SEO plugin v27.5 - https:\/\/yoast.com\/product\/yoast-seo-wordpress\/ -->\n<title>Medik8 Ultimate Recovery\u2122 Bio-Cellulose Mask - Beauty pr\u00edstroje<\/title>\n<meta name=\"description\" content=\"Medik8 Ultimate Recovery Bio-Cellulose Mask \u2122 6ks bio-celul\u00f3zov\u00e1 maska so zinkom, kyselinou hyalur\u00f3novou a kelpou pre regener\u00e1ciu a obnovu zdravej a hydratovanej poko\u017eky.\" \/>\n<meta name=\"robots\" content=\"index, follow, max-snippet:-1, max-image-preview:large, max-video-preview:-1\" \/>\n<link rel=\"canonical\" href=\"https:\/\/www.beautypristroje.sk\/en\/product\/ultimate-recovery-bio-cellulose-mask\/\" \/>\n<meta property=\"og:locale\" content=\"en_GB\" \/>\n<meta property=\"og:type\" content=\"article\" \/>\n<meta property=\"og:title\" content=\"Medik8 Ultimate Recovery\u2122 Bio-Cellulose Mask - Beauty pr\u00edstroje\" \/>\n<meta property=\"og:description\" content=\"Medik8 Ultimate Recovery Bio-Cellulose Mask \u2122 6ks bio-celul\u00f3zov\u00e1 maska so zinkom, kyselinou hyalur\u00f3novou a kelpou pre regener\u00e1ciu a obnovu zdravej a hydratovanej poko\u017eky.\" \/>\n<meta property=\"og:url\" content=\"https:\/\/www.beautypristroje.sk\/en\/product\/ultimate-recovery-bio-cellulose-mask\/\" \/>\n<meta property=\"og:site_name\" content=\"Beauty pr\u00edstroje\" \/>\n<meta property=\"article:modified_time\" content=\"2025-12-10T08:46:14+00:00\" \/>\n<meta property=\"og:image\" content=\"https:\/\/www.beautypristroje.sk\/wp-content\/uploads\/2025\/05\/Copy-of-Ultimate-Recovery-Bio-Cellulose-Mask-B-1024x1024.png\" \/>\n\t<meta property=\"og:image:width\" content=\"1024\" \/>\n\t<meta property=\"og:image:height\" content=\"1024\" \/>\n\t<meta property=\"og:image:type\" content=\"image\/png\" \/>\n<meta name=\"twitter:card\" content=\"summary_large_image\" \/>\n<meta name=\"twitter:label1\" content=\"Estimated reading time\" \/>\n\t<meta name=\"twitter:data1\" content=\"3 minutes\" \/>\n<script type=\"application\/ld+json\" class=\"yoast-schema-graph\">{\"@context\":\"https:\\\/\\\/schema.org\",\"@graph\":[{\"@type\":\"WebPage\",\"@id\":\"https:\\\/\\\/www.beautypristroje.sk\\\/produkt\\\/ultimate-recovery-bio-cellulose-mask\\\/\",\"url\":\"https:\\\/\\\/www.beautypristroje.sk\\\/produkt\\\/ultimate-recovery-bio-cellulose-mask\\\/\",\"name\":\"Medik8 Ultimate Recovery\u2122 Bio-Cellulose Mask - Beauty pr\u00edstroje\",\"isPartOf\":{\"@id\":\"https:\\\/\\\/www.beautypristroje.sk\\\/#website\"},\"primaryImageOfPage\":{\"@id\":\"https:\\\/\\\/www.beautypristroje.sk\\\/produkt\\\/ultimate-recovery-bio-cellulose-mask\\\/#primaryimage\"},\"image\":{\"@id\":\"https:\\\/\\\/www.beautypristroje.sk\\\/produkt\\\/ultimate-recovery-bio-cellulose-mask\\\/#primaryimage\"},\"thumbnailUrl\":\"https:\\\/\\\/www.beautypristroje.sk\\\/wp-content\\\/uploads\\\/2025\\\/05\\\/Copy-of-Ultimate-Recovery-Bio-Cellulose-Mask-B.png\",\"datePublished\":\"2025-05-13T08:54:32+00:00\",\"dateModified\":\"2025-12-10T08:46:14+00:00\",\"description\":\"Medik8 Ultimate Recovery Bio-Cellulose Mask \u2122 6ks bio-celul\u00f3zov\u00e1 maska so zinkom, kyselinou hyalur\u00f3novou a kelpou pre regener\u00e1ciu a obnovu zdravej a hydratovanej poko\u017eky.\",\"breadcrumb\":{\"@id\":\"https:\\\/\\\/www.beautypristroje.sk\\\/produkt\\\/ultimate-recovery-bio-cellulose-mask\\\/#breadcrumb\"},\"inLanguage\":\"en-GB\",\"potentialAction\":[{\"@type\":\"ReadAction\",\"target\":[\"https:\\\/\\\/www.beautypristroje.sk\\\/produkt\\\/ultimate-recovery-bio-cellulose-mask\\\/\"]}]},{\"@type\":\"ImageObject\",\"inLanguage\":\"en-GB\",\"@id\":\"https:\\\/\\\/www.beautypristroje.sk\\\/produkt\\\/ultimate-recovery-bio-cellulose-mask\\\/#primaryimage\",\"url\":\"https:\\\/\\\/www.beautypristroje.sk\\\/wp-content\\\/uploads\\\/2025\\\/05\\\/Copy-of-Ultimate-Recovery-Bio-Cellulose-Mask-B.png\",\"contentUrl\":\"https:\\\/\\\/www.beautypristroje.sk\\\/wp-content\\\/uploads\\\/2025\\\/05\\\/Copy-of-Ultimate-Recovery-Bio-Cellulose-Mask-B.png\",\"width\":2000,\"height\":2000,\"caption\":\"Ultimate Recovery\u2122 Bio-Cellulose Mask 6ks \u2013 biocelul\u00f3zov\u00e1 maska so zinkom, kyselinou hyalur\u00f3novou a norskou riasou kelpa pre regener\u00e1ciu poko\u017eky.\"},{\"@type\":\"BreadcrumbList\",\"@id\":\"https:\\\/\\\/www.beautypristroje.sk\\\/produkt\\\/ultimate-recovery-bio-cellulose-mask\\\/#breadcrumb\",\"itemListElement\":[{\"@type\":\"ListItem\",\"position\":1,\"name\":\"Domovsk\u00e1 str\u00e1nka\",\"item\":\"https:\\\/\\\/www.beautypristroje.sk\\\/\"},{\"@type\":\"ListItem\",\"position\":2,\"name\":\"Obchod\",\"item\":\"https:\\\/\\\/www.beautypristroje.sk\\\/obchod\\\/\"},{\"@type\":\"ListItem\",\"position\":3,\"name\":\"Medik8 Ultimate Recovery\u2122 Bio-Cellulose Mask\"}]},{\"@type\":\"WebSite\",\"@id\":\"https:\\\/\\\/www.beautypristroje.sk\\\/#website\",\"url\":\"https:\\\/\\\/www.beautypristroje.sk\\\/\",\"name\":\"Beauty pr\u00edstroje\",\"description\":\"Profesion\u00e1lne kozmetick\u00e9 pr\u00edstroje pre sal\u00f3ny a kliniky\",\"potentialAction\":[{\"@type\":\"SearchAction\",\"target\":{\"@type\":\"EntryPoint\",\"urlTemplate\":\"https:\\\/\\\/www.beautypristroje.sk\\\/?s={search_term_string}\"},\"query-input\":{\"@type\":\"PropertyValueSpecification\",\"valueRequired\":true,\"valueName\":\"search_term_string\"}}],\"inLanguage\":\"en-GB\"}]}<\/script>\n<!-- \/ Yoast SEO plugin. -->","yoast_head_json":{"title":"Medik8 Ultimate Recovery\u2122 Bio-Cellulose Mask - Beauty pr\u00edstroje","description":"Medik8 Ultimate Recovery Bio-Cellulose Mask \u2122 6ks bio-celul\u00f3zov\u00e1 maska so zinkom, kyselinou hyalur\u00f3novou a kelpou pre regener\u00e1ciu a obnovu zdravej a hydratovanej poko\u017eky.","robots":{"index":"index","follow":"follow","max-snippet":"max-snippet:-1","max-image-preview":"max-image-preview:large","max-video-preview":"max-video-preview:-1"},"canonical":"https:\/\/www.beautypristroje.sk\/en\/product\/ultimate-recovery-bio-cellulose-mask\/","og_locale":"en_GB","og_type":"article","og_title":"Medik8 Ultimate Recovery\u2122 Bio-Cellulose Mask - Beauty pr\u00edstroje","og_description":"Medik8 Ultimate Recovery Bio-Cellulose Mask \u2122 6ks bio-celul\u00f3zov\u00e1 maska so zinkom, kyselinou hyalur\u00f3novou a kelpou pre regener\u00e1ciu a obnovu zdravej a hydratovanej poko\u017eky.","og_url":"https:\/\/www.beautypristroje.sk\/en\/product\/ultimate-recovery-bio-cellulose-mask\/","og_site_name":"Beauty pr\u00edstroje","article_modified_time":"2025-12-10T08:46:14+00:00","og_image":[{"width":1024,"height":1024,"url":"https:\/\/www.beautypristroje.sk\/wp-content\/uploads\/2025\/05\/Copy-of-Ultimate-Recovery-Bio-Cellulose-Mask-B-1024x1024.png","type":"image\/png"}],"twitter_card":"summary_large_image","twitter_misc":{"Estimated reading time":"3 minutes"},"schema":{"@context":"https:\/\/schema.org","@graph":[{"@type":"WebPage","@id":"https:\/\/www.beautypristroje.sk\/produkt\/ultimate-recovery-bio-cellulose-mask\/","url":"https:\/\/www.beautypristroje.sk\/produkt\/ultimate-recovery-bio-cellulose-mask\/","name":"Medik8 Ultimate Recovery\u2122 Bio-Cellulose Mask - Beauty pr\u00edstroje","isPartOf":{"@id":"https:\/\/www.beautypristroje.sk\/#website"},"primaryImageOfPage":{"@id":"https:\/\/www.beautypristroje.sk\/produkt\/ultimate-recovery-bio-cellulose-mask\/#primaryimage"},"image":{"@id":"https:\/\/www.beautypristroje.sk\/produkt\/ultimate-recovery-bio-cellulose-mask\/#primaryimage"},"thumbnailUrl":"https:\/\/www.beautypristroje.sk\/wp-content\/uploads\/2025\/05\/Copy-of-Ultimate-Recovery-Bio-Cellulose-Mask-B.png","datePublished":"2025-05-13T08:54:32+00:00","dateModified":"2025-12-10T08:46:14+00:00","description":"Medik8 Ultimate Recovery Bio-Cellulose Mask \u2122 6ks bio-celul\u00f3zov\u00e1 maska so zinkom, kyselinou hyalur\u00f3novou a kelpou pre regener\u00e1ciu a obnovu zdravej a hydratovanej poko\u017eky.","breadcrumb":{"@id":"https:\/\/www.beautypristroje.sk\/produkt\/ultimate-recovery-bio-cellulose-mask\/#breadcrumb"},"inLanguage":"en-GB","potentialAction":[{"@type":"ReadAction","target":["https:\/\/www.beautypristroje.sk\/produkt\/ultimate-recovery-bio-cellulose-mask\/"]}]},{"@type":"ImageObject","inLanguage":"en-GB","@id":"https:\/\/www.beautypristroje.sk\/produkt\/ultimate-recovery-bio-cellulose-mask\/#primaryimage","url":"https:\/\/www.beautypristroje.sk\/wp-content\/uploads\/2025\/05\/Copy-of-Ultimate-Recovery-Bio-Cellulose-Mask-B.png","contentUrl":"https:\/\/www.beautypristroje.sk\/wp-content\/uploads\/2025\/05\/Copy-of-Ultimate-Recovery-Bio-Cellulose-Mask-B.png","width":2000,"height":2000,"caption":"Ultimate Recovery\u2122 Bio-Cellulose Mask 6ks \u2013 biocelul\u00f3zov\u00e1 maska so zinkom, kyselinou hyalur\u00f3novou a norskou riasou kelpa pre regener\u00e1ciu poko\u017eky."},{"@type":"BreadcrumbList","@id":"https:\/\/www.beautypristroje.sk\/produkt\/ultimate-recovery-bio-cellulose-mask\/#breadcrumb","itemListElement":[{"@type":"ListItem","position":1,"name":"Domovsk\u00e1 str\u00e1nka","item":"https:\/\/www.beautypristroje.sk\/"},{"@type":"ListItem","position":2,"name":"Obchod","item":"https:\/\/www.beautypristroje.sk\/obchod\/"},{"@type":"ListItem","position":3,"name":"Medik8 Ultimate Recovery\u2122 Bio-Cellulose Mask"}]},{"@type":"WebSite","@id":"https:\/\/www.beautypristroje.sk\/#website","url":"https:\/\/www.beautypristroje.sk\/","name":"Beauty pr\u00edstroje","description":"Profesion\u00e1lne kozmetick\u00e9 pr\u00edstroje pre sal\u00f3ny a kliniky","potentialAction":[{"@type":"SearchAction","target":{"@type":"EntryPoint","urlTemplate":"https:\/\/www.beautypristroje.sk\/?s={search_term_string}"},"query-input":{"@type":"PropertyValueSpecification","valueRequired":true,"valueName":"search_term_string"}}],"inLanguage":"en-GB"}]}},"_links":{"self":[{"href":"https:\/\/www.beautypristroje.sk\/en\/wp-json\/wp\/v2\/product\/937","targetHints":{"allow":["GET"]}}],"collection":[{"href":"https:\/\/www.beautypristroje.sk\/en\/wp-json\/wp\/v2\/product"}],"about":[{"href":"https:\/\/www.beautypristroje.sk\/en\/wp-json\/wp\/v2\/types\/product"}],"replies":[{"embeddable":true,"href":"https:\/\/www.beautypristroje.sk\/en\/wp-json\/wp\/v2\/comments?post=937"}],"wp:featuredmedia":[{"embeddable":true,"href":"https:\/\/www.beautypristroje.sk\/en\/wp-json\/wp\/v2\/media\/939"}],"wp:attachment":[{"href":"https:\/\/www.beautypristroje.sk\/en\/wp-json\/wp\/v2\/media?parent=937"}],"wp:term":[{"taxonomy":"product_brand","embeddable":true,"href":"https:\/\/www.beautypristroje.sk\/en\/wp-json\/wp\/v2\/product_brand?post=937"},{"taxonomy":"product_cat","embeddable":true,"href":"https:\/\/www.beautypristroje.sk\/en\/wp-json\/wp\/v2\/product_cat?post=937"},{"taxonomy":"product_tag","embeddable":true,"href":"https:\/\/www.beautypristroje.sk\/en\/wp-json\/wp\/v2\/product_tag?post=937"}],"curies":[{"name":"wp","href":"https:\/\/api.w.org\/{rel}","templated":true}]}}