{"id":921,"date":"2025-05-13T09:57:18","date_gmt":"2025-05-13T07:57:18","guid":{"rendered":"https:\/\/www.beautypristroje.sk\/?post_type=product&#038;p=921"},"modified":"2025-12-10T09:46:14","modified_gmt":"2025-12-10T08:46:14","slug":"h-e-o-mask","status":"publish","type":"product","link":"https:\/\/www.beautypristroje.sk\/en\/product\/h-e-o-mask\/","title":{"rendered":"Medik8 H.E.O. Mask"},"content":{"rendered":"<p>Prebu\u010fte sa do vidite\u013ene pln\u0161ej, \u017eiarivej\u0161ej a intenz\u00edvne hydratovanej pleti s dvojstup\u0148ovou no\u010dnou maskou Medik8 H.E.O. Mask<\/p>\n<p>Medik8 H.E.O. Mask pristupuje k optim\u00e1lnemu maxim\u00e1lnemu zvlh\u010deniu pleti z vedeck\u00e9ho h\u013eadiska, aby poskytla klinicky preuk\u00e1zan\u00fa hydrat\u00e1ciu pleti, zadr\u017eiavanie vlhkosti a podporu bari\u00e9ry &#8211; okam\u017eite aj postupne.<\/p>\n<p>Tri k\u013e\u00fa\u010dov\u00e9 piliere zvlh\u010dovania &#8211; humektanty, emolienty a okluz\u00edva (H, E a O) &#8211; s\u00fa kombinovan\u00e9 v odborne optimalizovanom pomere, aby dramaticky zlep\u0161ili vzh\u013ead suchosti, mdlosti, jemn\u00fdch vr\u00e1sok a vr\u00e1sok po\u010das sp\u00e1nku. Va\u0161a najm\u00e4k\u0161ia ple\u0165 \u010dak\u00e1.<\/p>\n<h3><strong>V\u00ddHODY<\/strong><\/h3>\n<div class=\"copy\">\n<div class=\"copy\">\n<div class=\"copy\">\n<h5>Klinicky preuk\u00e1zan\u00e1 hydrat\u00e1cia poko\u017eky<\/h5>\n<p>Odborne navrhnut\u00e9 na intenz\u00edvne dodanie a udr\u017eanie hydrat\u00e1cie a\u017e 72 hod\u00edn po pou\u017eit\u00ed.*<\/p>\n<div class=\"metafield-rich_text_field\">\n<p><em>*Klinicky preuk\u00e1zan\u00e9 nez\u00e1vislou \u0161t\u00fadiou na H.E.O. Mask. Testovan\u00e9 na 35 \u00fa\u010dastn\u00edkoch po\u010das 4 t\u00fd\u017ed\u0148ov.<\/em><\/p>\n<\/div>\n<h5>Klinicky preuk\u00e1zan\u00e1 ochrana ko\u017enej bari\u00e9ry<\/h5>\n<\/div>\n<div class=\"copy\">\n<p>Poskytuje klinicky overen\u00fa ochranu proti transepiderm\u00e1lnej strate vody (TEWL), \u010d\u00edm predch\u00e1dza strate hydrat\u00e1cie cez ko\u017en\u00fa bari\u00e9ru.<\/p>\n<h5>Vidite\u013en\u00e9 vyhladenie liniek cez noc<\/h5>\n<\/div>\n<div class=\"copy\">\n<p>V\u00fdrazne zlep\u0161uje vzh\u013ead jemn\u00fdch liniek, vr\u00e1sok, \u0161upinatosti, suchosti a ochabnutia pleti u\u017e po jednej noci.<\/p>\n<h5>Profesion\u00e1lna starostlivos\u0165<\/h5>\n<\/div>\n<div class=\"copy\">\n<p>H.E.O. Mask sa pou\u017e\u00edva v profesion\u00e1lnych o\u0161etreniach po celom svete na dosiahnutie vidite\u013en\u00fdch v\u00fdsledkov proti starnutiu a upokojenie pleti.<\/p>\n<h3><b>K\u013d\u00da\u010cOV\u00c9 ZLO\u017dKY<\/b><\/h3>\n<\/div>\n<\/div>\n<\/div>\n<h5><img decoding=\"async\" class=\"list-item-icon\" src=\"https:\/\/medik8.sk\/cdn\/shop\/files\/PDP_Key_Ingredients_Multi-Weight_Hyaluronic_Acid_Molecule_1.svg?v=1738240623&amp;width=50\" alt=\"Ingredient Icon 1\" width=\"50\" height=\"auto\" \/> Viacmolekul\u00e1rna kyselina hyalur\u00f3nov\u00e1<\/h5>\n<div class=\"copy\">\n<p>H.E.O. Mask obsahuje r\u00f4zne molekulov\u00e9 hmotnosti kyseliny hyalur\u00f3novej (mal\u00e9, stredn\u00e9 a ve\u013ek\u00e9), aby rovnomerne distribuovala h\u013abkov\u00fa hydrat\u00e1ciu do viacer\u00fdch vrstiev poko\u017eky, \u010d\u00edm ju vidite\u013ene vy\u017eivuje a zvl\u00e1\u010d\u0148uje.<\/p>\n<h5><img decoding=\"async\" class=\"list-item-icon\" src=\"https:\/\/medik8.sk\/cdn\/shop\/files\/PDP_Key_Ingredients_Natural_Moisturising_Factors_NMFs_Icon_f1cc7108-a164-45fc-86a2-80d0cbe3cfba.svg?v=1738240597&amp;width=50\" alt=\"Ingredient Icon 2\" width=\"50\" height=\"auto\" \/> Pr\u00edrodn\u00e9 zvlh\u010duj\u00face faktory (NMFs)<\/h5>\n<\/div>\n<div class=\"copy\">\n<p>Jedine\u010dn\u00e1 kombin\u00e1cia pr\u00edrodn\u00fdch komponentov v poko\u017eke (sodn\u00e1 PCA, glycer\u00edn, urea, bielkoviny, cukry, 15 r\u00f4znych aminokysel\u00edn, mlie\u010dna kyselina a kreat\u00edn), ktor\u00e9 via\u017eu a udr\u017euj\u00fa vlhkos\u0165 pre optim\u00e1lnu hydrat\u00e1ciu poko\u017eky.<\/p>\n<h5><img decoding=\"async\" class=\"list-item-icon\" src=\"https:\/\/medik8.sk\/cdn\/shop\/files\/PDP_Key_Ingredients_Ceramides.svg?v=1738240623&amp;width=50\" alt=\"Ingredient Icon 3\" width=\"50\" height=\"auto\" \/> Ceramidy<\/h5>\n<\/div>\n<div class=\"copy\">\n<p>Pr\u00edrodne sa vyskytuj\u00face v ko\u017enej bari\u00e9re, ceramidy napodob\u0148uj\u00fa prirodzen\u00fa lipidov\u00fa bari\u00e9ru, \u010d\u00edm intenz\u00edvne dop\u013a\u0148aj\u00fa a vy\u017eivuj\u00fa ple\u0165.<\/p>\n<h5><img decoding=\"async\" class=\"list-item-icon\" src=\"https:\/\/medik8.sk\/cdn\/shop\/files\/PDP_Key_Ingredients_Squalene_Icon_b1375325-7b49-45b2-b4b4-5343a92574f2.svg?v=1738240596&amp;width=50\" alt=\"Ingredient Icon 4\" width=\"50\" height=\"auto\" \/> Squal\u00e1n<\/h5>\n<\/div>\n<div class=\"copy\">\n<p>Lipid takmer identick\u00fd s pr\u00edrodn\u00fdm lipidom poko\u017eky, ktor\u00fd pom\u00e1ha podporova\u0165 prirodzen\u00fa ko\u017en\u00fa bari\u00e9ru a vy\u017eivuje ple\u0165.<\/p>\n<h5><img decoding=\"async\" class=\"list-item-icon\" src=\"https:\/\/medik8.sk\/cdn\/shop\/files\/PDP_Key_Ingredients_Glycerin_Icon_fd4c1fd1-7d42-4922-8aa5-09a70c44d44b.svg?v=1738240597&amp;width=50\" alt=\"Ingredient Icon 5\" width=\"50\" height=\"auto\" \/>Glycerin<\/h5>\n<\/div>\n<div class=\"copy\">\n<p>Pr\u00edrodn\u00fd humektant, ktor\u00fd zachyt\u00e1va vlhkos\u0165 v poko\u017eke, \u010d\u00edm ju hydratuje a zanech\u00e1va pocit komfortu.<\/p>\n<\/div>\n<h3><strong>AKO POU\u017d\u00cdVA\u0164<\/strong><\/h3>\n<p>Po \u010disten\u00ed aplikujte ako posledn\u00fd krok vo va\u0161ej ve\u010dernej starostlivosti o ple\u0165. Naneste mno\u017estvo ve\u013ekosti mandle\u00a0 H.E.O. Mask na tv\u00e1r, krk a dekolt &#8211; vyhnite sa o\u010dn\u00e9mu okoliu.<\/p>\n<p>Nechajte vstreb\u00e1va\u0165 nieko\u013eko min\u00fat, potom jemne vmas\u00edrujte mno\u017estvo ve\u013ekosti mandle H.E.O. Mask na rovnak\u00e9 oblasti. Nechajte p\u00f4sobi\u0165 cez noc.<\/p>\n<p>Pou\u017e\u00edvajte 2-3 kr\u00e1t t\u00fd\u017edenne alebo pod\u013ea potreby.<\/p>\n<h3><strong>OBSAH BALENIA<\/strong><\/h3>\n<p>Balenie s obsahom 2 x 50ml produktu.<\/p>\n<h3><strong>ZLO\u017dENIE<\/strong><\/h3>\n<p>H.E.O. Mask Cream: Aqua (Water), Squalane, Dimethicone, Caprylic\/Capric Triglyceride, Stearic Acid, Glyceryl Stearate, PPG-12\/SMDI Copolymer, Behenyl Alcohol, Cetearyl Olivate, Phenoxyethanol, Linoleic Acid, Ceramide NP, C12-16 Alcohols, Hydroxyethyl Acrylate\/Sodium Acryloyldimethyl Taurate Copolymer, Sorbitan Olivate, Xanthan Gum, Palmitic Acid, Sodium Hydroxide, Ethylhexylglycerin, Hydrogenated Lecithin, Lactic Acid, 1-Methylhydantoin-2-Imide, Acetyl Glucosamine, Polysorbate 60, Sorbitan Isostearate.<br \/>\nH.E.O. Mask Gel: Aqua (Water), Glycerin, Saccharide Isomerate, Aloe Barbadensis (Aloe Vera) Leaf Juice, Glyceryl Glucoside, Urea, Acrylates\/C10-30 Alkyl Acrylate Crosspolymer, Butylene Glycol, Sodium Hyaluronate, Phenoxyethanol, Sodium Hydroxide, Ethylhexylglycerin, Allantoin, Sodium PCA, Citric Acid, Sodium Citrate, Crambe Maritima (Sea Kale) Leaf Extract, Maltodextrin, Potassium Sorbate, Sodium Benzoate, Hydrolyzed Gardenia Florida Extract.<\/p>\n<p>*Aj ke\u010f sa sna\u017e\u00edme zaisti\u0165 presnos\u0165 tohto zoznamu zlo\u017eiek, niekedy m\u00f4\u017ee d\u00f4js\u0165 k vylep\u0161eniam produktu alebo k miernym rozdielom medzi r\u00f4znymi regi\u00f3nmi na z\u00e1klade miestnych z\u00e1konov. Jedin\u00fd definit\u00edvny zoznam zlo\u017eiek je preto ten, ktor\u00fd je vytla\u010den\u00fd na obale produktu.<\/p>","protected":false},"excerpt":{"rendered":"<p>2 x 50ml<\/p>\n<p>Dvojkrokov\u00e1. nezm\u00fdvate\u013en\u00e1 hydrata\u010dn\u00e1 maska na noc<br \/>\nHumektanty, emolienty, okluz\u00edva<\/p>","protected":false},"featured_media":923,"comment_status":"open","ping_status":"closed","template":"","meta":{"_acf_changed":false},"product_brand":[77],"product_cat":[75,26],"product_tag":[],"class_list":{"0":"post-921","1":"product","2":"type-product","3":"status-publish","4":"has-post-thumbnail","6":"product_brand-medik8","7":"product_cat-kremy-a-sera","8":"product_cat-skincare-produkty","10":"first","11":"instock","12":"taxable","13":"shipping-taxable","14":"purchasable","15":"product-type-simple"},"acf":[],"yoast_head":"<!-- This site is optimized with the Yoast SEO plugin v27.6 - https:\/\/yoast.com\/product\/yoast-seo-wordpress\/ -->\n<title>Medik8 H.E.O. Mask - Beauty pr\u00edstroje<\/title>\n<meta name=\"description\" content=\"Medik8 H.E.O. Mask 2x50ml je no\u010dn\u00e1 nezm\u00fdvate\u013en\u00e1 maska, ktor\u00e1 intenz\u00edvne hydratuje ple\u0165 pomocou humektantov, emolientov a okluz\u00edv pre regener\u00e1ciu a komfort.\" \/>\n<meta name=\"robots\" content=\"index, follow, max-snippet:-1, max-image-preview:large, max-video-preview:-1\" \/>\n<link rel=\"canonical\" href=\"https:\/\/www.beautypristroje.sk\/en\/product\/h-e-o-mask\/\" \/>\n<meta property=\"og:locale\" content=\"en_GB\" \/>\n<meta property=\"og:type\" content=\"article\" \/>\n<meta property=\"og:title\" content=\"Medik8 H.E.O. Mask - Beauty pr\u00edstroje\" \/>\n<meta property=\"og:description\" content=\"Medik8 H.E.O. Mask 2x50ml je no\u010dn\u00e1 nezm\u00fdvate\u013en\u00e1 maska, ktor\u00e1 intenz\u00edvne hydratuje ple\u0165 pomocou humektantov, emolientov a okluz\u00edv pre regener\u00e1ciu a komfort.\" \/>\n<meta property=\"og:url\" content=\"https:\/\/www.beautypristroje.sk\/en\/product\/h-e-o-mask\/\" \/>\n<meta property=\"og:site_name\" content=\"Beauty pr\u00edstroje\" \/>\n<meta property=\"article:modified_time\" content=\"2025-12-10T08:46:14+00:00\" \/>\n<meta property=\"og:image\" content=\"https:\/\/www.beautypristroje.sk\/wp-content\/uploads\/2025\/05\/Copy-of-H.E.O-Mask-B.png\" \/>\n\t<meta property=\"og:image:width\" content=\"2000\" \/>\n\t<meta property=\"og:image:height\" content=\"2000\" \/>\n\t<meta property=\"og:image:type\" content=\"image\/png\" \/>\n<meta name=\"twitter:card\" content=\"summary_large_image\" \/>\n<meta name=\"twitter:label1\" content=\"Estimated reading time\" \/>\n\t<meta name=\"twitter:data1\" content=\"4 minutes\" \/>\n<script type=\"application\/ld+json\" class=\"yoast-schema-graph\">{\"@context\":\"https:\\\/\\\/schema.org\",\"@graph\":[{\"@type\":\"WebPage\",\"@id\":\"https:\\\/\\\/www.beautypristroje.sk\\\/produkt\\\/h-e-o-mask\\\/\",\"url\":\"https:\\\/\\\/www.beautypristroje.sk\\\/produkt\\\/h-e-o-mask\\\/\",\"name\":\"Medik8 H.E.O. Mask - Beauty pr\u00edstroje\",\"isPartOf\":{\"@id\":\"https:\\\/\\\/www.beautypristroje.sk\\\/#website\"},\"primaryImageOfPage\":{\"@id\":\"https:\\\/\\\/www.beautypristroje.sk\\\/produkt\\\/h-e-o-mask\\\/#primaryimage\"},\"image\":{\"@id\":\"https:\\\/\\\/www.beautypristroje.sk\\\/produkt\\\/h-e-o-mask\\\/#primaryimage\"},\"thumbnailUrl\":\"https:\\\/\\\/www.beautypristroje.sk\\\/wp-content\\\/uploads\\\/2025\\\/05\\\/Copy-of-H.E.O-Mask-B.png\",\"datePublished\":\"2025-05-13T07:57:18+00:00\",\"dateModified\":\"2025-12-10T08:46:14+00:00\",\"description\":\"Medik8 H.E.O. Mask 2x50ml je no\u010dn\u00e1 nezm\u00fdvate\u013en\u00e1 maska, ktor\u00e1 intenz\u00edvne hydratuje ple\u0165 pomocou humektantov, emolientov a okluz\u00edv pre regener\u00e1ciu a komfort.\",\"breadcrumb\":{\"@id\":\"https:\\\/\\\/www.beautypristroje.sk\\\/produkt\\\/h-e-o-mask\\\/#breadcrumb\"},\"inLanguage\":\"en-GB\",\"potentialAction\":[{\"@type\":\"ReadAction\",\"target\":[\"https:\\\/\\\/www.beautypristroje.sk\\\/produkt\\\/h-e-o-mask\\\/\"]}]},{\"@type\":\"ImageObject\",\"inLanguage\":\"en-GB\",\"@id\":\"https:\\\/\\\/www.beautypristroje.sk\\\/produkt\\\/h-e-o-mask\\\/#primaryimage\",\"url\":\"https:\\\/\\\/www.beautypristroje.sk\\\/wp-content\\\/uploads\\\/2025\\\/05\\\/Copy-of-H.E.O-Mask-B.png\",\"contentUrl\":\"https:\\\/\\\/www.beautypristroje.sk\\\/wp-content\\\/uploads\\\/2025\\\/05\\\/Copy-of-H.E.O-Mask-B.png\",\"width\":2000,\"height\":2000,\"caption\":\"H.E.O. Mask 2 x 50ml \u2013 dvojkrokov\u00e1 nezm\u00fdvate\u013en\u00e1 no\u010dn\u00e1 hydrata\u010dn\u00e1 maska s humektantmi, emolientmi a okluz\u00edvami pre intenz\u00edvnu regener\u00e1ciu pleti.\"},{\"@type\":\"BreadcrumbList\",\"@id\":\"https:\\\/\\\/www.beautypristroje.sk\\\/produkt\\\/h-e-o-mask\\\/#breadcrumb\",\"itemListElement\":[{\"@type\":\"ListItem\",\"position\":1,\"name\":\"Domovsk\u00e1 str\u00e1nka\",\"item\":\"https:\\\/\\\/www.beautypristroje.sk\\\/\"},{\"@type\":\"ListItem\",\"position\":2,\"name\":\"Obchod\",\"item\":\"https:\\\/\\\/www.beautypristroje.sk\\\/obchod\\\/\"},{\"@type\":\"ListItem\",\"position\":3,\"name\":\"Medik8 H.E.O. Mask\"}]},{\"@type\":\"WebSite\",\"@id\":\"https:\\\/\\\/www.beautypristroje.sk\\\/#website\",\"url\":\"https:\\\/\\\/www.beautypristroje.sk\\\/\",\"name\":\"Beauty pr\u00edstroje\",\"description\":\"Profesion\u00e1lne kozmetick\u00e9 pr\u00edstroje pre sal\u00f3ny a kliniky\",\"potentialAction\":[{\"@type\":\"SearchAction\",\"target\":{\"@type\":\"EntryPoint\",\"urlTemplate\":\"https:\\\/\\\/www.beautypristroje.sk\\\/?s={search_term_string}\"},\"query-input\":{\"@type\":\"PropertyValueSpecification\",\"valueRequired\":true,\"valueName\":\"search_term_string\"}}],\"inLanguage\":\"en-GB\"}]}<\/script>\n<!-- \/ Yoast SEO plugin. -->","yoast_head_json":{"title":"Medik8 H.E.O. Mask - Beauty pr\u00edstroje","description":"Medik8 H.E.O. Mask 2x50ml je no\u010dn\u00e1 nezm\u00fdvate\u013en\u00e1 maska, ktor\u00e1 intenz\u00edvne hydratuje ple\u0165 pomocou humektantov, emolientov a okluz\u00edv pre regener\u00e1ciu a komfort.","robots":{"index":"index","follow":"follow","max-snippet":"max-snippet:-1","max-image-preview":"max-image-preview:large","max-video-preview":"max-video-preview:-1"},"canonical":"https:\/\/www.beautypristroje.sk\/en\/product\/h-e-o-mask\/","og_locale":"en_GB","og_type":"article","og_title":"Medik8 H.E.O. Mask - Beauty pr\u00edstroje","og_description":"Medik8 H.E.O. Mask 2x50ml je no\u010dn\u00e1 nezm\u00fdvate\u013en\u00e1 maska, ktor\u00e1 intenz\u00edvne hydratuje ple\u0165 pomocou humektantov, emolientov a okluz\u00edv pre regener\u00e1ciu a komfort.","og_url":"https:\/\/www.beautypristroje.sk\/en\/product\/h-e-o-mask\/","og_site_name":"Beauty pr\u00edstroje","article_modified_time":"2025-12-10T08:46:14+00:00","og_image":[{"width":2000,"height":2000,"url":"https:\/\/www.beautypristroje.sk\/wp-content\/uploads\/2025\/05\/Copy-of-H.E.O-Mask-B.png","type":"image\/png"}],"twitter_card":"summary_large_image","twitter_misc":{"Estimated reading time":"4 minutes"},"schema":{"@context":"https:\/\/schema.org","@graph":[{"@type":"WebPage","@id":"https:\/\/www.beautypristroje.sk\/produkt\/h-e-o-mask\/","url":"https:\/\/www.beautypristroje.sk\/produkt\/h-e-o-mask\/","name":"Medik8 H.E.O. Mask - Beauty pr\u00edstroje","isPartOf":{"@id":"https:\/\/www.beautypristroje.sk\/#website"},"primaryImageOfPage":{"@id":"https:\/\/www.beautypristroje.sk\/produkt\/h-e-o-mask\/#primaryimage"},"image":{"@id":"https:\/\/www.beautypristroje.sk\/produkt\/h-e-o-mask\/#primaryimage"},"thumbnailUrl":"https:\/\/www.beautypristroje.sk\/wp-content\/uploads\/2025\/05\/Copy-of-H.E.O-Mask-B.png","datePublished":"2025-05-13T07:57:18+00:00","dateModified":"2025-12-10T08:46:14+00:00","description":"Medik8 H.E.O. Mask 2x50ml je no\u010dn\u00e1 nezm\u00fdvate\u013en\u00e1 maska, ktor\u00e1 intenz\u00edvne hydratuje ple\u0165 pomocou humektantov, emolientov a okluz\u00edv pre regener\u00e1ciu a komfort.","breadcrumb":{"@id":"https:\/\/www.beautypristroje.sk\/produkt\/h-e-o-mask\/#breadcrumb"},"inLanguage":"en-GB","potentialAction":[{"@type":"ReadAction","target":["https:\/\/www.beautypristroje.sk\/produkt\/h-e-o-mask\/"]}]},{"@type":"ImageObject","inLanguage":"en-GB","@id":"https:\/\/www.beautypristroje.sk\/produkt\/h-e-o-mask\/#primaryimage","url":"https:\/\/www.beautypristroje.sk\/wp-content\/uploads\/2025\/05\/Copy-of-H.E.O-Mask-B.png","contentUrl":"https:\/\/www.beautypristroje.sk\/wp-content\/uploads\/2025\/05\/Copy-of-H.E.O-Mask-B.png","width":2000,"height":2000,"caption":"H.E.O. Mask 2 x 50ml \u2013 dvojkrokov\u00e1 nezm\u00fdvate\u013en\u00e1 no\u010dn\u00e1 hydrata\u010dn\u00e1 maska s humektantmi, emolientmi a okluz\u00edvami pre intenz\u00edvnu regener\u00e1ciu pleti."},{"@type":"BreadcrumbList","@id":"https:\/\/www.beautypristroje.sk\/produkt\/h-e-o-mask\/#breadcrumb","itemListElement":[{"@type":"ListItem","position":1,"name":"Domovsk\u00e1 str\u00e1nka","item":"https:\/\/www.beautypristroje.sk\/"},{"@type":"ListItem","position":2,"name":"Obchod","item":"https:\/\/www.beautypristroje.sk\/obchod\/"},{"@type":"ListItem","position":3,"name":"Medik8 H.E.O. Mask"}]},{"@type":"WebSite","@id":"https:\/\/www.beautypristroje.sk\/#website","url":"https:\/\/www.beautypristroje.sk\/","name":"Beauty pr\u00edstroje","description":"Profesion\u00e1lne kozmetick\u00e9 pr\u00edstroje pre sal\u00f3ny a kliniky","potentialAction":[{"@type":"SearchAction","target":{"@type":"EntryPoint","urlTemplate":"https:\/\/www.beautypristroje.sk\/?s={search_term_string}"},"query-input":{"@type":"PropertyValueSpecification","valueRequired":true,"valueName":"search_term_string"}}],"inLanguage":"en-GB"}]}},"_links":{"self":[{"href":"https:\/\/www.beautypristroje.sk\/en\/wp-json\/wp\/v2\/product\/921","targetHints":{"allow":["GET"]}}],"collection":[{"href":"https:\/\/www.beautypristroje.sk\/en\/wp-json\/wp\/v2\/product"}],"about":[{"href":"https:\/\/www.beautypristroje.sk\/en\/wp-json\/wp\/v2\/types\/product"}],"replies":[{"embeddable":true,"href":"https:\/\/www.beautypristroje.sk\/en\/wp-json\/wp\/v2\/comments?post=921"}],"wp:featuredmedia":[{"embeddable":true,"href":"https:\/\/www.beautypristroje.sk\/en\/wp-json\/wp\/v2\/media\/923"}],"wp:attachment":[{"href":"https:\/\/www.beautypristroje.sk\/en\/wp-json\/wp\/v2\/media?parent=921"}],"wp:term":[{"taxonomy":"product_brand","embeddable":true,"href":"https:\/\/www.beautypristroje.sk\/en\/wp-json\/wp\/v2\/product_brand?post=921"},{"taxonomy":"product_cat","embeddable":true,"href":"https:\/\/www.beautypristroje.sk\/en\/wp-json\/wp\/v2\/product_cat?post=921"},{"taxonomy":"product_tag","embeddable":true,"href":"https:\/\/www.beautypristroje.sk\/en\/wp-json\/wp\/v2\/product_tag?post=921"}],"curies":[{"name":"wp","href":"https:\/\/api.w.org\/{rel}","templated":true}]}}