{"id":915,"date":"2025-05-13T09:53:26","date_gmt":"2025-05-13T07:53:26","guid":{"rendered":"https:\/\/www.beautypristroje.sk\/?post_type=product&#038;p=915"},"modified":"2025-12-10T09:46:14","modified_gmt":"2025-12-10T08:46:14","slug":"calmwise-colour-correct","status":"publish","type":"product","link":"https:\/\/www.beautypristroje.sk\/en\/product\/calmwise-colour-correct\/","title":{"rendered":"Medik8 Calmwise\u2122 Colour Correct"},"content":{"rendered":"<p>Rie\u0161te vidite\u013en\u00e9 zn\u00e1mky za\u010dervenania a starnutia poko\u017eky naraz s Medik8 Calmwise Colour Correct .<\/p>\n<p>Upokojuje poko\u017eku u\u017e sekundy po aplik\u00e1cii, t\u00e1to zelen\u00e1 t\u00f3novan\u00e1 formula neutralizuje vzh\u013ead za\u010dervenania a z\u00e1rove\u0148 zni\u017euje citlivos\u0165 poko\u017eky pre vidite\u013ene upokojen\u00fd a rovnomern\u00fd t\u00f3n pleti.<\/p>\n<p>Z\u00e1rove\u0148, v\u010faka obsahu bakuchiolu, pon\u00faka jemn\u00e9, ale \u00fa\u010dinn\u00e9 v\u00fdsledky podobn\u00e9 retinolu, ktor\u00e9 vyhladzuj\u00fa ple\u0165.<\/p>\n<p>Perfektn\u00e9 na pou\u017eitie samostatne alebo ako podklad pod make-up.<\/p>\n<h3><strong>V\u00ddHODY<\/strong><\/h3>\n<div class=\"copy\">\n<div class=\"copy\">\n<div class=\"copy\">\n<h5>Vidite\u013en\u00e9 zn\u00ed\u017eenie za\u010dervenania<\/h5>\n<p>Zelen\u00e9 miner\u00e1lne pigmenty sa dokonale splyn\u00fa s ple\u0165ou a pom\u00e1haj\u00fa neutralizova\u0165 za\u010dervenanie.<\/p>\n<h5>Zn\u00ed\u017eenie citlivosti<\/h5>\n<\/div>\n<div class=\"copy\">\n<p>Efekt\u00edvne upokojuje vidite\u013en\u00e9 z\u00e1paly a podr\u00e1\u017edenie, pri\u010dom pom\u00e1ha predch\u00e1dza\u0165 \u010fal\u0161ej citlivosti.<\/p>\n<h5>Vidite\u013ene hlad\u0161ia a mladistvej\u0161ia ple\u0165<\/h5>\n<\/div>\n<div class=\"copy\">\n<p>Prin\u00e1\u0161a vidite\u013en\u00e9 vyhladenie a spevnenie pleti pre mladistv\u00fd vzh\u013ead.<\/p>\n<h5>Jednoduch\u00e9 ka\u017edodenn\u00e9 pou\u017eitie<\/h5>\n<\/div>\n<div class=\"copy\">\n<p>M\u00f4\u017ee sa pou\u017e\u00edva\u0165 samostatne alebo ako dokonal\u00e1 vyhladzuj\u00faca a neutraliza\u010dn\u00e1 b\u00e1za pod make-up.<\/p>\n<h3><b>K\u013d\u00da\u010cOV\u00c9 ZLO\u017dKY<\/b><\/h3>\n<\/div>\n<\/div>\n<\/div>\n<h5><img decoding=\"async\" class=\"list-item-icon\" src=\"https:\/\/medik8.sk\/cdn\/shop\/files\/PDP_Key_Ingredients_Bakuchiol.svg?v=1738240623&amp;width=50\" alt=\"Ingredient Icon 1\" width=\"50\" height=\"auto\" \/> Bakuchiol (0.5%)<\/h5>\n<div class=\"copy\">\n<p>Rastlinn\u00e1 alternat\u00edva retinolu, ktor\u00e1 podporuje tvorbu kolag\u00e9nu a elast\u00ednu. Pom\u00e1ha vyhladzova\u0165 jemn\u00e9 linky a vr\u00e1sky a je ide\u00e1lny pre t\u00fdch, ktor\u00ed nem\u00f4\u017eu pou\u017e\u00edva\u0165 vitam\u00edn A.<\/p>\n<h5><img decoding=\"async\" class=\"list-item-icon\" src=\"https:\/\/medik8.sk\/cdn\/shop\/files\/PDP_Key_Ingredients_Chamomile_1.svg?v=1738240623&amp;width=50\" alt=\"Ingredient Icon 2\" width=\"50\" height=\"auto\" \/> Extrakt z harman\u010deka<\/h5>\n<\/div>\n<div class=\"copy\">\n<p>Pom\u00e1ha upokoji\u0165 podr\u00e1\u017eden\u00fa poko\u017eku a zmierni\u0165 za\u010dervenanie.<\/p>\n<h5><img decoding=\"async\" class=\"list-item-icon\" src=\"https:\/\/medik8.sk\/cdn\/shop\/files\/PDP_Key_Ingredients_Niacinimide_1.svg?v=1738240623&amp;width=50\" alt=\"Ingredient Icon 3\" width=\"50\" height=\"auto\" \/>Niacinamide<\/h5>\n<\/div>\n<div class=\"copy\">\n<p>S vynikaj\u00facimi protiz\u00e1palov\u00fdmi vlastnos\u0165ami pom\u00e1ha vidite\u013ene upokoji\u0165 a obnovi\u0165 podr\u00e1\u017eden\u00fa, na za\u010dervenanie n\u00e1chyln\u00fa ple\u0165 pre pokojnej\u0161\u00ed a vyv\u00e1\u017eenej\u0161\u00ed vzh\u013ead.<\/p>\n<h5><img decoding=\"async\" class=\"list-item-icon\" src=\"https:\/\/medik8.sk\/cdn\/shop\/files\/PDP_Key_Ingredients_Green_Mineral_Pigments.svg?v=1738240643&amp;width=50\" alt=\"Ingredient Icon 4\" width=\"50\" height=\"auto\" \/> Zelen\u00e9 miner\u00e1lne pigmenty<\/h5>\n<\/div>\n<div class=\"copy\">\n<p>Efekt\u00edvne neutralizuj\u00fa vidite\u013en\u00e9 za\u010dervenanie poko\u017eky.<\/p>\n<\/div>\n<h3><strong>AKO POU\u017d\u00cdVA\u0164<\/strong><\/h3>\n<p>Po vy\u010disten\u00ed pleti a aplik\u00e1cii s\u00e9ra r\u00e1no a ve\u010der naneste mal\u00e9 mno\u017estvo na tv\u00e1r, krk a dekolt \u2013 vyhnite sa citlivej oblasti okolo o\u010d\u00ed. Jemn\u00fdmi, nahor smeruj\u00facimi \u0165ahmi vmas\u00edrujte do poko\u017eky a nechajte vstreba\u0165. Potom m\u00f4\u017eete aplikova\u0165 make-up.<\/p>\n<h6>POZN\u00c1MKA<\/h6>\n<p>Na citliv\u00fdch miestach jemne vklepte produkt do poko\u017eky.<\/p>\n<h3><strong>OBSAH BALENIA<\/strong><\/h3>\n<p>Balenie s pumpi\u010dkov\u00fdm aplik\u00e1torom a obsahom 50ml kr\u00e9mu.<\/p>\n<h3><strong>ZLO\u017dENIE<\/strong><\/h3>\n<p>Aqua (Water), Niacinamide, C12-15 Alkyl Benzoate, Caprylic\/Capric Triglyceride, Polysorbate 80, Glycerin, Isododecane, Cetyl Alcohol, Glyceryl Stearate, Carbomer, Benzyl Alcohol, Bakuchiol, PEG-75 Stearate, Ceteth-20, Steareth-20, Bisabolol, Caffeine, Quaternium-90 Bentonite, Lecithin, Sodium Hydroxide, Potassium Chloride, Silybin, Dehydroacetic Acid, Benzoic Acid, Avena Sativa (Oat) Kernel Extract, Camellia Sinensis (Green Tea) Leaf Extract, Sorbic Acid, Propylene Carbonate, Aloe Barbadensis (Aloe Vera) Leaf Juice, Disodium EDTA, Potassium Sorbate, Tocopherol, Sodium Benzoate, Butylene Glycol, Potassium Azeloyl Diglycinate, Dextran, Palmitoyl Tripeptide-8, CI 77891 (Titanium Dioxide), CI 77289 (Chromium Hydroxide Green), CI 19140 (Yellow 5 Lake), CI 42090 (Blue 1 Lake).<\/p>\n<p>*Aj ke\u010f sa sna\u017e\u00edme zaisti\u0165 presnos\u0165 tohto zoznamu zlo\u017eiek, niekedy m\u00f4\u017ee d\u00f4js\u0165 k vylep\u0161eniam produktu alebo k miernym rozdielom medzi r\u00f4znymi regi\u00f3nmi na z\u00e1klade miestnych z\u00e1konov. Jedin\u00fd definit\u00edvny zoznam zlo\u017eiek je preto ten, ktor\u00fd je vytla\u010den\u00fd na obale produktu.<\/p>","protected":false},"excerpt":{"rendered":"<p>50ml<\/p>\n<p>Hydrata\u010dn\u00ed kr\u00e9m k redukci zarudnut\u00ed<br \/>\nExtrakt z he\u0159m\u00e1nku, \u0159imbaby, kryc\u00ed zelen\u00e9 pigmenty, niacinamid, bakuchiol<\/p>","protected":false},"featured_media":917,"comment_status":"open","ping_status":"closed","template":"","meta":{"_acf_changed":false},"product_brand":[77],"product_cat":[75,26],"product_tag":[],"class_list":{"0":"post-915","1":"product","2":"type-product","3":"status-publish","4":"has-post-thumbnail","6":"product_brand-medik8","7":"product_cat-kremy-a-sera","8":"product_cat-skincare-produkty","10":"first","11":"instock","12":"taxable","13":"shipping-taxable","14":"purchasable","15":"product-type-simple"},"acf":[],"yoast_head":"<!-- This site is optimized with the Yoast SEO plugin v27.6 - https:\/\/yoast.com\/product\/yoast-seo-wordpress\/ -->\n<title>Medik8 Calmwise\u2122 Colour Correct - Beauty pr\u00edstroje<\/title>\n<meta name=\"description\" content=\"Medik8 Calmwise Colour Correct 50ml hydratuje a redukuje za\u010dervenanie pleti s harmonick\u00fdm mixom harman\u010deka, niac\u00ednamidu, bakuchiolu a kryc\u00edch zelen\u00fdch pigmentov.\" \/>\n<meta name=\"robots\" content=\"index, follow, max-snippet:-1, max-image-preview:large, max-video-preview:-1\" \/>\n<link rel=\"canonical\" href=\"https:\/\/www.beautypristroje.sk\/en\/product\/calmwise-colour-correct\/\" \/>\n<meta property=\"og:locale\" content=\"en_GB\" \/>\n<meta property=\"og:type\" content=\"article\" \/>\n<meta property=\"og:title\" content=\"Medik8 Calmwise\u2122 Colour Correct - Beauty pr\u00edstroje\" \/>\n<meta property=\"og:description\" content=\"Medik8 Calmwise Colour Correct 50ml hydratuje a redukuje za\u010dervenanie pleti s harmonick\u00fdm mixom harman\u010deka, niac\u00ednamidu, bakuchiolu a kryc\u00edch zelen\u00fdch pigmentov.\" \/>\n<meta property=\"og:url\" content=\"https:\/\/www.beautypristroje.sk\/en\/product\/calmwise-colour-correct\/\" \/>\n<meta property=\"og:site_name\" content=\"Beauty pr\u00edstroje\" \/>\n<meta property=\"article:modified_time\" content=\"2025-12-10T08:46:14+00:00\" \/>\n<meta property=\"og:image\" content=\"https:\/\/www.beautypristroje.sk\/wp-content\/uploads\/2025\/05\/Copy-of-Calmwise-Colour-Correct-B-1024x1024.png\" \/>\n\t<meta property=\"og:image:width\" content=\"1024\" \/>\n\t<meta property=\"og:image:height\" content=\"1024\" \/>\n\t<meta property=\"og:image:type\" content=\"image\/png\" \/>\n<meta name=\"twitter:card\" content=\"summary_large_image\" \/>\n<meta name=\"twitter:label1\" content=\"Estimated reading time\" \/>\n\t<meta name=\"twitter:data1\" content=\"4 minutes\" \/>\n<script type=\"application\/ld+json\" class=\"yoast-schema-graph\">{\"@context\":\"https:\\\/\\\/schema.org\",\"@graph\":[{\"@type\":\"WebPage\",\"@id\":\"https:\\\/\\\/www.beautypristroje.sk\\\/produkt\\\/calmwise-colour-correct\\\/\",\"url\":\"https:\\\/\\\/www.beautypristroje.sk\\\/produkt\\\/calmwise-colour-correct\\\/\",\"name\":\"Medik8 Calmwise\u2122 Colour Correct - Beauty pr\u00edstroje\",\"isPartOf\":{\"@id\":\"https:\\\/\\\/www.beautypristroje.sk\\\/#website\"},\"primaryImageOfPage\":{\"@id\":\"https:\\\/\\\/www.beautypristroje.sk\\\/produkt\\\/calmwise-colour-correct\\\/#primaryimage\"},\"image\":{\"@id\":\"https:\\\/\\\/www.beautypristroje.sk\\\/produkt\\\/calmwise-colour-correct\\\/#primaryimage\"},\"thumbnailUrl\":\"https:\\\/\\\/www.beautypristroje.sk\\\/wp-content\\\/uploads\\\/2025\\\/05\\\/Copy-of-Calmwise-Colour-Correct-B.png\",\"datePublished\":\"2025-05-13T07:53:26+00:00\",\"dateModified\":\"2025-12-10T08:46:14+00:00\",\"description\":\"Medik8 Calmwise Colour Correct 50ml hydratuje a redukuje za\u010dervenanie pleti s harmonick\u00fdm mixom harman\u010deka, niac\u00ednamidu, bakuchiolu a kryc\u00edch zelen\u00fdch pigmentov.\",\"breadcrumb\":{\"@id\":\"https:\\\/\\\/www.beautypristroje.sk\\\/produkt\\\/calmwise-colour-correct\\\/#breadcrumb\"},\"inLanguage\":\"en-GB\",\"potentialAction\":[{\"@type\":\"ReadAction\",\"target\":[\"https:\\\/\\\/www.beautypristroje.sk\\\/produkt\\\/calmwise-colour-correct\\\/\"]}]},{\"@type\":\"ImageObject\",\"inLanguage\":\"en-GB\",\"@id\":\"https:\\\/\\\/www.beautypristroje.sk\\\/produkt\\\/calmwise-colour-correct\\\/#primaryimage\",\"url\":\"https:\\\/\\\/www.beautypristroje.sk\\\/wp-content\\\/uploads\\\/2025\\\/05\\\/Copy-of-Calmwise-Colour-Correct-B.png\",\"contentUrl\":\"https:\\\/\\\/www.beautypristroje.sk\\\/wp-content\\\/uploads\\\/2025\\\/05\\\/Copy-of-Calmwise-Colour-Correct-B.png\",\"width\":2000,\"height\":2000,\"caption\":\"Calmwise\u2122 Colour Correct 50ml \u2013 hydrata\u010dn\u00fd kr\u00e9m na redukciu za\u010dervenania s extraktom z harman\u010deka, rimbaby, zelen\u00fdmi kryc\u00edmi pigmentmi, niac\u00ednamidom a bakuchiolom.\"},{\"@type\":\"BreadcrumbList\",\"@id\":\"https:\\\/\\\/www.beautypristroje.sk\\\/produkt\\\/calmwise-colour-correct\\\/#breadcrumb\",\"itemListElement\":[{\"@type\":\"ListItem\",\"position\":1,\"name\":\"Domovsk\u00e1 str\u00e1nka\",\"item\":\"https:\\\/\\\/www.beautypristroje.sk\\\/\"},{\"@type\":\"ListItem\",\"position\":2,\"name\":\"Obchod\",\"item\":\"https:\\\/\\\/www.beautypristroje.sk\\\/obchod\\\/\"},{\"@type\":\"ListItem\",\"position\":3,\"name\":\"Medik8 Calmwise\u2122 Colour Correct\"}]},{\"@type\":\"WebSite\",\"@id\":\"https:\\\/\\\/www.beautypristroje.sk\\\/#website\",\"url\":\"https:\\\/\\\/www.beautypristroje.sk\\\/\",\"name\":\"Beauty pr\u00edstroje\",\"description\":\"Profesion\u00e1lne kozmetick\u00e9 pr\u00edstroje pre sal\u00f3ny a kliniky\",\"potentialAction\":[{\"@type\":\"SearchAction\",\"target\":{\"@type\":\"EntryPoint\",\"urlTemplate\":\"https:\\\/\\\/www.beautypristroje.sk\\\/?s={search_term_string}\"},\"query-input\":{\"@type\":\"PropertyValueSpecification\",\"valueRequired\":true,\"valueName\":\"search_term_string\"}}],\"inLanguage\":\"en-GB\"}]}<\/script>\n<!-- \/ Yoast SEO plugin. -->","yoast_head_json":{"title":"Medik8 Calmwise\u2122 Colour Correct - Beauty pr\u00edstroje","description":"Medik8 Calmwise Colour Correct 50ml hydratuje a redukuje za\u010dervenanie pleti s harmonick\u00fdm mixom harman\u010deka, niac\u00ednamidu, bakuchiolu a kryc\u00edch zelen\u00fdch pigmentov.","robots":{"index":"index","follow":"follow","max-snippet":"max-snippet:-1","max-image-preview":"max-image-preview:large","max-video-preview":"max-video-preview:-1"},"canonical":"https:\/\/www.beautypristroje.sk\/en\/product\/calmwise-colour-correct\/","og_locale":"en_GB","og_type":"article","og_title":"Medik8 Calmwise\u2122 Colour Correct - Beauty pr\u00edstroje","og_description":"Medik8 Calmwise Colour Correct 50ml hydratuje a redukuje za\u010dervenanie pleti s harmonick\u00fdm mixom harman\u010deka, niac\u00ednamidu, bakuchiolu a kryc\u00edch zelen\u00fdch pigmentov.","og_url":"https:\/\/www.beautypristroje.sk\/en\/product\/calmwise-colour-correct\/","og_site_name":"Beauty pr\u00edstroje","article_modified_time":"2025-12-10T08:46:14+00:00","og_image":[{"width":1024,"height":1024,"url":"https:\/\/www.beautypristroje.sk\/wp-content\/uploads\/2025\/05\/Copy-of-Calmwise-Colour-Correct-B-1024x1024.png","type":"image\/png"}],"twitter_card":"summary_large_image","twitter_misc":{"Estimated reading time":"4 minutes"},"schema":{"@context":"https:\/\/schema.org","@graph":[{"@type":"WebPage","@id":"https:\/\/www.beautypristroje.sk\/produkt\/calmwise-colour-correct\/","url":"https:\/\/www.beautypristroje.sk\/produkt\/calmwise-colour-correct\/","name":"Medik8 Calmwise\u2122 Colour Correct - Beauty pr\u00edstroje","isPartOf":{"@id":"https:\/\/www.beautypristroje.sk\/#website"},"primaryImageOfPage":{"@id":"https:\/\/www.beautypristroje.sk\/produkt\/calmwise-colour-correct\/#primaryimage"},"image":{"@id":"https:\/\/www.beautypristroje.sk\/produkt\/calmwise-colour-correct\/#primaryimage"},"thumbnailUrl":"https:\/\/www.beautypristroje.sk\/wp-content\/uploads\/2025\/05\/Copy-of-Calmwise-Colour-Correct-B.png","datePublished":"2025-05-13T07:53:26+00:00","dateModified":"2025-12-10T08:46:14+00:00","description":"Medik8 Calmwise Colour Correct 50ml hydratuje a redukuje za\u010dervenanie pleti s harmonick\u00fdm mixom harman\u010deka, niac\u00ednamidu, bakuchiolu a kryc\u00edch zelen\u00fdch pigmentov.","breadcrumb":{"@id":"https:\/\/www.beautypristroje.sk\/produkt\/calmwise-colour-correct\/#breadcrumb"},"inLanguage":"en-GB","potentialAction":[{"@type":"ReadAction","target":["https:\/\/www.beautypristroje.sk\/produkt\/calmwise-colour-correct\/"]}]},{"@type":"ImageObject","inLanguage":"en-GB","@id":"https:\/\/www.beautypristroje.sk\/produkt\/calmwise-colour-correct\/#primaryimage","url":"https:\/\/www.beautypristroje.sk\/wp-content\/uploads\/2025\/05\/Copy-of-Calmwise-Colour-Correct-B.png","contentUrl":"https:\/\/www.beautypristroje.sk\/wp-content\/uploads\/2025\/05\/Copy-of-Calmwise-Colour-Correct-B.png","width":2000,"height":2000,"caption":"Calmwise\u2122 Colour Correct 50ml \u2013 hydrata\u010dn\u00fd kr\u00e9m na redukciu za\u010dervenania s extraktom z harman\u010deka, rimbaby, zelen\u00fdmi kryc\u00edmi pigmentmi, niac\u00ednamidom a bakuchiolom."},{"@type":"BreadcrumbList","@id":"https:\/\/www.beautypristroje.sk\/produkt\/calmwise-colour-correct\/#breadcrumb","itemListElement":[{"@type":"ListItem","position":1,"name":"Domovsk\u00e1 str\u00e1nka","item":"https:\/\/www.beautypristroje.sk\/"},{"@type":"ListItem","position":2,"name":"Obchod","item":"https:\/\/www.beautypristroje.sk\/obchod\/"},{"@type":"ListItem","position":3,"name":"Medik8 Calmwise\u2122 Colour Correct"}]},{"@type":"WebSite","@id":"https:\/\/www.beautypristroje.sk\/#website","url":"https:\/\/www.beautypristroje.sk\/","name":"Beauty pr\u00edstroje","description":"Profesion\u00e1lne kozmetick\u00e9 pr\u00edstroje pre sal\u00f3ny a kliniky","potentialAction":[{"@type":"SearchAction","target":{"@type":"EntryPoint","urlTemplate":"https:\/\/www.beautypristroje.sk\/?s={search_term_string}"},"query-input":{"@type":"PropertyValueSpecification","valueRequired":true,"valueName":"search_term_string"}}],"inLanguage":"en-GB"}]}},"_links":{"self":[{"href":"https:\/\/www.beautypristroje.sk\/en\/wp-json\/wp\/v2\/product\/915","targetHints":{"allow":["GET"]}}],"collection":[{"href":"https:\/\/www.beautypristroje.sk\/en\/wp-json\/wp\/v2\/product"}],"about":[{"href":"https:\/\/www.beautypristroje.sk\/en\/wp-json\/wp\/v2\/types\/product"}],"replies":[{"embeddable":true,"href":"https:\/\/www.beautypristroje.sk\/en\/wp-json\/wp\/v2\/comments?post=915"}],"wp:featuredmedia":[{"embeddable":true,"href":"https:\/\/www.beautypristroje.sk\/en\/wp-json\/wp\/v2\/media\/917"}],"wp:attachment":[{"href":"https:\/\/www.beautypristroje.sk\/en\/wp-json\/wp\/v2\/media?parent=915"}],"wp:term":[{"taxonomy":"product_brand","embeddable":true,"href":"https:\/\/www.beautypristroje.sk\/en\/wp-json\/wp\/v2\/product_brand?post=915"},{"taxonomy":"product_cat","embeddable":true,"href":"https:\/\/www.beautypristroje.sk\/en\/wp-json\/wp\/v2\/product_cat?post=915"},{"taxonomy":"product_tag","embeddable":true,"href":"https:\/\/www.beautypristroje.sk\/en\/wp-json\/wp\/v2\/product_tag?post=915"}],"curies":[{"name":"wp","href":"https:\/\/api.w.org\/{rel}","templated":true}]}}