{"id":903,"date":"2025-05-13T09:47:52","date_gmt":"2025-05-13T07:47:52","guid":{"rendered":"https:\/\/www.beautypristroje.sk\/?post_type=product&#038;p=903"},"modified":"2025-12-10T09:46:14","modified_gmt":"2025-12-10T08:46:14","slug":"calmwise-soothing-cleanser","status":"publish","type":"product","link":"https:\/\/www.beautypristroje.sk\/en\/product\/calmwise-soothing-cleanser\/","title":{"rendered":"Medik8 Calmwise\u2122 Soothing Cleanser"},"content":{"rendered":"<p>Objavte upokojuj\u00faci \u010distiaci z\u00e1\u017eitok pre poko\u017eku so za\u010dervenan\u00edm, citliv\u00fa alebo po o\u0161etren\u00ed s Medik8 Calmwise Soothing Cleanser.<\/p>\n<p>T\u00e1to peniaca formula obohaten\u00e1 o chlorofyl pon\u00faka ultra jemn\u00e9, ale efekt\u00edvne odstra\u0148ovanie ne\u010dist\u00f4t spolu s upokojuj\u00facim \u00fa\u010dinkom pre po\u0161koden\u00fa poko\u017eku.<\/p>\n<p>Postupne va\u0161a poko\u017eka z\u00edskava podporu proti \u010fal\u0161iemu podr\u00e1\u017edeniu, zatia\u013e \u010do vyzer\u00e1 vidite\u013ene mlad\u0161ie s rovnomernej\u0161\u00edm t\u00f3nom.<\/p>\n<h3><strong>V\u00ddHODY<\/strong><\/h3>\n<div class=\"copy\">\n<div class=\"copy\">\n<div class=\"copy\">\n<h5>Redukcia za\u010dervenania<\/h5>\n<p>Pom\u00e1ha zmierni\u0165 za\u010dervenanie a citlivos\u0165 pleti, zanech\u00e1va ju upokojen\u00fa, komfortn\u00fa a farebne vyrovnan\u00fa.<\/p>\n<h5>Ultra jemn\u00e9 odstr\u00e1nenie ne\u010dist\u00f4t<\/h5>\n<\/div>\n<div class=\"copy\">\n<p>Kombinuje mimoriadne \u0161etrn\u00e9 \u010distiace zlo\u017eky s hydrata\u010dn\u00fdm glycer\u00ednom, ktor\u00fd jemne odstra\u0148uje ne\u010distoty bez podr\u00e1\u017edenia u\u017e citlivej poko\u017eky.<\/p>\n<h5>Nevyhnutn\u00e1 podpora ko\u017enej bari\u00e9ry<\/h5>\n<\/div>\n<div class=\"copy\">\n<p>Pom\u00e1ha chr\u00e1ni\u0165 oslaben\u00fa ko\u017en\u00fa bari\u00e9ru pred vonkaj\u0161\u00edmi dr\u00e1\u017edidlami po estetick\u00fdch z\u00e1krokoch alebo pri ka\u017edodennom podr\u00e1\u017eden\u00ed.<\/p>\n<h3><b>K\u013d\u00da\u010cOV\u00c9 ZLO\u017dKY<\/b><\/h3>\n<\/div>\n<\/div>\n<\/div>\n<h5><img decoding=\"async\" class=\"list-item-icon\" src=\"https:\/\/medik8.sk\/cdn\/shop\/files\/PDP_Key_Ingredients_Teprenone.svg?v=1738240630&amp;width=50\" alt=\"Ingredient Icon 1\" width=\"50\" height=\"auto\" \/> Teprenone<\/h5>\n<div class=\"copy\">\n<p>Patentovan\u00e1 akt\u00edvna zlo\u017eka, ktor\u00e1 pom\u00e1ha upokoji\u0165 vidite\u013en\u00e9 za\u010dervenanie a z\u00e1rove\u0148 podporuje ochrann\u00fa bari\u00e9ru poko\u017eky proti vonkaj\u0161\u00edm dr\u00e1\u017ediv\u00fdm faktorom.<\/p>\n<h5><img decoding=\"async\" class=\"list-item-icon\" src=\"https:\/\/medik8.sk\/cdn\/shop\/files\/PDP_Key_Ingredients_Chlorophyll.svg?v=1738240629&amp;width=50\" alt=\"Ingredient Icon 2\" width=\"50\" height=\"auto\" \/>Chlorofyl<\/h5>\n<\/div>\n<div class=\"copy\">\n<p>Pr\u00edrodn\u00fd \u010distiaci prostriedok s mocn\u00fdmi antioxida\u010dn\u00fdmi vlastnos\u0165ami. Pom\u00e1ha detoxikova\u0165 ple\u0165 a podporuje jej prirodzen\u00fd regenera\u010dn\u00fd cyklus pre rovnomern\u00fd a mladistv\u00fd vzh\u013ead.<\/p>\n<h5><img decoding=\"async\" class=\"list-item-icon\" src=\"https:\/\/medik8.sk\/cdn\/shop\/files\/PDP_Key_Ingredients_Vitamin_K2.svg?v=1738240630&amp;width=50\" alt=\"Ingredient Icon 3\" width=\"50\" height=\"auto\" \/>Vitam\u00edn K2<\/h5>\n<\/div>\n<div class=\"copy\">\n<p>Pom\u00e1ha upokoji\u0165 vidite\u013en\u00e9 za\u010dervenanie a z\u00e1rove\u0148 podporuje optim\u00e1lnu silu poko\u017eky proti precitlivenosti.<\/p>\n<h5><img decoding=\"async\" class=\"list-item-icon\" src=\"https:\/\/medik8.sk\/cdn\/shop\/files\/PDP_Key_Ingredients_Sweet_Orange_Oil.svg?v=1738240630&amp;width=50\" alt=\"Ingredient Icon 4\" width=\"50\" height=\"auto\" \/> Organick\u00fd olej zo sladk\u00e9ho pomaran\u010da<\/h5>\n<\/div>\n<div class=\"copy\">\n<p>Zjem\u0148uje poko\u017eku a osvie\u017euje ju prirodzenou v\u00f4\u0148ou. V\u010faka antioxida\u010dn\u00fdm vlastnostiam chr\u00e1ni ple\u0165 pred \u0161kodliv\u00fdmi vonkaj\u0161\u00edmi vplyvmi a pred\u010dasn\u00fdm starnut\u00edm.<\/p>\n<\/div>\n<h3><strong>AKO POU\u017d\u00cdVA\u0164<\/strong><\/h3>\n<p>Ka\u017ed\u00e9 r\u00e1no a\/alebo ve\u010der stla\u010dte d\u00e1vku do dlane a jemne vmas\u00edrujte do navlh\u010denej pleti na tv\u00e1ri a krku. Opl\u00e1chnite teplou vodou a osu\u0161te tv\u00e1r.<\/p>\n<h3><strong>OBSAH BALENIA<\/strong><\/h3>\n<p>Balenie s obsahom\u00a0 150 ml vydr\u017e\u00ed pri be\u017enom pou\u017e\u00edvan\u00ed pribli\u017ene 100 aplik\u00e1ci\u00ed.<\/p>\n<h3><strong>ZLO\u017dENIE<\/strong><\/h3>\n<p>Aqua (Water), Cocamidopropyl Betaine, Glycerin, Disodium Cocoamphodiacetate, Sodium Cocoamphoacetate, Coco-Glucoside, Decyl Glucoside, Brassica Oleracea Capitata (Cabbage) Leaf Extract, Menaquinone-4, Phenoxyethanol, Citrus Aurantium Dulcis (Orange) Peel Oil, Citric Acid, Ethylhexylglycerin, Sodium Benzoate, Benzyl Alcohol, Dehydroacetic Acid, Curcuma Longa (Tumeric) Root Extract, Sodium Bicarbonate, Caprylic\/Capric Triglyceride, Yucca Vera Extract, Teprenone, Maltodextrin, Limonene, Citral, Linalool, CI 75810 (Chlorophyllin-Copper Complex).<\/p>\n<p>*Aj ke\u010f sa sna\u017e\u00edme zaisti\u0165 presnos\u0165 tohto zoznamu zlo\u017eiek, niekedy m\u00f4\u017ee d\u00f4js\u0165 k vylep\u0161eniam produktu alebo k miernym rozdielom medzi r\u00f4znymi regi\u00f3nmi na z\u00e1klade miestnych z\u00e1konov. Jedin\u00fd definit\u00edvny zoznam zlo\u017eiek je preto ten, ktor\u00fd je vytla\u010den\u00fd na obale produktu.<\/p>","protected":false},"excerpt":{"rendered":"<p>150ml<\/p>\n<p>Ultra jemn\u00e1 chlorofylov\u00e1 \u010distic\u00ed p\u011bna<br \/>\nTeprenon, chlorofyl, vitamin K, olej ze sladk\u00fdch pomeran\u010d\u016f<\/p>","protected":false},"featured_media":905,"comment_status":"open","ping_status":"closed","template":"","meta":{"_acf_changed":false},"product_brand":[77],"product_cat":[75,26],"product_tag":[],"class_list":{"0":"post-903","1":"product","2":"type-product","3":"status-publish","4":"has-post-thumbnail","6":"product_brand-medik8","7":"product_cat-kremy-a-sera","8":"product_cat-skincare-produkty","10":"first","11":"instock","12":"taxable","13":"shipping-taxable","14":"purchasable","15":"product-type-simple"},"acf":[],"yoast_head":"<!-- This site is optimized with the Yoast SEO plugin v27.5 - https:\/\/yoast.com\/product\/yoast-seo-wordpress\/ -->\n<title>Medik8 Calmwise\u2122 Soothing Cleanser - Beauty pr\u00edstroje<\/title>\n<meta name=\"description\" content=\"Medik8 Calmwise\u2122 Soothing Cleanser 150ml jemne \u010dist\u00ed a upokojuje ple\u0165 s Teprenonom, chlorofylom, vitam\u00ednom K a olejom zo sladk\u00fdch pomaran\u010dov.\" \/>\n<meta name=\"robots\" content=\"index, follow, max-snippet:-1, max-image-preview:large, max-video-preview:-1\" \/>\n<link rel=\"canonical\" href=\"https:\/\/www.beautypristroje.sk\/en\/product\/calmwise-soothing-cleanser\/\" \/>\n<meta property=\"og:locale\" content=\"en_GB\" \/>\n<meta property=\"og:type\" content=\"article\" \/>\n<meta property=\"og:title\" content=\"Medik8 Calmwise\u2122 Soothing Cleanser - Beauty pr\u00edstroje\" \/>\n<meta property=\"og:description\" content=\"Medik8 Calmwise\u2122 Soothing Cleanser 150ml jemne \u010dist\u00ed a upokojuje ple\u0165 s Teprenonom, chlorofylom, vitam\u00ednom K a olejom zo sladk\u00fdch pomaran\u010dov.\" \/>\n<meta property=\"og:url\" content=\"https:\/\/www.beautypristroje.sk\/en\/product\/calmwise-soothing-cleanser\/\" \/>\n<meta property=\"og:site_name\" content=\"Beauty pr\u00edstroje\" \/>\n<meta property=\"article:modified_time\" content=\"2025-12-10T08:46:14+00:00\" \/>\n<meta property=\"og:image\" content=\"https:\/\/www.beautypristroje.sk\/wp-content\/uploads\/2025\/05\/Copy-of-Calmwise-Soothing-Cleanser-B-1024x1024.png\" \/>\n\t<meta property=\"og:image:width\" content=\"1024\" \/>\n\t<meta property=\"og:image:height\" content=\"1024\" \/>\n\t<meta property=\"og:image:type\" content=\"image\/png\" \/>\n<meta name=\"twitter:card\" content=\"summary_large_image\" \/>\n<meta name=\"twitter:label1\" content=\"Estimated reading time\" \/>\n\t<meta name=\"twitter:data1\" content=\"3 minutes\" \/>\n<script type=\"application\/ld+json\" class=\"yoast-schema-graph\">{\"@context\":\"https:\\\/\\\/schema.org\",\"@graph\":[{\"@type\":\"WebPage\",\"@id\":\"https:\\\/\\\/www.beautypristroje.sk\\\/produkt\\\/calmwise-soothing-cleanser\\\/\",\"url\":\"https:\\\/\\\/www.beautypristroje.sk\\\/produkt\\\/calmwise-soothing-cleanser\\\/\",\"name\":\"Medik8 Calmwise\u2122 Soothing Cleanser - Beauty pr\u00edstroje\",\"isPartOf\":{\"@id\":\"https:\\\/\\\/www.beautypristroje.sk\\\/#website\"},\"primaryImageOfPage\":{\"@id\":\"https:\\\/\\\/www.beautypristroje.sk\\\/produkt\\\/calmwise-soothing-cleanser\\\/#primaryimage\"},\"image\":{\"@id\":\"https:\\\/\\\/www.beautypristroje.sk\\\/produkt\\\/calmwise-soothing-cleanser\\\/#primaryimage\"},\"thumbnailUrl\":\"https:\\\/\\\/www.beautypristroje.sk\\\/wp-content\\\/uploads\\\/2025\\\/05\\\/Copy-of-Calmwise-Soothing-Cleanser-B.png\",\"datePublished\":\"2025-05-13T07:47:52+00:00\",\"dateModified\":\"2025-12-10T08:46:14+00:00\",\"description\":\"Medik8 Calmwise\u2122 Soothing Cleanser 150ml jemne \u010dist\u00ed a upokojuje ple\u0165 s Teprenonom, chlorofylom, vitam\u00ednom K a olejom zo sladk\u00fdch pomaran\u010dov.\",\"breadcrumb\":{\"@id\":\"https:\\\/\\\/www.beautypristroje.sk\\\/produkt\\\/calmwise-soothing-cleanser\\\/#breadcrumb\"},\"inLanguage\":\"en-GB\",\"potentialAction\":[{\"@type\":\"ReadAction\",\"target\":[\"https:\\\/\\\/www.beautypristroje.sk\\\/produkt\\\/calmwise-soothing-cleanser\\\/\"]}]},{\"@type\":\"ImageObject\",\"inLanguage\":\"en-GB\",\"@id\":\"https:\\\/\\\/www.beautypristroje.sk\\\/produkt\\\/calmwise-soothing-cleanser\\\/#primaryimage\",\"url\":\"https:\\\/\\\/www.beautypristroje.sk\\\/wp-content\\\/uploads\\\/2025\\\/05\\\/Copy-of-Calmwise-Soothing-Cleanser-B.png\",\"contentUrl\":\"https:\\\/\\\/www.beautypristroje.sk\\\/wp-content\\\/uploads\\\/2025\\\/05\\\/Copy-of-Calmwise-Soothing-Cleanser-B.png\",\"width\":2000,\"height\":2000,\"caption\":\"Calmwise\u2122 Soothing Cleanser 150ml \u2013 ultra jemn\u00e1 \u010distiaca pena s Teprenonom, chlorofylom, vitam\u00ednom K a olejom zo sladk\u00fdch pomaran\u010dov.\"},{\"@type\":\"BreadcrumbList\",\"@id\":\"https:\\\/\\\/www.beautypristroje.sk\\\/produkt\\\/calmwise-soothing-cleanser\\\/#breadcrumb\",\"itemListElement\":[{\"@type\":\"ListItem\",\"position\":1,\"name\":\"Domovsk\u00e1 str\u00e1nka\",\"item\":\"https:\\\/\\\/www.beautypristroje.sk\\\/\"},{\"@type\":\"ListItem\",\"position\":2,\"name\":\"Obchod\",\"item\":\"https:\\\/\\\/www.beautypristroje.sk\\\/obchod\\\/\"},{\"@type\":\"ListItem\",\"position\":3,\"name\":\"Medik8 Calmwise\u2122 Soothing Cleanser\"}]},{\"@type\":\"WebSite\",\"@id\":\"https:\\\/\\\/www.beautypristroje.sk\\\/#website\",\"url\":\"https:\\\/\\\/www.beautypristroje.sk\\\/\",\"name\":\"Beauty pr\u00edstroje\",\"description\":\"Profesion\u00e1lne kozmetick\u00e9 pr\u00edstroje pre sal\u00f3ny a kliniky\",\"potentialAction\":[{\"@type\":\"SearchAction\",\"target\":{\"@type\":\"EntryPoint\",\"urlTemplate\":\"https:\\\/\\\/www.beautypristroje.sk\\\/?s={search_term_string}\"},\"query-input\":{\"@type\":\"PropertyValueSpecification\",\"valueRequired\":true,\"valueName\":\"search_term_string\"}}],\"inLanguage\":\"en-GB\"}]}<\/script>\n<!-- \/ Yoast SEO plugin. -->","yoast_head_json":{"title":"Medik8 Calmwise\u2122 Soothing Cleanser - Beauty pr\u00edstroje","description":"Medik8 Calmwise\u2122 Soothing Cleanser 150ml jemne \u010dist\u00ed a upokojuje ple\u0165 s Teprenonom, chlorofylom, vitam\u00ednom K a olejom zo sladk\u00fdch pomaran\u010dov.","robots":{"index":"index","follow":"follow","max-snippet":"max-snippet:-1","max-image-preview":"max-image-preview:large","max-video-preview":"max-video-preview:-1"},"canonical":"https:\/\/www.beautypristroje.sk\/en\/product\/calmwise-soothing-cleanser\/","og_locale":"en_GB","og_type":"article","og_title":"Medik8 Calmwise\u2122 Soothing Cleanser - Beauty pr\u00edstroje","og_description":"Medik8 Calmwise\u2122 Soothing Cleanser 150ml jemne \u010dist\u00ed a upokojuje ple\u0165 s Teprenonom, chlorofylom, vitam\u00ednom K a olejom zo sladk\u00fdch pomaran\u010dov.","og_url":"https:\/\/www.beautypristroje.sk\/en\/product\/calmwise-soothing-cleanser\/","og_site_name":"Beauty pr\u00edstroje","article_modified_time":"2025-12-10T08:46:14+00:00","og_image":[{"width":1024,"height":1024,"url":"https:\/\/www.beautypristroje.sk\/wp-content\/uploads\/2025\/05\/Copy-of-Calmwise-Soothing-Cleanser-B-1024x1024.png","type":"image\/png"}],"twitter_card":"summary_large_image","twitter_misc":{"Estimated reading time":"3 minutes"},"schema":{"@context":"https:\/\/schema.org","@graph":[{"@type":"WebPage","@id":"https:\/\/www.beautypristroje.sk\/produkt\/calmwise-soothing-cleanser\/","url":"https:\/\/www.beautypristroje.sk\/produkt\/calmwise-soothing-cleanser\/","name":"Medik8 Calmwise\u2122 Soothing Cleanser - Beauty pr\u00edstroje","isPartOf":{"@id":"https:\/\/www.beautypristroje.sk\/#website"},"primaryImageOfPage":{"@id":"https:\/\/www.beautypristroje.sk\/produkt\/calmwise-soothing-cleanser\/#primaryimage"},"image":{"@id":"https:\/\/www.beautypristroje.sk\/produkt\/calmwise-soothing-cleanser\/#primaryimage"},"thumbnailUrl":"https:\/\/www.beautypristroje.sk\/wp-content\/uploads\/2025\/05\/Copy-of-Calmwise-Soothing-Cleanser-B.png","datePublished":"2025-05-13T07:47:52+00:00","dateModified":"2025-12-10T08:46:14+00:00","description":"Medik8 Calmwise\u2122 Soothing Cleanser 150ml jemne \u010dist\u00ed a upokojuje ple\u0165 s Teprenonom, chlorofylom, vitam\u00ednom K a olejom zo sladk\u00fdch pomaran\u010dov.","breadcrumb":{"@id":"https:\/\/www.beautypristroje.sk\/produkt\/calmwise-soothing-cleanser\/#breadcrumb"},"inLanguage":"en-GB","potentialAction":[{"@type":"ReadAction","target":["https:\/\/www.beautypristroje.sk\/produkt\/calmwise-soothing-cleanser\/"]}]},{"@type":"ImageObject","inLanguage":"en-GB","@id":"https:\/\/www.beautypristroje.sk\/produkt\/calmwise-soothing-cleanser\/#primaryimage","url":"https:\/\/www.beautypristroje.sk\/wp-content\/uploads\/2025\/05\/Copy-of-Calmwise-Soothing-Cleanser-B.png","contentUrl":"https:\/\/www.beautypristroje.sk\/wp-content\/uploads\/2025\/05\/Copy-of-Calmwise-Soothing-Cleanser-B.png","width":2000,"height":2000,"caption":"Calmwise\u2122 Soothing Cleanser 150ml \u2013 ultra jemn\u00e1 \u010distiaca pena s Teprenonom, chlorofylom, vitam\u00ednom K a olejom zo sladk\u00fdch pomaran\u010dov."},{"@type":"BreadcrumbList","@id":"https:\/\/www.beautypristroje.sk\/produkt\/calmwise-soothing-cleanser\/#breadcrumb","itemListElement":[{"@type":"ListItem","position":1,"name":"Domovsk\u00e1 str\u00e1nka","item":"https:\/\/www.beautypristroje.sk\/"},{"@type":"ListItem","position":2,"name":"Obchod","item":"https:\/\/www.beautypristroje.sk\/obchod\/"},{"@type":"ListItem","position":3,"name":"Medik8 Calmwise\u2122 Soothing Cleanser"}]},{"@type":"WebSite","@id":"https:\/\/www.beautypristroje.sk\/#website","url":"https:\/\/www.beautypristroje.sk\/","name":"Beauty pr\u00edstroje","description":"Profesion\u00e1lne kozmetick\u00e9 pr\u00edstroje pre sal\u00f3ny a kliniky","potentialAction":[{"@type":"SearchAction","target":{"@type":"EntryPoint","urlTemplate":"https:\/\/www.beautypristroje.sk\/?s={search_term_string}"},"query-input":{"@type":"PropertyValueSpecification","valueRequired":true,"valueName":"search_term_string"}}],"inLanguage":"en-GB"}]}},"_links":{"self":[{"href":"https:\/\/www.beautypristroje.sk\/en\/wp-json\/wp\/v2\/product\/903","targetHints":{"allow":["GET"]}}],"collection":[{"href":"https:\/\/www.beautypristroje.sk\/en\/wp-json\/wp\/v2\/product"}],"about":[{"href":"https:\/\/www.beautypristroje.sk\/en\/wp-json\/wp\/v2\/types\/product"}],"replies":[{"embeddable":true,"href":"https:\/\/www.beautypristroje.sk\/en\/wp-json\/wp\/v2\/comments?post=903"}],"wp:featuredmedia":[{"embeddable":true,"href":"https:\/\/www.beautypristroje.sk\/en\/wp-json\/wp\/v2\/media\/905"}],"wp:attachment":[{"href":"https:\/\/www.beautypristroje.sk\/en\/wp-json\/wp\/v2\/media?parent=903"}],"wp:term":[{"taxonomy":"product_brand","embeddable":true,"href":"https:\/\/www.beautypristroje.sk\/en\/wp-json\/wp\/v2\/product_brand?post=903"},{"taxonomy":"product_cat","embeddable":true,"href":"https:\/\/www.beautypristroje.sk\/en\/wp-json\/wp\/v2\/product_cat?post=903"},{"taxonomy":"product_tag","embeddable":true,"href":"https:\/\/www.beautypristroje.sk\/en\/wp-json\/wp\/v2\/product_tag?post=903"}],"curies":[{"name":"wp","href":"https:\/\/api.w.org\/{rel}","templated":true}]}}