{"id":899,"date":"2025-05-13T09:45:11","date_gmt":"2025-05-13T07:45:11","guid":{"rendered":"https:\/\/www.beautypristroje.sk\/?post_type=product&#038;p=899"},"modified":"2025-12-10T09:46:14","modified_gmt":"2025-12-10T08:46:14","slug":"pore-cleanse-gel-intense","status":"publish","type":"product","link":"https:\/\/www.beautypristroje.sk\/en\/product\/pore-cleanse-gel-intense\/","title":{"rendered":"Medik8 Pore Cleanse Gel Intense\u2122"},"content":{"rendered":"<p>Vidite\u013ene zredukujte zv\u00e4\u010d\u0161en\u00e9 p\u00f3ry, nerovnomern\u00fa text\u00faru pleti a nechcen\u00fa mastnotu s \u010distiacim g\u00e9lom Medik8 Pore Cleanse Gel Intense.<\/p>\n<p>Tento exfolia\u010dn\u00fd \u010distiaci g\u00e9l obsahuje siln\u00fd komplex AHA\/BHA, ktor\u00fd okam\u017eite zanech\u00e1 ple\u0165 hlad\u0161iu a minimalizuje vzh\u013ead p\u00f3rov.<\/p>\n<p>Aj ke\u010f je ve\u013emi \u00fa\u010dinn\u00fd v exfolia\u010dn\u00fdch schopnostiach, t\u00e1to formula obohaten\u00e1 o glycer\u00edn nenech\u00e1 ple\u0165 such\u00fa ani napnut\u00fa.<\/p>\n<p>Naopak, ple\u0165 zostane vidite\u013ene hladk\u00e1, vyhladen\u00e1 a osvie\u017een\u00e1 v\u010faka povzbudzuj\u00facej v\u00f4ni.<\/p>\n<h3><strong>V\u00ddHODY<\/strong><\/h3>\n<div class=\"copy\">\n<div class=\"copy\">\n<div class=\"copy\">\n<h5>Vidite\u013en\u00e9 zjemnenie p\u00f3rov<\/h5>\n<p>Jemne exfoliuje a odstra\u0148uje nahromaden\u00e9 ne\u010distoty z p\u00f3rov, \u010d\u00edm pom\u00e1ha minimalizova\u0165 ich vidite\u013enos\u0165.<\/p>\n<h5>Regul\u00e1cia nadmern\u00e9ho mazu<\/h5>\n<\/div>\n<div class=\"copy\">\n<p>Pom\u00e1ha redukova\u0165 nadmern\u00fa tvorbu ko\u017en\u00e9ho mazu, \u010d\u00edm eliminuje ne\u017eiaduci lesk a zjem\u0148uje vzh\u013ead p\u00f3rov.<\/p>\n<h5>Hlad\u0161ia a \u017eiarivej\u0161ia ple\u0165<\/h5>\n<\/div>\n<div class=\"copy\">\n<p>Podporuje vyrovnanie text\u00fary pleti a jej rozjasnenie.<\/p>\n<h5>Hydrata\u010dn\u00fd a osvie\u017euj\u00faci z\u00e1\u017eitok<\/h5>\n<\/div>\n<div class=\"copy\">\n<p>Glycer\u00ednom obohaten\u00e1 formula zanech\u00e1va ple\u0165 pru\u017en\u00fa a hydratovan\u00fa, zatia\u013e \u010do svie\u017ea v\u00f4\u0148a revitalizuje poko\u017eku aj zmysly.<\/p>\n<h3><b>K\u013d\u00da\u010cOV\u00c9 ZLO\u017dKY<\/b><\/h3>\n<\/div>\n<\/div>\n<\/div>\n<h5><img decoding=\"async\" class=\"list-item-icon\" src=\"https:\/\/medik8.sk\/cdn\/shop\/files\/PDP_Key_Ingredients_L-Mandelic_Acid_Molecule.svg?v=1738240597&amp;width=50\" alt=\"Ingredient Icon 1\" width=\"50\" height=\"auto\" \/> L-mand\u013eov\u00e1 kyselina<\/h5>\n<div class=\"copy\">\n<p>Jemn\u00e1 AHA kyselina s BHA \u00fa\u010dinkami, ktor\u00e1 exfoliuje povrch pleti aj p\u00f3ry pre h\u013abkov\u00e9, ale \u0161etrn\u00e9 \u010distenie.<\/p>\n<h5><img decoding=\"async\" class=\"list-item-icon\" src=\"https:\/\/medik8.sk\/cdn\/shop\/files\/PDP_Key_Ingredients_L-Lactic_Acid_Molecule.svg?v=1738240597&amp;width=50\" alt=\"Ingredient Icon 2\" width=\"50\" height=\"auto\" \/> L-mlie\u010dna kyselina<\/h5>\n<\/div>\n<div class=\"copy\">\n<p>AHA kyselina, ktor\u00e1 jemne exfoliuje ple\u0165, vyhladzuje jej text\u00faru a h\u013abkovo hydratuje.<\/p>\n<h5><img decoding=\"async\" class=\"list-item-icon\" src=\"https:\/\/medik8.sk\/cdn\/shop\/files\/PDP_Key_Ingredients_Salicylic_Acid_Molecule.svg?v=1738240597&amp;width=50\" alt=\"Ingredient Icon 3\" width=\"50\" height=\"auto\" \/> Salicylov\u00e1 kyselina<\/h5>\n<\/div>\n<div class=\"copy\">\n<p>Dezinfikuje a exfoliuje z vn\u00fatra p\u00f3rov, t\u00e1to BHA rozklad\u00e1 zablokovan\u00fd olej a ko\u017en\u00e9 bunky, ktor\u00e9 m\u00f4\u017eu prispie\u0165 k zv\u00e4\u010d\u0161en\u00fdm p\u00f3rom a nedokonalostiam pleti.<\/p>\n<h5><img decoding=\"async\" class=\"list-item-icon\" src=\"https:\/\/medik8.sk\/cdn\/shop\/files\/PDP_Key_Ingredients_Red_Clover_Extract.svg?v=1738240636&amp;width=50\" alt=\"Ingredient Icon 4\" width=\"50\" height=\"auto\" \/> Extrakt z \u010dervenej \u010fateliny<\/h5>\n<\/div>\n<div class=\"copy\">\n<p>Rastlinn\u00fd extrakt, ktor\u00fd p\u00f4sob\u00ed ako prirodzen\u00fd adstringent. Pom\u00e1ha minimalizova\u0165 nadmern\u00fa tvorbu mazu a vidite\u013enos\u0165 p\u00f3rov.<\/p>\n<h5><img decoding=\"async\" class=\"list-item-icon\" src=\"https:\/\/medik8.sk\/cdn\/shop\/files\/PDP_Key_Ingredients_Glycerin_Icon_fd4c1fd1-7d42-4922-8aa5-09a70c44d44b.svg?v=1738240597&amp;width=50\" alt=\"Ingredient Icon 5\" width=\"50\" height=\"auto\" \/>Glycerin<\/h5>\n<\/div>\n<div class=\"copy\">\n<p>Pr\u00edrodn\u00fd humektant, ktor\u00fd zachyt\u00e1va vlhkos\u0165 v poko\u017eke, \u010d\u00edm ju hydratuje a zanech\u00e1va pocit komfortu.<\/p>\n<\/div>\n<h3><strong>AKO POU\u017d\u00cdVA\u0164<\/strong><\/h3>\n<p>R\u00e1no a\/alebo ve\u010der naneste mno\u017estvo ve\u013ekosti hr\u00e1\u0161ku na prsty a jemne vmas\u00edrujte do navlh\u010denej tv\u00e1re a krku. Jemne odstr\u00e1\u0148te opl\u00e1chnut\u00edm vodou a jemne osu\u0161te tv\u00e1r.<\/p>\n<h6>POZN\u00c1MKA<\/h6>\n<p>Pre citliv\u00fa alebo such\u00fa ple\u0165 pou\u017e\u00edvajte maxim\u00e1lne raz denne alebo v\u017edy, ke\u010f je potrebn\u00e9 hlb\u0161ie \u010distenie.<\/p>\n<h3><strong>OBSAH BALENIA<\/strong><\/h3>\n<p>Balenie s obsahom 30ml produktu, vydr\u017e\u00ed pri be\u017enou u\u017e\u00edvan\u00ed pribli\u017ene 100 aplik\u00e1ci\u00ed.<\/p>\n<h3><strong>ZLO\u017dENIE<\/strong><\/h3>\n<p>Aqua (Water), Sodium C14-16 Olefin Sulfonate, Sodium Cocoamphoacetate, Cocamidopropyl Hydroxysultaine, Glycerin, Mandelic Acid, Citric Acid, Isopentyldiol, Maltodextrin, Sodium Hydroxide, Salicylic Acid, Lactic Acid, Trifolium Pratense (Clover) Flower Extract, Garcinia Mangostana (Mangosteen) Peel Extract, Phenoxyethanol, Citrus Aurantium Bergamia (Bergamot) Fruit Oil, Disodium EDTA, Lavandula Angustifolia (Lavender) Herb Oil, Ethylhexylglycerin, Mentha Viridis (Spearmint) Leaf Oil, Pogostemon Cablin (Patchouli) Leaf Oil, Linalool, Limonene.<\/p>\n<p>*Aj ke\u010f sa sna\u017e\u00edme zaisti\u0165 presnos\u0165 tohto zoznamu zlo\u017eiek, niekedy m\u00f4\u017ee d\u00f4js\u0165 k vylep\u0161eniam produktu alebo k miernym rozdielom medzi r\u00f4znymi regi\u00f3nmi na z\u00e1klade miestnych z\u00e1konov. Jedin\u00fd definit\u00edvny zoznam zlo\u017eiek je preto ten, ktor\u00fd je vytla\u010den\u00fd na obale produktu.<\/p>","protected":false},"excerpt":{"rendered":"<p>150ml<\/p>\n<p>\u010cistic\u00ed gel na ucpan\u00e9 p\u00f3ry<br \/>\nKyselina mandlov\u00e1, salicylov\u00e1, ml\u00e9\u010dn\u00e1, extrakt z \u010derven\u00e9ho jetele<\/p>","protected":false},"featured_media":901,"comment_status":"open","ping_status":"closed","template":"","meta":{"_acf_changed":false},"product_brand":[77],"product_cat":[75,26],"product_tag":[],"class_list":{"0":"post-899","1":"product","2":"type-product","3":"status-publish","4":"has-post-thumbnail","6":"product_brand-medik8","7":"product_cat-kremy-a-sera","8":"product_cat-skincare-produkty","10":"first","11":"instock","12":"taxable","13":"shipping-taxable","14":"purchasable","15":"product-type-simple"},"acf":[],"yoast_head":"<!-- This site is optimized with the Yoast SEO plugin v27.6 - https:\/\/yoast.com\/product\/yoast-seo-wordpress\/ -->\n<title>Medik8 Pore Cleanse Gel Intense\u2122 - Beauty pr\u00edstroje<\/title>\n<meta name=\"description\" content=\"Medik8 Pore Cleanse Gel Intense \u2122 150ml \u00fa\u010dinne \u010dist\u00ed ucpan\u00e9 p\u00f3ry s mand\u013eovou, salicylovou, mlie\u010dnou kyselinou a extraktom z \u010derven\u00e9ho jetele.\" \/>\n<meta name=\"robots\" content=\"index, follow, max-snippet:-1, max-image-preview:large, max-video-preview:-1\" \/>\n<link rel=\"canonical\" href=\"https:\/\/www.beautypristroje.sk\/en\/product\/pore-cleanse-gel-intense\/\" \/>\n<meta property=\"og:locale\" content=\"en_GB\" \/>\n<meta property=\"og:type\" content=\"article\" \/>\n<meta property=\"og:title\" content=\"Medik8 Pore Cleanse Gel Intense\u2122 - Beauty pr\u00edstroje\" \/>\n<meta property=\"og:description\" content=\"Medik8 Pore Cleanse Gel Intense \u2122 150ml \u00fa\u010dinne \u010dist\u00ed ucpan\u00e9 p\u00f3ry s mand\u013eovou, salicylovou, mlie\u010dnou kyselinou a extraktom z \u010derven\u00e9ho jetele.\" \/>\n<meta property=\"og:url\" content=\"https:\/\/www.beautypristroje.sk\/en\/product\/pore-cleanse-gel-intense\/\" \/>\n<meta property=\"og:site_name\" content=\"Beauty pr\u00edstroje\" \/>\n<meta property=\"article:modified_time\" content=\"2025-12-10T08:46:14+00:00\" \/>\n<meta property=\"og:image\" content=\"https:\/\/www.beautypristroje.sk\/wp-content\/uploads\/2025\/05\/Copy-of-Pore-Cleanse-Gel-Intense-A.png\" \/>\n\t<meta property=\"og:image:width\" content=\"2000\" \/>\n\t<meta property=\"og:image:height\" content=\"2000\" \/>\n\t<meta property=\"og:image:type\" content=\"image\/png\" \/>\n<meta name=\"twitter:card\" content=\"summary_large_image\" \/>\n<meta name=\"twitter:label1\" content=\"Estimated reading time\" \/>\n\t<meta name=\"twitter:data1\" content=\"4 minutes\" \/>\n<script type=\"application\/ld+json\" class=\"yoast-schema-graph\">{\"@context\":\"https:\\\/\\\/schema.org\",\"@graph\":[{\"@type\":\"WebPage\",\"@id\":\"https:\\\/\\\/www.beautypristroje.sk\\\/produkt\\\/pore-cleanse-gel-intense\\\/\",\"url\":\"https:\\\/\\\/www.beautypristroje.sk\\\/produkt\\\/pore-cleanse-gel-intense\\\/\",\"name\":\"Medik8 Pore Cleanse Gel Intense\u2122 - Beauty pr\u00edstroje\",\"isPartOf\":{\"@id\":\"https:\\\/\\\/www.beautypristroje.sk\\\/#website\"},\"primaryImageOfPage\":{\"@id\":\"https:\\\/\\\/www.beautypristroje.sk\\\/produkt\\\/pore-cleanse-gel-intense\\\/#primaryimage\"},\"image\":{\"@id\":\"https:\\\/\\\/www.beautypristroje.sk\\\/produkt\\\/pore-cleanse-gel-intense\\\/#primaryimage\"},\"thumbnailUrl\":\"https:\\\/\\\/www.beautypristroje.sk\\\/wp-content\\\/uploads\\\/2025\\\/05\\\/Copy-of-Pore-Cleanse-Gel-Intense-A.png\",\"datePublished\":\"2025-05-13T07:45:11+00:00\",\"dateModified\":\"2025-12-10T08:46:14+00:00\",\"description\":\"Medik8 Pore Cleanse Gel Intense \u2122 150ml \u00fa\u010dinne \u010dist\u00ed ucpan\u00e9 p\u00f3ry s mand\u013eovou, salicylovou, mlie\u010dnou kyselinou a extraktom z \u010derven\u00e9ho jetele.\",\"breadcrumb\":{\"@id\":\"https:\\\/\\\/www.beautypristroje.sk\\\/produkt\\\/pore-cleanse-gel-intense\\\/#breadcrumb\"},\"inLanguage\":\"en-GB\",\"potentialAction\":[{\"@type\":\"ReadAction\",\"target\":[\"https:\\\/\\\/www.beautypristroje.sk\\\/produkt\\\/pore-cleanse-gel-intense\\\/\"]}]},{\"@type\":\"ImageObject\",\"inLanguage\":\"en-GB\",\"@id\":\"https:\\\/\\\/www.beautypristroje.sk\\\/produkt\\\/pore-cleanse-gel-intense\\\/#primaryimage\",\"url\":\"https:\\\/\\\/www.beautypristroje.sk\\\/wp-content\\\/uploads\\\/2025\\\/05\\\/Copy-of-Pore-Cleanse-Gel-Intense-A.png\",\"contentUrl\":\"https:\\\/\\\/www.beautypristroje.sk\\\/wp-content\\\/uploads\\\/2025\\\/05\\\/Copy-of-Pore-Cleanse-Gel-Intense-A.png\",\"width\":2000,\"height\":2000,\"caption\":\"Pore Cleanse Gel Intense\u2122 150ml \u2013 \u010distiaci g\u00e9l na ucpan\u00e9 p\u00f3ry s mand\u013eovou, salicylovou a mlie\u010dnou kyselinou a extraktom z \u010derven\u00e9ho jetele.\"},{\"@type\":\"BreadcrumbList\",\"@id\":\"https:\\\/\\\/www.beautypristroje.sk\\\/produkt\\\/pore-cleanse-gel-intense\\\/#breadcrumb\",\"itemListElement\":[{\"@type\":\"ListItem\",\"position\":1,\"name\":\"Domovsk\u00e1 str\u00e1nka\",\"item\":\"https:\\\/\\\/www.beautypristroje.sk\\\/\"},{\"@type\":\"ListItem\",\"position\":2,\"name\":\"Obchod\",\"item\":\"https:\\\/\\\/www.beautypristroje.sk\\\/obchod\\\/\"},{\"@type\":\"ListItem\",\"position\":3,\"name\":\"Medik8 Pore Cleanse Gel Intense\u2122\"}]},{\"@type\":\"WebSite\",\"@id\":\"https:\\\/\\\/www.beautypristroje.sk\\\/#website\",\"url\":\"https:\\\/\\\/www.beautypristroje.sk\\\/\",\"name\":\"Beauty pr\u00edstroje\",\"description\":\"Profesion\u00e1lne kozmetick\u00e9 pr\u00edstroje pre sal\u00f3ny a kliniky\",\"potentialAction\":[{\"@type\":\"SearchAction\",\"target\":{\"@type\":\"EntryPoint\",\"urlTemplate\":\"https:\\\/\\\/www.beautypristroje.sk\\\/?s={search_term_string}\"},\"query-input\":{\"@type\":\"PropertyValueSpecification\",\"valueRequired\":true,\"valueName\":\"search_term_string\"}}],\"inLanguage\":\"en-GB\"}]}<\/script>\n<!-- \/ Yoast SEO plugin. -->","yoast_head_json":{"title":"Medik8 Pore Cleanse Gel Intense\u2122 - Beauty pr\u00edstroje","description":"Medik8 Pore Cleanse Gel Intense \u2122 150ml \u00fa\u010dinne \u010dist\u00ed ucpan\u00e9 p\u00f3ry s mand\u013eovou, salicylovou, mlie\u010dnou kyselinou a extraktom z \u010derven\u00e9ho jetele.","robots":{"index":"index","follow":"follow","max-snippet":"max-snippet:-1","max-image-preview":"max-image-preview:large","max-video-preview":"max-video-preview:-1"},"canonical":"https:\/\/www.beautypristroje.sk\/en\/product\/pore-cleanse-gel-intense\/","og_locale":"en_GB","og_type":"article","og_title":"Medik8 Pore Cleanse Gel Intense\u2122 - Beauty pr\u00edstroje","og_description":"Medik8 Pore Cleanse Gel Intense \u2122 150ml \u00fa\u010dinne \u010dist\u00ed ucpan\u00e9 p\u00f3ry s mand\u013eovou, salicylovou, mlie\u010dnou kyselinou a extraktom z \u010derven\u00e9ho jetele.","og_url":"https:\/\/www.beautypristroje.sk\/en\/product\/pore-cleanse-gel-intense\/","og_site_name":"Beauty pr\u00edstroje","article_modified_time":"2025-12-10T08:46:14+00:00","og_image":[{"width":2000,"height":2000,"url":"https:\/\/www.beautypristroje.sk\/wp-content\/uploads\/2025\/05\/Copy-of-Pore-Cleanse-Gel-Intense-A.png","type":"image\/png"}],"twitter_card":"summary_large_image","twitter_misc":{"Estimated reading time":"4 minutes"},"schema":{"@context":"https:\/\/schema.org","@graph":[{"@type":"WebPage","@id":"https:\/\/www.beautypristroje.sk\/produkt\/pore-cleanse-gel-intense\/","url":"https:\/\/www.beautypristroje.sk\/produkt\/pore-cleanse-gel-intense\/","name":"Medik8 Pore Cleanse Gel Intense\u2122 - Beauty pr\u00edstroje","isPartOf":{"@id":"https:\/\/www.beautypristroje.sk\/#website"},"primaryImageOfPage":{"@id":"https:\/\/www.beautypristroje.sk\/produkt\/pore-cleanse-gel-intense\/#primaryimage"},"image":{"@id":"https:\/\/www.beautypristroje.sk\/produkt\/pore-cleanse-gel-intense\/#primaryimage"},"thumbnailUrl":"https:\/\/www.beautypristroje.sk\/wp-content\/uploads\/2025\/05\/Copy-of-Pore-Cleanse-Gel-Intense-A.png","datePublished":"2025-05-13T07:45:11+00:00","dateModified":"2025-12-10T08:46:14+00:00","description":"Medik8 Pore Cleanse Gel Intense \u2122 150ml \u00fa\u010dinne \u010dist\u00ed ucpan\u00e9 p\u00f3ry s mand\u013eovou, salicylovou, mlie\u010dnou kyselinou a extraktom z \u010derven\u00e9ho jetele.","breadcrumb":{"@id":"https:\/\/www.beautypristroje.sk\/produkt\/pore-cleanse-gel-intense\/#breadcrumb"},"inLanguage":"en-GB","potentialAction":[{"@type":"ReadAction","target":["https:\/\/www.beautypristroje.sk\/produkt\/pore-cleanse-gel-intense\/"]}]},{"@type":"ImageObject","inLanguage":"en-GB","@id":"https:\/\/www.beautypristroje.sk\/produkt\/pore-cleanse-gel-intense\/#primaryimage","url":"https:\/\/www.beautypristroje.sk\/wp-content\/uploads\/2025\/05\/Copy-of-Pore-Cleanse-Gel-Intense-A.png","contentUrl":"https:\/\/www.beautypristroje.sk\/wp-content\/uploads\/2025\/05\/Copy-of-Pore-Cleanse-Gel-Intense-A.png","width":2000,"height":2000,"caption":"Pore Cleanse Gel Intense\u2122 150ml \u2013 \u010distiaci g\u00e9l na ucpan\u00e9 p\u00f3ry s mand\u013eovou, salicylovou a mlie\u010dnou kyselinou a extraktom z \u010derven\u00e9ho jetele."},{"@type":"BreadcrumbList","@id":"https:\/\/www.beautypristroje.sk\/produkt\/pore-cleanse-gel-intense\/#breadcrumb","itemListElement":[{"@type":"ListItem","position":1,"name":"Domovsk\u00e1 str\u00e1nka","item":"https:\/\/www.beautypristroje.sk\/"},{"@type":"ListItem","position":2,"name":"Obchod","item":"https:\/\/www.beautypristroje.sk\/obchod\/"},{"@type":"ListItem","position":3,"name":"Medik8 Pore Cleanse Gel Intense\u2122"}]},{"@type":"WebSite","@id":"https:\/\/www.beautypristroje.sk\/#website","url":"https:\/\/www.beautypristroje.sk\/","name":"Beauty pr\u00edstroje","description":"Profesion\u00e1lne kozmetick\u00e9 pr\u00edstroje pre sal\u00f3ny a kliniky","potentialAction":[{"@type":"SearchAction","target":{"@type":"EntryPoint","urlTemplate":"https:\/\/www.beautypristroje.sk\/?s={search_term_string}"},"query-input":{"@type":"PropertyValueSpecification","valueRequired":true,"valueName":"search_term_string"}}],"inLanguage":"en-GB"}]}},"_links":{"self":[{"href":"https:\/\/www.beautypristroje.sk\/en\/wp-json\/wp\/v2\/product\/899","targetHints":{"allow":["GET"]}}],"collection":[{"href":"https:\/\/www.beautypristroje.sk\/en\/wp-json\/wp\/v2\/product"}],"about":[{"href":"https:\/\/www.beautypristroje.sk\/en\/wp-json\/wp\/v2\/types\/product"}],"replies":[{"embeddable":true,"href":"https:\/\/www.beautypristroje.sk\/en\/wp-json\/wp\/v2\/comments?post=899"}],"wp:featuredmedia":[{"embeddable":true,"href":"https:\/\/www.beautypristroje.sk\/en\/wp-json\/wp\/v2\/media\/901"}],"wp:attachment":[{"href":"https:\/\/www.beautypristroje.sk\/en\/wp-json\/wp\/v2\/media?parent=899"}],"wp:term":[{"taxonomy":"product_brand","embeddable":true,"href":"https:\/\/www.beautypristroje.sk\/en\/wp-json\/wp\/v2\/product_brand?post=899"},{"taxonomy":"product_cat","embeddable":true,"href":"https:\/\/www.beautypristroje.sk\/en\/wp-json\/wp\/v2\/product_cat?post=899"},{"taxonomy":"product_tag","embeddable":true,"href":"https:\/\/www.beautypristroje.sk\/en\/wp-json\/wp\/v2\/product_tag?post=899"}],"curies":[{"name":"wp","href":"https:\/\/api.w.org\/{rel}","templated":true}]}}