{"id":885,"date":"2025-05-13T09:38:43","date_gmt":"2025-05-13T07:38:43","guid":{"rendered":"https:\/\/www.beautypristroje.sk\/?post_type=product&#038;p=885"},"modified":"2025-12-10T09:46:15","modified_gmt":"2025-12-10T08:46:15","slug":"balance-moisturiser-glycolic-acid-activator","status":"publish","type":"product","link":"https:\/\/www.beautypristroje.sk\/en\/product\/balance-moisturiser-glycolic-acid-activator\/","title":{"rendered":"Medik8 Balance Moisturiser &#038; Glycolic Acid Activator\u2122"},"content":{"rendered":"<p>Odha\u013ete vidite\u013ene hladk\u00fa, vyv\u00e1\u017een\u00fa a zdrav\u00fa ple\u0165 s \u013eahk\u00fdm, matuj\u00facim hydrata\u010dn\u00fdm kr\u00e9mom a AHA Surface Perfector &#8211; Medik8 Balance Moisturiser .<\/p>\n<p>Glykolov\u00e1 kyselina aktiv\u00e1tor (na pou\u017eitie 2-3 kr\u00e1t t\u00fd\u017edenne) jemne exfoliuje a vyhlad\u00ed povrch va\u0161ej poko\u017eky, \u010do pom\u00e1ha zlep\u0161i\u0165 absorpciu Balance Moisturiser.<\/p>\n<p>Denn\u00e9 pou\u017e\u00edvanie Balance Moisturiser vidite\u013ene matuje a pom\u00e1ha podporova\u0165 zdrav\u00fd mikrobiom poko\u017eky \u2013 ide\u00e1lne pre ple\u0165 so sklony k mastnoty a nedokonalostiam, ktor\u00e1 sa sna\u017e\u00ed vyv\u00e1\u017ei\u0165 vzh\u013ead pleti.<\/p>\n<p>Tento p\u00e1r produktov zanech\u00e1va ple\u0165 vidite\u013ene vyhladen\u00fa, \u010d\u00edm vytv\u00e1ra perfektn\u00fd z\u00e1klad pre zvy\u0161ok va\u0161ej starostlivosti o ple\u0165 a aplik\u00e1ciu make-upu.<\/p>\n<h3><strong>V\u00ddHODY<\/strong><\/h3>\n<div class=\"copy\">\n<div class=\"copy\">\n<div class=\"copy\">\n<h5>Vidite\u013ene vylep\u0161en\u00e1 ple\u0165<\/h5>\n<p>Zanech\u00e1va ple\u0165 vidite\u013ene hladk\u00fa a matn\u00fa s redukovan\u00fdm za\u010dervenan\u00edm &#8211; ide\u00e1lna pre ple\u0165 s nadmern\u00fdm mazom alebo n\u00e1chyln\u00fa na nedokonalosti.<\/p>\n<h5>Podporen\u00e1 rovnov\u00e1ha mikrobi\u00f3mu<\/h5>\n<\/div>\n<div class=\"copy\">\n<p>Pom\u00e1ha vyv\u00e1\u017ei\u0165 v\u00e1\u0161 mikrobi\u00f3m a zni\u017eova\u0165 bakt\u00e9rie sp\u00f4sobuj\u00face nedokonalosti.<\/p>\n<h5>\u013dahk\u00e1 hydrat\u00e1cia<\/h5>\n<\/div>\n<div class=\"copy\">\n<p>\u013dahk\u00e1 g\u00e9lov\u00e1 textura zanech\u00e1va ple\u0165 hydratovan\u00fa, pru\u017en\u00fa a hladk\u00fa.<\/p>\n<h3><b>K\u013d\u00da\u010cOV\u00c9 ZLO\u017dKY<\/b><\/h3>\n<\/div>\n<\/div>\n<\/div>\n<p><img decoding=\"async\" class=\"list-item-icon\" src=\"https:\/\/medik8.sk\/cdn\/shop\/files\/PDP_Key_Ingredients_Prebiotic_and_Postbiotic.svg?v=1738240643&amp;width=50\" alt=\"Ingredient Icon 1\" width=\"50\" height=\"auto\" \/> Prebiotik\u00e1 &amp; Postbiotik\u00e1<\/p>\n<div class=\"copy\">\n<p>Pom\u00e1haj\u00fa udr\u017eiava\u0165 vyv\u00e1\u017een\u00fd ko\u017en\u00fd mikrobi\u00f3m podporou tvorby prospe\u0161n\u00fdch bakt\u00e9ri\u00ed v poko\u017eke. T\u00fdm prispievaj\u00fa k zdravej a harmonickej pleti.<\/p>\n<h5><img decoding=\"async\" class=\"list-item-icon\" src=\"https:\/\/medik8.sk\/cdn\/shop\/files\/PDP_Key_Ingredients_Niacinimide_1.svg?v=1738240623&amp;width=50\" alt=\"Ingredient Icon 2\" width=\"50\" height=\"auto\" \/>Niacinamide<\/h5>\n<\/div>\n<div class=\"copy\">\n<p>Vitam\u00edn B3 s protiz\u00e1palov\u00fdmi \u00fa\u010dinkami, ktor\u00fd pom\u00e1ha regulova\u0165 tvorbu ko\u017en\u00e9ho mazu a redukova\u0165 podr\u00e1\u017edenie sp\u00f4soben\u00e9 akn\u00e9.<\/p>\n<h5><img decoding=\"async\" class=\"list-item-icon\" src=\"https:\/\/medik8.sk\/cdn\/shop\/files\/PDP_Key_Ingredients_Beta-Glucan.svg?v=1738240630&amp;width=50\" alt=\"Ingredient Icon 3\" width=\"50\" height=\"auto\" \/>Beta-gluk\u00e1n<\/h5>\n<\/div>\n<div class=\"copy\">\n<p>Pr\u00edrodn\u00fd extrakt z ovsa, ktor\u00fd upokojuje a chr\u00e1ni citliv\u00fa poko\u017eku.<\/p>\n<h5><img decoding=\"async\" class=\"list-item-icon\" src=\"https:\/\/medik8.sk\/cdn\/shop\/files\/PDP_Key_Ingredients_Cinnamon_Extract.svg?v=1738240643&amp;width=50\" alt=\"Ingredient Icon 4\" width=\"50\" height=\"auto\" \/> Extrakt zo \u0161korice<\/h5>\n<\/div>\n<div class=\"copy\">\n<p>V\u010faka prirodzen\u00fdm antibakteri\u00e1lnym vlastnostiam pom\u00e1ha obmedzi\u0165 bakt\u00e9rie sp\u00f4sobuj\u00face nedokonalosti a z\u00e1rove\u0148 vyrovn\u00e1va produkciu ko\u017en\u00e9ho mazu.<\/p>\n<h5><img decoding=\"async\" class=\"list-item-icon\" src=\"https:\/\/medik8.sk\/cdn\/shop\/files\/PDP_Key_Ingredients_Glycolic_Acid_Molecule.svg?v=1738240597&amp;width=50\" alt=\"Ingredient Icon 5\" width=\"50\" height=\"auto\" \/> Kyselina glykolov\u00e1<\/h5>\n<\/div>\n<div class=\"copy\">\n<p>Najmen\u0161ia molekula zo v\u0161etk\u00fdch AHA kysel\u00edn, v\u010faka \u010domu je naj\u00fa\u010dinnej\u0161ia. Pom\u00e1ha uvo\u013e\u0148ova\u0165 odumret\u00e9 bunky a odha\u013euje hlad\u0161iu a jasnej\u0161iu ple\u0165.<\/p>\n<\/div>\n<h3><strong>AKO POU\u017d\u00cdVA\u0164<\/strong><\/h3>\n<p>Po vy\u010disten\u00ed pleti r\u00e1no a ve\u010der naneste Balance Moisturiser rovnomerne na tv\u00e1r, krk a dekolt. Pre exfoli\u00e1ciu a lep\u0161ie v\u00fdsledky pou\u017e\u00edvajte Glycolic Acid Activator 2-3 kr\u00e1t t\u00fd\u017edenne. Po o\u010disten\u00ed pleti ve\u010der naneste 4-6 kvapiek na tv\u00e1r, krk a dekolt. Po zaschnut\u00ed naneste Balance Moisturiser.<\/p>\n<h6>POZN\u00c1MKA<\/h6>\n<p>Produkty aplikujte samostatne, nemie\u0161ajte Glycolic Acid Activator a Balance Moisturiser priamo.<\/p>\n<h3><strong>OBSAH BALENIA<\/strong><\/h3>\n<p>Balenie kr\u00e9mu 50 ml, vydr\u017e\u00ed pribli\u017ene 50 aplik\u00e1ci\u00ed.<br \/>\nObsah balenia aktiv\u00e1tora kyseliny glykolovej je 5 ml.<br \/>\nPo otvoren\u00ed produkty vydr\u017eia 30 mesiacov.<\/p>\n<h3><strong>ZLO\u017dENIE<\/strong><\/h3>\n<p>Balance Moisturiser: Aqua (Water), Saccharide Isomerate, Polyacrylamide, Glycerin, C13-14 Isoparaffin, Alpha-Glucan Oligosaccharide, Cetearyl Isononanoate, Cocoglycerides, Dimethicone, Niacinamide, Nylon-12, Capryloyl Glycine, Hexylene Glycol, Phenoxyethanol, Sodium Benzoate, Ethyl Linoleate, Lauric Acid, Laureth-7, Sarcosine, Potassium Sorbate, Ethylhexylglycerin, Propylene Glycol, Glyceryl Polyacrylate, Cinnamomum Zeylanicum Bark Extract, Citrus Aurantium Dulcis (Orange) Peel Oil, Citric Acid, Sodium Citrate, Lactobacillus Extract Filtrate, 1,2-Hexanediol, Beta-Glucan, Caprylyl Glycol, Limonene, Linalool, Citral.<br \/>\nGlycolic Acid Activator: Aqua (Water), Glycolic Acid, Sodium Hydroxide, Butylene Glycol, Polysorbate 20, 1,2-Hexanediol, Sodium Hyaluronate, Caprylhydroxamic Acid, Disodium EDTA.<\/p>\n<p>*Aj ke\u010f sa sna\u017e\u00edme zaisti\u0165 presnos\u0165 tohto zoznamu zlo\u017eiek, niekedy m\u00f4\u017ee d\u00f4js\u0165 k vylep\u0161eniam produktu alebo k miernym rozdielom medzi r\u00f4znymi regi\u00f3nmi na z\u00e1klade miestnych z\u00e1konov. Jedin\u00fd definit\u00edvny zoznam zlo\u017eiek je preto ten, ktor\u00fd je vytla\u010den\u00fd na obale produktu.<\/p>","protected":false},"excerpt":{"rendered":"<p>50ml<\/p>\n<p>97% bezolejov\u00fd\u0301 zmat\u0148uj\u00faci kr\u00e9m s probiotikami a aktiv\u00e1torom s kyselinou glykolovou<br \/>\nPrebiotik\u00e1, probiotik\u00e1, niacinamid, betagluk\u00e1n, extrakt zo \u0161korice<\/p>","protected":false},"featured_media":887,"comment_status":"open","ping_status":"closed","template":"","meta":{"_acf_changed":false},"product_brand":[77],"product_cat":[75,26],"product_tag":[],"class_list":{"0":"post-885","1":"product","2":"type-product","3":"status-publish","4":"has-post-thumbnail","6":"product_brand-medik8","7":"product_cat-kremy-a-sera","8":"product_cat-skincare-produkty","10":"first","11":"instock","12":"taxable","13":"shipping-taxable","14":"purchasable","15":"product-type-simple"},"acf":[],"yoast_head":"<!-- This site is optimized with the Yoast SEO plugin v27.5 - https:\/\/yoast.com\/product\/yoast-seo-wordpress\/ -->\n<title>Medik8 Balance Moisturiser &amp; Glycolic Acid Activator\u2122 - Beauty pr\u00edstroje<\/title>\n<meta name=\"description\" content=\"Balance Moisturiser &amp; Glycolic Acid Activator\u2122 50ml zmat\u0148uje, podporuje rovnov\u00e1hu pleti s probiotikami, niac\u00ednamidom, betagluk\u00e1nom a \u0161koricou.\" \/>\n<meta name=\"robots\" content=\"index, follow, max-snippet:-1, max-image-preview:large, max-video-preview:-1\" \/>\n<link rel=\"canonical\" href=\"https:\/\/www.beautypristroje.sk\/en\/product\/balance-moisturiser-glycolic-acid-activator\/\" \/>\n<meta property=\"og:locale\" content=\"en_GB\" \/>\n<meta property=\"og:type\" content=\"article\" \/>\n<meta property=\"og:title\" content=\"Medik8 Balance Moisturiser &amp; Glycolic Acid Activator\u2122 - Beauty pr\u00edstroje\" \/>\n<meta property=\"og:description\" content=\"Balance Moisturiser &amp; Glycolic Acid Activator\u2122 50ml zmat\u0148uje, podporuje rovnov\u00e1hu pleti s probiotikami, niac\u00ednamidom, betagluk\u00e1nom a \u0161koricou.\" \/>\n<meta property=\"og:url\" content=\"https:\/\/www.beautypristroje.sk\/en\/product\/balance-moisturiser-glycolic-acid-activator\/\" \/>\n<meta property=\"og:site_name\" content=\"Beauty pr\u00edstroje\" \/>\n<meta property=\"article:modified_time\" content=\"2025-12-10T08:46:15+00:00\" \/>\n<meta property=\"og:image\" content=\"https:\/\/www.beautypristroje.sk\/wp-content\/uploads\/2025\/05\/Copy-of-Balance-Moisturiser-with-Glycolic-Acid-Activator-B-1024x1024.png\" \/>\n\t<meta property=\"og:image:width\" content=\"1024\" \/>\n\t<meta property=\"og:image:height\" content=\"1024\" \/>\n\t<meta property=\"og:image:type\" content=\"image\/png\" \/>\n<meta name=\"twitter:card\" content=\"summary_large_image\" \/>\n<meta name=\"twitter:label1\" content=\"Estimated reading time\" \/>\n\t<meta name=\"twitter:data1\" content=\"4 minutes\" \/>\n<script type=\"application\/ld+json\" class=\"yoast-schema-graph\">{\"@context\":\"https:\\\/\\\/schema.org\",\"@graph\":[{\"@type\":\"WebPage\",\"@id\":\"https:\\\/\\\/www.beautypristroje.sk\\\/produkt\\\/balance-moisturiser-glycolic-acid-activator\\\/\",\"url\":\"https:\\\/\\\/www.beautypristroje.sk\\\/produkt\\\/balance-moisturiser-glycolic-acid-activator\\\/\",\"name\":\"Medik8 Balance Moisturiser & Glycolic Acid Activator\u2122 - Beauty pr\u00edstroje\",\"isPartOf\":{\"@id\":\"https:\\\/\\\/www.beautypristroje.sk\\\/#website\"},\"primaryImageOfPage\":{\"@id\":\"https:\\\/\\\/www.beautypristroje.sk\\\/produkt\\\/balance-moisturiser-glycolic-acid-activator\\\/#primaryimage\"},\"image\":{\"@id\":\"https:\\\/\\\/www.beautypristroje.sk\\\/produkt\\\/balance-moisturiser-glycolic-acid-activator\\\/#primaryimage\"},\"thumbnailUrl\":\"https:\\\/\\\/www.beautypristroje.sk\\\/wp-content\\\/uploads\\\/2025\\\/05\\\/Copy-of-Balance-Moisturiser-with-Glycolic-Acid-Activator-B.png\",\"datePublished\":\"2025-05-13T07:38:43+00:00\",\"dateModified\":\"2025-12-10T08:46:15+00:00\",\"description\":\"Balance Moisturiser & Glycolic Acid Activator\u2122 50ml zmat\u0148uje, podporuje rovnov\u00e1hu pleti s probiotikami, niac\u00ednamidom, betagluk\u00e1nom a \u0161koricou.\",\"breadcrumb\":{\"@id\":\"https:\\\/\\\/www.beautypristroje.sk\\\/produkt\\\/balance-moisturiser-glycolic-acid-activator\\\/#breadcrumb\"},\"inLanguage\":\"en-GB\",\"potentialAction\":[{\"@type\":\"ReadAction\",\"target\":[\"https:\\\/\\\/www.beautypristroje.sk\\\/produkt\\\/balance-moisturiser-glycolic-acid-activator\\\/\"]}]},{\"@type\":\"ImageObject\",\"inLanguage\":\"en-GB\",\"@id\":\"https:\\\/\\\/www.beautypristroje.sk\\\/produkt\\\/balance-moisturiser-glycolic-acid-activator\\\/#primaryimage\",\"url\":\"https:\\\/\\\/www.beautypristroje.sk\\\/wp-content\\\/uploads\\\/2025\\\/05\\\/Copy-of-Balance-Moisturiser-with-Glycolic-Acid-Activator-B.png\",\"contentUrl\":\"https:\\\/\\\/www.beautypristroje.sk\\\/wp-content\\\/uploads\\\/2025\\\/05\\\/Copy-of-Balance-Moisturiser-with-Glycolic-Acid-Activator-B.png\",\"width\":2000,\"height\":2000,\"caption\":\"Balance Moisturiser & Glycolic Acid Activator\u2122 50ml \u2013 bezolejov\u00fd zmat\u0148uj\u00faci kr\u00e9m s probiotikami, prebiotikami, niac\u00ednamidom, betagluk\u00e1nom a \u0161koricov\u00fdm extraktom.\"},{\"@type\":\"BreadcrumbList\",\"@id\":\"https:\\\/\\\/www.beautypristroje.sk\\\/produkt\\\/balance-moisturiser-glycolic-acid-activator\\\/#breadcrumb\",\"itemListElement\":[{\"@type\":\"ListItem\",\"position\":1,\"name\":\"Domovsk\u00e1 str\u00e1nka\",\"item\":\"https:\\\/\\\/www.beautypristroje.sk\\\/\"},{\"@type\":\"ListItem\",\"position\":2,\"name\":\"Obchod\",\"item\":\"https:\\\/\\\/www.beautypristroje.sk\\\/obchod\\\/\"},{\"@type\":\"ListItem\",\"position\":3,\"name\":\"Medik8 Balance Moisturiser &#038; Glycolic Acid Activator\u2122\"}]},{\"@type\":\"WebSite\",\"@id\":\"https:\\\/\\\/www.beautypristroje.sk\\\/#website\",\"url\":\"https:\\\/\\\/www.beautypristroje.sk\\\/\",\"name\":\"Beauty pr\u00edstroje\",\"description\":\"Profesion\u00e1lne kozmetick\u00e9 pr\u00edstroje pre sal\u00f3ny a kliniky\",\"potentialAction\":[{\"@type\":\"SearchAction\",\"target\":{\"@type\":\"EntryPoint\",\"urlTemplate\":\"https:\\\/\\\/www.beautypristroje.sk\\\/?s={search_term_string}\"},\"query-input\":{\"@type\":\"PropertyValueSpecification\",\"valueRequired\":true,\"valueName\":\"search_term_string\"}}],\"inLanguage\":\"en-GB\"}]}<\/script>\n<!-- \/ Yoast SEO plugin. -->","yoast_head_json":{"title":"Medik8 Balance Moisturiser & Glycolic Acid Activator\u2122 - Beauty pr\u00edstroje","description":"Balance Moisturiser & Glycolic Acid Activator\u2122 50ml zmat\u0148uje, podporuje rovnov\u00e1hu pleti s probiotikami, niac\u00ednamidom, betagluk\u00e1nom a \u0161koricou.","robots":{"index":"index","follow":"follow","max-snippet":"max-snippet:-1","max-image-preview":"max-image-preview:large","max-video-preview":"max-video-preview:-1"},"canonical":"https:\/\/www.beautypristroje.sk\/en\/product\/balance-moisturiser-glycolic-acid-activator\/","og_locale":"en_GB","og_type":"article","og_title":"Medik8 Balance Moisturiser & Glycolic Acid Activator\u2122 - Beauty pr\u00edstroje","og_description":"Balance Moisturiser & Glycolic Acid Activator\u2122 50ml zmat\u0148uje, podporuje rovnov\u00e1hu pleti s probiotikami, niac\u00ednamidom, betagluk\u00e1nom a \u0161koricou.","og_url":"https:\/\/www.beautypristroje.sk\/en\/product\/balance-moisturiser-glycolic-acid-activator\/","og_site_name":"Beauty pr\u00edstroje","article_modified_time":"2025-12-10T08:46:15+00:00","og_image":[{"width":1024,"height":1024,"url":"https:\/\/www.beautypristroje.sk\/wp-content\/uploads\/2025\/05\/Copy-of-Balance-Moisturiser-with-Glycolic-Acid-Activator-B-1024x1024.png","type":"image\/png"}],"twitter_card":"summary_large_image","twitter_misc":{"Estimated reading time":"4 minutes"},"schema":{"@context":"https:\/\/schema.org","@graph":[{"@type":"WebPage","@id":"https:\/\/www.beautypristroje.sk\/produkt\/balance-moisturiser-glycolic-acid-activator\/","url":"https:\/\/www.beautypristroje.sk\/produkt\/balance-moisturiser-glycolic-acid-activator\/","name":"Medik8 Balance Moisturiser & Glycolic Acid Activator\u2122 - Beauty pr\u00edstroje","isPartOf":{"@id":"https:\/\/www.beautypristroje.sk\/#website"},"primaryImageOfPage":{"@id":"https:\/\/www.beautypristroje.sk\/produkt\/balance-moisturiser-glycolic-acid-activator\/#primaryimage"},"image":{"@id":"https:\/\/www.beautypristroje.sk\/produkt\/balance-moisturiser-glycolic-acid-activator\/#primaryimage"},"thumbnailUrl":"https:\/\/www.beautypristroje.sk\/wp-content\/uploads\/2025\/05\/Copy-of-Balance-Moisturiser-with-Glycolic-Acid-Activator-B.png","datePublished":"2025-05-13T07:38:43+00:00","dateModified":"2025-12-10T08:46:15+00:00","description":"Balance Moisturiser & Glycolic Acid Activator\u2122 50ml zmat\u0148uje, podporuje rovnov\u00e1hu pleti s probiotikami, niac\u00ednamidom, betagluk\u00e1nom a \u0161koricou.","breadcrumb":{"@id":"https:\/\/www.beautypristroje.sk\/produkt\/balance-moisturiser-glycolic-acid-activator\/#breadcrumb"},"inLanguage":"en-GB","potentialAction":[{"@type":"ReadAction","target":["https:\/\/www.beautypristroje.sk\/produkt\/balance-moisturiser-glycolic-acid-activator\/"]}]},{"@type":"ImageObject","inLanguage":"en-GB","@id":"https:\/\/www.beautypristroje.sk\/produkt\/balance-moisturiser-glycolic-acid-activator\/#primaryimage","url":"https:\/\/www.beautypristroje.sk\/wp-content\/uploads\/2025\/05\/Copy-of-Balance-Moisturiser-with-Glycolic-Acid-Activator-B.png","contentUrl":"https:\/\/www.beautypristroje.sk\/wp-content\/uploads\/2025\/05\/Copy-of-Balance-Moisturiser-with-Glycolic-Acid-Activator-B.png","width":2000,"height":2000,"caption":"Balance Moisturiser & Glycolic Acid Activator\u2122 50ml \u2013 bezolejov\u00fd zmat\u0148uj\u00faci kr\u00e9m s probiotikami, prebiotikami, niac\u00ednamidom, betagluk\u00e1nom a \u0161koricov\u00fdm extraktom."},{"@type":"BreadcrumbList","@id":"https:\/\/www.beautypristroje.sk\/produkt\/balance-moisturiser-glycolic-acid-activator\/#breadcrumb","itemListElement":[{"@type":"ListItem","position":1,"name":"Domovsk\u00e1 str\u00e1nka","item":"https:\/\/www.beautypristroje.sk\/"},{"@type":"ListItem","position":2,"name":"Obchod","item":"https:\/\/www.beautypristroje.sk\/obchod\/"},{"@type":"ListItem","position":3,"name":"Medik8 Balance Moisturiser &#038; Glycolic Acid Activator\u2122"}]},{"@type":"WebSite","@id":"https:\/\/www.beautypristroje.sk\/#website","url":"https:\/\/www.beautypristroje.sk\/","name":"Beauty pr\u00edstroje","description":"Profesion\u00e1lne kozmetick\u00e9 pr\u00edstroje pre sal\u00f3ny a kliniky","potentialAction":[{"@type":"SearchAction","target":{"@type":"EntryPoint","urlTemplate":"https:\/\/www.beautypristroje.sk\/?s={search_term_string}"},"query-input":{"@type":"PropertyValueSpecification","valueRequired":true,"valueName":"search_term_string"}}],"inLanguage":"en-GB"}]}},"_links":{"self":[{"href":"https:\/\/www.beautypristroje.sk\/en\/wp-json\/wp\/v2\/product\/885","targetHints":{"allow":["GET"]}}],"collection":[{"href":"https:\/\/www.beautypristroje.sk\/en\/wp-json\/wp\/v2\/product"}],"about":[{"href":"https:\/\/www.beautypristroje.sk\/en\/wp-json\/wp\/v2\/types\/product"}],"replies":[{"embeddable":true,"href":"https:\/\/www.beautypristroje.sk\/en\/wp-json\/wp\/v2\/comments?post=885"}],"wp:featuredmedia":[{"embeddable":true,"href":"https:\/\/www.beautypristroje.sk\/en\/wp-json\/wp\/v2\/media\/887"}],"wp:attachment":[{"href":"https:\/\/www.beautypristroje.sk\/en\/wp-json\/wp\/v2\/media?parent=885"}],"wp:term":[{"taxonomy":"product_brand","embeddable":true,"href":"https:\/\/www.beautypristroje.sk\/en\/wp-json\/wp\/v2\/product_brand?post=885"},{"taxonomy":"product_cat","embeddable":true,"href":"https:\/\/www.beautypristroje.sk\/en\/wp-json\/wp\/v2\/product_cat?post=885"},{"taxonomy":"product_tag","embeddable":true,"href":"https:\/\/www.beautypristroje.sk\/en\/wp-json\/wp\/v2\/product_tag?post=885"}],"curies":[{"name":"wp","href":"https:\/\/api.w.org\/{rel}","templated":true}]}}