{"id":880,"date":"2025-05-13T09:36:24","date_gmt":"2025-05-13T07:36:24","guid":{"rendered":"https:\/\/www.beautypristroje.sk\/?post_type=product&#038;p=880"},"modified":"2025-12-10T09:46:15","modified_gmt":"2025-12-10T08:46:15","slug":"blemish-control-pads","status":"publish","type":"product","link":"https:\/\/www.beautypristroje.sk\/en\/product\/blemish-control-pads\/","title":{"rendered":"Medik8 Blemish Control Pads\u2122"},"content":{"rendered":"<p>Odha\u013ete vidite\u013ene \u010dist\u00fa a hladk\u00fa ple\u0165 so st\u00e1le dostato\u010dnou hydrat\u00e1ciou v\u010faka Medik8 Blemish Control Pads.<\/p>\n<p>Tieto ultra jemn\u00e9 ple\u0165ov\u00e9 tamp\u00f3ny s\u00fa napusten\u00e9 maxim\u00e1lnou silou kyseliny salicylovej spolu s alanto\u00ednom a glycer\u00ednom pre efekt\u00edvne, no \u0161etrn\u00e9 rie\u0161enie vidite\u013en\u00fdch nedokonalost\u00ed.<\/p>\n<p>Pom\u00e1haj\u00fa rozpusti\u0165 ne\u010distoty hlboko v p\u00f3roch, \u010d\u00edm redukuj\u00fa existuj\u00face nedokonalosti a z\u00e1rove\u0148 predch\u00e1dzaj\u00fa vzniku nov\u00fdch.<\/p>\n<h3><strong>V\u00ddHODY<\/strong><\/h3>\n<div class=\"copy\">\n<div class=\"copy\">\n<div class=\"copy\">\n<h5>Redukcia a prevencia nedokonalost\u00ed<\/h5>\n<p>Rozp\u00fa\u0161\u0165a nahromaden\u00e9 ne\u010distoty v p\u00f3roch, \u010d\u00edm pom\u00e1ha redukova\u0165 existuj\u00face vyr\u00e1\u017eky a zabra\u0148uje vzniku nov\u00fdch.<\/p>\n<h5>Jemn\u00e1, ale \u00fa\u010dinn\u00e1 starostlivos\u0165 o ple\u0165<\/h5>\n<\/div>\n<div class=\"copy\">\n<p>Cielene p\u00f4sob\u00ed na nedokonalosti pleti a z\u00e1rove\u0148 ju upokojuje a hydratuje.<\/p>\n<h5>Jasn\u00e1 a upokojen\u00e1 ple\u0165<\/h5>\n<\/div>\n<div class=\"copy\">\n<p>Podporuje hladk\u00fa, hydratovan\u00fa ple\u0165 bez podr\u00e1\u017edenia \u2013 po\u010das aj po pou\u017eit\u00ed.<\/p>\n<h3><b>K\u013d\u00da\u010cOV\u00c9 ZLO\u017dKY<\/b><\/h3>\n<\/div>\n<\/div>\n<\/div>\n<h5><img decoding=\"async\" class=\"list-item-icon\" src=\"https:\/\/medik8.sk\/cdn\/shop\/files\/PDP_Key_Ingredients_Salicylic_Acid_Molecule.svg?v=1738240597&amp;width=50\" alt=\"Ingredient Icon 1\" width=\"50\" height=\"auto\" \/> Kyselina salicylov\u00e1 (2%)<\/h5>\n<div class=\"copy\">\n<p>Beta-hydroxykyselina (BHA), ktor\u00e1 prenik\u00e1 hlboko do p\u00f3rov, kde rozp\u00fa\u0161\u0165a nahromaden\u00fd maz a odumret\u00e9 bunky, \u010d\u00edm pom\u00e1ha predch\u00e1dza\u0165 vzniku vyr\u00e1\u017eok.<\/p>\n<h5><img decoding=\"async\" class=\"list-item-icon\" src=\"https:\/\/medik8.sk\/cdn\/shop\/files\/PDP_Key_Ingredients_Allantoin_1.svg?v=1738240630&amp;width=50\" alt=\"Ingredient Icon 2\" width=\"50\" height=\"auto\" \/> Allantoin<\/h5>\n<\/div>\n<div class=\"copy\">\n<p>Pr\u00edrodn\u00e1 zlo\u017eka extrahovan\u00e1 z kore\u0148a kostihoja, ktor\u00e1 podporuje prirodzen\u00fd hojiv\u00fd proces poko\u017eky. Pom\u00e1ha ur\u00fdchli\u0165 regener\u00e1ciu ko\u017en\u00fdch buniek a z\u00e1rove\u0148 zjem\u0148uje vzh\u013ead aj pocit poko\u017eky.<\/p>\n<\/div>\n<div class=\"copy\">\n<h5><img decoding=\"async\" class=\"list-item-icon\" src=\"https:\/\/medik8.sk\/cdn\/shop\/files\/PDP_Key_Ingredients_Glycerin_Icon_fd4c1fd1-7d42-4922-8aa5-09a70c44d44b.svg?v=1738240597&amp;width=50\" alt=\"Ingredient Icon 4\" width=\"50\" height=\"auto\" \/>Glycerin<\/h5>\n<\/div>\n<div class=\"copy\">\n<p>Pr\u00edrodn\u00fd humektant, ktor\u00fd zachyt\u00e1va vlhkos\u0165 v poko\u017eke, \u010d\u00edm ju hydratuje a zanech\u00e1va pocit komfortu.<\/p>\n<\/div>\n<h3><strong>AKO POU\u017d\u00cdVA\u0164<\/strong><\/h3>\n<p>Po vy\u010disten\u00ed pleti r\u00e1no a\/alebo ve\u010der jemne pretrite ple\u0165ovou podlo\u017ekou, vyh\u00fdbaj\u00fac sa oblasti o\u010d\u00ed. Pred pokra\u010dovan\u00edm v starostlivosti o ple\u0165 nechajte uschn\u00fa\u0165.<\/p>\n<h3><strong>OBSAH BALENIA<\/strong><\/h3>\n<p>Balenie obsahuje 60 m\u00e4kk\u00fdch bavlnen\u00fdch vank\u00fa\u0161ikov.<\/p>\n<h3><strong>ZLO\u017dENIE<\/strong><\/h3>\n<p>Aqua (Water), Cocamidopropyl Dimethylamine, Salicylic Acid, Glycerin, Phenoxyethanol, Allantoin, Sodium Hydroxide, Ethylhexylglycerin, Mentha Viridis (Spearmint) Leaf Oil, Rosmarinus Officinalis (Rosemary) Leaf Oil, Limonene.<\/p>\n<p>*Aj ke\u010f sa sna\u017e\u00edme zaisti\u0165 presnos\u0165 tohto zoznamu zlo\u017eiek, niekedy m\u00f4\u017ee d\u00f4js\u0165 k vylep\u0161eniam produktu alebo k miernym rozdielom medzi r\u00f4znymi regi\u00f3nmi na z\u00e1klade miestnych z\u00e1konov. Jedin\u00fd definit\u00edvny zoznam zlo\u017eiek je preto ten, ktor\u00fd je vytla\u010den\u00fd na obale produktu.<\/p>","protected":false},"excerpt":{"rendered":"<p>60ks<\/p>\n<p>\u010cistiace vank\u00fa\u0161iky na redukciu akn\u00e9, bez obsahu alkoholu<br \/>\n2% kyselina salicylov\u00e1, alanto\u00edn<\/p>","protected":false},"featured_media":882,"comment_status":"open","ping_status":"closed","template":"","meta":{"_acf_changed":false},"product_brand":[77],"product_cat":[75,26],"product_tag":[],"class_list":{"0":"post-880","1":"product","2":"type-product","3":"status-publish","4":"has-post-thumbnail","6":"product_brand-medik8","7":"product_cat-kremy-a-sera","8":"product_cat-skincare-produkty","10":"first","11":"instock","12":"taxable","13":"shipping-taxable","14":"purchasable","15":"product-type-simple"},"acf":[],"yoast_head":"<!-- This site is optimized with the Yoast SEO plugin v27.5 - https:\/\/yoast.com\/product\/yoast-seo-wordpress\/ -->\n<title>Medik8 Blemish Control Pads\u2122 - Beauty pr\u00edstroje<\/title>\n<meta name=\"description\" content=\"Medik8 Blemish Control Pads \u2122 60ks redukuj\u00fa akn\u00e9 bez alkoholu, s 2% kyselinou salicylovou a alanto\u00ednom pre hlad\u0161iu a \u010distej\u0161iu ple\u0165.\" \/>\n<meta name=\"robots\" content=\"index, follow, max-snippet:-1, max-image-preview:large, max-video-preview:-1\" \/>\n<link rel=\"canonical\" href=\"https:\/\/www.beautypristroje.sk\/en\/product\/blemish-control-pads\/\" \/>\n<meta property=\"og:locale\" content=\"en_GB\" \/>\n<meta property=\"og:type\" content=\"article\" \/>\n<meta property=\"og:title\" content=\"Medik8 Blemish Control Pads\u2122 - Beauty pr\u00edstroje\" \/>\n<meta property=\"og:description\" content=\"Medik8 Blemish Control Pads \u2122 60ks redukuj\u00fa akn\u00e9 bez alkoholu, s 2% kyselinou salicylovou a alanto\u00ednom pre hlad\u0161iu a \u010distej\u0161iu ple\u0165.\" \/>\n<meta property=\"og:url\" content=\"https:\/\/www.beautypristroje.sk\/en\/product\/blemish-control-pads\/\" \/>\n<meta property=\"og:site_name\" content=\"Beauty pr\u00edstroje\" \/>\n<meta property=\"article:modified_time\" content=\"2025-12-10T08:46:15+00:00\" \/>\n<meta property=\"og:image\" content=\"https:\/\/www.beautypristroje.sk\/wp-content\/uploads\/2025\/05\/Copy-of-Blemish-Control-Pads-B.png\" \/>\n\t<meta property=\"og:image:width\" content=\"2000\" \/>\n\t<meta property=\"og:image:height\" content=\"2000\" \/>\n\t<meta property=\"og:image:type\" content=\"image\/png\" \/>\n<meta name=\"twitter:card\" content=\"summary_large_image\" \/>\n<meta name=\"twitter:label1\" content=\"Estimated reading time\" \/>\n\t<meta name=\"twitter:data1\" content=\"3 minutes\" \/>\n<script type=\"application\/ld+json\" class=\"yoast-schema-graph\">{\"@context\":\"https:\\\/\\\/schema.org\",\"@graph\":[{\"@type\":\"WebPage\",\"@id\":\"https:\\\/\\\/www.beautypristroje.sk\\\/produkt\\\/blemish-control-pads\\\/\",\"url\":\"https:\\\/\\\/www.beautypristroje.sk\\\/produkt\\\/blemish-control-pads\\\/\",\"name\":\"Medik8 Blemish Control Pads\u2122 - Beauty pr\u00edstroje\",\"isPartOf\":{\"@id\":\"https:\\\/\\\/www.beautypristroje.sk\\\/#website\"},\"primaryImageOfPage\":{\"@id\":\"https:\\\/\\\/www.beautypristroje.sk\\\/produkt\\\/blemish-control-pads\\\/#primaryimage\"},\"image\":{\"@id\":\"https:\\\/\\\/www.beautypristroje.sk\\\/produkt\\\/blemish-control-pads\\\/#primaryimage\"},\"thumbnailUrl\":\"https:\\\/\\\/www.beautypristroje.sk\\\/wp-content\\\/uploads\\\/2025\\\/05\\\/Copy-of-Blemish-Control-Pads-B.png\",\"datePublished\":\"2025-05-13T07:36:24+00:00\",\"dateModified\":\"2025-12-10T08:46:15+00:00\",\"description\":\"Medik8 Blemish Control Pads \u2122 60ks redukuj\u00fa akn\u00e9 bez alkoholu, s 2% kyselinou salicylovou a alanto\u00ednom pre hlad\u0161iu a \u010distej\u0161iu ple\u0165.\",\"breadcrumb\":{\"@id\":\"https:\\\/\\\/www.beautypristroje.sk\\\/produkt\\\/blemish-control-pads\\\/#breadcrumb\"},\"inLanguage\":\"en-GB\",\"potentialAction\":[{\"@type\":\"ReadAction\",\"target\":[\"https:\\\/\\\/www.beautypristroje.sk\\\/produkt\\\/blemish-control-pads\\\/\"]}]},{\"@type\":\"ImageObject\",\"inLanguage\":\"en-GB\",\"@id\":\"https:\\\/\\\/www.beautypristroje.sk\\\/produkt\\\/blemish-control-pads\\\/#primaryimage\",\"url\":\"https:\\\/\\\/www.beautypristroje.sk\\\/wp-content\\\/uploads\\\/2025\\\/05\\\/Copy-of-Blemish-Control-Pads-B.png\",\"contentUrl\":\"https:\\\/\\\/www.beautypristroje.sk\\\/wp-content\\\/uploads\\\/2025\\\/05\\\/Copy-of-Blemish-Control-Pads-B.png\",\"width\":2000,\"height\":2000,\"caption\":\"Blemish Control Pads\u2122 60ks \u2013 vank\u00fa\u0161iky na redukciu akn\u00e9 bez alkoholu, obsahuj\u00fa 2% kyselinu salicylov\u00fa a alanto\u00edn.\"},{\"@type\":\"BreadcrumbList\",\"@id\":\"https:\\\/\\\/www.beautypristroje.sk\\\/produkt\\\/blemish-control-pads\\\/#breadcrumb\",\"itemListElement\":[{\"@type\":\"ListItem\",\"position\":1,\"name\":\"Domovsk\u00e1 str\u00e1nka\",\"item\":\"https:\\\/\\\/www.beautypristroje.sk\\\/\"},{\"@type\":\"ListItem\",\"position\":2,\"name\":\"Obchod\",\"item\":\"https:\\\/\\\/www.beautypristroje.sk\\\/obchod\\\/\"},{\"@type\":\"ListItem\",\"position\":3,\"name\":\"Medik8 Blemish Control Pads\u2122\"}]},{\"@type\":\"WebSite\",\"@id\":\"https:\\\/\\\/www.beautypristroje.sk\\\/#website\",\"url\":\"https:\\\/\\\/www.beautypristroje.sk\\\/\",\"name\":\"Beauty pr\u00edstroje\",\"description\":\"Profesion\u00e1lne kozmetick\u00e9 pr\u00edstroje pre sal\u00f3ny a kliniky\",\"potentialAction\":[{\"@type\":\"SearchAction\",\"target\":{\"@type\":\"EntryPoint\",\"urlTemplate\":\"https:\\\/\\\/www.beautypristroje.sk\\\/?s={search_term_string}\"},\"query-input\":{\"@type\":\"PropertyValueSpecification\",\"valueRequired\":true,\"valueName\":\"search_term_string\"}}],\"inLanguage\":\"en-GB\"}]}<\/script>\n<!-- \/ Yoast SEO plugin. -->","yoast_head_json":{"title":"Medik8 Blemish Control Pads\u2122 - Beauty pr\u00edstroje","description":"Medik8 Blemish Control Pads \u2122 60ks redukuj\u00fa akn\u00e9 bez alkoholu, s 2% kyselinou salicylovou a alanto\u00ednom pre hlad\u0161iu a \u010distej\u0161iu ple\u0165.","robots":{"index":"index","follow":"follow","max-snippet":"max-snippet:-1","max-image-preview":"max-image-preview:large","max-video-preview":"max-video-preview:-1"},"canonical":"https:\/\/www.beautypristroje.sk\/en\/product\/blemish-control-pads\/","og_locale":"en_GB","og_type":"article","og_title":"Medik8 Blemish Control Pads\u2122 - Beauty pr\u00edstroje","og_description":"Medik8 Blemish Control Pads \u2122 60ks redukuj\u00fa akn\u00e9 bez alkoholu, s 2% kyselinou salicylovou a alanto\u00ednom pre hlad\u0161iu a \u010distej\u0161iu ple\u0165.","og_url":"https:\/\/www.beautypristroje.sk\/en\/product\/blemish-control-pads\/","og_site_name":"Beauty pr\u00edstroje","article_modified_time":"2025-12-10T08:46:15+00:00","og_image":[{"width":2000,"height":2000,"url":"https:\/\/www.beautypristroje.sk\/wp-content\/uploads\/2025\/05\/Copy-of-Blemish-Control-Pads-B.png","type":"image\/png"}],"twitter_card":"summary_large_image","twitter_misc":{"Estimated reading time":"3 minutes"},"schema":{"@context":"https:\/\/schema.org","@graph":[{"@type":"WebPage","@id":"https:\/\/www.beautypristroje.sk\/produkt\/blemish-control-pads\/","url":"https:\/\/www.beautypristroje.sk\/produkt\/blemish-control-pads\/","name":"Medik8 Blemish Control Pads\u2122 - Beauty pr\u00edstroje","isPartOf":{"@id":"https:\/\/www.beautypristroje.sk\/#website"},"primaryImageOfPage":{"@id":"https:\/\/www.beautypristroje.sk\/produkt\/blemish-control-pads\/#primaryimage"},"image":{"@id":"https:\/\/www.beautypristroje.sk\/produkt\/blemish-control-pads\/#primaryimage"},"thumbnailUrl":"https:\/\/www.beautypristroje.sk\/wp-content\/uploads\/2025\/05\/Copy-of-Blemish-Control-Pads-B.png","datePublished":"2025-05-13T07:36:24+00:00","dateModified":"2025-12-10T08:46:15+00:00","description":"Medik8 Blemish Control Pads \u2122 60ks redukuj\u00fa akn\u00e9 bez alkoholu, s 2% kyselinou salicylovou a alanto\u00ednom pre hlad\u0161iu a \u010distej\u0161iu ple\u0165.","breadcrumb":{"@id":"https:\/\/www.beautypristroje.sk\/produkt\/blemish-control-pads\/#breadcrumb"},"inLanguage":"en-GB","potentialAction":[{"@type":"ReadAction","target":["https:\/\/www.beautypristroje.sk\/produkt\/blemish-control-pads\/"]}]},{"@type":"ImageObject","inLanguage":"en-GB","@id":"https:\/\/www.beautypristroje.sk\/produkt\/blemish-control-pads\/#primaryimage","url":"https:\/\/www.beautypristroje.sk\/wp-content\/uploads\/2025\/05\/Copy-of-Blemish-Control-Pads-B.png","contentUrl":"https:\/\/www.beautypristroje.sk\/wp-content\/uploads\/2025\/05\/Copy-of-Blemish-Control-Pads-B.png","width":2000,"height":2000,"caption":"Blemish Control Pads\u2122 60ks \u2013 vank\u00fa\u0161iky na redukciu akn\u00e9 bez alkoholu, obsahuj\u00fa 2% kyselinu salicylov\u00fa a alanto\u00edn."},{"@type":"BreadcrumbList","@id":"https:\/\/www.beautypristroje.sk\/produkt\/blemish-control-pads\/#breadcrumb","itemListElement":[{"@type":"ListItem","position":1,"name":"Domovsk\u00e1 str\u00e1nka","item":"https:\/\/www.beautypristroje.sk\/"},{"@type":"ListItem","position":2,"name":"Obchod","item":"https:\/\/www.beautypristroje.sk\/obchod\/"},{"@type":"ListItem","position":3,"name":"Medik8 Blemish Control Pads\u2122"}]},{"@type":"WebSite","@id":"https:\/\/www.beautypristroje.sk\/#website","url":"https:\/\/www.beautypristroje.sk\/","name":"Beauty pr\u00edstroje","description":"Profesion\u00e1lne kozmetick\u00e9 pr\u00edstroje pre sal\u00f3ny a kliniky","potentialAction":[{"@type":"SearchAction","target":{"@type":"EntryPoint","urlTemplate":"https:\/\/www.beautypristroje.sk\/?s={search_term_string}"},"query-input":{"@type":"PropertyValueSpecification","valueRequired":true,"valueName":"search_term_string"}}],"inLanguage":"en-GB"}]}},"_links":{"self":[{"href":"https:\/\/www.beautypristroje.sk\/en\/wp-json\/wp\/v2\/product\/880","targetHints":{"allow":["GET"]}}],"collection":[{"href":"https:\/\/www.beautypristroje.sk\/en\/wp-json\/wp\/v2\/product"}],"about":[{"href":"https:\/\/www.beautypristroje.sk\/en\/wp-json\/wp\/v2\/types\/product"}],"replies":[{"embeddable":true,"href":"https:\/\/www.beautypristroje.sk\/en\/wp-json\/wp\/v2\/comments?post=880"}],"wp:featuredmedia":[{"embeddable":true,"href":"https:\/\/www.beautypristroje.sk\/en\/wp-json\/wp\/v2\/media\/882"}],"wp:attachment":[{"href":"https:\/\/www.beautypristroje.sk\/en\/wp-json\/wp\/v2\/media?parent=880"}],"wp:term":[{"taxonomy":"product_brand","embeddable":true,"href":"https:\/\/www.beautypristroje.sk\/en\/wp-json\/wp\/v2\/product_brand?post=880"},{"taxonomy":"product_cat","embeddable":true,"href":"https:\/\/www.beautypristroje.sk\/en\/wp-json\/wp\/v2\/product_cat?post=880"},{"taxonomy":"product_tag","embeddable":true,"href":"https:\/\/www.beautypristroje.sk\/en\/wp-json\/wp\/v2\/product_tag?post=880"}],"curies":[{"name":"wp","href":"https:\/\/api.w.org\/{rel}","templated":true}]}}