{"id":874,"date":"2025-05-13T09:34:38","date_gmt":"2025-05-13T07:34:38","guid":{"rendered":"https:\/\/www.beautypristroje.sk\/?post_type=product&#038;p=874"},"modified":"2025-12-10T09:46:15","modified_gmt":"2025-12-10T08:46:15","slug":"blemish-sos","status":"publish","type":"product","link":"https:\/\/www.beautypristroje.sk\/en\/product\/blemish-sos\/","title":{"rendered":"Medik8 Blemish SOS\u2122"},"content":{"rendered":"<p>Zamerajte sa na vzh\u013ead jednotliv\u00fdch nedokonalost\u00ed s Medik8 Blemish SOS .<\/p>\n<p>Tento r\u00fdchlo \u00fa\u010dinkuj\u00faci g\u00e9l na o\u0161etrenie je formulovan\u00fd s maxim\u00e1lnou koncentr\u00e1ciou kyseliny salicylovej (2 %), ktor\u00e1 r\u00fdchlo zni\u017euje vidite\u013enos\u0165 nedokonalost\u00ed, upokojuje za\u010dervenanie pleti a zanech\u00e1va ple\u0165 \u010dist\u00fa a zdrav\u00fa.<\/p>\n<p>R\u00fdchlo schn\u00faci a \u00faplne nevidite\u013en\u00fd na pleti, Medik8 Blemish SOS funguje doma aj na cest\u00e1ch, na \u010distej pleti, ako aj pod alebo nad make-upom.<\/p>\n<p>&nbsp;<\/p>\n<h3><strong>V\u00ddHODY<\/strong><\/h3>\n<div class=\"copy\">\n<div class=\"copy\">\n<div class=\"copy\">\n<h5>R\u00fdchly \u00fa\u010dinok na nedokonalosti<\/h5>\n<p>\u00da\u010dinne redukuje existuj\u00face nedokonalosti a z\u00e1rove\u0148 pom\u00e1ha minimalizova\u0165 bakt\u00e9rie sp\u00f4sobuj\u00face akn\u00e9.<\/p>\n<h5>Vidite\u013ene \u010distej\u0161ia a upokojenej\u0161ia ple\u0165<\/h5>\n<\/div>\n<div class=\"copy\">\n<p>H\u013abkovo \u010dist\u00ed poko\u017eku a zmier\u0148uje vidite\u013en\u00e9 za\u010dervenanie, \u010d\u00edm podporuje jasnej\u0161\u00ed a zdrav\u0161\u00ed vzh\u013ead pleti.<\/p>\n<h5>Vhodn\u00e9 pod aj na makeup<\/h5>\n<\/div>\n<div class=\"copy\">\n<p>Nevidite\u013en\u00e1, r\u00fdchloschn\u00faca text\u00fara zost\u00e1va nen\u00e1padn\u00e1 pri pou\u017eit\u00ed pod alebo nad makeupom.<\/p>\n<h3><b>K\u013d\u00da\u010cOV\u00c9 ZLO\u017dKY<\/b><\/h3>\n<\/div>\n<\/div>\n<\/div>\n<h5><img decoding=\"async\" class=\"list-item-icon\" src=\"https:\/\/medik8.sk\/cdn\/shop\/files\/PDP_Key_Ingredients_Salicylic_Acid_Molecule.svg?v=1738240597&amp;width=50\" alt=\"Ingredient Icon 1\" width=\"50\" height=\"auto\" \/> Kyselina salicylov\u00e1 (2%)<\/h5>\n<div class=\"copy\">\n<p>Exfoliuje a \u010dist\u00ed p\u00f3ry zvn\u00fatra, rozklad\u00e1 upchat\u00fd maz a odumret\u00e9 ko\u017en\u00e9 bunky, ktor\u00e9 m\u00f4\u017eu vies\u0165 k tvorbe nedokonalost\u00ed.<\/p>\n<h5><img decoding=\"async\" class=\"list-item-icon\" src=\"https:\/\/medik8.sk\/cdn\/shop\/files\/PDP_Key_Ingredients_Niacinimide_1.svg?v=1738240623&amp;width=50\" alt=\"Ingredient Icon 2\" width=\"50\" height=\"auto\" \/>Niacinamide<\/h5>\n<\/div>\n<div class=\"copy\">\n<p>Zn\u00e1my aj ako vitam\u00edn B3, m\u00e1 protiz\u00e1palov\u00e9 vlastnosti, ktor\u00e9 upokojuj\u00fa podr\u00e1\u017edenie sp\u00f4soben\u00e9 nedokonalos\u0165ami, z\u00e1rove\u0148 hydratuje poko\u017eku a posil\u0148uje jej ochrann\u00fa bari\u00e9ru.<\/p>\n<h5><img decoding=\"async\" class=\"list-item-icon\" src=\"https:\/\/medik8.sk\/cdn\/shop\/files\/PDP_Key_Ingredients_Azelaic_Acid.svg?v=1738240629&amp;width=50\" alt=\"Ingredient Icon 3\" width=\"50\" height=\"auto\" \/> Kyselina azelaov\u00e1<\/h5>\n<\/div>\n<div class=\"copy\">\n<p>V\u010faka svojim siln\u00fdm antibakteri\u00e1lnym vlastnostiam pom\u00e1ha cielene p\u00f4sobi\u0165 proti bakt\u00e9ri\u00e1m sp\u00f4sobuj\u00facim nedokonalosti a zabra\u0148uje ich vzniku.<\/p>\n<h5><img decoding=\"async\" class=\"list-item-icon\" src=\"https:\/\/medik8.sk\/cdn\/shop\/files\/PDP_Key_Ingredients_Dioic_Acid.svg?v=1738240636&amp;width=50\" alt=\"Ingredient Icon 4\" width=\"50\" height=\"auto\" \/> Dioic Acid<\/h5>\n<\/div>\n<div class=\"copy\">\n<p>Pom\u00e1ha \u010disti\u0165 p\u00f3ry a regulova\u0165 nadmern\u00fa tvorbu mazu, \u010d\u00edm prispieva k prevencii bud\u00facich nedokonalost\u00ed a vyr\u00e1\u017eok.<\/p>\n<\/div>\n<h3><strong>AKO POU\u017d\u00cdVA\u0164<\/strong><\/h3>\n<p>Po vy\u010disten\u00ed r\u00e1no a\/alebo ve\u010der naneste mal\u00e9 mno\u017estvo pomocou \u010dist\u00e9ho prsta pod\u013ea potreby. Jemne vmas\u00edrujte a nechajte vyschn\u00fa\u0165. Mierne \u0161t\u00edpanie je norm\u00e1lne.<\/p>\n<h3><strong>OBSAH BALENIA<\/strong><\/h3>\n<p>Balenie s obsahom 15ml g\u00e9lu, vydr\u017e\u00ed pri be\u017enou u\u017e\u00edvan\u00ed pribli\u017ene 100 lok\u00e1lnych aplik\u00e1ci\u00ed. Po otvoren\u00ed spotrebujte do 12 mesiacov.<\/p>\n<h3><strong>ZLO\u017dENIE<\/strong><\/h3>\n<p>Aqua (Water), Alcohol Denat., Isopentyldiol, Niacinamide, Azelaic Acid, Salicylic Acid, Octadecenedioic Acid, Polyacrylate Crosspolymer-6, Glycerin, Phenoxyethanol, Rosmarinus Officinalis (Rosemary) Leaf Oil, Ethylhexylglycerin, Limonene, Sodium Metabisulfite, Linalool.<\/p>\n<p>*Aj ke\u010f sa sna\u017e\u00edme zaisti\u0165 presnos\u0165 tohto zoznamu zlo\u017eiek, niekedy m\u00f4\u017ee d\u00f4js\u0165 k vylep\u0161eniam produktu alebo k miernym rozdielom medzi r\u00f4znymi regi\u00f3nmi na z\u00e1klade miestnych z\u00e1konov. Jedin\u00fd definit\u00edvny zoznam zlo\u017eiek je preto ten, ktor\u00fd je vytla\u010den\u00fd na obale produktu.<\/p>","protected":false},"excerpt":{"rendered":"<p>15ml<\/p>\n<p>Cielen\u00fd\u0301 g\u00e9l na akn\u00e9 s r\u00fdchlym \u00fa\u010dinkom<br \/>\nKyselina salicylov\u00e1, alanto\u00edn<\/p>","protected":false},"featured_media":876,"comment_status":"open","ping_status":"closed","template":"","meta":{"_acf_changed":false},"product_brand":[77],"product_cat":[75,26],"product_tag":[],"class_list":{"0":"post-874","1":"product","2":"type-product","3":"status-publish","4":"has-post-thumbnail","6":"product_brand-medik8","7":"product_cat-kremy-a-sera","8":"product_cat-skincare-produkty","10":"first","11":"instock","12":"taxable","13":"shipping-taxable","14":"purchasable","15":"product-type-simple"},"acf":[],"yoast_head":"<!-- This site is optimized with the Yoast SEO plugin v27.5 - https:\/\/yoast.com\/product\/yoast-seo-wordpress\/ -->\n<title>Medik8 Blemish SOS\u2122 - Beauty pr\u00edstroje<\/title>\n<meta name=\"description\" content=\"Medik8 Blemish SOS \u2122 15ml \u2013 g\u00e9l na akn\u00e9 s r\u00fdchlym \u00fa\u010dinkom, obsahuje kyselinu salicylov\u00fa a alanto\u00edn pre efekt\u00edvnu redukciu nedokonalost\u00ed pleti.\" \/>\n<meta name=\"robots\" content=\"index, follow, max-snippet:-1, max-image-preview:large, max-video-preview:-1\" \/>\n<link rel=\"canonical\" href=\"https:\/\/www.beautypristroje.sk\/en\/product\/blemish-sos\/\" \/>\n<meta property=\"og:locale\" content=\"en_GB\" \/>\n<meta property=\"og:type\" content=\"article\" \/>\n<meta property=\"og:title\" content=\"Medik8 Blemish SOS\u2122 - Beauty pr\u00edstroje\" \/>\n<meta property=\"og:description\" content=\"Medik8 Blemish SOS \u2122 15ml \u2013 g\u00e9l na akn\u00e9 s r\u00fdchlym \u00fa\u010dinkom, obsahuje kyselinu salicylov\u00fa a alanto\u00edn pre efekt\u00edvnu redukciu nedokonalost\u00ed pleti.\" \/>\n<meta property=\"og:url\" content=\"https:\/\/www.beautypristroje.sk\/en\/product\/blemish-sos\/\" \/>\n<meta property=\"og:site_name\" content=\"Beauty pr\u00edstroje\" \/>\n<meta property=\"article:modified_time\" content=\"2025-12-10T08:46:15+00:00\" \/>\n<meta property=\"og:image\" content=\"https:\/\/www.beautypristroje.sk\/wp-content\/uploads\/2025\/05\/Copy-of-Blemish-SOS-B.png\" \/>\n\t<meta property=\"og:image:width\" content=\"2000\" \/>\n\t<meta property=\"og:image:height\" content=\"2000\" \/>\n\t<meta property=\"og:image:type\" content=\"image\/png\" \/>\n<meta name=\"twitter:card\" content=\"summary_large_image\" \/>\n<meta name=\"twitter:label1\" content=\"Estimated reading time\" \/>\n\t<meta name=\"twitter:data1\" content=\"3 minutes\" \/>\n<script type=\"application\/ld+json\" class=\"yoast-schema-graph\">{\"@context\":\"https:\\\/\\\/schema.org\",\"@graph\":[{\"@type\":\"WebPage\",\"@id\":\"https:\\\/\\\/www.beautypristroje.sk\\\/produkt\\\/blemish-sos\\\/\",\"url\":\"https:\\\/\\\/www.beautypristroje.sk\\\/produkt\\\/blemish-sos\\\/\",\"name\":\"Medik8 Blemish SOS\u2122 - Beauty pr\u00edstroje\",\"isPartOf\":{\"@id\":\"https:\\\/\\\/www.beautypristroje.sk\\\/#website\"},\"primaryImageOfPage\":{\"@id\":\"https:\\\/\\\/www.beautypristroje.sk\\\/produkt\\\/blemish-sos\\\/#primaryimage\"},\"image\":{\"@id\":\"https:\\\/\\\/www.beautypristroje.sk\\\/produkt\\\/blemish-sos\\\/#primaryimage\"},\"thumbnailUrl\":\"https:\\\/\\\/www.beautypristroje.sk\\\/wp-content\\\/uploads\\\/2025\\\/05\\\/Copy-of-Blemish-SOS-B.png\",\"datePublished\":\"2025-05-13T07:34:38+00:00\",\"dateModified\":\"2025-12-10T08:46:15+00:00\",\"description\":\"Medik8 Blemish SOS \u2122 15ml \u2013 g\u00e9l na akn\u00e9 s r\u00fdchlym \u00fa\u010dinkom, obsahuje kyselinu salicylov\u00fa a alanto\u00edn pre efekt\u00edvnu redukciu nedokonalost\u00ed pleti.\",\"breadcrumb\":{\"@id\":\"https:\\\/\\\/www.beautypristroje.sk\\\/produkt\\\/blemish-sos\\\/#breadcrumb\"},\"inLanguage\":\"en-GB\",\"potentialAction\":[{\"@type\":\"ReadAction\",\"target\":[\"https:\\\/\\\/www.beautypristroje.sk\\\/produkt\\\/blemish-sos\\\/\"]}]},{\"@type\":\"ImageObject\",\"inLanguage\":\"en-GB\",\"@id\":\"https:\\\/\\\/www.beautypristroje.sk\\\/produkt\\\/blemish-sos\\\/#primaryimage\",\"url\":\"https:\\\/\\\/www.beautypristroje.sk\\\/wp-content\\\/uploads\\\/2025\\\/05\\\/Copy-of-Blemish-SOS-B.png\",\"contentUrl\":\"https:\\\/\\\/www.beautypristroje.sk\\\/wp-content\\\/uploads\\\/2025\\\/05\\\/Copy-of-Blemish-SOS-B.png\",\"width\":2000,\"height\":2000,\"caption\":\"Blemish SOS\u2122 15ml \u2013 cielen\u00fd g\u00e9l na akn\u00e9 s r\u00fdchlym \u00fa\u010dinkom, obsahuje kyselinu salicylov\u00fa a alanto\u00edn.\"},{\"@type\":\"BreadcrumbList\",\"@id\":\"https:\\\/\\\/www.beautypristroje.sk\\\/produkt\\\/blemish-sos\\\/#breadcrumb\",\"itemListElement\":[{\"@type\":\"ListItem\",\"position\":1,\"name\":\"Domovsk\u00e1 str\u00e1nka\",\"item\":\"https:\\\/\\\/www.beautypristroje.sk\\\/\"},{\"@type\":\"ListItem\",\"position\":2,\"name\":\"Obchod\",\"item\":\"https:\\\/\\\/www.beautypristroje.sk\\\/obchod\\\/\"},{\"@type\":\"ListItem\",\"position\":3,\"name\":\"Medik8 Blemish SOS\u2122\"}]},{\"@type\":\"WebSite\",\"@id\":\"https:\\\/\\\/www.beautypristroje.sk\\\/#website\",\"url\":\"https:\\\/\\\/www.beautypristroje.sk\\\/\",\"name\":\"Beauty pr\u00edstroje\",\"description\":\"Profesion\u00e1lne kozmetick\u00e9 pr\u00edstroje pre sal\u00f3ny a kliniky\",\"potentialAction\":[{\"@type\":\"SearchAction\",\"target\":{\"@type\":\"EntryPoint\",\"urlTemplate\":\"https:\\\/\\\/www.beautypristroje.sk\\\/?s={search_term_string}\"},\"query-input\":{\"@type\":\"PropertyValueSpecification\",\"valueRequired\":true,\"valueName\":\"search_term_string\"}}],\"inLanguage\":\"en-GB\"}]}<\/script>\n<!-- \/ Yoast SEO plugin. -->","yoast_head_json":{"title":"Medik8 Blemish SOS\u2122 - Beauty pr\u00edstroje","description":"Medik8 Blemish SOS \u2122 15ml \u2013 g\u00e9l na akn\u00e9 s r\u00fdchlym \u00fa\u010dinkom, obsahuje kyselinu salicylov\u00fa a alanto\u00edn pre efekt\u00edvnu redukciu nedokonalost\u00ed pleti.","robots":{"index":"index","follow":"follow","max-snippet":"max-snippet:-1","max-image-preview":"max-image-preview:large","max-video-preview":"max-video-preview:-1"},"canonical":"https:\/\/www.beautypristroje.sk\/en\/product\/blemish-sos\/","og_locale":"en_GB","og_type":"article","og_title":"Medik8 Blemish SOS\u2122 - Beauty pr\u00edstroje","og_description":"Medik8 Blemish SOS \u2122 15ml \u2013 g\u00e9l na akn\u00e9 s r\u00fdchlym \u00fa\u010dinkom, obsahuje kyselinu salicylov\u00fa a alanto\u00edn pre efekt\u00edvnu redukciu nedokonalost\u00ed pleti.","og_url":"https:\/\/www.beautypristroje.sk\/en\/product\/blemish-sos\/","og_site_name":"Beauty pr\u00edstroje","article_modified_time":"2025-12-10T08:46:15+00:00","og_image":[{"width":2000,"height":2000,"url":"https:\/\/www.beautypristroje.sk\/wp-content\/uploads\/2025\/05\/Copy-of-Blemish-SOS-B.png","type":"image\/png"}],"twitter_card":"summary_large_image","twitter_misc":{"Estimated reading time":"3 minutes"},"schema":{"@context":"https:\/\/schema.org","@graph":[{"@type":"WebPage","@id":"https:\/\/www.beautypristroje.sk\/produkt\/blemish-sos\/","url":"https:\/\/www.beautypristroje.sk\/produkt\/blemish-sos\/","name":"Medik8 Blemish SOS\u2122 - Beauty pr\u00edstroje","isPartOf":{"@id":"https:\/\/www.beautypristroje.sk\/#website"},"primaryImageOfPage":{"@id":"https:\/\/www.beautypristroje.sk\/produkt\/blemish-sos\/#primaryimage"},"image":{"@id":"https:\/\/www.beautypristroje.sk\/produkt\/blemish-sos\/#primaryimage"},"thumbnailUrl":"https:\/\/www.beautypristroje.sk\/wp-content\/uploads\/2025\/05\/Copy-of-Blemish-SOS-B.png","datePublished":"2025-05-13T07:34:38+00:00","dateModified":"2025-12-10T08:46:15+00:00","description":"Medik8 Blemish SOS \u2122 15ml \u2013 g\u00e9l na akn\u00e9 s r\u00fdchlym \u00fa\u010dinkom, obsahuje kyselinu salicylov\u00fa a alanto\u00edn pre efekt\u00edvnu redukciu nedokonalost\u00ed pleti.","breadcrumb":{"@id":"https:\/\/www.beautypristroje.sk\/produkt\/blemish-sos\/#breadcrumb"},"inLanguage":"en-GB","potentialAction":[{"@type":"ReadAction","target":["https:\/\/www.beautypristroje.sk\/produkt\/blemish-sos\/"]}]},{"@type":"ImageObject","inLanguage":"en-GB","@id":"https:\/\/www.beautypristroje.sk\/produkt\/blemish-sos\/#primaryimage","url":"https:\/\/www.beautypristroje.sk\/wp-content\/uploads\/2025\/05\/Copy-of-Blemish-SOS-B.png","contentUrl":"https:\/\/www.beautypristroje.sk\/wp-content\/uploads\/2025\/05\/Copy-of-Blemish-SOS-B.png","width":2000,"height":2000,"caption":"Blemish SOS\u2122 15ml \u2013 cielen\u00fd g\u00e9l na akn\u00e9 s r\u00fdchlym \u00fa\u010dinkom, obsahuje kyselinu salicylov\u00fa a alanto\u00edn."},{"@type":"BreadcrumbList","@id":"https:\/\/www.beautypristroje.sk\/produkt\/blemish-sos\/#breadcrumb","itemListElement":[{"@type":"ListItem","position":1,"name":"Domovsk\u00e1 str\u00e1nka","item":"https:\/\/www.beautypristroje.sk\/"},{"@type":"ListItem","position":2,"name":"Obchod","item":"https:\/\/www.beautypristroje.sk\/obchod\/"},{"@type":"ListItem","position":3,"name":"Medik8 Blemish SOS\u2122"}]},{"@type":"WebSite","@id":"https:\/\/www.beautypristroje.sk\/#website","url":"https:\/\/www.beautypristroje.sk\/","name":"Beauty pr\u00edstroje","description":"Profesion\u00e1lne kozmetick\u00e9 pr\u00edstroje pre sal\u00f3ny a kliniky","potentialAction":[{"@type":"SearchAction","target":{"@type":"EntryPoint","urlTemplate":"https:\/\/www.beautypristroje.sk\/?s={search_term_string}"},"query-input":{"@type":"PropertyValueSpecification","valueRequired":true,"valueName":"search_term_string"}}],"inLanguage":"en-GB"}]}},"_links":{"self":[{"href":"https:\/\/www.beautypristroje.sk\/en\/wp-json\/wp\/v2\/product\/874","targetHints":{"allow":["GET"]}}],"collection":[{"href":"https:\/\/www.beautypristroje.sk\/en\/wp-json\/wp\/v2\/product"}],"about":[{"href":"https:\/\/www.beautypristroje.sk\/en\/wp-json\/wp\/v2\/types\/product"}],"replies":[{"embeddable":true,"href":"https:\/\/www.beautypristroje.sk\/en\/wp-json\/wp\/v2\/comments?post=874"}],"wp:featuredmedia":[{"embeddable":true,"href":"https:\/\/www.beautypristroje.sk\/en\/wp-json\/wp\/v2\/media\/876"}],"wp:attachment":[{"href":"https:\/\/www.beautypristroje.sk\/en\/wp-json\/wp\/v2\/media?parent=874"}],"wp:term":[{"taxonomy":"product_brand","embeddable":true,"href":"https:\/\/www.beautypristroje.sk\/en\/wp-json\/wp\/v2\/product_brand?post=874"},{"taxonomy":"product_cat","embeddable":true,"href":"https:\/\/www.beautypristroje.sk\/en\/wp-json\/wp\/v2\/product_cat?post=874"},{"taxonomy":"product_tag","embeddable":true,"href":"https:\/\/www.beautypristroje.sk\/en\/wp-json\/wp\/v2\/product_tag?post=874"}],"curies":[{"name":"wp","href":"https:\/\/api.w.org\/{rel}","templated":true}]}}