{"id":861,"date":"2025-05-13T09:29:28","date_gmt":"2025-05-13T07:29:28","guid":{"rendered":"https:\/\/www.beautypristroje.sk\/?post_type=product&#038;p=861"},"modified":"2025-12-10T09:46:15","modified_gmt":"2025-12-10T08:46:15","slug":"oxy-r-peptides","status":"publish","type":"product","link":"https:\/\/www.beautypristroje.sk\/en\/product\/oxy-r-peptides\/","title":{"rendered":"Medik8 Oxy R-Peptides"},"content":{"rendered":"<p>Rozjasnite vzh\u013ead tmav\u00fdch \u0161kv\u0155n a zafarben\u00ed u\u017e za 7 dn\u00ed* s profesion\u00e1lnym peptidov\u00fdm s\u00e9rum Medik8 Oxy R-Peptides<\/p>\n<p>Dostupn\u00e9 iba u Medik8 v predt\u00fdm nedosiahnutej koncentr\u00e1cii 1% oxyresveratrolu, Oxy-R Peptides poskytuje klinicky preuk\u00e1zan\u00e9 \u00fa\u010dinky na v\u0161etky t\u00f3ny pleti, \u010do vedie k vidite\u013ene jasnej\u0161ej, rovnomernej\u0161ej pleti s menej tmav\u00fdmi \u0161kvrnami a jazvami po nedokonalostiach.<\/p>\n<p>Na rozdiel od in\u00fdch, patentovan\u00fd kliknut\u00edm aktivovan\u00fd stabiliza\u010dn\u00fd syst\u00e9m Medik8 zabezpe\u010duje neprekonate\u013en\u00fa silu peptidov pre hlbok\u00e9 vidite\u013en\u00e9 v\u00fdsledky \u2013 od prvej kvapky a\u017e po posledn\u00fa.<\/p>\n<p><em>*Preuk\u00e1zan\u00e9 nez\u00e1visl\u00fdm spotrebite\u013esk\u00fdm v\u00fdskumom realizovan\u00fdm po\u010das 4 t\u00fd\u017ed\u0148ov na 50 \u00fa\u010dastn\u00edkoch s probl\u00e9mami so zafarben\u00edm pleti.<\/em><\/p>\n<h3><strong>V\u00ddHODY<\/strong><\/h3>\n<div class=\"copy\">\n<div class=\"copy\">\n<div class=\"copy\">\n<h5>Profesion\u00e1lna sila proti tmav\u00fdm \u0161kvrn\u00e1m (1 % oxyresveratrol)<\/h5>\n<p>Klinicky preuk\u00e1zan\u00e1 \u00fa\u010dinnos\u0165 pri redukcii tmav\u00fdch \u0161kv\u0155n, sfarbenia a nerovnomern\u00e9ho t\u00f3nu pleti \u2013 jemne, no efekt\u00edvne.<\/p>\n<h5>Preuk\u00e1zan\u00e1 \u00fa\u010dinnos\u0165 na v\u0161etk\u00fdch odtie\u0148och pleti<\/h5>\n<\/div>\n<div class=\"copy\">\n<p>Klinicky dok\u00e1zan\u00e1 \u00fa\u010dinnos\u0165 na v\u0161etk\u00fdch typoch pleti, vr\u00e1tane tmav\u0161\u00edch t\u00f3nov, kde m\u00f4\u017eu by\u0165 vidite\u013en\u00e9 pigmentov\u00e9 \u0161kvrny \u010dastej\u0161\u00edm probl\u00e9mom.<\/p>\n<div class=\"metafield-rich_text_field\">\n<p><em>(Overen\u00e9 nez\u00e1visl\u00fdmi klinick\u00fdmi a spotrebite\u013esk\u00fdmi \u0161t\u00fadiami na Oxy-R Peptides, ktor\u00e9 zah\u0155\u0148ali v\u0161etky t\u00f3ny pleti, pri\u010dom 33 % testovan\u00fdch os\u00f4b patrilo k fototypom 5-6.)<\/em><\/p>\n<\/div>\n<h5>\u00da\u010dinnos\u0165 a\u017e do poslednej kvapky<\/h5>\n<\/div>\n<div class=\"copy\">\n<p>Formula je uchov\u00e1van\u00e1 v jedine\u010dnom stabiliza\u010dnom s\u00e9re a rozdelen\u00e1 do dvoch klik-aktivovan\u00fdch flak\u00f3nov, \u010d\u00edm sa zabezpe\u010duje maxim\u00e1lna stabilita a \u00fa\u010dinnos\u0165 od prv\u00e9ho pou\u017eitia a\u017e po posledn\u00fa kvapku.<\/p>\n<h5>Intenz\u00edvna hydrat\u00e1cia<\/h5>\n<\/div>\n<div class=\"copy\">\n<p>Hydrata\u010dn\u00e9 s\u00e9rum sa okam\u017eite vstreb\u00e1va a zanech\u00e1va hodv\u00e1bny, nemastn\u00fd fini\u0161.<\/p>\n<h3><b>K\u013d\u00da\u010cOV\u00c9 ZLO\u017dKY<\/b><\/h3>\n<\/div>\n<\/div>\n<\/div>\n<h5><img decoding=\"async\" class=\"list-item-icon\" src=\"https:\/\/medik8.sk\/cdn\/shop\/files\/PDP_Key_Ingredients_Oxyresveratrol_Oxy-R.svg?v=1738240623&amp;width=50\" alt=\"Ingredient Icon 1\" width=\"50\" height=\"auto\" \/> 1% Oxyresveratrol (Oxy-R)<\/h5>\n<div class=\"copy\">\n<p>Pr\u00edrodne z\u00edskan\u00fd z moru\u0161ovn\u00edka, oxyresveratrol (vyslovuje sa \u201eox-ee-ress-vera-trol\u201c) patr\u00ed medzi najsilnej\u0161ie rozjas\u0148uj\u00face l\u00e1tky v starostlivosti o ple\u0165. Blokuje \u010dinnos\u0165 tyrozin\u00e1zy, hlavn\u00e9ho enz\u00fdmu zodpovedn\u00e9ho za tvorbu pigmentu, \u010d\u00edm pom\u00e1ha zjednoti\u0165 a rozjasni\u0165 t\u00f3n pleti.<\/p>\n<h5><img decoding=\"async\" class=\"list-item-icon\" src=\"https:\/\/medik8.sk\/cdn\/shop\/files\/PDP_Key_Ingredients_Tetrapeptide-30.svg?v=1738240623&amp;width=50\" alt=\"Ingredient Icon 2\" width=\"50\" height=\"auto\" \/> Tetrapeptide-30<\/h5>\n<\/div>\n<div class=\"copy\">\n<p>Rozjas\u0148uj\u00faci peptid, ktor\u00fd pom\u00e1ha minimalizova\u0165 produkciu tyrozin\u00e1zy a zabra\u0148uje nadmernej tvorbe melan\u00ednu, \u010d\u00edm redukuje vidite\u013en\u00e9 tmav\u00e9 \u0161kvrny.<\/p>\n<h5><img decoding=\"async\" class=\"list-item-icon\" src=\"https:\/\/medik8.sk\/cdn\/shop\/files\/PDP_Key_Ingredients_Acetyl_Glycyl_Beta-Alaine.svg?v=1738240624&amp;width=50\" alt=\"Ingredient Icon 3\" width=\"50\" height=\"auto\" \/> Acetyl Glycyl Beta-Alanine<\/h5>\n<\/div>\n<div class=\"copy\">\n<p>Rozjas\u0148uj\u00faci peptid, ktor\u00fd pom\u00e1ha blokova\u0165 transport melan\u00ednu do ko\u017en\u00fdch buniek, kde nadmern\u00e1 tvorba pigmentu vedie k vidite\u013en\u00fdm tmav\u00fdm \u0161kvrn\u00e1m.<\/p>\n<h5><img decoding=\"async\" class=\"list-item-icon\" src=\"https:\/\/medik8.sk\/cdn\/shop\/files\/PDP_Key_Ingredients_Hyaluronic_Acid_Icon_d4e2f985-4046-45bf-baca-95e3fa3abcc1.svg?v=1738240597&amp;width=50\" alt=\"Ingredient Icon 4\" width=\"50\" height=\"auto\" \/> Kyselina hyalur\u00f3nov\u00e1<\/h5>\n<\/div>\n<div class=\"copy\">\n<p>S schopnos\u0165ou pri\u0165ahova\u0165 a zadr\u017ea\u0165 viac ako 1 000-n\u00e1sobok svojej hmotnosti vo vode, kyselina hyalur\u00f3nov\u00e1 \u010derp\u00e1 vlhkos\u0165 do horn\u00fdch vrstiev poko\u017eky, \u010d\u00edm zanech\u00e1va ple\u0165 hydratovan\u00fa a vidite\u013ene pru\u017en\u00fa.<\/p>\n<\/div>\n<h3><strong>AKO POU\u017d\u00cdVA\u0164<\/strong><\/h3>\n<p>Na aktiv\u00e1ciu pri prvom pou\u017eit\u00ed pevne stla\u010dte vie\u010dko f\u013ea\u0161e, k\u00fdm nezacvakne, a potom pretrepte po dobu 30 sek\u00fand. Vie\u010dko recyklujte a nahradte ho kvapkadlom. Po rannom a ve\u010dernom \u010disten\u00ed pleti naneste 6 kvapiek Oxy-R Peptides na tv\u00e1r, krk a dekolt \u2013 vyh\u00fdbajte sa oblasti okolo o\u010d\u00ed. Nechajte vstreba\u0165 a n\u00e1sledne naneste svoj ob\u013e\u00faben\u00fd ple\u0165ov\u00fd kr\u00e9m.<\/p>\n<h6>POZN\u00c1MKA<\/h6>\n<p>Oxy-R Peptides je dod\u00e1van\u00fd v dvoch 10 ml f\u013ea\u0161iach. Ka\u017ed\u00e1 f\u013ea\u0161a zostane \u00fa\u010dinn\u00e1 6 t\u00fd\u017ed\u0148ov po otvoren\u00ed. Aktivujte druh\u00fa f\u013ea\u0161u po pou\u017eit\u00ed prvej. Skladujte obe f\u013ea\u0161e pri izbovej teplote a mimo dosahu okien po aktiv\u00e1cii.<\/p>\n<h3><strong>OBSAH BALENIA<\/strong><\/h3>\n<p><span>Dod\u00e1va sa v 2 x 10 ml f\u013ea\u0161ti\u010dk\u00e1ch. <\/span><span>Ka\u017ed\u00e1 zostane \u00fa\u010dinn\u00e1 6 t\u00fd\u017ed\u0148ov po otvoren\u00ed.\u00a0<\/span><span>Aktivujte druh\u00fa f\u013ea\u0161ti\u010dku\u00a0a\u017e po spotrebovan\u00ed\u00a0prvej.<\/span><\/p>\n<h3><strong>ZLO\u017dENIE<\/strong><\/h3>\n<p>Aqua (Water), Butylene Glycol, Artocarpus Lakoocha Wood Extract, Hydroxyresveratrol, Gluconolactone, Acetyl Glycyl Beta-Alanine, Glycerin, Lactic Acid, Sodium Hyaluronate, Sodium Benzoate, Disodium EDTA, Tetrapeptide-30, Xanthan Gum, Sodium Metabisulfite, Calcium Gluconate.<\/p>\n<p>*Aj ke\u010f sa sna\u017e\u00edme zaisti\u0165 presnos\u0165 tohto zoznamu zlo\u017eiek, niekedy m\u00f4\u017ee d\u00f4js\u0165 k vylep\u0161eniam produktu alebo k miernym rozdielom medzi r\u00f4znymi regi\u00f3nmi na z\u00e1klade miestnych z\u00e1konov. Jedin\u00fd definit\u00edvny zoznam zlo\u017eiek je preto ten, ktor\u00fd je vytla\u010den\u00fd na obale produktu.<\/p>","protected":false},"excerpt":{"rendered":"<p>2 x 10ml<\/p>\n<p>Rozjas\u0148uj\u00face s\u00e9rum proti pigment\u00e1cii<br \/>\n1% oxyresveratrol, rozjas\u0148uj\u00face peptidy<\/p>","protected":false},"featured_media":867,"comment_status":"open","ping_status":"closed","template":"","meta":{"_acf_changed":false},"product_brand":[77],"product_cat":[75,26],"product_tag":[],"class_list":{"0":"post-861","1":"product","2":"type-product","3":"status-publish","4":"has-post-thumbnail","6":"product_brand-medik8","7":"product_cat-kremy-a-sera","8":"product_cat-skincare-produkty","10":"first","11":"instock","12":"taxable","13":"shipping-taxable","14":"purchasable","15":"product-type-simple"},"acf":[],"yoast_head":"<!-- This site is optimized with the Yoast SEO plugin v27.5 - https:\/\/yoast.com\/product\/yoast-seo-wordpress\/ -->\n<title>Medik8 Oxy R-Peptides - Beauty pr\u00edstroje<\/title>\n<meta name=\"description\" content=\"Medik8 Oxy R-Peptides 2x10ml \u2013 s\u00e9rum proti pigmentov\u00fdm \u0161kvrn\u00e1m, obsahuje 1% oxyresveratrol a rozjas\u0148uj\u00face peptidy pre jednotn\u00fd a \u017eiariv\u00fd t\u00f3n pleti.\" \/>\n<meta name=\"robots\" content=\"index, follow, max-snippet:-1, max-image-preview:large, max-video-preview:-1\" \/>\n<link rel=\"canonical\" href=\"https:\/\/www.beautypristroje.sk\/en\/product\/oxy-r-peptides\/\" \/>\n<meta property=\"og:locale\" content=\"en_GB\" \/>\n<meta property=\"og:type\" content=\"article\" \/>\n<meta property=\"og:title\" content=\"Medik8 Oxy R-Peptides - Beauty pr\u00edstroje\" \/>\n<meta property=\"og:description\" content=\"Medik8 Oxy R-Peptides 2x10ml \u2013 s\u00e9rum proti pigmentov\u00fdm \u0161kvrn\u00e1m, obsahuje 1% oxyresveratrol a rozjas\u0148uj\u00face peptidy pre jednotn\u00fd a \u017eiariv\u00fd t\u00f3n pleti.\" \/>\n<meta property=\"og:url\" content=\"https:\/\/www.beautypristroje.sk\/en\/product\/oxy-r-peptides\/\" \/>\n<meta property=\"og:site_name\" content=\"Beauty pr\u00edstroje\" \/>\n<meta property=\"article:modified_time\" content=\"2025-12-10T08:46:15+00:00\" \/>\n<meta property=\"og:image\" content=\"https:\/\/www.beautypristroje.sk\/wp-content\/uploads\/2025\/05\/Copy-of-Oxy-R-Peptides-Pipette-with-carton-Cutout-2000-X-2000-1024x1024.png\" \/>\n\t<meta property=\"og:image:width\" content=\"1024\" \/>\n\t<meta property=\"og:image:height\" content=\"1024\" \/>\n\t<meta property=\"og:image:type\" content=\"image\/png\" \/>\n<meta name=\"twitter:card\" content=\"summary_large_image\" \/>\n<meta name=\"twitter:label1\" content=\"Estimated reading time\" \/>\n\t<meta name=\"twitter:data1\" content=\"4 minutes\" \/>\n<script type=\"application\/ld+json\" class=\"yoast-schema-graph\">{\"@context\":\"https:\\\/\\\/schema.org\",\"@graph\":[{\"@type\":\"WebPage\",\"@id\":\"https:\\\/\\\/www.beautypristroje.sk\\\/produkt\\\/oxy-r-peptides\\\/\",\"url\":\"https:\\\/\\\/www.beautypristroje.sk\\\/produkt\\\/oxy-r-peptides\\\/\",\"name\":\"Medik8 Oxy R-Peptides - Beauty pr\u00edstroje\",\"isPartOf\":{\"@id\":\"https:\\\/\\\/www.beautypristroje.sk\\\/#website\"},\"primaryImageOfPage\":{\"@id\":\"https:\\\/\\\/www.beautypristroje.sk\\\/produkt\\\/oxy-r-peptides\\\/#primaryimage\"},\"image\":{\"@id\":\"https:\\\/\\\/www.beautypristroje.sk\\\/produkt\\\/oxy-r-peptides\\\/#primaryimage\"},\"thumbnailUrl\":\"https:\\\/\\\/www.beautypristroje.sk\\\/wp-content\\\/uploads\\\/2025\\\/05\\\/Copy-of-Oxy-R-Peptides-Pipette-with-carton-Cutout-2000-X-2000.png\",\"datePublished\":\"2025-05-13T07:29:28+00:00\",\"dateModified\":\"2025-12-10T08:46:15+00:00\",\"description\":\"Medik8 Oxy R-Peptides 2x10ml \u2013 s\u00e9rum proti pigmentov\u00fdm \u0161kvrn\u00e1m, obsahuje 1% oxyresveratrol a rozjas\u0148uj\u00face peptidy pre jednotn\u00fd a \u017eiariv\u00fd t\u00f3n pleti.\",\"breadcrumb\":{\"@id\":\"https:\\\/\\\/www.beautypristroje.sk\\\/produkt\\\/oxy-r-peptides\\\/#breadcrumb\"},\"inLanguage\":\"en-GB\",\"potentialAction\":[{\"@type\":\"ReadAction\",\"target\":[\"https:\\\/\\\/www.beautypristroje.sk\\\/produkt\\\/oxy-r-peptides\\\/\"]}]},{\"@type\":\"ImageObject\",\"inLanguage\":\"en-GB\",\"@id\":\"https:\\\/\\\/www.beautypristroje.sk\\\/produkt\\\/oxy-r-peptides\\\/#primaryimage\",\"url\":\"https:\\\/\\\/www.beautypristroje.sk\\\/wp-content\\\/uploads\\\/2025\\\/05\\\/Copy-of-Oxy-R-Peptides-Pipette-with-carton-Cutout-2000-X-2000.png\",\"contentUrl\":\"https:\\\/\\\/www.beautypristroje.sk\\\/wp-content\\\/uploads\\\/2025\\\/05\\\/Copy-of-Oxy-R-Peptides-Pipette-with-carton-Cutout-2000-X-2000.png\",\"width\":2000,\"height\":2000,\"caption\":\"Oxy R-Peptides 2 x 10ml \u2013 rozjas\u0148uj\u00face s\u00e9rum proti pigment\u00e1cii s 1% oxyresveratrolom a rozjas\u0148uj\u00facimi peptidmi.\"},{\"@type\":\"BreadcrumbList\",\"@id\":\"https:\\\/\\\/www.beautypristroje.sk\\\/produkt\\\/oxy-r-peptides\\\/#breadcrumb\",\"itemListElement\":[{\"@type\":\"ListItem\",\"position\":1,\"name\":\"Domovsk\u00e1 str\u00e1nka\",\"item\":\"https:\\\/\\\/www.beautypristroje.sk\\\/\"},{\"@type\":\"ListItem\",\"position\":2,\"name\":\"Obchod\",\"item\":\"https:\\\/\\\/www.beautypristroje.sk\\\/obchod\\\/\"},{\"@type\":\"ListItem\",\"position\":3,\"name\":\"Medik8 Oxy R-Peptides\"}]},{\"@type\":\"WebSite\",\"@id\":\"https:\\\/\\\/www.beautypristroje.sk\\\/#website\",\"url\":\"https:\\\/\\\/www.beautypristroje.sk\\\/\",\"name\":\"Beauty pr\u00edstroje\",\"description\":\"Profesion\u00e1lne kozmetick\u00e9 pr\u00edstroje pre sal\u00f3ny a kliniky\",\"potentialAction\":[{\"@type\":\"SearchAction\",\"target\":{\"@type\":\"EntryPoint\",\"urlTemplate\":\"https:\\\/\\\/www.beautypristroje.sk\\\/?s={search_term_string}\"},\"query-input\":{\"@type\":\"PropertyValueSpecification\",\"valueRequired\":true,\"valueName\":\"search_term_string\"}}],\"inLanguage\":\"en-GB\"}]}<\/script>\n<!-- \/ Yoast SEO plugin. -->","yoast_head_json":{"title":"Medik8 Oxy R-Peptides - Beauty pr\u00edstroje","description":"Medik8 Oxy R-Peptides 2x10ml \u2013 s\u00e9rum proti pigmentov\u00fdm \u0161kvrn\u00e1m, obsahuje 1% oxyresveratrol a rozjas\u0148uj\u00face peptidy pre jednotn\u00fd a \u017eiariv\u00fd t\u00f3n pleti.","robots":{"index":"index","follow":"follow","max-snippet":"max-snippet:-1","max-image-preview":"max-image-preview:large","max-video-preview":"max-video-preview:-1"},"canonical":"https:\/\/www.beautypristroje.sk\/en\/product\/oxy-r-peptides\/","og_locale":"en_GB","og_type":"article","og_title":"Medik8 Oxy R-Peptides - Beauty pr\u00edstroje","og_description":"Medik8 Oxy R-Peptides 2x10ml \u2013 s\u00e9rum proti pigmentov\u00fdm \u0161kvrn\u00e1m, obsahuje 1% oxyresveratrol a rozjas\u0148uj\u00face peptidy pre jednotn\u00fd a \u017eiariv\u00fd t\u00f3n pleti.","og_url":"https:\/\/www.beautypristroje.sk\/en\/product\/oxy-r-peptides\/","og_site_name":"Beauty pr\u00edstroje","article_modified_time":"2025-12-10T08:46:15+00:00","og_image":[{"width":1024,"height":1024,"url":"https:\/\/www.beautypristroje.sk\/wp-content\/uploads\/2025\/05\/Copy-of-Oxy-R-Peptides-Pipette-with-carton-Cutout-2000-X-2000-1024x1024.png","type":"image\/png"}],"twitter_card":"summary_large_image","twitter_misc":{"Estimated reading time":"4 minutes"},"schema":{"@context":"https:\/\/schema.org","@graph":[{"@type":"WebPage","@id":"https:\/\/www.beautypristroje.sk\/produkt\/oxy-r-peptides\/","url":"https:\/\/www.beautypristroje.sk\/produkt\/oxy-r-peptides\/","name":"Medik8 Oxy R-Peptides - Beauty pr\u00edstroje","isPartOf":{"@id":"https:\/\/www.beautypristroje.sk\/#website"},"primaryImageOfPage":{"@id":"https:\/\/www.beautypristroje.sk\/produkt\/oxy-r-peptides\/#primaryimage"},"image":{"@id":"https:\/\/www.beautypristroje.sk\/produkt\/oxy-r-peptides\/#primaryimage"},"thumbnailUrl":"https:\/\/www.beautypristroje.sk\/wp-content\/uploads\/2025\/05\/Copy-of-Oxy-R-Peptides-Pipette-with-carton-Cutout-2000-X-2000.png","datePublished":"2025-05-13T07:29:28+00:00","dateModified":"2025-12-10T08:46:15+00:00","description":"Medik8 Oxy R-Peptides 2x10ml \u2013 s\u00e9rum proti pigmentov\u00fdm \u0161kvrn\u00e1m, obsahuje 1% oxyresveratrol a rozjas\u0148uj\u00face peptidy pre jednotn\u00fd a \u017eiariv\u00fd t\u00f3n pleti.","breadcrumb":{"@id":"https:\/\/www.beautypristroje.sk\/produkt\/oxy-r-peptides\/#breadcrumb"},"inLanguage":"en-GB","potentialAction":[{"@type":"ReadAction","target":["https:\/\/www.beautypristroje.sk\/produkt\/oxy-r-peptides\/"]}]},{"@type":"ImageObject","inLanguage":"en-GB","@id":"https:\/\/www.beautypristroje.sk\/produkt\/oxy-r-peptides\/#primaryimage","url":"https:\/\/www.beautypristroje.sk\/wp-content\/uploads\/2025\/05\/Copy-of-Oxy-R-Peptides-Pipette-with-carton-Cutout-2000-X-2000.png","contentUrl":"https:\/\/www.beautypristroje.sk\/wp-content\/uploads\/2025\/05\/Copy-of-Oxy-R-Peptides-Pipette-with-carton-Cutout-2000-X-2000.png","width":2000,"height":2000,"caption":"Oxy R-Peptides 2 x 10ml \u2013 rozjas\u0148uj\u00face s\u00e9rum proti pigment\u00e1cii s 1% oxyresveratrolom a rozjas\u0148uj\u00facimi peptidmi."},{"@type":"BreadcrumbList","@id":"https:\/\/www.beautypristroje.sk\/produkt\/oxy-r-peptides\/#breadcrumb","itemListElement":[{"@type":"ListItem","position":1,"name":"Domovsk\u00e1 str\u00e1nka","item":"https:\/\/www.beautypristroje.sk\/"},{"@type":"ListItem","position":2,"name":"Obchod","item":"https:\/\/www.beautypristroje.sk\/obchod\/"},{"@type":"ListItem","position":3,"name":"Medik8 Oxy R-Peptides"}]},{"@type":"WebSite","@id":"https:\/\/www.beautypristroje.sk\/#website","url":"https:\/\/www.beautypristroje.sk\/","name":"Beauty pr\u00edstroje","description":"Profesion\u00e1lne kozmetick\u00e9 pr\u00edstroje pre sal\u00f3ny a kliniky","potentialAction":[{"@type":"SearchAction","target":{"@type":"EntryPoint","urlTemplate":"https:\/\/www.beautypristroje.sk\/?s={search_term_string}"},"query-input":{"@type":"PropertyValueSpecification","valueRequired":true,"valueName":"search_term_string"}}],"inLanguage":"en-GB"}]}},"_links":{"self":[{"href":"https:\/\/www.beautypristroje.sk\/en\/wp-json\/wp\/v2\/product\/861","targetHints":{"allow":["GET"]}}],"collection":[{"href":"https:\/\/www.beautypristroje.sk\/en\/wp-json\/wp\/v2\/product"}],"about":[{"href":"https:\/\/www.beautypristroje.sk\/en\/wp-json\/wp\/v2\/types\/product"}],"replies":[{"embeddable":true,"href":"https:\/\/www.beautypristroje.sk\/en\/wp-json\/wp\/v2\/comments?post=861"}],"wp:featuredmedia":[{"embeddable":true,"href":"https:\/\/www.beautypristroje.sk\/en\/wp-json\/wp\/v2\/media\/867"}],"wp:attachment":[{"href":"https:\/\/www.beautypristroje.sk\/en\/wp-json\/wp\/v2\/media?parent=861"}],"wp:term":[{"taxonomy":"product_brand","embeddable":true,"href":"https:\/\/www.beautypristroje.sk\/en\/wp-json\/wp\/v2\/product_brand?post=861"},{"taxonomy":"product_cat","embeddable":true,"href":"https:\/\/www.beautypristroje.sk\/en\/wp-json\/wp\/v2\/product_cat?post=861"},{"taxonomy":"product_tag","embeddable":true,"href":"https:\/\/www.beautypristroje.sk\/en\/wp-json\/wp\/v2\/product_tag?post=861"}],"curies":[{"name":"wp","href":"https:\/\/api.w.org\/{rel}","templated":true}]}}