{"id":855,"date":"2025-05-13T09:27:10","date_gmt":"2025-05-13T07:27:10","guid":{"rendered":"https:\/\/www.beautypristroje.sk\/?post_type=product&#038;p=855"},"modified":"2025-12-10T09:46:15","modified_gmt":"2025-12-10T08:46:15","slug":"copper-pca-peptides","status":"publish","type":"product","link":"https:\/\/www.beautypristroje.sk\/en\/product\/copper-pca-peptides\/","title":{"rendered":"Medik8 Copper PCA Peptides"},"content":{"rendered":"<p>Objavte hladk\u00fa, \u017eiariv\u00fa a pru\u017en\u00fa ple\u0165 s revolu\u010dnou alternat\u00edvou vitam\u00ednu C &#8211;\u00a0 Medik8 Copper PCA Peptides<\/p>\n<p>Navrhnut\u00fd pre t\u00fdch, ktor\u00ed s\u00fa citliv\u00ed na vitam\u00edn C alebo t\u00fdch, ktor\u00ed h\u013eadaj\u00fa kombin\u00e1ciu antioxida\u010dnej sily a peptidov proti starnutiu. Medik8 Copper PCA Peptides vyu\u017e\u00edva patentovan\u00fa antioxida\u010dn\u00fa zmes Medik8, ktor\u00e1 je a\u017e 5-kr\u00e1t \u00fa\u010dinnej\u0161ia ako \u010fal\u0161\u00ed najlep\u0161\u00ed konkurent v neutralizovan\u00ed vo\u013en\u00fdch radik\u00e1lov po\u0161kodzuj\u00facich ple\u0165.*<\/p>\n<p>V\u00fdsledkom je mladistvej\u0161\u00ed vzh\u013ead pleti, ktor\u00e1 je chr\u00e1nen\u00e1 pred \u0161kodliv\u00fdmi a starn\u00facimi \u00fa\u010dinkami environment\u00e1lnych stresorov.<\/p>\n<p><em>*V\u00fdsledky z testov tret\u00edch str\u00e1n hodnotiacich antioxida\u010dn\u00fa \u00fa\u010dinnos\u0165.<\/em><\/p>\n<h3><strong>V\u00ddHODY<\/strong><\/h3>\n<div class=\"copy\">\n<div class=\"copy\">\n<div class=\"copy\">\n<div class=\"copy\">\n<h5>Mladistvo vyzeraj\u00faca ple\u0165<\/h5>\n<p>Obsahuje siln\u00e9 antioxidanty a peptidy proti starnutiu, ktor\u00e9 vyhladzuj\u00fa jemn\u00e9 linky a vr\u00e1sky a podporuj\u00fa vidite\u013en\u00fa pevnos\u0165 a \u017eiarivos\u0165 pleti.<\/p>\n<h5>Siln\u00e1 antioxida\u010dn\u00e1 ochrana<\/h5>\n<\/div>\n<div class=\"copy\">\n<p>Poskytuje v\u00fdnimo\u010dn\u00fa ochranu pred vo\u013en\u00fdmi radik\u00e1lmi a preuk\u00e1zate\u013ene prevy\u0161uje konkurenciu a\u017e 5-n\u00e1sobne.*<\/p>\n<div class=\"metafield-rich_text_field\">\n<p>*V\u00fdsledky nez\u00e1visl\u00e9ho testovania antioxida\u010dnej \u00fa\u010dinnosti.<\/p>\n<\/div>\n<h5>Ide\u00e1lna alternat\u00edva vitam\u00ednu C<\/h5>\n<\/div>\n<div class=\"copy\">\n<p>Odborne vyvinut\u00e1 ako perfektn\u00e1 vo\u013eba pre citliv\u00fa ple\u0165, ktor\u00e1 neznesie vitam\u00edn C.<\/p>\n<h5>\u00da\u010dinnos\u0165 a\u017e do poslednej kvapky<\/h5>\n<\/div>\n<div class=\"copy\">\n<p>Inovat\u00edvne du\u00e1lne balenie chr\u00e1ni \u010dist\u00fa silu antioxidantov a zabezpe\u010duje ich stabilitu a \u00fa\u010dinnos\u0165 a\u017e do konca.<\/p>\n<h3><b>K\u013d\u00da\u010cOV\u00c9 ZLO\u017dKY<\/b><\/h3>\n<\/div>\n<\/div>\n<\/div>\n<\/div>\n<h5><img decoding=\"async\" class=\"list-item-icon\" src=\"https:\/\/medik8.sk\/cdn\/shop\/files\/PDP_Key_Ingredients_Copper_PCA.svg?v=1738240636&amp;width=50\" alt=\"Ingredient Icon 1\" width=\"50\" height=\"auto\" \/> Me\u010f PCA<\/h5>\n<div class=\"copy\">\n<p>Revolu\u010dn\u00e1 zlo\u017eka, ktor\u00e1 chr\u00e1ni poko\u017eku pred po\u0161koden\u00edm sp\u00f4soben\u00fdm vonkaj\u0161\u00edmi faktormi a z\u00e1rove\u0148 pom\u00e1ha upokojova\u0165 vidite\u013en\u00e9 podr\u00e1\u017edenie.<\/p>\n<h5><img decoding=\"async\" class=\"list-item-icon\" src=\"https:\/\/medik8.sk\/cdn\/shop\/files\/PDP_Key_Ingredients_Dimethylmenthoxy_Chromanol.svg?v=1738240630&amp;width=50\" alt=\"Ingredient Icon 2\" width=\"50\" height=\"auto\" \/> Dimethylmethoxy Chromanol<\/h5>\n<\/div>\n<div class=\"copy\">\n<p>Siln\u00fd antioxidant, ktor\u00fd neutralizuje \u0161kodliv\u00e9 a starnutie ur\u00fdch\u013euj\u00face \u00fa\u010dinky vonkaj\u0161\u00edch stresov\u00fdch faktorov.<\/p>\n<h5><img decoding=\"async\" class=\"list-item-icon\" src=\"https:\/\/medik8.sk\/cdn\/shop\/files\/PDP_Key_Ingredients_Superoxide_Dismutase.svg?v=1738240636&amp;width=50\" alt=\"Ingredient Icon 3\" width=\"50\" height=\"auto\" \/> Superoxide Dismutase<\/h5>\n<\/div>\n<div class=\"copy\">\n<p>Siln\u00fd antioxidant prirodzene sa vyskytuj\u00faci v tele, ktor\u00fd neutralizuje po\u0161kodenie buniek sp\u00f4soben\u00e9 vonkaj\u0161\u00edmi stresormi.<\/p>\n<h5><img decoding=\"async\" class=\"list-item-icon\" src=\"https:\/\/medik8.sk\/cdn\/shop\/files\/PDP_Key_Ingredients_Anti-Ageing_Peptide_Complex.svg?v=1738240636&amp;width=50\" alt=\"Ingredient Icon 4\" width=\"50\" height=\"auto\" \/> Komplex anti-ageing peptidov<\/h5>\n<\/div>\n<div class=\"copy\">\n<p>Kombin\u00e1cia peptidov, ktor\u00e9 podporuj\u00fa tvorbu kolag\u00e9nu pre vidite\u013ene pevnej\u0161iu a vypnutej\u0161iu ple\u0165.<\/p>\n<h5><img decoding=\"async\" class=\"list-item-icon\" src=\"https:\/\/medik8.sk\/cdn\/shop\/files\/PDP_Key_Ingredients_Vitamin_E_Icon_1.svg?v=1738240623&amp;width=50\" alt=\"Ingredient Icon 5\" width=\"50\" height=\"auto\" \/> Vitam\u00edn E<\/h5>\n<\/div>\n<div class=\"copy\">\n<p>Siln\u00fd antioxidant, ktor\u00fd chr\u00e1ni ple\u0165 pred vonkaj\u0161\u00edm stresom a z\u00e1rove\u0148 ju vy\u017eivuje.<\/p>\n<\/div>\n<h3><strong>AKO POU\u017d\u00cdVA\u0164<\/strong><\/h3>\n<p>Po \u010disten\u00ed r\u00e1no a\/alebo ve\u010der naneste mal\u00e9 mno\u017estvo na tv\u00e1r, krk a dekolt, vyh\u00fdbajte sa o\u010dn\u00e9mu okoliu. Nechajte vstreba\u0165 a pokra\u010dujte nanesen\u00edm opa\u013eovacieho kr\u00e9mu (r\u00e1no) a ple\u0165ov\u00e9ho kr\u00e9mu (ve\u010der).<\/p>\n<h6>POZN\u00c1MKA<\/h6>\n<p>Nenan\u00e1\u0161ajte Copper PCA Peptides spolu s vitam\u00ednov\u00fdmi C s\u00e9rami, preto\u017ee si navz\u00e1jom zru\u0161ia vidite\u013en\u00e9 \u00fa\u010dinky.<\/p>\n<h3><strong>OBSAH BALENIA<\/strong><\/h3>\n<p>Balenie s obsahom 30ml produktu.<\/p>\n<h3><strong>ZLO\u017dENIE<\/strong><\/h3>\n<p>Aqua (Water), Cyclopentasiloxane, Glycerin, Caprylic\/Capric Triglyceride, Stearic Acid, Polyacrylamide, Cyclohexasiloxane, Theobroma Cacao Seed Butter, Phenoxyethanol, C13-14 Isoparaffin, Bis-Diglyceryl Polyacyladipate-2, Cetearyl Alcohol, Copper PCA, Niacinamide, Butylene Glycol, Benzyl Alcohol, Laureth-7, Polysilicone-11, Triethanolamine, Aminobutyric Acid, Barium Sulfate, Acrylates\/C10-30 Alkyl Acrylate Crosspolymer, Ethylhexylglycerin, Palmitoyl Tripeptide-1, Palmitoyl Tetrapeptide-7, Dimethylmethoxy Chromanol, Centella Asiatica Extract, Panax Ginseng Root Extract, Portulaca Oleracea Extract, Dehydroacetic Acid, Carbomer, Polysorbate 20, Pentylene Glycol, Sodium Benzoate, Superoxide Dismutase, Tromethamine, Sodium Metabisulfite.<\/p>\n<p>*Aj ke\u010f sa sna\u017e\u00edme zaisti\u0165 presnos\u0165 tohto zoznamu zlo\u017eiek, niekedy m\u00f4\u017ee d\u00f4js\u0165 k vylep\u0161eniam produktu alebo k miernym rozdielom medzi r\u00f4znymi regi\u00f3nmi na z\u00e1klade miestnych z\u00e1konov. Jedin\u00fd definit\u00edvny zoznam zlo\u017eiek je preto ten, ktor\u00fd je vytla\u010den\u00fd na obale produktu.<\/p>","protected":false},"excerpt":{"rendered":"<p>30ml<\/p>\n<p>Antioxida\u010dn\u00e9 peptidov\u00e9 s\u00e9rum<br \/>\nCopper PCA, vitam\u00edn E, dismut\u00e1za, Matrixyl 3000<\/p>","protected":false},"featured_media":857,"comment_status":"open","ping_status":"closed","template":"","meta":{"_acf_changed":false},"product_brand":[77],"product_cat":[75,26],"product_tag":[],"class_list":{"0":"post-855","1":"product","2":"type-product","3":"status-publish","4":"has-post-thumbnail","6":"product_brand-medik8","7":"product_cat-kremy-a-sera","8":"product_cat-skincare-produkty","10":"first","11":"instock","12":"taxable","13":"shipping-taxable","14":"purchasable","15":"product-type-simple"},"acf":[],"yoast_head":"<!-- This site is optimized with the Yoast SEO plugin v27.5 - https:\/\/yoast.com\/product\/yoast-seo-wordpress\/ -->\n<title>Medik8 Copper PCA Peptides - Beauty pr\u00edstroje<\/title>\n<meta name=\"description\" content=\"Copper PCA Peptides 30ml \u2013 antioxida\u010dn\u00e9 peptidov\u00e9 s\u00e9rum s Copper PCA, vitam\u00ednom E a Matrixyl 3000, pr\u00edrodn\u00e1 alternat\u00edva vitam\u00ednu C pre ochranu pleti.\" \/>\n<meta name=\"robots\" content=\"index, follow, max-snippet:-1, max-image-preview:large, max-video-preview:-1\" \/>\n<link rel=\"canonical\" href=\"https:\/\/www.beautypristroje.sk\/en\/product\/copper-pca-peptides\/\" \/>\n<meta property=\"og:locale\" content=\"en_GB\" \/>\n<meta property=\"og:type\" content=\"article\" \/>\n<meta property=\"og:title\" content=\"Medik8 Copper PCA Peptides - Beauty pr\u00edstroje\" \/>\n<meta property=\"og:description\" content=\"Copper PCA Peptides 30ml \u2013 antioxida\u010dn\u00e9 peptidov\u00e9 s\u00e9rum s Copper PCA, vitam\u00ednom E a Matrixyl 3000, pr\u00edrodn\u00e1 alternat\u00edva vitam\u00ednu C pre ochranu pleti.\" \/>\n<meta property=\"og:url\" content=\"https:\/\/www.beautypristroje.sk\/en\/product\/copper-pca-peptides\/\" \/>\n<meta property=\"og:site_name\" content=\"Beauty pr\u00edstroje\" \/>\n<meta property=\"article:modified_time\" content=\"2025-12-10T08:46:15+00:00\" \/>\n<meta property=\"og:image\" content=\"https:\/\/www.beautypristroje.sk\/wp-content\/uploads\/2025\/05\/Copy-of-Copper-PCA-Peptides-B-1024x1024.png\" \/>\n\t<meta property=\"og:image:width\" content=\"1024\" \/>\n\t<meta property=\"og:image:height\" content=\"1024\" \/>\n\t<meta property=\"og:image:type\" content=\"image\/png\" \/>\n<meta name=\"twitter:card\" content=\"summary_large_image\" \/>\n<meta name=\"twitter:label1\" content=\"Estimated reading time\" \/>\n\t<meta name=\"twitter:data1\" content=\"4 minutes\" \/>\n<script type=\"application\/ld+json\" class=\"yoast-schema-graph\">{\"@context\":\"https:\\\/\\\/schema.org\",\"@graph\":[{\"@type\":\"WebPage\",\"@id\":\"https:\\\/\\\/www.beautypristroje.sk\\\/produkt\\\/copper-pca-peptides\\\/\",\"url\":\"https:\\\/\\\/www.beautypristroje.sk\\\/produkt\\\/copper-pca-peptides\\\/\",\"name\":\"Medik8 Copper PCA Peptides - Beauty pr\u00edstroje\",\"isPartOf\":{\"@id\":\"https:\\\/\\\/www.beautypristroje.sk\\\/#website\"},\"primaryImageOfPage\":{\"@id\":\"https:\\\/\\\/www.beautypristroje.sk\\\/produkt\\\/copper-pca-peptides\\\/#primaryimage\"},\"image\":{\"@id\":\"https:\\\/\\\/www.beautypristroje.sk\\\/produkt\\\/copper-pca-peptides\\\/#primaryimage\"},\"thumbnailUrl\":\"https:\\\/\\\/www.beautypristroje.sk\\\/wp-content\\\/uploads\\\/2025\\\/05\\\/Copy-of-Copper-PCA-Peptides-B.png\",\"datePublished\":\"2025-05-13T07:27:10+00:00\",\"dateModified\":\"2025-12-10T08:46:15+00:00\",\"description\":\"Copper PCA Peptides 30ml \u2013 antioxida\u010dn\u00e9 peptidov\u00e9 s\u00e9rum s Copper PCA, vitam\u00ednom E a Matrixyl 3000, pr\u00edrodn\u00e1 alternat\u00edva vitam\u00ednu C pre ochranu pleti.\",\"breadcrumb\":{\"@id\":\"https:\\\/\\\/www.beautypristroje.sk\\\/produkt\\\/copper-pca-peptides\\\/#breadcrumb\"},\"inLanguage\":\"en-GB\",\"potentialAction\":[{\"@type\":\"ReadAction\",\"target\":[\"https:\\\/\\\/www.beautypristroje.sk\\\/produkt\\\/copper-pca-peptides\\\/\"]}]},{\"@type\":\"ImageObject\",\"inLanguage\":\"en-GB\",\"@id\":\"https:\\\/\\\/www.beautypristroje.sk\\\/produkt\\\/copper-pca-peptides\\\/#primaryimage\",\"url\":\"https:\\\/\\\/www.beautypristroje.sk\\\/wp-content\\\/uploads\\\/2025\\\/05\\\/Copy-of-Copper-PCA-Peptides-B.png\",\"contentUrl\":\"https:\\\/\\\/www.beautypristroje.sk\\\/wp-content\\\/uploads\\\/2025\\\/05\\\/Copy-of-Copper-PCA-Peptides-B.png\",\"width\":2000,\"height\":2000,\"caption\":\"Copper PCA Peptides 30ml \u2013 antioxida\u010dn\u00e9 s\u00e9rum s Copper PCA, vitam\u00ednom E, dismut\u00e1zou a Matrixyl 3000, alternat\u00edva vitam\u00ednu C.\"},{\"@type\":\"BreadcrumbList\",\"@id\":\"https:\\\/\\\/www.beautypristroje.sk\\\/produkt\\\/copper-pca-peptides\\\/#breadcrumb\",\"itemListElement\":[{\"@type\":\"ListItem\",\"position\":1,\"name\":\"Domovsk\u00e1 str\u00e1nka\",\"item\":\"https:\\\/\\\/www.beautypristroje.sk\\\/\"},{\"@type\":\"ListItem\",\"position\":2,\"name\":\"Obchod\",\"item\":\"https:\\\/\\\/www.beautypristroje.sk\\\/obchod\\\/\"},{\"@type\":\"ListItem\",\"position\":3,\"name\":\"Medik8 Copper PCA Peptides\"}]},{\"@type\":\"WebSite\",\"@id\":\"https:\\\/\\\/www.beautypristroje.sk\\\/#website\",\"url\":\"https:\\\/\\\/www.beautypristroje.sk\\\/\",\"name\":\"Beauty pr\u00edstroje\",\"description\":\"Profesion\u00e1lne kozmetick\u00e9 pr\u00edstroje pre sal\u00f3ny a kliniky\",\"potentialAction\":[{\"@type\":\"SearchAction\",\"target\":{\"@type\":\"EntryPoint\",\"urlTemplate\":\"https:\\\/\\\/www.beautypristroje.sk\\\/?s={search_term_string}\"},\"query-input\":{\"@type\":\"PropertyValueSpecification\",\"valueRequired\":true,\"valueName\":\"search_term_string\"}}],\"inLanguage\":\"en-GB\"}]}<\/script>\n<!-- \/ Yoast SEO plugin. -->","yoast_head_json":{"title":"Medik8 Copper PCA Peptides - Beauty pr\u00edstroje","description":"Copper PCA Peptides 30ml \u2013 antioxida\u010dn\u00e9 peptidov\u00e9 s\u00e9rum s Copper PCA, vitam\u00ednom E a Matrixyl 3000, pr\u00edrodn\u00e1 alternat\u00edva vitam\u00ednu C pre ochranu pleti.","robots":{"index":"index","follow":"follow","max-snippet":"max-snippet:-1","max-image-preview":"max-image-preview:large","max-video-preview":"max-video-preview:-1"},"canonical":"https:\/\/www.beautypristroje.sk\/en\/product\/copper-pca-peptides\/","og_locale":"en_GB","og_type":"article","og_title":"Medik8 Copper PCA Peptides - Beauty pr\u00edstroje","og_description":"Copper PCA Peptides 30ml \u2013 antioxida\u010dn\u00e9 peptidov\u00e9 s\u00e9rum s Copper PCA, vitam\u00ednom E a Matrixyl 3000, pr\u00edrodn\u00e1 alternat\u00edva vitam\u00ednu C pre ochranu pleti.","og_url":"https:\/\/www.beautypristroje.sk\/en\/product\/copper-pca-peptides\/","og_site_name":"Beauty pr\u00edstroje","article_modified_time":"2025-12-10T08:46:15+00:00","og_image":[{"width":1024,"height":1024,"url":"https:\/\/www.beautypristroje.sk\/wp-content\/uploads\/2025\/05\/Copy-of-Copper-PCA-Peptides-B-1024x1024.png","type":"image\/png"}],"twitter_card":"summary_large_image","twitter_misc":{"Estimated reading time":"4 minutes"},"schema":{"@context":"https:\/\/schema.org","@graph":[{"@type":"WebPage","@id":"https:\/\/www.beautypristroje.sk\/produkt\/copper-pca-peptides\/","url":"https:\/\/www.beautypristroje.sk\/produkt\/copper-pca-peptides\/","name":"Medik8 Copper PCA Peptides - Beauty pr\u00edstroje","isPartOf":{"@id":"https:\/\/www.beautypristroje.sk\/#website"},"primaryImageOfPage":{"@id":"https:\/\/www.beautypristroje.sk\/produkt\/copper-pca-peptides\/#primaryimage"},"image":{"@id":"https:\/\/www.beautypristroje.sk\/produkt\/copper-pca-peptides\/#primaryimage"},"thumbnailUrl":"https:\/\/www.beautypristroje.sk\/wp-content\/uploads\/2025\/05\/Copy-of-Copper-PCA-Peptides-B.png","datePublished":"2025-05-13T07:27:10+00:00","dateModified":"2025-12-10T08:46:15+00:00","description":"Copper PCA Peptides 30ml \u2013 antioxida\u010dn\u00e9 peptidov\u00e9 s\u00e9rum s Copper PCA, vitam\u00ednom E a Matrixyl 3000, pr\u00edrodn\u00e1 alternat\u00edva vitam\u00ednu C pre ochranu pleti.","breadcrumb":{"@id":"https:\/\/www.beautypristroje.sk\/produkt\/copper-pca-peptides\/#breadcrumb"},"inLanguage":"en-GB","potentialAction":[{"@type":"ReadAction","target":["https:\/\/www.beautypristroje.sk\/produkt\/copper-pca-peptides\/"]}]},{"@type":"ImageObject","inLanguage":"en-GB","@id":"https:\/\/www.beautypristroje.sk\/produkt\/copper-pca-peptides\/#primaryimage","url":"https:\/\/www.beautypristroje.sk\/wp-content\/uploads\/2025\/05\/Copy-of-Copper-PCA-Peptides-B.png","contentUrl":"https:\/\/www.beautypristroje.sk\/wp-content\/uploads\/2025\/05\/Copy-of-Copper-PCA-Peptides-B.png","width":2000,"height":2000,"caption":"Copper PCA Peptides 30ml \u2013 antioxida\u010dn\u00e9 s\u00e9rum s Copper PCA, vitam\u00ednom E, dismut\u00e1zou a Matrixyl 3000, alternat\u00edva vitam\u00ednu C."},{"@type":"BreadcrumbList","@id":"https:\/\/www.beautypristroje.sk\/produkt\/copper-pca-peptides\/#breadcrumb","itemListElement":[{"@type":"ListItem","position":1,"name":"Domovsk\u00e1 str\u00e1nka","item":"https:\/\/www.beautypristroje.sk\/"},{"@type":"ListItem","position":2,"name":"Obchod","item":"https:\/\/www.beautypristroje.sk\/obchod\/"},{"@type":"ListItem","position":3,"name":"Medik8 Copper PCA Peptides"}]},{"@type":"WebSite","@id":"https:\/\/www.beautypristroje.sk\/#website","url":"https:\/\/www.beautypristroje.sk\/","name":"Beauty pr\u00edstroje","description":"Profesion\u00e1lne kozmetick\u00e9 pr\u00edstroje pre sal\u00f3ny a kliniky","potentialAction":[{"@type":"SearchAction","target":{"@type":"EntryPoint","urlTemplate":"https:\/\/www.beautypristroje.sk\/?s={search_term_string}"},"query-input":{"@type":"PropertyValueSpecification","valueRequired":true,"valueName":"search_term_string"}}],"inLanguage":"en-GB"}]}},"_links":{"self":[{"href":"https:\/\/www.beautypristroje.sk\/en\/wp-json\/wp\/v2\/product\/855","targetHints":{"allow":["GET"]}}],"collection":[{"href":"https:\/\/www.beautypristroje.sk\/en\/wp-json\/wp\/v2\/product"}],"about":[{"href":"https:\/\/www.beautypristroje.sk\/en\/wp-json\/wp\/v2\/types\/product"}],"replies":[{"embeddable":true,"href":"https:\/\/www.beautypristroje.sk\/en\/wp-json\/wp\/v2\/comments?post=855"}],"wp:featuredmedia":[{"embeddable":true,"href":"https:\/\/www.beautypristroje.sk\/en\/wp-json\/wp\/v2\/media\/857"}],"wp:attachment":[{"href":"https:\/\/www.beautypristroje.sk\/en\/wp-json\/wp\/v2\/media?parent=855"}],"wp:term":[{"taxonomy":"product_brand","embeddable":true,"href":"https:\/\/www.beautypristroje.sk\/en\/wp-json\/wp\/v2\/product_brand?post=855"},{"taxonomy":"product_cat","embeddable":true,"href":"https:\/\/www.beautypristroje.sk\/en\/wp-json\/wp\/v2\/product_cat?post=855"},{"taxonomy":"product_tag","embeddable":true,"href":"https:\/\/www.beautypristroje.sk\/en\/wp-json\/wp\/v2\/product_tag?post=855"}],"curies":[{"name":"wp","href":"https:\/\/api.w.org\/{rel}","templated":true}]}}