{"id":842,"date":"2025-05-13T09:22:10","date_gmt":"2025-05-13T07:22:10","guid":{"rendered":"https:\/\/www.beautypristroje.sk\/?post_type=product&#038;p=842"},"modified":"2025-12-10T09:46:15","modified_gmt":"2025-12-10T08:46:15","slug":"liquid-peptides","status":"publish","type":"product","link":"https:\/\/www.beautypristroje.sk\/en\/product\/liquid-peptides\/","title":{"rendered":"Medik8 Liquid Peptides\u2122"},"content":{"rendered":"<p>Zn\u00ed\u017ete v\u00fdskyt jemn\u00fdch liniek a hlbok\u00fdch vr\u00e1sok len v\u010faka 1 f\u013ea\u0161i Medik8 Liquid Peptides.*<\/p>\n<p>Liquid Peptides je pokro\u010dil\u00e9 denn\u00e9 peptidov\u00e9 s\u00e9rum, ktor\u00e9 je starostlivo vytvoren\u00e9 s 10 peptidmi v zmesi 30 %, aby spomalilo a zabr\u00e1nilo vidite\u013en\u00e9mu tvoreniu jemn\u00fdch liniek a hlbok\u00fdch vr\u00e1sok.<\/p>\n<p>Toto super nabit\u00e9 s\u00e9rum podporuje prirodzen\u00e9 funkcie pleti proti starnutiu a obsahuje technol\u00f3giu dronov\u00e9ho cielenia, ktor\u00e1 dod\u00e1va na\u0161u jedine\u010dn\u00fa zmes siln\u00fdch peptidov tam, kde s\u00fa najviac potrebn\u00e9 v poko\u017eke \u2013 pre maxim\u00e1lne vidite\u013en\u00e9 v\u00fdsledky.<\/p>\n<p>Povedzte &#8222;nie&#8220; jemn\u00fdm link\u00e1m a &#8222;\u00e1no&#8220; hladkej, pevnej a hydratovanej pleti.<\/p>\n<p><em>*Dok\u00e1zan\u00e9 prostredn\u00edctvom nez\u00e1vislej \u0161t\u00fadie na 55 \u00fa\u010dastn\u00edkoch po dobu 8 t\u00fd\u017ed\u0148ov.<\/em><\/p>\n<h3><strong>V\u00ddHODY<\/strong><\/h3>\n<div class=\"copy\">\n<div class=\"copy\">\n<div class=\"copy\">\n<h5>V\u0161estrann\u00fd efekt pre mladistv\u00fd vzh\u013ead<\/h5>\n<p>Jemn\u00e9 linky, mimick\u00e9 vr\u00e1sky aj hlb\u0161ie vr\u00e1sky s\u00fa vidite\u013ene vyhladen\u00e9, zatia\u013e \u010do \u013eahk\u00e9 s\u00e9rum dod\u00e1va pleti pevnos\u0165, pru\u017enos\u0165 a vyrovn\u00e1va jej text\u00faru.<\/p>\n<h5>Intenz\u00edvna hydrat\u00e1cia<\/h5>\n<\/div>\n<div class=\"copy\">\n<p>Preuk\u00e1zate\u013ene zvy\u0161uje hladinu kyseliny hyalur\u00f3novej v poko\u017eke, v\u010faka \u010domu ple\u0165 zost\u00e1va intenz\u00edvne hydratovan\u00e1.<\/p>\n<h5>Peptidov\u00e1 sila presne tam, kde ju ple\u0165 potrebuje<\/h5>\n<\/div>\n<div class=\"copy\">\n<p>Inovat\u00edvna, cielen\u00e1 dronov\u00e1 technol\u00f3gia zabezpe\u010duje, \u017ee \u00fa\u010dinn\u00e9 peptidy s\u00fa doru\u010den\u00e9 presne tam, kde s\u00fa najviac potrebn\u00e9 \u2013 pre maxim\u00e1lne vidite\u013en\u00e9 v\u00fdsledky.<\/p>\n<h5>Posilnenie v\u00fdsledkov proti starnutiu<\/h5>\n<\/div>\n<div class=\"copy\">\n<p>Dokonale dop\u013a\u0148a vidite\u013en\u00e9 v\u00fdsledky proti starnutiu v\u010faka osved\u010denej CSA filozofii Medik8: vitam\u00edn C a opa\u013eovac\u00ed kr\u00e9m cez de\u0148, vitam\u00edn A na noc.<\/p>\n<h3><b>K\u013d\u00da\u010cOV\u00c9 ZLO\u017dKY<\/b><\/h3>\n<\/div>\n<\/div>\n<\/div>\n<h5><img decoding=\"async\" class=\"list-item-icon\" src=\"https:\/\/medik8.sk\/cdn\/shop\/files\/PDP_Key_Ingredients_Matrixyl_3000_Icon_43ed311b-d2c4-4627-9757-b4e455bc93db.svg?v=1738240597&amp;width=50\" alt=\"Ingredient Icon 1\" width=\"50\" height=\"auto\" \/>Matrixyl\u00ae 3000<\/h5>\n<div class=\"copy\">\n<p>Kombin\u00e1cia peptidov, ktor\u00e9 \u201eo\u0161\u00e1lia\u201c poko\u017eku a povzbudia ju k tvorbe viac kolag\u00e9nu, \u010do vedie k vidite\u013en\u00e9mu spevneniu, vypnutiu a vyhladeniu vr\u00e1sok.<\/p>\n<h5><img decoding=\"async\" class=\"list-item-icon\" src=\"https:\/\/medik8.sk\/cdn\/shop\/files\/PDP_Key_Ingredients_Drone-Targeted_Peptide_copy.svg?v=1738240630&amp;width=50\" alt=\"Ingredient Icon 2\" width=\"50\" height=\"auto\" \/> Cielen\u00fd peptid s me\u010fou<\/h5>\n<\/div>\n<div class=\"copy\">\n<p>Encapsulovan\u00fd v polym\u00e9rnom syst\u00e9me, ktor\u00fd sa dost\u00e1va cez vrstvy poko\u017eky a \u0161pecificky podporuje bunky produkuj\u00face kolag\u00e9n.<\/p>\n<h5><img decoding=\"async\" class=\"list-item-icon\" src=\"https:\/\/medik8.sk\/cdn\/shop\/files\/PDP_Key_Ingredients_Drone-Targeted_Peptide_Icon_5bf8c7db-578e-4785-9376-03a20ca648e0.svg?v=1738240597&amp;width=50\" alt=\"Ingredient Icon 3\" width=\"50\" height=\"auto\" \/> Peptid na vyhladenie mimick\u00fdch vr\u00e1sok<\/h5>\n<\/div>\n<div class=\"copy\">\n<p>Inovat\u00edvny peptid, ktor\u00fd p\u00f4sob\u00ed na zmiernenie vzniku a vidite\u013enosti mimick\u00fdch vr\u00e1sok t\u00fdm, \u017ee blokuje cestu ved\u00facu k svalov\u00fdm kontrakci\u00e1m v tv\u00e1ri. T\u00fdm sa poko\u017eka vidite\u013ene vyhladzuje a vyzer\u00e1 mladistvej\u0161ie.<\/p>\n<h5><img decoding=\"async\" class=\"list-item-icon\" src=\"https:\/\/medik8.sk\/cdn\/shop\/files\/PDP_Key_Ingredients_Carnosine_Icon_995358bf-5f4b-44da-b791-66109f8925e1.svg?v=1738240597&amp;width=50\" alt=\"Ingredient Icon 4\" width=\"50\" height=\"auto\" \/> Carnosine<\/h5>\n<\/div>\n<div class=\"copy\">\n<p>Chr\u00e1niaci peptid, ktor\u00fd sa prirodzene vytv\u00e1ra v tele, pom\u00e1ha blokova\u0165 po\u0161kodzuj\u00face cukry pred t\u00fdm, ne\u017e sa navia\u017eu na kolag\u00e9n v poko\u017eke, \u010d\u00edm minimalizuje vidite\u013en\u00e9 tvorenie vr\u00e1sok.<\/p>\n<h5><img decoding=\"async\" class=\"list-item-icon\" src=\"https:\/\/medik8.sk\/cdn\/shop\/files\/PDP_Key_Ingredients_Multi-Weight_Hyaluronic_Acid_Molecule.svg?v=1738240597&amp;width=50\" alt=\"Ingredient Icon 5\" width=\"50\" height=\"auto\" \/> Multi-hmotnostn\u00e1 kyselina hyalur\u00f3nov\u00e1<\/h5>\n<\/div>\n<div class=\"copy\">\n<p>V\u010faka schopnosti pri\u0165ahova\u0165 a zadr\u017ea\u0165 viac ako 1 000-n\u00e1sobok svojej hmotnosti vo vode, multi-hmotnostn\u00e1 kyselina hyalur\u00f3nov\u00e1 \u010derp\u00e1 vlhkos\u0165 do viacer\u00fdch vrstiev poko\u017eky, \u010d\u00edm ju hlboko hydratuje a zanech\u00e1va ple\u0165 pru\u017en\u00fa a hydratovan\u00fa.<\/p>\n<\/div>\n<h3><strong>AKO POU\u017d\u00cdVA\u0164<\/strong><\/h3>\n<p>Po o\u010disten\u00ed pleti r\u00e1no a ve\u010der naneste 6 kvapiek Liquid Peptides na tv\u00e1r, krk a dekolt. Jemne vmas\u00edrujte a nechajte vstreb\u00e1va\u0165. Po vstreban\u00ed naneste svoj ob\u013e\u00faben\u00fd hydrata\u010dn\u00fd kr\u00e9m.<\/p>\n<h3><strong>OBSAH BALENIA<\/strong><\/h3>\n<p>Balenie s obsahom 30ml produktu, vydr\u017e\u00ed pri be\u017enom u\u017e\u00edvan\u00ed r\u00e1no a ve\u010der pribli\u017ene 60 aplik\u00e1ci\u00ed teda vysta\u010d\u00ed na intenz\u00edvnu mesa\u010dn\u00fa k\u00faru.<\/p>\n<h3><strong>ZLO\u017dENIE<\/strong><\/h3>\n<p>Aqua (Water), Glycerin, Butylene Glycol, Inulin, Sodium Hyaluronate, Panthenol, Alpha-Glucan Oligosaccharide, Carnosine, Carbomer, Polysorbate 20, Caprylyl Glycol, Phenoxyethanol, Hydroxypropyl Cyclodextrin, Dunaliella Salina (Green Algae) Extract, Ethylhexylglycerin, Citric Acid, Palmitoyl Tripeptide-5, Sodium Benzoate, Acetyl Hexapeptide-8, Tetrapeptide-21, Pentapeptide-18, Palmitoyl Tripeptide-1, Pantolactone, Palmitoyl Tripeptide-38, Palmitoyl Tetrapeptide-7, Glyceryl Caprylate, Lactic Acid\/Glycolic Acid Copolymer, Polyvinyl Alcohol, Phenylpropanol, Copper Palmitoyl Heptapeptide-14, Heptapeptide-15 Palmitate, Potassium Sorbate, Xanthan Gum.<\/p>\n<p>*Aj ke\u010f sa sna\u017e\u00edme zaisti\u0165 presnos\u0165 tohto zoznamu zlo\u017eiek, niekedy m\u00f4\u017ee d\u00f4js\u0165 k vylep\u0161eniam produktu alebo k miernym rozdielom medzi r\u00f4znymi regi\u00f3nmi na z\u00e1klade miestnych z\u00e1konov. Jedin\u00fd definit\u00edvny zoznam zlo\u017eiek je preto ten, ktor\u00fd je vytla\u010den\u00fd na obale produktu.<\/p>","protected":false},"excerpt":{"rendered":"<p>30ml<\/p>\n<p>Vyhladzuj\u00face peptidov\u00e9 s\u00e9rum<br \/>\n30% zmes peptidov, biol\u00edn, karnosin, prebiotik\u00e1,kyselina hyalur\u00f3nov\u00e1, Matrixyl 300<\/p>","protected":false},"featured_media":844,"comment_status":"open","ping_status":"closed","template":"","meta":{"_acf_changed":false},"product_brand":[77],"product_cat":[75,26],"product_tag":[],"class_list":{"0":"post-842","1":"product","2":"type-product","3":"status-publish","4":"has-post-thumbnail","6":"product_brand-medik8","7":"product_cat-kremy-a-sera","8":"product_cat-skincare-produkty","10":"first","11":"instock","12":"taxable","13":"shipping-taxable","14":"purchasable","15":"product-type-simple"},"acf":[],"yoast_head":"<!-- This site is optimized with the Yoast SEO plugin v27.5 - https:\/\/yoast.com\/product\/yoast-seo-wordpress\/ -->\n<title>Medik8 Liquid Peptides\u2122 - Beauty pr\u00edstroje<\/title>\n<meta name=\"description\" content=\"Medik8 Liquid Peptides \u2122 30ml \u2013 vyhladzuj\u00face s\u00e9rum s 30\u202f% peptidov, biol\u00ednom, karnosinom, prebiotikami a kyselinou hyalur\u00f3novou pre pevnej\u0161iu a hlad\u0161iu ple\u0165.\" \/>\n<meta name=\"robots\" content=\"index, follow, max-snippet:-1, max-image-preview:large, max-video-preview:-1\" \/>\n<link rel=\"canonical\" href=\"https:\/\/www.beautypristroje.sk\/en\/product\/liquid-peptides\/\" \/>\n<meta property=\"og:locale\" content=\"en_GB\" \/>\n<meta property=\"og:type\" content=\"article\" \/>\n<meta property=\"og:title\" content=\"Medik8 Liquid Peptides\u2122 - Beauty pr\u00edstroje\" \/>\n<meta property=\"og:description\" content=\"Medik8 Liquid Peptides \u2122 30ml \u2013 vyhladzuj\u00face s\u00e9rum s 30\u202f% peptidov, biol\u00ednom, karnosinom, prebiotikami a kyselinou hyalur\u00f3novou pre pevnej\u0161iu a hlad\u0161iu ple\u0165.\" \/>\n<meta property=\"og:url\" content=\"https:\/\/www.beautypristroje.sk\/en\/product\/liquid-peptides\/\" \/>\n<meta property=\"og:site_name\" content=\"Beauty pr\u00edstroje\" \/>\n<meta property=\"article:modified_time\" content=\"2025-12-10T08:46:15+00:00\" \/>\n<meta property=\"og:image\" content=\"https:\/\/www.beautypristroje.sk\/wp-content\/uploads\/2025\/05\/Copy-of-Liquid-Peptides-B.png\" \/>\n\t<meta property=\"og:image:width\" content=\"2000\" \/>\n\t<meta property=\"og:image:height\" content=\"2000\" \/>\n\t<meta property=\"og:image:type\" content=\"image\/png\" \/>\n<meta name=\"twitter:card\" content=\"summary_large_image\" \/>\n<meta name=\"twitter:label1\" content=\"Estimated reading time\" \/>\n\t<meta name=\"twitter:data1\" content=\"4 minutes\" \/>\n<script type=\"application\/ld+json\" class=\"yoast-schema-graph\">{\"@context\":\"https:\\\/\\\/schema.org\",\"@graph\":[{\"@type\":\"WebPage\",\"@id\":\"https:\\\/\\\/www.beautypristroje.sk\\\/produkt\\\/liquid-peptides\\\/\",\"url\":\"https:\\\/\\\/www.beautypristroje.sk\\\/produkt\\\/liquid-peptides\\\/\",\"name\":\"Medik8 Liquid Peptides\u2122 - Beauty pr\u00edstroje\",\"isPartOf\":{\"@id\":\"https:\\\/\\\/www.beautypristroje.sk\\\/#website\"},\"primaryImageOfPage\":{\"@id\":\"https:\\\/\\\/www.beautypristroje.sk\\\/produkt\\\/liquid-peptides\\\/#primaryimage\"},\"image\":{\"@id\":\"https:\\\/\\\/www.beautypristroje.sk\\\/produkt\\\/liquid-peptides\\\/#primaryimage\"},\"thumbnailUrl\":\"https:\\\/\\\/www.beautypristroje.sk\\\/wp-content\\\/uploads\\\/2025\\\/05\\\/Copy-of-Liquid-Peptides-B.png\",\"datePublished\":\"2025-05-13T07:22:10+00:00\",\"dateModified\":\"2025-12-10T08:46:15+00:00\",\"description\":\"Medik8 Liquid Peptides \u2122 30ml \u2013 vyhladzuj\u00face s\u00e9rum s 30\u202f% peptidov, biol\u00ednom, karnosinom, prebiotikami a kyselinou hyalur\u00f3novou pre pevnej\u0161iu a hlad\u0161iu ple\u0165.\",\"breadcrumb\":{\"@id\":\"https:\\\/\\\/www.beautypristroje.sk\\\/produkt\\\/liquid-peptides\\\/#breadcrumb\"},\"inLanguage\":\"en-GB\",\"potentialAction\":[{\"@type\":\"ReadAction\",\"target\":[\"https:\\\/\\\/www.beautypristroje.sk\\\/produkt\\\/liquid-peptides\\\/\"]}]},{\"@type\":\"ImageObject\",\"inLanguage\":\"en-GB\",\"@id\":\"https:\\\/\\\/www.beautypristroje.sk\\\/produkt\\\/liquid-peptides\\\/#primaryimage\",\"url\":\"https:\\\/\\\/www.beautypristroje.sk\\\/wp-content\\\/uploads\\\/2025\\\/05\\\/Copy-of-Liquid-Peptides-B.png\",\"contentUrl\":\"https:\\\/\\\/www.beautypristroje.sk\\\/wp-content\\\/uploads\\\/2025\\\/05\\\/Copy-of-Liquid-Peptides-B.png\",\"width\":2000,\"height\":2000,\"caption\":\"Liquid Peptides\u2122 30ml \u2013 vyhladzuj\u00face peptidov\u00e9 s\u00e9rum so 30\u202f% zmesou peptidov, biol\u00ednom, karnosinom, prebiotikami, kyselinou hyalur\u00f3novou a Matrixyl 300.\"},{\"@type\":\"BreadcrumbList\",\"@id\":\"https:\\\/\\\/www.beautypristroje.sk\\\/produkt\\\/liquid-peptides\\\/#breadcrumb\",\"itemListElement\":[{\"@type\":\"ListItem\",\"position\":1,\"name\":\"Domovsk\u00e1 str\u00e1nka\",\"item\":\"https:\\\/\\\/www.beautypristroje.sk\\\/\"},{\"@type\":\"ListItem\",\"position\":2,\"name\":\"Obchod\",\"item\":\"https:\\\/\\\/www.beautypristroje.sk\\\/obchod\\\/\"},{\"@type\":\"ListItem\",\"position\":3,\"name\":\"Medik8 Liquid Peptides\u2122\"}]},{\"@type\":\"WebSite\",\"@id\":\"https:\\\/\\\/www.beautypristroje.sk\\\/#website\",\"url\":\"https:\\\/\\\/www.beautypristroje.sk\\\/\",\"name\":\"Beauty pr\u00edstroje\",\"description\":\"Profesion\u00e1lne kozmetick\u00e9 pr\u00edstroje pre sal\u00f3ny a kliniky\",\"potentialAction\":[{\"@type\":\"SearchAction\",\"target\":{\"@type\":\"EntryPoint\",\"urlTemplate\":\"https:\\\/\\\/www.beautypristroje.sk\\\/?s={search_term_string}\"},\"query-input\":{\"@type\":\"PropertyValueSpecification\",\"valueRequired\":true,\"valueName\":\"search_term_string\"}}],\"inLanguage\":\"en-GB\"}]}<\/script>\n<!-- \/ Yoast SEO plugin. -->","yoast_head_json":{"title":"Medik8 Liquid Peptides\u2122 - Beauty pr\u00edstroje","description":"Medik8 Liquid Peptides \u2122 30ml \u2013 vyhladzuj\u00face s\u00e9rum s 30\u202f% peptidov, biol\u00ednom, karnosinom, prebiotikami a kyselinou hyalur\u00f3novou pre pevnej\u0161iu a hlad\u0161iu ple\u0165.","robots":{"index":"index","follow":"follow","max-snippet":"max-snippet:-1","max-image-preview":"max-image-preview:large","max-video-preview":"max-video-preview:-1"},"canonical":"https:\/\/www.beautypristroje.sk\/en\/product\/liquid-peptides\/","og_locale":"en_GB","og_type":"article","og_title":"Medik8 Liquid Peptides\u2122 - Beauty pr\u00edstroje","og_description":"Medik8 Liquid Peptides \u2122 30ml \u2013 vyhladzuj\u00face s\u00e9rum s 30\u202f% peptidov, biol\u00ednom, karnosinom, prebiotikami a kyselinou hyalur\u00f3novou pre pevnej\u0161iu a hlad\u0161iu ple\u0165.","og_url":"https:\/\/www.beautypristroje.sk\/en\/product\/liquid-peptides\/","og_site_name":"Beauty pr\u00edstroje","article_modified_time":"2025-12-10T08:46:15+00:00","og_image":[{"width":2000,"height":2000,"url":"https:\/\/www.beautypristroje.sk\/wp-content\/uploads\/2025\/05\/Copy-of-Liquid-Peptides-B.png","type":"image\/png"}],"twitter_card":"summary_large_image","twitter_misc":{"Estimated reading time":"4 minutes"},"schema":{"@context":"https:\/\/schema.org","@graph":[{"@type":"WebPage","@id":"https:\/\/www.beautypristroje.sk\/produkt\/liquid-peptides\/","url":"https:\/\/www.beautypristroje.sk\/produkt\/liquid-peptides\/","name":"Medik8 Liquid Peptides\u2122 - Beauty pr\u00edstroje","isPartOf":{"@id":"https:\/\/www.beautypristroje.sk\/#website"},"primaryImageOfPage":{"@id":"https:\/\/www.beautypristroje.sk\/produkt\/liquid-peptides\/#primaryimage"},"image":{"@id":"https:\/\/www.beautypristroje.sk\/produkt\/liquid-peptides\/#primaryimage"},"thumbnailUrl":"https:\/\/www.beautypristroje.sk\/wp-content\/uploads\/2025\/05\/Copy-of-Liquid-Peptides-B.png","datePublished":"2025-05-13T07:22:10+00:00","dateModified":"2025-12-10T08:46:15+00:00","description":"Medik8 Liquid Peptides \u2122 30ml \u2013 vyhladzuj\u00face s\u00e9rum s 30\u202f% peptidov, biol\u00ednom, karnosinom, prebiotikami a kyselinou hyalur\u00f3novou pre pevnej\u0161iu a hlad\u0161iu ple\u0165.","breadcrumb":{"@id":"https:\/\/www.beautypristroje.sk\/produkt\/liquid-peptides\/#breadcrumb"},"inLanguage":"en-GB","potentialAction":[{"@type":"ReadAction","target":["https:\/\/www.beautypristroje.sk\/produkt\/liquid-peptides\/"]}]},{"@type":"ImageObject","inLanguage":"en-GB","@id":"https:\/\/www.beautypristroje.sk\/produkt\/liquid-peptides\/#primaryimage","url":"https:\/\/www.beautypristroje.sk\/wp-content\/uploads\/2025\/05\/Copy-of-Liquid-Peptides-B.png","contentUrl":"https:\/\/www.beautypristroje.sk\/wp-content\/uploads\/2025\/05\/Copy-of-Liquid-Peptides-B.png","width":2000,"height":2000,"caption":"Liquid Peptides\u2122 30ml \u2013 vyhladzuj\u00face peptidov\u00e9 s\u00e9rum so 30\u202f% zmesou peptidov, biol\u00ednom, karnosinom, prebiotikami, kyselinou hyalur\u00f3novou a Matrixyl 300."},{"@type":"BreadcrumbList","@id":"https:\/\/www.beautypristroje.sk\/produkt\/liquid-peptides\/#breadcrumb","itemListElement":[{"@type":"ListItem","position":1,"name":"Domovsk\u00e1 str\u00e1nka","item":"https:\/\/www.beautypristroje.sk\/"},{"@type":"ListItem","position":2,"name":"Obchod","item":"https:\/\/www.beautypristroje.sk\/obchod\/"},{"@type":"ListItem","position":3,"name":"Medik8 Liquid Peptides\u2122"}]},{"@type":"WebSite","@id":"https:\/\/www.beautypristroje.sk\/#website","url":"https:\/\/www.beautypristroje.sk\/","name":"Beauty pr\u00edstroje","description":"Profesion\u00e1lne kozmetick\u00e9 pr\u00edstroje pre sal\u00f3ny a kliniky","potentialAction":[{"@type":"SearchAction","target":{"@type":"EntryPoint","urlTemplate":"https:\/\/www.beautypristroje.sk\/?s={search_term_string}"},"query-input":{"@type":"PropertyValueSpecification","valueRequired":true,"valueName":"search_term_string"}}],"inLanguage":"en-GB"}]}},"_links":{"self":[{"href":"https:\/\/www.beautypristroje.sk\/en\/wp-json\/wp\/v2\/product\/842","targetHints":{"allow":["GET"]}}],"collection":[{"href":"https:\/\/www.beautypristroje.sk\/en\/wp-json\/wp\/v2\/product"}],"about":[{"href":"https:\/\/www.beautypristroje.sk\/en\/wp-json\/wp\/v2\/types\/product"}],"replies":[{"embeddable":true,"href":"https:\/\/www.beautypristroje.sk\/en\/wp-json\/wp\/v2\/comments?post=842"}],"wp:featuredmedia":[{"embeddable":true,"href":"https:\/\/www.beautypristroje.sk\/en\/wp-json\/wp\/v2\/media\/844"}],"wp:attachment":[{"href":"https:\/\/www.beautypristroje.sk\/en\/wp-json\/wp\/v2\/media?parent=842"}],"wp:term":[{"taxonomy":"product_brand","embeddable":true,"href":"https:\/\/www.beautypristroje.sk\/en\/wp-json\/wp\/v2\/product_brand?post=842"},{"taxonomy":"product_cat","embeddable":true,"href":"https:\/\/www.beautypristroje.sk\/en\/wp-json\/wp\/v2\/product_cat?post=842"},{"taxonomy":"product_tag","embeddable":true,"href":"https:\/\/www.beautypristroje.sk\/en\/wp-json\/wp\/v2\/product_tag?post=842"}],"curies":[{"name":"wp","href":"https:\/\/api.w.org\/{rel}","templated":true}]}}