{"id":836,"date":"2025-05-13T09:19:33","date_gmt":"2025-05-13T07:19:33","guid":{"rendered":"https:\/\/www.beautypristroje.sk\/?post_type=product&#038;p=836"},"modified":"2025-12-10T09:46:15","modified_gmt":"2025-12-10T08:46:15","slug":"eyelift-peptides","status":"publish","type":"product","link":"https:\/\/www.beautypristroje.sk\/en\/product\/eyelift-peptides\/","title":{"rendered":"Medik8 Eyelift Peptides\u2122"},"content":{"rendered":"<p>Odha\u013ete prebuden\u00e9 a mladistvej\u0161ie vyzeraj\u00face o\u010di s Medik8 Eyelift Peptides.<\/p>\n<p>Toto s\u00e9rum na o\u010di s viacer\u00fdmi \u00fa\u010dinkami obsahuje jedine\u010dn\u00fd komplex 5 peptidov proti starnutiu, ktor\u00fd vidite\u013ene rie\u0161i v\u0161etky pr\u00edznaky starnutia v okol\u00ed o\u010d\u00ed.<\/p>\n<p>O\u010dak\u00e1vajte vidite\u013ene zdvihnut\u00e9 kont\u00fary o\u010d\u00ed, v\u00fdrazne vyhladen\u00e9 jemn\u00e9 vr\u00e1sky a zn\u00ed\u017een\u00e9 tmav\u00e9 kruhy a opuchy pod o\u010dami.<\/p>\n<p>Vodn\u00e1, g\u00e9lov\u00e1 formula tie\u017e poskytuje hlbok\u00fa v\u00fd\u017eivu a chladiv\u00fd pocit pre okam\u017eit\u00fd odpo\u010dinut\u00fd vzh\u013ead.<\/p>\n<h3><strong>V\u00ddHODY<\/strong><\/h3>\n<div class=\"copy\">\n<div class=\"copy\">\n<div class=\"copy\">\n<h5>Vidite\u013ene spevnen\u00e9 o\u010dn\u00e9 kont\u00fary<\/h5>\n<p>Spev\u0148uje a vyp\u00edna o\u010dn\u00e9 okolie, z\u00e1rove\u0148 vyhladzuje jemn\u00e9 linky a dod\u00e1va o\u010diam mladistv\u00fd vzh\u013ead.<\/p>\n<h5>Redukcia tmav\u00fdch kruhov<\/h5>\n<\/div>\n<div class=\"copy\">\n<p>Pom\u00e1ha rozpty\u013eova\u0165 vzh\u013ead tmav\u00fdch kruhov pod o\u010dami, \u010d\u00edm zanech\u00e1va o\u010dn\u00e9 okolie vidite\u013ene jasnej\u0161ie a svie\u017eej\u0161ie.<\/p>\n<h5>Vyhladzuj\u00faci podklad pod o\u010dn\u00fd make-up<\/h5>\n<\/div>\n<div class=\"copy\">\n<p>T\u00e1to v\u00fd\u017eivn\u00e1 a neutr\u00e1lne t\u00f3novan\u00e1 formula sa r\u00fdchlo vstreb\u00e1va a vidite\u013ene vyhladzuje o\u010dn\u00e9 okolie, \u010d\u00edm vytv\u00e1ra ide\u00e1lny z\u00e1klad pre l\u00ed\u010denie.<\/p>\n<h3><b>K\u013d\u00da\u010cOV\u00c9 ZLO\u017dKY<\/b><\/h3>\n<\/div>\n<\/div>\n<\/div>\n<h5><img decoding=\"async\" class=\"list-item-icon\" src=\"https:\/\/medik8.sk\/cdn\/shop\/files\/PDP_Key_Ingredients_Multi-Peptide_Complex.svg?v=1738240623&amp;width=50\" alt=\"Ingredient Icon 1\" width=\"50\" height=\"auto\" \/> Multi-peptidov\u00fd komplex<\/h5>\n<div class=\"copy\">\n<p>Unik\u00e1tny komplex 5 peptidov proti starnutiu (vr\u00e1tane Matrixyl\u00ae 3000*), ktor\u00e9 synergicky podporuj\u00fa tvorbu kolag\u00e9nu pre vidite\u013en\u00e9 zn\u00ed\u017eenie jemn\u00fdch liniek a vr\u00e1sok. *MATRIXYL\u00ae 3000 je ochrann\u00e1 zn\u00e1mka spolo\u010dnosti Sederma Inc.<\/p>\n<div class=\"metafield-rich_text_field\">\n<h5><img decoding=\"async\" class=\"list-item-icon\" src=\"https:\/\/medik8.sk\/cdn\/shop\/files\/PDP_Key_Ingredients_Protein_Complex.svg?v=1738240623&amp;width=50\" alt=\"Ingredient Icon 2\" width=\"50\" height=\"auto\" \/>Prote\u00ednov\u00fd komplex<\/h5>\n<\/div>\n<\/div>\n<div class=\"copy\">\n<p>Inovat\u00edvna kombin\u00e1cia ry\u017eov\u00fdch a s\u00f3jov\u00fdch prote\u00ednov, ktor\u00e1 podporuje tvorbu kolag\u00e9nu a chr\u00e1ni poko\u017eku pred vo\u013en\u00fdmi radik\u00e1lmi. Pom\u00e1ha redukova\u0165 vidite\u013en\u00e9 opuchy a zlep\u0161uje text\u00faru pleti.<\/p>\n<h5><img decoding=\"async\" class=\"list-item-icon\" src=\"https:\/\/medik8.sk\/cdn\/shop\/files\/PDP_Key_Ingredients_Hesperidin.svg?v=1738240623&amp;width=50\" alt=\"Ingredient Icon 3\" width=\"50\" height=\"auto\" \/> Hesperidin<\/h5>\n<\/div>\n<div class=\"copy\">\n<p>Prirodzene sa vyskytuj\u00faci v citrusov\u00fdch plodoch, hesperid\u00edn (vyslovuje sa hes-per-eye-din) zlep\u0161uje krvn\u00fd obeh, \u010d\u00edm pom\u00e1ha redukova\u0165 tmav\u00e9 kruhy a rozjas\u0148uje o\u010dn\u00e9 okolie.<\/p>\n<h5><img decoding=\"async\" class=\"list-item-icon\" src=\"https:\/\/medik8.sk\/cdn\/shop\/files\/PDP_Key_Ingredients_Glycerin_Icon_fd4c1fd1-7d42-4922-8aa5-09a70c44d44b.svg?v=1738240597&amp;width=50\" alt=\"Ingredient Icon 4\" width=\"50\" height=\"auto\" \/> Glycerin<\/h5>\n<\/div>\n<div class=\"copy\">\n<p>Pr\u00edrodn\u00fd humektant, ktor\u00fd zachyt\u00e1va vlhkos\u0165 v poko\u017eke, \u010d\u00edm ju hydratuje a zanech\u00e1va pocit komfortu.<\/p>\n<\/div>\n<h3><strong>AKO POU\u017d\u00cdVA\u0164<\/strong><\/h3>\n<p>Po \u010disten\u00ed r\u00e1no a\/alebo ve\u010der naneste\u00a0Eyelift Peptides\u00a0okolo kont\u00far o\u010d\u00ed &#8211; vyhnite sa o\u010dn\u00fdm vie\u010dkam.<\/p>\n<h3><strong>OBSAH BALENIA<\/strong><\/h3>\n<p>Balenie s obsahom 15ml g\u00e9lu.<\/p>\n<h3><strong>ZLO\u017dENIE<\/strong><\/h3>\n<p>Aqua (Water), Alcohol Denat., Glycerin, C12-15 Alkyl Benzoate, Xanthan Gum, Tribehenin, Hydrolyzed Rice Protein, Benzyl Alcohol, Butylene Glycol, Steareth-20, Hesperidin Methyl Chalcone, Ceramide NG, PEG-10 Phytosterol, Dehydroacetic Acid, Glycine Soja (Soybean) Protein, Sodium Benzoate, Superoxide Dismutase, Phenoxyethanol, Benzoic Acid, Sorbic Acid, Dipeptide-2, Palmitoyl Tetrapeptide-7, Palmitoyl Tripeptide-1, Palmitoyl Hexapeptide-12, Chrysin, Carbomer, Potassium Sorbate, Chlorhexidine Digluconate, Polysorbate 20, N-Hydroxysuccinimide, Sodium Dextran Sulfate, Tocopherol.<\/p>\n<p>*Aj ke\u010f sa sna\u017e\u00edme zaisti\u0165 presnos\u0165 tohto zoznamu zlo\u017eiek, niekedy m\u00f4\u017ee d\u00f4js\u0165 k vylep\u0161eniam produktu alebo k miernym rozdielom medzi r\u00f4znymi regi\u00f3nmi na z\u00e1klade miestnych z\u00e1konov. Jedin\u00fd definit\u00edvny zoznam zlo\u017eiek je preto ten, ktor\u00fd je vytla\u010den\u00fd na obale produktu.<\/p>","protected":false},"excerpt":{"rendered":"<p>15ml<\/p>\n<p>Spev\u0148uj\u00faci g\u00e9l proti vr\u00e1skam<br \/>\nLiftingov\u00e9 a vyhladzuj\u00face peptidy, prote\u00ednov\u00fd\u0301 komplex na vyhladenie vr\u00e1sok, hesperid\u00edn, glycer\u00edn<\/p>","protected":false},"featured_media":838,"comment_status":"open","ping_status":"closed","template":"","meta":{"_acf_changed":false},"product_brand":[77],"product_cat":[75,26],"product_tag":[],"class_list":{"0":"post-836","1":"product","2":"type-product","3":"status-publish","4":"has-post-thumbnail","6":"product_brand-medik8","7":"product_cat-kremy-a-sera","8":"product_cat-skincare-produkty","10":"first","11":"instock","12":"taxable","13":"shipping-taxable","14":"purchasable","15":"product-type-simple"},"acf":[],"yoast_head":"<!-- This site is optimized with the Yoast SEO plugin v27.5 - https:\/\/yoast.com\/product\/yoast-seo-wordpress\/ -->\n<title>Medik8 Eyelift Peptides\u2122 - Beauty pr\u00edstroje<\/title>\n<meta name=\"description\" content=\"Medik8 Eyelift Peptides \u2122 15ml \u2013 g\u00e9l proti vr\u00e1skam s peptidmi, prote\u00ednov\u00fdm komplexom, hesperid\u00ednom a glycer\u00ednom pre spevnenie a vyhladenie o\u010dn\u00e9ho okolia.\" \/>\n<meta name=\"robots\" content=\"index, follow, max-snippet:-1, max-image-preview:large, max-video-preview:-1\" \/>\n<link rel=\"canonical\" href=\"https:\/\/www.beautypristroje.sk\/en\/product\/eyelift-peptides\/\" \/>\n<meta property=\"og:locale\" content=\"en_GB\" \/>\n<meta property=\"og:type\" content=\"article\" \/>\n<meta property=\"og:title\" content=\"Medik8 Eyelift Peptides\u2122 - Beauty pr\u00edstroje\" \/>\n<meta property=\"og:description\" content=\"Medik8 Eyelift Peptides \u2122 15ml \u2013 g\u00e9l proti vr\u00e1skam s peptidmi, prote\u00ednov\u00fdm komplexom, hesperid\u00ednom a glycer\u00ednom pre spevnenie a vyhladenie o\u010dn\u00e9ho okolia.\" \/>\n<meta property=\"og:url\" content=\"https:\/\/www.beautypristroje.sk\/en\/product\/eyelift-peptides\/\" \/>\n<meta property=\"og:site_name\" content=\"Beauty pr\u00edstroje\" \/>\n<meta property=\"article:modified_time\" content=\"2025-12-10T08:46:15+00:00\" \/>\n<meta property=\"og:image\" content=\"https:\/\/www.beautypristroje.sk\/wp-content\/uploads\/2025\/05\/Copy-of-Eyelift-Peptides-B.png\" \/>\n\t<meta property=\"og:image:width\" content=\"2000\" \/>\n\t<meta property=\"og:image:height\" content=\"2000\" \/>\n\t<meta property=\"og:image:type\" content=\"image\/png\" \/>\n<meta name=\"twitter:card\" content=\"summary_large_image\" \/>\n<meta name=\"twitter:label1\" content=\"Estimated reading time\" \/>\n\t<meta name=\"twitter:data1\" content=\"3 minutes\" \/>\n<script type=\"application\/ld+json\" class=\"yoast-schema-graph\">{\"@context\":\"https:\\\/\\\/schema.org\",\"@graph\":[{\"@type\":\"WebPage\",\"@id\":\"https:\\\/\\\/www.beautypristroje.sk\\\/produkt\\\/eyelift-peptides\\\/\",\"url\":\"https:\\\/\\\/www.beautypristroje.sk\\\/produkt\\\/eyelift-peptides\\\/\",\"name\":\"Medik8 Eyelift Peptides\u2122 - Beauty pr\u00edstroje\",\"isPartOf\":{\"@id\":\"https:\\\/\\\/www.beautypristroje.sk\\\/#website\"},\"primaryImageOfPage\":{\"@id\":\"https:\\\/\\\/www.beautypristroje.sk\\\/produkt\\\/eyelift-peptides\\\/#primaryimage\"},\"image\":{\"@id\":\"https:\\\/\\\/www.beautypristroje.sk\\\/produkt\\\/eyelift-peptides\\\/#primaryimage\"},\"thumbnailUrl\":\"https:\\\/\\\/www.beautypristroje.sk\\\/wp-content\\\/uploads\\\/2025\\\/05\\\/Copy-of-Eyelift-Peptides-B.png\",\"datePublished\":\"2025-05-13T07:19:33+00:00\",\"dateModified\":\"2025-12-10T08:46:15+00:00\",\"description\":\"Medik8 Eyelift Peptides \u2122 15ml \u2013 g\u00e9l proti vr\u00e1skam s peptidmi, prote\u00ednov\u00fdm komplexom, hesperid\u00ednom a glycer\u00ednom pre spevnenie a vyhladenie o\u010dn\u00e9ho okolia.\",\"breadcrumb\":{\"@id\":\"https:\\\/\\\/www.beautypristroje.sk\\\/produkt\\\/eyelift-peptides\\\/#breadcrumb\"},\"inLanguage\":\"en-GB\",\"potentialAction\":[{\"@type\":\"ReadAction\",\"target\":[\"https:\\\/\\\/www.beautypristroje.sk\\\/produkt\\\/eyelift-peptides\\\/\"]}]},{\"@type\":\"ImageObject\",\"inLanguage\":\"en-GB\",\"@id\":\"https:\\\/\\\/www.beautypristroje.sk\\\/produkt\\\/eyelift-peptides\\\/#primaryimage\",\"url\":\"https:\\\/\\\/www.beautypristroje.sk\\\/wp-content\\\/uploads\\\/2025\\\/05\\\/Copy-of-Eyelift-Peptides-B.png\",\"contentUrl\":\"https:\\\/\\\/www.beautypristroje.sk\\\/wp-content\\\/uploads\\\/2025\\\/05\\\/Copy-of-Eyelift-Peptides-B.png\",\"width\":2000,\"height\":2000,\"caption\":\"Eyelift Peptides\u2122 15ml \u2013 spev\u0148uj\u00faci g\u00e9l proti vr\u00e1skam s liftingov\u00fdmi peptidmi, prote\u00ednov\u00fdm komplexom, hesperid\u00ednom a glycer\u00ednom pre hlad\u0161iu ple\u0165 okolo o\u010d\u00ed.\"},{\"@type\":\"BreadcrumbList\",\"@id\":\"https:\\\/\\\/www.beautypristroje.sk\\\/produkt\\\/eyelift-peptides\\\/#breadcrumb\",\"itemListElement\":[{\"@type\":\"ListItem\",\"position\":1,\"name\":\"Domovsk\u00e1 str\u00e1nka\",\"item\":\"https:\\\/\\\/www.beautypristroje.sk\\\/\"},{\"@type\":\"ListItem\",\"position\":2,\"name\":\"Obchod\",\"item\":\"https:\\\/\\\/www.beautypristroje.sk\\\/obchod\\\/\"},{\"@type\":\"ListItem\",\"position\":3,\"name\":\"Medik8 Eyelift Peptides\u2122\"}]},{\"@type\":\"WebSite\",\"@id\":\"https:\\\/\\\/www.beautypristroje.sk\\\/#website\",\"url\":\"https:\\\/\\\/www.beautypristroje.sk\\\/\",\"name\":\"Beauty pr\u00edstroje\",\"description\":\"Profesion\u00e1lne kozmetick\u00e9 pr\u00edstroje pre sal\u00f3ny a kliniky\",\"potentialAction\":[{\"@type\":\"SearchAction\",\"target\":{\"@type\":\"EntryPoint\",\"urlTemplate\":\"https:\\\/\\\/www.beautypristroje.sk\\\/?s={search_term_string}\"},\"query-input\":{\"@type\":\"PropertyValueSpecification\",\"valueRequired\":true,\"valueName\":\"search_term_string\"}}],\"inLanguage\":\"en-GB\"}]}<\/script>\n<!-- \/ Yoast SEO plugin. -->","yoast_head_json":{"title":"Medik8 Eyelift Peptides\u2122 - Beauty pr\u00edstroje","description":"Medik8 Eyelift Peptides \u2122 15ml \u2013 g\u00e9l proti vr\u00e1skam s peptidmi, prote\u00ednov\u00fdm komplexom, hesperid\u00ednom a glycer\u00ednom pre spevnenie a vyhladenie o\u010dn\u00e9ho okolia.","robots":{"index":"index","follow":"follow","max-snippet":"max-snippet:-1","max-image-preview":"max-image-preview:large","max-video-preview":"max-video-preview:-1"},"canonical":"https:\/\/www.beautypristroje.sk\/en\/product\/eyelift-peptides\/","og_locale":"en_GB","og_type":"article","og_title":"Medik8 Eyelift Peptides\u2122 - Beauty pr\u00edstroje","og_description":"Medik8 Eyelift Peptides \u2122 15ml \u2013 g\u00e9l proti vr\u00e1skam s peptidmi, prote\u00ednov\u00fdm komplexom, hesperid\u00ednom a glycer\u00ednom pre spevnenie a vyhladenie o\u010dn\u00e9ho okolia.","og_url":"https:\/\/www.beautypristroje.sk\/en\/product\/eyelift-peptides\/","og_site_name":"Beauty pr\u00edstroje","article_modified_time":"2025-12-10T08:46:15+00:00","og_image":[{"width":2000,"height":2000,"url":"https:\/\/www.beautypristroje.sk\/wp-content\/uploads\/2025\/05\/Copy-of-Eyelift-Peptides-B.png","type":"image\/png"}],"twitter_card":"summary_large_image","twitter_misc":{"Estimated reading time":"3 minutes"},"schema":{"@context":"https:\/\/schema.org","@graph":[{"@type":"WebPage","@id":"https:\/\/www.beautypristroje.sk\/produkt\/eyelift-peptides\/","url":"https:\/\/www.beautypristroje.sk\/produkt\/eyelift-peptides\/","name":"Medik8 Eyelift Peptides\u2122 - Beauty pr\u00edstroje","isPartOf":{"@id":"https:\/\/www.beautypristroje.sk\/#website"},"primaryImageOfPage":{"@id":"https:\/\/www.beautypristroje.sk\/produkt\/eyelift-peptides\/#primaryimage"},"image":{"@id":"https:\/\/www.beautypristroje.sk\/produkt\/eyelift-peptides\/#primaryimage"},"thumbnailUrl":"https:\/\/www.beautypristroje.sk\/wp-content\/uploads\/2025\/05\/Copy-of-Eyelift-Peptides-B.png","datePublished":"2025-05-13T07:19:33+00:00","dateModified":"2025-12-10T08:46:15+00:00","description":"Medik8 Eyelift Peptides \u2122 15ml \u2013 g\u00e9l proti vr\u00e1skam s peptidmi, prote\u00ednov\u00fdm komplexom, hesperid\u00ednom a glycer\u00ednom pre spevnenie a vyhladenie o\u010dn\u00e9ho okolia.","breadcrumb":{"@id":"https:\/\/www.beautypristroje.sk\/produkt\/eyelift-peptides\/#breadcrumb"},"inLanguage":"en-GB","potentialAction":[{"@type":"ReadAction","target":["https:\/\/www.beautypristroje.sk\/produkt\/eyelift-peptides\/"]}]},{"@type":"ImageObject","inLanguage":"en-GB","@id":"https:\/\/www.beautypristroje.sk\/produkt\/eyelift-peptides\/#primaryimage","url":"https:\/\/www.beautypristroje.sk\/wp-content\/uploads\/2025\/05\/Copy-of-Eyelift-Peptides-B.png","contentUrl":"https:\/\/www.beautypristroje.sk\/wp-content\/uploads\/2025\/05\/Copy-of-Eyelift-Peptides-B.png","width":2000,"height":2000,"caption":"Eyelift Peptides\u2122 15ml \u2013 spev\u0148uj\u00faci g\u00e9l proti vr\u00e1skam s liftingov\u00fdmi peptidmi, prote\u00ednov\u00fdm komplexom, hesperid\u00ednom a glycer\u00ednom pre hlad\u0161iu ple\u0165 okolo o\u010d\u00ed."},{"@type":"BreadcrumbList","@id":"https:\/\/www.beautypristroje.sk\/produkt\/eyelift-peptides\/#breadcrumb","itemListElement":[{"@type":"ListItem","position":1,"name":"Domovsk\u00e1 str\u00e1nka","item":"https:\/\/www.beautypristroje.sk\/"},{"@type":"ListItem","position":2,"name":"Obchod","item":"https:\/\/www.beautypristroje.sk\/obchod\/"},{"@type":"ListItem","position":3,"name":"Medik8 Eyelift Peptides\u2122"}]},{"@type":"WebSite","@id":"https:\/\/www.beautypristroje.sk\/#website","url":"https:\/\/www.beautypristroje.sk\/","name":"Beauty pr\u00edstroje","description":"Profesion\u00e1lne kozmetick\u00e9 pr\u00edstroje pre sal\u00f3ny a kliniky","potentialAction":[{"@type":"SearchAction","target":{"@type":"EntryPoint","urlTemplate":"https:\/\/www.beautypristroje.sk\/?s={search_term_string}"},"query-input":{"@type":"PropertyValueSpecification","valueRequired":true,"valueName":"search_term_string"}}],"inLanguage":"en-GB"}]}},"_links":{"self":[{"href":"https:\/\/www.beautypristroje.sk\/en\/wp-json\/wp\/v2\/product\/836","targetHints":{"allow":["GET"]}}],"collection":[{"href":"https:\/\/www.beautypristroje.sk\/en\/wp-json\/wp\/v2\/product"}],"about":[{"href":"https:\/\/www.beautypristroje.sk\/en\/wp-json\/wp\/v2\/types\/product"}],"replies":[{"embeddable":true,"href":"https:\/\/www.beautypristroje.sk\/en\/wp-json\/wp\/v2\/comments?post=836"}],"wp:featuredmedia":[{"embeddable":true,"href":"https:\/\/www.beautypristroje.sk\/en\/wp-json\/wp\/v2\/media\/838"}],"wp:attachment":[{"href":"https:\/\/www.beautypristroje.sk\/en\/wp-json\/wp\/v2\/media?parent=836"}],"wp:term":[{"taxonomy":"product_brand","embeddable":true,"href":"https:\/\/www.beautypristroje.sk\/en\/wp-json\/wp\/v2\/product_brand?post=836"},{"taxonomy":"product_cat","embeddable":true,"href":"https:\/\/www.beautypristroje.sk\/en\/wp-json\/wp\/v2\/product_cat?post=836"},{"taxonomy":"product_tag","embeddable":true,"href":"https:\/\/www.beautypristroje.sk\/en\/wp-json\/wp\/v2\/product_tag?post=836"}],"curies":[{"name":"wp","href":"https:\/\/api.w.org\/{rel}","templated":true}]}}