{"id":832,"date":"2025-05-13T09:10:59","date_gmt":"2025-05-13T07:10:59","guid":{"rendered":"https:\/\/www.beautypristroje.sk\/?post_type=product&#038;p=832"},"modified":"2025-12-10T09:46:15","modified_gmt":"2025-12-10T08:46:15","slug":"total-moisture-daily-facial-cream","status":"publish","type":"product","link":"https:\/\/www.beautypristroje.sk\/en\/product\/total-moisture-daily-facial-cream\/","title":{"rendered":"Medik8 Total Moisture Daily Facial Cream"},"content":{"rendered":"<p>Objavte hlboko hydratovan\u00fa a okam\u017eite vypnut\u00fa ple\u0165 s denn\u00fdm zvlh\u010dova\u010dom bez parfumu Medik8 Total Moisture Daily Facial Cream, ktor\u00fd p\u00f4sob\u00ed v nieko\u013ek\u00fdch smeroch. D\u00f4kladne navrhnut\u00fd na podporu ka\u017edej oblasti zdravia va\u0161ej pleti, Total Moisture Daily Facial Cream poskytuje 100 hod\u00edn hydrat\u00e1cie* spolu s klinicky overenou podporou ko\u017enej bari\u00e9ry a mikrobiomu.<\/p>\n<p>\u013dahk\u00fd, no intenz\u00edvne hydratuj\u00faci, tento vzorec poskytuje optimalizovan\u00fa zmes hydrata\u010dn\u00fdch hrdinov, vr\u00e1tane hyalur\u00f3novej kyseliny r\u00f4znych v\u00e1h a jedine\u010dn\u00e9ho prebiotick\u00e9ho peptidu podporuj\u00faceho bari\u00e9ru, ktor\u00fd pom\u00e1ha zlep\u0161i\u0165 zdravie pleti u\u017e za 1 hodinu.* Pou\u017e\u00edvajte r\u00e1no a\/alebo ve\u010der pre doplnen\u00fa, pru\u017en\u00fa a \u017eiariv\u00fa (ale nikdy mastn\u00fa) ple\u0165. K dispoz\u00edcii je aj v recyklovate\u013enej n\u00e1hradnej n\u00e1dobke.<\/p>\n<p><sup>*\u00a0Dok\u00e1zan\u00e9 nez\u00e1visl\u00fdm klinick\u00fdm v\u00fdskumom na Total Moisture Daily Facial Cream u 33 dobrovo\u013en\u00edkov po\u010das 2 t\u00fd\u017ed\u0148ov.<\/sup><\/p>\n<h3><strong>V\u00ddHODY<\/strong><\/h3>\n<div class=\"copy\">\n<div class=\"copy\">\n<h5>H\u013abkov\u00e1 a dlhotrvaj\u00faca hydrat\u00e1cia \u2013 cez de\u0148 aj v noci<\/h5>\n<p>Klinicky preuk\u00e1zan\u00e1 okam\u017eit\u00e1 a dlhotrvaj\u00faca hydrat\u00e1cia a\u017e do najhlb\u0161\u00edch vrstiev poko\u017eky.<\/p>\n<h5>Okam\u017eit\u00e1 plnos\u0165 a pru\u017enos\u0165 pleti<\/h5>\n<p>Klinicky preuk\u00e1zan\u00e9 okam\u017eit\u00e9 vyplnenie pleti, ktor\u00e1 zost\u00e1va po pou\u017eit\u00ed jemn\u00e1 a pru\u017en\u00e1.<\/p>\n<h5>Klinicky overen\u00e1 podpora ko\u017enej bari\u00e9ry<\/h5>\n<p>Poskytuje okam\u017eit\u00fa ochranu ko\u017enej bari\u00e9ry a pom\u00e1ha udr\u017eiava\u0165 rovnov\u00e1hu ko\u017en\u00e9ho mikrobi\u00f3mu.<\/p>\n<h5>Zdrav\u0161ia ple\u0165 u\u017e za 1 hodinu*<\/h5>\n<p>Preuk\u00e1zane podporuje optim\u00e1lne zdravie pleti a okam\u017eit\u00fd zdrav\u00fd jas.*<\/p>\n<p>*Potvrden\u00e9 nez\u00e1vislou klinickou \u0161t\u00fadiou na Total Moisture Daily Facial Cream u 33 dobrovo\u013en\u00edkov po\u010das 2 t\u00fd\u017ed\u0148ov.<\/p>\n<h5>Dokonal\u00fd podklad pod make-up<\/h5>\n<p>\u013dahk\u00e9 zlo\u017eenie neupch\u00e1va p\u00f3ry, skvele sa vrstv\u00ed pod opa\u013eovac\u00ed kr\u00e9m aj make-up a z\u00e1rove\u0148 predl\u017euje jeho v\u00fddr\u017e.<\/p>\n<\/div>\n<div class=\"copy\">\n<h3><b>K\u013d\u00da\u010cOV\u00c9 ZLO\u017dKY<\/b><\/h3>\n<\/div>\n<\/div>\n<h5><img decoding=\"async\" class=\"list-item-icon\" src=\"https:\/\/medik8.sk\/cdn\/shop\/files\/PDP_Key_Ingredients_Prebiotic_Peptide.svg?v=1738240630&amp;width=50\" alt=\"Ingredient Icon 1\" width=\"50\" height=\"auto\" \/> Prebiotick\u00fd peptid<\/h5>\n<div class=\"copy\">\n<p>Pom\u00e1ha udr\u017eiava\u0165 rovnov\u00e1hu ko\u017en\u00e9ho mikrobi\u00f3mu, posil\u0148uje ko\u017en\u00fa bari\u00e9ru a podporuje jej prirodzen\u00fa ochranu pred stratou vlhkosti a vonkaj\u0161\u00edmi agresormi.<\/p>\n<h5><img decoding=\"async\" class=\"list-item-icon\" src=\"https:\/\/medik8.sk\/cdn\/shop\/files\/PDP_Key_Ingredients_Multi-Weight_Hyaluronic_Acid_Molecule.svg?v=1738240597&amp;width=50\" alt=\"Ingredient Icon 2\" width=\"50\" height=\"auto\" \/> Multi-hmotnostn\u00e1 kyselina hyalur\u00f3nov\u00e1<\/h5>\n<\/div>\n<div class=\"copy\">\n<p>V\u00fdnimo\u010dn\u00e1 schopnos\u0165 pri\u0165ahova\u0165 a udr\u017eiava\u0165 viac ako 1 000-n\u00e1sobok svojej v\u00e1hy vo vode, kyselina hyalur\u00f3nov\u00e1 \u010derp\u00e1 vlhkos\u0165 z ni\u017e\u0161\u00edch vrstiev poko\u017eky do horn\u00fdch vrstiev. T\u00fdm zanech\u00e1va ple\u0165 vidite\u013ene vy\u017eiven\u00fa a pru\u017en\u00fa.<\/p>\n<h5><img decoding=\"async\" class=\"list-item-icon\" src=\"https:\/\/medik8.sk\/cdn\/shop\/files\/PDP_Key_Ingredients_Ceramides_1.svg?v=1738240630&amp;width=50\" alt=\"Ingredient Icon 3\" width=\"50\" height=\"auto\" \/> Ceramidy &amp; Lipidy<\/h5>\n<\/div>\n<div class=\"copy\">\n<p>Prirodzene sa nach\u00e1dzaj\u00fa v ko\u017enej bari\u00e9re. Ceramidy, skval\u00e1n a vitam\u00edn F napodob\u0148uj\u00fa prirodzen\u00fa lipidov\u00fa bari\u00e9ru poko\u017eky, \u010d\u00edm ju intenz\u00edvne dop\u013a\u0148aj\u00fa, vy\u017eivuj\u00fa a vidite\u013ene obnovuj\u00fa.<\/p>\n<\/div>\n<h3><strong>AKO POU\u017d\u00cdVA\u0164<\/strong><\/h3>\n<p>Po \u010disten\u00ed r\u00e1no a\/alebo ve\u010der naneste rovnomerne na tv\u00e1r, krk a dekolt pomocou jemn\u00fdch zdv\u00edhac\u00edch pohybov. Po aplik\u00e1cii r\u00e1no naneste opa\u013eovac\u00ed kr\u00e9m.<\/p>\n<h6>Pre n\u00e1hradn\u00fa n\u00e1pl\u0148 (pred\u00e1va sa samostatne):<\/h6>\n<p>Na odstr\u00e1nenie pr\u00e1zdnej plastovej n\u00e1plne z vonkaj\u0161ej sklenenej n\u00e1doby silno stla\u010dte nad ozna\u010den\u00edm \u201eP\u201c. Odstr\u00e1\u0148te a recyklujte. Zarovnajte okraj n\u00e1plne s prelia\u010dinou na vonkaj\u0161ej sklenenej n\u00e1dobe na opa\u010dnej strane od \u201eP\u201c a zatla\u010dte ju na miesto, k\u00fdm nezacvakne. Odstr\u00e1\u0148te ochrann\u00fa f\u00f3liu z vrchu n\u00e1plne. Vonkaj\u0161ia sklenen\u00e1 n\u00e1doba a vie\u010dko s\u00fa opakovane pou\u017eite\u013en\u00e9.<\/p>\n<h6>POZN\u00c1MKA:<\/h6>\n<p>Vonkaj\u0161ia sklenen\u00e1 n\u00e1doba, vn\u00fatorn\u00e1 n\u00e1doba a vie\u010dko s\u00fa \u0161iroko recyklovate\u013en\u00e9. Vn\u00fatorn\u00e1 n\u00e1doba a vie\u010dko obsahuj\u00fa 30 % recyklovan\u00e9ho materi\u00e1lu. M\u00f4\u017eete u\u0161etri\u0165 takmer 1 kg obalu ro\u010dne, ke\u010f si k\u00fapite n\u00e1hradn\u00fa n\u00e1pl\u0148 namiesto celej n\u00e1doby. *<\/p>\n<p>*na z\u00e1klade 6 n\u00e1pln\u00ed.<\/p>\n<h3><strong>OBSAH BALENIA<\/strong><\/h3>\n<p>Balenie s obsahom 50ml produktu.<\/p>\n<h3><strong>ZLO\u017dENIE<\/strong><\/h3>\n<p>Aqua (Water), Glycerin, Dimethicone, Squalane, Caprylic\/Capric Triglyceride, Bis-Peg-18 Methyl Ether Dimethyl Silane, Pentaerythrityl Tetraethylhexanoate, Propanediol, Arachidyl Alcohol, Cetearyl Alcohol, Inulin, Behenyl Alcohol, Phenoxyethanol, Arachidyl Glucoside, Tocopheryl Acetate, Caprylyl Glycol, Linoleic Acid, Saccharomyces Ferment Filtrate, Glyceryl Glucoside, Sodium Hyaluronate, Acetyl Heptapeptide-4, Linolenic Acid, Cetearyl Glucoside, Sodium Polyacryloyldimethyl Taurate, Diglycerin, Ceramide NP, Sodium PCA, Urea, Carbomer, Disodium EDTA, Hydrogenated Polydecene, Ethylhexylglycerin, Xanthan Gum, Acrylates\/C10-30 Alkyl Acrylate Crosspolymer, Sodium Hydroxide, Lactic Acid, Lysine, PCA, Sorbitol, Butylene Glycol, 1,2-Hexanediol, Trideceth-10, Tocopherol, Hydrolyzed Wheat Protein, Allantoin, Oryza Sativa Lees Extract.<\/p>\n<p>*Aj ke\u010f sa sna\u017e\u00edme zaisti\u0165 presnos\u0165 tohto zoznamu zlo\u017eiek, niekedy m\u00f4\u017ee d\u00f4js\u0165 k vylep\u0161eniam produktu alebo k miernym rozdielom medzi r\u00f4znymi regi\u00f3nmi na z\u00e1klade miestnych z\u00e1konov. Jedin\u00fd definit\u00edvny zoznam zlo\u017eiek je preto ten, ktor\u00fd je vytla\u010den\u00fd na obale produktu.<\/p>","protected":false},"excerpt":{"rendered":"<p>50ml<\/p>\n<p>H\u013abkovo hydrata\u010dn\u00fd kr\u00e9m s prebiotick\u00fdmi peptidmi a ceramidmi na de\u0148 a noc<\/p>","protected":false},"featured_media":833,"comment_status":"open","ping_status":"closed","template":"","meta":{"_acf_changed":false},"product_brand":[77],"product_cat":[75,26],"product_tag":[],"class_list":{"0":"post-832","1":"product","2":"type-product","3":"status-publish","4":"has-post-thumbnail","6":"product_brand-medik8","7":"product_cat-kremy-a-sera","8":"product_cat-skincare-produkty","10":"first","11":"instock","12":"taxable","13":"shipping-taxable","14":"purchasable","15":"product-type-simple"},"acf":[],"yoast_head":"<!-- This site is optimized with the Yoast SEO plugin v27.5 - https:\/\/yoast.com\/product\/yoast-seo-wordpress\/ -->\n<title>Medik8 Total Moisture Daily Facial Cream - Beauty pr\u00edstroje<\/title>\n<meta name=\"description\" content=\"Hydrata\u010dn\u00fd kr\u00e9m Medik8 Total Moisture Daily Facial Cream 50ml s prebiotick\u00fdmi peptidmi a ceramidmi poskytuje intenz\u00edvnu starostlivos\u0165 a ochranu pleti de\u0148 i noc.\" \/>\n<meta name=\"robots\" content=\"index, follow, max-snippet:-1, max-image-preview:large, max-video-preview:-1\" \/>\n<link rel=\"canonical\" href=\"https:\/\/www.beautypristroje.sk\/en\/product\/total-moisture-daily-facial-cream\/\" \/>\n<meta property=\"og:locale\" content=\"en_GB\" \/>\n<meta property=\"og:type\" content=\"article\" \/>\n<meta property=\"og:title\" content=\"Medik8 Total Moisture Daily Facial Cream - Beauty pr\u00edstroje\" \/>\n<meta property=\"og:description\" content=\"Hydrata\u010dn\u00fd kr\u00e9m Medik8 Total Moisture Daily Facial Cream 50ml s prebiotick\u00fdmi peptidmi a ceramidmi poskytuje intenz\u00edvnu starostlivos\u0165 a ochranu pleti de\u0148 i noc.\" \/>\n<meta property=\"og:url\" content=\"https:\/\/www.beautypristroje.sk\/en\/product\/total-moisture-daily-facial-cream\/\" \/>\n<meta property=\"og:site_name\" content=\"Beauty pr\u00edstroje\" \/>\n<meta property=\"article:modified_time\" content=\"2025-12-10T08:46:15+00:00\" \/>\n<meta property=\"og:image\" content=\"https:\/\/www.beautypristroje.sk\/wp-content\/uploads\/2025\/05\/Total-Moisture-Daily-Facial-Cream.jpg\" \/>\n\t<meta property=\"og:image:width\" content=\"1510\" \/>\n\t<meta property=\"og:image:height\" content=\"1500\" \/>\n\t<meta property=\"og:image:type\" content=\"image\/jpeg\" \/>\n<meta name=\"twitter:card\" content=\"summary_large_image\" \/>\n<meta name=\"twitter:label1\" content=\"Estimated reading time\" \/>\n\t<meta name=\"twitter:data1\" content=\"4 minutes\" \/>\n<script type=\"application\/ld+json\" class=\"yoast-schema-graph\">{\"@context\":\"https:\\\/\\\/schema.org\",\"@graph\":[{\"@type\":\"WebPage\",\"@id\":\"https:\\\/\\\/www.beautypristroje.sk\\\/produkt\\\/total-moisture-daily-facial-cream\\\/\",\"url\":\"https:\\\/\\\/www.beautypristroje.sk\\\/produkt\\\/total-moisture-daily-facial-cream\\\/\",\"name\":\"Medik8 Total Moisture Daily Facial Cream - Beauty pr\u00edstroje\",\"isPartOf\":{\"@id\":\"https:\\\/\\\/www.beautypristroje.sk\\\/#website\"},\"primaryImageOfPage\":{\"@id\":\"https:\\\/\\\/www.beautypristroje.sk\\\/produkt\\\/total-moisture-daily-facial-cream\\\/#primaryimage\"},\"image\":{\"@id\":\"https:\\\/\\\/www.beautypristroje.sk\\\/produkt\\\/total-moisture-daily-facial-cream\\\/#primaryimage\"},\"thumbnailUrl\":\"https:\\\/\\\/www.beautypristroje.sk\\\/wp-content\\\/uploads\\\/2025\\\/05\\\/Total-Moisture-Daily-Facial-Cream.jpg\",\"datePublished\":\"2025-05-13T07:10:59+00:00\",\"dateModified\":\"2025-12-10T08:46:15+00:00\",\"description\":\"Hydrata\u010dn\u00fd kr\u00e9m Medik8 Total Moisture Daily Facial Cream 50ml s prebiotick\u00fdmi peptidmi a ceramidmi poskytuje intenz\u00edvnu starostlivos\u0165 a ochranu pleti de\u0148 i noc.\",\"breadcrumb\":{\"@id\":\"https:\\\/\\\/www.beautypristroje.sk\\\/produkt\\\/total-moisture-daily-facial-cream\\\/#breadcrumb\"},\"inLanguage\":\"en-GB\",\"potentialAction\":[{\"@type\":\"ReadAction\",\"target\":[\"https:\\\/\\\/www.beautypristroje.sk\\\/produkt\\\/total-moisture-daily-facial-cream\\\/\"]}]},{\"@type\":\"ImageObject\",\"inLanguage\":\"en-GB\",\"@id\":\"https:\\\/\\\/www.beautypristroje.sk\\\/produkt\\\/total-moisture-daily-facial-cream\\\/#primaryimage\",\"url\":\"https:\\\/\\\/www.beautypristroje.sk\\\/wp-content\\\/uploads\\\/2025\\\/05\\\/Total-Moisture-Daily-Facial-Cream.jpg\",\"contentUrl\":\"https:\\\/\\\/www.beautypristroje.sk\\\/wp-content\\\/uploads\\\/2025\\\/05\\\/Total-Moisture-Daily-Facial-Cream.jpg\",\"width\":1510,\"height\":1500,\"caption\":\"Total Moisture Daily Facial Cream 50ml \u2013 h\u013abkovo hydrata\u010dn\u00fd kr\u00e9m s prebiotick\u00fdmi peptidmi a ceramidmi, vhodn\u00fd na ka\u017edodenn\u00fa starostlivos\u0165 r\u00e1no a ve\u010der.\"},{\"@type\":\"BreadcrumbList\",\"@id\":\"https:\\\/\\\/www.beautypristroje.sk\\\/produkt\\\/total-moisture-daily-facial-cream\\\/#breadcrumb\",\"itemListElement\":[{\"@type\":\"ListItem\",\"position\":1,\"name\":\"Domovsk\u00e1 str\u00e1nka\",\"item\":\"https:\\\/\\\/www.beautypristroje.sk\\\/\"},{\"@type\":\"ListItem\",\"position\":2,\"name\":\"Obchod\",\"item\":\"https:\\\/\\\/www.beautypristroje.sk\\\/obchod\\\/\"},{\"@type\":\"ListItem\",\"position\":3,\"name\":\"Medik8 Total Moisture Daily Facial Cream\"}]},{\"@type\":\"WebSite\",\"@id\":\"https:\\\/\\\/www.beautypristroje.sk\\\/#website\",\"url\":\"https:\\\/\\\/www.beautypristroje.sk\\\/\",\"name\":\"Beauty pr\u00edstroje\",\"description\":\"Profesion\u00e1lne kozmetick\u00e9 pr\u00edstroje pre sal\u00f3ny a kliniky\",\"potentialAction\":[{\"@type\":\"SearchAction\",\"target\":{\"@type\":\"EntryPoint\",\"urlTemplate\":\"https:\\\/\\\/www.beautypristroje.sk\\\/?s={search_term_string}\"},\"query-input\":{\"@type\":\"PropertyValueSpecification\",\"valueRequired\":true,\"valueName\":\"search_term_string\"}}],\"inLanguage\":\"en-GB\"}]}<\/script>\n<!-- \/ Yoast SEO plugin. -->","yoast_head_json":{"title":"Medik8 Total Moisture Daily Facial Cream - Beauty pr\u00edstroje","description":"Hydrata\u010dn\u00fd kr\u00e9m Medik8 Total Moisture Daily Facial Cream 50ml s prebiotick\u00fdmi peptidmi a ceramidmi poskytuje intenz\u00edvnu starostlivos\u0165 a ochranu pleti de\u0148 i noc.","robots":{"index":"index","follow":"follow","max-snippet":"max-snippet:-1","max-image-preview":"max-image-preview:large","max-video-preview":"max-video-preview:-1"},"canonical":"https:\/\/www.beautypristroje.sk\/en\/product\/total-moisture-daily-facial-cream\/","og_locale":"en_GB","og_type":"article","og_title":"Medik8 Total Moisture Daily Facial Cream - Beauty pr\u00edstroje","og_description":"Hydrata\u010dn\u00fd kr\u00e9m Medik8 Total Moisture Daily Facial Cream 50ml s prebiotick\u00fdmi peptidmi a ceramidmi poskytuje intenz\u00edvnu starostlivos\u0165 a ochranu pleti de\u0148 i noc.","og_url":"https:\/\/www.beautypristroje.sk\/en\/product\/total-moisture-daily-facial-cream\/","og_site_name":"Beauty pr\u00edstroje","article_modified_time":"2025-12-10T08:46:15+00:00","og_image":[{"width":1510,"height":1500,"url":"https:\/\/www.beautypristroje.sk\/wp-content\/uploads\/2025\/05\/Total-Moisture-Daily-Facial-Cream.jpg","type":"image\/jpeg"}],"twitter_card":"summary_large_image","twitter_misc":{"Estimated reading time":"4 minutes"},"schema":{"@context":"https:\/\/schema.org","@graph":[{"@type":"WebPage","@id":"https:\/\/www.beautypristroje.sk\/produkt\/total-moisture-daily-facial-cream\/","url":"https:\/\/www.beautypristroje.sk\/produkt\/total-moisture-daily-facial-cream\/","name":"Medik8 Total Moisture Daily Facial Cream - Beauty pr\u00edstroje","isPartOf":{"@id":"https:\/\/www.beautypristroje.sk\/#website"},"primaryImageOfPage":{"@id":"https:\/\/www.beautypristroje.sk\/produkt\/total-moisture-daily-facial-cream\/#primaryimage"},"image":{"@id":"https:\/\/www.beautypristroje.sk\/produkt\/total-moisture-daily-facial-cream\/#primaryimage"},"thumbnailUrl":"https:\/\/www.beautypristroje.sk\/wp-content\/uploads\/2025\/05\/Total-Moisture-Daily-Facial-Cream.jpg","datePublished":"2025-05-13T07:10:59+00:00","dateModified":"2025-12-10T08:46:15+00:00","description":"Hydrata\u010dn\u00fd kr\u00e9m Medik8 Total Moisture Daily Facial Cream 50ml s prebiotick\u00fdmi peptidmi a ceramidmi poskytuje intenz\u00edvnu starostlivos\u0165 a ochranu pleti de\u0148 i noc.","breadcrumb":{"@id":"https:\/\/www.beautypristroje.sk\/produkt\/total-moisture-daily-facial-cream\/#breadcrumb"},"inLanguage":"en-GB","potentialAction":[{"@type":"ReadAction","target":["https:\/\/www.beautypristroje.sk\/produkt\/total-moisture-daily-facial-cream\/"]}]},{"@type":"ImageObject","inLanguage":"en-GB","@id":"https:\/\/www.beautypristroje.sk\/produkt\/total-moisture-daily-facial-cream\/#primaryimage","url":"https:\/\/www.beautypristroje.sk\/wp-content\/uploads\/2025\/05\/Total-Moisture-Daily-Facial-Cream.jpg","contentUrl":"https:\/\/www.beautypristroje.sk\/wp-content\/uploads\/2025\/05\/Total-Moisture-Daily-Facial-Cream.jpg","width":1510,"height":1500,"caption":"Total Moisture Daily Facial Cream 50ml \u2013 h\u013abkovo hydrata\u010dn\u00fd kr\u00e9m s prebiotick\u00fdmi peptidmi a ceramidmi, vhodn\u00fd na ka\u017edodenn\u00fa starostlivos\u0165 r\u00e1no a ve\u010der."},{"@type":"BreadcrumbList","@id":"https:\/\/www.beautypristroje.sk\/produkt\/total-moisture-daily-facial-cream\/#breadcrumb","itemListElement":[{"@type":"ListItem","position":1,"name":"Domovsk\u00e1 str\u00e1nka","item":"https:\/\/www.beautypristroje.sk\/"},{"@type":"ListItem","position":2,"name":"Obchod","item":"https:\/\/www.beautypristroje.sk\/obchod\/"},{"@type":"ListItem","position":3,"name":"Medik8 Total Moisture Daily Facial Cream"}]},{"@type":"WebSite","@id":"https:\/\/www.beautypristroje.sk\/#website","url":"https:\/\/www.beautypristroje.sk\/","name":"Beauty pr\u00edstroje","description":"Profesion\u00e1lne kozmetick\u00e9 pr\u00edstroje pre sal\u00f3ny a kliniky","potentialAction":[{"@type":"SearchAction","target":{"@type":"EntryPoint","urlTemplate":"https:\/\/www.beautypristroje.sk\/?s={search_term_string}"},"query-input":{"@type":"PropertyValueSpecification","valueRequired":true,"valueName":"search_term_string"}}],"inLanguage":"en-GB"}]}},"_links":{"self":[{"href":"https:\/\/www.beautypristroje.sk\/en\/wp-json\/wp\/v2\/product\/832","targetHints":{"allow":["GET"]}}],"collection":[{"href":"https:\/\/www.beautypristroje.sk\/en\/wp-json\/wp\/v2\/product"}],"about":[{"href":"https:\/\/www.beautypristroje.sk\/en\/wp-json\/wp\/v2\/types\/product"}],"replies":[{"embeddable":true,"href":"https:\/\/www.beautypristroje.sk\/en\/wp-json\/wp\/v2\/comments?post=832"}],"wp:featuredmedia":[{"embeddable":true,"href":"https:\/\/www.beautypristroje.sk\/en\/wp-json\/wp\/v2\/media\/833"}],"wp:attachment":[{"href":"https:\/\/www.beautypristroje.sk\/en\/wp-json\/wp\/v2\/media?parent=832"}],"wp:term":[{"taxonomy":"product_brand","embeddable":true,"href":"https:\/\/www.beautypristroje.sk\/en\/wp-json\/wp\/v2\/product_brand?post=832"},{"taxonomy":"product_cat","embeddable":true,"href":"https:\/\/www.beautypristroje.sk\/en\/wp-json\/wp\/v2\/product_cat?post=832"},{"taxonomy":"product_tag","embeddable":true,"href":"https:\/\/www.beautypristroje.sk\/en\/wp-json\/wp\/v2\/product_tag?post=832"}],"curies":[{"name":"wp","href":"https:\/\/api.w.org\/{rel}","templated":true}]}}