{"id":825,"date":"2025-05-13T09:09:38","date_gmt":"2025-05-13T07:09:38","guid":{"rendered":"https:\/\/www.beautypristroje.sk\/?post_type=product&#038;p=825"},"modified":"2025-12-10T09:46:15","modified_gmt":"2025-12-10T08:46:15","slug":"ultimate-recovery","status":"publish","type":"product","link":"https:\/\/www.beautypristroje.sk\/en\/product\/ultimate-recovery\/","title":{"rendered":"Medik8 Ultimate Recovery\u2122"},"content":{"rendered":"<p>Intenz\u00edvne vy\u017eivte a upokojte ve\u013emi such\u00fa, oslaben\u00fa alebo o\u0161etren\u00fa ple\u0165 s Medik8 Ultimate Recovery.<\/p>\n<p>Tento mimoriadne bohat\u00fd, regenera\u010dn\u00fd kr\u00e9m bol \u0161peci\u00e1lne vyvinut\u00fd na minimaliz\u00e1ciu \u010dasu hojenia po estetick\u00fdch z\u00e1krokoch, pri\u010dom zanech\u00e1va poko\u017eku vidite\u013ene obnoven\u00fa a upokojen\u00fa.<\/p>\n<p>Allanto\u00ednom obohaten\u00e1 recept\u00fara spolupracuje s prirodzen\u00fdmi regenera\u010dn\u00fdmi procesmi poko\u017eky, vytv\u00e1ra ochrann\u00fa bari\u00e9ru, ktor\u00e1 udr\u017eiava vlhkos\u0165 a z\u00e1rove\u0148 chr\u00e1ni oslaben\u00fa ple\u0165 pred vonkaj\u0161\u00edmi dr\u00e1\u017edidlami po\u010das hojenia.<\/p>\n<p>Perfektn\u00fd pomocn\u00edk po chemick\u00fdch peelingoch, mikroihli\u010dkovan\u00ed, mikrodermabr\u00e1zii alebo pri vystaven\u00ed pleti chladn\u00e9mu zimn\u00e9mu po\u010dasiu.<\/p>\n<h3><strong>V\u00ddHODY<\/strong><\/h3>\n<div class=\"copy\">\n<div class=\"copy\">\n<div class=\"copy\">\n<h5>Vidite\u013ene obnoven\u00e1 ple\u0165<\/h5>\n<p>Podporuje prirodzen\u00fd regenera\u010dn\u00fd proces poko\u017eky, zanech\u00e1va ju vidite\u013ene obnoven\u00fa a vy\u017eiven\u00fa.<\/p>\n<h5>Intenz\u00edvna v\u00fd\u017eiva pleti<\/h5>\n<\/div>\n<div class=\"copy\">\n<p>Bohat\u00e1 text\u00fara obnovuje such\u00fa a oslaben\u00fa poko\u017eku hlbokou v\u00fd\u017eivou, ktor\u00e1 zost\u00e1va uzamknut\u00e1 v pleti.<\/p>\n<h5>Z\u00e1chrana pre poko\u017eku po o\u0161etreniach aj v zime<\/h5>\n<\/div>\n<div class=\"copy\">\n<p>Ide\u00e1lne upokojuj\u00face zlo\u017eenie po chemick\u00fdch peelingoch, microneedlingu \u010di mikrodermabr\u00e1zii alebo pri vysu\u0161enej pleti v d\u00f4sledku chladn\u00e9ho po\u010dasia.<\/p>\n<h3><b>K\u013d\u00da\u010cO<\/b><strong>V\u00c9 ZLO\u017dKY<\/strong><\/h3>\n<\/div>\n<\/div>\n<\/div>\n<h5><img decoding=\"async\" class=\"list-item-icon\" src=\"https:\/\/medik8.sk\/cdn\/shop\/files\/PDP_Key_Ingredients_Allantoin_1.svg?v=1738240630&amp;width=50\" alt=\"Ingredient Icon 1\" width=\"50\" height=\"auto\" \/>Allantoin<\/h5>\n<div class=\"copy\">Pr\u00edrodn\u00e1 zlo\u017eka extrahovan\u00e1 z kore\u0148a kostihoja, ktor\u00e1 podporuje prirodzen\u00fd hojiv\u00fd proces poko\u017eky. Pom\u00e1ha ur\u00fdchli\u0165 regener\u00e1ciu ko\u017en\u00fdch buniek a z\u00e1rove\u0148 zjem\u0148uje vzh\u013ead aj pocit poko\u017eky.<\/p>\n<h5><img decoding=\"async\" class=\"list-item-icon\" src=\"https:\/\/medik8.sk\/cdn\/shop\/files\/PDP_Key_Ingredients_Beta-Glucan.svg?v=1738240630&amp;width=50\" alt=\"Ingredient Icon 2\" width=\"50\" height=\"auto\" \/>Beta-Gluk\u00e1n<\/h5>\n<\/div>\n<div class=\"copy\">\n<p>Pr\u00edrodn\u00fd extrakt z\u00edskan\u00fd z ovsa, ktor\u00fd podporuje prirodzen\u00fa schopnos\u0165 poko\u017eky regenerova\u0165 sa a z\u00e1rove\u0148 poskytuje okam\u017eit\u00e9 upokojenie podr\u00e1\u017edenej poko\u017eke.<\/p>\n<h5><img decoding=\"async\" class=\"list-item-icon\" src=\"https:\/\/medik8.sk\/cdn\/shop\/files\/PDP_Key_Ingredients_Arnica.svg?v=1738240630&amp;width=50\" alt=\"Ingredient Icon 3\" width=\"50\" height=\"auto\" \/>Arnika<\/h5>\n<\/div>\n<div class=\"copy\">\n<p>Pr\u00edrodn\u00fd kvetinov\u00fd extrakt s vynikaj\u00facimi upokojuj\u00facimi \u00fa\u010dinkami, ktor\u00fd pom\u00e1ha zmierni\u0165 podr\u00e1\u017edenie aj tej najcitlivej\u0161ej poko\u017eky.<\/p>\n<\/div>\n<h3><strong>AKO POU\u017d\u00cdVA\u0164<\/strong><\/h3>\n<p>Po \u010disten\u00ed r\u00e1no a\/alebo ve\u010der naneste mal\u00e9 mno\u017estvo na potrebn\u00e9 oblasti.<\/p>\n<p>Ak aplikujete r\u00e1no, nechajte vstreba\u0165 pred nanesen\u00edm ochrann\u00e9ho kr\u00e9mu s SPF.<\/p>\n<h5>POZN\u00c1MKA<\/h5>\n<p>M\u00f4\u017ee sa aplikova\u0165 \u010dastej\u0161ie pod\u013ea potreby.<\/p>\n<h3><strong>OBSAH BALENIA<\/strong><\/h3>\n<p>Balenie s obsahom 30ml produktu.<\/p>\n<h3><strong>ZLO\u017dENIE<\/strong><\/h3>\n<p>Aqua (Water), C12-15 Alkyl Benzoate, Simmondsia Chinensis (Jojoba) Seed Oil, Caprylic\/Capric Triglyceride, Glycerin, Cera Microcristallina, Squalane, Cetyl PEG\/PPG-10\/1 Dimethicone, Jojoba Esters, Crambe Abyssinica Seed Oil, Petrolatum, Propylene Glycol, Ricinus Communis (Castor) Seed Oil, Saccharide Isomerate, Hydrogenated Vegetable Oil, Helianthus Annuus (Sunflower) Seed Cera, Zinc Oxide, Dimethicone, Methoxy PEG-22\/Dodecyl Glycol Copolymer, PEG-12 Dimethicone, Tocopheryl Acetate, Sesamum Indicum Seed Oil, Sodium Chloride, Phenoxyethanol, Alcohol Denat., Allantoin, Butylene Glycol, Sodium Benzoate, Arnica Montana Flower Extract, Polyglyceryl-2 Dipolyhydroxystearate, Caffeine, Acacia Decurrens Flower Cera, Hydrolyzed Vegetable Protein, Polyglycerin-3, Polyglyceryl-3 Diisostearate, Potassium Sorbate, Benzoic Acid, Hamamelis Virginiana (Witch Hazel) Leaf Extract, Dehydroacetic Acid, Epigallocatechin Gallate, Camellia Sinensis (Green Tea) Polyphenols, 1,2-Hexanediol, Beta-Glucan, Caprylyl Glycol, Camellia Sinensis (Green Tea) Extract, Ethylhexylglycerin, Citric Acid, Sodium Citrate.<\/p>\n<p>*Aj ke\u010f sa sna\u017e\u00edme zaisti\u0165 presnos\u0165 tohto zoznamu zlo\u017eiek, niekedy m\u00f4\u017ee d\u00f4js\u0165 k vylep\u0161eniam produktu alebo k miernym rozdielom medzi r\u00f4znymi regi\u00f3nmi na z\u00e1klade miestnych z\u00e1konov. Jedin\u00fd definit\u00edvny zoznam zlo\u017eiek je preto ten, ktor\u00fd je vytla\u010den\u00fd na obale produktu.<\/p>","protected":false},"excerpt":{"rendered":"<p>30ml<\/p>\n<p>Intenz\u00edvne hydrata\u010dn\u00fd kr\u00e9m na such\u00fa a po\u0161koden\u00fa ple\u0165<br \/>\nAlanto\u00edn, beta-gluk\u00e1n, vitam\u00edn E, arnik<\/p>","protected":false},"featured_media":827,"comment_status":"open","ping_status":"closed","template":"","meta":{"_acf_changed":false},"product_brand":[77],"product_cat":[75,26],"product_tag":[],"class_list":{"0":"post-825","1":"product","2":"type-product","3":"status-publish","4":"has-post-thumbnail","6":"product_brand-medik8","7":"product_cat-kremy-a-sera","8":"product_cat-skincare-produkty","10":"first","11":"instock","12":"taxable","13":"shipping-taxable","14":"purchasable","15":"product-type-simple"},"acf":[],"yoast_head":"<!-- This site is optimized with the Yoast SEO plugin v27.5 - https:\/\/yoast.com\/product\/yoast-seo-wordpress\/ -->\n<title>Medik8 Ultimate Recovery\u2122 - Beauty pr\u00edstroje<\/title>\n<meta name=\"description\" content=\"Medik8 Ultimate Recovery \u2122 30ml \u2013 hydrata\u010dn\u00fd kr\u00e9m pre such\u00fa a po\u0161koden\u00fa ple\u0165 s alanto\u00ednom, beta-gluk\u00e1nom, vitam\u00ednom E a arnikou pre r\u00fdchlu regener\u00e1ciu.\" \/>\n<meta name=\"robots\" content=\"index, follow, max-snippet:-1, max-image-preview:large, max-video-preview:-1\" \/>\n<link rel=\"canonical\" href=\"https:\/\/www.beautypristroje.sk\/en\/product\/ultimate-recovery\/\" \/>\n<meta property=\"og:locale\" content=\"en_GB\" \/>\n<meta property=\"og:type\" content=\"article\" \/>\n<meta property=\"og:title\" content=\"Medik8 Ultimate Recovery\u2122 - Beauty pr\u00edstroje\" \/>\n<meta property=\"og:description\" content=\"Medik8 Ultimate Recovery \u2122 30ml \u2013 hydrata\u010dn\u00fd kr\u00e9m pre such\u00fa a po\u0161koden\u00fa ple\u0165 s alanto\u00ednom, beta-gluk\u00e1nom, vitam\u00ednom E a arnikou pre r\u00fdchlu regener\u00e1ciu.\" \/>\n<meta property=\"og:url\" content=\"https:\/\/www.beautypristroje.sk\/en\/product\/ultimate-recovery\/\" \/>\n<meta property=\"og:site_name\" content=\"Beauty pr\u00edstroje\" \/>\n<meta property=\"article:modified_time\" content=\"2025-12-10T08:46:15+00:00\" \/>\n<meta property=\"og:image\" content=\"https:\/\/www.beautypristroje.sk\/wp-content\/uploads\/2025\/05\/Copy-of-Ultimate-Recovery-B.png\" \/>\n\t<meta property=\"og:image:width\" content=\"2000\" \/>\n\t<meta property=\"og:image:height\" content=\"2000\" \/>\n\t<meta property=\"og:image:type\" content=\"image\/png\" \/>\n<meta name=\"twitter:card\" content=\"summary_large_image\" \/>\n<meta name=\"twitter:label1\" content=\"Estimated reading time\" \/>\n\t<meta name=\"twitter:data1\" content=\"3 minutes\" \/>\n<script type=\"application\/ld+json\" class=\"yoast-schema-graph\">{\"@context\":\"https:\\\/\\\/schema.org\",\"@graph\":[{\"@type\":\"WebPage\",\"@id\":\"https:\\\/\\\/www.beautypristroje.sk\\\/produkt\\\/ultimate-recovery\\\/\",\"url\":\"https:\\\/\\\/www.beautypristroje.sk\\\/produkt\\\/ultimate-recovery\\\/\",\"name\":\"Medik8 Ultimate Recovery\u2122 - Beauty pr\u00edstroje\",\"isPartOf\":{\"@id\":\"https:\\\/\\\/www.beautypristroje.sk\\\/#website\"},\"primaryImageOfPage\":{\"@id\":\"https:\\\/\\\/www.beautypristroje.sk\\\/produkt\\\/ultimate-recovery\\\/#primaryimage\"},\"image\":{\"@id\":\"https:\\\/\\\/www.beautypristroje.sk\\\/produkt\\\/ultimate-recovery\\\/#primaryimage\"},\"thumbnailUrl\":\"https:\\\/\\\/www.beautypristroje.sk\\\/wp-content\\\/uploads\\\/2025\\\/05\\\/Copy-of-Ultimate-Recovery-B.png\",\"datePublished\":\"2025-05-13T07:09:38+00:00\",\"dateModified\":\"2025-12-10T08:46:15+00:00\",\"description\":\"Medik8 Ultimate Recovery \u2122 30ml \u2013 hydrata\u010dn\u00fd kr\u00e9m pre such\u00fa a po\u0161koden\u00fa ple\u0165 s alanto\u00ednom, beta-gluk\u00e1nom, vitam\u00ednom E a arnikou pre r\u00fdchlu regener\u00e1ciu.\",\"breadcrumb\":{\"@id\":\"https:\\\/\\\/www.beautypristroje.sk\\\/produkt\\\/ultimate-recovery\\\/#breadcrumb\"},\"inLanguage\":\"en-GB\",\"potentialAction\":[{\"@type\":\"ReadAction\",\"target\":[\"https:\\\/\\\/www.beautypristroje.sk\\\/produkt\\\/ultimate-recovery\\\/\"]}]},{\"@type\":\"ImageObject\",\"inLanguage\":\"en-GB\",\"@id\":\"https:\\\/\\\/www.beautypristroje.sk\\\/produkt\\\/ultimate-recovery\\\/#primaryimage\",\"url\":\"https:\\\/\\\/www.beautypristroje.sk\\\/wp-content\\\/uploads\\\/2025\\\/05\\\/Copy-of-Ultimate-Recovery-B.png\",\"contentUrl\":\"https:\\\/\\\/www.beautypristroje.sk\\\/wp-content\\\/uploads\\\/2025\\\/05\\\/Copy-of-Ultimate-Recovery-B.png\",\"width\":2000,\"height\":2000,\"caption\":\"Ultimate Recovery\u2122 30ml \u2013 intenz\u00edvne hydrata\u010dn\u00fd kr\u00e9m na such\u00fa a po\u0161koden\u00fa ple\u0165 s alanto\u00ednom, beta-gluk\u00e1nom, vitam\u00ednom E a arnikou.\"},{\"@type\":\"BreadcrumbList\",\"@id\":\"https:\\\/\\\/www.beautypristroje.sk\\\/produkt\\\/ultimate-recovery\\\/#breadcrumb\",\"itemListElement\":[{\"@type\":\"ListItem\",\"position\":1,\"name\":\"Domovsk\u00e1 str\u00e1nka\",\"item\":\"https:\\\/\\\/www.beautypristroje.sk\\\/\"},{\"@type\":\"ListItem\",\"position\":2,\"name\":\"Obchod\",\"item\":\"https:\\\/\\\/www.beautypristroje.sk\\\/obchod\\\/\"},{\"@type\":\"ListItem\",\"position\":3,\"name\":\"Medik8 Ultimate Recovery\u2122\"}]},{\"@type\":\"WebSite\",\"@id\":\"https:\\\/\\\/www.beautypristroje.sk\\\/#website\",\"url\":\"https:\\\/\\\/www.beautypristroje.sk\\\/\",\"name\":\"Beauty pr\u00edstroje\",\"description\":\"Profesion\u00e1lne kozmetick\u00e9 pr\u00edstroje pre sal\u00f3ny a kliniky\",\"potentialAction\":[{\"@type\":\"SearchAction\",\"target\":{\"@type\":\"EntryPoint\",\"urlTemplate\":\"https:\\\/\\\/www.beautypristroje.sk\\\/?s={search_term_string}\"},\"query-input\":{\"@type\":\"PropertyValueSpecification\",\"valueRequired\":true,\"valueName\":\"search_term_string\"}}],\"inLanguage\":\"en-GB\"}]}<\/script>\n<!-- \/ Yoast SEO plugin. -->","yoast_head_json":{"title":"Medik8 Ultimate Recovery\u2122 - Beauty pr\u00edstroje","description":"Medik8 Ultimate Recovery \u2122 30ml \u2013 hydrata\u010dn\u00fd kr\u00e9m pre such\u00fa a po\u0161koden\u00fa ple\u0165 s alanto\u00ednom, beta-gluk\u00e1nom, vitam\u00ednom E a arnikou pre r\u00fdchlu regener\u00e1ciu.","robots":{"index":"index","follow":"follow","max-snippet":"max-snippet:-1","max-image-preview":"max-image-preview:large","max-video-preview":"max-video-preview:-1"},"canonical":"https:\/\/www.beautypristroje.sk\/en\/product\/ultimate-recovery\/","og_locale":"en_GB","og_type":"article","og_title":"Medik8 Ultimate Recovery\u2122 - Beauty pr\u00edstroje","og_description":"Medik8 Ultimate Recovery \u2122 30ml \u2013 hydrata\u010dn\u00fd kr\u00e9m pre such\u00fa a po\u0161koden\u00fa ple\u0165 s alanto\u00ednom, beta-gluk\u00e1nom, vitam\u00ednom E a arnikou pre r\u00fdchlu regener\u00e1ciu.","og_url":"https:\/\/www.beautypristroje.sk\/en\/product\/ultimate-recovery\/","og_site_name":"Beauty pr\u00edstroje","article_modified_time":"2025-12-10T08:46:15+00:00","og_image":[{"width":2000,"height":2000,"url":"https:\/\/www.beautypristroje.sk\/wp-content\/uploads\/2025\/05\/Copy-of-Ultimate-Recovery-B.png","type":"image\/png"}],"twitter_card":"summary_large_image","twitter_misc":{"Estimated reading time":"3 minutes"},"schema":{"@context":"https:\/\/schema.org","@graph":[{"@type":"WebPage","@id":"https:\/\/www.beautypristroje.sk\/produkt\/ultimate-recovery\/","url":"https:\/\/www.beautypristroje.sk\/produkt\/ultimate-recovery\/","name":"Medik8 Ultimate Recovery\u2122 - Beauty pr\u00edstroje","isPartOf":{"@id":"https:\/\/www.beautypristroje.sk\/#website"},"primaryImageOfPage":{"@id":"https:\/\/www.beautypristroje.sk\/produkt\/ultimate-recovery\/#primaryimage"},"image":{"@id":"https:\/\/www.beautypristroje.sk\/produkt\/ultimate-recovery\/#primaryimage"},"thumbnailUrl":"https:\/\/www.beautypristroje.sk\/wp-content\/uploads\/2025\/05\/Copy-of-Ultimate-Recovery-B.png","datePublished":"2025-05-13T07:09:38+00:00","dateModified":"2025-12-10T08:46:15+00:00","description":"Medik8 Ultimate Recovery \u2122 30ml \u2013 hydrata\u010dn\u00fd kr\u00e9m pre such\u00fa a po\u0161koden\u00fa ple\u0165 s alanto\u00ednom, beta-gluk\u00e1nom, vitam\u00ednom E a arnikou pre r\u00fdchlu regener\u00e1ciu.","breadcrumb":{"@id":"https:\/\/www.beautypristroje.sk\/produkt\/ultimate-recovery\/#breadcrumb"},"inLanguage":"en-GB","potentialAction":[{"@type":"ReadAction","target":["https:\/\/www.beautypristroje.sk\/produkt\/ultimate-recovery\/"]}]},{"@type":"ImageObject","inLanguage":"en-GB","@id":"https:\/\/www.beautypristroje.sk\/produkt\/ultimate-recovery\/#primaryimage","url":"https:\/\/www.beautypristroje.sk\/wp-content\/uploads\/2025\/05\/Copy-of-Ultimate-Recovery-B.png","contentUrl":"https:\/\/www.beautypristroje.sk\/wp-content\/uploads\/2025\/05\/Copy-of-Ultimate-Recovery-B.png","width":2000,"height":2000,"caption":"Ultimate Recovery\u2122 30ml \u2013 intenz\u00edvne hydrata\u010dn\u00fd kr\u00e9m na such\u00fa a po\u0161koden\u00fa ple\u0165 s alanto\u00ednom, beta-gluk\u00e1nom, vitam\u00ednom E a arnikou."},{"@type":"BreadcrumbList","@id":"https:\/\/www.beautypristroje.sk\/produkt\/ultimate-recovery\/#breadcrumb","itemListElement":[{"@type":"ListItem","position":1,"name":"Domovsk\u00e1 str\u00e1nka","item":"https:\/\/www.beautypristroje.sk\/"},{"@type":"ListItem","position":2,"name":"Obchod","item":"https:\/\/www.beautypristroje.sk\/obchod\/"},{"@type":"ListItem","position":3,"name":"Medik8 Ultimate Recovery\u2122"}]},{"@type":"WebSite","@id":"https:\/\/www.beautypristroje.sk\/#website","url":"https:\/\/www.beautypristroje.sk\/","name":"Beauty pr\u00edstroje","description":"Profesion\u00e1lne kozmetick\u00e9 pr\u00edstroje pre sal\u00f3ny a kliniky","potentialAction":[{"@type":"SearchAction","target":{"@type":"EntryPoint","urlTemplate":"https:\/\/www.beautypristroje.sk\/?s={search_term_string}"},"query-input":{"@type":"PropertyValueSpecification","valueRequired":true,"valueName":"search_term_string"}}],"inLanguage":"en-GB"}]}},"_links":{"self":[{"href":"https:\/\/www.beautypristroje.sk\/en\/wp-json\/wp\/v2\/product\/825","targetHints":{"allow":["GET"]}}],"collection":[{"href":"https:\/\/www.beautypristroje.sk\/en\/wp-json\/wp\/v2\/product"}],"about":[{"href":"https:\/\/www.beautypristroje.sk\/en\/wp-json\/wp\/v2\/types\/product"}],"replies":[{"embeddable":true,"href":"https:\/\/www.beautypristroje.sk\/en\/wp-json\/wp\/v2\/comments?post=825"}],"wp:featuredmedia":[{"embeddable":true,"href":"https:\/\/www.beautypristroje.sk\/en\/wp-json\/wp\/v2\/media\/827"}],"wp:attachment":[{"href":"https:\/\/www.beautypristroje.sk\/en\/wp-json\/wp\/v2\/media?parent=825"}],"wp:term":[{"taxonomy":"product_brand","embeddable":true,"href":"https:\/\/www.beautypristroje.sk\/en\/wp-json\/wp\/v2\/product_brand?post=825"},{"taxonomy":"product_cat","embeddable":true,"href":"https:\/\/www.beautypristroje.sk\/en\/wp-json\/wp\/v2\/product_cat?post=825"},{"taxonomy":"product_tag","embeddable":true,"href":"https:\/\/www.beautypristroje.sk\/en\/wp-json\/wp\/v2\/product_tag?post=825"}],"curies":[{"name":"wp","href":"https:\/\/api.w.org\/{rel}","templated":true}]}}