{"id":817,"date":"2025-05-13T09:06:54","date_gmt":"2025-05-13T07:06:54","guid":{"rendered":"https:\/\/www.beautypristroje.sk\/?post_type=product&#038;p=817"},"modified":"2025-12-10T09:46:15","modified_gmt":"2025-12-10T08:46:15","slug":"illuminating-eye-balm","status":"publish","type":"product","link":"https:\/\/www.beautypristroje.sk\/en\/product\/illuminating-eye-balm\/","title":{"rendered":"Medik8 Illuminating Eye Balm\u2122"},"content":{"rendered":"<p>Odha\u013ete okam\u017eite rozjasnen\u00fd, \u010derstvej\u0161\u00ed vzh\u013ead o\u010dn\u00e9ho okolia s Medik8 Illuminating Eye Balm.<\/p>\n<p>Tento \u013eahk\u00fd o\u010dn\u00fd balzam je obohaten\u00fd o pigmenty, ktor\u00e9 odr\u00e1\u017eaj\u00fa svetlo a pom\u00e1haj\u00fa minimalizova\u0165 vzh\u013ead opuchov a tmav\u00fdch kruhov, z\u00e1rove\u0148 hlboko vy\u017eivuj\u00fa a vidite\u013ene vyhladzuj\u00fa jemn\u00fa poko\u017eku pod o\u010dami.<\/p>\n<p>S\u00fa\u010das\u0165 ka\u017edej rannej rutiny, Illuminating Eye Balm sa m\u00f4\u017ee pou\u017e\u00edva\u0165 samostatne alebo pod make-up a hladko sa prisp\u00f4sob\u00ed v\u0161etk\u00fdm t\u00f3nom pleti.<\/p>\n<h3><strong>V\u00ddHODY<\/strong><\/h3>\n<div class=\"copy\">\n<div class=\"copy\">\n<div class=\"copy\">\n<h5>Redukcia tmav\u00fdch kruhov pod o\u010dami<\/h5>\n<p>Pom\u00e1ha zni\u017eova\u0165 vidite\u013enos\u0165 tmav\u00fdch kruhov v\u010faka rozjas\u0148uj\u00facim a svetlo odr\u00e1\u017eaj\u00facim pigmentom.<\/p>\n<h5>Nevyhnutn\u00e1 v\u00fd\u017eiva pre o\u010dn\u00e9 okolie<\/h5>\n<\/div>\n<div class=\"copy\">\n<p>H\u013abkovo vy\u017eivuje, zjem\u0148uje a upokojuje citliv\u00fa poko\u017eku pod o\u010dami a z\u00e1rove\u0148 pom\u00e1ha vyrovna\u0165 nerovnomern\u00fa text\u00faru poko\u017eky.<\/p>\n<h5>Mladistvej\u0161ie vyzeraj\u00face o\u010dn\u00e9 okolie<\/h5>\n<\/div>\n<div class=\"copy\">\n<p>Podporuje vidite\u013ene hladk\u00e9, svie\u017ee a pru\u017en\u00e9 o\u010dn\u00e9 okolie.<\/p>\n<h3><b>K\u013d\u00da\u010cOV\u00c9 ZLO\u017dKY<\/b><\/h3>\n<\/div>\n<\/div>\n<\/div>\n<h5><img decoding=\"async\" class=\"list-item-icon\" src=\"https:\/\/medik8.sk\/cdn\/shop\/files\/PDP_Key_Ingredients_Rockweed_Algae_Extract_51525dd7-eefa-4ea4-baa2-c0db11f05200.svg?v=1738240637&amp;width=50\" alt=\"Ingredient Icon 1\" width=\"50\" height=\"auto\" \/>\u00a0 Extrakt z \u010dervenej riasy<\/h5>\n<div class=\"copy\">\n<p>M\u00e1 upokojuj\u00face vlastnosti a pom\u00e1ha regulova\u0165 osmotick\u00fd tlak v o\u010dnom okol\u00ed, \u010d\u00edm redukuje opuchy pod o\u010dami.<\/p>\n<h5><img decoding=\"async\" class=\"list-item-icon\" src=\"https:\/\/medik8.sk\/cdn\/shop\/files\/PDP_Key_Ingredients_Illuminating_Minerals.svg?v=1738240637&amp;width=50\" alt=\"Ingredient Icon 2\" width=\"50\" height=\"auto\" \/> Rozjas\u0148uj\u00face miner\u00e1ly<\/h5>\n<\/div>\n<div class=\"copy\">\n<p>Jemne t\u00f3novan\u00e9 miner\u00e1ly, ktor\u00e9 p\u00f4sobia ako optick\u00e9 dif\u00fazory, odr\u00e1\u017eaj\u00fa svetlo a opticky redukuj\u00fa tmav\u00e9 kruhy pod o\u010dami.<\/p>\n<h5><img decoding=\"async\" class=\"list-item-icon\" src=\"https:\/\/medik8.sk\/cdn\/shop\/files\/PDP_Key_Ingredients_Cucumber_Extract.svg?v=1738240637&amp;width=50\" alt=\"Ingredient Icon 3\" width=\"50\" height=\"auto\" \/> Extrakt z uhorky<\/h5>\n<\/div>\n<div class=\"copy\">\n<p>Hydratuje, osvie\u017euje a vidite\u013ene preb\u00fadza jemn\u00e9 o\u010dn\u00e9 okolie.<\/p>\n<h5><img decoding=\"async\" class=\"list-item-icon\" src=\"https:\/\/medik8.sk\/cdn\/shop\/files\/PDP_Key_Ingredients_Hyaluronic_Acid_Icon_f81a9709-1051-4ae2-83de-60724616b223.svg?v=1738240623&amp;width=50\" alt=\"Ingredient Icon 4\" width=\"50\" height=\"auto\" \/> Kyselina hyalur\u00f3nov\u00e1<\/h5>\n<\/div>\n<div class=\"copy\">\n<p>V\u010faka jedine\u010dnej schopnosti viaza\u0165 viac ako 1000-n\u00e1sobok svojej hmotnosti vo vode prenik\u00e1 do hlb\u0161\u00edch vrstiev poko\u017eky a intenz\u00edvne hydratuje, \u010d\u00edm ju zanech\u00e1va vidite\u013ene vy\u017eiven\u00fa a pru\u017en\u00fa.<\/p>\n<h5><img decoding=\"async\" class=\"list-item-icon\" src=\"https:\/\/medik8.sk\/cdn\/shop\/files\/PDP_Key_Ingredients_Glycerin_Icon_fd4c1fd1-7d42-4922-8aa5-09a70c44d44b.svg?v=1738240597&amp;width=50\" alt=\"Ingredient Icon 5\" width=\"50\" height=\"auto\" \/> Glycerin<\/h5>\n<\/div>\n<div class=\"copy\">\n<p>Pr\u00edrodn\u00fd humektant, ktor\u00fd zachyt\u00e1va vlhkos\u0165 v poko\u017eke, \u010d\u00edm ju hydratuje a zanech\u00e1va pocit komfortu.<\/p>\n<\/div>\n<h3><strong>AKO POU\u017d\u00cdVA\u0164<\/strong><\/h3>\n<p>Po rannom \u010disten\u00ed pleti naneste mal\u00e9 mno\u017estvo produktu okolo o\u010dn\u00e9ho okolia \u2013 vyhnite sa vie\u010dkam.<\/p>\n<h6>POZN\u00c1MKA<\/h6>\n<p>Mo\u017eno pou\u017ei\u0165 samostatne alebo pod make-up.<\/p>\n<h3><strong>OBSAH BALENIA<\/strong><\/h3>\n<p>Balenie 15 ml posta\u010duje a\u017e na 140 aplik\u00e1ci\u00ed, po otvoren\u00ed\u00a0 je nutn\u00e9 produkt spotrebova\u0165 do 12 mesiacov<\/p>\n<h3><strong>ZLO\u017dENIE<\/strong><\/h3>\n<p>Aqua (Water), Titanium Dioxide (CI 77891), Caprylic\/Capric Triglyceride, C12-15 Alkyl Benzoate, Butylene Glycol, Glycerin, Methylpropanediol, Dimethicone, Glyceryl Stearate Citrate, Mica, Polyacrylamide, Sorbitan Sesquioleate, Polyglyceryl-3 Stearate, C13-14 Isoparaffin, Caprylyl Glycol, Cetyl Alcohol, Glyceryl Stearate, Hydrogenated Lecithin, Stearic Acid, PEG-75 Stearate, Silica, Laureth-7, Cucumis Sativus (Cucumber) Fruit Water, Tin Oxide, Ceteth-20, Steareth-20, Phenylpropanol, Alumina, Caffeine, Polyhydroxystearic Acid, Hydrolyzed Rhodophyceae Extract, Bacillus Ferment, Tocopherol, Sodium Hyaluronate, Lactic Acid, Sodium Hydroxide, CI 77492 (Yellow Iron Oxide), CI 77491 (Red Iron Oxide), CI 77499 (Black Iron Oxide).<\/p>\n<p>*Aj ke\u010f sa sna\u017e\u00edme zaisti\u0165 presnos\u0165 tohto zoznamu zlo\u017eiek, niekedy m\u00f4\u017ee d\u00f4js\u0165 k vylep\u0161eniam produktu alebo k miernym rozdielom medzi r\u00f4znymi regi\u00f3nmi na z\u00e1klade miestnych z\u00e1konov. Jedin\u00fd definit\u00edvny zoznam zlo\u017eiek je preto ten, ktor\u00fd je vytla\u010den\u00fd na obale produktu.<\/p>\n<p>&nbsp;<\/p>","protected":false},"excerpt":{"rendered":"<p>15 ml<\/p>\n<p>Rozjas\u0148uj\u00faci o\u010dn\u00fd balzam<br \/>\nRozjas\u0148uj\u00face pigmenty, extrakt z uhorieka \u010derven\u00fdch rias, glycer\u00edn, kyselina hyalur\u00f3nov\u00e1<\/p>","protected":false},"featured_media":819,"comment_status":"open","ping_status":"closed","template":"","meta":{"_acf_changed":false},"product_brand":[77],"product_cat":[75,26],"product_tag":[],"class_list":{"0":"post-817","1":"product","2":"type-product","3":"status-publish","4":"has-post-thumbnail","6":"product_brand-medik8","7":"product_cat-kremy-a-sera","8":"product_cat-skincare-produkty","10":"first","11":"instock","12":"taxable","13":"shipping-taxable","14":"purchasable","15":"product-type-simple"},"acf":[],"yoast_head":"<!-- This site is optimized with the Yoast SEO plugin v27.5 - https:\/\/yoast.com\/product\/yoast-seo-wordpress\/ -->\n<title>Medik8 Illuminating Eye Balm\u2122 - Beauty pr\u00edstroje<\/title>\n<meta name=\"description\" content=\"Medik8 Illuminating Eye Balm \u2122 15 ml \u2013 o\u010dn\u00fd balzam pre rozjasnenie poko\u017eky okolo o\u010d\u00ed s pigmentmi, extraktom z \u010derven\u00fdch rias, glycer\u00ednom a kyselinou hyalur\u00f3novou.\" \/>\n<meta name=\"robots\" content=\"index, follow, max-snippet:-1, max-image-preview:large, max-video-preview:-1\" \/>\n<link rel=\"canonical\" href=\"https:\/\/www.beautypristroje.sk\/en\/product\/illuminating-eye-balm\/\" \/>\n<meta property=\"og:locale\" content=\"en_GB\" \/>\n<meta property=\"og:type\" content=\"article\" \/>\n<meta property=\"og:title\" content=\"Medik8 Illuminating Eye Balm\u2122 - Beauty pr\u00edstroje\" \/>\n<meta property=\"og:description\" content=\"Medik8 Illuminating Eye Balm \u2122 15 ml \u2013 o\u010dn\u00fd balzam pre rozjasnenie poko\u017eky okolo o\u010d\u00ed s pigmentmi, extraktom z \u010derven\u00fdch rias, glycer\u00ednom a kyselinou hyalur\u00f3novou.\" \/>\n<meta property=\"og:url\" content=\"https:\/\/www.beautypristroje.sk\/en\/product\/illuminating-eye-balm\/\" \/>\n<meta property=\"og:site_name\" content=\"Beauty pr\u00edstroje\" \/>\n<meta property=\"article:modified_time\" content=\"2025-12-10T08:46:15+00:00\" \/>\n<meta property=\"og:image\" content=\"https:\/\/www.beautypristroje.sk\/wp-content\/uploads\/2025\/05\/Copy-of-Illuminating-Eye-Balm-B-1024x1024.png\" \/>\n\t<meta property=\"og:image:width\" content=\"1024\" \/>\n\t<meta property=\"og:image:height\" content=\"1024\" \/>\n\t<meta property=\"og:image:type\" content=\"image\/png\" \/>\n<meta name=\"twitter:card\" content=\"summary_large_image\" \/>\n<meta name=\"twitter:label1\" content=\"Estimated reading time\" \/>\n\t<meta name=\"twitter:data1\" content=\"4 minutes\" \/>\n<script type=\"application\/ld+json\" class=\"yoast-schema-graph\">{\"@context\":\"https:\\\/\\\/schema.org\",\"@graph\":[{\"@type\":\"WebPage\",\"@id\":\"https:\\\/\\\/www.beautypristroje.sk\\\/produkt\\\/illuminating-eye-balm\\\/\",\"url\":\"https:\\\/\\\/www.beautypristroje.sk\\\/produkt\\\/illuminating-eye-balm\\\/\",\"name\":\"Medik8 Illuminating Eye Balm\u2122 - Beauty pr\u00edstroje\",\"isPartOf\":{\"@id\":\"https:\\\/\\\/www.beautypristroje.sk\\\/#website\"},\"primaryImageOfPage\":{\"@id\":\"https:\\\/\\\/www.beautypristroje.sk\\\/produkt\\\/illuminating-eye-balm\\\/#primaryimage\"},\"image\":{\"@id\":\"https:\\\/\\\/www.beautypristroje.sk\\\/produkt\\\/illuminating-eye-balm\\\/#primaryimage\"},\"thumbnailUrl\":\"https:\\\/\\\/www.beautypristroje.sk\\\/wp-content\\\/uploads\\\/2025\\\/05\\\/Copy-of-Illuminating-Eye-Balm-B.png\",\"datePublished\":\"2025-05-13T07:06:54+00:00\",\"dateModified\":\"2025-12-10T08:46:15+00:00\",\"description\":\"Medik8 Illuminating Eye Balm \u2122 15 ml \u2013 o\u010dn\u00fd balzam pre rozjasnenie poko\u017eky okolo o\u010d\u00ed s pigmentmi, extraktom z \u010derven\u00fdch rias, glycer\u00ednom a kyselinou hyalur\u00f3novou.\",\"breadcrumb\":{\"@id\":\"https:\\\/\\\/www.beautypristroje.sk\\\/produkt\\\/illuminating-eye-balm\\\/#breadcrumb\"},\"inLanguage\":\"en-GB\",\"potentialAction\":[{\"@type\":\"ReadAction\",\"target\":[\"https:\\\/\\\/www.beautypristroje.sk\\\/produkt\\\/illuminating-eye-balm\\\/\"]}]},{\"@type\":\"ImageObject\",\"inLanguage\":\"en-GB\",\"@id\":\"https:\\\/\\\/www.beautypristroje.sk\\\/produkt\\\/illuminating-eye-balm\\\/#primaryimage\",\"url\":\"https:\\\/\\\/www.beautypristroje.sk\\\/wp-content\\\/uploads\\\/2025\\\/05\\\/Copy-of-Illuminating-Eye-Balm-B.png\",\"contentUrl\":\"https:\\\/\\\/www.beautypristroje.sk\\\/wp-content\\\/uploads\\\/2025\\\/05\\\/Copy-of-Illuminating-Eye-Balm-B.png\",\"width\":2000,\"height\":2000,\"caption\":\"Illuminating Eye Balm\u2122 15 ml \u2013 rozjas\u0148uj\u00faci o\u010dn\u00fd balzam s pigmentmi, extraktom z \u010derven\u00fdch rias, glycer\u00ednom a kyselinou hyalur\u00f3novou.\"},{\"@type\":\"BreadcrumbList\",\"@id\":\"https:\\\/\\\/www.beautypristroje.sk\\\/produkt\\\/illuminating-eye-balm\\\/#breadcrumb\",\"itemListElement\":[{\"@type\":\"ListItem\",\"position\":1,\"name\":\"Domovsk\u00e1 str\u00e1nka\",\"item\":\"https:\\\/\\\/www.beautypristroje.sk\\\/\"},{\"@type\":\"ListItem\",\"position\":2,\"name\":\"Obchod\",\"item\":\"https:\\\/\\\/www.beautypristroje.sk\\\/obchod\\\/\"},{\"@type\":\"ListItem\",\"position\":3,\"name\":\"Medik8 Illuminating Eye Balm\u2122\"}]},{\"@type\":\"WebSite\",\"@id\":\"https:\\\/\\\/www.beautypristroje.sk\\\/#website\",\"url\":\"https:\\\/\\\/www.beautypristroje.sk\\\/\",\"name\":\"Beauty pr\u00edstroje\",\"description\":\"Profesion\u00e1lne kozmetick\u00e9 pr\u00edstroje pre sal\u00f3ny a kliniky\",\"potentialAction\":[{\"@type\":\"SearchAction\",\"target\":{\"@type\":\"EntryPoint\",\"urlTemplate\":\"https:\\\/\\\/www.beautypristroje.sk\\\/?s={search_term_string}\"},\"query-input\":{\"@type\":\"PropertyValueSpecification\",\"valueRequired\":true,\"valueName\":\"search_term_string\"}}],\"inLanguage\":\"en-GB\"}]}<\/script>\n<!-- \/ Yoast SEO plugin. -->","yoast_head_json":{"title":"Medik8 Illuminating Eye Balm\u2122 - Beauty pr\u00edstroje","description":"Medik8 Illuminating Eye Balm \u2122 15 ml \u2013 o\u010dn\u00fd balzam pre rozjasnenie poko\u017eky okolo o\u010d\u00ed s pigmentmi, extraktom z \u010derven\u00fdch rias, glycer\u00ednom a kyselinou hyalur\u00f3novou.","robots":{"index":"index","follow":"follow","max-snippet":"max-snippet:-1","max-image-preview":"max-image-preview:large","max-video-preview":"max-video-preview:-1"},"canonical":"https:\/\/www.beautypristroje.sk\/en\/product\/illuminating-eye-balm\/","og_locale":"en_GB","og_type":"article","og_title":"Medik8 Illuminating Eye Balm\u2122 - Beauty pr\u00edstroje","og_description":"Medik8 Illuminating Eye Balm \u2122 15 ml \u2013 o\u010dn\u00fd balzam pre rozjasnenie poko\u017eky okolo o\u010d\u00ed s pigmentmi, extraktom z \u010derven\u00fdch rias, glycer\u00ednom a kyselinou hyalur\u00f3novou.","og_url":"https:\/\/www.beautypristroje.sk\/en\/product\/illuminating-eye-balm\/","og_site_name":"Beauty pr\u00edstroje","article_modified_time":"2025-12-10T08:46:15+00:00","og_image":[{"width":1024,"height":1024,"url":"https:\/\/www.beautypristroje.sk\/wp-content\/uploads\/2025\/05\/Copy-of-Illuminating-Eye-Balm-B-1024x1024.png","type":"image\/png"}],"twitter_card":"summary_large_image","twitter_misc":{"Estimated reading time":"4 minutes"},"schema":{"@context":"https:\/\/schema.org","@graph":[{"@type":"WebPage","@id":"https:\/\/www.beautypristroje.sk\/produkt\/illuminating-eye-balm\/","url":"https:\/\/www.beautypristroje.sk\/produkt\/illuminating-eye-balm\/","name":"Medik8 Illuminating Eye Balm\u2122 - Beauty pr\u00edstroje","isPartOf":{"@id":"https:\/\/www.beautypristroje.sk\/#website"},"primaryImageOfPage":{"@id":"https:\/\/www.beautypristroje.sk\/produkt\/illuminating-eye-balm\/#primaryimage"},"image":{"@id":"https:\/\/www.beautypristroje.sk\/produkt\/illuminating-eye-balm\/#primaryimage"},"thumbnailUrl":"https:\/\/www.beautypristroje.sk\/wp-content\/uploads\/2025\/05\/Copy-of-Illuminating-Eye-Balm-B.png","datePublished":"2025-05-13T07:06:54+00:00","dateModified":"2025-12-10T08:46:15+00:00","description":"Medik8 Illuminating Eye Balm \u2122 15 ml \u2013 o\u010dn\u00fd balzam pre rozjasnenie poko\u017eky okolo o\u010d\u00ed s pigmentmi, extraktom z \u010derven\u00fdch rias, glycer\u00ednom a kyselinou hyalur\u00f3novou.","breadcrumb":{"@id":"https:\/\/www.beautypristroje.sk\/produkt\/illuminating-eye-balm\/#breadcrumb"},"inLanguage":"en-GB","potentialAction":[{"@type":"ReadAction","target":["https:\/\/www.beautypristroje.sk\/produkt\/illuminating-eye-balm\/"]}]},{"@type":"ImageObject","inLanguage":"en-GB","@id":"https:\/\/www.beautypristroje.sk\/produkt\/illuminating-eye-balm\/#primaryimage","url":"https:\/\/www.beautypristroje.sk\/wp-content\/uploads\/2025\/05\/Copy-of-Illuminating-Eye-Balm-B.png","contentUrl":"https:\/\/www.beautypristroje.sk\/wp-content\/uploads\/2025\/05\/Copy-of-Illuminating-Eye-Balm-B.png","width":2000,"height":2000,"caption":"Illuminating Eye Balm\u2122 15 ml \u2013 rozjas\u0148uj\u00faci o\u010dn\u00fd balzam s pigmentmi, extraktom z \u010derven\u00fdch rias, glycer\u00ednom a kyselinou hyalur\u00f3novou."},{"@type":"BreadcrumbList","@id":"https:\/\/www.beautypristroje.sk\/produkt\/illuminating-eye-balm\/#breadcrumb","itemListElement":[{"@type":"ListItem","position":1,"name":"Domovsk\u00e1 str\u00e1nka","item":"https:\/\/www.beautypristroje.sk\/"},{"@type":"ListItem","position":2,"name":"Obchod","item":"https:\/\/www.beautypristroje.sk\/obchod\/"},{"@type":"ListItem","position":3,"name":"Medik8 Illuminating Eye Balm\u2122"}]},{"@type":"WebSite","@id":"https:\/\/www.beautypristroje.sk\/#website","url":"https:\/\/www.beautypristroje.sk\/","name":"Beauty pr\u00edstroje","description":"Profesion\u00e1lne kozmetick\u00e9 pr\u00edstroje pre sal\u00f3ny a kliniky","potentialAction":[{"@type":"SearchAction","target":{"@type":"EntryPoint","urlTemplate":"https:\/\/www.beautypristroje.sk\/?s={search_term_string}"},"query-input":{"@type":"PropertyValueSpecification","valueRequired":true,"valueName":"search_term_string"}}],"inLanguage":"en-GB"}]}},"_links":{"self":[{"href":"https:\/\/www.beautypristroje.sk\/en\/wp-json\/wp\/v2\/product\/817","targetHints":{"allow":["GET"]}}],"collection":[{"href":"https:\/\/www.beautypristroje.sk\/en\/wp-json\/wp\/v2\/product"}],"about":[{"href":"https:\/\/www.beautypristroje.sk\/en\/wp-json\/wp\/v2\/types\/product"}],"replies":[{"embeddable":true,"href":"https:\/\/www.beautypristroje.sk\/en\/wp-json\/wp\/v2\/comments?post=817"}],"wp:featuredmedia":[{"embeddable":true,"href":"https:\/\/www.beautypristroje.sk\/en\/wp-json\/wp\/v2\/media\/819"}],"wp:attachment":[{"href":"https:\/\/www.beautypristroje.sk\/en\/wp-json\/wp\/v2\/media?parent=817"}],"wp:term":[{"taxonomy":"product_brand","embeddable":true,"href":"https:\/\/www.beautypristroje.sk\/en\/wp-json\/wp\/v2\/product_brand?post=817"},{"taxonomy":"product_cat","embeddable":true,"href":"https:\/\/www.beautypristroje.sk\/en\/wp-json\/wp\/v2\/product_cat?post=817"},{"taxonomy":"product_tag","embeddable":true,"href":"https:\/\/www.beautypristroje.sk\/en\/wp-json\/wp\/v2\/product_tag?post=817"}],"curies":[{"name":"wp","href":"https:\/\/api.w.org\/{rel}","templated":true}]}}