{"id":809,"date":"2025-05-13T09:04:18","date_gmt":"2025-05-13T07:04:18","guid":{"rendered":"https:\/\/www.beautypristroje.sk\/?post_type=product&#038;p=809"},"modified":"2025-12-10T09:46:15","modified_gmt":"2025-12-10T08:46:15","slug":"hydr8-b5-intense","status":"publish","type":"product","link":"https:\/\/www.beautypristroje.sk\/en\/product\/hydr8-b5-intense\/","title":{"rendered":"Medik8 Hydr8 B5 Intense\u2122"},"content":{"rendered":"<p>Za 24 hod\u00edn obnovte a nabijte prirodzen\u00fa vlhkos\u0165 pleti a dosiahnite klinicky dok\u00e1zan\u00e9 vyhladenie a plnos\u0165 pleti.* Medik8 Hydr8 B5 Intense je ultim\u00e1tnym s\u00e9rum s hyalur\u00f3novou kyselinou.<\/p>\n<p>Toto s\u00e9rum, odborn\u011b vyvinut\u00e9 jako supernabit\u00e9 pokra\u010dovanie bestselleru Hydr8 B5, je obohaten\u00e9 o antioxidanty z superpotrav\u00edn a prirodzen\u00e9 zvlh\u010dovacie faktory (NMF), ktor\u00e9 zabezpe\u010duj\u00fa hlbok\u00fa a vidite\u013en\u00fa hydrat\u00e1ciu poko\u017eky.<\/p>\n<p>*D\u00f4kazy poch\u00e1dzaj\u00fa z nez\u00e1visl\u00e9ho klinick\u00e9ho v\u00fdskumu Hydr8 B5 Intense, ktor\u00fd bol vykonan\u00fd po\u010das 4 t\u00fd\u017ed\u0148ov na 32 \u00fa\u010dastn\u00edkoch.<\/p>\n<h3><strong>V\u00ddHODY<\/strong><\/h3>\n<div class=\"copy\">\n<div class=\"copy\">\n<div class=\"copy\">\n<h5>Celodenn\u00e1 hydrat\u00e1cia<\/h5>\n<p>Klinicky preuk\u00e1zan\u00e9 zlep\u0161enie hydrat\u00e1cie suchej a dehydrovanej pleti \u2013 okam\u017eite aj dlhodobo.*<\/p>\n<div class=\"metafield-rich_text_field\">\n<p>*Preuk\u00e1zan\u00e9 nez\u00e1vislou klinickou \u0161t\u00fadiou na Hydr8 B5 Intense, testovanou po\u010das 4 t\u00fd\u017ed\u0148ov na 32 \u00fa\u010dastn\u00edkoch.<\/p>\n<\/div>\n<h5>Spevnenie a vyhladenie pleti<\/h5>\n<\/div>\n<div class=\"copy\">\n<p>Klinicky preuk\u00e1zan\u00e9 spevnenie a vypnutie pleti, ktor\u00e1 je vidite\u013ene pru\u017enej\u0161ia a pln\u0161ia.<\/p>\n<h5>Vidite\u013ene obnovuje straten\u00fd objem<\/h5>\n<\/div>\n<div class=\"copy\">\n<p>Viacvrstvov\u00e1 hydrat\u00e1cia pom\u00e1ha r\u00fdchlo obnovi\u0165 plnos\u0165 a mladistv\u00fd vzh\u013ead pleti.<\/p>\n<h5>Hydratovan\u00e1 ple\u0165 v akomko\u013evek prostred\u00ed<\/h5>\n<\/div>\n<div class=\"copy\">\n<p>Klinicky preuk\u00e1zan\u00e9, \u017ee zvy\u0161uje \u00farove\u0148 hydrat\u00e1cie pleti aj v n\u00e1ro\u010dn\u00fdch podmienkach, ako je chladn\u00e9 po\u010dasie alebo cestovanie.<\/p>\n<h3><b>K\u013d\u00da\u010cOV\u00c9 ZLO\u017dKY<\/b><\/h3>\n<\/div>\n<\/div>\n<\/div>\n<h5><img decoding=\"async\" class=\"list-item-icon\" src=\"https:\/\/medik8.sk\/cdn\/shop\/files\/PDP_Key_Ingredients_Multi-Weight_Hyaluronic_Acid_Molecule.svg?v=1738240597&amp;width=50\" alt=\"Ingredient Icon 1\" width=\"50\" height=\"auto\" \/> Multi-hmotnostn\u00e1 kyselina hyalur\u00f3nov\u00e1<\/h5>\n<div class=\"copy\">\n<p>V\u00fdnimo\u010dn\u00e1 schopnos\u0165 pri\u0165ahova\u0165 a udr\u017eiava\u0165 viac ako 1 000-n\u00e1sobok svojej v\u00e1hy vo vode, kyselina hyalur\u00f3nov\u00e1 \u010derp\u00e1 vlhkos\u0165 z ni\u017e\u0161\u00edch vrstiev poko\u017eky do horn\u00fdch vrstiev. T\u00fdm zanech\u00e1va ple\u0165 vidite\u013ene vy\u017eiven\u00fa a pru\u017en\u00fa.<\/p>\n<h5><img decoding=\"async\" class=\"list-item-icon\" src=\"https:\/\/medik8.sk\/cdn\/shop\/files\/PDP_Key_Ingredients_Vitamin_B5_Icon_8f2d2ce8-1274-491f-b39f-d03412656aee.svg?v=1738240596&amp;width=50\" alt=\"Ingredient Icon 2\" width=\"50\" height=\"auto\" \/> Vitam\u00edn B5<\/h5>\n<\/div>\n<div class=\"copy\">\n<p>Zn\u00e1my aj ako panthenol, vitam\u00edn B5 pom\u00e1ha poko\u017eke udr\u017eiava\u0165 vlhkos\u0165, podporuje regener\u00e1ciu ko\u017en\u00fdch buniek a zanech\u00e1va ple\u0165 vidite\u013ene pln\u0161iu.<\/p>\n<h5><img decoding=\"async\" class=\"list-item-icon\" src=\"https:\/\/medik8.sk\/cdn\/shop\/files\/PDP_Key_Ingredients_Natural_Moisturising_Factors_NMFs_Icon_f1cc7108-a164-45fc-86a2-80d0cbe3cfba.svg?v=1738240597&amp;width=50\" alt=\"Ingredient Icon 3\" width=\"50\" height=\"auto\" \/> Pr\u00edrodn\u00e9 zvlh\u010duj\u00face faktory (NMFs)<\/h5>\n<\/div>\n<div class=\"copy\">\n<p>Jedine\u010dn\u00e1 kombin\u00e1cia pr\u00edrodn\u00fdch komponentov v poko\u017eke (sodn\u00e1 PCA, glycer\u00edn, urea, bielkoviny, cukry, 15 r\u00f4znych aminokysel\u00edn, mlie\u010dna kyselina a kreat\u00edn), ktor\u00e9 via\u017eu a udr\u017euj\u00fa vlhkos\u0165 pre optim\u00e1lnu hydrat\u00e1ciu poko\u017eky.<\/p>\n<h5><img decoding=\"async\" class=\"list-item-icon\" src=\"https:\/\/medik8.sk\/cdn\/shop\/files\/PDP_Key_Ingredients_Saskatoon_Berry_Icon_c7b1d4c0-ecaf-4e4a-8a6d-29cdc11dfc2f.svg?v=1738240597&amp;width=50\" alt=\"Ingredient Icon 4\" width=\"50\" height=\"auto\" \/> Saskatoon Berry<\/h5>\n<\/div>\n<div class=\"copy\">\n<p>Tento kanadsk\u00fd superbobu\u013eov\u00fd ovocie je pln\u00e9 antioxid\u00e1ntov, naz\u00fdvan\u00fdch anthokyan\u00edny, ktor\u00e9 m\u00f4\u017eu pom\u00f4c\u0165 blokova\u0165 enz\u00fdm, ktor\u00fd rozklad\u00e1 kyselinu hyalur\u00f3nov\u00fa, \u010d\u00edm sa udr\u017eiava prirodzen\u00e1 vlhkos\u0165 pleti a zlep\u0161uje jej objem.<\/p>\n<h5><img decoding=\"async\" class=\"list-item-icon\" src=\"https:\/\/medik8.sk\/cdn\/shop\/files\/PDP_Key_Ingredients_Soy_Extract_Icon_481385a4-9b5a-4ea1-b3bd-0ce14cabd7c0.svg?v=1738240597&amp;width=50\" alt=\"Ingredient Icon 5\" width=\"50\" height=\"auto\" \/>S\u00f3jov\u00fd extrakt<\/h5>\n<\/div>\n<div class=\"copy\">\n<p>Pr\u00edrodn\u00fd a siln\u00fd antioxidant, s\u00f3jov\u00fd extrakt pom\u00e1ha stimulova\u0165 prirodzen\u00fa produkciu kyseliny hyalur\u00f3novej a kolag\u00e9nu v poko\u017eke, \u010d\u00edm zlep\u0161uje hydrat\u00e1ciu a mladistv\u00fd vzh\u013ead pleti.<\/p>\n<\/div>\n<h3><strong>AKO POU\u017d\u00cdVA\u0164<\/strong><\/h3>\n<p>Po o\u010disten\u00ed pleti r\u00e1no a ve\u010der naneste 6 kvapiek Hydr8 B5 Intense na tv\u00e1r, krk a dekolt. Nechajte vstreba\u0165 a n\u00e1sledne naneste v\u00e1\u0161 kr\u00e9m.<\/p>\n<h3><strong>OBSAH BALENIA<\/strong><\/h3>\n<p>Balenie s obsahom 30ml produktu, vydr\u017e\u00ed pri be\u017enou u\u017e\u00edvan\u00ed pribli\u017ene 50 aplik\u00e1ci\u00ed.<\/p>\n<h3><strong>ZLO\u017dENIE<\/strong><\/h3>\n<p>Aqua (Water), Panthenol, Glyceryl Glucoside, Propylene Glycol, Sodium Hyaluronate, Glycerin, Sodium PCA, Amelanchier Alnifolia (Saskatoon) Fruit Extract, Urea, Calcium Pantothenate, Trehalose, Taurine, Creatine, Diglycerin, Acetyl Glucosamine, Daucus Carota Sativa (Black Carrot) Juice, Glycine Soja (Soybean) Seed Extract, Lysine HCL, Alanine, Arginine, Histidine HCL, Biosaccharide Gum-1, Phenoxyethanol, Serine, Allantoin, Proline, Lactic Acid, Ethylhexylglycerin, Hydroxyacetophenone, Hydrolyzed Wheat Protein, Lysine, PCA, Sorbitol, Glutamic Acid, Threonine, Valine, Leucine, Glycine, Isoleucine, Phenylalanine, Potassium Sorbate, Sodium Benzoate, Citric Acid.<\/p>\n<p>*Aj ke\u010f sa sna\u017e\u00edme zaisti\u0165 presnos\u0165 tohto zoznamu zlo\u017eiek, niekedy m\u00f4\u017ee d\u00f4js\u0165 k vylep\u0161eniam produktu alebo k miernym rozdielom medzi r\u00f4znymi regi\u00f3nmi na z\u00e1klade miestnych z\u00e1konov. Jedin\u00fd definit\u00edvny zoznam zlo\u017eiek je preto ten, ktor\u00fd je vytla\u010den\u00fd na obale produktu.<\/p>","protected":false},"excerpt":{"rendered":"<p>30ml<\/p>\n<p>Intenz\u00edvne g\u00e9lov\u00e9 hydrata\u010dn\u00e9 s\u00e9rum<br \/>\nMultimolekul\u00e1rna kyselina hyaluronov\u00e1, vitam\u00edn B5, muchovn\u00edk ol\u0161olisty\u0301, NMF syst\u00e9m, extrakt zo s\u00f3ji<\/p>","protected":false},"featured_media":811,"comment_status":"open","ping_status":"closed","template":"","meta":{"_acf_changed":false},"product_brand":[77],"product_cat":[75,26],"product_tag":[],"class_list":{"0":"post-809","1":"product","2":"type-product","3":"status-publish","4":"has-post-thumbnail","6":"product_brand-medik8","7":"product_cat-kremy-a-sera","8":"product_cat-skincare-produkty","10":"first","11":"instock","12":"taxable","13":"shipping-taxable","14":"purchasable","15":"product-type-simple"},"acf":[],"yoast_head":"<!-- This site is optimized with the Yoast SEO plugin v27.5 - https:\/\/yoast.com\/product\/yoast-seo-wordpress\/ -->\n<title>Medik8 Hydr8 B5 Intense\u2122 - Beauty pr\u00edstroje<\/title>\n<meta name=\"description\" content=\"Hydr8 B5 Intense\u2122 30 ml \u2013 g\u00e9lov\u00e9 hydrata\u010dn\u00e9 s\u00e9rum s kyselinou hyalur\u00f3novou, vitam\u00ednom B5 a extraktmi pre intenz\u00edvnu hydrat\u00e1ciu a ochranu poko\u017eky.\" \/>\n<meta name=\"robots\" content=\"index, follow, max-snippet:-1, max-image-preview:large, max-video-preview:-1\" \/>\n<link rel=\"canonical\" href=\"https:\/\/www.beautypristroje.sk\/en\/product\/hydr8-b5-intense\/\" \/>\n<meta property=\"og:locale\" content=\"en_GB\" \/>\n<meta property=\"og:type\" content=\"article\" \/>\n<meta property=\"og:title\" content=\"Medik8 Hydr8 B5 Intense\u2122 - Beauty pr\u00edstroje\" \/>\n<meta property=\"og:description\" content=\"Hydr8 B5 Intense\u2122 30 ml \u2013 g\u00e9lov\u00e9 hydrata\u010dn\u00e9 s\u00e9rum s kyselinou hyalur\u00f3novou, vitam\u00ednom B5 a extraktmi pre intenz\u00edvnu hydrat\u00e1ciu a ochranu poko\u017eky.\" \/>\n<meta property=\"og:url\" content=\"https:\/\/www.beautypristroje.sk\/en\/product\/hydr8-b5-intense\/\" \/>\n<meta property=\"og:site_name\" content=\"Beauty pr\u00edstroje\" \/>\n<meta property=\"article:modified_time\" content=\"2025-12-10T08:46:15+00:00\" \/>\n<meta property=\"og:image\" content=\"https:\/\/www.beautypristroje.sk\/wp-content\/uploads\/2025\/05\/Copy-of-Hydr8-B5-Intense-B-1024x1024.png\" \/>\n\t<meta property=\"og:image:width\" content=\"1024\" \/>\n\t<meta property=\"og:image:height\" content=\"1024\" \/>\n\t<meta property=\"og:image:type\" content=\"image\/png\" \/>\n<meta name=\"twitter:card\" content=\"summary_large_image\" \/>\n<meta name=\"twitter:label1\" content=\"Estimated reading time\" \/>\n\t<meta name=\"twitter:data1\" content=\"4 minutes\" \/>\n<script type=\"application\/ld+json\" class=\"yoast-schema-graph\">{\"@context\":\"https:\\\/\\\/schema.org\",\"@graph\":[{\"@type\":\"WebPage\",\"@id\":\"https:\\\/\\\/www.beautypristroje.sk\\\/produkt\\\/hydr8-b5-intense\\\/\",\"url\":\"https:\\\/\\\/www.beautypristroje.sk\\\/produkt\\\/hydr8-b5-intense\\\/\",\"name\":\"Medik8 Hydr8 B5 Intense\u2122 - Beauty pr\u00edstroje\",\"isPartOf\":{\"@id\":\"https:\\\/\\\/www.beautypristroje.sk\\\/#website\"},\"primaryImageOfPage\":{\"@id\":\"https:\\\/\\\/www.beautypristroje.sk\\\/produkt\\\/hydr8-b5-intense\\\/#primaryimage\"},\"image\":{\"@id\":\"https:\\\/\\\/www.beautypristroje.sk\\\/produkt\\\/hydr8-b5-intense\\\/#primaryimage\"},\"thumbnailUrl\":\"https:\\\/\\\/www.beautypristroje.sk\\\/wp-content\\\/uploads\\\/2025\\\/05\\\/Copy-of-Hydr8-B5-Intense-B.png\",\"datePublished\":\"2025-05-13T07:04:18+00:00\",\"dateModified\":\"2025-12-10T08:46:15+00:00\",\"description\":\"Hydr8 B5 Intense\u2122 30 ml \u2013 g\u00e9lov\u00e9 hydrata\u010dn\u00e9 s\u00e9rum s kyselinou hyalur\u00f3novou, vitam\u00ednom B5 a extraktmi pre intenz\u00edvnu hydrat\u00e1ciu a ochranu poko\u017eky.\",\"breadcrumb\":{\"@id\":\"https:\\\/\\\/www.beautypristroje.sk\\\/produkt\\\/hydr8-b5-intense\\\/#breadcrumb\"},\"inLanguage\":\"en-GB\",\"potentialAction\":[{\"@type\":\"ReadAction\",\"target\":[\"https:\\\/\\\/www.beautypristroje.sk\\\/produkt\\\/hydr8-b5-intense\\\/\"]}]},{\"@type\":\"ImageObject\",\"inLanguage\":\"en-GB\",\"@id\":\"https:\\\/\\\/www.beautypristroje.sk\\\/produkt\\\/hydr8-b5-intense\\\/#primaryimage\",\"url\":\"https:\\\/\\\/www.beautypristroje.sk\\\/wp-content\\\/uploads\\\/2025\\\/05\\\/Copy-of-Hydr8-B5-Intense-B.png\",\"contentUrl\":\"https:\\\/\\\/www.beautypristroje.sk\\\/wp-content\\\/uploads\\\/2025\\\/05\\\/Copy-of-Hydr8-B5-Intense-B.png\",\"width\":2000,\"height\":2000,\"caption\":\"Hydr8 B5 Intense\u2122 30 ml \u2013 intenz\u00edvne g\u00e9lov\u00e9 hydrata\u010dn\u00e9 s\u00e9rum s multimolekul\u00e1rnou kyselinou hyalur\u00f3novou, vitam\u00ednom B5, extraktom z muchovn\u00edka a s\u00f3je.\"},{\"@type\":\"BreadcrumbList\",\"@id\":\"https:\\\/\\\/www.beautypristroje.sk\\\/produkt\\\/hydr8-b5-intense\\\/#breadcrumb\",\"itemListElement\":[{\"@type\":\"ListItem\",\"position\":1,\"name\":\"Domovsk\u00e1 str\u00e1nka\",\"item\":\"https:\\\/\\\/www.beautypristroje.sk\\\/\"},{\"@type\":\"ListItem\",\"position\":2,\"name\":\"Obchod\",\"item\":\"https:\\\/\\\/www.beautypristroje.sk\\\/obchod\\\/\"},{\"@type\":\"ListItem\",\"position\":3,\"name\":\"Medik8 Hydr8 B5 Intense\u2122\"}]},{\"@type\":\"WebSite\",\"@id\":\"https:\\\/\\\/www.beautypristroje.sk\\\/#website\",\"url\":\"https:\\\/\\\/www.beautypristroje.sk\\\/\",\"name\":\"Beauty pr\u00edstroje\",\"description\":\"Profesion\u00e1lne kozmetick\u00e9 pr\u00edstroje pre sal\u00f3ny a kliniky\",\"potentialAction\":[{\"@type\":\"SearchAction\",\"target\":{\"@type\":\"EntryPoint\",\"urlTemplate\":\"https:\\\/\\\/www.beautypristroje.sk\\\/?s={search_term_string}\"},\"query-input\":{\"@type\":\"PropertyValueSpecification\",\"valueRequired\":true,\"valueName\":\"search_term_string\"}}],\"inLanguage\":\"en-GB\"}]}<\/script>\n<!-- \/ Yoast SEO plugin. -->","yoast_head_json":{"title":"Medik8 Hydr8 B5 Intense\u2122 - Beauty pr\u00edstroje","description":"Hydr8 B5 Intense\u2122 30 ml \u2013 g\u00e9lov\u00e9 hydrata\u010dn\u00e9 s\u00e9rum s kyselinou hyalur\u00f3novou, vitam\u00ednom B5 a extraktmi pre intenz\u00edvnu hydrat\u00e1ciu a ochranu poko\u017eky.","robots":{"index":"index","follow":"follow","max-snippet":"max-snippet:-1","max-image-preview":"max-image-preview:large","max-video-preview":"max-video-preview:-1"},"canonical":"https:\/\/www.beautypristroje.sk\/en\/product\/hydr8-b5-intense\/","og_locale":"en_GB","og_type":"article","og_title":"Medik8 Hydr8 B5 Intense\u2122 - Beauty pr\u00edstroje","og_description":"Hydr8 B5 Intense\u2122 30 ml \u2013 g\u00e9lov\u00e9 hydrata\u010dn\u00e9 s\u00e9rum s kyselinou hyalur\u00f3novou, vitam\u00ednom B5 a extraktmi pre intenz\u00edvnu hydrat\u00e1ciu a ochranu poko\u017eky.","og_url":"https:\/\/www.beautypristroje.sk\/en\/product\/hydr8-b5-intense\/","og_site_name":"Beauty pr\u00edstroje","article_modified_time":"2025-12-10T08:46:15+00:00","og_image":[{"width":1024,"height":1024,"url":"https:\/\/www.beautypristroje.sk\/wp-content\/uploads\/2025\/05\/Copy-of-Hydr8-B5-Intense-B-1024x1024.png","type":"image\/png"}],"twitter_card":"summary_large_image","twitter_misc":{"Estimated reading time":"4 minutes"},"schema":{"@context":"https:\/\/schema.org","@graph":[{"@type":"WebPage","@id":"https:\/\/www.beautypristroje.sk\/produkt\/hydr8-b5-intense\/","url":"https:\/\/www.beautypristroje.sk\/produkt\/hydr8-b5-intense\/","name":"Medik8 Hydr8 B5 Intense\u2122 - Beauty pr\u00edstroje","isPartOf":{"@id":"https:\/\/www.beautypristroje.sk\/#website"},"primaryImageOfPage":{"@id":"https:\/\/www.beautypristroje.sk\/produkt\/hydr8-b5-intense\/#primaryimage"},"image":{"@id":"https:\/\/www.beautypristroje.sk\/produkt\/hydr8-b5-intense\/#primaryimage"},"thumbnailUrl":"https:\/\/www.beautypristroje.sk\/wp-content\/uploads\/2025\/05\/Copy-of-Hydr8-B5-Intense-B.png","datePublished":"2025-05-13T07:04:18+00:00","dateModified":"2025-12-10T08:46:15+00:00","description":"Hydr8 B5 Intense\u2122 30 ml \u2013 g\u00e9lov\u00e9 hydrata\u010dn\u00e9 s\u00e9rum s kyselinou hyalur\u00f3novou, vitam\u00ednom B5 a extraktmi pre intenz\u00edvnu hydrat\u00e1ciu a ochranu poko\u017eky.","breadcrumb":{"@id":"https:\/\/www.beautypristroje.sk\/produkt\/hydr8-b5-intense\/#breadcrumb"},"inLanguage":"en-GB","potentialAction":[{"@type":"ReadAction","target":["https:\/\/www.beautypristroje.sk\/produkt\/hydr8-b5-intense\/"]}]},{"@type":"ImageObject","inLanguage":"en-GB","@id":"https:\/\/www.beautypristroje.sk\/produkt\/hydr8-b5-intense\/#primaryimage","url":"https:\/\/www.beautypristroje.sk\/wp-content\/uploads\/2025\/05\/Copy-of-Hydr8-B5-Intense-B.png","contentUrl":"https:\/\/www.beautypristroje.sk\/wp-content\/uploads\/2025\/05\/Copy-of-Hydr8-B5-Intense-B.png","width":2000,"height":2000,"caption":"Hydr8 B5 Intense\u2122 30 ml \u2013 intenz\u00edvne g\u00e9lov\u00e9 hydrata\u010dn\u00e9 s\u00e9rum s multimolekul\u00e1rnou kyselinou hyalur\u00f3novou, vitam\u00ednom B5, extraktom z muchovn\u00edka a s\u00f3je."},{"@type":"BreadcrumbList","@id":"https:\/\/www.beautypristroje.sk\/produkt\/hydr8-b5-intense\/#breadcrumb","itemListElement":[{"@type":"ListItem","position":1,"name":"Domovsk\u00e1 str\u00e1nka","item":"https:\/\/www.beautypristroje.sk\/"},{"@type":"ListItem","position":2,"name":"Obchod","item":"https:\/\/www.beautypristroje.sk\/obchod\/"},{"@type":"ListItem","position":3,"name":"Medik8 Hydr8 B5 Intense\u2122"}]},{"@type":"WebSite","@id":"https:\/\/www.beautypristroje.sk\/#website","url":"https:\/\/www.beautypristroje.sk\/","name":"Beauty pr\u00edstroje","description":"Profesion\u00e1lne kozmetick\u00e9 pr\u00edstroje pre sal\u00f3ny a kliniky","potentialAction":[{"@type":"SearchAction","target":{"@type":"EntryPoint","urlTemplate":"https:\/\/www.beautypristroje.sk\/?s={search_term_string}"},"query-input":{"@type":"PropertyValueSpecification","valueRequired":true,"valueName":"search_term_string"}}],"inLanguage":"en-GB"}]}},"_links":{"self":[{"href":"https:\/\/www.beautypristroje.sk\/en\/wp-json\/wp\/v2\/product\/809","targetHints":{"allow":["GET"]}}],"collection":[{"href":"https:\/\/www.beautypristroje.sk\/en\/wp-json\/wp\/v2\/product"}],"about":[{"href":"https:\/\/www.beautypristroje.sk\/en\/wp-json\/wp\/v2\/types\/product"}],"replies":[{"embeddable":true,"href":"https:\/\/www.beautypristroje.sk\/en\/wp-json\/wp\/v2\/comments?post=809"}],"wp:featuredmedia":[{"embeddable":true,"href":"https:\/\/www.beautypristroje.sk\/en\/wp-json\/wp\/v2\/media\/811"}],"wp:attachment":[{"href":"https:\/\/www.beautypristroje.sk\/en\/wp-json\/wp\/v2\/media?parent=809"}],"wp:term":[{"taxonomy":"product_brand","embeddable":true,"href":"https:\/\/www.beautypristroje.sk\/en\/wp-json\/wp\/v2\/product_brand?post=809"},{"taxonomy":"product_cat","embeddable":true,"href":"https:\/\/www.beautypristroje.sk\/en\/wp-json\/wp\/v2\/product_cat?post=809"},{"taxonomy":"product_tag","embeddable":true,"href":"https:\/\/www.beautypristroje.sk\/en\/wp-json\/wp\/v2\/product_tag?post=809"}],"curies":[{"name":"wp","href":"https:\/\/api.w.org\/{rel}","templated":true}]}}