{"id":802,"date":"2025-05-13T09:02:05","date_gmt":"2025-05-13T07:02:05","guid":{"rendered":"https:\/\/www.beautypristroje.sk\/?post_type=product&#038;p=802"},"modified":"2025-12-10T09:46:16","modified_gmt":"2025-12-10T08:46:16","slug":"hydr8-b5","status":"publish","type":"product","link":"https:\/\/www.beautypristroje.sk\/en\/product\/hydr8-b5\/","title":{"rendered":"Medik8 Hydr8 B5\u2122"},"content":{"rendered":"<p>Doprajte svojej pleti dlhotrvaj\u00facu hydrat\u00e1ciu s Medik8 Hydr8 B5.<\/p>\n<p>P\u00f4vodn\u00e9 hyalur\u00f3nov\u00e9 s\u00e9rum od Medik8 prenik\u00e1 do viacer\u00fdch vrstiev poko\u017eky v\u010faka kombin\u00e1cii viacer\u00fdch molekulov\u00fdch hmotnost\u00ed kyseliny hyalur\u00f3novej, \u010d\u00edm ju vidite\u013ene vyp\u00edna a zvl\u00e1\u010d\u0148uje, zatia\u013e \u010do jemne vyhladzuje vzh\u013ead jemn\u00fdch liniek.<\/p>\n<p>\u013dahk\u00e1, nemastn\u00e1 text\u00fara sa r\u00fdchlo vstreb\u00e1va a prin\u00e1\u0161a okam\u017eite vidite\u013en\u00e9 v\u00fdsledky bez pocitu mastnoty.<\/p>\n<p>Z\u00e1rove\u0148 podporuje schopnos\u0165 poko\u017eky udr\u017ea\u0165 si vlhkos\u0165 a regenerova\u0165 sa, tak\u017ee ple\u0165 zost\u00e1va na dotyk jemn\u00e1, intenz\u00edvne hydratovan\u00e1 a vidite\u013ene osvie\u017een\u00e1.<\/p>\n<h3><strong>V\u00ddHODY<\/strong><\/h3>\n<div class=\"copy\">\n<div class=\"copy\">\n<div class=\"copy\">\n<h5>Dlhodob\u00e1 hydrat\u00e1cia<\/h5>\n<p>Okam\u017eite dod\u00e1va poko\u017eke intenz\u00edvnu hydrat\u00e1ciu a posil\u0148uje jej schopnos\u0165 udr\u017eiava\u0165 vlhkos\u0165 pre dlhotrvaj\u00face pohodlie.<\/p>\n<h5>Vyhladenie a spevnenie<\/h5>\n<\/div>\n<div class=\"copy\">\n<p>Jemne vyp\u013a\u0148a a vyhladzuje vzh\u013ead jemn\u00fdch liniek a vr\u00e1sok, pri\u010dom podporuje pru\u017enej\u0161iu a pevnej\u0161iu ple\u0165.<\/p>\n<h5>Nemastn\u00e1 hydrat\u00e1cia<\/h5>\n<\/div>\n<div class=\"copy\">\n<p>\u013dahk\u00e1 hydrata\u010dn\u00e1 formula okam\u017eite dop\u013a\u0148a hydrat\u00e1ciu bez upch\u00e1vania p\u00f3rov. Ide\u00e1lna pre norm\u00e1lnu a\u017e citliv\u00fa ple\u0165.<\/p>\n<h3><b>K\u013d\u00da\u010cOV\u00c9 ZLO\u017dKY<\/b><\/h3>\n<\/div>\n<\/div>\n<\/div>\n<h5><img decoding=\"async\" class=\"list-item-icon\" src=\"https:\/\/medik8.sk\/cdn\/shop\/files\/PDP_Key_Ingredients_Multi-Weight_Hyaluronic_Acid_Molecule_1.svg?v=1738240623&amp;width=50\" alt=\"Ingredient Icon 1\" width=\"50\" height=\"auto\" \/> Multi-hmotnostn\u00e1 kyselina hyalur\u00f3nov\u00e1<\/h5>\n<div class=\"copy\">\n<p>Na rozdiel od mnoh\u00fdch in\u00fdch s\u00e9r s kyselinou hyalur\u00f3novou, Hydr8 B5 vyu\u017e\u00edva viacero molekul\u00e1rnych hmotnost\u00ed kyseliny hyalur\u00f3novej (mal\u00e9, stredn\u00e9 a ve\u013ek\u00e9), aby rovnomerne rozlo\u017eila h\u013abkov\u00fa hydrat\u00e1ciu v r\u00f4znych vrstv\u00e1ch poko\u017eky. Ple\u0165 je tak vidite\u013ene vy\u017eiven\u00e1 a pru\u017en\u00e1.<\/p>\n<\/div>\n<h5><img decoding=\"async\" class=\"list-item-icon\" src=\"https:\/\/medik8.sk\/cdn\/shop\/files\/PDP_Key_Ingredients_Vitamin_B5_Icon_8f2d2ce8-1274-491f-b39f-d03412656aee.svg?v=1738240596&amp;width=50\" alt=\"Ingredient Icon 2\" width=\"50\" height=\"auto\" \/> Vitam\u00edn B5<\/h5>\n<div class=\"copy\">\n<p>Zn\u00e1my aj ako panthenol, vitam\u00edn B5 pom\u00e1ha poko\u017eke udr\u017eiava\u0165 vlhkos\u0165, podporuje regener\u00e1ciu ko\u017en\u00fdch buniek a zanech\u00e1va ple\u0165 vidite\u013ene pln\u0161iu.<\/p>\n<\/div>\n<h3><strong>AKO POU\u017d\u00cdVA\u0164<\/strong><\/h3>\n<p>Po vy\u010disten\u00ed r\u00e1no a ve\u010der, jemne vmas\u00edrujte 6 kvapiek Hydr8 B5 na tv\u00e1r, krk a dekolt. Nechajte vstreb\u00e1va\u0165, pred nanesen\u00edm hydrata\u010dn\u00e9ho kr\u00e9mu.<\/p>\n<h3><strong>OBSAH BALENIA<\/strong><\/h3>\n<p>Balenie s obsahom 30ml produktu, vydr\u017e\u00ed pri be\u017enou u\u017e\u00edvan\u00ed pribli\u017ene 100 aplik\u00e1ci\u00ed.<\/p>\n<h3><strong>ZLO\u017dENIE<\/strong><\/h3>\n<p>Aqua (Water), Panthenol, Sodium Hyaluronate, Calcium Pantothenate, Phenoxyethanol, Ethylhexylglycerin, Citric Acid.<\/p>\n<p>*Aj ke\u010f sa sna\u017e\u00edme zaisti\u0165 presnos\u0165 tohto zoznamu zlo\u017eiek, niekedy m\u00f4\u017ee d\u00f4js\u0165 k vylep\u0161eniam produktu alebo k miernym rozdielom medzi r\u00f4znymi regi\u00f3nmi na z\u00e1klade miestnych z\u00e1konov. Jedin\u00fd definit\u00edvny zoznam zlo\u017eiek je preto ten, ktor\u00fd je vytla\u010den\u00fd na obale produktu.<\/p>","protected":false},"excerpt":{"rendered":"<p>30 ml<\/p>\n<p>G\u00e9lov\u00e9 hydrata\u010dn\u00e9 s\u00e9rum<br \/>\nMultimolekul\u00e1rna kyselina hyaluronov\u00e1 a pantotenov\u00e1 (vitam\u00edn B5)<\/p>","protected":false},"featured_media":804,"comment_status":"open","ping_status":"closed","template":"","meta":{"_acf_changed":false},"product_brand":[77],"product_cat":[75,26],"product_tag":[],"class_list":{"0":"post-802","1":"product","2":"type-product","3":"status-publish","4":"has-post-thumbnail","6":"product_brand-medik8","7":"product_cat-kremy-a-sera","8":"product_cat-skincare-produkty","10":"first","11":"instock","12":"taxable","13":"shipping-taxable","14":"purchasable","15":"product-type-simple"},"acf":[],"yoast_head":"<!-- This site is optimized with the Yoast SEO plugin v27.6 - https:\/\/yoast.com\/product\/yoast-seo-wordpress\/ -->\n<title>Medik8 Hydr8 B5\u2122 - Beauty pr\u00edstroje<\/title>\n<meta name=\"description\" content=\"Medik8 Hydr8 B5\u2122 30 ml \u2013 g\u00e9lov\u00e9 s\u00e9rum s kyselinou hyalur\u00f3novou a vitam\u00ednom B5 poskytuje intenz\u00edvnu hydrat\u00e1ciu a revitaliz\u00e1ciu poko\u017eky tv\u00e1re.\" \/>\n<meta name=\"robots\" content=\"index, follow, max-snippet:-1, max-image-preview:large, max-video-preview:-1\" \/>\n<link rel=\"canonical\" href=\"https:\/\/www.beautypristroje.sk\/en\/product\/hydr8-b5\/\" \/>\n<meta property=\"og:locale\" content=\"en_GB\" \/>\n<meta property=\"og:type\" content=\"article\" \/>\n<meta property=\"og:title\" content=\"Medik8 Hydr8 B5\u2122 - Beauty pr\u00edstroje\" \/>\n<meta property=\"og:description\" content=\"Medik8 Hydr8 B5\u2122 30 ml \u2013 g\u00e9lov\u00e9 s\u00e9rum s kyselinou hyalur\u00f3novou a vitam\u00ednom B5 poskytuje intenz\u00edvnu hydrat\u00e1ciu a revitaliz\u00e1ciu poko\u017eky tv\u00e1re.\" \/>\n<meta property=\"og:url\" content=\"https:\/\/www.beautypristroje.sk\/en\/product\/hydr8-b5\/\" \/>\n<meta property=\"og:site_name\" content=\"Beauty pr\u00edstroje\" \/>\n<meta property=\"article:modified_time\" content=\"2025-12-10T08:46:16+00:00\" \/>\n<meta property=\"og:image\" content=\"https:\/\/www.beautypristroje.sk\/wp-content\/uploads\/2025\/05\/Copy-of-Hydr8-B5-B.png\" \/>\n\t<meta property=\"og:image:width\" content=\"2000\" \/>\n\t<meta property=\"og:image:height\" content=\"2000\" \/>\n\t<meta property=\"og:image:type\" content=\"image\/png\" \/>\n<meta name=\"twitter:card\" content=\"summary_large_image\" \/>\n<meta name=\"twitter:label1\" content=\"Estimated reading time\" \/>\n\t<meta name=\"twitter:data1\" content=\"3 minutes\" \/>\n<script type=\"application\/ld+json\" class=\"yoast-schema-graph\">{\"@context\":\"https:\\\/\\\/schema.org\",\"@graph\":[{\"@type\":\"WebPage\",\"@id\":\"https:\\\/\\\/www.beautypristroje.sk\\\/produkt\\\/hydr8-b5\\\/\",\"url\":\"https:\\\/\\\/www.beautypristroje.sk\\\/produkt\\\/hydr8-b5\\\/\",\"name\":\"Medik8 Hydr8 B5\u2122 - Beauty pr\u00edstroje\",\"isPartOf\":{\"@id\":\"https:\\\/\\\/www.beautypristroje.sk\\\/#website\"},\"primaryImageOfPage\":{\"@id\":\"https:\\\/\\\/www.beautypristroje.sk\\\/produkt\\\/hydr8-b5\\\/#primaryimage\"},\"image\":{\"@id\":\"https:\\\/\\\/www.beautypristroje.sk\\\/produkt\\\/hydr8-b5\\\/#primaryimage\"},\"thumbnailUrl\":\"https:\\\/\\\/www.beautypristroje.sk\\\/wp-content\\\/uploads\\\/2025\\\/05\\\/Copy-of-Hydr8-B5-B.png\",\"datePublished\":\"2025-05-13T07:02:05+00:00\",\"dateModified\":\"2025-12-10T08:46:16+00:00\",\"description\":\"Medik8 Hydr8 B5\u2122 30 ml \u2013 g\u00e9lov\u00e9 s\u00e9rum s kyselinou hyalur\u00f3novou a vitam\u00ednom B5 poskytuje intenz\u00edvnu hydrat\u00e1ciu a revitaliz\u00e1ciu poko\u017eky tv\u00e1re.\",\"breadcrumb\":{\"@id\":\"https:\\\/\\\/www.beautypristroje.sk\\\/produkt\\\/hydr8-b5\\\/#breadcrumb\"},\"inLanguage\":\"en-GB\",\"potentialAction\":[{\"@type\":\"ReadAction\",\"target\":[\"https:\\\/\\\/www.beautypristroje.sk\\\/produkt\\\/hydr8-b5\\\/\"]}]},{\"@type\":\"ImageObject\",\"inLanguage\":\"en-GB\",\"@id\":\"https:\\\/\\\/www.beautypristroje.sk\\\/produkt\\\/hydr8-b5\\\/#primaryimage\",\"url\":\"https:\\\/\\\/www.beautypristroje.sk\\\/wp-content\\\/uploads\\\/2025\\\/05\\\/Copy-of-Hydr8-B5-B.png\",\"contentUrl\":\"https:\\\/\\\/www.beautypristroje.sk\\\/wp-content\\\/uploads\\\/2025\\\/05\\\/Copy-of-Hydr8-B5-B.png\",\"width\":2000,\"height\":2000,\"caption\":\"Hydr8 B5\u2122 30 ml \u2013 g\u00e9lov\u00e9 hydrata\u010dn\u00e9 s\u00e9rum s multimolekul\u00e1rnou kyselinou hyalur\u00f3novou a vitam\u00ednom B5 pre h\u013abkov\u00fa hydrat\u00e1ciu poko\u017eky.\"},{\"@type\":\"BreadcrumbList\",\"@id\":\"https:\\\/\\\/www.beautypristroje.sk\\\/produkt\\\/hydr8-b5\\\/#breadcrumb\",\"itemListElement\":[{\"@type\":\"ListItem\",\"position\":1,\"name\":\"Domovsk\u00e1 str\u00e1nka\",\"item\":\"https:\\\/\\\/www.beautypristroje.sk\\\/\"},{\"@type\":\"ListItem\",\"position\":2,\"name\":\"Obchod\",\"item\":\"https:\\\/\\\/www.beautypristroje.sk\\\/obchod\\\/\"},{\"@type\":\"ListItem\",\"position\":3,\"name\":\"Medik8 Hydr8 B5\u2122\"}]},{\"@type\":\"WebSite\",\"@id\":\"https:\\\/\\\/www.beautypristroje.sk\\\/#website\",\"url\":\"https:\\\/\\\/www.beautypristroje.sk\\\/\",\"name\":\"Beauty pr\u00edstroje\",\"description\":\"Profesion\u00e1lne kozmetick\u00e9 pr\u00edstroje pre sal\u00f3ny a kliniky\",\"potentialAction\":[{\"@type\":\"SearchAction\",\"target\":{\"@type\":\"EntryPoint\",\"urlTemplate\":\"https:\\\/\\\/www.beautypristroje.sk\\\/?s={search_term_string}\"},\"query-input\":{\"@type\":\"PropertyValueSpecification\",\"valueRequired\":true,\"valueName\":\"search_term_string\"}}],\"inLanguage\":\"en-GB\"}]}<\/script>\n<!-- \/ Yoast SEO plugin. -->","yoast_head_json":{"title":"Medik8 Hydr8 B5\u2122 - Beauty pr\u00edstroje","description":"Medik8 Hydr8 B5\u2122 30 ml \u2013 g\u00e9lov\u00e9 s\u00e9rum s kyselinou hyalur\u00f3novou a vitam\u00ednom B5 poskytuje intenz\u00edvnu hydrat\u00e1ciu a revitaliz\u00e1ciu poko\u017eky tv\u00e1re.","robots":{"index":"index","follow":"follow","max-snippet":"max-snippet:-1","max-image-preview":"max-image-preview:large","max-video-preview":"max-video-preview:-1"},"canonical":"https:\/\/www.beautypristroje.sk\/en\/product\/hydr8-b5\/","og_locale":"en_GB","og_type":"article","og_title":"Medik8 Hydr8 B5\u2122 - Beauty pr\u00edstroje","og_description":"Medik8 Hydr8 B5\u2122 30 ml \u2013 g\u00e9lov\u00e9 s\u00e9rum s kyselinou hyalur\u00f3novou a vitam\u00ednom B5 poskytuje intenz\u00edvnu hydrat\u00e1ciu a revitaliz\u00e1ciu poko\u017eky tv\u00e1re.","og_url":"https:\/\/www.beautypristroje.sk\/en\/product\/hydr8-b5\/","og_site_name":"Beauty pr\u00edstroje","article_modified_time":"2025-12-10T08:46:16+00:00","og_image":[{"width":2000,"height":2000,"url":"https:\/\/www.beautypristroje.sk\/wp-content\/uploads\/2025\/05\/Copy-of-Hydr8-B5-B.png","type":"image\/png"}],"twitter_card":"summary_large_image","twitter_misc":{"Estimated reading time":"3 minutes"},"schema":{"@context":"https:\/\/schema.org","@graph":[{"@type":"WebPage","@id":"https:\/\/www.beautypristroje.sk\/produkt\/hydr8-b5\/","url":"https:\/\/www.beautypristroje.sk\/produkt\/hydr8-b5\/","name":"Medik8 Hydr8 B5\u2122 - Beauty pr\u00edstroje","isPartOf":{"@id":"https:\/\/www.beautypristroje.sk\/#website"},"primaryImageOfPage":{"@id":"https:\/\/www.beautypristroje.sk\/produkt\/hydr8-b5\/#primaryimage"},"image":{"@id":"https:\/\/www.beautypristroje.sk\/produkt\/hydr8-b5\/#primaryimage"},"thumbnailUrl":"https:\/\/www.beautypristroje.sk\/wp-content\/uploads\/2025\/05\/Copy-of-Hydr8-B5-B.png","datePublished":"2025-05-13T07:02:05+00:00","dateModified":"2025-12-10T08:46:16+00:00","description":"Medik8 Hydr8 B5\u2122 30 ml \u2013 g\u00e9lov\u00e9 s\u00e9rum s kyselinou hyalur\u00f3novou a vitam\u00ednom B5 poskytuje intenz\u00edvnu hydrat\u00e1ciu a revitaliz\u00e1ciu poko\u017eky tv\u00e1re.","breadcrumb":{"@id":"https:\/\/www.beautypristroje.sk\/produkt\/hydr8-b5\/#breadcrumb"},"inLanguage":"en-GB","potentialAction":[{"@type":"ReadAction","target":["https:\/\/www.beautypristroje.sk\/produkt\/hydr8-b5\/"]}]},{"@type":"ImageObject","inLanguage":"en-GB","@id":"https:\/\/www.beautypristroje.sk\/produkt\/hydr8-b5\/#primaryimage","url":"https:\/\/www.beautypristroje.sk\/wp-content\/uploads\/2025\/05\/Copy-of-Hydr8-B5-B.png","contentUrl":"https:\/\/www.beautypristroje.sk\/wp-content\/uploads\/2025\/05\/Copy-of-Hydr8-B5-B.png","width":2000,"height":2000,"caption":"Hydr8 B5\u2122 30 ml \u2013 g\u00e9lov\u00e9 hydrata\u010dn\u00e9 s\u00e9rum s multimolekul\u00e1rnou kyselinou hyalur\u00f3novou a vitam\u00ednom B5 pre h\u013abkov\u00fa hydrat\u00e1ciu poko\u017eky."},{"@type":"BreadcrumbList","@id":"https:\/\/www.beautypristroje.sk\/produkt\/hydr8-b5\/#breadcrumb","itemListElement":[{"@type":"ListItem","position":1,"name":"Domovsk\u00e1 str\u00e1nka","item":"https:\/\/www.beautypristroje.sk\/"},{"@type":"ListItem","position":2,"name":"Obchod","item":"https:\/\/www.beautypristroje.sk\/obchod\/"},{"@type":"ListItem","position":3,"name":"Medik8 Hydr8 B5\u2122"}]},{"@type":"WebSite","@id":"https:\/\/www.beautypristroje.sk\/#website","url":"https:\/\/www.beautypristroje.sk\/","name":"Beauty pr\u00edstroje","description":"Profesion\u00e1lne kozmetick\u00e9 pr\u00edstroje pre sal\u00f3ny a kliniky","potentialAction":[{"@type":"SearchAction","target":{"@type":"EntryPoint","urlTemplate":"https:\/\/www.beautypristroje.sk\/?s={search_term_string}"},"query-input":{"@type":"PropertyValueSpecification","valueRequired":true,"valueName":"search_term_string"}}],"inLanguage":"en-GB"}]}},"_links":{"self":[{"href":"https:\/\/www.beautypristroje.sk\/en\/wp-json\/wp\/v2\/product\/802","targetHints":{"allow":["GET"]}}],"collection":[{"href":"https:\/\/www.beautypristroje.sk\/en\/wp-json\/wp\/v2\/product"}],"about":[{"href":"https:\/\/www.beautypristroje.sk\/en\/wp-json\/wp\/v2\/types\/product"}],"replies":[{"embeddable":true,"href":"https:\/\/www.beautypristroje.sk\/en\/wp-json\/wp\/v2\/comments?post=802"}],"wp:featuredmedia":[{"embeddable":true,"href":"https:\/\/www.beautypristroje.sk\/en\/wp-json\/wp\/v2\/media\/804"}],"wp:attachment":[{"href":"https:\/\/www.beautypristroje.sk\/en\/wp-json\/wp\/v2\/media?parent=802"}],"wp:term":[{"taxonomy":"product_brand","embeddable":true,"href":"https:\/\/www.beautypristroje.sk\/en\/wp-json\/wp\/v2\/product_brand?post=802"},{"taxonomy":"product_cat","embeddable":true,"href":"https:\/\/www.beautypristroje.sk\/en\/wp-json\/wp\/v2\/product_cat?post=802"},{"taxonomy":"product_tag","embeddable":true,"href":"https:\/\/www.beautypristroje.sk\/en\/wp-json\/wp\/v2\/product_tag?post=802"}],"curies":[{"name":"wp","href":"https:\/\/api.w.org\/{rel}","templated":true}]}}