{"id":795,"date":"2025-05-13T08:59:10","date_gmt":"2025-05-13T06:59:10","guid":{"rendered":"https:\/\/www.beautypristroje.sk\/?post_type=product&#038;p=795"},"modified":"2025-12-10T09:46:16","modified_gmt":"2025-12-10T08:46:16","slug":"advanced-night-restore","status":"publish","type":"product","link":"https:\/\/www.beautypristroje.sk\/en\/product\/advanced-night-restore\/","title":{"rendered":"Medik8 Advanced Night Restore\u2122"},"content":{"rendered":"<p>Preuk\u00e1zan\u00e9, \u017ee vyhlad\u00ed vzh\u013ead odoln\u00fdch liniek a vr\u00e1sok u\u017e za 7 dn\u00ed*, no\u010dn\u00fd kr\u00e9m zna\u010dky Medik8 Advanced Night Restore zanech\u00e1va ple\u0165 jemn\u00fa a pln\u00fa, ako vank\u00fa\u0161.<\/p>\n<p>Hlboko vy\u017eivuje a vidite\u013ene spev\u0148uje ple\u0165 po\u010das sp\u00e1nku s touto ceramidmi bohatou formulou, ktor\u00e1 prin\u00e1\u0161a vidite\u013en\u00e9 v\u00fdsledky zvy\u0161uj\u00face mladistv\u00fd vzh\u013ead a z\u00e1rove\u0148 podporuje prirodzen\u00fa bari\u00e9ru poko\u017eky.<\/p>\n<p>Obnovovan\u00edm nevyhnutn\u00fdch lipidov, ktor\u00e9 sa \u010dasom stratili, Advanced Night Restore poskytuje maxim\u00e1lny komfort pleti a vidite\u013en\u00fd efekt vyp\u013a\u0148ania a spevnenia.<\/p>\n<p>Navrhnut\u00fd na pou\u017eitie po vitam\u00edne A (retinole alebo retinale) ve\u010der.<\/p>\n<p><em>*Preuk\u00e1zan\u00e9 nez\u00e1visl\u00fdm spotrebite\u013esk\u00fdm v\u00fdskumom vykonan\u00fdm po\u010das 4 t\u00fd\u017ed\u0148ov na 53 \u00fa\u010dastn\u00edkoch.<\/em><\/p>\n<h3><strong>V\u00ddHODY<\/strong><\/h3>\n<div class=\"copy\">\n<div class=\"copy\">\n<div class=\"copy\">\n<h5>ntenz\u00edvna hydrat\u00e1cia<\/h5>\n<p>P\u00f4sob\u00ed cez noc na obnovu prirodzenej ko\u017enej bari\u00e9ry a h\u013abkov\u00fa v\u00fd\u017eivu v\u0161etk\u00fdch typov pleti.<\/p>\n<h5>Obnova po\u0161kodenia vo\u013en\u00fdmi radik\u00e1lmi<\/h5>\n<\/div>\n<div class=\"copy\">\n<p>N\u00e1\u0161 Midnight Antioxidant Complex pracuje po\u010das noci na redukcii po\u0161kodenia vo\u013en\u00fdmi radik\u00e1lmi, \u010d\u00edm odha\u013euje hlad\u0161iu a pevnej\u0161iu ple\u0165 u\u017e r\u00e1no.<\/p>\n<h5>No\u010dn\u00e9 omladenie pleti<\/h5>\n<\/div>\n<div class=\"copy\">\n<p>V\u010faka regenera\u010dn\u00fdm lipidom bude va\u0161a ple\u0165 p\u00f4sobi\u0165 svie\u017eo, odd\u00fdchnuto a rozjasnene.<\/p>\n<h5>Zv\u00fd\u0161enie \u00fa\u010dinnosti vitam\u00ednu A<\/h5>\n<\/div>\n<p class=\"copy\">Navrhnut\u00fd na pou\u017eitie po vitam\u00edne A pre e\u0161te v\u00fdraznej\u0161ie vyhladzuj\u00face a spev\u0148uj\u00face \u00fa\u010dinky.<\/p>\n<h3 class=\"copy\"><b>K\u013d\u00da\u010cOV\u00c9 ZLO\u017dKY<\/b><\/h3>\n<\/div>\n<\/div>\n<h5><img decoding=\"async\" class=\"list-item-icon\" src=\"https:\/\/medik8.sk\/cdn\/shop\/files\/PDP_Key_Ingredients_Ceramide_Complex_Icon_422d7924-7e73-48d2-a3b7-f4a80cea957d.svg?v=1738240597&amp;width=50\" alt=\"Ingredient Icon 1\" width=\"50\" height=\"auto\" \/> Multi-Ceramidov\u00fd komplex (s esenci\u00e1lnymi lipidy)<\/h5>\n<div class=\"copy\">\n<p>Unik\u00e1tna kombin\u00e1cia ceramidov (spolu s fytosterolmi a mastn\u00fdmi kyselinami), ktor\u00e9 napodob\u0148uj\u00fa prirodzen\u00fa ko\u017en\u00fa bari\u00e9ru a intenz\u00edvne obnovuj\u00fa a vy\u017eivuj\u00fa ple\u0165.<\/p>\n<h5><img decoding=\"async\" class=\"list-item-icon\" src=\"https:\/\/medik8.sk\/cdn\/shop\/files\/PDP_Key_Ingredients_Midnight_Antioxidant_Complex_Icon_ef811c19-5e70-4a10-b856-7e04f7eda1fb.svg?v=1738240597&amp;width=50\" alt=\"Ingredient Icon 2\" width=\"50\" height=\"auto\" \/> Midnight Antioxidant Complex<\/h5>\n<\/div>\n<div class=\"copy\">\n<p>Kombin\u00e1cia peptidu na opravu buniek a fialov\u00fdch superpotrav\u00edn (extrakt z bob\u00fa\u013e Saskatoon a dra\u010dieho ovocia), tento komplex pom\u00e1ha efekt\u00edvne neutralizova\u0165 vidite\u013en\u00e9 \u00fa\u010dinky starnutia sp\u00f4soben\u00e9 vo\u013en\u00fdmi radik\u00e1lmi. Pom\u00e1ha tie\u017e predch\u00e1dza\u0165 po\u0161kodeniu ko\u017en\u00fdch buniek a prote\u00ednov.<\/p>\n<h5><img decoding=\"async\" class=\"list-item-icon\" src=\"https:\/\/medik8.sk\/cdn\/shop\/files\/PDP_Key_Ingredients_Saskatoon_Berry_Icon_c7b1d4c0-ecaf-4e4a-8a6d-29cdc11dfc2f.svg?v=1738240597&amp;width=50\" alt=\"Ingredient Icon 3\" width=\"50\" height=\"auto\" \/> Saskatoon Berry<\/h5>\n<\/div>\n<div class=\"copy\">\n<p>Tento kanadsk\u00fd superbobu\u013eov\u00fd ovocie je pln\u00e9 antioxid\u00e1ntov, naz\u00fdvan\u00fdch anthokyan\u00edny, ktor\u00e9 m\u00f4\u017eu pom\u00f4c\u0165 blokova\u0165 enz\u00fdm, ktor\u00fd rozklad\u00e1 kyselinu hyalur\u00f3nov\u00fa, \u010d\u00edm sa udr\u017eiava prirodzen\u00e1 vlhkos\u0165 pleti a zlep\u0161uje jej objem.<\/p>\n<h5><img decoding=\"async\" class=\"list-item-icon\" src=\"https:\/\/medik8.sk\/cdn\/shop\/files\/PDP_Key_Ingredients_Dragon_Fruit_Extract_Icon_eb6b570c-1ceb-4de4-83fa-b7de379b19b4.svg?v=1738240597&amp;width=50\" alt=\"Ingredient Icon 4\" width=\"50\" height=\"auto\" \/> Extrakt z dra\u010dieho ovocia<\/h5>\n<\/div>\n<div class=\"copy\">\n<p>Poch\u00e1dza z kaktusu, ktor\u00fd kvitne v noci v Mexiku, extrakt z dra\u010dieho ovocia poskytuje v\u00fdnimo\u010dn\u00fa antioxida\u010dn\u00fa ochranu, pri\u010dom zdvihne a tonizuje ple\u0165.<\/p>\n<h5><img decoding=\"async\" class=\"list-item-icon\" src=\"https:\/\/medik8.sk\/cdn\/shop\/files\/PDP_Key_Ingredients_N-Acetyl_Glucosamine_NAG_Molecule.svg?v=1738240597&amp;width=50\" alt=\"Ingredient Icon 5\" width=\"50\" height=\"auto\" \/> \u200b\u200bN-Acetyl Glucosamine (NAG)<\/h5>\n<\/div>\n<div class=\"copy\">\n<p>Tento prirodzene sa vyskytuj\u00faci molekul v tele spolupracuje s predt\u00fdm aplikovan\u00fdmi retinolov\u00fdmi \/ retinalov\u00fdmi s\u00e9rami na podporu produkcie hydrata\u010dnej kyseliny hyalur\u00f3novej.<\/p>\n<\/div>\n<h3><strong>AKO POU\u017d\u00cdVA\u0164<\/strong><\/h3>\n<p>Po ve\u010dernom \u010disten\u00ed pleti a aplik\u00e1cii s\u00e9r naneste Advanced Night Restore na tv\u00e1r, krk a dekolt jemn\u00fdmi pohybmi smerom nahor.<\/p>\n<h3><strong>OBSAH BALENIA<\/strong><\/h3>\n<p>Balenie 50 ml vydr\u017e\u00ed pri be\u017enom pou\u017e\u00edvan\u00ed a\u017e 50 aplik\u00e1ci\u00ed.<\/p>\n<h3><strong>ZLO\u017dENIE<\/strong><\/h3>\n<p>Aqua (Water), Squalane, Caprylic\/Capric Triglyceride, Dimethicone, Glycerin, Stearic Acid, Phytosterols, Propylene Glycol, C12-16 Alcohols, Sodium Acrylate\/Sodium Acryloyldimethyl Taurate Copolymer, Cetearyl Alcohol, Palmitic Acid, Ceramide NP, Cetearyl Olivate, Linoleic Acid, Behenyl Alcohol, Hydrogenated Lecithin, Tocopheryl Acetate, Sorbitan Olivate, Phenoxyethanol, Benzyl Alcohol, Amelanchier Alnifolia (Saskatoon) Fruit Extract, Ethylhexylglycerin, Acetyl Glucosamine, Citric Acid, Sorbitol, Rosmarinus Officinalis (Rosemary) Leaf Oil, Citrus Aurantium Amara Flower Oil, Lavandula Angustifolia (Lavender) Herb Oil, Citrus Aurantium Dulcis (Orange) Peel Oil, Hylocereus Undatus (Dragon Fruit) Fruit Extract, Dehydroacetic Acid, Tremella Fuciformis (Snow Mushroom) Extract, Sodium Lauroyl Lactylate, Anthemis Nobilis (Chamomile) Flower Oil, Pogostemon Cablin (Patchouli) Leaf Oil, Vetiveria Zizanoides (Vetiver) Root Oil, Ascorbic Acid, Disodium EDTA, Ceramide AP, Ceteareth-25, Phytosphingosine, Cholesterol, Xanthan Gum, Carbomer, Cetyl Alcohol, Behenic Acid, Ceramide NS, Ferric Hexapeptide-35, Ceramide EOP, Ceramide EOS, Caprooyl Phytosphingosine, Caprooyl Sphingosine, Ascorbyl Palmitate, Tocopherol, Geraniol, Limonene, Linalool.<\/p>\n<p>*Aj ke\u010f sa sna\u017e\u00edme zaisti\u0165 presnos\u0165 tohto zoznamu zlo\u017eiek, niekedy m\u00f4\u017ee d\u00f4js\u0165 k vylep\u0161eniam produktu alebo k miernym rozdielom medzi r\u00f4znymi regi\u00f3nmi na z\u00e1klade miestnych z\u00e1konov. Jedin\u00fd definit\u00edvny zoznam zlo\u017eiek je preto ten, ktor\u00fd je vytla\u010den\u00fd na obale produktu.<\/p>","protected":false},"excerpt":{"rendered":"<p>50ml<\/p>\n<p>H\u013abkovo hydrata\u010dn\u00fd no\u010dn\u00fd kr\u00e9m<br \/>\nCeramidovy\u0301 komplex, extrakt z dra\u010dieho ovocia a alja\u0161sk\u00fdch \u010du\u010doriedok, vitam\u00edn E,peptidy, glukosam\u00edn na obnovu pleti<\/p>","protected":false},"featured_media":797,"comment_status":"open","ping_status":"closed","template":"","meta":{"_acf_changed":false},"product_brand":[77],"product_cat":[75,26],"product_tag":[],"class_list":{"0":"post-795","1":"product","2":"type-product","3":"status-publish","4":"has-post-thumbnail","6":"product_brand-medik8","7":"product_cat-kremy-a-sera","8":"product_cat-skincare-produkty","10":"first","11":"instock","12":"taxable","13":"shipping-taxable","14":"purchasable","15":"product-type-simple"},"acf":[],"yoast_head":"<!-- This site is optimized with the Yoast SEO plugin v27.6 - https:\/\/yoast.com\/product\/yoast-seo-wordpress\/ -->\n<title>Medik8 Advanced Night Restore\u2122 - Beauty pr\u00edstroje<\/title>\n<meta name=\"description\" content=\"Medik8 Advanced Night Restore \u2122 50 ml \u2013 no\u010dn\u00fd hydrata\u010dn\u00fd kr\u00e9m s peptidmi, ceramidmi a antioxidantmi na obnovu, regener\u00e1ciu a v\u00fd\u017eivu poko\u017eky po\u010das noci.\" \/>\n<meta name=\"robots\" content=\"index, follow, max-snippet:-1, max-image-preview:large, max-video-preview:-1\" \/>\n<link rel=\"canonical\" href=\"https:\/\/www.beautypristroje.sk\/en\/product\/advanced-night-restore\/\" \/>\n<meta property=\"og:locale\" content=\"en_GB\" \/>\n<meta property=\"og:type\" content=\"article\" \/>\n<meta property=\"og:title\" content=\"Medik8 Advanced Night Restore\u2122 - Beauty pr\u00edstroje\" \/>\n<meta property=\"og:description\" content=\"Medik8 Advanced Night Restore \u2122 50 ml \u2013 no\u010dn\u00fd hydrata\u010dn\u00fd kr\u00e9m s peptidmi, ceramidmi a antioxidantmi na obnovu, regener\u00e1ciu a v\u00fd\u017eivu poko\u017eky po\u010das noci.\" \/>\n<meta property=\"og:url\" content=\"https:\/\/www.beautypristroje.sk\/en\/product\/advanced-night-restore\/\" \/>\n<meta property=\"og:site_name\" content=\"Beauty pr\u00edstroje\" \/>\n<meta property=\"article:modified_time\" content=\"2025-12-10T08:46:16+00:00\" \/>\n<meta property=\"og:image\" content=\"https:\/\/www.beautypristroje.sk\/wp-content\/uploads\/2025\/05\/Copy-of-Advanced-Night-Restore-B.png\" \/>\n\t<meta property=\"og:image:width\" content=\"2000\" \/>\n\t<meta property=\"og:image:height\" content=\"2000\" \/>\n\t<meta property=\"og:image:type\" content=\"image\/png\" \/>\n<meta name=\"twitter:card\" content=\"summary_large_image\" \/>\n<meta name=\"twitter:label1\" content=\"Estimated reading time\" \/>\n\t<meta name=\"twitter:data1\" content=\"5 minutes\" \/>\n<script type=\"application\/ld+json\" class=\"yoast-schema-graph\">{\"@context\":\"https:\\\/\\\/schema.org\",\"@graph\":[{\"@type\":\"WebPage\",\"@id\":\"https:\\\/\\\/www.beautypristroje.sk\\\/produkt\\\/advanced-night-restore\\\/\",\"url\":\"https:\\\/\\\/www.beautypristroje.sk\\\/produkt\\\/advanced-night-restore\\\/\",\"name\":\"Medik8 Advanced Night Restore\u2122 - Beauty pr\u00edstroje\",\"isPartOf\":{\"@id\":\"https:\\\/\\\/www.beautypristroje.sk\\\/#website\"},\"primaryImageOfPage\":{\"@id\":\"https:\\\/\\\/www.beautypristroje.sk\\\/produkt\\\/advanced-night-restore\\\/#primaryimage\"},\"image\":{\"@id\":\"https:\\\/\\\/www.beautypristroje.sk\\\/produkt\\\/advanced-night-restore\\\/#primaryimage\"},\"thumbnailUrl\":\"https:\\\/\\\/www.beautypristroje.sk\\\/wp-content\\\/uploads\\\/2025\\\/05\\\/Copy-of-Advanced-Night-Restore-B.png\",\"datePublished\":\"2025-05-13T06:59:10+00:00\",\"dateModified\":\"2025-12-10T08:46:16+00:00\",\"description\":\"Medik8 Advanced Night Restore \u2122 50 ml \u2013 no\u010dn\u00fd hydrata\u010dn\u00fd kr\u00e9m s peptidmi, ceramidmi a antioxidantmi na obnovu, regener\u00e1ciu a v\u00fd\u017eivu poko\u017eky po\u010das noci.\",\"breadcrumb\":{\"@id\":\"https:\\\/\\\/www.beautypristroje.sk\\\/produkt\\\/advanced-night-restore\\\/#breadcrumb\"},\"inLanguage\":\"en-GB\",\"potentialAction\":[{\"@type\":\"ReadAction\",\"target\":[\"https:\\\/\\\/www.beautypristroje.sk\\\/produkt\\\/advanced-night-restore\\\/\"]}]},{\"@type\":\"ImageObject\",\"inLanguage\":\"en-GB\",\"@id\":\"https:\\\/\\\/www.beautypristroje.sk\\\/produkt\\\/advanced-night-restore\\\/#primaryimage\",\"url\":\"https:\\\/\\\/www.beautypristroje.sk\\\/wp-content\\\/uploads\\\/2025\\\/05\\\/Copy-of-Advanced-Night-Restore-B.png\",\"contentUrl\":\"https:\\\/\\\/www.beautypristroje.sk\\\/wp-content\\\/uploads\\\/2025\\\/05\\\/Copy-of-Advanced-Night-Restore-B.png\",\"width\":2000,\"height\":2000,\"caption\":\"Advanced Night Restore\u2122 50 ml \u2013 no\u010dn\u00fd kr\u00e9m s ceramidov\u00fdm komplexom, extraktom z dra\u010dieho ovocia, \u010du\u010doriedok, vitam\u00ednom E a peptidmi pre obnovu poko\u017eky.\"},{\"@type\":\"BreadcrumbList\",\"@id\":\"https:\\\/\\\/www.beautypristroje.sk\\\/produkt\\\/advanced-night-restore\\\/#breadcrumb\",\"itemListElement\":[{\"@type\":\"ListItem\",\"position\":1,\"name\":\"Domovsk\u00e1 str\u00e1nka\",\"item\":\"https:\\\/\\\/www.beautypristroje.sk\\\/\"},{\"@type\":\"ListItem\",\"position\":2,\"name\":\"Obchod\",\"item\":\"https:\\\/\\\/www.beautypristroje.sk\\\/obchod\\\/\"},{\"@type\":\"ListItem\",\"position\":3,\"name\":\"Medik8 Advanced Night Restore\u2122\"}]},{\"@type\":\"WebSite\",\"@id\":\"https:\\\/\\\/www.beautypristroje.sk\\\/#website\",\"url\":\"https:\\\/\\\/www.beautypristroje.sk\\\/\",\"name\":\"Beauty pr\u00edstroje\",\"description\":\"Profesion\u00e1lne kozmetick\u00e9 pr\u00edstroje pre sal\u00f3ny a kliniky\",\"potentialAction\":[{\"@type\":\"SearchAction\",\"target\":{\"@type\":\"EntryPoint\",\"urlTemplate\":\"https:\\\/\\\/www.beautypristroje.sk\\\/?s={search_term_string}\"},\"query-input\":{\"@type\":\"PropertyValueSpecification\",\"valueRequired\":true,\"valueName\":\"search_term_string\"}}],\"inLanguage\":\"en-GB\"}]}<\/script>\n<!-- \/ Yoast SEO plugin. -->","yoast_head_json":{"title":"Medik8 Advanced Night Restore\u2122 - Beauty pr\u00edstroje","description":"Medik8 Advanced Night Restore \u2122 50 ml \u2013 no\u010dn\u00fd hydrata\u010dn\u00fd kr\u00e9m s peptidmi, ceramidmi a antioxidantmi na obnovu, regener\u00e1ciu a v\u00fd\u017eivu poko\u017eky po\u010das noci.","robots":{"index":"index","follow":"follow","max-snippet":"max-snippet:-1","max-image-preview":"max-image-preview:large","max-video-preview":"max-video-preview:-1"},"canonical":"https:\/\/www.beautypristroje.sk\/en\/product\/advanced-night-restore\/","og_locale":"en_GB","og_type":"article","og_title":"Medik8 Advanced Night Restore\u2122 - Beauty pr\u00edstroje","og_description":"Medik8 Advanced Night Restore \u2122 50 ml \u2013 no\u010dn\u00fd hydrata\u010dn\u00fd kr\u00e9m s peptidmi, ceramidmi a antioxidantmi na obnovu, regener\u00e1ciu a v\u00fd\u017eivu poko\u017eky po\u010das noci.","og_url":"https:\/\/www.beautypristroje.sk\/en\/product\/advanced-night-restore\/","og_site_name":"Beauty pr\u00edstroje","article_modified_time":"2025-12-10T08:46:16+00:00","og_image":[{"width":2000,"height":2000,"url":"https:\/\/www.beautypristroje.sk\/wp-content\/uploads\/2025\/05\/Copy-of-Advanced-Night-Restore-B.png","type":"image\/png"}],"twitter_card":"summary_large_image","twitter_misc":{"Estimated reading time":"5 minutes"},"schema":{"@context":"https:\/\/schema.org","@graph":[{"@type":"WebPage","@id":"https:\/\/www.beautypristroje.sk\/produkt\/advanced-night-restore\/","url":"https:\/\/www.beautypristroje.sk\/produkt\/advanced-night-restore\/","name":"Medik8 Advanced Night Restore\u2122 - Beauty pr\u00edstroje","isPartOf":{"@id":"https:\/\/www.beautypristroje.sk\/#website"},"primaryImageOfPage":{"@id":"https:\/\/www.beautypristroje.sk\/produkt\/advanced-night-restore\/#primaryimage"},"image":{"@id":"https:\/\/www.beautypristroje.sk\/produkt\/advanced-night-restore\/#primaryimage"},"thumbnailUrl":"https:\/\/www.beautypristroje.sk\/wp-content\/uploads\/2025\/05\/Copy-of-Advanced-Night-Restore-B.png","datePublished":"2025-05-13T06:59:10+00:00","dateModified":"2025-12-10T08:46:16+00:00","description":"Medik8 Advanced Night Restore \u2122 50 ml \u2013 no\u010dn\u00fd hydrata\u010dn\u00fd kr\u00e9m s peptidmi, ceramidmi a antioxidantmi na obnovu, regener\u00e1ciu a v\u00fd\u017eivu poko\u017eky po\u010das noci.","breadcrumb":{"@id":"https:\/\/www.beautypristroje.sk\/produkt\/advanced-night-restore\/#breadcrumb"},"inLanguage":"en-GB","potentialAction":[{"@type":"ReadAction","target":["https:\/\/www.beautypristroje.sk\/produkt\/advanced-night-restore\/"]}]},{"@type":"ImageObject","inLanguage":"en-GB","@id":"https:\/\/www.beautypristroje.sk\/produkt\/advanced-night-restore\/#primaryimage","url":"https:\/\/www.beautypristroje.sk\/wp-content\/uploads\/2025\/05\/Copy-of-Advanced-Night-Restore-B.png","contentUrl":"https:\/\/www.beautypristroje.sk\/wp-content\/uploads\/2025\/05\/Copy-of-Advanced-Night-Restore-B.png","width":2000,"height":2000,"caption":"Advanced Night Restore\u2122 50 ml \u2013 no\u010dn\u00fd kr\u00e9m s ceramidov\u00fdm komplexom, extraktom z dra\u010dieho ovocia, \u010du\u010doriedok, vitam\u00ednom E a peptidmi pre obnovu poko\u017eky."},{"@type":"BreadcrumbList","@id":"https:\/\/www.beautypristroje.sk\/produkt\/advanced-night-restore\/#breadcrumb","itemListElement":[{"@type":"ListItem","position":1,"name":"Domovsk\u00e1 str\u00e1nka","item":"https:\/\/www.beautypristroje.sk\/"},{"@type":"ListItem","position":2,"name":"Obchod","item":"https:\/\/www.beautypristroje.sk\/obchod\/"},{"@type":"ListItem","position":3,"name":"Medik8 Advanced Night Restore\u2122"}]},{"@type":"WebSite","@id":"https:\/\/www.beautypristroje.sk\/#website","url":"https:\/\/www.beautypristroje.sk\/","name":"Beauty pr\u00edstroje","description":"Profesion\u00e1lne kozmetick\u00e9 pr\u00edstroje pre sal\u00f3ny a kliniky","potentialAction":[{"@type":"SearchAction","target":{"@type":"EntryPoint","urlTemplate":"https:\/\/www.beautypristroje.sk\/?s={search_term_string}"},"query-input":{"@type":"PropertyValueSpecification","valueRequired":true,"valueName":"search_term_string"}}],"inLanguage":"en-GB"}]}},"_links":{"self":[{"href":"https:\/\/www.beautypristroje.sk\/en\/wp-json\/wp\/v2\/product\/795","targetHints":{"allow":["GET"]}}],"collection":[{"href":"https:\/\/www.beautypristroje.sk\/en\/wp-json\/wp\/v2\/product"}],"about":[{"href":"https:\/\/www.beautypristroje.sk\/en\/wp-json\/wp\/v2\/types\/product"}],"replies":[{"embeddable":true,"href":"https:\/\/www.beautypristroje.sk\/en\/wp-json\/wp\/v2\/comments?post=795"}],"wp:featuredmedia":[{"embeddable":true,"href":"https:\/\/www.beautypristroje.sk\/en\/wp-json\/wp\/v2\/media\/797"}],"wp:attachment":[{"href":"https:\/\/www.beautypristroje.sk\/en\/wp-json\/wp\/v2\/media?parent=795"}],"wp:term":[{"taxonomy":"product_brand","embeddable":true,"href":"https:\/\/www.beautypristroje.sk\/en\/wp-json\/wp\/v2\/product_brand?post=795"},{"taxonomy":"product_cat","embeddable":true,"href":"https:\/\/www.beautypristroje.sk\/en\/wp-json\/wp\/v2\/product_cat?post=795"},{"taxonomy":"product_tag","embeddable":true,"href":"https:\/\/www.beautypristroje.sk\/en\/wp-json\/wp\/v2\/product_tag?post=795"}],"curies":[{"name":"wp","href":"https:\/\/api.w.org\/{rel}","templated":true}]}}