{"id":789,"date":"2025-05-13T08:56:32","date_gmt":"2025-05-13T06:56:32","guid":{"rendered":"https:\/\/www.beautypristroje.sk\/?post_type=product&#038;p=789"},"modified":"2025-12-10T09:46:16","modified_gmt":"2025-12-10T08:46:16","slug":"advanced-night-eye","status":"publish","type":"product","link":"https:\/\/www.beautypristroje.sk\/en\/product\/advanced-night-eye\/","title":{"rendered":"Medik8 Advanced Night Eye\u2122"},"content":{"rendered":"<p>Transformujte vzh\u013ead unaven\u00fdch o\u010d\u00ed s regenera\u010dn\u00fdm no\u010dn\u00fdm o\u010dn\u00fdm kr\u00e9mom Medik8 Advanced Night Eye ktor\u00fd je\u00a0bohat\u00fd, no r\u00fdchlo sa vstreb\u00e1vaj\u00faci kr\u00e9m, ktor\u00fd je odborn\u00e9 formulovan\u00fd na vyhladenie jemn\u00fdch vr\u00e1sok okolo o\u010d\u00ed, pri\u010dom vidite\u013ene zosvet\u013euje tmav\u00e9 kruhy pod o\u010dami pre mladistvej\u0161\u00ed vzh\u013ead o\u010dn\u00e9ho okolia do r\u00e1na.<\/p>\n<p>Optimalizovan\u00fd na spolupr\u00e1cu s vitam\u00ednov\u00fdmi A formul\u00e1ciami a prirodzen\u00fdm regenerat\u00edvnym cyklom poko\u017eky po\u010das noci, Advanced Night Eye zabezpe\u010duje vidite\u013en\u00e9 v\u00fdsledky proti starnutiu a z\u00e1rove\u0148 poskytuje v\u00fd\u017eivn\u00fd z\u00e1\u017eitok pre jemn\u00fa oblas\u0165 o\u010d\u00ed.<\/p>\n<h3><strong>V\u00ddHODY<\/strong><\/h3>\n<div class=\"copy\">\n<div class=\"copy\">\n<div class=\"copy\">\n<h5>H\u013abkov\u00e1 v\u00fd\u017eiva o\u010dn\u00e9ho okolia<\/h5>\n<p>Intenz\u00edvne vy\u017eivuje jemn\u00fa poko\u017eku okolo o\u010d\u00ed pre optim\u00e1lny komfort a zamatovo hebk\u00fd pocit.<\/p>\n<h5>Obnova proti vo\u013en\u00fdm radik\u00e1lom<\/h5>\n<\/div>\n<div class=\"copy\">\n<p>N\u00e1\u0161 Midnight Antioxidant Complex p\u00f4sob\u00ed po\u010das noci na neutraliz\u00e1ciu starnutia sp\u00f4soben\u00e9ho vo\u013en\u00fdmi radik\u00e1lmi, \u010d\u00edm r\u00e1no odha\u013euje hlad\u0161ie a pevnej\u0161ie o\u010dn\u00e9 kont\u00fary.<\/p>\n<h5>Redukcia tmav\u00fdch kruhov<\/h5>\n<\/div>\n<div class=\"copy\">\n<p>Pom\u00e1ha rozpty\u013eova\u0165 vzh\u013ead tmav\u00fdch kruhov pod o\u010dami, \u010d\u00edm zanech\u00e1va o\u010dn\u00e9 okolie vidite\u013ene jasnej\u0161ie a svie\u017eej\u0161ie.<\/p>\n<h5>Zosilnen\u00fd \u00fa\u010dinok vitam\u00ednu A<\/h5>\n<\/div>\n<div class=\"copy\">\n<p>Navrhnut\u00fd na pou\u017eitie po vitam\u00edne A pre e\u0161te intenz\u00edvnej\u0161ie vyhladzuj\u00face a spev\u0148uj\u00face \u00fa\u010dinky.<\/p>\n<h3><b>K\u013d\u00da\u010cOV\u00c9 ZLO\u017dKY<\/b><\/h3>\n<\/div>\n<\/div>\n<\/div>\n<h5><img decoding=\"async\" class=\"list-item-icon\" src=\"https:\/\/medik8.sk\/cdn\/shop\/files\/PDP_Key_Ingredients_Midnight_Antioxidant_Complex_Icon_ef811c19-5e70-4a10-b856-7e04f7eda1fb.svg?v=1738240597&amp;width=50\" alt=\"Ingredient Icon 1\" width=\"50\" height=\"auto\" \/> Midnight Antioxidant Complex<\/h5>\n<div class=\"copy\">\n<p>Kombin\u00e1cia peptidu na opravu buniek a fialov\u00fdch superpotrav\u00edn (extrakt z bob\u00fa\u013e Saskatoon a dra\u010dieho ovocia), tento komplex pom\u00e1ha efekt\u00edvne neutralizova\u0165 vidite\u013en\u00e9 \u00fa\u010dinky starnutia sp\u00f4soben\u00e9 vo\u013en\u00fdmi radik\u00e1lmi. Pom\u00e1ha tie\u017e predch\u00e1dza\u0165 po\u0161kodeniu ko\u017en\u00fdch buniek a prote\u00ednov.<\/p>\n<h5><img decoding=\"async\" class=\"list-item-icon\" src=\"https:\/\/medik8.sk\/cdn\/shop\/files\/PDP_Key_Ingredients_N-Acetyl_Glucosamine_NAG_Molecule.svg?v=1738240597&amp;width=50\" alt=\"Ingredient Icon 2\" width=\"50\" height=\"auto\" \/> \u200b\u200b N-Acetyl Glucosamine (NAG)<\/h5>\n<\/div>\n<div class=\"copy\">\n<p>Tento prirodzene sa vyskytuj\u00faci molekula p\u00f4sob\u00ed synergicky s predt\u00fdm nanesen\u00fdm vitam\u00ednom A, aby podporila tvorbu hydrata\u010dnej kyseliny hyalur\u00f3novej.<\/p>\n<h5><img decoding=\"async\" class=\"list-item-icon\" src=\"https:\/\/medik8.sk\/cdn\/shop\/files\/PDP_Key_Ingredients_Hesperidin.svg?v=1738240623&amp;width=50\" alt=\"Ingredient Icon 3\" width=\"50\" height=\"auto\" \/> Hesperidin<\/h5>\n<\/div>\n<div class=\"copy\">\n<p>Prirodzene sa vyskytuj\u00faci v citrusov\u00fdch plodoch, hesperid\u00edn (vyslovuje sa hes-per-eye-din) zlep\u0161uje krvn\u00fd obeh, \u010d\u00edm pom\u00e1ha redukova\u0165 tmav\u00e9 kruhy a rozjas\u0148uje o\u010dn\u00e9 okolie.<\/p>\n<h5><img decoding=\"async\" class=\"list-item-icon\" src=\"https:\/\/medik8.sk\/cdn\/shop\/files\/PDP_Key_Ingredients_Caffeine.svg?v=1738240623&amp;width=50\" alt=\"Ingredient Icon 4\" width=\"50\" height=\"auto\" \/> Kofe\u00edn<\/h5>\n<\/div>\n<div class=\"copy\">\n<p>Pom\u00e1ha redukova\u0165 ve\u013ekos\u0165 krvn\u00fdch ciev, \u010d\u00edm zmier\u0148uje opuchy a unaven\u00fd vzh\u013ead o\u010dn\u00e9ho okolia.<\/p>\n<h5><img decoding=\"async\" class=\"list-item-icon\" src=\"https:\/\/medik8.sk\/cdn\/shop\/files\/PDP_Key_Ingredients_Matrixyl_3000_Icon_e36ac943-de32-403a-a930-48aa69cd80b3.svg?v=1738240624&amp;width=50\" alt=\"Ingredient Icon 5\" width=\"50\" height=\"auto\" \/> Matrixyl\u00ae 3000 (vyslovuje sa \u201ema-TRIX-ul 3 tis\u00edc\u201c)<\/h5>\n<\/div>\n<div class=\"copy\">\n<p>Kombin\u00e1cia peptidov, ktor\u00e9 \u201eoklam\u00fa\u201c poko\u017eku, aby produkovala viac kolag\u00e9nu, \u010d\u00edm prispievaj\u00fa k vidite\u013ene hlad\u0161iemu, pevnej\u0161iemu a pln\u0161iemu o\u010dn\u00e9mu okoliu. *MATRIXYL\u00ae 3000 je ochrann\u00e1 zn\u00e1mka spolo\u010dnosti Sederma Inc.<\/p>\n<\/div>\n<h3><strong>AKO POU\u017d\u00cdVA\u0164<\/strong><\/h3>\n<p>Po vy\u010disten\u00ed ve\u010der naneste Advanced Night Eye okolo o\u010dn\u00e9ho okolia \u2013 vyhnite sa vie\u010dkam.<\/p>\n<h3><strong>OBSAH BALENIA<\/strong><\/h3>\n<p>Balenie s obsahom 15 ml vydr\u017e\u00ed\u00a0 pri be\u017enom pou\u017e\u00edvan\u00ed a\u017e 100 aplik\u00e1ci\u00ed, teda viac ako tri mesiace.<\/p>\n<h3><strong>ZLO\u017dENIE<\/strong><\/h3>\n<p>Aqua (Water), Caprylic\/Capric Triglyceride, Dimethicone, Stearic Acid, Glycerin, Cetearyl Alcohol, Nylon-12, Cetearyl Olivate, Propylene Glycol, C12-16 Alcohols, Sorbitan Olivate, Sodium Acrylate\/Sodium Acryloyldimethyl Taurate Copolymer, Palmitic Acid, Caffeine, Candelilla\/Jojoba\/Rice Bran Polyglyceryl-3 Esters, Cera Microcristallina, Glyceryl Stearate, Phenoxyethanol, Hydrogenated Lecithin, Niacinamide, Squalane, Sodium Stearoyl Lactylate, Benzyl Alcohol, Amelanchier Alnifolia (Saskatoon) Fruit Extract, Sodium Hyaluronate, Arginine, Butylene Glycol, Ethylhexylglycerin, Tocopherol, Glucosyl Hesperidin, Sorbitol, Hylocereus Undatus (Dragon Fruit) Fruit Extract, Ferric Hexapeptide-35, Palmitoyl Tripeptide-1, Palmitoyl Tetrapeptide-7, Dehydroacetic Acid, Tremella Fuciformis (Snow Mushroom) Extract, Carbomer, Pogostemon Cablin (Patchouli) Leaf Oil, Ascorbic Acid, Polysorbate 20.<\/p>\n<p>*Aj ke\u010f sa sna\u017e\u00edme zaisti\u0165 presnos\u0165 tohto zoznamu zlo\u017eiek, niekedy m\u00f4\u017ee d\u00f4js\u0165 k vylep\u0161eniam produktu alebo k miernym rozdielom medzi r\u00f4znymi regi\u00f3nmi na z\u00e1klade miestnych z\u00e1konov. Jedin\u00fd definit\u00edvny zoznam zlo\u017eiek je preto ten, ktor\u00fd je vytla\u010den\u00fd na obale produktu.<\/p>","protected":false},"excerpt":{"rendered":"<p>15ml<\/p>\n<p>No\u010dn\u00fd o\u010dn\u00fd kr\u00e9m proti opuchom a tmav\u00fdm kruhom<br \/>\nMidnight Recovery complex, Matrixyl 3000, kofe\u00edn, hesperid\u00edn, niacinamid, kyselina hyalur\u00f3nov\u00e1<\/p>","protected":false},"featured_media":791,"comment_status":"open","ping_status":"closed","template":"","meta":{"_acf_changed":false},"product_brand":[77],"product_cat":[75,26],"product_tag":[],"class_list":{"0":"post-789","1":"product","2":"type-product","3":"status-publish","4":"has-post-thumbnail","6":"product_brand-medik8","7":"product_cat-kremy-a-sera","8":"product_cat-skincare-produkty","10":"first","11":"instock","12":"taxable","13":"shipping-taxable","14":"purchasable","15":"product-type-simple"},"acf":[],"yoast_head":"<!-- This site is optimized with the Yoast SEO plugin v27.5 - https:\/\/yoast.com\/product\/yoast-seo-wordpress\/ -->\n<title>Medik8 Advanced Night Eye\u2122 - Beauty pr\u00edstroje<\/title>\n<meta name=\"description\" content=\"Medik8 Advanced Night Eye \u2122 15 ml \u2013 no\u010dn\u00fd o\u010dn\u00fd kr\u00e9m proti opuchom a tmav\u00fdm kruhom s Matrixyl 3000, kofe\u00ednom, niacinamidom a hydrata\u010dnou kyselinou hyalur\u00f3novou.\" \/>\n<meta name=\"robots\" content=\"index, follow, max-snippet:-1, max-image-preview:large, max-video-preview:-1\" \/>\n<link rel=\"canonical\" href=\"https:\/\/www.beautypristroje.sk\/en\/product\/advanced-night-eye\/\" \/>\n<meta property=\"og:locale\" content=\"en_GB\" \/>\n<meta property=\"og:type\" content=\"article\" \/>\n<meta property=\"og:title\" content=\"Medik8 Advanced Night Eye\u2122 - Beauty pr\u00edstroje\" \/>\n<meta property=\"og:description\" content=\"Medik8 Advanced Night Eye \u2122 15 ml \u2013 no\u010dn\u00fd o\u010dn\u00fd kr\u00e9m proti opuchom a tmav\u00fdm kruhom s Matrixyl 3000, kofe\u00ednom, niacinamidom a hydrata\u010dnou kyselinou hyalur\u00f3novou.\" \/>\n<meta property=\"og:url\" content=\"https:\/\/www.beautypristroje.sk\/en\/product\/advanced-night-eye\/\" \/>\n<meta property=\"og:site_name\" content=\"Beauty pr\u00edstroje\" \/>\n<meta property=\"article:modified_time\" content=\"2025-12-10T08:46:16+00:00\" \/>\n<meta property=\"og:image\" content=\"https:\/\/www.beautypristroje.sk\/wp-content\/uploads\/2025\/05\/Copy-of-Advanced-Night-Eye-B.png\" \/>\n\t<meta property=\"og:image:width\" content=\"2000\" \/>\n\t<meta property=\"og:image:height\" content=\"2000\" \/>\n\t<meta property=\"og:image:type\" content=\"image\/png\" \/>\n<meta name=\"twitter:card\" content=\"summary_large_image\" \/>\n<meta name=\"twitter:label1\" content=\"Estimated reading time\" \/>\n\t<meta name=\"twitter:data1\" content=\"4 minutes\" \/>\n<script type=\"application\/ld+json\" class=\"yoast-schema-graph\">{\"@context\":\"https:\\\/\\\/schema.org\",\"@graph\":[{\"@type\":\"WebPage\",\"@id\":\"https:\\\/\\\/www.beautypristroje.sk\\\/produkt\\\/advanced-night-eye\\\/\",\"url\":\"https:\\\/\\\/www.beautypristroje.sk\\\/produkt\\\/advanced-night-eye\\\/\",\"name\":\"Medik8 Advanced Night Eye\u2122 - Beauty pr\u00edstroje\",\"isPartOf\":{\"@id\":\"https:\\\/\\\/www.beautypristroje.sk\\\/#website\"},\"primaryImageOfPage\":{\"@id\":\"https:\\\/\\\/www.beautypristroje.sk\\\/produkt\\\/advanced-night-eye\\\/#primaryimage\"},\"image\":{\"@id\":\"https:\\\/\\\/www.beautypristroje.sk\\\/produkt\\\/advanced-night-eye\\\/#primaryimage\"},\"thumbnailUrl\":\"https:\\\/\\\/www.beautypristroje.sk\\\/wp-content\\\/uploads\\\/2025\\\/05\\\/Copy-of-Advanced-Night-Eye-B.png\",\"datePublished\":\"2025-05-13T06:56:32+00:00\",\"dateModified\":\"2025-12-10T08:46:16+00:00\",\"description\":\"Medik8 Advanced Night Eye \u2122 15 ml \u2013 no\u010dn\u00fd o\u010dn\u00fd kr\u00e9m proti opuchom a tmav\u00fdm kruhom s Matrixyl 3000, kofe\u00ednom, niacinamidom a hydrata\u010dnou kyselinou hyalur\u00f3novou.\",\"breadcrumb\":{\"@id\":\"https:\\\/\\\/www.beautypristroje.sk\\\/produkt\\\/advanced-night-eye\\\/#breadcrumb\"},\"inLanguage\":\"en-GB\",\"potentialAction\":[{\"@type\":\"ReadAction\",\"target\":[\"https:\\\/\\\/www.beautypristroje.sk\\\/produkt\\\/advanced-night-eye\\\/\"]}]},{\"@type\":\"ImageObject\",\"inLanguage\":\"en-GB\",\"@id\":\"https:\\\/\\\/www.beautypristroje.sk\\\/produkt\\\/advanced-night-eye\\\/#primaryimage\",\"url\":\"https:\\\/\\\/www.beautypristroje.sk\\\/wp-content\\\/uploads\\\/2025\\\/05\\\/Copy-of-Advanced-Night-Eye-B.png\",\"contentUrl\":\"https:\\\/\\\/www.beautypristroje.sk\\\/wp-content\\\/uploads\\\/2025\\\/05\\\/Copy-of-Advanced-Night-Eye-B.png\",\"width\":2000,\"height\":2000,\"caption\":\"Advanced Night Eye\u2122 15 ml \u2013 no\u010dn\u00fd o\u010dn\u00fd kr\u00e9m proti opuchom a tmav\u00fdm kruhom s Matrixyl 3000, kofe\u00ednom, niacinamidom a kyselinou hyalur\u00f3novou.\"},{\"@type\":\"BreadcrumbList\",\"@id\":\"https:\\\/\\\/www.beautypristroje.sk\\\/produkt\\\/advanced-night-eye\\\/#breadcrumb\",\"itemListElement\":[{\"@type\":\"ListItem\",\"position\":1,\"name\":\"Domovsk\u00e1 str\u00e1nka\",\"item\":\"https:\\\/\\\/www.beautypristroje.sk\\\/\"},{\"@type\":\"ListItem\",\"position\":2,\"name\":\"Obchod\",\"item\":\"https:\\\/\\\/www.beautypristroje.sk\\\/obchod\\\/\"},{\"@type\":\"ListItem\",\"position\":3,\"name\":\"Medik8 Advanced Night Eye\u2122\"}]},{\"@type\":\"WebSite\",\"@id\":\"https:\\\/\\\/www.beautypristroje.sk\\\/#website\",\"url\":\"https:\\\/\\\/www.beautypristroje.sk\\\/\",\"name\":\"Beauty pr\u00edstroje\",\"description\":\"Profesion\u00e1lne kozmetick\u00e9 pr\u00edstroje pre sal\u00f3ny a kliniky\",\"potentialAction\":[{\"@type\":\"SearchAction\",\"target\":{\"@type\":\"EntryPoint\",\"urlTemplate\":\"https:\\\/\\\/www.beautypristroje.sk\\\/?s={search_term_string}\"},\"query-input\":{\"@type\":\"PropertyValueSpecification\",\"valueRequired\":true,\"valueName\":\"search_term_string\"}}],\"inLanguage\":\"en-GB\"}]}<\/script>\n<!-- \/ Yoast SEO plugin. -->","yoast_head_json":{"title":"Medik8 Advanced Night Eye\u2122 - Beauty pr\u00edstroje","description":"Medik8 Advanced Night Eye \u2122 15 ml \u2013 no\u010dn\u00fd o\u010dn\u00fd kr\u00e9m proti opuchom a tmav\u00fdm kruhom s Matrixyl 3000, kofe\u00ednom, niacinamidom a hydrata\u010dnou kyselinou hyalur\u00f3novou.","robots":{"index":"index","follow":"follow","max-snippet":"max-snippet:-1","max-image-preview":"max-image-preview:large","max-video-preview":"max-video-preview:-1"},"canonical":"https:\/\/www.beautypristroje.sk\/en\/product\/advanced-night-eye\/","og_locale":"en_GB","og_type":"article","og_title":"Medik8 Advanced Night Eye\u2122 - Beauty pr\u00edstroje","og_description":"Medik8 Advanced Night Eye \u2122 15 ml \u2013 no\u010dn\u00fd o\u010dn\u00fd kr\u00e9m proti opuchom a tmav\u00fdm kruhom s Matrixyl 3000, kofe\u00ednom, niacinamidom a hydrata\u010dnou kyselinou hyalur\u00f3novou.","og_url":"https:\/\/www.beautypristroje.sk\/en\/product\/advanced-night-eye\/","og_site_name":"Beauty pr\u00edstroje","article_modified_time":"2025-12-10T08:46:16+00:00","og_image":[{"width":2000,"height":2000,"url":"https:\/\/www.beautypristroje.sk\/wp-content\/uploads\/2025\/05\/Copy-of-Advanced-Night-Eye-B.png","type":"image\/png"}],"twitter_card":"summary_large_image","twitter_misc":{"Estimated reading time":"4 minutes"},"schema":{"@context":"https:\/\/schema.org","@graph":[{"@type":"WebPage","@id":"https:\/\/www.beautypristroje.sk\/produkt\/advanced-night-eye\/","url":"https:\/\/www.beautypristroje.sk\/produkt\/advanced-night-eye\/","name":"Medik8 Advanced Night Eye\u2122 - Beauty pr\u00edstroje","isPartOf":{"@id":"https:\/\/www.beautypristroje.sk\/#website"},"primaryImageOfPage":{"@id":"https:\/\/www.beautypristroje.sk\/produkt\/advanced-night-eye\/#primaryimage"},"image":{"@id":"https:\/\/www.beautypristroje.sk\/produkt\/advanced-night-eye\/#primaryimage"},"thumbnailUrl":"https:\/\/www.beautypristroje.sk\/wp-content\/uploads\/2025\/05\/Copy-of-Advanced-Night-Eye-B.png","datePublished":"2025-05-13T06:56:32+00:00","dateModified":"2025-12-10T08:46:16+00:00","description":"Medik8 Advanced Night Eye \u2122 15 ml \u2013 no\u010dn\u00fd o\u010dn\u00fd kr\u00e9m proti opuchom a tmav\u00fdm kruhom s Matrixyl 3000, kofe\u00ednom, niacinamidom a hydrata\u010dnou kyselinou hyalur\u00f3novou.","breadcrumb":{"@id":"https:\/\/www.beautypristroje.sk\/produkt\/advanced-night-eye\/#breadcrumb"},"inLanguage":"en-GB","potentialAction":[{"@type":"ReadAction","target":["https:\/\/www.beautypristroje.sk\/produkt\/advanced-night-eye\/"]}]},{"@type":"ImageObject","inLanguage":"en-GB","@id":"https:\/\/www.beautypristroje.sk\/produkt\/advanced-night-eye\/#primaryimage","url":"https:\/\/www.beautypristroje.sk\/wp-content\/uploads\/2025\/05\/Copy-of-Advanced-Night-Eye-B.png","contentUrl":"https:\/\/www.beautypristroje.sk\/wp-content\/uploads\/2025\/05\/Copy-of-Advanced-Night-Eye-B.png","width":2000,"height":2000,"caption":"Advanced Night Eye\u2122 15 ml \u2013 no\u010dn\u00fd o\u010dn\u00fd kr\u00e9m proti opuchom a tmav\u00fdm kruhom s Matrixyl 3000, kofe\u00ednom, niacinamidom a kyselinou hyalur\u00f3novou."},{"@type":"BreadcrumbList","@id":"https:\/\/www.beautypristroje.sk\/produkt\/advanced-night-eye\/#breadcrumb","itemListElement":[{"@type":"ListItem","position":1,"name":"Domovsk\u00e1 str\u00e1nka","item":"https:\/\/www.beautypristroje.sk\/"},{"@type":"ListItem","position":2,"name":"Obchod","item":"https:\/\/www.beautypristroje.sk\/obchod\/"},{"@type":"ListItem","position":3,"name":"Medik8 Advanced Night Eye\u2122"}]},{"@type":"WebSite","@id":"https:\/\/www.beautypristroje.sk\/#website","url":"https:\/\/www.beautypristroje.sk\/","name":"Beauty pr\u00edstroje","description":"Profesion\u00e1lne kozmetick\u00e9 pr\u00edstroje pre sal\u00f3ny a kliniky","potentialAction":[{"@type":"SearchAction","target":{"@type":"EntryPoint","urlTemplate":"https:\/\/www.beautypristroje.sk\/?s={search_term_string}"},"query-input":{"@type":"PropertyValueSpecification","valueRequired":true,"valueName":"search_term_string"}}],"inLanguage":"en-GB"}]}},"_links":{"self":[{"href":"https:\/\/www.beautypristroje.sk\/en\/wp-json\/wp\/v2\/product\/789","targetHints":{"allow":["GET"]}}],"collection":[{"href":"https:\/\/www.beautypristroje.sk\/en\/wp-json\/wp\/v2\/product"}],"about":[{"href":"https:\/\/www.beautypristroje.sk\/en\/wp-json\/wp\/v2\/types\/product"}],"replies":[{"embeddable":true,"href":"https:\/\/www.beautypristroje.sk\/en\/wp-json\/wp\/v2\/comments?post=789"}],"wp:featuredmedia":[{"embeddable":true,"href":"https:\/\/www.beautypristroje.sk\/en\/wp-json\/wp\/v2\/media\/791"}],"wp:attachment":[{"href":"https:\/\/www.beautypristroje.sk\/en\/wp-json\/wp\/v2\/media?parent=789"}],"wp:term":[{"taxonomy":"product_brand","embeddable":true,"href":"https:\/\/www.beautypristroje.sk\/en\/wp-json\/wp\/v2\/product_brand?post=789"},{"taxonomy":"product_cat","embeddable":true,"href":"https:\/\/www.beautypristroje.sk\/en\/wp-json\/wp\/v2\/product_cat?post=789"},{"taxonomy":"product_tag","embeddable":true,"href":"https:\/\/www.beautypristroje.sk\/en\/wp-json\/wp\/v2\/product_tag?post=789"}],"curies":[{"name":"wp","href":"https:\/\/api.w.org\/{rel}","templated":true}]}}