{"id":779,"date":"2025-05-13T08:52:57","date_gmt":"2025-05-13T06:52:57","guid":{"rendered":"https:\/\/www.beautypristroje.sk\/?post_type=product&#038;p=779"},"modified":"2025-12-10T09:46:16","modified_gmt":"2025-12-10T08:46:16","slug":"advanced-day-ultimate-protect","status":"publish","type":"product","link":"https:\/\/www.beautypristroje.sk\/en\/product\/advanced-day-ultimate-protect\/","title":{"rendered":"Medik8 Advanced Day Ultimate Protect"},"content":{"rendered":"<p>Chr\u00e1\u0148te svoju ple\u0165 pred UV \u017eiaren\u00edm, vidite\u013ene zni\u017eujte vzh\u013ead jemn\u00fdch vr\u00e1sok a hlboko hydratujte ple\u0165 \u2013 v\u0161etko naraz. Medik8 Advanced Day Ultimate Protect je v\u00e1\u0161 denn\u00fd hydrata\u010dn\u00fd kr\u00e9m a opa\u013eovac\u00ed kr\u00e9m SPF 50+ PA++++ v jednom.<\/p>\n<p>Pon\u00faka komplexn\u00fa ochranu pred \u0161kodliv\u00fdmi, starn\u00facimi a sp\u00e1liacimi \u00fa\u010dinkami slnka, ako aj pred zne\u010disten\u00edm ovzdu\u0161ia, modr\u00fdm svetlom, infra\u010derven\u00fdm po\u0161koden\u00edm a glyk\u00e1ciou (po\u0161kodenie kolag\u00e9nu a elast\u00ednu v poko\u017eke). T\u00fdmto sp\u00f4sobom pom\u00e1ha zabr\u00e1ni\u0165 vzniku vr\u00e1sok, tmav\u00fdch \u0161kv\u0155n, mdlosti a nerovnomernej text\u00fary pleti.<\/p>\n<p>Formul\u00e1cia je obohaten\u00e1 o enz\u00fdm novej gener\u00e1cie na opravu DNA, naz\u00fdvan\u00fd fotoly\u00e1za (vyslovuje sa &#8218;foto-lie-aza&#8216;), ktor\u00fd podporuje prirodzen\u00e9 opravn\u00e9 mechanizmy pleti po vystaven\u00ed UV \u017eiareniu. Advanced Day Ultimate Protect je preuk\u00e1zan\u00e9, \u017ee poskytuje nelepiv\u00fd, nekomedog\u00e9nny, nevidite\u013en\u00fd fini\u0161 na v\u0161etk\u00fdch t\u00f3nach pleti* a m\u00f4\u017ee sa \u013eahko aplikova\u0165 pod make-up.<\/p>\n<p><em>*Preuk\u00e1zan\u00e9 nez\u00e1visl\u00fdm spotrebite\u013esk\u00fdm v\u00fdskumom realizovan\u00fdm po\u010das 7 dn\u00ed na 53 \u00fa\u010dastn\u00edkoch, v\u0161etk\u00fdch t\u00f3nov pleti.<\/em><\/p>\n<h3><strong>V\u00ddHODY<\/strong><\/h3>\n<div class=\"copy\">\n<div class=\"copy\">\n<div class=\"copy\">\n<h5>Zachov\u00e1va mladistvos\u0165 pleti<\/h5>\n<p>Poskytuje siln\u00fa ochranu SPF 50+ PA++++ proti \u0161kodliv\u00fdm \u00fa\u010dinkom UVA (starnutie) a UVB (sp\u00e1lenie) l\u00fa\u010dov.<\/p>\n<h5>Obnova po UV \u017eiaren\u00ed<\/h5>\n<\/div>\n<div class=\"copy\">\n<p>Podporuje prirodzen\u00e9 regenera\u010dn\u00e9 mechanizmy pleti po vystaven\u00ed UV \u017eiareniu, \u010d\u00edm pom\u00e1ha predch\u00e1dza\u0165 vidite\u013en\u00e9mu po\u0161kodeniu a pred\u010dasn\u00e9mu starnutiu.<\/p>\n<h5>Viac\u00fa\u010delov\u00e1 ochrana pleti v jednej formule<\/h5>\n<\/div>\n<div class=\"copy\">\n<p>Chr\u00e1ni ple\u0165 pred starnut\u00edm sp\u00f4soben\u00fdm modr\u00fdm svetlom, infra\u010derven\u00fdm \u017eiaren\u00edm, zne\u010disten\u00edm ovzdu\u0161ia, glyk\u00e1ciou aj UV \u017eiaren\u00edm.<\/p>\n<h5>Bez bieleho filmu<\/h5>\n<\/div>\n<div class=\"copy\">\n<p>Preuk\u00e1zan\u00e9, \u017ee zanech\u00e1va nevidite\u013en\u00fd fini\u0161 na v\u0161etk\u00fdch odtie\u0148och pleti* \u2013 ide\u00e1lne do ka\u017edej rannej skincare rutiny.<\/p>\n<div class=\"metafield-rich_text_field\">\n<p><em>Nez\u00e1visl\u00e1 spotrebite\u013esk\u00e1 \u0161t\u00fadia vykonan\u00e1 po\u010das 7 dn\u00ed na 53 \u00fa\u010dastn\u00edkoch r\u00f4znych t\u00f3nov pleti.<\/em><\/p>\n<\/div>\n<h5>Ka\u017edodenn\u00e1 hydrat\u00e1cia<\/h5>\n<\/div>\n<div class=\"copy\">\n<p>Obsahuje skval\u00e1n a multi-molekul\u00e1rnu kyselinu hyalur\u00f3nov\u00fa pre intenz\u00edvnu a dlhotrvaj\u00facu hydrat\u00e1ciu.<\/p>\n<p><b>K\u013d\u00da\u010cOV\u00c9 ZLO\u017dKY<\/b><\/p>\n<\/div>\n<\/div>\n<\/div>\n<h5><img decoding=\"async\" class=\"list-item-icon\" src=\"https:\/\/medik8.sk\/cdn\/shop\/files\/PDP_Key_Ingredients_Advanced_UV_Filters_Icon_0cb2823e-c4e9-49e2-a678-acabc4a50387.svg?v=1738240597&amp;width=50\" alt=\"Ingredient Icon 1\" width=\"50\" height=\"auto\" \/> Pokro\u010dil\u00e9 UV filtre<\/h5>\n<div class=\"copy\">\n<p>Komplex pr\u00e9miov\u00fdch chemick\u00fdch slne\u010dn\u00fdch filtrov, starostlivo vybran\u00fdch pre ich vysok\u00fd v\u00fdkon, priate\u013esk\u00e9 \u00fa\u010dinky na poko\u017eku a stabilitu (\u00fa\u010dinnos\u0165) na slnku.<\/p>\n<h5><img decoding=\"async\" class=\"list-item-icon\" src=\"https:\/\/medik8.sk\/cdn\/shop\/files\/PDP_Key_Ingredients_DNA_Repair_Enzyme_Icon_c7bc49d1-e134-4e53-b6a4-6bd0a14440c0.svg?v=1738240597&amp;width=50\" alt=\"Ingredient Icon 2\" width=\"50\" height=\"auto\" \/> Enz\u00fdm na opravu DNA (Zabalen\u00fd fotoly\u00e1zou)<\/h5>\n<\/div>\n<div class=\"copy\">\n<p>Tento enz\u00fdm, z\u00edskan\u00fd z planktonov\u00e9ho extraktu, je svetlom aktivovan\u00fd opravn\u00fd enz\u00fdm, ktor\u00fd pom\u00e1ha opravi\u0165 vidite\u013en\u00e9 \u00fa\u010dinky starnutia sp\u00f4soben\u00e9 UV \u017eiaren\u00edm po vystaven\u00ed slnku. Fotoly\u00e1za pom\u00e1ha obnovi\u0165 po\u0161koden\u00fa DNA poko\u017eky, \u010d\u00edm zni\u017euje vidite\u013en\u00e9 zn\u00e1mky po\u0161kodenia sp\u00f4soben\u00e9ho slne\u010dn\u00fdm \u017eiaren\u00edm, ako s\u00fa jemn\u00e9 vr\u00e1sky a pigmentov\u00e9 \u0161kvrny.<\/p>\n<h5><img decoding=\"async\" class=\"list-item-icon\" src=\"https:\/\/medik8.sk\/cdn\/shop\/files\/PDP_Key_Ingredients_360_Environmental_Shield_Icon_2dd77685-bea6-453d-83d3-8ea91254e565.svg?v=1738240597&amp;width=50\" alt=\"Ingredient Icon 3\" width=\"50\" height=\"auto\" \/> 360\u00b0 Ochrann\u00fd \u0161t\u00edt proti vonkaj\u0161\u00edm vplyvom<\/h5>\n<\/div>\n<div class=\"copy\">\n<p>Inovat\u00edvna kombin\u00e1cia udr\u017eate\u013ene z\u00edskavan\u00e9ho oleja zo semien borievky, extraktu z marrubia (marrubium vulgare) a karnos\u00ednu, ktor\u00e1 chr\u00e1ni pred vplyvmi environment\u00e1lnych stresorov.<\/p>\n<h5><img decoding=\"async\" class=\"list-item-icon\" src=\"https:\/\/medik8.sk\/cdn\/shop\/files\/PDP_Key_Ingredients_Squalene_Icon_b1375325-7b49-45b2-b4b4-5343a92574f2.svg?v=1738240596&amp;width=50\" alt=\"Ingredient Icon 4\" width=\"50\" height=\"auto\" \/> Squal\u00e1n<\/h5>\n<\/div>\n<div class=\"copy\">\n<p>Lipid takmer identick\u00fd s pr\u00edrodn\u00fdm lipidom poko\u017eky, ktor\u00fd pom\u00e1ha podporova\u0165 prirodzen\u00fa ko\u017en\u00fa bari\u00e9ru a vy\u017eivuje ple\u0165.<\/p>\n<h5><img decoding=\"async\" class=\"list-item-icon\" src=\"https:\/\/medik8.sk\/cdn\/shop\/files\/PDP_Key_Ingredients_Multi-Weight_Hyaluronic_Acid_Molecule.svg?v=1738240597&amp;width=50\" alt=\"Ingredient Icon 5\" width=\"50\" height=\"auto\" \/> Multi-hmotnostn\u00e1 kyselina hyalur\u00f3nov\u00e1<\/h5>\n<\/div>\n<div class=\"copy\">\n<p>V\u010faka schopnosti pri\u0165ahova\u0165 a zadr\u017ea\u0165 viac ako 1 000-n\u00e1sobok svojej hmotnosti vo vode, multi-hmotnostn\u00e1 kyselina hyalur\u00f3nov\u00e1 \u010derp\u00e1 vlhkos\u0165 do viacer\u00fdch vrstiev poko\u017eky, \u010d\u00edm ju hlboko hydratuje a zanech\u00e1va ple\u0165 pru\u017en\u00fa a hydratovan\u00fa.<\/p>\n<\/div>\n<h3><strong>AKO POU\u017d\u00cdVA\u0164<\/strong><\/h3>\n<p>Ako posledn\u00fd krok rannej starostlivosti o ple\u0165 naneste 5 pumpi\u010diek (<em>\u00bc \u010dajovej ly\u017ei\u010dky<\/em>)\u00a0<em>Advanced Day Ultimate Protect<\/em>\u00a0na tv\u00e1r pomocou pohybov smerom nahor, pri\u010dom sa vyhnite oblasti o\u010d\u00ed. \u010eal\u0161\u00edch 5 pumpi\u010diek naneste na krk a dekolt. Nechajte \u00faplne vstreba\u0165.<\/p>\n<p>Opakujte aplik\u00e1ciu pod\u013ea potreby po\u010das d\u0148a. Pri priamom vystaven\u00ed slne\u010dn\u00e9mu \u017eiareniu nan\u00e1\u0161ajte ka\u017ed\u00e9 2 hodiny.<\/p>\n<h3><strong>OBSAH BALENIA<\/strong><\/h3>\n<p>Balenie s obsahom 50ml produktu, vydr\u017e\u00ed pri be\u017enou u\u017e\u00edvan\u00ed pribli\u017ene 50 aplik\u00e1ci\u00ed.<\/p>\n<h3><strong>ZLO\u017dENIE<\/strong><\/h3>\n<p>Aqua (Water), Bis-Ethylhexyloxyphenol Methoxyphenyl Triazine, Diethylamino Hydroxybenzoyl Hexyl Benzoate, Dibutyl Adipate, Glycerin, C12-15 Alkyl Benzoate, Diisopropyl Adipate, Ethylhexyl Triazone, Capryloyl Glycerin\/Sebacic Acid Copolymer, Isododecane, Vaccinium Myrtillus (Blueberry) Seed Oil, Acrylates\/C12-22 Alkyl Methacrylate Copolymer, Silica, Glyceryl Stearate, PEG-100 Stearate, Cetearyl Alcohol, Potassium Cetyl Phosphate, Squalane, Phenoxyethanol, Hydroxyacetophenone, Inulin Lauryl Carbamate, Marrubium Vulgare Extract, Arginine, Sodium Hyaluronate, Lecithin, Xanthan Gum, Carnosine, Disodium EDTA, Coco-Glucoside, Citric Acid, Benzoic Acid, Acrylates\/C10-30 Alkyl Acrylate Crosspolymer, Plankton Extract, Dehydroacetic Acid, Parfum, Disodium Lauryl Sulfosuccinate, Ethylhexylglycerin, Sodium Hydroxide, Limonene, Linalool, Citral.<\/p>\n<p>*Aj ke\u010f sa sna\u017e\u00edme zaisti\u0165 presnos\u0165 tohto zoznamu zlo\u017eiek, niekedy m\u00f4\u017ee d\u00f4js\u0165 k vylep\u0161eniam produktu alebo k miernym rozdielom medzi r\u00f4znymi regi\u00f3nmi na z\u00e1klade miestnych z\u00e1konov. Jedin\u00fd definit\u00edvny zoznam zlo\u017eiek je preto ten, ktor\u00fd je vytla\u010den\u00fd na obale produktu.<\/p>","protected":false},"excerpt":{"rendered":"<p>50ml<\/p>\n<p>Anti-ageing denn\u00fd hydrata\u010dn\u00fd kr\u00e9m s SPF 50 a PA++++<br \/>\nOchrana pred UVA\/UVB, glyk\u00e1ciou, zne\u010disten\u00edm, modr\u00fdm svetlom, enkapsulovan\u00e1 fotoly\u00e1za-oprava po\u0161koden\u00fdch DNA vl\u00e1kien<\/p>","protected":false},"featured_media":781,"comment_status":"open","ping_status":"closed","template":"","meta":{"_acf_changed":false},"product_brand":[77],"product_cat":[75,26],"product_tag":[],"class_list":{"0":"post-779","1":"product","2":"type-product","3":"status-publish","4":"has-post-thumbnail","6":"product_brand-medik8","7":"product_cat-kremy-a-sera","8":"product_cat-skincare-produkty","10":"first","11":"instock","12":"taxable","13":"shipping-taxable","14":"purchasable","15":"product-type-simple"},"acf":[],"yoast_head":"<!-- This site is optimized with the Yoast SEO plugin v27.5 - https:\/\/yoast.com\/product\/yoast-seo-wordpress\/ -->\n<title>Medik8 Advanced Day Ultimate Protect - Beauty pr\u00edstroje<\/title>\n<meta name=\"description\" content=\"Denn\u00fd anti-aging kr\u00e9m Advanced Day Ultimate Protect 50\u202fml s SPF\u202f50, PA++++, chr\u00e1ni pred UV, modr\u00fdm svetlom, zne\u010disten\u00edm a podporuje opravu DNA.\" \/>\n<meta name=\"robots\" content=\"index, follow, max-snippet:-1, max-image-preview:large, max-video-preview:-1\" \/>\n<link rel=\"canonical\" href=\"https:\/\/www.beautypristroje.sk\/en\/product\/advanced-day-ultimate-protect\/\" \/>\n<meta property=\"og:locale\" content=\"en_GB\" \/>\n<meta property=\"og:type\" content=\"article\" \/>\n<meta property=\"og:title\" content=\"Medik8 Advanced Day Ultimate Protect - Beauty pr\u00edstroje\" \/>\n<meta property=\"og:description\" content=\"Denn\u00fd anti-aging kr\u00e9m Advanced Day Ultimate Protect 50\u202fml s SPF\u202f50, PA++++, chr\u00e1ni pred UV, modr\u00fdm svetlom, zne\u010disten\u00edm a podporuje opravu DNA.\" \/>\n<meta property=\"og:url\" content=\"https:\/\/www.beautypristroje.sk\/en\/product\/advanced-day-ultimate-protect\/\" \/>\n<meta property=\"og:site_name\" content=\"Beauty pr\u00edstroje\" \/>\n<meta property=\"article:modified_time\" content=\"2025-12-10T08:46:16+00:00\" \/>\n<meta property=\"og:image\" content=\"https:\/\/www.beautypristroje.sk\/wp-content\/uploads\/2025\/05\/Copy-of-Advanced-Day-Ultimate-Protect-B-1024x1024.png\" \/>\n\t<meta property=\"og:image:width\" content=\"1024\" \/>\n\t<meta property=\"og:image:height\" content=\"1024\" \/>\n\t<meta property=\"og:image:type\" content=\"image\/png\" \/>\n<meta name=\"twitter:card\" content=\"summary_large_image\" \/>\n<meta name=\"twitter:label1\" content=\"Estimated reading time\" \/>\n\t<meta name=\"twitter:data1\" content=\"5 minutes\" \/>\n<script type=\"application\/ld+json\" class=\"yoast-schema-graph\">{\"@context\":\"https:\\\/\\\/schema.org\",\"@graph\":[{\"@type\":\"WebPage\",\"@id\":\"https:\\\/\\\/www.beautypristroje.sk\\\/produkt\\\/advanced-day-ultimate-protect\\\/\",\"url\":\"https:\\\/\\\/www.beautypristroje.sk\\\/produkt\\\/advanced-day-ultimate-protect\\\/\",\"name\":\"Medik8 Advanced Day Ultimate Protect - Beauty pr\u00edstroje\",\"isPartOf\":{\"@id\":\"https:\\\/\\\/www.beautypristroje.sk\\\/#website\"},\"primaryImageOfPage\":{\"@id\":\"https:\\\/\\\/www.beautypristroje.sk\\\/produkt\\\/advanced-day-ultimate-protect\\\/#primaryimage\"},\"image\":{\"@id\":\"https:\\\/\\\/www.beautypristroje.sk\\\/produkt\\\/advanced-day-ultimate-protect\\\/#primaryimage\"},\"thumbnailUrl\":\"https:\\\/\\\/www.beautypristroje.sk\\\/wp-content\\\/uploads\\\/2025\\\/05\\\/Copy-of-Advanced-Day-Ultimate-Protect-B.png\",\"datePublished\":\"2025-05-13T06:52:57+00:00\",\"dateModified\":\"2025-12-10T08:46:16+00:00\",\"description\":\"Denn\u00fd anti-aging kr\u00e9m Advanced Day Ultimate Protect 50\u202fml s SPF\u202f50, PA++++, chr\u00e1ni pred UV, modr\u00fdm svetlom, zne\u010disten\u00edm a podporuje opravu DNA.\",\"breadcrumb\":{\"@id\":\"https:\\\/\\\/www.beautypristroje.sk\\\/produkt\\\/advanced-day-ultimate-protect\\\/#breadcrumb\"},\"inLanguage\":\"en-GB\",\"potentialAction\":[{\"@type\":\"ReadAction\",\"target\":[\"https:\\\/\\\/www.beautypristroje.sk\\\/produkt\\\/advanced-day-ultimate-protect\\\/\"]}]},{\"@type\":\"ImageObject\",\"inLanguage\":\"en-GB\",\"@id\":\"https:\\\/\\\/www.beautypristroje.sk\\\/produkt\\\/advanced-day-ultimate-protect\\\/#primaryimage\",\"url\":\"https:\\\/\\\/www.beautypristroje.sk\\\/wp-content\\\/uploads\\\/2025\\\/05\\\/Copy-of-Advanced-Day-Ultimate-Protect-B.png\",\"contentUrl\":\"https:\\\/\\\/www.beautypristroje.sk\\\/wp-content\\\/uploads\\\/2025\\\/05\\\/Copy-of-Advanced-Day-Ultimate-Protect-B.png\",\"width\":2000,\"height\":2000,\"caption\":\"Advanced Day Ultimate Protect 50\u202fml \u2013 denn\u00fd anti-aging kr\u00e9m s SPF\u202f50, PA++++, ochranou pred UV, modr\u00fdm svetlom, zne\u010disten\u00edm a DNA opravou.\"},{\"@type\":\"BreadcrumbList\",\"@id\":\"https:\\\/\\\/www.beautypristroje.sk\\\/produkt\\\/advanced-day-ultimate-protect\\\/#breadcrumb\",\"itemListElement\":[{\"@type\":\"ListItem\",\"position\":1,\"name\":\"Domovsk\u00e1 str\u00e1nka\",\"item\":\"https:\\\/\\\/www.beautypristroje.sk\\\/\"},{\"@type\":\"ListItem\",\"position\":2,\"name\":\"Obchod\",\"item\":\"https:\\\/\\\/www.beautypristroje.sk\\\/obchod\\\/\"},{\"@type\":\"ListItem\",\"position\":3,\"name\":\"Medik8 Advanced Day Ultimate Protect\"}]},{\"@type\":\"WebSite\",\"@id\":\"https:\\\/\\\/www.beautypristroje.sk\\\/#website\",\"url\":\"https:\\\/\\\/www.beautypristroje.sk\\\/\",\"name\":\"Beauty pr\u00edstroje\",\"description\":\"Profesion\u00e1lne kozmetick\u00e9 pr\u00edstroje pre sal\u00f3ny a kliniky\",\"potentialAction\":[{\"@type\":\"SearchAction\",\"target\":{\"@type\":\"EntryPoint\",\"urlTemplate\":\"https:\\\/\\\/www.beautypristroje.sk\\\/?s={search_term_string}\"},\"query-input\":{\"@type\":\"PropertyValueSpecification\",\"valueRequired\":true,\"valueName\":\"search_term_string\"}}],\"inLanguage\":\"en-GB\"}]}<\/script>\n<!-- \/ Yoast SEO plugin. -->","yoast_head_json":{"title":"Medik8 Advanced Day Ultimate Protect - Beauty pr\u00edstroje","description":"Denn\u00fd anti-aging kr\u00e9m Advanced Day Ultimate Protect 50\u202fml s SPF\u202f50, PA++++, chr\u00e1ni pred UV, modr\u00fdm svetlom, zne\u010disten\u00edm a podporuje opravu DNA.","robots":{"index":"index","follow":"follow","max-snippet":"max-snippet:-1","max-image-preview":"max-image-preview:large","max-video-preview":"max-video-preview:-1"},"canonical":"https:\/\/www.beautypristroje.sk\/en\/product\/advanced-day-ultimate-protect\/","og_locale":"en_GB","og_type":"article","og_title":"Medik8 Advanced Day Ultimate Protect - Beauty pr\u00edstroje","og_description":"Denn\u00fd anti-aging kr\u00e9m Advanced Day Ultimate Protect 50\u202fml s SPF\u202f50, PA++++, chr\u00e1ni pred UV, modr\u00fdm svetlom, zne\u010disten\u00edm a podporuje opravu DNA.","og_url":"https:\/\/www.beautypristroje.sk\/en\/product\/advanced-day-ultimate-protect\/","og_site_name":"Beauty pr\u00edstroje","article_modified_time":"2025-12-10T08:46:16+00:00","og_image":[{"width":1024,"height":1024,"url":"https:\/\/www.beautypristroje.sk\/wp-content\/uploads\/2025\/05\/Copy-of-Advanced-Day-Ultimate-Protect-B-1024x1024.png","type":"image\/png"}],"twitter_card":"summary_large_image","twitter_misc":{"Estimated reading time":"5 minutes"},"schema":{"@context":"https:\/\/schema.org","@graph":[{"@type":"WebPage","@id":"https:\/\/www.beautypristroje.sk\/produkt\/advanced-day-ultimate-protect\/","url":"https:\/\/www.beautypristroje.sk\/produkt\/advanced-day-ultimate-protect\/","name":"Medik8 Advanced Day Ultimate Protect - Beauty pr\u00edstroje","isPartOf":{"@id":"https:\/\/www.beautypristroje.sk\/#website"},"primaryImageOfPage":{"@id":"https:\/\/www.beautypristroje.sk\/produkt\/advanced-day-ultimate-protect\/#primaryimage"},"image":{"@id":"https:\/\/www.beautypristroje.sk\/produkt\/advanced-day-ultimate-protect\/#primaryimage"},"thumbnailUrl":"https:\/\/www.beautypristroje.sk\/wp-content\/uploads\/2025\/05\/Copy-of-Advanced-Day-Ultimate-Protect-B.png","datePublished":"2025-05-13T06:52:57+00:00","dateModified":"2025-12-10T08:46:16+00:00","description":"Denn\u00fd anti-aging kr\u00e9m Advanced Day Ultimate Protect 50\u202fml s SPF\u202f50, PA++++, chr\u00e1ni pred UV, modr\u00fdm svetlom, zne\u010disten\u00edm a podporuje opravu DNA.","breadcrumb":{"@id":"https:\/\/www.beautypristroje.sk\/produkt\/advanced-day-ultimate-protect\/#breadcrumb"},"inLanguage":"en-GB","potentialAction":[{"@type":"ReadAction","target":["https:\/\/www.beautypristroje.sk\/produkt\/advanced-day-ultimate-protect\/"]}]},{"@type":"ImageObject","inLanguage":"en-GB","@id":"https:\/\/www.beautypristroje.sk\/produkt\/advanced-day-ultimate-protect\/#primaryimage","url":"https:\/\/www.beautypristroje.sk\/wp-content\/uploads\/2025\/05\/Copy-of-Advanced-Day-Ultimate-Protect-B.png","contentUrl":"https:\/\/www.beautypristroje.sk\/wp-content\/uploads\/2025\/05\/Copy-of-Advanced-Day-Ultimate-Protect-B.png","width":2000,"height":2000,"caption":"Advanced Day Ultimate Protect 50\u202fml \u2013 denn\u00fd anti-aging kr\u00e9m s SPF\u202f50, PA++++, ochranou pred UV, modr\u00fdm svetlom, zne\u010disten\u00edm a DNA opravou."},{"@type":"BreadcrumbList","@id":"https:\/\/www.beautypristroje.sk\/produkt\/advanced-day-ultimate-protect\/#breadcrumb","itemListElement":[{"@type":"ListItem","position":1,"name":"Domovsk\u00e1 str\u00e1nka","item":"https:\/\/www.beautypristroje.sk\/"},{"@type":"ListItem","position":2,"name":"Obchod","item":"https:\/\/www.beautypristroje.sk\/obchod\/"},{"@type":"ListItem","position":3,"name":"Medik8 Advanced Day Ultimate Protect"}]},{"@type":"WebSite","@id":"https:\/\/www.beautypristroje.sk\/#website","url":"https:\/\/www.beautypristroje.sk\/","name":"Beauty pr\u00edstroje","description":"Profesion\u00e1lne kozmetick\u00e9 pr\u00edstroje pre sal\u00f3ny a kliniky","potentialAction":[{"@type":"SearchAction","target":{"@type":"EntryPoint","urlTemplate":"https:\/\/www.beautypristroje.sk\/?s={search_term_string}"},"query-input":{"@type":"PropertyValueSpecification","valueRequired":true,"valueName":"search_term_string"}}],"inLanguage":"en-GB"}]}},"_links":{"self":[{"href":"https:\/\/www.beautypristroje.sk\/en\/wp-json\/wp\/v2\/product\/779","targetHints":{"allow":["GET"]}}],"collection":[{"href":"https:\/\/www.beautypristroje.sk\/en\/wp-json\/wp\/v2\/product"}],"about":[{"href":"https:\/\/www.beautypristroje.sk\/en\/wp-json\/wp\/v2\/types\/product"}],"replies":[{"embeddable":true,"href":"https:\/\/www.beautypristroje.sk\/en\/wp-json\/wp\/v2\/comments?post=779"}],"wp:featuredmedia":[{"embeddable":true,"href":"https:\/\/www.beautypristroje.sk\/en\/wp-json\/wp\/v2\/media\/781"}],"wp:attachment":[{"href":"https:\/\/www.beautypristroje.sk\/en\/wp-json\/wp\/v2\/media?parent=779"}],"wp:term":[{"taxonomy":"product_brand","embeddable":true,"href":"https:\/\/www.beautypristroje.sk\/en\/wp-json\/wp\/v2\/product_brand?post=779"},{"taxonomy":"product_cat","embeddable":true,"href":"https:\/\/www.beautypristroje.sk\/en\/wp-json\/wp\/v2\/product_cat?post=779"},{"taxonomy":"product_tag","embeddable":true,"href":"https:\/\/www.beautypristroje.sk\/en\/wp-json\/wp\/v2\/product_tag?post=779"}],"curies":[{"name":"wp","href":"https:\/\/api.w.org\/{rel}","templated":true}]}}