{"id":718,"date":"2025-04-07T15:52:03","date_gmt":"2025-04-07T13:52:03","guid":{"rendered":"https:\/\/www.beautypristroje.sk\/?post_type=product&#038;p=718"},"modified":"2025-12-10T09:46:16","modified_gmt":"2025-12-10T08:46:16","slug":"r-retinoate-eye-serum","status":"publish","type":"product","link":"https:\/\/www.beautypristroje.sk\/en\/product\/r-retinoate-eye-serum\/","title":{"rendered":"Medik8 r-Retinoate\u00ae Eye serum"},"content":{"rendered":"<p>Medik8 r-Retinoate Day &amp; Night Eye Serum v\u00fdrazne redukuje vzh\u013ead jemn\u00fdch liniek a vr\u00e1sok okolo o\u010d\u00ed.<\/p>\n<p>Toto luxusn\u00e9 o\u010dn\u00e9 s\u00e9rum obsahuje exkluz\u00edvny, enkapsulovan\u00fd retinyl retinoate od Medik8 \u2013 preuk\u00e1zate\u013ene 8x \u00fa\u010dinnej\u0161\u00ed ne\u017e be\u017en\u00fd retinol* v poskytovan\u00ed omladzuj\u00facich \u00fa\u010dinkov po cel\u00fd de\u0148 aj noc.<\/p>\n<p>Inovat\u00edvne zlo\u017eenie nielen vyhladzuje o\u010dn\u00e9 kont\u00fary, ale tie\u017e vidite\u013ene redukuje opuchy a tmav\u00e9 kruhy, pri\u010dom zost\u00e1va \u0161etrn\u00e9 k citlivej oblasti pod o\u010dami. V\u00fdsledkom je rozjasnen\u00e1, hlad\u0161ia a odd\u00fdchnut\u00e1 ple\u0165 okolo o\u010d\u00ed.<\/p>\n<p><em>*H. Kim et al., Synthesis and in vitro biological activity of retinyl retinoate, a novel hybrid retinoid derivative, Bioorganic &amp; Medicinal Chemistry, 2008, 15;16(12), pp 6387-93<\/em><\/p>\n<h3><strong>V\u00ddHODY<\/strong><\/h3>\n<div class=\"copy\">\n<div class=\"copy\">\n<div class=\"copy\">\n<h5>V\u00fdrazn\u00e1 redukcia vr\u00e1sok v o\u010dnom okol\u00ed<\/h5>\n<p>Vidite\u013ene zjem\u0148uje kont\u00fary o\u010d\u00ed a zlep\u0161uje text\u00faru pleti pre mladistvej\u0161\u00ed vzh\u013ead.<\/p>\n<h5>8\u00d7 silnej\u0161\u00ed ne\u017e retinol<\/h5>\n<\/div>\n<div class=\"copy\">\n<p>Exkluz\u00edvny enkapsulovan\u00fd retinyl retino\u00e1t od Medik8 je preuk\u00e1zate\u013ene jemn\u00fd, no a\u017e 8\u00d7 \u00fa\u010dinnej\u0161\u00ed ne\u017e \u0161tandardn\u00fd retinol* pri dosahovan\u00ed vidite\u013en\u00fdch v\u00fdsledkov.<\/p>\n<div class=\"metafield-rich_text_field\">\n<p><em>H. Kim et al., Synthesis and in vitro biological activity of retinyl retinoate, a novel hybrid retinoid derivative, Bioorganic &amp; Medicinal Chemistry, 2008, 15;16(12), pp 6387-93<\/em><\/p>\n<\/div>\n<h5>Multifunk\u010dn\u00fd \u00fa\u010dinok na o\u010dn\u00e9 kont\u00fary<\/h5>\n<\/div>\n<div class=\"copy\">\n<p>Optimalizovan\u00e9 na rie\u0161enie suchosti, opuchov a tmav\u00fdch kruhov pod o\u010dami, pri\u010dom je st\u00e1le \u0161etrn\u00e9 k citlivej poko\u017eke o\u010dn\u00e9ho okolia.<\/p>\n<h3><b>K\u013d\u00da\u010cOV\u00c9 ZLO\u017dKY<\/b><\/h3>\n<\/div>\n<\/div>\n<\/div>\n<h5><img decoding=\"async\" class=\"list-item-icon\" src=\"https:\/\/medik8.sk\/cdn\/shop\/files\/PDP_Key_Ingredients_Retinyl_Retinoate_Icon_ac163879-4e4c-4ecf-a00b-2b2047aeb56e.svg?v=1738240597&amp;width=50\" alt=\"Ingredient Icon 1\" width=\"50\" height=\"auto\" \/>Encapsulated Retinyl Retinoate<\/h5>\n<div class=\"copy\">\n<p>Patenty a exkluz\u00edvne pre Medik8, tento unik\u00e1tny vitam\u00edn A molekul je prielomov\u00fdm v\u00fdsledkom 8 rokov odborn\u00e9ho v\u00fdskumu. Retinyl retino\u00e1t je dok\u00e1zan\u00e9, \u017ee je 8x silnej\u0161\u00ed ne\u017e klasick\u00fd retinol* pri dosahovan\u00ed ohromuj\u00facich v\u00fdsledkov proti starnutiu.*H. Kim et al., Synt\u00e9za a in vitro biologick\u00e1 aktivita retinyl retino\u00e1tu, nov\u00fd hybridn\u00fd retinoid, Bioorganic &amp; Medicinal Chemistry, 2008, 15;16(12), str. 6387-93<\/p>\n<h5><img decoding=\"async\" class=\"list-item-icon\" src=\"https:\/\/medik8.sk\/cdn\/shop\/files\/PDP_Key_Ingredients_Hesperidin.svg?v=1738240623&amp;width=50\" alt=\"Ingredient Icon 2\" width=\"50\" height=\"auto\" \/>Hesperidin<\/h5>\n<\/div>\n<div class=\"copy\">\n<p>Prirodzene sa vyskytuj\u00faci v citrusov\u00fdch plodoch, hesperid\u00edn (vyslovuje sa hes-per-eye-din) zlep\u0161uje krvn\u00fd obeh, \u010d\u00edm pom\u00e1ha redukova\u0165 tmav\u00e9 kruhy a rozjas\u0148uje o\u010dn\u00e9 okolie.<\/p>\n<h5><img decoding=\"async\" class=\"list-item-icon\" src=\"https:\/\/medik8.sk\/cdn\/shop\/files\/PDP_Key_Ingredients_Caffeine.svg?v=1738240623&amp;width=50\" alt=\"Ingredient Icon 3\" width=\"50\" height=\"auto\" \/>Kofe\u00edn<\/h5>\n<\/div>\n<div class=\"copy\">\n<p>Pom\u00e1ha redukova\u0165 ve\u013ekos\u0165 krvn\u00fdch ciev, \u010d\u00edm zmier\u0148uje opuchy a unaven\u00fd vzh\u013ead o\u010dn\u00e9ho okolia.<\/p>\n<h5><img decoding=\"async\" class=\"list-item-icon\" src=\"https:\/\/medik8.sk\/cdn\/shop\/files\/PDP_Key_Ingredients_Multi-Weight_Hyaluronic_Acid_Molecule.svg?v=1738240597&amp;width=50\" alt=\"Ingredient Icon 4\" width=\"50\" height=\"auto\" \/>Multi-hmotnostn\u00e1 kyselina hyalur\u00f3nov\u00e1<\/h5>\n<\/div>\n<div class=\"copy\">\n<p>V\u00fdnimo\u010dn\u00e1 schopnos\u0165 pri\u0165ahova\u0165 a udr\u017eiava\u0165 viac ako 1 000-n\u00e1sobok svojej v\u00e1hy vo vode, kyselina hyalur\u00f3nov\u00e1 \u010derp\u00e1 vlhkos\u0165 z ni\u017e\u0161\u00edch vrstiev poko\u017eky do horn\u00fdch vrstiev. T\u00fdm zanech\u00e1va ple\u0165 vidite\u013ene vy\u017eiven\u00fa a pru\u017en\u00fa.<\/p>\n<h5><img decoding=\"async\" class=\"list-item-icon\" src=\"https:\/\/medik8.sk\/cdn\/shop\/files\/PDP_Key_Ingredients_Glycerin_Icon_fd4c1fd1-7d42-4922-8aa5-09a70c44d44b.svg?v=1738240597&amp;width=50\" alt=\"Ingredient Icon 5\" width=\"50\" height=\"auto\" \/>Glycerin<\/h5>\n<\/div>\n<div class=\"copy\">\n<p>Pr\u00edrodn\u00fd humektant, ktor\u00fd zachyt\u00e1va vlhkos\u0165 v poko\u017eke, \u010d\u00edm ju hydratuje a zanech\u00e1va pocit komfortu.<\/p>\n<\/div>\n<h3><strong>AKO POU\u017d\u00cdVA\u0164<\/strong><\/h3>\n<p>Po \u010disten\u00ed pleti r\u00e1no a\/alebo ve\u010der aplikujte <strong>Medik8 r-Retinoate Day &amp; Night Eye Serum <\/strong>okolo o\u010dn\u00e9ho okolia, vyhnite sa vie\u010dkam.<\/p>\n<h6>POZN\u00c1MKA<\/h6>\n<p>R\u00e1no po pou\u017eit\u00ed vitam\u00ednu A v\u017edy naneste ochrann\u00fd kr\u00e9m s SPF.<\/p>\n<h3><strong>OBSAH BALENIA<\/strong><\/h3>\n<p>Balenie s obsahom 15ml produktu<\/p>\n<h3><strong>ZLO\u017dENIE<\/strong><\/h3>\n<p>Aqua (Water), Caprylic\/Capric Triglyceride, Isododecane, Cetearyl Alcohol, Glycerin, Cetearyl Olivate, Sodium Acrylate\/Sodium Acryloyldimethyl Taurate Copolymer, Butylene Glycol, Polylactic Acid, 1,2-Hexanediol, Sorbitan Olivate, Squalane, Sodium Hyaluronate, Caffeine, Cholesteryl Nonanoate, Retinyl Retinoate, Hydrolyzed Glycosaminoglycans, Illicium Verum Fruit Extract, Tetrahexyldecyl Ascorbate, Tocopheryl Acetate, Caprylhydroxamic Acid, Canola Oil, Glucosyl Hesperidin, Scutellaria Baicalensis Root Extract, Disodium EDTA, Vanilla Planifolia (Vanilla) Fruit Extract, Citric Acid, Theobromine.<\/p>\n<p>*Aj ke\u010f sa sna\u017e\u00edme zaisti\u0165 presnos\u0165 tohto zoznamu zlo\u017eiek, niekedy m\u00f4\u017ee d\u00f4js\u0165 k vylep\u0161eniam produktu alebo k miernym rozdielom medzi r\u00f4znymi regi\u00f3nmi na z\u00e1klade miestnych z\u00e1konov. Jedin\u00fd definit\u00edvny zoznam zlo\u017eiek je preto ten, ktor\u00fd je vytla\u010den\u00fd na obale produktu.<\/p>","protected":false},"excerpt":{"rendered":"<p>15ml<\/p>\n<p>Omladzuj\u00face o\u010dn\u00e9 s\u00e9rum s patentovan\u00fdm vitam\u00ednom A<br \/>\nRetinyl retinoate, vitam\u00edn E, kyselina hyalur\u00f3nov\u00e1, kofe\u00edn, hesperid\u00edn<\/p>","protected":false},"featured_media":984,"comment_status":"open","ping_status":"closed","template":"","meta":{"_acf_changed":false},"product_brand":[77],"product_cat":[75,26],"product_tag":[],"class_list":{"0":"post-718","1":"product","2":"type-product","3":"status-publish","4":"has-post-thumbnail","6":"product_brand-medik8","7":"product_cat-kremy-a-sera","8":"product_cat-skincare-produkty","10":"first","11":"instock","12":"taxable","13":"shipping-taxable","14":"purchasable","15":"product-type-simple"},"acf":[],"yoast_head":"<!-- This site is optimized with the Yoast SEO plugin v27.5 - https:\/\/yoast.com\/product\/yoast-seo-wordpress\/ -->\n<title>Medik8 r-Retinoate\u00ae Eye serum - Beauty pr\u00edstroje<\/title>\n<meta name=\"description\" content=\"Medik8 r-Retinoate Day &amp; Night Eye Serum 15\u202fml s patentovan\u00fdm vitam\u00ednom\u202fA, Retinyl retinoate, vitam\u00ednom\u202fE a kyselinou hyalur\u00f3novou pre omladen\u00e9 a rozjasnen\u00e9 o\u010di.\" \/>\n<meta name=\"robots\" content=\"index, follow, max-snippet:-1, max-image-preview:large, max-video-preview:-1\" \/>\n<link rel=\"canonical\" href=\"https:\/\/www.beautypristroje.sk\/en\/product\/r-retinoate-eye-serum\/\" \/>\n<meta property=\"og:locale\" content=\"en_GB\" \/>\n<meta property=\"og:type\" content=\"article\" \/>\n<meta property=\"og:title\" content=\"Medik8 r-Retinoate\u00ae Eye serum - Beauty pr\u00edstroje\" \/>\n<meta property=\"og:description\" content=\"Medik8 r-Retinoate Day &amp; Night Eye Serum 15\u202fml s patentovan\u00fdm vitam\u00ednom\u202fA, Retinyl retinoate, vitam\u00ednom\u202fE a kyselinou hyalur\u00f3novou pre omladen\u00e9 a rozjasnen\u00e9 o\u010di.\" \/>\n<meta property=\"og:url\" content=\"https:\/\/www.beautypristroje.sk\/en\/product\/r-retinoate-eye-serum\/\" \/>\n<meta property=\"og:site_name\" content=\"Beauty pr\u00edstroje\" \/>\n<meta property=\"article:modified_time\" content=\"2025-12-10T08:46:16+00:00\" \/>\n<meta property=\"og:image\" content=\"https:\/\/www.beautypristroje.sk\/wp-content\/uploads\/2025\/04\/r-Retinoate\u00ae-Eye-serum.jpg\" \/>\n\t<meta property=\"og:image:width\" content=\"1102\" \/>\n\t<meta property=\"og:image:height\" content=\"1189\" \/>\n\t<meta property=\"og:image:type\" content=\"image\/jpeg\" \/>\n<meta name=\"twitter:card\" content=\"summary_large_image\" \/>\n<meta name=\"twitter:label1\" content=\"Estimated reading time\" \/>\n\t<meta name=\"twitter:data1\" content=\"4 minutes\" \/>\n<script type=\"application\/ld+json\" class=\"yoast-schema-graph\">{\"@context\":\"https:\\\/\\\/schema.org\",\"@graph\":[{\"@type\":\"WebPage\",\"@id\":\"https:\\\/\\\/www.beautypristroje.sk\\\/produkt\\\/r-retinoate-eye-serum\\\/\",\"url\":\"https:\\\/\\\/www.beautypristroje.sk\\\/produkt\\\/r-retinoate-eye-serum\\\/\",\"name\":\"Medik8 r-Retinoate\u00ae Eye serum - Beauty pr\u00edstroje\",\"isPartOf\":{\"@id\":\"https:\\\/\\\/www.beautypristroje.sk\\\/#website\"},\"primaryImageOfPage\":{\"@id\":\"https:\\\/\\\/www.beautypristroje.sk\\\/produkt\\\/r-retinoate-eye-serum\\\/#primaryimage\"},\"image\":{\"@id\":\"https:\\\/\\\/www.beautypristroje.sk\\\/produkt\\\/r-retinoate-eye-serum\\\/#primaryimage\"},\"thumbnailUrl\":\"https:\\\/\\\/www.beautypristroje.sk\\\/wp-content\\\/uploads\\\/2025\\\/04\\\/r-Retinoate\u00ae-Eye-serum.jpg\",\"datePublished\":\"2025-04-07T13:52:03+00:00\",\"dateModified\":\"2025-12-10T08:46:16+00:00\",\"description\":\"Medik8 r-Retinoate Day & Night Eye Serum 15\u202fml s patentovan\u00fdm vitam\u00ednom\u202fA, Retinyl retinoate, vitam\u00ednom\u202fE a kyselinou hyalur\u00f3novou pre omladen\u00e9 a rozjasnen\u00e9 o\u010di.\",\"breadcrumb\":{\"@id\":\"https:\\\/\\\/www.beautypristroje.sk\\\/produkt\\\/r-retinoate-eye-serum\\\/#breadcrumb\"},\"inLanguage\":\"en-GB\",\"potentialAction\":[{\"@type\":\"ReadAction\",\"target\":[\"https:\\\/\\\/www.beautypristroje.sk\\\/produkt\\\/r-retinoate-eye-serum\\\/\"]}]},{\"@type\":\"ImageObject\",\"inLanguage\":\"en-GB\",\"@id\":\"https:\\\/\\\/www.beautypristroje.sk\\\/produkt\\\/r-retinoate-eye-serum\\\/#primaryimage\",\"url\":\"https:\\\/\\\/www.beautypristroje.sk\\\/wp-content\\\/uploads\\\/2025\\\/04\\\/r-Retinoate\u00ae-Eye-serum.jpg\",\"contentUrl\":\"https:\\\/\\\/www.beautypristroje.sk\\\/wp-content\\\/uploads\\\/2025\\\/04\\\/r-Retinoate\u00ae-Eye-serum.jpg\",\"width\":1102,\"height\":1189,\"caption\":\"r-Retinoate\u00ae Eye Serum 15\u202fml \u2013 omladzuj\u00face o\u010dn\u00e9 s\u00e9rum s Retinyl retinoate, vitam\u00ednom\u202fE, kyselinou hyalur\u00f3novou, kofe\u00ednom a hesperid\u00ednom.\"},{\"@type\":\"BreadcrumbList\",\"@id\":\"https:\\\/\\\/www.beautypristroje.sk\\\/produkt\\\/r-retinoate-eye-serum\\\/#breadcrumb\",\"itemListElement\":[{\"@type\":\"ListItem\",\"position\":1,\"name\":\"Domovsk\u00e1 str\u00e1nka\",\"item\":\"https:\\\/\\\/www.beautypristroje.sk\\\/\"},{\"@type\":\"ListItem\",\"position\":2,\"name\":\"Obchod\",\"item\":\"https:\\\/\\\/www.beautypristroje.sk\\\/obchod\\\/\"},{\"@type\":\"ListItem\",\"position\":3,\"name\":\"Medik8 r-Retinoate\u00ae Eye serum\"}]},{\"@type\":\"WebSite\",\"@id\":\"https:\\\/\\\/www.beautypristroje.sk\\\/#website\",\"url\":\"https:\\\/\\\/www.beautypristroje.sk\\\/\",\"name\":\"Beauty pr\u00edstroje\",\"description\":\"Profesion\u00e1lne kozmetick\u00e9 pr\u00edstroje pre sal\u00f3ny a kliniky\",\"potentialAction\":[{\"@type\":\"SearchAction\",\"target\":{\"@type\":\"EntryPoint\",\"urlTemplate\":\"https:\\\/\\\/www.beautypristroje.sk\\\/?s={search_term_string}\"},\"query-input\":{\"@type\":\"PropertyValueSpecification\",\"valueRequired\":true,\"valueName\":\"search_term_string\"}}],\"inLanguage\":\"en-GB\"}]}<\/script>\n<!-- \/ Yoast SEO plugin. -->","yoast_head_json":{"title":"Medik8 r-Retinoate\u00ae Eye serum - Beauty pr\u00edstroje","description":"Medik8 r-Retinoate Day & Night Eye Serum 15\u202fml s patentovan\u00fdm vitam\u00ednom\u202fA, Retinyl retinoate, vitam\u00ednom\u202fE a kyselinou hyalur\u00f3novou pre omladen\u00e9 a rozjasnen\u00e9 o\u010di.","robots":{"index":"index","follow":"follow","max-snippet":"max-snippet:-1","max-image-preview":"max-image-preview:large","max-video-preview":"max-video-preview:-1"},"canonical":"https:\/\/www.beautypristroje.sk\/en\/product\/r-retinoate-eye-serum\/","og_locale":"en_GB","og_type":"article","og_title":"Medik8 r-Retinoate\u00ae Eye serum - Beauty pr\u00edstroje","og_description":"Medik8 r-Retinoate Day & Night Eye Serum 15\u202fml s patentovan\u00fdm vitam\u00ednom\u202fA, Retinyl retinoate, vitam\u00ednom\u202fE a kyselinou hyalur\u00f3novou pre omladen\u00e9 a rozjasnen\u00e9 o\u010di.","og_url":"https:\/\/www.beautypristroje.sk\/en\/product\/r-retinoate-eye-serum\/","og_site_name":"Beauty pr\u00edstroje","article_modified_time":"2025-12-10T08:46:16+00:00","og_image":[{"width":1102,"height":1189,"url":"https:\/\/www.beautypristroje.sk\/wp-content\/uploads\/2025\/04\/r-Retinoate\u00ae-Eye-serum.jpg","type":"image\/jpeg"}],"twitter_card":"summary_large_image","twitter_misc":{"Estimated reading time":"4 minutes"},"schema":{"@context":"https:\/\/schema.org","@graph":[{"@type":"WebPage","@id":"https:\/\/www.beautypristroje.sk\/produkt\/r-retinoate-eye-serum\/","url":"https:\/\/www.beautypristroje.sk\/produkt\/r-retinoate-eye-serum\/","name":"Medik8 r-Retinoate\u00ae Eye serum - Beauty pr\u00edstroje","isPartOf":{"@id":"https:\/\/www.beautypristroje.sk\/#website"},"primaryImageOfPage":{"@id":"https:\/\/www.beautypristroje.sk\/produkt\/r-retinoate-eye-serum\/#primaryimage"},"image":{"@id":"https:\/\/www.beautypristroje.sk\/produkt\/r-retinoate-eye-serum\/#primaryimage"},"thumbnailUrl":"https:\/\/www.beautypristroje.sk\/wp-content\/uploads\/2025\/04\/r-Retinoate\u00ae-Eye-serum.jpg","datePublished":"2025-04-07T13:52:03+00:00","dateModified":"2025-12-10T08:46:16+00:00","description":"Medik8 r-Retinoate Day & Night Eye Serum 15\u202fml s patentovan\u00fdm vitam\u00ednom\u202fA, Retinyl retinoate, vitam\u00ednom\u202fE a kyselinou hyalur\u00f3novou pre omladen\u00e9 a rozjasnen\u00e9 o\u010di.","breadcrumb":{"@id":"https:\/\/www.beautypristroje.sk\/produkt\/r-retinoate-eye-serum\/#breadcrumb"},"inLanguage":"en-GB","potentialAction":[{"@type":"ReadAction","target":["https:\/\/www.beautypristroje.sk\/produkt\/r-retinoate-eye-serum\/"]}]},{"@type":"ImageObject","inLanguage":"en-GB","@id":"https:\/\/www.beautypristroje.sk\/produkt\/r-retinoate-eye-serum\/#primaryimage","url":"https:\/\/www.beautypristroje.sk\/wp-content\/uploads\/2025\/04\/r-Retinoate\u00ae-Eye-serum.jpg","contentUrl":"https:\/\/www.beautypristroje.sk\/wp-content\/uploads\/2025\/04\/r-Retinoate\u00ae-Eye-serum.jpg","width":1102,"height":1189,"caption":"r-Retinoate\u00ae Eye Serum 15\u202fml \u2013 omladzuj\u00face o\u010dn\u00e9 s\u00e9rum s Retinyl retinoate, vitam\u00ednom\u202fE, kyselinou hyalur\u00f3novou, kofe\u00ednom a hesperid\u00ednom."},{"@type":"BreadcrumbList","@id":"https:\/\/www.beautypristroje.sk\/produkt\/r-retinoate-eye-serum\/#breadcrumb","itemListElement":[{"@type":"ListItem","position":1,"name":"Domovsk\u00e1 str\u00e1nka","item":"https:\/\/www.beautypristroje.sk\/"},{"@type":"ListItem","position":2,"name":"Obchod","item":"https:\/\/www.beautypristroje.sk\/obchod\/"},{"@type":"ListItem","position":3,"name":"Medik8 r-Retinoate\u00ae Eye serum"}]},{"@type":"WebSite","@id":"https:\/\/www.beautypristroje.sk\/#website","url":"https:\/\/www.beautypristroje.sk\/","name":"Beauty pr\u00edstroje","description":"Profesion\u00e1lne kozmetick\u00e9 pr\u00edstroje pre sal\u00f3ny a kliniky","potentialAction":[{"@type":"SearchAction","target":{"@type":"EntryPoint","urlTemplate":"https:\/\/www.beautypristroje.sk\/?s={search_term_string}"},"query-input":{"@type":"PropertyValueSpecification","valueRequired":true,"valueName":"search_term_string"}}],"inLanguage":"en-GB"}]}},"_links":{"self":[{"href":"https:\/\/www.beautypristroje.sk\/en\/wp-json\/wp\/v2\/product\/718","targetHints":{"allow":["GET"]}}],"collection":[{"href":"https:\/\/www.beautypristroje.sk\/en\/wp-json\/wp\/v2\/product"}],"about":[{"href":"https:\/\/www.beautypristroje.sk\/en\/wp-json\/wp\/v2\/types\/product"}],"replies":[{"embeddable":true,"href":"https:\/\/www.beautypristroje.sk\/en\/wp-json\/wp\/v2\/comments?post=718"}],"wp:featuredmedia":[{"embeddable":true,"href":"https:\/\/www.beautypristroje.sk\/en\/wp-json\/wp\/v2\/media\/984"}],"wp:attachment":[{"href":"https:\/\/www.beautypristroje.sk\/en\/wp-json\/wp\/v2\/media?parent=718"}],"wp:term":[{"taxonomy":"product_brand","embeddable":true,"href":"https:\/\/www.beautypristroje.sk\/en\/wp-json\/wp\/v2\/product_brand?post=718"},{"taxonomy":"product_cat","embeddable":true,"href":"https:\/\/www.beautypristroje.sk\/en\/wp-json\/wp\/v2\/product_cat?post=718"},{"taxonomy":"product_tag","embeddable":true,"href":"https:\/\/www.beautypristroje.sk\/en\/wp-json\/wp\/v2\/product_tag?post=718"}],"curies":[{"name":"wp","href":"https:\/\/api.w.org\/{rel}","templated":true}]}}