{"id":717,"date":"2025-04-07T15:48:38","date_gmt":"2025-04-07T13:48:38","guid":{"rendered":"https:\/\/www.beautypristroje.sk\/?post_type=product&#038;p=717"},"modified":"2025-12-10T09:46:16","modified_gmt":"2025-12-10T08:46:16","slug":"crystal-retinal-ceramide-eye-10","status":"publish","type":"product","link":"https:\/\/www.beautypristroje.sk\/en\/product\/crystal-retinal-ceramide-eye-10\/","title":{"rendered":"Medik8 Crystal Retinal Ceramide Eye 10"},"content":{"rendered":"<p>Prebu\u010fte sa do mladistvej\u0161ieho vzh\u013eadu oblasti o\u010d\u00ed s menej jemn\u00fdmi vr\u00e1skami, zredukovan\u00fdmi opuchmi a vidite\u013ene rozjasnen\u00fdmi tmav\u00fdmi kruhmi pomocou Medik8 Ceramide Eye 10<\/p>\n<p>Medik8 Ceramide Eye 10 je prv\u00fd svetovo a klinicky preuk\u00e1zan\u00fd no\u010dn\u00fd o\u010dn\u00fd kr\u00e9m obsahuje nov\u00fa gener\u00e1ciu retinAL (nie retinol), ktor\u00fd funguje 11-kr\u00e1t r\u00fdchlej\u0161ie ako be\u017en\u00fd retinol* a poskytuje ohromuj\u00face vidite\u013en\u00e9 v\u00fdsledky u\u017e po 1 pou\u017eit\u00ed.** Siln\u00e9 v\u00fdsledky bez podr\u00e1\u017edenia jemnej oblasti okolo o\u010d\u00ed.<\/p>\n<p>Odpor\u00fa\u010dan\u00fd dermatol\u00f3gmi po celom svete, Crystal Retinal Ceramide Eye je dostupn\u00fd v 3 postupn\u00fdch sil\u00e1ch (ktor\u00e9 nadv\u00e4zuj\u00fa na na\u0161u ikonick\u00fa radu Crystal Retinal pre tv\u00e1r), tak\u017ee m\u00f4\u017eete na\u010falej za\u017e\u00edva\u0165 st\u00e1le lep\u0161ie v\u00fdsledky.<\/p>\n<p><em>*G. Siegenthaler et al., Retinol and retinal metabolism, Biochemical Journal, 1990, 268, s. 371-378<\/em><br \/>\n<em>**Preuk\u00e1zan\u00e9 nez\u00e1visl\u00fdm klinick\u00fdm v\u00fdskumom na produkte Crystal Retinal Ceramide Eye 6, ktor\u00fd prebiehal po dobu 12 t\u00fd\u017ed\u0148ov na 32 \u00fa\u010dastn\u00edkoch<\/em><\/p>\n<h3><strong>V\u00ddHODY<\/strong><\/h3>\n<div class=\"copy\">\n<div class=\"copy\">\n<div class=\"copy\">\n<h5>Menej vr\u00e1sok u\u017e po jednom pou\u017eit\u00ed<\/h5>\n<p>94 % \u00fa\u010dastn\u00edkov preuk\u00e1zalo klinick\u00e9 zlep\u0161enie vzh\u013eadu vr\u00e1sok v o\u010dnom okol\u00ed u\u017e po jednom pou\u017eit\u00ed.**<\/p>\n<div class=\"metafield-rich_text_field\">Nez\u00e1visl\u00e1 klinick\u00e1 \u0161t\u00fadia na Crystal Retinal Ceramide Eye 6, vykonan\u00e1 po\u010das 12 t\u00fd\u017ed\u0148ov na 32 \u00fa\u010dastn\u00edkoch<\/div>\n<h5>Klinick\u00e1 sila bez podr\u00e1\u017edenia<\/h5>\n<\/div>\n<div class=\"copy\">\n<p>D\u00f4kladne stabilizovan\u00e1 a optimalizovan\u00e1 recept\u00fara prin\u00e1\u0161a klinick\u00fa silu proti starnutiu s jemn\u00fdm a vy\u017eivuj\u00facim \u00fa\u010dinkom na citliv\u00fa oblas\u0165 o\u010d\u00ed.<\/p>\n<h5>Jasnej\u0161ie, hlad\u0161ie a svie\u017eej\u0161ie o\u010dn\u00e9 okolie<\/h5>\n<\/div>\n<div class=\"copy\">\n<p>Preuk\u00e1zan\u00e9, \u017ee vidite\u013ene vyhladzuje, vyp\u00edna a rozjas\u0148uje o\u010dn\u00e9 okolie u\u017e cez noc,* a klinicky potvrden\u00e9, \u017ee redukuje opuchy u\u017e po jednom pou\u017eit\u00ed.**<\/p>\n<div class=\"metafield-rich_text_field\">*Nez\u00e1visl\u00e1 spotrebite\u013esk\u00e1 \u0161t\u00fadia na Crystal Retinal Ceramide Eye 3, vykonan\u00e1 po\u010das 6 t\u00fd\u017ed\u0148ov na 50 \u00fa\u010dastn\u00edkoch<em>Nez\u00e1visl\u00e1 klinick\u00e1 \u0161t\u00fadia na Crystal Retinal Ceramide Eye 6, vykonan\u00e1 po\u010das 12 t\u00fd\u017ed\u0148ov na 32 \u00fa\u010dastn\u00edkoch<\/em><\/div>\n<h5>Vidite\u013en\u00e9 v\u00fdsledky a\u017e do poslednej kvapky<\/h5>\n<\/div>\n<div class=\"copy\">\n<p>Zabezpe\u010duje vidite\u013en\u00e9 v\u00fdsledky od prvej a\u017e po posledn\u00fa kvapku v\u010faka jedine\u010dn\u00e9mu patentovan\u00e9mu stabiliza\u010dn\u00e9mu komplexu Medik8.<\/p>\n<h5>Prisp\u00f4sobte si rutinu s tromi silami<\/h5>\n<\/div>\n<div class=\"copy\">\n<p>Vyberte si z troch progres\u00edvnych \u00farovn\u00ed retinalu, prisp\u00f4soben\u00fdch pre za\u010diato\u010dn\u00edkov aj pokro\u010dil\u00fdch u\u017e\u00edvate\u013eov. Starostlivo optimalizovan\u00fd na bezpe\u010dn\u00e9 pou\u017eitie aj v oblasti o\u010dn\u00e9ho okolia.<\/p>\n<h3><b>K\u013d\u00da\u010cOV\u00c9 ZLO\u017dKY<\/b><\/h3>\n<\/div>\n<\/div>\n<\/div>\n<h5><img decoding=\"async\" class=\"list-item-icon\" src=\"https:\/\/medik8.sk\/cdn\/shop\/files\/PDP_Key_Ingredients_Twin_Encapsulated_Retinaldehyde_74aa83e4-3bc9-424e-b9aa-a385ced7a931.svg?v=1738240623&amp;width=50\" alt=\"Ingredient Icon 1\" width=\"50\" height=\"auto\" \/>Twin-Encapsulated Retinaldehyde<\/h5>\n<div class=\"copy\">\n<p>Retinaldehyd (skr\u00e1tene retinal) je revolu\u010dn\u00e1 forma vitam\u00ednu A, ktor\u00e1 preuk\u00e1zate\u013ene p\u00f4sob\u00ed a\u017e 11-kr\u00e1t r\u00fdchlej\u0161ie ako be\u017en\u00fd retinol.* Cieli na jemn\u00e9 linky, vr\u00e1sky, hyperpigment\u00e1ciu, nerovnomern\u00fa text\u00faru pleti a stratu pevnosti. Medik8 vyu\u017e\u00edva unik\u00e1tnu dvojit\u00fa zapuzdrovaciu technol\u00f3giu, ktor\u00e1 zabezpe\u010duje postupn\u00e9 uvo\u013e\u0148ovanie retinalu pre vyv\u00e1\u017een\u00fd \u00fa\u010dinok a jemnos\u0165 na citliv\u00e9 o\u010dn\u00e9 okolie.<\/p>\n<div class=\"metafield-rich_text_field\">\n<p>*G. Siegenthaler et al., Retinol and retinal metabolism, Biochemical Journal, 1990, 268, pp 371-378<\/p>\n<h5><img decoding=\"async\" class=\"list-item-icon\" src=\"https:\/\/medik8.sk\/cdn\/shop\/files\/PDP_Key_Ingredients_Ceramides.svg?v=1738240623&amp;width=50\" alt=\"Ingredient Icon 2\" width=\"50\" height=\"auto\" \/>Ceramidy<\/h5>\n<\/div>\n<\/div>\n<div class=\"copy\">\n<p>Pr\u00edrodne sa vyskytuj\u00face v ko\u017enej bari\u00e9re, ceramidy napodob\u0148uj\u00fa prirodzen\u00fa lipidov\u00fa bari\u00e9ru, \u010d\u00edm intenz\u00edvne dop\u013a\u0148aj\u00fa a vy\u017eivuj\u00fa ple\u0165.<\/p>\n<h5><img decoding=\"async\" class=\"list-item-icon\" src=\"https:\/\/medik8.sk\/cdn\/shop\/files\/PDP_Key_Ingredients_Hyaluronic_Acid_Filling_Sphere.svg?v=1738240623&amp;width=50\" alt=\"Ingredient Icon 3\" width=\"50\" height=\"auto\" \/>Hyalur\u00f3nov\u00e9 v\u00fdpl\u0148ov\u00e9 sf\u00e9ry<\/h5>\n<\/div>\n<div class=\"copy\">\n<p>Inovat\u00edvna forma kyseliny hyalur\u00f3novej, ktor\u00e1 vypl\u0148uje a vyhladzuje jemn\u00e9 linky a vr\u00e1sky, pri\u010dom sa roz\u0161iruje v ich h\u013abke, \u010d\u00edm poskytuje vidite\u013en\u00fd efekt pln\u0161ej poko\u017eky.<\/p>\n<h5><img decoding=\"async\" class=\"list-item-icon\" src=\"https:\/\/medik8.sk\/cdn\/shop\/files\/PDP_Key_Ingredients_Chamomile.svg?v=1738240623&amp;width=50\" alt=\"Ingredient Icon 4\" width=\"50\" height=\"auto\" \/>Extrakt z harman\u010deka<\/h5>\n<\/div>\n<div class=\"copy\">\n<p>Zn\u00e1m\u00fd aj ako bisabolol, je pr\u00edrodn\u00fd antioxidant s protiz\u00e1palov\u00fdmi vlastnos\u0165ami, ktor\u00fd pom\u00e1ha upokoji\u0165 a zmierni\u0165 podr\u00e1\u017edenie citlivej poko\u017eky.<\/p>\n<\/div>\n<h3><strong>AKO POU\u017d\u00cdVA\u0164<\/strong><\/h3>\n<p>Po ve\u010dernom \u010disten\u00ed naneste\u00a0<em>Crystal Retinal Ceramide Eye<\/em>\u00a0okolo o\u010dn\u00e9ho okolia \u2013 vyhnite sa vie\u010dkam.<\/p>\n<h6><strong>POZN\u00c1MKA<\/strong><\/h6>\n<p>Aplik\u00e1ciu je potrebn\u00e9 zav\u00e1dza\u0165 postupne. Pou\u017e\u00edvajte dvakr\u00e1t t\u00fd\u017edenne po\u010das prv\u00fdch 2 t\u00fd\u017ed\u0148ov. N\u00e1sledne ka\u017ed\u00fd druh\u00fd ve\u010der po\u010das \u010fal\u0161\u00edch 2 t\u00fd\u017ed\u0148ov. Potom m\u00f4\u017eete aplikova\u0165 ka\u017ed\u00fa noc. Po\u010das pou\u017e\u00edvania vitam\u00ednu A je nevyhnutn\u00e9 r\u00e1no aplikova\u0165 opa\u013eovac\u00ed kr\u00e9m.<\/p>\n<h3><strong>OBSAH BALENIA<\/strong><\/h3>\n<p>Balenie s obsahom 15ml produktu<\/p>\n<h3><strong>ZLO\u017dENIE<\/strong><\/h3>\n<p>Aqua (Water), Caprylic\/Capric Triglyceride, Butyrospermum Parkii (Shea) Butter, Propanediol, Arachidyl Alcohol, Cetearyl Isononanoate, Glycerin, Isododecane, Squalane, Ethylhexyl Palmitate, Behenyl Alcohol, Cetearyl Alcohol, Glyceryl Stearate, Microcrystalline Cellulose, PPG-12\/SMDI Copolymer, Tocopheryl Acetate, Cyclodextrin, Phytosterols, Phenoxyethanol, Arachidyl Glucoside, Dimethicone, Sodium Acrylates Copolymer, Tocopherol, Linoleic Acid, Pandanus Conoideus Fruit Oil, Ceramide NP, Bisabolol, Hydroxyacetophenone, Sodium Stearoyl Glutamate, Cellulose, Helianthus Annuus (Sunflower) Seed Oil, Lecithin, Sodium Hyaluronate, Retinal, Pentaerythrityl Tetra-Di-T-Butyl Hydroxyhydrocinnamate, Lonicera Japonica (Honeysuckle) Flower Extract, Daucus Carota Sativa (Carrot) Seed Oil, Lonicera Caprifolium (Honeysuckle) Flower Extract, Sodium Polyaspartate, Xanthan Gum, Disodium EDTA, Rubus Chamaemorus (Cloudberry) Seed Oil, Ethylhexylglycerin, BHT, Pentylene Glycol, Sodium Hydroxide, Trihydroxystearin<\/p>\n<p>*Aj ke\u010f sa sna\u017e\u00edme zaisti\u0165 presnos\u0165 tohto zoznamu zlo\u017eiek, niekedy m\u00f4\u017ee d\u00f4js\u0165 k vylep\u0161eniam produktu alebo k miernym rozdielom medzi r\u00f4znymi regi\u00f3nmi na z\u00e1klade miestnych z\u00e1konov. Jedin\u00fd definit\u00edvny zoznam zlo\u017eiek je preto ten, ktor\u00fd je vytla\u010den\u00fd na obale produktu.<\/p>","protected":false},"excerpt":{"rendered":"<p>15ml<\/p>\n<p>0,10 % retinalovy\u0301 o\u010dn\u00fd kr\u00e9m s ceramidmi<br \/>\nDvojit\u00e9 zapuzdrenie, v\u00fdpl\u0148ov\u00e9 gu\u013e\u00f4\u010dky kyseliny hyalur\u00f3novej, extrakt z harman\u010deka<\/p>","protected":false},"featured_media":983,"comment_status":"open","ping_status":"closed","template":"","meta":{"_acf_changed":false},"product_brand":[77],"product_cat":[75,26],"product_tag":[],"class_list":{"0":"post-717","1":"product","2":"type-product","3":"status-publish","4":"has-post-thumbnail","6":"product_brand-medik8","7":"product_cat-kremy-a-sera","8":"product_cat-skincare-produkty","10":"first","11":"instock","12":"taxable","13":"shipping-taxable","14":"purchasable","15":"product-type-simple"},"acf":[],"yoast_head":"<!-- This site is optimized with the Yoast SEO plugin v27.5 - https:\/\/yoast.com\/product\/yoast-seo-wordpress\/ -->\n<title>Medik8 Crystal Retinal Ceramide Eye 10 - Beauty pr\u00edstroje<\/title>\n<meta name=\"description\" content=\"Crystal Retinal Ceramide Eye 10, 15\u202fml \u2013 retinalov\u00fd o\u010dn\u00fd kr\u00e9m s ceramidmi, hyalur\u00f3nom a harman\u010dekom pre hydrat\u00e1ciu a vyhladenie jemn\u00fdch vr\u00e1sok.\" \/>\n<meta name=\"robots\" content=\"index, follow, max-snippet:-1, max-image-preview:large, max-video-preview:-1\" \/>\n<link rel=\"canonical\" href=\"https:\/\/www.beautypristroje.sk\/en\/product\/crystal-retinal-ceramide-eye-10\/\" \/>\n<meta property=\"og:locale\" content=\"en_GB\" \/>\n<meta property=\"og:type\" content=\"article\" \/>\n<meta property=\"og:title\" content=\"Medik8 Crystal Retinal Ceramide Eye 10 - Beauty pr\u00edstroje\" \/>\n<meta property=\"og:description\" content=\"Crystal Retinal Ceramide Eye 10, 15\u202fml \u2013 retinalov\u00fd o\u010dn\u00fd kr\u00e9m s ceramidmi, hyalur\u00f3nom a harman\u010dekom pre hydrat\u00e1ciu a vyhladenie jemn\u00fdch vr\u00e1sok.\" \/>\n<meta property=\"og:url\" content=\"https:\/\/www.beautypristroje.sk\/en\/product\/crystal-retinal-ceramide-eye-10\/\" \/>\n<meta property=\"og:site_name\" content=\"Beauty pr\u00edstroje\" \/>\n<meta property=\"article:modified_time\" content=\"2025-12-10T08:46:16+00:00\" \/>\n<meta property=\"og:image\" content=\"https:\/\/www.beautypristroje.sk\/wp-content\/uploads\/2025\/04\/20230922-PDP-Asset-6-Crystal-Retinal-Ceramide-Eye-Strength-10-Product-and-Carton-ROW-1.jpg\" \/>\n\t<meta property=\"og:image:width\" content=\"2000\" \/>\n\t<meta property=\"og:image:height\" content=\"2000\" \/>\n\t<meta property=\"og:image:type\" content=\"image\/jpeg\" \/>\n<meta name=\"twitter:card\" content=\"summary_large_image\" \/>\n<meta name=\"twitter:label1\" content=\"Estimated reading time\" \/>\n\t<meta name=\"twitter:data1\" content=\"5 minutes\" \/>\n<script type=\"application\/ld+json\" class=\"yoast-schema-graph\">{\"@context\":\"https:\\\/\\\/schema.org\",\"@graph\":[{\"@type\":\"WebPage\",\"@id\":\"https:\\\/\\\/www.beautypristroje.sk\\\/produkt\\\/crystal-retinal-ceramide-eye-10\\\/\",\"url\":\"https:\\\/\\\/www.beautypristroje.sk\\\/produkt\\\/crystal-retinal-ceramide-eye-10\\\/\",\"name\":\"Medik8 Crystal Retinal Ceramide Eye 10 - Beauty pr\u00edstroje\",\"isPartOf\":{\"@id\":\"https:\\\/\\\/www.beautypristroje.sk\\\/#website\"},\"primaryImageOfPage\":{\"@id\":\"https:\\\/\\\/www.beautypristroje.sk\\\/produkt\\\/crystal-retinal-ceramide-eye-10\\\/#primaryimage\"},\"image\":{\"@id\":\"https:\\\/\\\/www.beautypristroje.sk\\\/produkt\\\/crystal-retinal-ceramide-eye-10\\\/#primaryimage\"},\"thumbnailUrl\":\"https:\\\/\\\/www.beautypristroje.sk\\\/wp-content\\\/uploads\\\/2025\\\/04\\\/20230922-PDP-Asset-6-Crystal-Retinal-Ceramide-Eye-Strength-10-Product-and-Carton-ROW-1.jpg\",\"datePublished\":\"2025-04-07T13:48:38+00:00\",\"dateModified\":\"2025-12-10T08:46:16+00:00\",\"description\":\"Crystal Retinal Ceramide Eye 10, 15\u202fml \u2013 retinalov\u00fd o\u010dn\u00fd kr\u00e9m s ceramidmi, hyalur\u00f3nom a harman\u010dekom pre hydrat\u00e1ciu a vyhladenie jemn\u00fdch vr\u00e1sok.\",\"breadcrumb\":{\"@id\":\"https:\\\/\\\/www.beautypristroje.sk\\\/produkt\\\/crystal-retinal-ceramide-eye-10\\\/#breadcrumb\"},\"inLanguage\":\"en-GB\",\"potentialAction\":[{\"@type\":\"ReadAction\",\"target\":[\"https:\\\/\\\/www.beautypristroje.sk\\\/produkt\\\/crystal-retinal-ceramide-eye-10\\\/\"]}]},{\"@type\":\"ImageObject\",\"inLanguage\":\"en-GB\",\"@id\":\"https:\\\/\\\/www.beautypristroje.sk\\\/produkt\\\/crystal-retinal-ceramide-eye-10\\\/#primaryimage\",\"url\":\"https:\\\/\\\/www.beautypristroje.sk\\\/wp-content\\\/uploads\\\/2025\\\/04\\\/20230922-PDP-Asset-6-Crystal-Retinal-Ceramide-Eye-Strength-10-Product-and-Carton-ROW-1.jpg\",\"contentUrl\":\"https:\\\/\\\/www.beautypristroje.sk\\\/wp-content\\\/uploads\\\/2025\\\/04\\\/20230922-PDP-Asset-6-Crystal-Retinal-Ceramide-Eye-Strength-10-Product-and-Carton-ROW-1.jpg\",\"width\":2000,\"height\":2000,\"caption\":\"Crystal Retinal Ceramide Eye 10 \u2013 o\u010dn\u00fd kr\u00e9m 15\u202fml s 0,10\u202f% retinalom, ceramidmi, dvojit\u00fdm zapuzdren\u00edm, gu\u013e\u00f4\u010dkami kyseliny hyalur\u00f3novej a extraktom z harman\u010deka.\"},{\"@type\":\"BreadcrumbList\",\"@id\":\"https:\\\/\\\/www.beautypristroje.sk\\\/produkt\\\/crystal-retinal-ceramide-eye-10\\\/#breadcrumb\",\"itemListElement\":[{\"@type\":\"ListItem\",\"position\":1,\"name\":\"Domovsk\u00e1 str\u00e1nka\",\"item\":\"https:\\\/\\\/www.beautypristroje.sk\\\/\"},{\"@type\":\"ListItem\",\"position\":2,\"name\":\"Obchod\",\"item\":\"https:\\\/\\\/www.beautypristroje.sk\\\/obchod\\\/\"},{\"@type\":\"ListItem\",\"position\":3,\"name\":\"Medik8 Crystal Retinal Ceramide Eye 10\"}]},{\"@type\":\"WebSite\",\"@id\":\"https:\\\/\\\/www.beautypristroje.sk\\\/#website\",\"url\":\"https:\\\/\\\/www.beautypristroje.sk\\\/\",\"name\":\"Beauty pr\u00edstroje\",\"description\":\"Profesion\u00e1lne kozmetick\u00e9 pr\u00edstroje pre sal\u00f3ny a kliniky\",\"potentialAction\":[{\"@type\":\"SearchAction\",\"target\":{\"@type\":\"EntryPoint\",\"urlTemplate\":\"https:\\\/\\\/www.beautypristroje.sk\\\/?s={search_term_string}\"},\"query-input\":{\"@type\":\"PropertyValueSpecification\",\"valueRequired\":true,\"valueName\":\"search_term_string\"}}],\"inLanguage\":\"en-GB\"}]}<\/script>\n<!-- \/ Yoast SEO plugin. -->","yoast_head_json":{"title":"Medik8 Crystal Retinal Ceramide Eye 10 - Beauty pr\u00edstroje","description":"Crystal Retinal Ceramide Eye 10, 15\u202fml \u2013 retinalov\u00fd o\u010dn\u00fd kr\u00e9m s ceramidmi, hyalur\u00f3nom a harman\u010dekom pre hydrat\u00e1ciu a vyhladenie jemn\u00fdch vr\u00e1sok.","robots":{"index":"index","follow":"follow","max-snippet":"max-snippet:-1","max-image-preview":"max-image-preview:large","max-video-preview":"max-video-preview:-1"},"canonical":"https:\/\/www.beautypristroje.sk\/en\/product\/crystal-retinal-ceramide-eye-10\/","og_locale":"en_GB","og_type":"article","og_title":"Medik8 Crystal Retinal Ceramide Eye 10 - Beauty pr\u00edstroje","og_description":"Crystal Retinal Ceramide Eye 10, 15\u202fml \u2013 retinalov\u00fd o\u010dn\u00fd kr\u00e9m s ceramidmi, hyalur\u00f3nom a harman\u010dekom pre hydrat\u00e1ciu a vyhladenie jemn\u00fdch vr\u00e1sok.","og_url":"https:\/\/www.beautypristroje.sk\/en\/product\/crystal-retinal-ceramide-eye-10\/","og_site_name":"Beauty pr\u00edstroje","article_modified_time":"2025-12-10T08:46:16+00:00","og_image":[{"width":2000,"height":2000,"url":"https:\/\/www.beautypristroje.sk\/wp-content\/uploads\/2025\/04\/20230922-PDP-Asset-6-Crystal-Retinal-Ceramide-Eye-Strength-10-Product-and-Carton-ROW-1.jpg","type":"image\/jpeg"}],"twitter_card":"summary_large_image","twitter_misc":{"Estimated reading time":"5 minutes"},"schema":{"@context":"https:\/\/schema.org","@graph":[{"@type":"WebPage","@id":"https:\/\/www.beautypristroje.sk\/produkt\/crystal-retinal-ceramide-eye-10\/","url":"https:\/\/www.beautypristroje.sk\/produkt\/crystal-retinal-ceramide-eye-10\/","name":"Medik8 Crystal Retinal Ceramide Eye 10 - Beauty pr\u00edstroje","isPartOf":{"@id":"https:\/\/www.beautypristroje.sk\/#website"},"primaryImageOfPage":{"@id":"https:\/\/www.beautypristroje.sk\/produkt\/crystal-retinal-ceramide-eye-10\/#primaryimage"},"image":{"@id":"https:\/\/www.beautypristroje.sk\/produkt\/crystal-retinal-ceramide-eye-10\/#primaryimage"},"thumbnailUrl":"https:\/\/www.beautypristroje.sk\/wp-content\/uploads\/2025\/04\/20230922-PDP-Asset-6-Crystal-Retinal-Ceramide-Eye-Strength-10-Product-and-Carton-ROW-1.jpg","datePublished":"2025-04-07T13:48:38+00:00","dateModified":"2025-12-10T08:46:16+00:00","description":"Crystal Retinal Ceramide Eye 10, 15\u202fml \u2013 retinalov\u00fd o\u010dn\u00fd kr\u00e9m s ceramidmi, hyalur\u00f3nom a harman\u010dekom pre hydrat\u00e1ciu a vyhladenie jemn\u00fdch vr\u00e1sok.","breadcrumb":{"@id":"https:\/\/www.beautypristroje.sk\/produkt\/crystal-retinal-ceramide-eye-10\/#breadcrumb"},"inLanguage":"en-GB","potentialAction":[{"@type":"ReadAction","target":["https:\/\/www.beautypristroje.sk\/produkt\/crystal-retinal-ceramide-eye-10\/"]}]},{"@type":"ImageObject","inLanguage":"en-GB","@id":"https:\/\/www.beautypristroje.sk\/produkt\/crystal-retinal-ceramide-eye-10\/#primaryimage","url":"https:\/\/www.beautypristroje.sk\/wp-content\/uploads\/2025\/04\/20230922-PDP-Asset-6-Crystal-Retinal-Ceramide-Eye-Strength-10-Product-and-Carton-ROW-1.jpg","contentUrl":"https:\/\/www.beautypristroje.sk\/wp-content\/uploads\/2025\/04\/20230922-PDP-Asset-6-Crystal-Retinal-Ceramide-Eye-Strength-10-Product-and-Carton-ROW-1.jpg","width":2000,"height":2000,"caption":"Crystal Retinal Ceramide Eye 10 \u2013 o\u010dn\u00fd kr\u00e9m 15\u202fml s 0,10\u202f% retinalom, ceramidmi, dvojit\u00fdm zapuzdren\u00edm, gu\u013e\u00f4\u010dkami kyseliny hyalur\u00f3novej a extraktom z harman\u010deka."},{"@type":"BreadcrumbList","@id":"https:\/\/www.beautypristroje.sk\/produkt\/crystal-retinal-ceramide-eye-10\/#breadcrumb","itemListElement":[{"@type":"ListItem","position":1,"name":"Domovsk\u00e1 str\u00e1nka","item":"https:\/\/www.beautypristroje.sk\/"},{"@type":"ListItem","position":2,"name":"Obchod","item":"https:\/\/www.beautypristroje.sk\/obchod\/"},{"@type":"ListItem","position":3,"name":"Medik8 Crystal Retinal Ceramide Eye 10"}]},{"@type":"WebSite","@id":"https:\/\/www.beautypristroje.sk\/#website","url":"https:\/\/www.beautypristroje.sk\/","name":"Beauty pr\u00edstroje","description":"Profesion\u00e1lne kozmetick\u00e9 pr\u00edstroje pre sal\u00f3ny a kliniky","potentialAction":[{"@type":"SearchAction","target":{"@type":"EntryPoint","urlTemplate":"https:\/\/www.beautypristroje.sk\/?s={search_term_string}"},"query-input":{"@type":"PropertyValueSpecification","valueRequired":true,"valueName":"search_term_string"}}],"inLanguage":"en-GB"}]}},"_links":{"self":[{"href":"https:\/\/www.beautypristroje.sk\/en\/wp-json\/wp\/v2\/product\/717","targetHints":{"allow":["GET"]}}],"collection":[{"href":"https:\/\/www.beautypristroje.sk\/en\/wp-json\/wp\/v2\/product"}],"about":[{"href":"https:\/\/www.beautypristroje.sk\/en\/wp-json\/wp\/v2\/types\/product"}],"replies":[{"embeddable":true,"href":"https:\/\/www.beautypristroje.sk\/en\/wp-json\/wp\/v2\/comments?post=717"}],"wp:featuredmedia":[{"embeddable":true,"href":"https:\/\/www.beautypristroje.sk\/en\/wp-json\/wp\/v2\/media\/983"}],"wp:attachment":[{"href":"https:\/\/www.beautypristroje.sk\/en\/wp-json\/wp\/v2\/media?parent=717"}],"wp:term":[{"taxonomy":"product_brand","embeddable":true,"href":"https:\/\/www.beautypristroje.sk\/en\/wp-json\/wp\/v2\/product_brand?post=717"},{"taxonomy":"product_cat","embeddable":true,"href":"https:\/\/www.beautypristroje.sk\/en\/wp-json\/wp\/v2\/product_cat?post=717"},{"taxonomy":"product_tag","embeddable":true,"href":"https:\/\/www.beautypristroje.sk\/en\/wp-json\/wp\/v2\/product_tag?post=717"}],"curies":[{"name":"wp","href":"https:\/\/api.w.org\/{rel}","templated":true}]}}