{"id":705,"date":"2025-04-07T15:22:51","date_gmt":"2025-04-07T13:22:51","guid":{"rendered":"https:\/\/www.beautypristroje.sk\/?post_type=product&#038;p=705"},"modified":"2025-12-10T09:46:16","modified_gmt":"2025-12-10T08:46:16","slug":"crystal-retinal-10","status":"publish","type":"product","link":"https:\/\/www.beautypristroje.sk\/en\/product\/crystal-retinal-10\/","title":{"rendered":"Medik8 Crystal Retinal 10\u2122"},"content":{"rendered":"<p>Odha\u013ete mladistvej\u0161iu ple\u0165 u\u017e s jedn\u00fdm balen\u00edm Medik8 Crystal Retinal. Na\u0161e ikonick\u00e9 no\u010dn\u00e9 s\u00e9rum s vitam\u00ednom A obsahuje retinAL; nov\u00fa gener\u00e1ciu retinoidu, ktor\u00fd p\u00f4sob\u00ed 11x r\u00fdchlej\u0161ie ne\u017e klasick\u00fd retinOL* na vidite\u013en\u00e9 vyhladenie, rozjasnenie a spevnenie pleti.<\/p>\n<p>Na rozdiel od in\u00fdch, n\u00e1\u0161 patentovan\u00fd syst\u00e9m stability zabezpe\u010duje maxim\u00e1lnu silu a \u00fa\u010dinnos\u0165 retinalu a\u017e do poslednej kvapky \u2013 bez podr\u00e1\u017edenia.<\/p>\n<p><em>*G. Siegenthaler et al., Retinol and retinal metabolism, Biochemical Journal, 1990, 268, s. 371-378<\/em><\/p>\n<h3><strong>V\u00ddHODY<\/strong><\/h3>\n<div class=\"copy\">\n<div class=\"copy\">\n<h5>R\u00fdchly \u00fa\u010dinok proti vr\u00e1skam<\/h5>\n<p>Vidite\u013en\u00e1 redukcia vr\u00e1sok u\u017e po jednom balen\u00ed.*<\/p>\n<div class=\"metafield-rich_text_field\">\n<p>*Preuk\u00e1zan\u00e9 nez\u00e1vislou klinickou \u0161t\u00fadiou na Crystal Retinal 6, testovanou po\u010das 12 t\u00fd\u017ed\u0148ov na 33 \u00fa\u010dastn\u00edkoch.<\/p>\n<\/div>\n<h5>Profesion\u00e1lne v\u00fdsledky<\/h5>\n<\/div>\n<div class=\"copy\">\n<p>Retinaldehyd p\u00f4sob\u00ed a\u017e 11\u00d7 r\u00fdchlej\u0161ie ako klasick\u00fd retinol,* v\u010faka \u010domu vid\u00edte v\u00fdsledky sk\u00f4r.*<\/p>\n<div class=\"metafield-rich_text_field\">\n<p>*G. Siegenthaler et al., Retinol and retinal metabolism, Biochemical Journal, 1990, 268, pp 371-378.<\/p>\n<\/div>\n<h5>Rozjasnen\u00e1, mladistv\u00e1 ple\u0165<\/h5>\n<\/div>\n<div class=\"copy\">\n<p>Prin\u00e1\u0161a v\u00fdnimo\u010dn\u00e9 vidite\u013en\u00e9 zlep\u0161enie text\u00fary, jasu, pevnosti a \u010distoty pleti.<\/p>\n<h5>Efekt\u00edvne v\u00fdsledky a\u017e do poslednej kvapky<\/h5>\n<\/div>\n<div class=\"copy\">\n<p>V\u010faka patentovan\u00e9mu stabiliza\u010dn\u00e9mu komplexu Medik8 si zachov\u00e1va svoju \u00fa\u010dinnos\u0165 po\u010das cel\u00e9ho pou\u017e\u00edvania.<\/p>\n<h5>Prisp\u00f4sobte si rutinu s 5 progres\u00edvnymi silami<\/h5>\n<\/div>\n<div class=\"copy\">\n<p>R\u00f4zne koncentr\u00e1cie retinalu vhodn\u00e9 pre za\u010diato\u010dn\u00edkov aj pokro\u010dil\u00fdch pou\u017e\u00edvate\u013eov \u2013 dokonca aj pre citliv\u00fa ple\u0165.<\/p>\n<h3><b>K\u013d\u00da\u010cOV\u00c9 ZLO\u017dKY<\/b><\/h3>\n<\/div>\n<\/div>\n<h5><img decoding=\"async\" class=\"list-item-icon\" src=\"https:\/\/medik8.sk\/cdn\/shop\/files\/PDP_Key_Ingredients_Retinaldehyde_Molecule.svg?v=1738240597&amp;width=50\" alt=\"Ingredient Icon 1\" width=\"50\" height=\"auto\" \/>Retinaldehyde<\/h5>\n<div class=\"copy\">\n<p>Proven\u00fd a\u017e 11-kr\u00e1t r\u00fdchlej\u0161\u00ed ako klasick\u00fd retinol, retinaldehyd (skr\u00e1tene retinal) je revolu\u010dn\u00e1 forma vitam\u00ednu A, ktor\u00e1 efekt\u00edvne cielenie na jemn\u00e9 vr\u00e1sky, vr\u00e1sky, hyperpigment\u00e1ciu, nerovnomern\u00fa text\u00faru pleti a stratu pevnosti \u2013 bez dr\u00e1\u017edenia.<\/p>\n<h5><img decoding=\"async\" class=\"list-item-icon\" src=\"https:\/\/medik8.sk\/cdn\/shop\/files\/PDP_Key_Ingredients_Hyaluronic_Acid_Icon_d4e2f985-4046-45bf-baca-95e3fa3abcc1.svg?v=1738240597&amp;width=50\" alt=\"Ingredient Icon 2\" width=\"50\" height=\"auto\" \/> Kyselina hyalur\u00f3nov\u00e1<\/h5>\n<\/div>\n<div class=\"copy\">\n<p>S schopnos\u0165ou pri\u0165ahova\u0165 a zadr\u017ea\u0165 viac ako 1 000-n\u00e1sobok svojej hmotnosti vo vode, kyselina hyalur\u00f3nov\u00e1 \u010derp\u00e1 vlhkos\u0165 do horn\u00fdch vrstiev poko\u017eky, \u010d\u00edm zanech\u00e1va ple\u0165 hydratovan\u00fa a vidite\u013ene pru\u017en\u00fa.<\/p>\n<h5><img decoding=\"async\" class=\"list-item-icon\" src=\"https:\/\/medik8.sk\/cdn\/shop\/files\/PDP_Key_Ingredients_Vitamin_E_Icon_80cc4751-3e31-4333-9fce-2f685a4a5a80.svg?v=1738240597&amp;width=50\" alt=\"Ingredient Icon 3\" width=\"50\" height=\"auto\" \/>Vitam\u00edn E<\/h5>\n<\/div>\n<div class=\"copy\">\n<p>Siln\u00fd antioxidant, vitam\u00edn E pom\u00e1ha chr\u00e1ni\u0165 pred \u00fa\u010dinkami starnutia sp\u00f4soben\u00fdmi vo\u013en\u00fdmi radik\u00e1lmi, zatia\u013e \u010do stabilizuje retinal pre optim\u00e1lnu silu.<\/p>\n<h5><img decoding=\"async\" class=\"list-item-icon\" src=\"https:\/\/medik8.sk\/cdn\/shop\/files\/PDP_Key_Ingredients_Glycerin_Icon_fd4c1fd1-7d42-4922-8aa5-09a70c44d44b.svg?v=1738240597&amp;width=50\" alt=\"Ingredient Icon 4\" width=\"50\" height=\"auto\" \/>Glycerin<\/h5>\n<\/div>\n<div class=\"copy\">\n<p>Pr\u00edrodn\u00fd humektant, ktor\u00fd zachyt\u00e1va vlhkos\u0165 v poko\u017eke, \u010d\u00edm ju hydratuje a zanech\u00e1va pocit komfortu.<\/p>\n<\/div>\n<h3><strong>AKO POU\u017d\u00cdVA\u0164<\/strong><\/h3>\n<p>Po ve\u010dernom \u010disten\u00ed pleti aplikujte 2 pumpi\u010dky Crystal Retinal na tv\u00e1r a krk. Nechajte vstreba\u0165 a potom pokra\u010dujte hydrata\u010dn\u00fdm kr\u00e9mom. Odpor\u00fa\u010dame Advanced Night Restore, ktor\u00fd je \u0161peci\u00e1lne navrhnut\u00fd na pou\u017eitie po vitam\u00edne A.<\/p>\n<p>Ak pou\u017e\u00edvate\u00a0Crystal Retinal\u00a0prv\u00fdkr\u00e1t, zav\u00e1dzajte ho do rutiny postupne. Pou\u017e\u00edvajte dvakr\u00e1t t\u00fd\u017edenne\u00a0po\u010das prv\u00fdch 2 t\u00fd\u017ed\u0148ov. N\u00e1sledne\u00a0ka\u017ed\u00fd druh\u00fd ve\u010der\u00a0po\u010das \u010fal\u0161\u00edch 2 t\u00fd\u017ed\u0148ov. Potom\u00a0ka\u017ed\u00fd ve\u010der. R\u00e1no po pou\u017eit\u00ed vitam\u00ednu A v\u017edy aplikujte ochrann\u00fd kr\u00e9m s SPF.<\/p>\n<h6>Crystal Retinal 20 by mali pou\u017e\u00edva\u0165 iba t\u00ed, ktor\u00ed u\u017e pohodlne spotrebovali aspo\u0148<strong>2 tuby Crystal Retinal 10<\/strong>, preto\u017ee obsahuje ve\u013emi vysok\u00fa koncentr\u00e1ciu retinalu (0,2 %).<\/h6>\n<h3><strong>OBSAH BALENIA<\/strong><\/h3>\n<p>Balenie s obsahom 30ml produktu, vydr\u017e\u00ed pri be\u017enou u\u017e\u00edvan\u00ed pribli\u017ene 100 aplik\u00e1ci\u00ed.<\/p>\n<h3><strong>ZLO\u017dENIE<\/strong><\/h3>\n<p>Aqua (Water), Caprylic\/Capric Triglyceride, Glycerin, Isododecane, Cetearyl Olivate, Sodium Acrylate\/Sodium Acryloyldimethyl Taurate Copolymer, Cetearyl Alcohol, PPG-12\/SMDI Copolymer, Sorbitan Olivate, Tocopheryl Acetate, Titanium Dioxide, Eclipta Prostrata Extract, Cyclodextrin, Squalane, Hydroxyethyl Acrylate\/Sodium Acryloyldimethyl Taurate Copolymer, Phenoxyethanol, Melia Azadirachta Leaf Extract, Hydroxypropyl Methylcellulose, Sodium Hyaluronate, Tetrahexyldecyl Ascorbate, Rubus Chamaemorus (Cloudberry) Seed Oil, Alumina, Isostearic Acid, Lecithin, Polyglyceryl-3 Polyricinoleate, Polyhydroxystearic Acid, Stearic Acid, Pentylene Glycol, Retinal, Moringa Oleifera Seed Oil, Sodium Polyaspartate, Climbazole, Disodium EDTA, Lonicera Japonica (Honeysuckle) Flower Extract, Lonicera Caprifolium (Honeysuckle) Flower Extract, Daucus Carota Sativa (Carrot) Seed Oil, Ethylhexylglycerin, 3-O-Ethyl Ascorbic Acid, Dipteryx Odorata (Tonka) Bean Extract, Hydroxyacetophenone, Polysorbate 60, Sorbitan Isostearate, Vanilla Planifolia (Vanilla) Fruit Extract, Decylene Glycol, 1,2-Hexanediol, BHT, Coumarin<\/p>\n<p>*Aj ke\u010f sa sna\u017e\u00edme zaisti\u0165 presnos\u0165 tohto zoznamu zlo\u017eiek, niekedy m\u00f4\u017ee d\u00f4js\u0165 k vylep\u0161eniam produktu alebo k miernym rozdielom medzi r\u00f4znymi regi\u00f3nmi na z\u00e1klade miestnych z\u00e1konov. Jedin\u00fd definit\u00edvny zoznam zlo\u017eiek je preto ten, ktor\u00fd je vytla\u010den\u00fd na obale produktu.<\/p>","protected":false},"excerpt":{"rendered":"<p>30ml<\/p>\n<p>Ve\u013emi siln\u00e9 kr\u00e9mov\u00e9 s\u00e9rum na noc<br \/>\nStabiliza\u010dn\u00fd syst\u00e9m z oleja z mrkvov\u00fdch semien, vitam\u00edn C a E, kyselina hyalur\u00f3nov\u00e1, glycer\u00edn<\/p>","protected":false},"featured_media":707,"comment_status":"open","ping_status":"closed","template":"","meta":{"_acf_changed":false},"product_brand":[77],"product_cat":[75,26],"product_tag":[],"class_list":{"0":"post-705","1":"product","2":"type-product","3":"status-publish","4":"has-post-thumbnail","6":"product_brand-medik8","7":"product_cat-kremy-a-sera","8":"product_cat-skincare-produkty","10":"first","11":"instock","12":"taxable","13":"shipping-taxable","14":"purchasable","15":"product-type-simple"},"acf":[],"yoast_head":"<!-- This site is optimized with the Yoast SEO plugin v27.5 - https:\/\/yoast.com\/product\/yoast-seo-wordpress\/ -->\n<title>Medik8 Crystal Retinal 10\u2122 - Beauty pr\u00edstroje<\/title>\n<meta name=\"description\" content=\"Crystal Retinal 10\u2122, 30\u202fml \u2013 intenz\u00edvne no\u010dn\u00e9 s\u00e9rum s vitam\u00ednmi A, C, E a kyselinou hyalur\u00f3novou pre omladenie, hydrat\u00e1ciu a obnovu pleti.\" \/>\n<meta name=\"robots\" content=\"index, follow, max-snippet:-1, max-image-preview:large, max-video-preview:-1\" \/>\n<link rel=\"canonical\" href=\"https:\/\/www.beautypristroje.sk\/en\/product\/crystal-retinal-10\/\" \/>\n<meta property=\"og:locale\" content=\"en_GB\" \/>\n<meta property=\"og:type\" content=\"article\" \/>\n<meta property=\"og:title\" content=\"Medik8 Crystal Retinal 10\u2122 - Beauty pr\u00edstroje\" \/>\n<meta property=\"og:description\" content=\"Crystal Retinal 10\u2122, 30\u202fml \u2013 intenz\u00edvne no\u010dn\u00e9 s\u00e9rum s vitam\u00ednmi A, C, E a kyselinou hyalur\u00f3novou pre omladenie, hydrat\u00e1ciu a obnovu pleti.\" \/>\n<meta property=\"og:url\" content=\"https:\/\/www.beautypristroje.sk\/en\/product\/crystal-retinal-10\/\" \/>\n<meta property=\"og:site_name\" content=\"Beauty pr\u00edstroje\" \/>\n<meta property=\"article:modified_time\" content=\"2025-12-10T08:46:16+00:00\" \/>\n<meta property=\"og:image\" content=\"https:\/\/www.beautypristroje.sk\/wp-content\/uploads\/2025\/04\/Crystal-Retinal-10-B-1024x1024.png\" \/>\n\t<meta property=\"og:image:width\" content=\"1024\" \/>\n\t<meta property=\"og:image:height\" content=\"1024\" \/>\n\t<meta property=\"og:image:type\" content=\"image\/png\" \/>\n<meta name=\"twitter:card\" content=\"summary_large_image\" \/>\n<meta name=\"twitter:label1\" content=\"Estimated reading time\" \/>\n\t<meta name=\"twitter:data1\" content=\"4 minutes\" \/>\n<script type=\"application\/ld+json\" class=\"yoast-schema-graph\">{\"@context\":\"https:\\\/\\\/schema.org\",\"@graph\":[{\"@type\":\"WebPage\",\"@id\":\"https:\\\/\\\/www.beautypristroje.sk\\\/produkt\\\/crystal-retinal-10\\\/\",\"url\":\"https:\\\/\\\/www.beautypristroje.sk\\\/produkt\\\/crystal-retinal-10\\\/\",\"name\":\"Medik8 Crystal Retinal 10\u2122 - Beauty pr\u00edstroje\",\"isPartOf\":{\"@id\":\"https:\\\/\\\/www.beautypristroje.sk\\\/#website\"},\"primaryImageOfPage\":{\"@id\":\"https:\\\/\\\/www.beautypristroje.sk\\\/produkt\\\/crystal-retinal-10\\\/#primaryimage\"},\"image\":{\"@id\":\"https:\\\/\\\/www.beautypristroje.sk\\\/produkt\\\/crystal-retinal-10\\\/#primaryimage\"},\"thumbnailUrl\":\"https:\\\/\\\/www.beautypristroje.sk\\\/wp-content\\\/uploads\\\/2025\\\/04\\\/Crystal-Retinal-10-B.png\",\"datePublished\":\"2025-04-07T13:22:51+00:00\",\"dateModified\":\"2025-12-10T08:46:16+00:00\",\"description\":\"Crystal Retinal 10\u2122, 30\u202fml \u2013 intenz\u00edvne no\u010dn\u00e9 s\u00e9rum s vitam\u00ednmi A, C, E a kyselinou hyalur\u00f3novou pre omladenie, hydrat\u00e1ciu a obnovu pleti.\",\"breadcrumb\":{\"@id\":\"https:\\\/\\\/www.beautypristroje.sk\\\/produkt\\\/crystal-retinal-10\\\/#breadcrumb\"},\"inLanguage\":\"en-GB\",\"potentialAction\":[{\"@type\":\"ReadAction\",\"target\":[\"https:\\\/\\\/www.beautypristroje.sk\\\/produkt\\\/crystal-retinal-10\\\/\"]}]},{\"@type\":\"ImageObject\",\"inLanguage\":\"en-GB\",\"@id\":\"https:\\\/\\\/www.beautypristroje.sk\\\/produkt\\\/crystal-retinal-10\\\/#primaryimage\",\"url\":\"https:\\\/\\\/www.beautypristroje.sk\\\/wp-content\\\/uploads\\\/2025\\\/04\\\/Crystal-Retinal-10-B.png\",\"contentUrl\":\"https:\\\/\\\/www.beautypristroje.sk\\\/wp-content\\\/uploads\\\/2025\\\/04\\\/Crystal-Retinal-10-B.png\",\"width\":2000,\"height\":2000,\"caption\":\"Crystal Retinal 10\u2122 \u2013 no\u010dn\u00e9 kr\u00e9mov\u00e9 s\u00e9rum 30\u202fml s olejom z mrkvov\u00fdch semien, vitam\u00ednmi C a E, kyselinou hyalur\u00f3novou a glycer\u00ednom pre regener\u00e1ciu pleti.\"},{\"@type\":\"BreadcrumbList\",\"@id\":\"https:\\\/\\\/www.beautypristroje.sk\\\/produkt\\\/crystal-retinal-10\\\/#breadcrumb\",\"itemListElement\":[{\"@type\":\"ListItem\",\"position\":1,\"name\":\"Domovsk\u00e1 str\u00e1nka\",\"item\":\"https:\\\/\\\/www.beautypristroje.sk\\\/\"},{\"@type\":\"ListItem\",\"position\":2,\"name\":\"Obchod\",\"item\":\"https:\\\/\\\/www.beautypristroje.sk\\\/obchod\\\/\"},{\"@type\":\"ListItem\",\"position\":3,\"name\":\"Medik8 Crystal Retinal 10\u2122\"}]},{\"@type\":\"WebSite\",\"@id\":\"https:\\\/\\\/www.beautypristroje.sk\\\/#website\",\"url\":\"https:\\\/\\\/www.beautypristroje.sk\\\/\",\"name\":\"Beauty pr\u00edstroje\",\"description\":\"Profesion\u00e1lne kozmetick\u00e9 pr\u00edstroje pre sal\u00f3ny a kliniky\",\"potentialAction\":[{\"@type\":\"SearchAction\",\"target\":{\"@type\":\"EntryPoint\",\"urlTemplate\":\"https:\\\/\\\/www.beautypristroje.sk\\\/?s={search_term_string}\"},\"query-input\":{\"@type\":\"PropertyValueSpecification\",\"valueRequired\":true,\"valueName\":\"search_term_string\"}}],\"inLanguage\":\"en-GB\"}]}<\/script>\n<!-- \/ Yoast SEO plugin. -->","yoast_head_json":{"title":"Medik8 Crystal Retinal 10\u2122 - Beauty pr\u00edstroje","description":"Crystal Retinal 10\u2122, 30\u202fml \u2013 intenz\u00edvne no\u010dn\u00e9 s\u00e9rum s vitam\u00ednmi A, C, E a kyselinou hyalur\u00f3novou pre omladenie, hydrat\u00e1ciu a obnovu pleti.","robots":{"index":"index","follow":"follow","max-snippet":"max-snippet:-1","max-image-preview":"max-image-preview:large","max-video-preview":"max-video-preview:-1"},"canonical":"https:\/\/www.beautypristroje.sk\/en\/product\/crystal-retinal-10\/","og_locale":"en_GB","og_type":"article","og_title":"Medik8 Crystal Retinal 10\u2122 - Beauty pr\u00edstroje","og_description":"Crystal Retinal 10\u2122, 30\u202fml \u2013 intenz\u00edvne no\u010dn\u00e9 s\u00e9rum s vitam\u00ednmi A, C, E a kyselinou hyalur\u00f3novou pre omladenie, hydrat\u00e1ciu a obnovu pleti.","og_url":"https:\/\/www.beautypristroje.sk\/en\/product\/crystal-retinal-10\/","og_site_name":"Beauty pr\u00edstroje","article_modified_time":"2025-12-10T08:46:16+00:00","og_image":[{"width":1024,"height":1024,"url":"https:\/\/www.beautypristroje.sk\/wp-content\/uploads\/2025\/04\/Crystal-Retinal-10-B-1024x1024.png","type":"image\/png"}],"twitter_card":"summary_large_image","twitter_misc":{"Estimated reading time":"4 minutes"},"schema":{"@context":"https:\/\/schema.org","@graph":[{"@type":"WebPage","@id":"https:\/\/www.beautypristroje.sk\/produkt\/crystal-retinal-10\/","url":"https:\/\/www.beautypristroje.sk\/produkt\/crystal-retinal-10\/","name":"Medik8 Crystal Retinal 10\u2122 - Beauty pr\u00edstroje","isPartOf":{"@id":"https:\/\/www.beautypristroje.sk\/#website"},"primaryImageOfPage":{"@id":"https:\/\/www.beautypristroje.sk\/produkt\/crystal-retinal-10\/#primaryimage"},"image":{"@id":"https:\/\/www.beautypristroje.sk\/produkt\/crystal-retinal-10\/#primaryimage"},"thumbnailUrl":"https:\/\/www.beautypristroje.sk\/wp-content\/uploads\/2025\/04\/Crystal-Retinal-10-B.png","datePublished":"2025-04-07T13:22:51+00:00","dateModified":"2025-12-10T08:46:16+00:00","description":"Crystal Retinal 10\u2122, 30\u202fml \u2013 intenz\u00edvne no\u010dn\u00e9 s\u00e9rum s vitam\u00ednmi A, C, E a kyselinou hyalur\u00f3novou pre omladenie, hydrat\u00e1ciu a obnovu pleti.","breadcrumb":{"@id":"https:\/\/www.beautypristroje.sk\/produkt\/crystal-retinal-10\/#breadcrumb"},"inLanguage":"en-GB","potentialAction":[{"@type":"ReadAction","target":["https:\/\/www.beautypristroje.sk\/produkt\/crystal-retinal-10\/"]}]},{"@type":"ImageObject","inLanguage":"en-GB","@id":"https:\/\/www.beautypristroje.sk\/produkt\/crystal-retinal-10\/#primaryimage","url":"https:\/\/www.beautypristroje.sk\/wp-content\/uploads\/2025\/04\/Crystal-Retinal-10-B.png","contentUrl":"https:\/\/www.beautypristroje.sk\/wp-content\/uploads\/2025\/04\/Crystal-Retinal-10-B.png","width":2000,"height":2000,"caption":"Crystal Retinal 10\u2122 \u2013 no\u010dn\u00e9 kr\u00e9mov\u00e9 s\u00e9rum 30\u202fml s olejom z mrkvov\u00fdch semien, vitam\u00ednmi C a E, kyselinou hyalur\u00f3novou a glycer\u00ednom pre regener\u00e1ciu pleti."},{"@type":"BreadcrumbList","@id":"https:\/\/www.beautypristroje.sk\/produkt\/crystal-retinal-10\/#breadcrumb","itemListElement":[{"@type":"ListItem","position":1,"name":"Domovsk\u00e1 str\u00e1nka","item":"https:\/\/www.beautypristroje.sk\/"},{"@type":"ListItem","position":2,"name":"Obchod","item":"https:\/\/www.beautypristroje.sk\/obchod\/"},{"@type":"ListItem","position":3,"name":"Medik8 Crystal Retinal 10\u2122"}]},{"@type":"WebSite","@id":"https:\/\/www.beautypristroje.sk\/#website","url":"https:\/\/www.beautypristroje.sk\/","name":"Beauty pr\u00edstroje","description":"Profesion\u00e1lne kozmetick\u00e9 pr\u00edstroje pre sal\u00f3ny a kliniky","potentialAction":[{"@type":"SearchAction","target":{"@type":"EntryPoint","urlTemplate":"https:\/\/www.beautypristroje.sk\/?s={search_term_string}"},"query-input":{"@type":"PropertyValueSpecification","valueRequired":true,"valueName":"search_term_string"}}],"inLanguage":"en-GB"}]}},"_links":{"self":[{"href":"https:\/\/www.beautypristroje.sk\/en\/wp-json\/wp\/v2\/product\/705","targetHints":{"allow":["GET"]}}],"collection":[{"href":"https:\/\/www.beautypristroje.sk\/en\/wp-json\/wp\/v2\/product"}],"about":[{"href":"https:\/\/www.beautypristroje.sk\/en\/wp-json\/wp\/v2\/types\/product"}],"replies":[{"embeddable":true,"href":"https:\/\/www.beautypristroje.sk\/en\/wp-json\/wp\/v2\/comments?post=705"}],"wp:featuredmedia":[{"embeddable":true,"href":"https:\/\/www.beautypristroje.sk\/en\/wp-json\/wp\/v2\/media\/707"}],"wp:attachment":[{"href":"https:\/\/www.beautypristroje.sk\/en\/wp-json\/wp\/v2\/media?parent=705"}],"wp:term":[{"taxonomy":"product_brand","embeddable":true,"href":"https:\/\/www.beautypristroje.sk\/en\/wp-json\/wp\/v2\/product_brand?post=705"},{"taxonomy":"product_cat","embeddable":true,"href":"https:\/\/www.beautypristroje.sk\/en\/wp-json\/wp\/v2\/product_cat?post=705"},{"taxonomy":"product_tag","embeddable":true,"href":"https:\/\/www.beautypristroje.sk\/en\/wp-json\/wp\/v2\/product_tag?post=705"}],"curies":[{"name":"wp","href":"https:\/\/api.w.org\/{rel}","templated":true}]}}