{"id":669,"date":"2025-04-07T15:05:17","date_gmt":"2025-04-07T13:05:17","guid":{"rendered":"https:\/\/www.beautypristroje.sk\/?post_type=product&#038;p=669"},"modified":"2025-12-10T09:46:17","modified_gmt":"2025-12-10T08:46:17","slug":"medik8-bakuchiol-peptides","status":"publish","type":"product","link":"https:\/\/www.beautypristroje.sk\/en\/product\/medik8-bakuchiol-peptides\/","title":{"rendered":"Medik8 Bakuchiol Peptides\u2122"},"content":{"rendered":"<p>Vyhla\u010fte vzh\u013ead jemn\u00fdch vr\u00e1sok a liniek, pri\u010dom zlep\u0161ujete celkov\u00fa text\u00faru a t\u00f3n pleti s t\u00fdmto rastlinn\u00fdm alternat\u00edvom vitam\u00ednu A (retinolu) pomocou Medik8 Bakuchiol Peptides<\/p>\n<p>Vyu\u017e\u00edva klinicky preuk\u00e1zan\u00fa, ale jemn\u00fa silu 1,25% bakuchiolu (vyslovuje sa &#8218;bak-oo-chi-ol&#8216;). Medik8 Bakuchiol Peptides je ide\u00e1lnou vo\u013ebou proti starnutiu pre t\u00fdch, ktor\u00ed nem\u00f4\u017eu pou\u017e\u00edva\u0165 retinol (napr. po\u010das tehotenstva alebo pri doj\u010den\u00ed).<\/p>\n<p>Toto \u013eahk\u00e9 a upokojuj\u00face s\u00e9rum pracuje na dosiahnut\u00ed vidite\u013ene hlad\u0161ej, pln\u0161ej a mladistvej\u0161ie vyzeraj\u00facej pleti s rovnomernej\u0161\u00edm t\u00f3nom a text\u00farou. Navy\u0161e, \u010fal\u0161\u00ed z inovat\u00edvnych stabiliza\u010dn\u00fdch syst\u00e9mov Medik8 zabezpe\u010duje, \u017ee formul\u00e1cia zost\u00e1va siln\u00e1 a \u00fa\u010dinn\u00e1 a\u017e do poslednej kvapky.<\/p>\n<h3><strong>V\u00ddHODY<\/strong><\/h3>\n<div class=\"copy\">\n<div class=\"copy\">\n<h5>Zameran\u00e9 na viacer\u00e9 prejavy starnutia<\/h5>\n<p>M\u00f4\u017ee sa pou\u017e\u00edva\u0165 r\u00e1no aj ve\u010der na redukciu jemn\u00fdch liniek, vr\u00e1sok a nerovnomern\u00e9ho t\u00f3nu a text\u00fary pleti.<\/p>\n<h5>Bezpe\u010dn\u00e1 vo\u013eba v tehotenstve s anti-age efektom<\/h5>\n<\/div>\n<div class=\"copy\">\n<p>Poskytuje \u00fa\u010dinn\u00e9 v\u00fdsledky podobn\u00e9 tradi\u010dn\u00fdm retinolov\u00fdm formul\u00e1ci\u00e1m, pri\u010dom je vhodn\u00e1 na pou\u017e\u00edvanie po\u010das tehotenstva a doj\u010denia.*<\/p>\n<h5>Upokojuje vidite\u013en\u00e9 za\u010dervenanie<\/h5>\n<\/div>\n<div class=\"copy\">\n<p>Hydratuje a upokojuje poko\u017eku, \u010d\u00edm pom\u00e1ha zmierni\u0165 vidite\u013en\u00e9 podr\u00e1\u017edenie a za\u010dervenanie.<\/p>\n<h6>POZN\u00c1MKA<\/h6>\n<\/div>\n<div class=\"copy\">\n<p><em>Z etick\u00fdch d\u00f4vodov nebol Bakuchiol Peptides testovan\u00fd na tehotn\u00fdch \u017een\u00e1ch. Neobsahuje v\u0161ak zlo\u017eky, ktor\u00e9 s\u00fa zn\u00e1me t\u00fdm, \u017ee by mohli sp\u00f4sobova\u0165 probl\u00e9my po\u010das tehotenstva alebo doj\u010denia (napr. vitam\u00edn A alebo vysok\u00e9 koncentr\u00e1cie exfolia\u010dn\u00fdch kysel\u00edn). Ak m\u00e1te ak\u00e9ko\u013evek obavy, v\u017edy sa pora\u010fte so svoj\u00edm lek\u00e1rom pred pou\u017eit\u00edm.<\/em><\/p>\n<p><b>K\u013d\u00da\u010cOV\u00c9 ZLO\u017dKY<\/b><\/p>\n<\/div>\n<\/div>\n<h5><img decoding=\"async\" class=\"list-item-icon\" src=\"https:\/\/medik8.sk\/cdn\/shop\/files\/PDP_Key_Ingredients_Bakuchiol.svg?v=1738240623&amp;width=50\" alt=\"Ingredient Icon 1\" width=\"50\" height=\"auto\" \/>Bakuchiol (1.25%)<\/h5>\n<div class=\"copy\">\n<p>Klinicky overen\u00e1 alternat\u00edva retinolu, ktor\u00e1 pom\u00e1ha redukova\u0165 jemn\u00e9 linky a vr\u00e1sky t\u00fdm, \u017ee podporuje produkciu kolag\u00e9nu a elast\u00ednu v poko\u017eke. Je vysoko \u00fa\u010dinn\u00fd, no z\u00e1rove\u0148 jemn\u00fd a vhodn\u00fd pre t\u00fdch, ktor\u00ed nem\u00f4\u017eu alebo nechc\u00fa pou\u017e\u00edva\u0165 vitam\u00edn A.<\/p>\n<h5><img decoding=\"async\" class=\"list-item-icon\" src=\"https:\/\/medik8.sk\/cdn\/shop\/files\/PDP_Key_Ingredients_Brightening_Peptide_Precursors.svg?v=1738240623&amp;width=50\" alt=\"Ingredient Icon 2\" width=\"50\" height=\"auto\" \/>Rozjas\u0148uj\u00face peptidov\u00e9 prekurzory<\/h5>\n<\/div>\n<div class=\"copy\">\n<p>Aminokyselina, ktor\u00e1 \u013eahko prenik\u00e1 do poko\u017eky a pom\u00e1ha predch\u00e1dza\u0165 tvorbe melan\u00ednu, \u010d\u00edm redukuje v\u00fdskyt tmav\u00fdch \u0161kv\u0155n a nerovnomern\u00e9ho t\u00f3nu pleti.<\/p>\n<h5><img decoding=\"async\" class=\"list-item-icon\" src=\"https:\/\/medik8.sk\/cdn\/shop\/files\/PDP_Key_Ingredients_Centella_Asiatica.svg?v=1738240623&amp;width=50\" alt=\"Ingredient Icon 3\" width=\"50\" height=\"auto\" \/>Centella Asiatica<\/h5>\n<\/div>\n<div class=\"copy\">\n<p>Zn\u00e1ma aj ako cica, tento pr\u00edrodn\u00fd extrakt m\u00e1 siln\u00e9 protiz\u00e1palov\u00e9 \u00fa\u010dinky, v\u010faka \u010domu pom\u00e1ha upokoji\u0165 podr\u00e1\u017eden\u00fa poko\u017eku a podporuje jej regener\u00e1ciu.<\/p>\n<h5><img decoding=\"async\" class=\"list-item-icon\" src=\"https:\/\/medik8.sk\/cdn\/shop\/files\/PDP_Key_Ingredients_Imka_Omega_Oil.svg?v=1738240623&amp;width=50\" alt=\"Ingredient Icon 4\" width=\"50\" height=\"auto\" \/>Inka Omega olej<\/h5>\n<\/div>\n<div class=\"copy\">\n<p>Bohat\u00fd a organick\u00fd zdroj pr\u00edrodn\u00fdch omega mastn\u00fdch kysel\u00edn, ktor\u00fd intenz\u00edvne dop\u013a\u0148a prirodzen\u00fa bari\u00e9ru poko\u017eky a posil\u0148uje ju proti strate vlhkosti.<\/p>\n<\/div>\n<h3><strong>AKO POU\u017d\u00cdVA\u0164<\/strong><\/h3>\n<p>Po vy\u010disten\u00ed r\u00e1no a ve\u010der jemne vmas\u00edrujte 6 kvapiek na tv\u00e1r, krk a dekolt.<\/p>\n<h3><strong>OBSAH BALENIA<\/strong><\/h3>\n<p>Balenie 30 ml vydr\u017e\u00ed, pri be\u017enom pou\u017e\u00edvani, a\u017e 100 aplik\u00e1cii. Po otvoren\u00ed spotrebujte do 12 mesiacov.<\/p>\n<h3><strong>ZLO\u017dENIE<\/strong><\/h3>\n<p>Caprylic\/Capric Triglyceride, Bakuchiol, Helianthus Annuus (Sunflower) Seed Oil, Plukenetia Volubilis Seed Oil, Centella Asiatica Leaf Extract, Eclipta Prostrata Extract, Krameria Triandra Root Extract, Undecylenoyl Phenylalanine, Olea Europaea (Olive) Fruit Oil, Melia Azadirachta Leaf Extract, Melia Azadirachta Flower Extract, Corallina Officinalis Extract, Coccinia Indica Fruit Extract, Moringa Oleifera Seed Oil, Tocopherol, Solanum Melongena Fruit Extract, Aloe Barbadensis (Aloe Vera) Flower Extract, Simmondsia Chinensis (Jojoba) Seed Oil, Curcuma Longa Root Extract, Ocimum Basilicum Flower\/Leaf Extract, Ocimum Sanctum Leaf Extract.<\/p>\n<p>*Aj ke\u010f sa sna\u017e\u00edme zaisti\u0165 presnos\u0165 tohto zoznamu zlo\u017eiek, niekedy m\u00f4\u017ee d\u00f4js\u0165 k vylep\u0161eniam produktu alebo k miernym rozdielom medzi r\u00f4znymi regi\u00f3nmi na z\u00e1klade miestnych z\u00e1konov. Jedin\u00fd definit\u00edvny zoznam zlo\u017eiek je preto ten, ktor\u00fd je vytla\u010den\u00fd na obale produktu.<\/p>","protected":false},"excerpt":{"rendered":"<p>30ml<\/p>\n<p>Pr\u00edrodn\u00e1 alternativa vitam\u00ednu A,<br \/>\npeptidov\u00e9 olejov\u00e9 s\u00e9rum<br \/>\n1,25% bakuchiol, rozjas\u0148uj\u00face peptidy, pupo\u010dn\u00edk \u00e1zijsk\u00fd, Inka omega olej<\/p>","protected":false},"featured_media":672,"comment_status":"open","ping_status":"closed","template":"","meta":{"_acf_changed":false},"product_brand":[77],"product_cat":[75,26],"product_tag":[],"class_list":{"0":"post-669","1":"product","2":"type-product","3":"status-publish","4":"has-post-thumbnail","6":"product_brand-medik8","7":"product_cat-kremy-a-sera","8":"product_cat-skincare-produkty","10":"first","11":"instock","12":"taxable","13":"shipping-taxable","14":"purchasable","15":"product-type-simple"},"acf":[],"yoast_head":"<!-- This site is optimized with the Yoast SEO plugin v27.6 - https:\/\/yoast.com\/product\/yoast-seo-wordpress\/ -->\n<title>Medik8 Bakuchiol Peptides\u2122 - Beauty pr\u00edstroje<\/title>\n<meta name=\"description\" content=\"Medik8 Bakuchiol Peptides 30\u202fml \u2013 pr\u00edrodn\u00e9 peptidov\u00e9 s\u00e9rum ako alternat\u00edva vitam\u00ednu A, s bakuchiolom, rozjas\u0148uj\u00facimi peptidmi a omega olejom pre zdrav\u00fa ple\u0165.\" \/>\n<meta name=\"robots\" content=\"index, follow, max-snippet:-1, max-image-preview:large, max-video-preview:-1\" \/>\n<link rel=\"canonical\" href=\"https:\/\/www.beautypristroje.sk\/en\/product\/medik8-bakuchiol-peptides\/\" \/>\n<meta property=\"og:locale\" content=\"en_GB\" \/>\n<meta property=\"og:type\" content=\"article\" \/>\n<meta property=\"og:title\" content=\"Medik8 Bakuchiol Peptides\u2122 - Beauty pr\u00edstroje\" \/>\n<meta property=\"og:description\" content=\"Medik8 Bakuchiol Peptides 30\u202fml \u2013 pr\u00edrodn\u00e9 peptidov\u00e9 s\u00e9rum ako alternat\u00edva vitam\u00ednu A, s bakuchiolom, rozjas\u0148uj\u00facimi peptidmi a omega olejom pre zdrav\u00fa ple\u0165.\" \/>\n<meta property=\"og:url\" content=\"https:\/\/www.beautypristroje.sk\/en\/product\/medik8-bakuchiol-peptides\/\" \/>\n<meta property=\"og:site_name\" content=\"Beauty pr\u00edstroje\" \/>\n<meta property=\"article:modified_time\" content=\"2025-12-10T08:46:17+00:00\" \/>\n<meta property=\"og:image\" content=\"https:\/\/www.beautypristroje.sk\/wp-content\/uploads\/2025\/04\/Copy-of-Bakuchiol-Peptides-B-1024x1024.png\" \/>\n\t<meta property=\"og:image:width\" content=\"1024\" \/>\n\t<meta property=\"og:image:height\" content=\"1024\" \/>\n\t<meta property=\"og:image:type\" content=\"image\/png\" \/>\n<meta name=\"twitter:card\" content=\"summary_large_image\" \/>\n<meta name=\"twitter:label1\" content=\"Estimated reading time\" \/>\n\t<meta name=\"twitter:data1\" content=\"4 minutes\" \/>\n<script type=\"application\/ld+json\" class=\"yoast-schema-graph\">{\"@context\":\"https:\\\/\\\/schema.org\",\"@graph\":[{\"@type\":\"WebPage\",\"@id\":\"https:\\\/\\\/www.beautypristroje.sk\\\/produkt\\\/medik8-bakuchiol-peptides\\\/\",\"url\":\"https:\\\/\\\/www.beautypristroje.sk\\\/produkt\\\/medik8-bakuchiol-peptides\\\/\",\"name\":\"Medik8 Bakuchiol Peptides\u2122 - Beauty pr\u00edstroje\",\"isPartOf\":{\"@id\":\"https:\\\/\\\/www.beautypristroje.sk\\\/#website\"},\"primaryImageOfPage\":{\"@id\":\"https:\\\/\\\/www.beautypristroje.sk\\\/produkt\\\/medik8-bakuchiol-peptides\\\/#primaryimage\"},\"image\":{\"@id\":\"https:\\\/\\\/www.beautypristroje.sk\\\/produkt\\\/medik8-bakuchiol-peptides\\\/#primaryimage\"},\"thumbnailUrl\":\"https:\\\/\\\/www.beautypristroje.sk\\\/wp-content\\\/uploads\\\/2025\\\/04\\\/Copy-of-Bakuchiol-Peptides-B.png\",\"datePublished\":\"2025-04-07T13:05:17+00:00\",\"dateModified\":\"2025-12-10T08:46:17+00:00\",\"description\":\"Medik8 Bakuchiol Peptides 30\u202fml \u2013 pr\u00edrodn\u00e9 peptidov\u00e9 s\u00e9rum ako alternat\u00edva vitam\u00ednu A, s bakuchiolom, rozjas\u0148uj\u00facimi peptidmi a omega olejom pre zdrav\u00fa ple\u0165.\",\"breadcrumb\":{\"@id\":\"https:\\\/\\\/www.beautypristroje.sk\\\/produkt\\\/medik8-bakuchiol-peptides\\\/#breadcrumb\"},\"inLanguage\":\"en-GB\",\"potentialAction\":[{\"@type\":\"ReadAction\",\"target\":[\"https:\\\/\\\/www.beautypristroje.sk\\\/produkt\\\/medik8-bakuchiol-peptides\\\/\"]}]},{\"@type\":\"ImageObject\",\"inLanguage\":\"en-GB\",\"@id\":\"https:\\\/\\\/www.beautypristroje.sk\\\/produkt\\\/medik8-bakuchiol-peptides\\\/#primaryimage\",\"url\":\"https:\\\/\\\/www.beautypristroje.sk\\\/wp-content\\\/uploads\\\/2025\\\/04\\\/Copy-of-Bakuchiol-Peptides-B.png\",\"contentUrl\":\"https:\\\/\\\/www.beautypristroje.sk\\\/wp-content\\\/uploads\\\/2025\\\/04\\\/Copy-of-Bakuchiol-Peptides-B.png\",\"width\":2000,\"height\":2000,\"caption\":\"Bakuchiol Peptides\u2122 \u2013 peptidov\u00e9 olejov\u00e9 s\u00e9rum 30\u202fml, pr\u00edrodn\u00e1 alternat\u00edva vitam\u00ednu A, s 1,25\u202f% bakuchiolom, rozjas\u0148uj\u00facimi peptidmi, pupo\u010dn\u00edkom \u00e1zijsk\u00fdm a Inka omega olejom.\"},{\"@type\":\"BreadcrumbList\",\"@id\":\"https:\\\/\\\/www.beautypristroje.sk\\\/produkt\\\/medik8-bakuchiol-peptides\\\/#breadcrumb\",\"itemListElement\":[{\"@type\":\"ListItem\",\"position\":1,\"name\":\"Domovsk\u00e1 str\u00e1nka\",\"item\":\"https:\\\/\\\/www.beautypristroje.sk\\\/\"},{\"@type\":\"ListItem\",\"position\":2,\"name\":\"Obchod\",\"item\":\"https:\\\/\\\/www.beautypristroje.sk\\\/obchod\\\/\"},{\"@type\":\"ListItem\",\"position\":3,\"name\":\"Medik8 Bakuchiol Peptides\u2122\"}]},{\"@type\":\"WebSite\",\"@id\":\"https:\\\/\\\/www.beautypristroje.sk\\\/#website\",\"url\":\"https:\\\/\\\/www.beautypristroje.sk\\\/\",\"name\":\"Beauty pr\u00edstroje\",\"description\":\"Profesion\u00e1lne kozmetick\u00e9 pr\u00edstroje pre sal\u00f3ny a kliniky\",\"potentialAction\":[{\"@type\":\"SearchAction\",\"target\":{\"@type\":\"EntryPoint\",\"urlTemplate\":\"https:\\\/\\\/www.beautypristroje.sk\\\/?s={search_term_string}\"},\"query-input\":{\"@type\":\"PropertyValueSpecification\",\"valueRequired\":true,\"valueName\":\"search_term_string\"}}],\"inLanguage\":\"en-GB\"}]}<\/script>\n<!-- \/ Yoast SEO plugin. -->","yoast_head_json":{"title":"Medik8 Bakuchiol Peptides\u2122 - Beauty pr\u00edstroje","description":"Medik8 Bakuchiol Peptides 30\u202fml \u2013 pr\u00edrodn\u00e9 peptidov\u00e9 s\u00e9rum ako alternat\u00edva vitam\u00ednu A, s bakuchiolom, rozjas\u0148uj\u00facimi peptidmi a omega olejom pre zdrav\u00fa ple\u0165.","robots":{"index":"index","follow":"follow","max-snippet":"max-snippet:-1","max-image-preview":"max-image-preview:large","max-video-preview":"max-video-preview:-1"},"canonical":"https:\/\/www.beautypristroje.sk\/en\/product\/medik8-bakuchiol-peptides\/","og_locale":"en_GB","og_type":"article","og_title":"Medik8 Bakuchiol Peptides\u2122 - Beauty pr\u00edstroje","og_description":"Medik8 Bakuchiol Peptides 30\u202fml \u2013 pr\u00edrodn\u00e9 peptidov\u00e9 s\u00e9rum ako alternat\u00edva vitam\u00ednu A, s bakuchiolom, rozjas\u0148uj\u00facimi peptidmi a omega olejom pre zdrav\u00fa ple\u0165.","og_url":"https:\/\/www.beautypristroje.sk\/en\/product\/medik8-bakuchiol-peptides\/","og_site_name":"Beauty pr\u00edstroje","article_modified_time":"2025-12-10T08:46:17+00:00","og_image":[{"width":1024,"height":1024,"url":"https:\/\/www.beautypristroje.sk\/wp-content\/uploads\/2025\/04\/Copy-of-Bakuchiol-Peptides-B-1024x1024.png","type":"image\/png"}],"twitter_card":"summary_large_image","twitter_misc":{"Estimated reading time":"4 minutes"},"schema":{"@context":"https:\/\/schema.org","@graph":[{"@type":"WebPage","@id":"https:\/\/www.beautypristroje.sk\/produkt\/medik8-bakuchiol-peptides\/","url":"https:\/\/www.beautypristroje.sk\/produkt\/medik8-bakuchiol-peptides\/","name":"Medik8 Bakuchiol Peptides\u2122 - Beauty pr\u00edstroje","isPartOf":{"@id":"https:\/\/www.beautypristroje.sk\/#website"},"primaryImageOfPage":{"@id":"https:\/\/www.beautypristroje.sk\/produkt\/medik8-bakuchiol-peptides\/#primaryimage"},"image":{"@id":"https:\/\/www.beautypristroje.sk\/produkt\/medik8-bakuchiol-peptides\/#primaryimage"},"thumbnailUrl":"https:\/\/www.beautypristroje.sk\/wp-content\/uploads\/2025\/04\/Copy-of-Bakuchiol-Peptides-B.png","datePublished":"2025-04-07T13:05:17+00:00","dateModified":"2025-12-10T08:46:17+00:00","description":"Medik8 Bakuchiol Peptides 30\u202fml \u2013 pr\u00edrodn\u00e9 peptidov\u00e9 s\u00e9rum ako alternat\u00edva vitam\u00ednu A, s bakuchiolom, rozjas\u0148uj\u00facimi peptidmi a omega olejom pre zdrav\u00fa ple\u0165.","breadcrumb":{"@id":"https:\/\/www.beautypristroje.sk\/produkt\/medik8-bakuchiol-peptides\/#breadcrumb"},"inLanguage":"en-GB","potentialAction":[{"@type":"ReadAction","target":["https:\/\/www.beautypristroje.sk\/produkt\/medik8-bakuchiol-peptides\/"]}]},{"@type":"ImageObject","inLanguage":"en-GB","@id":"https:\/\/www.beautypristroje.sk\/produkt\/medik8-bakuchiol-peptides\/#primaryimage","url":"https:\/\/www.beautypristroje.sk\/wp-content\/uploads\/2025\/04\/Copy-of-Bakuchiol-Peptides-B.png","contentUrl":"https:\/\/www.beautypristroje.sk\/wp-content\/uploads\/2025\/04\/Copy-of-Bakuchiol-Peptides-B.png","width":2000,"height":2000,"caption":"Bakuchiol Peptides\u2122 \u2013 peptidov\u00e9 olejov\u00e9 s\u00e9rum 30\u202fml, pr\u00edrodn\u00e1 alternat\u00edva vitam\u00ednu A, s 1,25\u202f% bakuchiolom, rozjas\u0148uj\u00facimi peptidmi, pupo\u010dn\u00edkom \u00e1zijsk\u00fdm a Inka omega olejom."},{"@type":"BreadcrumbList","@id":"https:\/\/www.beautypristroje.sk\/produkt\/medik8-bakuchiol-peptides\/#breadcrumb","itemListElement":[{"@type":"ListItem","position":1,"name":"Domovsk\u00e1 str\u00e1nka","item":"https:\/\/www.beautypristroje.sk\/"},{"@type":"ListItem","position":2,"name":"Obchod","item":"https:\/\/www.beautypristroje.sk\/obchod\/"},{"@type":"ListItem","position":3,"name":"Medik8 Bakuchiol Peptides\u2122"}]},{"@type":"WebSite","@id":"https:\/\/www.beautypristroje.sk\/#website","url":"https:\/\/www.beautypristroje.sk\/","name":"Beauty pr\u00edstroje","description":"Profesion\u00e1lne kozmetick\u00e9 pr\u00edstroje pre sal\u00f3ny a kliniky","potentialAction":[{"@type":"SearchAction","target":{"@type":"EntryPoint","urlTemplate":"https:\/\/www.beautypristroje.sk\/?s={search_term_string}"},"query-input":{"@type":"PropertyValueSpecification","valueRequired":true,"valueName":"search_term_string"}}],"inLanguage":"en-GB"}]}},"_links":{"self":[{"href":"https:\/\/www.beautypristroje.sk\/en\/wp-json\/wp\/v2\/product\/669","targetHints":{"allow":["GET"]}}],"collection":[{"href":"https:\/\/www.beautypristroje.sk\/en\/wp-json\/wp\/v2\/product"}],"about":[{"href":"https:\/\/www.beautypristroje.sk\/en\/wp-json\/wp\/v2\/types\/product"}],"replies":[{"embeddable":true,"href":"https:\/\/www.beautypristroje.sk\/en\/wp-json\/wp\/v2\/comments?post=669"}],"wp:featuredmedia":[{"embeddable":true,"href":"https:\/\/www.beautypristroje.sk\/en\/wp-json\/wp\/v2\/media\/672"}],"wp:attachment":[{"href":"https:\/\/www.beautypristroje.sk\/en\/wp-json\/wp\/v2\/media?parent=669"}],"wp:term":[{"taxonomy":"product_brand","embeddable":true,"href":"https:\/\/www.beautypristroje.sk\/en\/wp-json\/wp\/v2\/product_brand?post=669"},{"taxonomy":"product_cat","embeddable":true,"href":"https:\/\/www.beautypristroje.sk\/en\/wp-json\/wp\/v2\/product_cat?post=669"},{"taxonomy":"product_tag","embeddable":true,"href":"https:\/\/www.beautypristroje.sk\/en\/wp-json\/wp\/v2\/product_tag?post=669"}],"curies":[{"name":"wp","href":"https:\/\/api.w.org\/{rel}","templated":true}]}}