{"id":668,"date":"2025-04-07T14:59:27","date_gmt":"2025-04-07T12:59:27","guid":{"rendered":"https:\/\/www.beautypristroje.sk\/?post_type=product&#038;p=668"},"modified":"2025-12-10T09:46:17","modified_gmt":"2025-12-10T08:46:17","slug":"intelligent-retinol-smoothing-night-cream-night-ritual-vitamin-a","status":"publish","type":"product","link":"https:\/\/www.beautypristroje.sk\/en\/product\/intelligent-retinol-smoothing-night-cream-night-ritual-vitamin-a\/","title":{"rendered":"Medik8 Intelligent Retinol Smoothing Night Cream (Night Ritual Vitamin A)"},"content":{"rendered":"<p>Vidite\u013ene zjemnite a obnovte svoj vzh\u013ead pleti cez noc s dvojit\u00e9m no\u010dn\u00fdm kr\u00e9mom Medik8 Intelligent Retinol Smoothing .<\/p>\n<p>Kombinovan\u00edm pomaly uvo\u013e\u0148ovan\u00e9ho 0,2% retinolu s v\u00fd\u017eivn\u00fdmi antioxidantmi, Intelligent Retinol Smoothing Night Cream p\u00f4sob\u00ed na jemn\u00e9 zjemnenie a vyhladenie vzh\u013eadu pleti, pri\u010dom ju obklop\u00ed vlhkos\u0165ou po\u010das celej noci.<\/p>\n<p>Formul\u00e1cia bohat\u00e1 na antioxidanty tie\u017e pom\u00e1ha bojova\u0165 proti starn\u00facim \u00fa\u010dinkom vonkaj\u0161\u00edch stresorov pre mladistvej\u0161\u00ed vzh\u013ead pleti do r\u00e1na.<\/p>\n<p>Ide\u00e1lny no\u010dn\u00fd hydrata\u010dn\u00fd kr\u00e9m pre za\u010d\u00ednaj\u00facich pou\u017e\u00edvate\u013eov retinolu, alebo pre t\u00fdch, ktor\u00ed h\u013eadaj\u00fa stru\u010dn\u00fa ve\u010dern\u00fa rutinu.<\/p>\n<h3><strong>V\u00ddHODY<\/strong><\/h3>\n<div class=\"copy\">\n<div class=\"copy\">\n<h5>Jemne vyhladen\u00e1 ple\u0165<\/h5>\n<p>0,2 % retinol jemne exfoliuje poko\u017eku, \u010d\u00edm vidite\u013ene zjem\u0148uje jej nerovnomern\u00fa text\u00faru.<\/p>\n<h5>Antioxida\u010dn\u00e1 ochrana<\/h5>\n<\/div>\n<div class=\"copy\">\n<p>Pom\u00e1ha bojova\u0165 proti \u0161kodliv\u00fdm a starn\u00facim \u00fa\u010dinkom vo\u013en\u00fdch radik\u00e1lov, ktor\u00e9 sa nahromadili po\u010das d\u0148a, pre mladistvej\u0161\u00ed vzh\u013ead pleti r\u00e1no.<\/p>\n<h5>H\u013abkov\u00e1 v\u00fd\u017eiva pleti<\/h5>\n<\/div>\n<div class=\"copy\">\n<p>Obklopuje poko\u017eku bohatou, no r\u00fdchlo sa vstreb\u00e1vaj\u00facou v\u00fd\u017eivou, ktor\u00e1 zanech\u00e1va ple\u0165 jemnej\u0161iu a pru\u017enej\u0161iu.<\/p>\n<h5>Kompaktn\u00e1 2 v 1 formula<\/h5>\n<\/div>\n<div class=\"copy\">\n<p>Ide\u00e1lny no\u010dn\u00fd hydrata\u010dn\u00fd kr\u00e9m pre za\u010diato\u010dn\u00edkov s retinolom alebo pre t\u00fdch, ktor\u00ed h\u013eadaj\u00fa jednoduch\u00fa ve\u010dern\u00fa rutinu s vidite\u013en\u00fdmi v\u00fdsledkami proti starnutiu.<\/p>\n<h5>Efekt\u00edvne v\u00fdsledky a\u017e do poslednej kvapky<\/h5>\n<\/div>\n<div class=\"copy\">\n<p>Technol\u00f3gia enkapsul\u00e1cie Medik8 zais\u0165uje, \u017ee ple\u0165 zost\u00e1va po\u010das celej noci v komforte, zatia\u013e \u010do zlo\u017eenie zost\u00e1va stabiln\u00e9 a \u00fa\u010dinn\u00e9 a\u017e do poslednej kvapky.<\/p>\n<p><b>K\u013d\u00da\u010cOV\u00c9 ZLO\u017dKY<\/b><\/p>\n<\/div>\n<\/div>\n<h5><img decoding=\"async\" class=\"list-item-icon\" src=\"https:\/\/medik8.sk\/cdn\/shop\/files\/PDP_Key_Ingredients_Retinol.svg?v=1738240623&amp;width=50\" alt=\"Ingredient Icon 1\" width=\"50\" height=\"auto\" \/>Retinol (0.2%)<\/h5>\n<div class=\"copy\">\n<p>Klasick\u00e1 forma vitam\u00ednu A, ktor\u00e1 podporuje tvorbu kolag\u00e9nu a prirodzen\u00fd regenera\u010dn\u00fd cyklus poko\u017eky. Pom\u00e1ha vyhladzova\u0165 text\u00faru pleti a zlep\u0161uje jej celkov\u00fd vzh\u013ead.<\/p>\n<h5><img decoding=\"async\" class=\"list-item-icon\" src=\"https:\/\/medik8.sk\/cdn\/shop\/files\/PDP_Key_Ingredients_Vitamin_E_Icon_1.svg?v=1738240623&amp;width=50\" alt=\"Ingredient Icon 2\" width=\"50\" height=\"auto\" \/>Vitam\u00edn E<\/h5>\n<\/div>\n<div class=\"copy\">\n<p>Siln\u00fd antioxidant, ktor\u00fd poskytuje \u010fal\u0161iu ochranu proti vo\u013en\u00fdm radik\u00e1lom, ktor\u00e9 ur\u00fdch\u013euj\u00fa starnutie poko\u017eky. Takisto zvy\u0161uje \u00fa\u010dinnos\u0165 vitam\u00ednu C pre optim\u00e1lne vidite\u013en\u00e9 v\u00fdsledky.<\/p>\n<h5><img decoding=\"async\" class=\"list-item-icon\" src=\"https:\/\/medik8.sk\/cdn\/shop\/files\/PDP_Key_Ingredients_Dragon_Fruit_Extract_Icon_eb6b570c-1ceb-4de4-83fa-b7de379b19b4.svg?v=1738240597&amp;width=50\" alt=\"Ingredient Icon 3\" width=\"50\" height=\"auto\" \/>Extrakt z dra\u010dieho ovocia<\/h5>\n<\/div>\n<div class=\"copy\">\n<p>Poch\u00e1dza z kaktusu, ktor\u00fd kvitne v noci v Mexiku, extrakt z dra\u010dieho ovocia poskytuje v\u00fdnimo\u010dn\u00fa antioxida\u010dn\u00fa ochranu, pri\u010dom zdvihne a tonizuje ple\u0165.<\/p>\n<\/div>\n<h3><strong>AKO POU\u017d\u00cdVA\u0164<\/strong><\/h3>\n<p>Po ve\u010dernom vy\u010disten\u00ed, rovnomerne naneste na tv\u00e1r, krk a dekolt pomocou jemn\u00fdch pohybov smerom nahor.<\/p>\n<h6>POZN\u00c1MKA<\/h6>\n<p>Aplik\u00e1ciu retinolu by ste mali zav\u00e1dza\u0165 postupne. Po\u010das prv\u00fdch 2 t\u00fd\u017ed\u0148ov pou\u017e\u00edvajte dvakr\u00e1t t\u00fd\u017edenne, po\u010das \u010fal\u0161\u00edch 2 t\u00fd\u017ed\u0148ov ka\u017ed\u00fa druh\u00fa noc a potom ka\u017ed\u00fa noc.<\/p>\n<h3><strong>OBSAH BALENIA<\/strong><\/h3>\n<p>Balenie 50 ml<\/p>\n<h3><strong>ZLO\u017dENIE<\/strong><\/h3>\n<p>Aqua (Water), Caprylic\/Capric Triglyceride, Dimethicone, Methylpropanediol, Cetearyl Alcohol, Polymethyl Methacrylate, Glycerin, C12-16 Alcohols, Cetearyl Isononanoate, Distarch Phosphate, PPG-12\/SMDI Copolymer, Stearic Acid, Tocopheryl Acetate, Propylene Glycol, Sodium Acrylate\/Sodium Acryloyldimethyl Taurate Copolymer, Palmitic Acid, Cetearyl Olivate, Caprylyl Glycol, Tricaprylin, Behenyl Alcohol, Hydrogenated Lecithin, Sorbitan Olivate, Squalane, Hydroxyacetophenone, Retinol, Disodium EDTA, Arginine, Sodium Hyaluronate, Phenylpropanol, Citrus Aurantium Amara (Bitter Orange) Flower Oil, Rosmarinus Officinalis (Rosemary) Leaf Oil, Sorbitol, Citrus Aurantium Dulcis (Orange) Peel Oil, Hylocereus Undatus (Dragon Fruit) Fruit Extract, Lavandula Angustifolia (Lavender) Herb Oil, Anthemis Nobilis (Chamomile) Flower Oil, Pogostemon Cablin (Patchouli) Leaf Oil, Vetiveria Zizanoides (Vetiver) Root Oil, BHT, Ascorbic Acid, Limonene, Linalool, Geraniol.<\/p>\n<p>*Aj ke\u010f sa sna\u017e\u00edme zaisti\u0165 presnos\u0165 tohto zoznamu zlo\u017eiek, niekedy m\u00f4\u017ee d\u00f4js\u0165 k vylep\u0161eniam produktu alebo k miernym rozdielom medzi r\u00f4znymi regi\u00f3nmi na z\u00e1klade miestnych z\u00e1konov. Jedin\u00fd definit\u00edvny zoznam zlo\u017eiek je preto ten, ktor\u00fd je vytla\u010den\u00fd na obale produktu.<\/p>","protected":false},"excerpt":{"rendered":"<p>50ml<\/p>\n<p>No\u010dn\u00fd antioxida\u010dn\u00fd kr\u00e9m s vitam\u00ednom A<br \/>\n0,2% retinol, kyselina hyaur\u00f3nov\u00e1, vitam\u00edn E, extrakt z dra\u010dieho ovocia<\/p>","protected":false},"featured_media":977,"comment_status":"open","ping_status":"closed","template":"","meta":{"_acf_changed":false},"product_brand":[77],"product_cat":[75,26],"product_tag":[],"class_list":{"0":"post-668","1":"product","2":"type-product","3":"status-publish","4":"has-post-thumbnail","6":"product_brand-medik8","7":"product_cat-kremy-a-sera","8":"product_cat-skincare-produkty","10":"first","11":"instock","12":"taxable","13":"shipping-taxable","14":"purchasable","15":"product-type-simple"},"acf":[],"yoast_head":"<!-- This site is optimized with the Yoast SEO plugin v27.5 - https:\/\/yoast.com\/product\/yoast-seo-wordpress\/ -->\n<title>Medik8 Intelligent Retinol Smoothing Night Cream (Night Ritual Vitamin A) - Beauty pr\u00edstroje<\/title>\n<meta name=\"description\" content=\"No\u010dn\u00fd kr\u00e9m Intelligent Retinol Smoothing 50\u202fml s 0,2\u202f% retinolom, kyselinou hyalur\u00f3novou a vitam\u00ednom\u202fE obnovuje a vyhladzuje ple\u0165 cez noc.\" \/>\n<meta name=\"robots\" content=\"index, follow, max-snippet:-1, max-image-preview:large, max-video-preview:-1\" \/>\n<link rel=\"canonical\" href=\"https:\/\/www.beautypristroje.sk\/en\/product\/intelligent-retinol-smoothing-night-cream-night-ritual-vitamin-a\/\" \/>\n<meta property=\"og:locale\" content=\"en_GB\" \/>\n<meta property=\"og:type\" content=\"article\" \/>\n<meta property=\"og:title\" content=\"Medik8 Intelligent Retinol Smoothing Night Cream (Night Ritual Vitamin A) - Beauty pr\u00edstroje\" \/>\n<meta property=\"og:description\" content=\"No\u010dn\u00fd kr\u00e9m Intelligent Retinol Smoothing 50\u202fml s 0,2\u202f% retinolom, kyselinou hyalur\u00f3novou a vitam\u00ednom\u202fE obnovuje a vyhladzuje ple\u0165 cez noc.\" \/>\n<meta property=\"og:url\" content=\"https:\/\/www.beautypristroje.sk\/en\/product\/intelligent-retinol-smoothing-night-cream-night-ritual-vitamin-a\/\" \/>\n<meta property=\"og:site_name\" content=\"Beauty pr\u00edstroje\" \/>\n<meta property=\"article:modified_time\" content=\"2025-12-10T08:46:17+00:00\" \/>\n<meta property=\"og:image\" content=\"https:\/\/www.beautypristroje.sk\/wp-content\/uploads\/2025\/04\/20230922-PDP-Asset-1-Intelligent-Retinol-Smoothing-Night-Cream-Packshot-ROW.jpg\" \/>\n\t<meta property=\"og:image:width\" content=\"2000\" \/>\n\t<meta property=\"og:image:height\" content=\"2000\" \/>\n\t<meta property=\"og:image:type\" content=\"image\/jpeg\" \/>\n<meta name=\"twitter:card\" content=\"summary_large_image\" \/>\n<meta name=\"twitter:label1\" content=\"Estimated reading time\" \/>\n\t<meta name=\"twitter:data1\" content=\"4 minutes\" \/>\n<script type=\"application\/ld+json\" class=\"yoast-schema-graph\">{\"@context\":\"https:\\\/\\\/schema.org\",\"@graph\":[{\"@type\":\"WebPage\",\"@id\":\"https:\\\/\\\/www.beautypristroje.sk\\\/produkt\\\/intelligent-retinol-smoothing-night-cream-night-ritual-vitamin-a\\\/\",\"url\":\"https:\\\/\\\/www.beautypristroje.sk\\\/produkt\\\/intelligent-retinol-smoothing-night-cream-night-ritual-vitamin-a\\\/\",\"name\":\"Medik8 Intelligent Retinol Smoothing Night Cream (Night Ritual Vitamin A) - Beauty pr\u00edstroje\",\"isPartOf\":{\"@id\":\"https:\\\/\\\/www.beautypristroje.sk\\\/#website\"},\"primaryImageOfPage\":{\"@id\":\"https:\\\/\\\/www.beautypristroje.sk\\\/produkt\\\/intelligent-retinol-smoothing-night-cream-night-ritual-vitamin-a\\\/#primaryimage\"},\"image\":{\"@id\":\"https:\\\/\\\/www.beautypristroje.sk\\\/produkt\\\/intelligent-retinol-smoothing-night-cream-night-ritual-vitamin-a\\\/#primaryimage\"},\"thumbnailUrl\":\"https:\\\/\\\/www.beautypristroje.sk\\\/wp-content\\\/uploads\\\/2025\\\/04\\\/20230922-PDP-Asset-1-Intelligent-Retinol-Smoothing-Night-Cream-Packshot-ROW.jpg\",\"datePublished\":\"2025-04-07T12:59:27+00:00\",\"dateModified\":\"2025-12-10T08:46:17+00:00\",\"description\":\"No\u010dn\u00fd kr\u00e9m Intelligent Retinol Smoothing 50\u202fml s 0,2\u202f% retinolom, kyselinou hyalur\u00f3novou a vitam\u00ednom\u202fE obnovuje a vyhladzuje ple\u0165 cez noc.\",\"breadcrumb\":{\"@id\":\"https:\\\/\\\/www.beautypristroje.sk\\\/produkt\\\/intelligent-retinol-smoothing-night-cream-night-ritual-vitamin-a\\\/#breadcrumb\"},\"inLanguage\":\"en-GB\",\"potentialAction\":[{\"@type\":\"ReadAction\",\"target\":[\"https:\\\/\\\/www.beautypristroje.sk\\\/produkt\\\/intelligent-retinol-smoothing-night-cream-night-ritual-vitamin-a\\\/\"]}]},{\"@type\":\"ImageObject\",\"inLanguage\":\"en-GB\",\"@id\":\"https:\\\/\\\/www.beautypristroje.sk\\\/produkt\\\/intelligent-retinol-smoothing-night-cream-night-ritual-vitamin-a\\\/#primaryimage\",\"url\":\"https:\\\/\\\/www.beautypristroje.sk\\\/wp-content\\\/uploads\\\/2025\\\/04\\\/20230922-PDP-Asset-1-Intelligent-Retinol-Smoothing-Night-Cream-Packshot-ROW.jpg\",\"contentUrl\":\"https:\\\/\\\/www.beautypristroje.sk\\\/wp-content\\\/uploads\\\/2025\\\/04\\\/20230922-PDP-Asset-1-Intelligent-Retinol-Smoothing-Night-Cream-Packshot-ROW.jpg\",\"width\":2000,\"height\":2000,\"caption\":\"Intelligent Retinol Smoothing Night Cream 50\u202fml \u2013 no\u010dn\u00fd antioxida\u010dn\u00fd kr\u00e9m s 0,2\u202f% retinolom, kyselinou hyalur\u00f3novou, vitam\u00ednom\u202fE a extraktom z dra\u010dieho ovocia.\"},{\"@type\":\"BreadcrumbList\",\"@id\":\"https:\\\/\\\/www.beautypristroje.sk\\\/produkt\\\/intelligent-retinol-smoothing-night-cream-night-ritual-vitamin-a\\\/#breadcrumb\",\"itemListElement\":[{\"@type\":\"ListItem\",\"position\":1,\"name\":\"Domovsk\u00e1 str\u00e1nka\",\"item\":\"https:\\\/\\\/www.beautypristroje.sk\\\/\"},{\"@type\":\"ListItem\",\"position\":2,\"name\":\"Obchod\",\"item\":\"https:\\\/\\\/www.beautypristroje.sk\\\/obchod\\\/\"},{\"@type\":\"ListItem\",\"position\":3,\"name\":\"Medik8 Intelligent Retinol Smoothing Night Cream (Night Ritual Vitamin A)\"}]},{\"@type\":\"WebSite\",\"@id\":\"https:\\\/\\\/www.beautypristroje.sk\\\/#website\",\"url\":\"https:\\\/\\\/www.beautypristroje.sk\\\/\",\"name\":\"Beauty pr\u00edstroje\",\"description\":\"Profesion\u00e1lne kozmetick\u00e9 pr\u00edstroje pre sal\u00f3ny a kliniky\",\"potentialAction\":[{\"@type\":\"SearchAction\",\"target\":{\"@type\":\"EntryPoint\",\"urlTemplate\":\"https:\\\/\\\/www.beautypristroje.sk\\\/?s={search_term_string}\"},\"query-input\":{\"@type\":\"PropertyValueSpecification\",\"valueRequired\":true,\"valueName\":\"search_term_string\"}}],\"inLanguage\":\"en-GB\"}]}<\/script>\n<!-- \/ Yoast SEO plugin. -->","yoast_head_json":{"title":"Medik8 Intelligent Retinol Smoothing Night Cream (Night Ritual Vitamin A) - Beauty pr\u00edstroje","description":"No\u010dn\u00fd kr\u00e9m Intelligent Retinol Smoothing 50\u202fml s 0,2\u202f% retinolom, kyselinou hyalur\u00f3novou a vitam\u00ednom\u202fE obnovuje a vyhladzuje ple\u0165 cez noc.","robots":{"index":"index","follow":"follow","max-snippet":"max-snippet:-1","max-image-preview":"max-image-preview:large","max-video-preview":"max-video-preview:-1"},"canonical":"https:\/\/www.beautypristroje.sk\/en\/product\/intelligent-retinol-smoothing-night-cream-night-ritual-vitamin-a\/","og_locale":"en_GB","og_type":"article","og_title":"Medik8 Intelligent Retinol Smoothing Night Cream (Night Ritual Vitamin A) - Beauty pr\u00edstroje","og_description":"No\u010dn\u00fd kr\u00e9m Intelligent Retinol Smoothing 50\u202fml s 0,2\u202f% retinolom, kyselinou hyalur\u00f3novou a vitam\u00ednom\u202fE obnovuje a vyhladzuje ple\u0165 cez noc.","og_url":"https:\/\/www.beautypristroje.sk\/en\/product\/intelligent-retinol-smoothing-night-cream-night-ritual-vitamin-a\/","og_site_name":"Beauty pr\u00edstroje","article_modified_time":"2025-12-10T08:46:17+00:00","og_image":[{"width":2000,"height":2000,"url":"https:\/\/www.beautypristroje.sk\/wp-content\/uploads\/2025\/04\/20230922-PDP-Asset-1-Intelligent-Retinol-Smoothing-Night-Cream-Packshot-ROW.jpg","type":"image\/jpeg"}],"twitter_card":"summary_large_image","twitter_misc":{"Estimated reading time":"4 minutes"},"schema":{"@context":"https:\/\/schema.org","@graph":[{"@type":"WebPage","@id":"https:\/\/www.beautypristroje.sk\/produkt\/intelligent-retinol-smoothing-night-cream-night-ritual-vitamin-a\/","url":"https:\/\/www.beautypristroje.sk\/produkt\/intelligent-retinol-smoothing-night-cream-night-ritual-vitamin-a\/","name":"Medik8 Intelligent Retinol Smoothing Night Cream (Night Ritual Vitamin A) - Beauty pr\u00edstroje","isPartOf":{"@id":"https:\/\/www.beautypristroje.sk\/#website"},"primaryImageOfPage":{"@id":"https:\/\/www.beautypristroje.sk\/produkt\/intelligent-retinol-smoothing-night-cream-night-ritual-vitamin-a\/#primaryimage"},"image":{"@id":"https:\/\/www.beautypristroje.sk\/produkt\/intelligent-retinol-smoothing-night-cream-night-ritual-vitamin-a\/#primaryimage"},"thumbnailUrl":"https:\/\/www.beautypristroje.sk\/wp-content\/uploads\/2025\/04\/20230922-PDP-Asset-1-Intelligent-Retinol-Smoothing-Night-Cream-Packshot-ROW.jpg","datePublished":"2025-04-07T12:59:27+00:00","dateModified":"2025-12-10T08:46:17+00:00","description":"No\u010dn\u00fd kr\u00e9m Intelligent Retinol Smoothing 50\u202fml s 0,2\u202f% retinolom, kyselinou hyalur\u00f3novou a vitam\u00ednom\u202fE obnovuje a vyhladzuje ple\u0165 cez noc.","breadcrumb":{"@id":"https:\/\/www.beautypristroje.sk\/produkt\/intelligent-retinol-smoothing-night-cream-night-ritual-vitamin-a\/#breadcrumb"},"inLanguage":"en-GB","potentialAction":[{"@type":"ReadAction","target":["https:\/\/www.beautypristroje.sk\/produkt\/intelligent-retinol-smoothing-night-cream-night-ritual-vitamin-a\/"]}]},{"@type":"ImageObject","inLanguage":"en-GB","@id":"https:\/\/www.beautypristroje.sk\/produkt\/intelligent-retinol-smoothing-night-cream-night-ritual-vitamin-a\/#primaryimage","url":"https:\/\/www.beautypristroje.sk\/wp-content\/uploads\/2025\/04\/20230922-PDP-Asset-1-Intelligent-Retinol-Smoothing-Night-Cream-Packshot-ROW.jpg","contentUrl":"https:\/\/www.beautypristroje.sk\/wp-content\/uploads\/2025\/04\/20230922-PDP-Asset-1-Intelligent-Retinol-Smoothing-Night-Cream-Packshot-ROW.jpg","width":2000,"height":2000,"caption":"Intelligent Retinol Smoothing Night Cream 50\u202fml \u2013 no\u010dn\u00fd antioxida\u010dn\u00fd kr\u00e9m s 0,2\u202f% retinolom, kyselinou hyalur\u00f3novou, vitam\u00ednom\u202fE a extraktom z dra\u010dieho ovocia."},{"@type":"BreadcrumbList","@id":"https:\/\/www.beautypristroje.sk\/produkt\/intelligent-retinol-smoothing-night-cream-night-ritual-vitamin-a\/#breadcrumb","itemListElement":[{"@type":"ListItem","position":1,"name":"Domovsk\u00e1 str\u00e1nka","item":"https:\/\/www.beautypristroje.sk\/"},{"@type":"ListItem","position":2,"name":"Obchod","item":"https:\/\/www.beautypristroje.sk\/obchod\/"},{"@type":"ListItem","position":3,"name":"Medik8 Intelligent Retinol Smoothing Night Cream (Night Ritual Vitamin A)"}]},{"@type":"WebSite","@id":"https:\/\/www.beautypristroje.sk\/#website","url":"https:\/\/www.beautypristroje.sk\/","name":"Beauty pr\u00edstroje","description":"Profesion\u00e1lne kozmetick\u00e9 pr\u00edstroje pre sal\u00f3ny a kliniky","potentialAction":[{"@type":"SearchAction","target":{"@type":"EntryPoint","urlTemplate":"https:\/\/www.beautypristroje.sk\/?s={search_term_string}"},"query-input":{"@type":"PropertyValueSpecification","valueRequired":true,"valueName":"search_term_string"}}],"inLanguage":"en-GB"}]}},"_links":{"self":[{"href":"https:\/\/www.beautypristroje.sk\/en\/wp-json\/wp\/v2\/product\/668","targetHints":{"allow":["GET"]}}],"collection":[{"href":"https:\/\/www.beautypristroje.sk\/en\/wp-json\/wp\/v2\/product"}],"about":[{"href":"https:\/\/www.beautypristroje.sk\/en\/wp-json\/wp\/v2\/types\/product"}],"replies":[{"embeddable":true,"href":"https:\/\/www.beautypristroje.sk\/en\/wp-json\/wp\/v2\/comments?post=668"}],"wp:featuredmedia":[{"embeddable":true,"href":"https:\/\/www.beautypristroje.sk\/en\/wp-json\/wp\/v2\/media\/977"}],"wp:attachment":[{"href":"https:\/\/www.beautypristroje.sk\/en\/wp-json\/wp\/v2\/media?parent=668"}],"wp:term":[{"taxonomy":"product_brand","embeddable":true,"href":"https:\/\/www.beautypristroje.sk\/en\/wp-json\/wp\/v2\/product_brand?post=668"},{"taxonomy":"product_cat","embeddable":true,"href":"https:\/\/www.beautypristroje.sk\/en\/wp-json\/wp\/v2\/product_cat?post=668"},{"taxonomy":"product_tag","embeddable":true,"href":"https:\/\/www.beautypristroje.sk\/en\/wp-json\/wp\/v2\/product_tag?post=668"}],"curies":[{"name":"wp","href":"https:\/\/api.w.org\/{rel}","templated":true}]}}