{"id":660,"date":"2025-04-07T14:57:52","date_gmt":"2025-04-07T12:57:52","guid":{"rendered":"https:\/\/www.beautypristroje.sk\/?post_type=product&#038;p=660"},"modified":"2025-12-10T09:46:17","modified_gmt":"2025-12-10T08:46:17","slug":"intelligent-retinol-10tr","status":"publish","type":"product","link":"https:\/\/www.beautypristroje.sk\/en\/product\/intelligent-retinol-10tr\/","title":{"rendered":"Medik8 Intelligent Retinol 10TR"},"content":{"rendered":"<p>Objavte vidite\u013ene mladistv\u00fa, hladk\u00fa a rozjasnen\u00fa ple\u0165 s Medik8 Intelligent Retinol .<\/p>\n<p>Toto v\u00fdkonn\u00e9 s\u00e9rum s vitam\u00ednom A je odborne obohaten\u00e9 o climbazol (overen\u00fd booster retinolu), pre maxim\u00e1lne vidite\u013en\u00e9 v\u00fdsledky proti starnutiu.<\/p>\n<p>K tomu sa prid\u00e1va v\u00fd\u017eivn\u00fd skval\u00e1n, unik\u00e1tna technol\u00f3gia Time Release Medik8 a v\u00fdber z 3 postupn\u00fdch s\u00edl pre omladzuj\u00facu silu, ktor\u00e1 zost\u00e1va \u0161etrn\u00e1 k v\u0161etk\u00fdm typom pleti.<\/p>\n<h3><strong>V\u00ddHODY<\/strong><\/h3>\n<div class=\"copy\">\n<h5>Vidite\u013ene hlad\u0161ia a \u017eiarivej\u0161ia ple\u0165<\/h5>\n<p>Retinol jemne exfoliuje, \u010d\u00edm postupne vyhladzuje a rozjas\u0148uje ple\u0165.<\/p>\n<h5>Pevnej\u0161ia a pru\u017enej\u0161ia ple\u0165<\/h5>\n<\/div>\n<p>Pom\u00e1ha zlep\u0161i\u0165 vzh\u013ead aj pocit pevnosti pleti.<\/p>\n<h5>Super \u00fa\u010dinn\u00e9 jemn\u00e9 v\u00fdsledky<\/h5>\n<p>Obohaten\u00e9 o climbazol a technol\u00f3giu postupn\u00e9ho uvo\u013e\u0148ovania Time-Release pre intenz\u00edvny a dlhotrvaj\u00faci \u00fa\u010dinok retinolu, ktor\u00fd sa uvo\u013e\u0148uje po\u010das noci a zost\u00e1va \u0161etrn\u00fd k poko\u017eke.<\/p>\n<h5>Prisp\u00f4sobte si svoju rutinu s 3 stup\u0148ami intenzity<\/h5>\n<p>Dostupn\u00e9 v troch koncentr\u00e1ci\u00e1ch \u2013 3TR (0,3 % retinol), 6TR (0,6 % retinol) a 10TR (1 % retinol) \u2013 pre postupn\u00e9 zlep\u0161ovanie vidite\u013en\u00fdch v\u00fdsledkov.<\/p>\n<h5>\u013dahk\u00e1 v\u00fd\u017eiva<\/h5>\n<p>Obohaten\u00e9 o skval\u00e1n a vitam\u00edn E pre \u00fa\u010dinn\u00fa, no \u013eahk\u00fa hydrat\u00e1ciu, ktor\u00e1 zanech\u00e1va poko\u017eku jemn\u00fa a pru\u017en\u00fa.<\/p>\n<div class=\"copy\">\n<h3><b>K\u013d\u00da\u010cOV\u00c9 ZLO\u017dKY<\/b><\/h3>\n<\/div>\n<h5><img decoding=\"async\" class=\"list-item-icon\" src=\"https:\/\/medik8.sk\/cdn\/shop\/files\/PDP_Key_Ingredients_Retinol_03c69c0b-d074-4b4d-9bad-56707562fe5e.svg?v=1738240630&amp;width=50\" alt=\"Ingredient Icon 1\" width=\"50\" height=\"auto\" \/>Retinol<\/h5>\n<div class=\"copy\">\n<p>Klasick\u00e1 forma vitam\u00ednu A, ktor\u00e1 podporuje tvorbu kolag\u00e9nu a ur\u00fdch\u013euje obnovu buniek pre hladk\u00fa a mladistv\u00fa ple\u0165.<\/p>\n<h5><img decoding=\"async\" class=\"list-item-icon\" src=\"https:\/\/medik8.sk\/cdn\/shop\/files\/PDP_Key_Ingredients_Climbazone.svg?v=1738240636&amp;width=50\" alt=\"Ingredient Icon 2\" width=\"50\" height=\"auto\" \/>Climbazole<\/h5>\n<\/div>\n<div class=\"copy\">\n<p>Preuk\u00e1zate\u013ene zvy\u0161uje aktivitu vitam\u00ednu A v poko\u017eke, \u010d\u00edm posil\u0148uje jeho omladzuj\u00face \u00fa\u010dinky bez typick\u00e9ho podr\u00e1\u017edenia.<\/p>\n<h5><img decoding=\"async\" class=\"list-item-icon\" src=\"https:\/\/medik8.sk\/cdn\/shop\/files\/PDP_Key_Ingredients_Squalene_Icon_b1375325-7b49-45b2-b4b4-5343a92574f2.svg?v=1738240596&amp;width=50\" alt=\"Ingredient Icon 3\" width=\"50\" height=\"auto\" \/>Squal\u00e1n<\/h5>\n<\/div>\n<div class=\"copy\">\n<p>Lipid takmer identick\u00fd s pr\u00edrodn\u00fdm lipidom poko\u017eky, ktor\u00fd pom\u00e1ha podporova\u0165 prirodzen\u00fa ko\u017en\u00fa bari\u00e9ru a vy\u017eivuje ple\u0165.<\/p>\n<h3><img decoding=\"async\" class=\"list-item-icon\" src=\"https:\/\/medik8.sk\/cdn\/shop\/files\/PDP_Key_Ingredients_Vitamin_E_Icon_1.svg?v=1738240623&amp;width=50\" alt=\"Ingredient Icon 4\" width=\"50\" height=\"auto\" \/>Vitam\u00edn E<\/h3>\n<\/div>\n<div class=\"copy\">\n<p>Siln\u00fd antioxidant, ktor\u00fd poskytuje \u010fal\u0161iu ochranu proti vo\u013en\u00fdm radik\u00e1lom, ktor\u00e9 ur\u00fdch\u013euj\u00fa starnutie poko\u017eky. Takisto zvy\u0161uje \u00fa\u010dinnos\u0165 vitam\u00ednu C pre optim\u00e1lne vidite\u013en\u00e9 v\u00fdsledky.<\/p>\n<\/div>\n<h3><strong>AKO POU\u017d\u00cdVA\u0164<\/strong><\/h3>\n<p>Po ve\u010dernom \u010disten\u00ed vmas\u00edrujte 4 kvapky Medik8 Intelligent Retinol na tv\u00e1r, krk a dekolt. Nechajte vstreba\u0165 a potom naneste ple\u0165ov\u00fd kr\u00e9m. Odpor\u00fa\u010dame Advanced Night<strong>\u00a0Restore<\/strong>, ktor\u00fd je \u0161peci\u00e1lne navrhnut\u00fd na pou\u017eitie po vitam\u00edne A.<\/p>\n<h6>POZN\u00c1MKA<\/h6>\n<p>Pou\u017e\u00edvanie retinolu by malo by\u0165 zav\u00e1dzan\u00e9 postupne. Pou\u017e\u00edvajte dvakr\u00e1t t\u00fd\u017edenne po\u010das prv\u00fdch 2 t\u00fd\u017ed\u0148ov, ka\u017ed\u00fd druh\u00fd ve\u010der po\u010das nasleduj\u00facich 2 t\u00fd\u017ed\u0148ov a n\u00e1sledne ka\u017ed\u00fa noc.<\/p>\n<h3><strong>OBSAH BALENIA<\/strong><\/h3>\n<p>15 ml s\u00e9ra vydr\u017e\u00ed pri be\u017enom pou\u017e\u00edvan\u00ed a\u017e pribli\u017ene 50 aplik\u00e1ci\u00ed.<\/p>\n<h3><strong>ZLO\u017dENIE<\/strong><\/h3>\n<p>Squalane, Caprylic\/Capric Triglyceride, Carthamus Tinctorius (Safflower) Seed Oil, Dimethicone, Retinol, PPG-12\/SMDI Copolymer, Tocopheryl Acetate, Climbazole, Pogostemon Cablin (Patchouli) Leaf Oil, Decylene Glycol, Phenoxyethanol, BHT, 1,2-Hexanediol, Lecithin.<\/p>\n<p>*Aj ke\u010f sa sna\u017e\u00edme zaisti\u0165 presnos\u0165 tohto zoznamu zlo\u017eiek, niekedy m\u00f4\u017ee d\u00f4js\u0165 k vylep\u0161eniam produktu alebo k miernym rozdielom medzi r\u00f4znymi regi\u00f3nmi na z\u00e1klade miestnych z\u00e1konov. Jedin\u00fd definit\u00edvny zoznam zlo\u017eiek je preto ten, ktor\u00fd je vytla\u010den\u00fd na obale produktu.<\/p>","protected":false},"excerpt":{"rendered":"<p>15 ml<\/p>\n<p>Siln\u00e9 olejov\u00e9 s\u00e9rum<br \/>\n1% retinol, klimbazol, skvalan, vitam\u00edn E<\/p>","protected":false},"featured_media":662,"comment_status":"open","ping_status":"closed","template":"","meta":{"_acf_changed":false},"product_brand":[77],"product_cat":[75,26],"product_tag":[],"class_list":{"0":"post-660","1":"product","2":"type-product","3":"status-publish","4":"has-post-thumbnail","6":"product_brand-medik8","7":"product_cat-kremy-a-sera","8":"product_cat-skincare-produkty","10":"first","11":"instock","12":"taxable","13":"shipping-taxable","14":"purchasable","15":"product-type-simple"},"acf":[],"yoast_head":"<!-- This site is optimized with the Yoast SEO plugin v27.5 - https:\/\/yoast.com\/product\/yoast-seo-wordpress\/ -->\n<title>Medik8 Intelligent Retinol 10TR - Beauty pr\u00edstroje<\/title>\n<meta name=\"description\" content=\"Siln\u00e9 olejov\u00e9 s\u00e9rum Intelligent Retinol 10TR 15\u202fml s 1\u202f% retinolom, skvalanom a vitam\u00ednom\u202fE podporuje obnovu a hladk\u00fa ple\u0165.\" \/>\n<meta name=\"robots\" content=\"index, follow, max-snippet:-1, max-image-preview:large, max-video-preview:-1\" \/>\n<link rel=\"canonical\" href=\"https:\/\/www.beautypristroje.sk\/en\/product\/intelligent-retinol-10tr\/\" \/>\n<meta property=\"og:locale\" content=\"en_GB\" \/>\n<meta property=\"og:type\" content=\"article\" \/>\n<meta property=\"og:title\" content=\"Medik8 Intelligent Retinol 10TR - Beauty pr\u00edstroje\" \/>\n<meta property=\"og:description\" content=\"Siln\u00e9 olejov\u00e9 s\u00e9rum Intelligent Retinol 10TR 15\u202fml s 1\u202f% retinolom, skvalanom a vitam\u00ednom\u202fE podporuje obnovu a hladk\u00fa ple\u0165.\" \/>\n<meta property=\"og:url\" content=\"https:\/\/www.beautypristroje.sk\/en\/product\/intelligent-retinol-10tr\/\" \/>\n<meta property=\"og:site_name\" content=\"Beauty pr\u00edstroje\" \/>\n<meta property=\"article:modified_time\" content=\"2025-12-10T08:46:17+00:00\" \/>\n<meta property=\"og:image\" content=\"https:\/\/www.beautypristroje.sk\/wp-content\/uploads\/2025\/04\/Copy-of-Intelligent-Retinol-10TR-B-1024x1024.png\" \/>\n\t<meta property=\"og:image:width\" content=\"1024\" \/>\n\t<meta property=\"og:image:height\" content=\"1024\" \/>\n\t<meta property=\"og:image:type\" content=\"image\/png\" \/>\n<meta name=\"twitter:card\" content=\"summary_large_image\" \/>\n<meta name=\"twitter:label1\" content=\"Estimated reading time\" \/>\n\t<meta name=\"twitter:data1\" content=\"4 minutes\" \/>\n<script type=\"application\/ld+json\" class=\"yoast-schema-graph\">{\"@context\":\"https:\\\/\\\/schema.org\",\"@graph\":[{\"@type\":\"WebPage\",\"@id\":\"https:\\\/\\\/www.beautypristroje.sk\\\/produkt\\\/intelligent-retinol-10tr\\\/\",\"url\":\"https:\\\/\\\/www.beautypristroje.sk\\\/produkt\\\/intelligent-retinol-10tr\\\/\",\"name\":\"Medik8 Intelligent Retinol 10TR - Beauty pr\u00edstroje\",\"isPartOf\":{\"@id\":\"https:\\\/\\\/www.beautypristroje.sk\\\/#website\"},\"primaryImageOfPage\":{\"@id\":\"https:\\\/\\\/www.beautypristroje.sk\\\/produkt\\\/intelligent-retinol-10tr\\\/#primaryimage\"},\"image\":{\"@id\":\"https:\\\/\\\/www.beautypristroje.sk\\\/produkt\\\/intelligent-retinol-10tr\\\/#primaryimage\"},\"thumbnailUrl\":\"https:\\\/\\\/www.beautypristroje.sk\\\/wp-content\\\/uploads\\\/2025\\\/04\\\/Copy-of-Intelligent-Retinol-10TR-B.png\",\"datePublished\":\"2025-04-07T12:57:52+00:00\",\"dateModified\":\"2025-12-10T08:46:17+00:00\",\"description\":\"Siln\u00e9 olejov\u00e9 s\u00e9rum Intelligent Retinol 10TR 15\u202fml s 1\u202f% retinolom, skvalanom a vitam\u00ednom\u202fE podporuje obnovu a hladk\u00fa ple\u0165.\",\"breadcrumb\":{\"@id\":\"https:\\\/\\\/www.beautypristroje.sk\\\/produkt\\\/intelligent-retinol-10tr\\\/#breadcrumb\"},\"inLanguage\":\"en-GB\",\"potentialAction\":[{\"@type\":\"ReadAction\",\"target\":[\"https:\\\/\\\/www.beautypristroje.sk\\\/produkt\\\/intelligent-retinol-10tr\\\/\"]}]},{\"@type\":\"ImageObject\",\"inLanguage\":\"en-GB\",\"@id\":\"https:\\\/\\\/www.beautypristroje.sk\\\/produkt\\\/intelligent-retinol-10tr\\\/#primaryimage\",\"url\":\"https:\\\/\\\/www.beautypristroje.sk\\\/wp-content\\\/uploads\\\/2025\\\/04\\\/Copy-of-Intelligent-Retinol-10TR-B.png\",\"contentUrl\":\"https:\\\/\\\/www.beautypristroje.sk\\\/wp-content\\\/uploads\\\/2025\\\/04\\\/Copy-of-Intelligent-Retinol-10TR-B.png\",\"width\":2000,\"height\":2000,\"caption\":\"Intelligent Retinol 10TR 15\u202fml \u2013 siln\u00e9 olejov\u00e9 s\u00e9rum s 1\u202f% retinolom, klimbazolom, skvalanom a vitam\u00ednom\u202fE pre obnovu a vyhladenie pleti.\"},{\"@type\":\"BreadcrumbList\",\"@id\":\"https:\\\/\\\/www.beautypristroje.sk\\\/produkt\\\/intelligent-retinol-10tr\\\/#breadcrumb\",\"itemListElement\":[{\"@type\":\"ListItem\",\"position\":1,\"name\":\"Domovsk\u00e1 str\u00e1nka\",\"item\":\"https:\\\/\\\/www.beautypristroje.sk\\\/\"},{\"@type\":\"ListItem\",\"position\":2,\"name\":\"Obchod\",\"item\":\"https:\\\/\\\/www.beautypristroje.sk\\\/obchod\\\/\"},{\"@type\":\"ListItem\",\"position\":3,\"name\":\"Medik8 Intelligent Retinol 10TR\"}]},{\"@type\":\"WebSite\",\"@id\":\"https:\\\/\\\/www.beautypristroje.sk\\\/#website\",\"url\":\"https:\\\/\\\/www.beautypristroje.sk\\\/\",\"name\":\"Beauty pr\u00edstroje\",\"description\":\"Profesion\u00e1lne kozmetick\u00e9 pr\u00edstroje pre sal\u00f3ny a kliniky\",\"potentialAction\":[{\"@type\":\"SearchAction\",\"target\":{\"@type\":\"EntryPoint\",\"urlTemplate\":\"https:\\\/\\\/www.beautypristroje.sk\\\/?s={search_term_string}\"},\"query-input\":{\"@type\":\"PropertyValueSpecification\",\"valueRequired\":true,\"valueName\":\"search_term_string\"}}],\"inLanguage\":\"en-GB\"}]}<\/script>\n<!-- \/ Yoast SEO plugin. -->","yoast_head_json":{"title":"Medik8 Intelligent Retinol 10TR - Beauty pr\u00edstroje","description":"Siln\u00e9 olejov\u00e9 s\u00e9rum Intelligent Retinol 10TR 15\u202fml s 1\u202f% retinolom, skvalanom a vitam\u00ednom\u202fE podporuje obnovu a hladk\u00fa ple\u0165.","robots":{"index":"index","follow":"follow","max-snippet":"max-snippet:-1","max-image-preview":"max-image-preview:large","max-video-preview":"max-video-preview:-1"},"canonical":"https:\/\/www.beautypristroje.sk\/en\/product\/intelligent-retinol-10tr\/","og_locale":"en_GB","og_type":"article","og_title":"Medik8 Intelligent Retinol 10TR - Beauty pr\u00edstroje","og_description":"Siln\u00e9 olejov\u00e9 s\u00e9rum Intelligent Retinol 10TR 15\u202fml s 1\u202f% retinolom, skvalanom a vitam\u00ednom\u202fE podporuje obnovu a hladk\u00fa ple\u0165.","og_url":"https:\/\/www.beautypristroje.sk\/en\/product\/intelligent-retinol-10tr\/","og_site_name":"Beauty pr\u00edstroje","article_modified_time":"2025-12-10T08:46:17+00:00","og_image":[{"width":1024,"height":1024,"url":"https:\/\/www.beautypristroje.sk\/wp-content\/uploads\/2025\/04\/Copy-of-Intelligent-Retinol-10TR-B-1024x1024.png","type":"image\/png"}],"twitter_card":"summary_large_image","twitter_misc":{"Estimated reading time":"4 minutes"},"schema":{"@context":"https:\/\/schema.org","@graph":[{"@type":"WebPage","@id":"https:\/\/www.beautypristroje.sk\/produkt\/intelligent-retinol-10tr\/","url":"https:\/\/www.beautypristroje.sk\/produkt\/intelligent-retinol-10tr\/","name":"Medik8 Intelligent Retinol 10TR - Beauty pr\u00edstroje","isPartOf":{"@id":"https:\/\/www.beautypristroje.sk\/#website"},"primaryImageOfPage":{"@id":"https:\/\/www.beautypristroje.sk\/produkt\/intelligent-retinol-10tr\/#primaryimage"},"image":{"@id":"https:\/\/www.beautypristroje.sk\/produkt\/intelligent-retinol-10tr\/#primaryimage"},"thumbnailUrl":"https:\/\/www.beautypristroje.sk\/wp-content\/uploads\/2025\/04\/Copy-of-Intelligent-Retinol-10TR-B.png","datePublished":"2025-04-07T12:57:52+00:00","dateModified":"2025-12-10T08:46:17+00:00","description":"Siln\u00e9 olejov\u00e9 s\u00e9rum Intelligent Retinol 10TR 15\u202fml s 1\u202f% retinolom, skvalanom a vitam\u00ednom\u202fE podporuje obnovu a hladk\u00fa ple\u0165.","breadcrumb":{"@id":"https:\/\/www.beautypristroje.sk\/produkt\/intelligent-retinol-10tr\/#breadcrumb"},"inLanguage":"en-GB","potentialAction":[{"@type":"ReadAction","target":["https:\/\/www.beautypristroje.sk\/produkt\/intelligent-retinol-10tr\/"]}]},{"@type":"ImageObject","inLanguage":"en-GB","@id":"https:\/\/www.beautypristroje.sk\/produkt\/intelligent-retinol-10tr\/#primaryimage","url":"https:\/\/www.beautypristroje.sk\/wp-content\/uploads\/2025\/04\/Copy-of-Intelligent-Retinol-10TR-B.png","contentUrl":"https:\/\/www.beautypristroje.sk\/wp-content\/uploads\/2025\/04\/Copy-of-Intelligent-Retinol-10TR-B.png","width":2000,"height":2000,"caption":"Intelligent Retinol 10TR 15\u202fml \u2013 siln\u00e9 olejov\u00e9 s\u00e9rum s 1\u202f% retinolom, klimbazolom, skvalanom a vitam\u00ednom\u202fE pre obnovu a vyhladenie pleti."},{"@type":"BreadcrumbList","@id":"https:\/\/www.beautypristroje.sk\/produkt\/intelligent-retinol-10tr\/#breadcrumb","itemListElement":[{"@type":"ListItem","position":1,"name":"Domovsk\u00e1 str\u00e1nka","item":"https:\/\/www.beautypristroje.sk\/"},{"@type":"ListItem","position":2,"name":"Obchod","item":"https:\/\/www.beautypristroje.sk\/obchod\/"},{"@type":"ListItem","position":3,"name":"Medik8 Intelligent Retinol 10TR"}]},{"@type":"WebSite","@id":"https:\/\/www.beautypristroje.sk\/#website","url":"https:\/\/www.beautypristroje.sk\/","name":"Beauty pr\u00edstroje","description":"Profesion\u00e1lne kozmetick\u00e9 pr\u00edstroje pre sal\u00f3ny a kliniky","potentialAction":[{"@type":"SearchAction","target":{"@type":"EntryPoint","urlTemplate":"https:\/\/www.beautypristroje.sk\/?s={search_term_string}"},"query-input":{"@type":"PropertyValueSpecification","valueRequired":true,"valueName":"search_term_string"}}],"inLanguage":"en-GB"}]}},"_links":{"self":[{"href":"https:\/\/www.beautypristroje.sk\/en\/wp-json\/wp\/v2\/product\/660","targetHints":{"allow":["GET"]}}],"collection":[{"href":"https:\/\/www.beautypristroje.sk\/en\/wp-json\/wp\/v2\/product"}],"about":[{"href":"https:\/\/www.beautypristroje.sk\/en\/wp-json\/wp\/v2\/types\/product"}],"replies":[{"embeddable":true,"href":"https:\/\/www.beautypristroje.sk\/en\/wp-json\/wp\/v2\/comments?post=660"}],"wp:featuredmedia":[{"embeddable":true,"href":"https:\/\/www.beautypristroje.sk\/en\/wp-json\/wp\/v2\/media\/662"}],"wp:attachment":[{"href":"https:\/\/www.beautypristroje.sk\/en\/wp-json\/wp\/v2\/media?parent=660"}],"wp:term":[{"taxonomy":"product_brand","embeddable":true,"href":"https:\/\/www.beautypristroje.sk\/en\/wp-json\/wp\/v2\/product_brand?post=660"},{"taxonomy":"product_cat","embeddable":true,"href":"https:\/\/www.beautypristroje.sk\/en\/wp-json\/wp\/v2\/product_cat?post=660"},{"taxonomy":"product_tag","embeddable":true,"href":"https:\/\/www.beautypristroje.sk\/en\/wp-json\/wp\/v2\/product_tag?post=660"}],"curies":[{"name":"wp","href":"https:\/\/api.w.org\/{rel}","templated":true}]}}