{"id":630,"date":"2025-04-07T13:16:58","date_gmt":"2025-04-07T11:16:58","guid":{"rendered":"https:\/\/www.beautypristroje.sk\/?post_type=product&#038;p=630"},"modified":"2025-12-10T09:46:17","modified_gmt":"2025-12-10T08:46:17","slug":"medik8-intelligent-retinol-eye-tr","status":"publish","type":"product","link":"https:\/\/www.beautypristroje.sk\/en\/product\/medik8-intelligent-retinol-eye-tr\/","title":{"rendered":"Medik8 Intelligent Retinol Eye TR"},"content":{"rendered":"<p>Zm\u00e4k\u010dite vidite\u013en\u00e9 zn\u00e1mky starnutia okolo o\u010d\u00ed s v\u00fdkonn\u00fdm retinolov\u00fdm o\u010dn\u00fdm s\u00e9rum od Medik8 Intelligent Retinol Eye TR<\/p>\n<p>Vylep\u0161en\u00e9 o climbazole (overen\u00fd booster retinolu) a technol\u00f3giu Time Release, toto bez v\u00f4ne s\u00e9rum \u00fa\u010dinne zlep\u0161uje vzh\u013ead text\u00fary pleti a minimalizuje jemn\u00e9 vr\u00e1sky okolo o\u010d\u00ed, pri\u010dom zost\u00e1va jemn\u00e9 na citliv\u00fa oblas\u0165 o\u010d\u00ed.<\/p>\n<h3><strong>V\u00ddHODY<\/strong><\/h3>\n<div class=\"copy\">\n<h5>Mladistv\u00fd vzh\u013ead o\u010dn\u00e9ho okolia<\/h5>\n<p>Pom\u00e1ha minimalizova\u0165 v\u00fdskyt jemn\u00fdch liniek a vr\u00e1sok okolo o\u010d\u00ed.<\/p>\n<h5>Jemnej\u0161ia \u0161trukt\u00fara pleti<\/h5>\n<\/div>\n<div class=\"copy\">\n<p>Retinol jemne exfoliuje a zlep\u0161uje vzh\u013ead a text\u00faru poko\u017eky v okol\u00ed o\u010d\u00ed.<\/p>\n<h5>\u00da\u010dinn\u00e9, no \u0161etrn\u00e9 v\u00fdsledky<\/h5>\n<\/div>\n<div class=\"copy\">\n<p>Obohaten\u00e9 o climbazol a technol\u00f3giu postupn\u00e9ho uvo\u013e\u0148ovania retinolu, ktor\u00e1 zabezpe\u010duje dlhodob\u00fd \u00fa\u010dinok bez podr\u00e1\u017edenia citlivej oblasti o\u010d\u00ed.<\/p>\n<h5>Denn\u00e1 hydrat\u00e1cia<\/h5>\n<\/div>\n<div class=\"copy\">\n<p>Hydrata\u010dn\u00e9 a r\u00fdchlo sa vstreb\u00e1vaj\u00face s\u00e9rum zanech\u00e1va jemn\u00fa poko\u017eku o\u010dn\u00e9ho okolia hebk\u00fa, pru\u017en\u00fa a upokojen\u00fa.<\/p>\n<p><b>K\u013d\u00da\u010cOV\u00c9 ZLO\u017dKY<\/b><\/p>\n<\/div>\n<h5><img decoding=\"async\" class=\"list-item-icon\" src=\"https:\/\/medik8.sk\/cdn\/shop\/files\/PDP_Key_Ingredients_Retinol_03c69c0b-d074-4b4d-9bad-56707562fe5e.svg?v=1738240630&amp;width=50\" alt=\"Ingredient Icon 1\" width=\"50\" height=\"auto\" \/>Retinol (0.1%)<\/h5>\n<div class=\"copy\">\n<p>Klasick\u00e1 forma vitam\u00ednu A, ktor\u00e1 podporuje tvorbu kolag\u00e9nu a prirodzen\u00fd regenera\u010dn\u00fd cyklus poko\u017eky. Pom\u00e1ha vyhladi\u0165 jemn\u00e9 linky a rozjasni\u0165 o\u010dn\u00e9 okolie.<\/p>\n<h5><img decoding=\"async\" class=\"list-item-icon\" src=\"https:\/\/medik8.sk\/cdn\/shop\/files\/PDP_Key_Ingredients_Climbazone.svg?v=1738240636&amp;width=50\" alt=\"Ingredient Icon 2\" width=\"50\" height=\"auto\" \/>Climbazole<\/h5>\n<\/div>\n<div class=\"copy\">\n<p>Preuk\u00e1zate\u013ene zvy\u0161uje aktivitu vitam\u00ednu A v poko\u017eke, \u010d\u00edm posil\u0148uje jeho omladzuj\u00face \u00fa\u010dinky bez typick\u00e9ho podr\u00e1\u017edenia.<\/p>\n<h5><img decoding=\"async\" class=\"list-item-icon\" src=\"https:\/\/medik8.sk\/cdn\/shop\/files\/PDP_Key_Ingredients_Vitamin_E_Icon_1.svg?v=1738240623&amp;width=50\" alt=\"Ingredient Icon 3\" width=\"50\" height=\"auto\" \/>Vitam\u00edn E<\/h5>\n<\/div>\n<div class=\"copy\">\n<p>Siln\u00fd antioxidant, ktor\u00fd poskytuje \u010fal\u0161iu ochranu proti vo\u013en\u00fdm radik\u00e1lom, ktor\u00e9 ur\u00fdch\u013euj\u00fa starnutie poko\u017eky. Takisto zvy\u0161uje \u00fa\u010dinnos\u0165 vitam\u00ednu C pre optim\u00e1lne vidite\u013en\u00e9 v\u00fdsledky.<\/p>\n<\/div>\n<h3><strong>AKO POU\u017d\u00cdVA\u0164<\/strong><\/h3>\n<p>Po \u010disten\u00ed ve\u010der naneste mal\u00e9 mno\u017estvo Medik8 Intelligent Retinol Eye TR na oblas\u0165 obo\u010dia a pod o\u010dami, vyhnite sa vie\u010dkam.Nechajte vstreba\u0165 a n\u00e1sledne aplikujte ple\u0165ov\u00fd kr\u00e9m. Odpor\u00fa\u010dame Advanced Night Eye pre hlbok\u00fa no\u010dn\u00fa v\u00fd\u017eivu oblasti o\u010d\u00ed.<\/p>\n<h6>POZN\u00c1MKA<\/h6>\n<p>Aplik\u00e1ciu retinolu zav\u00e1dzajte postupne. Pou\u017e\u00edvajte dvakr\u00e1t t\u00fd\u017edenne po\u010das prv\u00fdch 2 t\u00fd\u017ed\u0148ov, ka\u017ed\u00fd druh\u00fd ve\u010der po\u010das nasleduj\u00facich 2 t\u00fd\u017ed\u0148ov, a potom ka\u017ed\u00fd ve\u010der.<\/p>\n<h3><strong>OBSAH BALENIA<\/strong><\/h3>\n<p>Balenie obsahuje 7 ml pr\u00edpravku.<\/p>\n<h3><strong>ZLO\u017dENIE<\/strong><\/h3>\n<p>Carthamus Tinctorius (Safflower) Seed Oil, Cyclopentasiloxane, Cyclohexasiloxane, PPG-12\/SMDI Copolymer, Tocopheryl Acetate, Caprylic\/Capric Triglyceride, Retinol, Lecithin, Climbazole, Phenoxyethanol, Decylene Glycol, BHT, 1,2-Hexanediol.<\/p>\n<p>*Aj ke\u010f sa sna\u017e\u00edme zaisti\u0165 presnos\u0165 tohto zoznamu zlo\u017eiek, niekedy m\u00f4\u017ee d\u00f4js\u0165 k vylep\u0161eniam produktu alebo k miernym rozdielom medzi r\u00f4znymi regi\u00f3nmi na z\u00e1klade miestnych z\u00e1konov. Jedin\u00fd definit\u00edvny zoznam zlo\u017eiek je preto ten, ktor\u00fd je vytla\u010den\u00fd na obale produktu.<\/p>","protected":false},"excerpt":{"rendered":"<p>7 ml<\/p>\n<p>Olejov\u00e9 s\u00e9rum na o\u010dn\u00e9 okolie<br \/>\n0,1% retinol, klimbazol, vitam\u00edn E, svetlicovy\u0301 olej<\/p>","protected":false},"featured_media":632,"comment_status":"open","ping_status":"closed","template":"","meta":{"_acf_changed":false},"product_brand":[77],"product_cat":[75,26],"product_tag":[],"class_list":{"0":"post-630","1":"product","2":"type-product","3":"status-publish","4":"has-post-thumbnail","6":"product_brand-medik8","7":"product_cat-kremy-a-sera","8":"product_cat-skincare-produkty","10":"first","11":"instock","12":"taxable","13":"shipping-taxable","14":"purchasable","15":"product-type-simple"},"acf":[],"yoast_head":"<!-- This site is optimized with the Yoast SEO plugin v27.5 - https:\/\/yoast.com\/product\/yoast-seo-wordpress\/ -->\n<title>Medik8 Intelligent Retinol Eye TR - Beauty pr\u00edstroje<\/title>\n<meta name=\"description\" content=\"Zm\u00e4k\u010dite vidite\u013en\u00e9 zn\u00e1mky starnutia okolo o\u010d\u00ed s v\u00fdkonn\u00fdm retinolov\u00fdm o\u010dn\u00fdm s\u00e9rom Medik8 Intelligent Retinol Eye TR\" \/>\n<meta name=\"robots\" content=\"index, follow, max-snippet:-1, max-image-preview:large, max-video-preview:-1\" \/>\n<link rel=\"canonical\" href=\"https:\/\/www.beautypristroje.sk\/en\/product\/medik8-intelligent-retinol-eye-tr\/\" \/>\n<meta property=\"og:locale\" content=\"en_GB\" \/>\n<meta property=\"og:type\" content=\"article\" \/>\n<meta property=\"og:title\" content=\"Medik8 Intelligent Retinol Eye TR - Beauty pr\u00edstroje\" \/>\n<meta property=\"og:description\" content=\"Zm\u00e4k\u010dite vidite\u013en\u00e9 zn\u00e1mky starnutia okolo o\u010d\u00ed s v\u00fdkonn\u00fdm retinolov\u00fdm o\u010dn\u00fdm s\u00e9rom Medik8 Intelligent Retinol Eye TR\" \/>\n<meta property=\"og:url\" content=\"https:\/\/www.beautypristroje.sk\/en\/product\/medik8-intelligent-retinol-eye-tr\/\" \/>\n<meta property=\"og:site_name\" content=\"Beauty pr\u00edstroje\" \/>\n<meta property=\"article:modified_time\" content=\"2025-12-10T08:46:17+00:00\" \/>\n<meta property=\"og:image\" content=\"https:\/\/www.beautypristroje.sk\/wp-content\/uploads\/2025\/04\/Copy-of-Intelligent-Retinol-Eye-TR-B.png\" \/>\n\t<meta property=\"og:image:width\" content=\"2000\" \/>\n\t<meta property=\"og:image:height\" content=\"2000\" \/>\n\t<meta property=\"og:image:type\" content=\"image\/png\" \/>\n<meta name=\"twitter:card\" content=\"summary_large_image\" \/>\n<meta name=\"twitter:label1\" content=\"Estimated reading time\" \/>\n\t<meta name=\"twitter:data1\" content=\"3 minutes\" \/>\n<script type=\"application\/ld+json\" class=\"yoast-schema-graph\">{\"@context\":\"https:\\\/\\\/schema.org\",\"@graph\":[{\"@type\":\"WebPage\",\"@id\":\"https:\\\/\\\/www.beautypristroje.sk\\\/produkt\\\/medik8-intelligent-retinol-eye-tr\\\/\",\"url\":\"https:\\\/\\\/www.beautypristroje.sk\\\/produkt\\\/medik8-intelligent-retinol-eye-tr\\\/\",\"name\":\"Medik8 Intelligent Retinol Eye TR - Beauty pr\u00edstroje\",\"isPartOf\":{\"@id\":\"https:\\\/\\\/www.beautypristroje.sk\\\/#website\"},\"primaryImageOfPage\":{\"@id\":\"https:\\\/\\\/www.beautypristroje.sk\\\/produkt\\\/medik8-intelligent-retinol-eye-tr\\\/#primaryimage\"},\"image\":{\"@id\":\"https:\\\/\\\/www.beautypristroje.sk\\\/produkt\\\/medik8-intelligent-retinol-eye-tr\\\/#primaryimage\"},\"thumbnailUrl\":\"https:\\\/\\\/www.beautypristroje.sk\\\/wp-content\\\/uploads\\\/2025\\\/04\\\/Copy-of-Intelligent-Retinol-Eye-TR-B.png\",\"datePublished\":\"2025-04-07T11:16:58+00:00\",\"dateModified\":\"2025-12-10T08:46:17+00:00\",\"description\":\"Zm\u00e4k\u010dite vidite\u013en\u00e9 zn\u00e1mky starnutia okolo o\u010d\u00ed s v\u00fdkonn\u00fdm retinolov\u00fdm o\u010dn\u00fdm s\u00e9rom Medik8 Intelligent Retinol Eye TR\",\"breadcrumb\":{\"@id\":\"https:\\\/\\\/www.beautypristroje.sk\\\/produkt\\\/medik8-intelligent-retinol-eye-tr\\\/#breadcrumb\"},\"inLanguage\":\"en-GB\",\"potentialAction\":[{\"@type\":\"ReadAction\",\"target\":[\"https:\\\/\\\/www.beautypristroje.sk\\\/produkt\\\/medik8-intelligent-retinol-eye-tr\\\/\"]}]},{\"@type\":\"ImageObject\",\"inLanguage\":\"en-GB\",\"@id\":\"https:\\\/\\\/www.beautypristroje.sk\\\/produkt\\\/medik8-intelligent-retinol-eye-tr\\\/#primaryimage\",\"url\":\"https:\\\/\\\/www.beautypristroje.sk\\\/wp-content\\\/uploads\\\/2025\\\/04\\\/Copy-of-Intelligent-Retinol-Eye-TR-B.png\",\"contentUrl\":\"https:\\\/\\\/www.beautypristroje.sk\\\/wp-content\\\/uploads\\\/2025\\\/04\\\/Copy-of-Intelligent-Retinol-Eye-TR-B.png\",\"width\":2000,\"height\":2000},{\"@type\":\"BreadcrumbList\",\"@id\":\"https:\\\/\\\/www.beautypristroje.sk\\\/produkt\\\/medik8-intelligent-retinol-eye-tr\\\/#breadcrumb\",\"itemListElement\":[{\"@type\":\"ListItem\",\"position\":1,\"name\":\"Domovsk\u00e1 str\u00e1nka\",\"item\":\"https:\\\/\\\/www.beautypristroje.sk\\\/\"},{\"@type\":\"ListItem\",\"position\":2,\"name\":\"Obchod\",\"item\":\"https:\\\/\\\/www.beautypristroje.sk\\\/obchod\\\/\"},{\"@type\":\"ListItem\",\"position\":3,\"name\":\"Medik8 Intelligent Retinol Eye TR\"}]},{\"@type\":\"WebSite\",\"@id\":\"https:\\\/\\\/www.beautypristroje.sk\\\/#website\",\"url\":\"https:\\\/\\\/www.beautypristroje.sk\\\/\",\"name\":\"Beauty pr\u00edstroje\",\"description\":\"Profesion\u00e1lne kozmetick\u00e9 pr\u00edstroje pre sal\u00f3ny a kliniky\",\"potentialAction\":[{\"@type\":\"SearchAction\",\"target\":{\"@type\":\"EntryPoint\",\"urlTemplate\":\"https:\\\/\\\/www.beautypristroje.sk\\\/?s={search_term_string}\"},\"query-input\":{\"@type\":\"PropertyValueSpecification\",\"valueRequired\":true,\"valueName\":\"search_term_string\"}}],\"inLanguage\":\"en-GB\"}]}<\/script>\n<!-- \/ Yoast SEO plugin. -->","yoast_head_json":{"title":"Medik8 Intelligent Retinol Eye TR - Beauty pr\u00edstroje","description":"Zm\u00e4k\u010dite vidite\u013en\u00e9 zn\u00e1mky starnutia okolo o\u010d\u00ed s v\u00fdkonn\u00fdm retinolov\u00fdm o\u010dn\u00fdm s\u00e9rom Medik8 Intelligent Retinol Eye TR","robots":{"index":"index","follow":"follow","max-snippet":"max-snippet:-1","max-image-preview":"max-image-preview:large","max-video-preview":"max-video-preview:-1"},"canonical":"https:\/\/www.beautypristroje.sk\/en\/product\/medik8-intelligent-retinol-eye-tr\/","og_locale":"en_GB","og_type":"article","og_title":"Medik8 Intelligent Retinol Eye TR - Beauty pr\u00edstroje","og_description":"Zm\u00e4k\u010dite vidite\u013en\u00e9 zn\u00e1mky starnutia okolo o\u010d\u00ed s v\u00fdkonn\u00fdm retinolov\u00fdm o\u010dn\u00fdm s\u00e9rom Medik8 Intelligent Retinol Eye TR","og_url":"https:\/\/www.beautypristroje.sk\/en\/product\/medik8-intelligent-retinol-eye-tr\/","og_site_name":"Beauty pr\u00edstroje","article_modified_time":"2025-12-10T08:46:17+00:00","og_image":[{"width":2000,"height":2000,"url":"https:\/\/www.beautypristroje.sk\/wp-content\/uploads\/2025\/04\/Copy-of-Intelligent-Retinol-Eye-TR-B.png","type":"image\/png"}],"twitter_card":"summary_large_image","twitter_misc":{"Estimated reading time":"3 minutes"},"schema":{"@context":"https:\/\/schema.org","@graph":[{"@type":"WebPage","@id":"https:\/\/www.beautypristroje.sk\/produkt\/medik8-intelligent-retinol-eye-tr\/","url":"https:\/\/www.beautypristroje.sk\/produkt\/medik8-intelligent-retinol-eye-tr\/","name":"Medik8 Intelligent Retinol Eye TR - Beauty pr\u00edstroje","isPartOf":{"@id":"https:\/\/www.beautypristroje.sk\/#website"},"primaryImageOfPage":{"@id":"https:\/\/www.beautypristroje.sk\/produkt\/medik8-intelligent-retinol-eye-tr\/#primaryimage"},"image":{"@id":"https:\/\/www.beautypristroje.sk\/produkt\/medik8-intelligent-retinol-eye-tr\/#primaryimage"},"thumbnailUrl":"https:\/\/www.beautypristroje.sk\/wp-content\/uploads\/2025\/04\/Copy-of-Intelligent-Retinol-Eye-TR-B.png","datePublished":"2025-04-07T11:16:58+00:00","dateModified":"2025-12-10T08:46:17+00:00","description":"Zm\u00e4k\u010dite vidite\u013en\u00e9 zn\u00e1mky starnutia okolo o\u010d\u00ed s v\u00fdkonn\u00fdm retinolov\u00fdm o\u010dn\u00fdm s\u00e9rom Medik8 Intelligent Retinol Eye TR","breadcrumb":{"@id":"https:\/\/www.beautypristroje.sk\/produkt\/medik8-intelligent-retinol-eye-tr\/#breadcrumb"},"inLanguage":"en-GB","potentialAction":[{"@type":"ReadAction","target":["https:\/\/www.beautypristroje.sk\/produkt\/medik8-intelligent-retinol-eye-tr\/"]}]},{"@type":"ImageObject","inLanguage":"en-GB","@id":"https:\/\/www.beautypristroje.sk\/produkt\/medik8-intelligent-retinol-eye-tr\/#primaryimage","url":"https:\/\/www.beautypristroje.sk\/wp-content\/uploads\/2025\/04\/Copy-of-Intelligent-Retinol-Eye-TR-B.png","contentUrl":"https:\/\/www.beautypristroje.sk\/wp-content\/uploads\/2025\/04\/Copy-of-Intelligent-Retinol-Eye-TR-B.png","width":2000,"height":2000},{"@type":"BreadcrumbList","@id":"https:\/\/www.beautypristroje.sk\/produkt\/medik8-intelligent-retinol-eye-tr\/#breadcrumb","itemListElement":[{"@type":"ListItem","position":1,"name":"Domovsk\u00e1 str\u00e1nka","item":"https:\/\/www.beautypristroje.sk\/"},{"@type":"ListItem","position":2,"name":"Obchod","item":"https:\/\/www.beautypristroje.sk\/obchod\/"},{"@type":"ListItem","position":3,"name":"Medik8 Intelligent Retinol Eye TR"}]},{"@type":"WebSite","@id":"https:\/\/www.beautypristroje.sk\/#website","url":"https:\/\/www.beautypristroje.sk\/","name":"Beauty pr\u00edstroje","description":"Profesion\u00e1lne kozmetick\u00e9 pr\u00edstroje pre sal\u00f3ny a kliniky","potentialAction":[{"@type":"SearchAction","target":{"@type":"EntryPoint","urlTemplate":"https:\/\/www.beautypristroje.sk\/?s={search_term_string}"},"query-input":{"@type":"PropertyValueSpecification","valueRequired":true,"valueName":"search_term_string"}}],"inLanguage":"en-GB"}]}},"_links":{"self":[{"href":"https:\/\/www.beautypristroje.sk\/en\/wp-json\/wp\/v2\/product\/630","targetHints":{"allow":["GET"]}}],"collection":[{"href":"https:\/\/www.beautypristroje.sk\/en\/wp-json\/wp\/v2\/product"}],"about":[{"href":"https:\/\/www.beautypristroje.sk\/en\/wp-json\/wp\/v2\/types\/product"}],"replies":[{"embeddable":true,"href":"https:\/\/www.beautypristroje.sk\/en\/wp-json\/wp\/v2\/comments?post=630"}],"wp:featuredmedia":[{"embeddable":true,"href":"https:\/\/www.beautypristroje.sk\/en\/wp-json\/wp\/v2\/media\/632"}],"wp:attachment":[{"href":"https:\/\/www.beautypristroje.sk\/en\/wp-json\/wp\/v2\/media?parent=630"}],"wp:term":[{"taxonomy":"product_brand","embeddable":true,"href":"https:\/\/www.beautypristroje.sk\/en\/wp-json\/wp\/v2\/product_brand?post=630"},{"taxonomy":"product_cat","embeddable":true,"href":"https:\/\/www.beautypristroje.sk\/en\/wp-json\/wp\/v2\/product_cat?post=630"},{"taxonomy":"product_tag","embeddable":true,"href":"https:\/\/www.beautypristroje.sk\/en\/wp-json\/wp\/v2\/product_tag?post=630"}],"curies":[{"name":"wp","href":"https:\/\/api.w.org\/{rel}","templated":true}]}}