{"id":616,"date":"2025-04-07T11:50:06","date_gmt":"2025-04-07T09:50:06","guid":{"rendered":"https:\/\/www.beautypristroje.sk\/?post_type=product&#038;p=616"},"modified":"2025-12-15T13:03:04","modified_gmt":"2025-12-15T12:03:04","slug":"luxury-tvarova-maska","status":"publish","type":"product","link":"https:\/\/www.beautypristroje.sk\/en\/product\/luxury-tvarova-maska\/","title":{"rendered":"Luxury EMS \u010delenka"},"content":{"rendered":"<p>Luxury EMS \u010delenka vyu\u017e\u00edva modern\u00fa technol\u00f3giu fokusovan\u00e9ho elektrick\u00e9ho po\u013ea, ktor\u00e1 v priebehu 15 min\u00fat vykon\u00e1 a\u017e 100 000 svalov\u00fdch mikrocvi\u010den\u00ed. V\u00fdsledkom je okam\u017eit\u00e9 spevnenie, zv\u00fdraznenie kont\u00far a omladen\u00fd vzh\u013ead tv\u00e1re.<\/p>\n<p>\u2714 okam\u017eite pevnej\u0161ie a pln\u0161ie l\u00ed\u010dka<br \/>\n\u2714 redukcia noso-\u00fastnych r\u00fdh a vyhladenie \u010dela<br \/>\n\u2714 zd\u00f4raznenie prirodzen\u00fdch l\u00edni\u00ed a kont\u00far tv\u00e1re<br \/>\n\u2714 neinvaz\u00edvne rie\u0161enie EMS pre lifting tv\u00e1re a o\u010d\u00ed<\/p>\n<h3><strong>Pre koho je ur\u010den\u00e1?<\/strong><\/h3>\n<p>Luxury EMS \u010delenka je ide\u00e1lna na dom\u00e1ce pou\u017eitie, no z\u00e1rove\u0148 ju oce\u0148uj\u00fa aj kozmetick\u00e9 sal\u00f3ny ako doplnok k profesion\u00e1lnym proced\u00faram. Na\u0161e klientky si ju zamilovali pre r\u00fdchly efekt a komfortn\u00e9 pou\u017e\u00edvanie \u2013 v\u00fdsledky s\u00fa vidite\u013en\u00e9 u\u017e po prvej aplik\u00e1cii.<\/p>\n<p>Balenie obsahuje: 6 ks <a href=\"https:\/\/www.beautypristroje.sk\/en\/product\/luxury-tvarova-maska-2\/\">Luxury tv\u00e1rov\u00e1 maska<\/a>.<\/p>\n<p>Tento produkt pouzivajte spolu s <a href=\"https:\/\/www.beautypristroje.sk\/en\/product\/luxury-tvarova-maska-2\/\">Luxury tv\u00e1rova maska<\/a><\/p>\n<h3><strong>S\u00falad s MDR<\/strong><\/h3>\n<p>Pr\u00edstroj nie je zdravotn\u00edcka pom\u00f4cka, je ur\u010den\u00fd pre kozmetick\u00e9 a estetick\u00e9 \u00fa\u010dely a sp\u013a\u0148a po\u017eiadavky E\u00da pre kozmetick\u00e9 estetick\u00e9 zariadenia \u2013 CE, bezpe\u010dnostn\u00e9 normy, technick\u00e9 limity.<\/p>","protected":false},"excerpt":{"rendered":"<p>Profesion\u00e1lny lifting tv\u00e1re bez ihiel<\/p>\n<p>Zv\u00fdraz\u0148uje kont\u00fary tv\u00e1re<br \/>\nVyhladzuje l\u00ednie \u010dela a \u00fasmevu<br \/>\nNeinvaz\u00edvne rie\u0161enie EMS na lifting tv\u00e1re a o\u010d\u00ed<\/p>","protected":false},"featured_media":624,"comment_status":"open","ping_status":"closed","template":"","meta":{"_acf_changed":false},"product_brand":[],"product_cat":[15,19],"product_tag":[],"class_list":{"0":"post-616","1":"product","2":"type-product","3":"status-publish","4":"has-post-thumbnail","6":"product_cat-beauty-technologie","7":"product_cat-tvar","9":"first","10":"instock","11":"taxable","12":"shipping-taxable","13":"purchasable","14":"product-type-simple"},"acf":[],"yoast_head":"<!-- This site is optimized with the Yoast SEO plugin v27.6 - https:\/\/yoast.com\/product\/yoast-seo-wordpress\/ -->\n<title>Luxury EMS \u010delenka - Beauty pr\u00edstroje<\/title>\n<meta name=\"description\" content=\"Luxury EMS tv\u00e1rova \u010delenka vyu\u017e\u00edva technol\u00f3giu fokusovan\u00e9ho\u00a0 elektrick\u00e9ho po\u013ea na vykonanie 100 000 svalov\u00fdch cvi\u010den\u00ed za 15 min\u00fat\" \/>\n<meta name=\"robots\" content=\"index, follow, max-snippet:-1, max-image-preview:large, max-video-preview:-1\" \/>\n<link rel=\"canonical\" href=\"https:\/\/www.beautypristroje.sk\/en\/product\/luxury-tvarova-maska\/\" \/>\n<meta property=\"og:locale\" content=\"en_GB\" \/>\n<meta property=\"og:type\" content=\"article\" \/>\n<meta property=\"og:title\" content=\"Luxury EMS \u010delenka - Beauty pr\u00edstroje\" \/>\n<meta property=\"og:description\" content=\"Luxury EMS tv\u00e1rova \u010delenka vyu\u017e\u00edva technol\u00f3giu fokusovan\u00e9ho\u00a0 elektrick\u00e9ho po\u013ea na vykonanie 100 000 svalov\u00fdch cvi\u010den\u00ed za 15 min\u00fat\" \/>\n<meta property=\"og:url\" content=\"https:\/\/www.beautypristroje.sk\/en\/product\/luxury-tvarova-maska\/\" \/>\n<meta property=\"og:site_name\" content=\"Beauty pr\u00edstroje\" \/>\n<meta property=\"article:modified_time\" content=\"2025-12-15T12:03:04+00:00\" \/>\n<meta property=\"og:image\" content=\"https:\/\/www.beautypristroje.sk\/wp-content\/uploads\/2025\/04\/maska6.webp\" \/>\n\t<meta property=\"og:image:width\" content=\"1800\" \/>\n\t<meta property=\"og:image:height\" content=\"1800\" \/>\n\t<meta property=\"og:image:type\" content=\"image\/webp\" \/>\n<meta name=\"twitter:card\" content=\"summary_large_image\" \/>\n<meta name=\"twitter:label1\" content=\"Estimated reading time\" \/>\n\t<meta name=\"twitter:data1\" content=\"1 minute\" \/>\n<script type=\"application\/ld+json\" class=\"yoast-schema-graph\">{\"@context\":\"https:\\\/\\\/schema.org\",\"@graph\":[{\"@type\":\"WebPage\",\"@id\":\"https:\\\/\\\/www.beautypristroje.sk\\\/produkt\\\/luxury-tvarova-maska\\\/\",\"url\":\"https:\\\/\\\/www.beautypristroje.sk\\\/produkt\\\/luxury-tvarova-maska\\\/\",\"name\":\"Luxury EMS \u010delenka - Beauty pr\u00edstroje\",\"isPartOf\":{\"@id\":\"https:\\\/\\\/www.beautypristroje.sk\\\/#website\"},\"primaryImageOfPage\":{\"@id\":\"https:\\\/\\\/www.beautypristroje.sk\\\/produkt\\\/luxury-tvarova-maska\\\/#primaryimage\"},\"image\":{\"@id\":\"https:\\\/\\\/www.beautypristroje.sk\\\/produkt\\\/luxury-tvarova-maska\\\/#primaryimage\"},\"thumbnailUrl\":\"https:\\\/\\\/www.beautypristroje.sk\\\/wp-content\\\/uploads\\\/2025\\\/04\\\/maska6.webp\",\"datePublished\":\"2025-04-07T09:50:06+00:00\",\"dateModified\":\"2025-12-15T12:03:04+00:00\",\"description\":\"Luxury EMS tv\u00e1rova \u010delenka vyu\u017e\u00edva technol\u00f3giu fokusovan\u00e9ho\u00a0 elektrick\u00e9ho po\u013ea na vykonanie 100 000 svalov\u00fdch cvi\u010den\u00ed za 15 min\u00fat\",\"breadcrumb\":{\"@id\":\"https:\\\/\\\/www.beautypristroje.sk\\\/produkt\\\/luxury-tvarova-maska\\\/#breadcrumb\"},\"inLanguage\":\"en-GB\",\"potentialAction\":[{\"@type\":\"ReadAction\",\"target\":[\"https:\\\/\\\/www.beautypristroje.sk\\\/produkt\\\/luxury-tvarova-maska\\\/\"]}]},{\"@type\":\"ImageObject\",\"inLanguage\":\"en-GB\",\"@id\":\"https:\\\/\\\/www.beautypristroje.sk\\\/produkt\\\/luxury-tvarova-maska\\\/#primaryimage\",\"url\":\"https:\\\/\\\/www.beautypristroje.sk\\\/wp-content\\\/uploads\\\/2025\\\/04\\\/maska6.webp\",\"contentUrl\":\"https:\\\/\\\/www.beautypristroje.sk\\\/wp-content\\\/uploads\\\/2025\\\/04\\\/maska6.webp\",\"width\":1800,\"height\":1800,\"caption\":\"Luxury tv\u00e1rov\u00e1 \u010delenka\u2013 EMS zariadenie pre 100\u202f000 svalov\u00fdch cvi\u010den\u00ed za 15\u202fmin\u00fat, pozdvihuje kont\u00fary tv\u00e1re, vypl\u0148uje l\u00edca a zni\u017euje noso-\u00fastne ryhy.\"},{\"@type\":\"BreadcrumbList\",\"@id\":\"https:\\\/\\\/www.beautypristroje.sk\\\/produkt\\\/luxury-tvarova-maska\\\/#breadcrumb\",\"itemListElement\":[{\"@type\":\"ListItem\",\"position\":1,\"name\":\"Domovsk\u00e1 str\u00e1nka\",\"item\":\"https:\\\/\\\/www.beautypristroje.sk\\\/\"},{\"@type\":\"ListItem\",\"position\":2,\"name\":\"Obchod\",\"item\":\"https:\\\/\\\/www.beautypristroje.sk\\\/obchod\\\/\"},{\"@type\":\"ListItem\",\"position\":3,\"name\":\"Luxury EMS \u010delenka\"}]},{\"@type\":\"WebSite\",\"@id\":\"https:\\\/\\\/www.beautypristroje.sk\\\/#website\",\"url\":\"https:\\\/\\\/www.beautypristroje.sk\\\/\",\"name\":\"Beauty pr\u00edstroje\",\"description\":\"Profesion\u00e1lne kozmetick\u00e9 pr\u00edstroje pre sal\u00f3ny a kliniky\",\"potentialAction\":[{\"@type\":\"SearchAction\",\"target\":{\"@type\":\"EntryPoint\",\"urlTemplate\":\"https:\\\/\\\/www.beautypristroje.sk\\\/?s={search_term_string}\"},\"query-input\":{\"@type\":\"PropertyValueSpecification\",\"valueRequired\":true,\"valueName\":\"search_term_string\"}}],\"inLanguage\":\"en-GB\"}]}<\/script>\n<!-- \/ Yoast SEO plugin. -->","yoast_head_json":{"title":"Luxury EMS \u010delenka - Beauty pr\u00edstroje","description":"Luxury EMS tv\u00e1rova \u010delenka vyu\u017e\u00edva technol\u00f3giu fokusovan\u00e9ho\u00a0 elektrick\u00e9ho po\u013ea na vykonanie 100 000 svalov\u00fdch cvi\u010den\u00ed za 15 min\u00fat","robots":{"index":"index","follow":"follow","max-snippet":"max-snippet:-1","max-image-preview":"max-image-preview:large","max-video-preview":"max-video-preview:-1"},"canonical":"https:\/\/www.beautypristroje.sk\/en\/product\/luxury-tvarova-maska\/","og_locale":"en_GB","og_type":"article","og_title":"Luxury EMS \u010delenka - Beauty pr\u00edstroje","og_description":"Luxury EMS tv\u00e1rova \u010delenka vyu\u017e\u00edva technol\u00f3giu fokusovan\u00e9ho\u00a0 elektrick\u00e9ho po\u013ea na vykonanie 100 000 svalov\u00fdch cvi\u010den\u00ed za 15 min\u00fat","og_url":"https:\/\/www.beautypristroje.sk\/en\/product\/luxury-tvarova-maska\/","og_site_name":"Beauty pr\u00edstroje","article_modified_time":"2025-12-15T12:03:04+00:00","og_image":[{"width":1800,"height":1800,"url":"https:\/\/www.beautypristroje.sk\/wp-content\/uploads\/2025\/04\/maska6.webp","type":"image\/webp"}],"twitter_card":"summary_large_image","twitter_misc":{"Estimated reading time":"1 minute"},"schema":{"@context":"https:\/\/schema.org","@graph":[{"@type":"WebPage","@id":"https:\/\/www.beautypristroje.sk\/produkt\/luxury-tvarova-maska\/","url":"https:\/\/www.beautypristroje.sk\/produkt\/luxury-tvarova-maska\/","name":"Luxury EMS \u010delenka - Beauty pr\u00edstroje","isPartOf":{"@id":"https:\/\/www.beautypristroje.sk\/#website"},"primaryImageOfPage":{"@id":"https:\/\/www.beautypristroje.sk\/produkt\/luxury-tvarova-maska\/#primaryimage"},"image":{"@id":"https:\/\/www.beautypristroje.sk\/produkt\/luxury-tvarova-maska\/#primaryimage"},"thumbnailUrl":"https:\/\/www.beautypristroje.sk\/wp-content\/uploads\/2025\/04\/maska6.webp","datePublished":"2025-04-07T09:50:06+00:00","dateModified":"2025-12-15T12:03:04+00:00","description":"Luxury EMS tv\u00e1rova \u010delenka vyu\u017e\u00edva technol\u00f3giu fokusovan\u00e9ho\u00a0 elektrick\u00e9ho po\u013ea na vykonanie 100 000 svalov\u00fdch cvi\u010den\u00ed za 15 min\u00fat","breadcrumb":{"@id":"https:\/\/www.beautypristroje.sk\/produkt\/luxury-tvarova-maska\/#breadcrumb"},"inLanguage":"en-GB","potentialAction":[{"@type":"ReadAction","target":["https:\/\/www.beautypristroje.sk\/produkt\/luxury-tvarova-maska\/"]}]},{"@type":"ImageObject","inLanguage":"en-GB","@id":"https:\/\/www.beautypristroje.sk\/produkt\/luxury-tvarova-maska\/#primaryimage","url":"https:\/\/www.beautypristroje.sk\/wp-content\/uploads\/2025\/04\/maska6.webp","contentUrl":"https:\/\/www.beautypristroje.sk\/wp-content\/uploads\/2025\/04\/maska6.webp","width":1800,"height":1800,"caption":"Luxury tv\u00e1rov\u00e1 \u010delenka\u2013 EMS zariadenie pre 100\u202f000 svalov\u00fdch cvi\u010den\u00ed za 15\u202fmin\u00fat, pozdvihuje kont\u00fary tv\u00e1re, vypl\u0148uje l\u00edca a zni\u017euje noso-\u00fastne ryhy."},{"@type":"BreadcrumbList","@id":"https:\/\/www.beautypristroje.sk\/produkt\/luxury-tvarova-maska\/#breadcrumb","itemListElement":[{"@type":"ListItem","position":1,"name":"Domovsk\u00e1 str\u00e1nka","item":"https:\/\/www.beautypristroje.sk\/"},{"@type":"ListItem","position":2,"name":"Obchod","item":"https:\/\/www.beautypristroje.sk\/obchod\/"},{"@type":"ListItem","position":3,"name":"Luxury EMS \u010delenka"}]},{"@type":"WebSite","@id":"https:\/\/www.beautypristroje.sk\/#website","url":"https:\/\/www.beautypristroje.sk\/","name":"Beauty pr\u00edstroje","description":"Profesion\u00e1lne kozmetick\u00e9 pr\u00edstroje pre sal\u00f3ny a kliniky","potentialAction":[{"@type":"SearchAction","target":{"@type":"EntryPoint","urlTemplate":"https:\/\/www.beautypristroje.sk\/?s={search_term_string}"},"query-input":{"@type":"PropertyValueSpecification","valueRequired":true,"valueName":"search_term_string"}}],"inLanguage":"en-GB"}]}},"_links":{"self":[{"href":"https:\/\/www.beautypristroje.sk\/en\/wp-json\/wp\/v2\/product\/616","targetHints":{"allow":["GET"]}}],"collection":[{"href":"https:\/\/www.beautypristroje.sk\/en\/wp-json\/wp\/v2\/product"}],"about":[{"href":"https:\/\/www.beautypristroje.sk\/en\/wp-json\/wp\/v2\/types\/product"}],"replies":[{"embeddable":true,"href":"https:\/\/www.beautypristroje.sk\/en\/wp-json\/wp\/v2\/comments?post=616"}],"wp:featuredmedia":[{"embeddable":true,"href":"https:\/\/www.beautypristroje.sk\/en\/wp-json\/wp\/v2\/media\/624"}],"wp:attachment":[{"href":"https:\/\/www.beautypristroje.sk\/en\/wp-json\/wp\/v2\/media?parent=616"}],"wp:term":[{"taxonomy":"product_brand","embeddable":true,"href":"https:\/\/www.beautypristroje.sk\/en\/wp-json\/wp\/v2\/product_brand?post=616"},{"taxonomy":"product_cat","embeddable":true,"href":"https:\/\/www.beautypristroje.sk\/en\/wp-json\/wp\/v2\/product_cat?post=616"},{"taxonomy":"product_tag","embeddable":true,"href":"https:\/\/www.beautypristroje.sk\/en\/wp-json\/wp\/v2\/product_tag?post=616"}],"curies":[{"name":"wp","href":"https:\/\/api.w.org\/{rel}","templated":true}]}}