{"id":600,"date":"2025-04-07T11:35:42","date_gmt":"2025-04-07T09:35:42","guid":{"rendered":"https:\/\/www.beautypristroje.sk\/?post_type=product&#038;p=600"},"modified":"2025-12-10T09:46:17","modified_gmt":"2025-12-10T08:46:17","slug":"pure-c15","status":"publish","type":"product","link":"https:\/\/www.beautypristroje.sk\/en\/product\/pure-c15\/","title":{"rendered":"Medik8 Pure C15\u2122"},"content":{"rendered":"<p>Vidite\u013ene rozjasnite, spevnite, vyhladte a zjemnite ple\u0165 s Medik8 Pure C15.<\/p>\n<p>Formulovan\u00e9 s \u010dist\u00fdm vitam\u00ednom C (kyselina askorbov\u00e1), toto s\u00e9rum proti starnutiu je ide\u00e1lne pre sk\u00fasen\u00fdch pou\u017e\u00edvate\u013eov vitam\u00ednu C, ktor\u00ed h\u013eadaj\u00fa \u010dist\u00e9, vysoko\u00fa\u010dinn\u00e9 s\u00e9rum.<\/p>\n<p>Poskytuje siln\u00fa antioxida\u010dn\u00fa ochranu proti starn\u00facim \u00fa\u010dinkom environment\u00e1lnych stresorov a jeho \u013eahk\u00e1, r\u00fdchlo sa vstreb\u00e1vaj\u00faca text\u00fara zanech\u00e1va ple\u0165 vidite\u013ene \u017eiariv\u00fa, pru\u017en\u00fa a energizovan\u00fa.<\/p>\n<h3><strong>V\u00ddHODY<\/strong><\/h3>\n<div class=\"copy\">\n<h5>Vylep\u0161en\u00e1 mlados\u0165 pleti<\/h5>\n<p>Pom\u00e1ha vidite\u013ene zjemni\u0165 a spevni\u0165 ple\u0165, pri\u010dom bojuje proti starn\u00facim \u00fa\u010dinkom vonkaj\u0161\u00edch stresov\u00fdch faktorov.<\/p>\n<\/div>\n<h6>Jasn\u00e1 a \u017eiariv\u00e1 ple\u0165<\/h6>\n<p>Podporuje \u017eiariv\u00fa, energick\u00fa a jasnej\u0161iu ple\u0165.<\/p>\n<h6>Vylep\u0161en\u00e1 text\u00fara pleti<\/h6>\n<p>Pom\u00e1ha vylep\u0161i\u0165 vzh\u013ead a pocit nerovnomernej text\u00fary pleti pre hlad\u0161\u00ed vzh\u013ead pleti.<\/p>\n<div class=\"copy\">\n<h5>\u010cist\u00e1 sila vitam\u00ednu C<\/h5>\n<p>Prich\u00e1dza v 2 men\u0161\u00edch f\u013ea\u0161ti\u010dk\u00e1ch na udr\u017eanie \u00fa\u010dinnosti pre maxim\u00e1lne vidite\u013en\u00e9 v\u00fdsledky. Ide\u00e1lne pre sk\u00fasen\u00fdch pou\u017e\u00edvate\u013eov vitam\u00ednu C.<\/p>\n<\/div>\n<h3><b>K\u013d\u00da\u010cOV\u00c9 ZLO\u017dKY<\/b><\/h3>\n<h5><img decoding=\"async\" class=\"list-item-icon\" src=\"https:\/\/medik8.sk\/cdn\/shop\/files\/PDP_Key_Ingredients_Ethylated_L-Ascorbic_Acid.svg?v=1738240630&amp;width=50\" alt=\"Ingredient Icon 1\" width=\"50\" height=\"auto\" \/>L-askorbov\u00e1 kyselina (15%)<\/h5>\n<div class=\"copy\">\n<p>Naj\u010distej\u0161ia forma vitam\u00ednu C s vynikaj\u00facimi antioxida\u010dn\u00fdmi vlastnos\u0165ami. Chr\u00e1ni ple\u0165 pred vonkaj\u0161\u00edm po\u0161koden\u00edm a podporuje tvorbu kolag\u00e9nu pre mladistvej\u0161\u00ed vzh\u013ead.<\/p>\n<\/div>\n<h5><img decoding=\"async\" class=\"list-item-icon\" src=\"https:\/\/medik8.sk\/cdn\/shop\/files\/PDP_Key_Ingredients_Vitamin_E_Icon_1.svg?v=1738240623&amp;width=50\" alt=\"Ingredient Icon 2\" width=\"50\" height=\"auto\" \/>Vitam\u00edn E<\/h5>\n<div class=\"copy\">\n<p>Siln\u00fd antioxidant, ktor\u00fd poskytuje \u010fal\u0161iu ochranu proti vo\u013en\u00fdm radik\u00e1lom, ktor\u00e9 ur\u00fdch\u013euj\u00fa starnutie poko\u017eky. Takisto zvy\u0161uje \u00fa\u010dinnos\u0165 vitam\u00ednu C pre optim\u00e1lne vidite\u013en\u00e9 v\u00fdsledky.<\/p>\n<\/div>\n<h5><img decoding=\"async\" class=\"list-item-icon\" src=\"https:\/\/medik8.sk\/cdn\/shop\/files\/PDP_Key_Ingredients_Rosemary_Leaf_Oil.svg?v=1738240642&amp;width=50\" alt=\"Ingredient Icon 3\" width=\"50\" height=\"auto\" \/>Glutathione<\/h5>\n<div class=\"copy\">\n<p>Antioxidant prirodzene sa vyskytuj\u00faci v tele, ktor\u00fd z\u00e1rove\u0148 posil\u0148uje antioxida\u010dn\u00fa silu vitam\u00ednu C pre e\u0161te lep\u0161ie v\u00fdsledky.<\/p>\n<\/div>\n<h3><strong>AKO POU\u017d\u00cdVA\u0164<\/strong><\/h3>\n<p>Po rannom \u010disten\u00ed pleti vmas\u00edrujte 5 kvapiek na tv\u00e1r, krk a dekolt. Nechajte vstreba\u0165 pred aplik\u00e1ciou hydrata\u010dn\u00e9ho kr\u00e9mu a opa\u013eovacieho kr\u00e9mu.<\/p>\n<h6>POZN\u00c1MKA<\/h6>\n<p>Spotrebujte jednu f\u013ea\u0161ti\u010dku pred otvoren\u00edm druhej, aby ste zachovali \u00fa\u010dinnos\u0165 zlo\u017eenia.<\/p>\n<h3><strong>OBSAH BALENIA<\/strong><\/h3>\n<p>Balenie Medik8 Pure C15 2&#215;15 ml vydr\u017e\u00ed a\u017e 50 aplik\u00e1ci\u00ed.<br \/>\nBalenie je navrhnut\u00e9 do 2 ampuliek aby bola maximalizovan\u00e1 trvanlivos\u0165. Trvanlivos\u0165 po otvoren\u00ed je 2 mesiace a neotvoren\u00e9ho produktu je 18 mesiacov<\/p>\n<h3><strong>ZLO\u017dENIE<\/strong><\/h3>\n<p>Aqua (Water), Ascorbic Acid, Propylene Glycol, Butylene Glycol, Glycerin, Polyglyceryl-4 Caprate, Polysorbate 80, Tocopherol, Phenoxyethanol, Panthenol, Glutathione, Sodium Hyaluronate, Trisodium HEDTA, Sodium Metabisulfite, Tartaric Acid, Citric Acid, Citrus Aurantium (Orange) Dulcis Peel Oil, Lavandula Angustifolia (Lavender) Herb Oil, Ethylhexylglycerin, Limonene, Linalool, Citral.<\/p>\n<p>*Aj ke\u010f sa sna\u017e\u00edme zaisti\u0165 presnos\u0165 tohto zoznamu zlo\u017eiek, niekedy m\u00f4\u017ee d\u00f4js\u0165 k vylep\u0161eniam produktu alebo k miernym rozdielom medzi r\u00f4znymi regi\u00f3nmi na z\u00e1klade miestnych z\u00e1konov. Jedin\u00fd definit\u00edvny zoznam zlo\u017eiek je preto ten, ktor\u00fd je vytla\u010den\u00fd na obale produktu.<\/p>","protected":false},"excerpt":{"rendered":"<p>2x15ml<\/p>\n<p>Omladzuj\u00face s\u00e9rum na vodnej b\u00e1zi s \u010dist\u00fdm vitam\u00ednom C<br \/>\n15% \u010dist\u00e1 kyselina askorbov\u00e1, vitam\u00edn E, Glutathion<\/p>","protected":false},"featured_media":602,"comment_status":"open","ping_status":"closed","template":"","meta":{"_acf_changed":false},"product_brand":[77],"product_cat":[75,26],"product_tag":[],"class_list":{"0":"post-600","1":"product","2":"type-product","3":"status-publish","4":"has-post-thumbnail","6":"product_brand-medik8","7":"product_cat-kremy-a-sera","8":"product_cat-skincare-produkty","10":"first","11":"instock","12":"taxable","13":"shipping-taxable","14":"purchasable","15":"product-type-simple"},"acf":[],"yoast_head":"<!-- This site is optimized with the Yoast SEO plugin v27.5 - https:\/\/yoast.com\/product\/yoast-seo-wordpress\/ -->\n<title>Medik8 Pure C15\u2122 - Beauty pr\u00edstroje<\/title>\n<meta name=\"description\" content=\"Pure C15\u2122 s\u00e9rum 2x15\u202fml s 15\u202f% vitam\u00ednom C, vitam\u00ednom E a glutathi\u00f3nom zlep\u0161uje pevnos\u0165, rozjas\u0148uje ple\u0165 a podporuje omladenie poko\u017eky.\" \/>\n<meta name=\"robots\" content=\"index, follow, max-snippet:-1, max-image-preview:large, max-video-preview:-1\" \/>\n<link rel=\"canonical\" href=\"https:\/\/www.beautypristroje.sk\/en\/product\/pure-c15\/\" \/>\n<meta property=\"og:locale\" content=\"en_GB\" \/>\n<meta property=\"og:type\" content=\"article\" \/>\n<meta property=\"og:title\" content=\"Medik8 Pure C15\u2122 - Beauty pr\u00edstroje\" \/>\n<meta property=\"og:description\" content=\"Pure C15\u2122 s\u00e9rum 2x15\u202fml s 15\u202f% vitam\u00ednom C, vitam\u00ednom E a glutathi\u00f3nom zlep\u0161uje pevnos\u0165, rozjas\u0148uje ple\u0165 a podporuje omladenie poko\u017eky.\" \/>\n<meta property=\"og:url\" content=\"https:\/\/www.beautypristroje.sk\/en\/product\/pure-c15\/\" \/>\n<meta property=\"og:site_name\" content=\"Beauty pr\u00edstroje\" \/>\n<meta property=\"article:modified_time\" content=\"2025-12-10T08:46:17+00:00\" \/>\n<meta property=\"og:image\" content=\"https:\/\/www.beautypristroje.sk\/wp-content\/uploads\/2025\/04\/Copy-of-Pure-C15-B-1024x1024.png\" \/>\n\t<meta property=\"og:image:width\" content=\"1024\" \/>\n\t<meta property=\"og:image:height\" content=\"1024\" \/>\n\t<meta property=\"og:image:type\" content=\"image\/png\" \/>\n<meta name=\"twitter:card\" content=\"summary_large_image\" \/>\n<meta name=\"twitter:label1\" content=\"Estimated reading time\" \/>\n\t<meta name=\"twitter:data1\" content=\"3 minutes\" \/>\n<script type=\"application\/ld+json\" class=\"yoast-schema-graph\">{\"@context\":\"https:\\\/\\\/schema.org\",\"@graph\":[{\"@type\":\"WebPage\",\"@id\":\"https:\\\/\\\/www.beautypristroje.sk\\\/produkt\\\/pure-c15\\\/\",\"url\":\"https:\\\/\\\/www.beautypristroje.sk\\\/produkt\\\/pure-c15\\\/\",\"name\":\"Medik8 Pure C15\u2122 - Beauty pr\u00edstroje\",\"isPartOf\":{\"@id\":\"https:\\\/\\\/www.beautypristroje.sk\\\/#website\"},\"primaryImageOfPage\":{\"@id\":\"https:\\\/\\\/www.beautypristroje.sk\\\/produkt\\\/pure-c15\\\/#primaryimage\"},\"image\":{\"@id\":\"https:\\\/\\\/www.beautypristroje.sk\\\/produkt\\\/pure-c15\\\/#primaryimage\"},\"thumbnailUrl\":\"https:\\\/\\\/www.beautypristroje.sk\\\/wp-content\\\/uploads\\\/2025\\\/04\\\/Copy-of-Pure-C15-B.png\",\"datePublished\":\"2025-04-07T09:35:42+00:00\",\"dateModified\":\"2025-12-10T08:46:17+00:00\",\"description\":\"Pure C15\u2122 s\u00e9rum 2x15\u202fml s 15\u202f% vitam\u00ednom C, vitam\u00ednom E a glutathi\u00f3nom zlep\u0161uje pevnos\u0165, rozjas\u0148uje ple\u0165 a podporuje omladenie poko\u017eky.\",\"breadcrumb\":{\"@id\":\"https:\\\/\\\/www.beautypristroje.sk\\\/produkt\\\/pure-c15\\\/#breadcrumb\"},\"inLanguage\":\"en-GB\",\"potentialAction\":[{\"@type\":\"ReadAction\",\"target\":[\"https:\\\/\\\/www.beautypristroje.sk\\\/produkt\\\/pure-c15\\\/\"]}]},{\"@type\":\"ImageObject\",\"inLanguage\":\"en-GB\",\"@id\":\"https:\\\/\\\/www.beautypristroje.sk\\\/produkt\\\/pure-c15\\\/#primaryimage\",\"url\":\"https:\\\/\\\/www.beautypristroje.sk\\\/wp-content\\\/uploads\\\/2025\\\/04\\\/Copy-of-Pure-C15-B.png\",\"contentUrl\":\"https:\\\/\\\/www.beautypristroje.sk\\\/wp-content\\\/uploads\\\/2025\\\/04\\\/Copy-of-Pure-C15-B.png\",\"width\":2000,\"height\":2000,\"caption\":\"Pure C15\u2122 s\u00e9rum 2x15\u202fml na vodnej b\u00e1ze s 15\u202f% \u010dist\u00fdm vitam\u00ednom C, vitam\u00ednom E a glutathi\u00f3nom pre omladenie a rozjasnenie pleti.\"},{\"@type\":\"BreadcrumbList\",\"@id\":\"https:\\\/\\\/www.beautypristroje.sk\\\/produkt\\\/pure-c15\\\/#breadcrumb\",\"itemListElement\":[{\"@type\":\"ListItem\",\"position\":1,\"name\":\"Domovsk\u00e1 str\u00e1nka\",\"item\":\"https:\\\/\\\/www.beautypristroje.sk\\\/\"},{\"@type\":\"ListItem\",\"position\":2,\"name\":\"Obchod\",\"item\":\"https:\\\/\\\/www.beautypristroje.sk\\\/obchod\\\/\"},{\"@type\":\"ListItem\",\"position\":3,\"name\":\"Medik8 Pure C15\u2122\"}]},{\"@type\":\"WebSite\",\"@id\":\"https:\\\/\\\/www.beautypristroje.sk\\\/#website\",\"url\":\"https:\\\/\\\/www.beautypristroje.sk\\\/\",\"name\":\"Beauty pr\u00edstroje\",\"description\":\"Profesion\u00e1lne kozmetick\u00e9 pr\u00edstroje pre sal\u00f3ny a kliniky\",\"potentialAction\":[{\"@type\":\"SearchAction\",\"target\":{\"@type\":\"EntryPoint\",\"urlTemplate\":\"https:\\\/\\\/www.beautypristroje.sk\\\/?s={search_term_string}\"},\"query-input\":{\"@type\":\"PropertyValueSpecification\",\"valueRequired\":true,\"valueName\":\"search_term_string\"}}],\"inLanguage\":\"en-GB\"}]}<\/script>\n<!-- \/ Yoast SEO plugin. -->","yoast_head_json":{"title":"Medik8 Pure C15\u2122 - Beauty pr\u00edstroje","description":"Pure C15\u2122 s\u00e9rum 2x15\u202fml s 15\u202f% vitam\u00ednom C, vitam\u00ednom E a glutathi\u00f3nom zlep\u0161uje pevnos\u0165, rozjas\u0148uje ple\u0165 a podporuje omladenie poko\u017eky.","robots":{"index":"index","follow":"follow","max-snippet":"max-snippet:-1","max-image-preview":"max-image-preview:large","max-video-preview":"max-video-preview:-1"},"canonical":"https:\/\/www.beautypristroje.sk\/en\/product\/pure-c15\/","og_locale":"en_GB","og_type":"article","og_title":"Medik8 Pure C15\u2122 - Beauty pr\u00edstroje","og_description":"Pure C15\u2122 s\u00e9rum 2x15\u202fml s 15\u202f% vitam\u00ednom C, vitam\u00ednom E a glutathi\u00f3nom zlep\u0161uje pevnos\u0165, rozjas\u0148uje ple\u0165 a podporuje omladenie poko\u017eky.","og_url":"https:\/\/www.beautypristroje.sk\/en\/product\/pure-c15\/","og_site_name":"Beauty pr\u00edstroje","article_modified_time":"2025-12-10T08:46:17+00:00","og_image":[{"width":1024,"height":1024,"url":"https:\/\/www.beautypristroje.sk\/wp-content\/uploads\/2025\/04\/Copy-of-Pure-C15-B-1024x1024.png","type":"image\/png"}],"twitter_card":"summary_large_image","twitter_misc":{"Estimated reading time":"3 minutes"},"schema":{"@context":"https:\/\/schema.org","@graph":[{"@type":"WebPage","@id":"https:\/\/www.beautypristroje.sk\/produkt\/pure-c15\/","url":"https:\/\/www.beautypristroje.sk\/produkt\/pure-c15\/","name":"Medik8 Pure C15\u2122 - Beauty pr\u00edstroje","isPartOf":{"@id":"https:\/\/www.beautypristroje.sk\/#website"},"primaryImageOfPage":{"@id":"https:\/\/www.beautypristroje.sk\/produkt\/pure-c15\/#primaryimage"},"image":{"@id":"https:\/\/www.beautypristroje.sk\/produkt\/pure-c15\/#primaryimage"},"thumbnailUrl":"https:\/\/www.beautypristroje.sk\/wp-content\/uploads\/2025\/04\/Copy-of-Pure-C15-B.png","datePublished":"2025-04-07T09:35:42+00:00","dateModified":"2025-12-10T08:46:17+00:00","description":"Pure C15\u2122 s\u00e9rum 2x15\u202fml s 15\u202f% vitam\u00ednom C, vitam\u00ednom E a glutathi\u00f3nom zlep\u0161uje pevnos\u0165, rozjas\u0148uje ple\u0165 a podporuje omladenie poko\u017eky.","breadcrumb":{"@id":"https:\/\/www.beautypristroje.sk\/produkt\/pure-c15\/#breadcrumb"},"inLanguage":"en-GB","potentialAction":[{"@type":"ReadAction","target":["https:\/\/www.beautypristroje.sk\/produkt\/pure-c15\/"]}]},{"@type":"ImageObject","inLanguage":"en-GB","@id":"https:\/\/www.beautypristroje.sk\/produkt\/pure-c15\/#primaryimage","url":"https:\/\/www.beautypristroje.sk\/wp-content\/uploads\/2025\/04\/Copy-of-Pure-C15-B.png","contentUrl":"https:\/\/www.beautypristroje.sk\/wp-content\/uploads\/2025\/04\/Copy-of-Pure-C15-B.png","width":2000,"height":2000,"caption":"Pure C15\u2122 s\u00e9rum 2x15\u202fml na vodnej b\u00e1ze s 15\u202f% \u010dist\u00fdm vitam\u00ednom C, vitam\u00ednom E a glutathi\u00f3nom pre omladenie a rozjasnenie pleti."},{"@type":"BreadcrumbList","@id":"https:\/\/www.beautypristroje.sk\/produkt\/pure-c15\/#breadcrumb","itemListElement":[{"@type":"ListItem","position":1,"name":"Domovsk\u00e1 str\u00e1nka","item":"https:\/\/www.beautypristroje.sk\/"},{"@type":"ListItem","position":2,"name":"Obchod","item":"https:\/\/www.beautypristroje.sk\/obchod\/"},{"@type":"ListItem","position":3,"name":"Medik8 Pure C15\u2122"}]},{"@type":"WebSite","@id":"https:\/\/www.beautypristroje.sk\/#website","url":"https:\/\/www.beautypristroje.sk\/","name":"Beauty pr\u00edstroje","description":"Profesion\u00e1lne kozmetick\u00e9 pr\u00edstroje pre sal\u00f3ny a kliniky","potentialAction":[{"@type":"SearchAction","target":{"@type":"EntryPoint","urlTemplate":"https:\/\/www.beautypristroje.sk\/?s={search_term_string}"},"query-input":{"@type":"PropertyValueSpecification","valueRequired":true,"valueName":"search_term_string"}}],"inLanguage":"en-GB"}]}},"_links":{"self":[{"href":"https:\/\/www.beautypristroje.sk\/en\/wp-json\/wp\/v2\/product\/600","targetHints":{"allow":["GET"]}}],"collection":[{"href":"https:\/\/www.beautypristroje.sk\/en\/wp-json\/wp\/v2\/product"}],"about":[{"href":"https:\/\/www.beautypristroje.sk\/en\/wp-json\/wp\/v2\/types\/product"}],"replies":[{"embeddable":true,"href":"https:\/\/www.beautypristroje.sk\/en\/wp-json\/wp\/v2\/comments?post=600"}],"wp:featuredmedia":[{"embeddable":true,"href":"https:\/\/www.beautypristroje.sk\/en\/wp-json\/wp\/v2\/media\/602"}],"wp:attachment":[{"href":"https:\/\/www.beautypristroje.sk\/en\/wp-json\/wp\/v2\/media?parent=600"}],"wp:term":[{"taxonomy":"product_brand","embeddable":true,"href":"https:\/\/www.beautypristroje.sk\/en\/wp-json\/wp\/v2\/product_brand?post=600"},{"taxonomy":"product_cat","embeddable":true,"href":"https:\/\/www.beautypristroje.sk\/en\/wp-json\/wp\/v2\/product_cat?post=600"},{"taxonomy":"product_tag","embeddable":true,"href":"https:\/\/www.beautypristroje.sk\/en\/wp-json\/wp\/v2\/product_tag?post=600"}],"curies":[{"name":"wp","href":"https:\/\/api.w.org\/{rel}","templated":true}]}}