{"id":587,"date":"2025-04-07T11:33:32","date_gmt":"2025-04-07T09:33:32","guid":{"rendered":"https:\/\/www.beautypristroje.sk\/?post_type=product&#038;p=587"},"modified":"2025-12-10T09:46:17","modified_gmt":"2025-12-10T08:46:17","slug":"c-tetra-luxe","status":"publish","type":"product","link":"https:\/\/www.beautypristroje.sk\/en\/product\/c-tetra-luxe\/","title":{"rendered":"Medik8 C-Tetra Luxe"},"content":{"rendered":"<p>Nab\u00edjajte svoju ple\u0165ov\u00fa \u017eiarivos\u0165 ka\u017ed\u00e9 r\u00e1no s Medik8 C-Tetra Luxe; klinicky dok\u00e1zan\u00e9, \u017ee zni\u017euje vzh\u013ead vr\u00e1sok a hyperpigment\u00e1cie u\u017e za 4 t\u00fd\u017edne.*<\/p>\n<p>Tento produkt pom\u00e1ha zv\u00fd\u0161i\u0165 vidite\u013en\u00fa \u017eiarivos\u0165 pleti, pri\u010dom podporuje ko\u017en\u00fa bari\u00e9ru.<\/p>\n<p>C-Tetra Luxe obsahuje dvojn\u00e1sobn\u00e9 mno\u017estvo vitam\u00ednu C (14 %) v porovnan\u00ed s na\u0161\u00edm p\u00f4vodn\u00fdm s\u00e9rum C-Tetra, \u010do ho rob\u00ed ide\u00e1lnym pre t\u00fdch, ktor\u00ed h\u013eadaj\u00fa vylep\u0161en\u00fa \u017eiarivos\u0165 pleti a ochranu proti antioxidantom spolu s hlbokou v\u00fd\u017eivou.<\/p>\n<p>Sametovo jemn\u00e9 s\u00e9rum je formulovan\u00e9 so stabilizovanou (a teda ve\u013emi silnou) formou vitam\u00ednu C naz\u00fdvanou tetrahexyldecylaskorb\u00e1t (vyslovuje sa &#8222;tetra-heksil-dekyl askorb\u00e1t&#8220;), ktor\u00e1 poskytuje dok\u00e1zan\u00e9 v\u00fdsledky u\u017e po prvej aplik\u00e1cii*; v\u0161etko to s jemn\u00fdm a vy\u017eivuj\u00facim z\u00e1\u017eitkom pre va\u0161u ple\u0165.<\/p>\n<p><em>*Dok\u00e1zan\u00e9 nez\u00e1visl\u00fdm klinick\u00fdm v\u00fdskumom na C-Tetra Luxe vykonan\u00fdm po\u010das 4 t\u00fd\u017ed\u0148ov na 36 \u00fa\u010dastn\u00edkoch.<\/em><\/p>\n<h3><strong>V\u00ddHODY<\/strong><\/h3>\n<div class=\"copy\">\n<h5>Okam\u017eit\u00fd mladistv\u00fd vzh\u013ead<\/h5>\n<p>Obohaten\u00fd o optimalizovan\u00fd \u010derven\u00fd \u017een\u0161en pre preuk\u00e1zan\u00e9 rozjas\u0148uj\u00face a omladzuj\u00face \u00fa\u010dinky.<\/p>\n<\/div>\n<h6>Redukcia tmav\u00fdch \u0161kv\u0155n<\/h6>\n<p>Prin\u00e1\u0161a siln\u00fd, klinicky overen\u00fd \u00fa\u010dinok na zlep\u0161enie vzh\u013eadu tmav\u00fdch \u0161kv\u0155n.<\/p>\n<div class=\"copy\">\n<h5>Kompletn\u00e1 v\u00fd\u017eiva pleti<\/h5>\n<p>Obohaten\u00e9 o skval\u00e1n a vitam\u00edn F pre intenz\u00edvnu hydrat\u00e1ciu a klinicky overen\u00fa podporu ko\u017enej bari\u00e9ry.<\/p>\n<\/div>\n<h3><b>K\u013d\u00da\u010cOV\u00c9 ZLO\u017dKY<\/b><\/h3>\n<h5><img decoding=\"async\" class=\"list-item-icon\" src=\"https:\/\/medik8.sk\/cdn\/shop\/files\/PDP_Key_Ingredients_Stabilised_Vitamin_C_Icon_44b44d3e-4b6b-439a-b5a6-b82af702fdfb.svg?v=1738240597&amp;width=50\" alt=\"Ingredient Icon 1\" width=\"50\" height=\"auto\" \/>14% Stabilizovan\u00fd vitam\u00edn C (tetrahexyldecyl askorb\u00e1t)<\/h5>\n<div class=\"copy\">\n<p>Formul\u00e1cia vitam\u00ednu C s n\u00edzkou dr\u00e1\u017edivos\u0165ou, ktor\u00e1 poskytuje v\u00fdnimo\u010dn\u00fa antioxida\u010dn\u00fa ochranu proti po\u0161kodeniu sp\u00f4soben\u00e9mu vo\u013en\u00fdmi radik\u00e1lmi, pri\u010dom podporuje produkciu kolag\u00e9nu pre vidite\u013ene rovnomern\u00fa a mlad\u0161ie vyzeraj\u00facu ple\u0165.<\/p>\n<h5><img decoding=\"async\" class=\"list-item-icon\" src=\"https:\/\/medik8.sk\/cdn\/shop\/files\/PDP_Key_Ingredients_Squalene_Icon_b1375325-7b49-45b2-b4b4-5343a92574f2.svg?v=1738240596&amp;width=50\" alt=\"Ingredient Icon 2\" width=\"50\" height=\"auto\" \/>Squal\u00e1n<\/h5>\n<\/div>\n<div class=\"copy\">\n<p>Lipid takmer identick\u00fd s pr\u00edrodn\u00fdm lipidom poko\u017eky, ktor\u00fd pom\u00e1ha podporova\u0165 prirodzen\u00fa ko\u017en\u00fa bari\u00e9ru a vy\u017eivuje ple\u0165.<\/p>\n<h5><img decoding=\"async\" class=\"list-item-icon\" src=\"https:\/\/medik8.sk\/cdn\/shop\/files\/PDP_Key_Ingredients_Maracuja_Oil_Icon_8a0b2dab-e0d6-4d7e-be06-573bdaff85cd.svg?v=1738240597&amp;width=50\" alt=\"Ingredient Icon 3\" width=\"50\" height=\"auto\" \/>Olej z maracuji<\/h5>\n<\/div>\n<div class=\"copy\">\n<p>Bohat\u00fd na \u017eiviny a mastn\u00e9 kyseliny, olej z maracuji hlboko vy\u017eivuje poko\u017eku a poskytuje \u010fal\u0161iu ochranu proti po\u0161kodeniu vo\u013en\u00fdmi radik\u00e1lmi.<\/p>\n<h5><img decoding=\"async\" class=\"list-item-icon\" src=\"https:\/\/medik8.sk\/cdn\/shop\/files\/PDP_Key_Ingredients_Red_Ginseng_Icon_ed3e6364-ce5f-4087-8b8a-b01c36460696.svg?v=1738240597&amp;width=50\" alt=\"Ingredient Icon 4\" width=\"50\" height=\"auto\" \/>Optimalizovan\u00fd \u010derven\u00fd \u017een\u0161en<\/h5>\n<\/div>\n<div class=\"copy\">\n<p>Zvy\u0161uje rozjas\u0148uj\u00face \u00fa\u010dinky s\u00e9ra a stimuluje produkciu kolag\u00e9nu, \u010do vedie k mladistvej\u0161iemu vzh\u013eadu poko\u017eky.<\/p>\n<h5><img decoding=\"async\" class=\"list-item-icon\" src=\"https:\/\/medik8.sk\/cdn\/shop\/files\/PDP_Key_Ingredients_Vitamin_E_Icon_80cc4751-3e31-4333-9fce-2f685a4a5a80.svg?v=1738240597&amp;width=50\" alt=\"Ingredient Icon 5\" width=\"50\" height=\"auto\" \/>Vitam\u00edn E<\/h5>\n<\/div>\n<div class=\"copy\">\n<p>Siln\u00fd antioxidant, ktor\u00fd poskytuje dodato\u010dn\u00fa ochranu pred starnut\u00edm pleti sp\u00f4soben\u00fdm vo\u013en\u00fdmi radik\u00e1lmi. Taktie\u017e pom\u00e1ha posilni\u0165 \u00fa\u010dinok vitam\u00ednu C pre optim\u00e1lne vidite\u013en\u00e9 v\u00fdsledky.<\/p>\n<\/div>\n<h3><strong>AKO POU\u017d\u00cdVA\u0164<\/strong><\/h3>\n<p>Po \u010disten\u00ed r\u00e1no naneste 6 kvapiek C-Tetra Luxe na tv\u00e1r, krk a dekolt. Nechajte vstreb\u00e1va\u0165 pred nanesen\u00edm opa\u013eovacieho kr\u00e9mu. Odpor\u00fa\u010dame Advanced Day Ultimate Protect.<\/p>\n<h3><strong>OBSAH BALENIA<\/strong><\/h3>\n<p>Balenie 30 ml vydr\u017e\u00ed pri be\u017enom pou\u017e\u00edvan\u00ed\u00a0 pribli\u017ene 100 aplik\u00e1ci\u00ed.<\/p>\n<h3><strong>ZLO\u017dENIE<\/strong><\/h3>\n<p>Squalane, Simmondsia Chinensis (Jojoba) Seed Oil, Tetrahexyldecyl Ascorbate, Dimethicone, Candida Bombicola\/Glucose\/Methyl Rapeseedate Ferment, Citrus Grandis (Grapefruit) Peel Oil, Ethyl Linoleate, Passiflora Edulis (Passion Fruit) Seed Oil, Tocopheryl Acetate, Helianthus Annuus (Sunflower) Seed Oil, Olea Europaea (Olive) Fruit Oil, Panax Ginseng Root Oil, Prunus Amygdalus Dulcis (Sweet Almond) Oil, Prunus Armeniaca (Apricot) Kernel Oil, PPG-12\/SMDI Copolymer, Limonene, Citral, Linalool, Geraniol.<\/p>\n<p>*Aj ke\u010f sa sna\u017e\u00edme zaisti\u0165 presnos\u0165 tohto zoznamu zlo\u017eiek, niekedy m\u00f4\u017ee d\u00f4js\u0165 k vylep\u0161eniam produktu alebo k miernym rozdielom medzi r\u00f4znymi regi\u00f3nmi na z\u00e1klade miestnych z\u00e1konov. Jedin\u00fd definit\u00edvny zoznam zlo\u017eiek je preto ten, ktor\u00fd je vytla\u010den\u00fd na obale produktu.<\/p>","protected":false},"excerpt":{"rendered":"<p>30 ml<\/p>\n<p>Omladzuj\u00face olejov\u00e9 s\u00e9rum s vitam\u00ednom C<br \/>\n14% tetrahexyldecyl askorb\u00e1t, \u010derven\u00fd\u0301 \u017een\u0161en, skvalan, vitam\u00edn E a F, olej z marakuji<\/p>","protected":false},"featured_media":589,"comment_status":"open","ping_status":"closed","template":"","meta":{"_acf_changed":false},"product_brand":[77],"product_cat":[75,26],"product_tag":[],"class_list":{"0":"post-587","1":"product","2":"type-product","3":"status-publish","4":"has-post-thumbnail","6":"product_brand-medik8","7":"product_cat-kremy-a-sera","8":"product_cat-skincare-produkty","10":"first","11":"instock","12":"taxable","13":"shipping-taxable","14":"purchasable","15":"product-type-simple"},"acf":[],"yoast_head":"<!-- This site is optimized with the Yoast SEO plugin v27.5 - https:\/\/yoast.com\/product\/yoast-seo-wordpress\/ -->\n<title>Medik8 C-Tetra Luxe - Beauty pr\u00edstroje<\/title>\n<meta name=\"description\" content=\"C-Tetra Luxe 30\u202fml olejov\u00e9 s\u00e9rum s 14\u202f% vitam\u00ednom C, \u017een\u0161enom, skvalanom a vitam\u00ednmi E a F podporuje omladenie, rozjasnenie a hydrat\u00e1ciu poko\u017eky.\" \/>\n<meta name=\"robots\" content=\"index, follow, max-snippet:-1, max-image-preview:large, max-video-preview:-1\" \/>\n<link rel=\"canonical\" href=\"https:\/\/www.beautypristroje.sk\/en\/product\/c-tetra-luxe\/\" \/>\n<meta property=\"og:locale\" content=\"en_GB\" \/>\n<meta property=\"og:type\" content=\"article\" \/>\n<meta property=\"og:title\" content=\"Medik8 C-Tetra Luxe - Beauty pr\u00edstroje\" \/>\n<meta property=\"og:description\" content=\"C-Tetra Luxe 30\u202fml olejov\u00e9 s\u00e9rum s 14\u202f% vitam\u00ednom C, \u017een\u0161enom, skvalanom a vitam\u00ednmi E a F podporuje omladenie, rozjasnenie a hydrat\u00e1ciu poko\u017eky.\" \/>\n<meta property=\"og:url\" content=\"https:\/\/www.beautypristroje.sk\/en\/product\/c-tetra-luxe\/\" \/>\n<meta property=\"og:site_name\" content=\"Beauty pr\u00edstroje\" \/>\n<meta property=\"article:modified_time\" content=\"2025-12-10T08:46:17+00:00\" \/>\n<meta property=\"og:image\" content=\"https:\/\/www.beautypristroje.sk\/wp-content\/uploads\/2025\/04\/Copy-of-C-Tetra-Luxe-B-1024x1024.png\" \/>\n\t<meta property=\"og:image:width\" content=\"1024\" \/>\n\t<meta property=\"og:image:height\" content=\"1024\" \/>\n\t<meta property=\"og:image:type\" content=\"image\/png\" \/>\n<meta name=\"twitter:card\" content=\"summary_large_image\" \/>\n<meta name=\"twitter:label1\" content=\"Estimated reading time\" \/>\n\t<meta name=\"twitter:data1\" content=\"4 minutes\" \/>\n<script type=\"application\/ld+json\" class=\"yoast-schema-graph\">{\"@context\":\"https:\\\/\\\/schema.org\",\"@graph\":[{\"@type\":\"WebPage\",\"@id\":\"https:\\\/\\\/www.beautypristroje.sk\\\/produkt\\\/c-tetra-luxe\\\/\",\"url\":\"https:\\\/\\\/www.beautypristroje.sk\\\/produkt\\\/c-tetra-luxe\\\/\",\"name\":\"Medik8 C-Tetra Luxe - Beauty pr\u00edstroje\",\"isPartOf\":{\"@id\":\"https:\\\/\\\/www.beautypristroje.sk\\\/#website\"},\"primaryImageOfPage\":{\"@id\":\"https:\\\/\\\/www.beautypristroje.sk\\\/produkt\\\/c-tetra-luxe\\\/#primaryimage\"},\"image\":{\"@id\":\"https:\\\/\\\/www.beautypristroje.sk\\\/produkt\\\/c-tetra-luxe\\\/#primaryimage\"},\"thumbnailUrl\":\"https:\\\/\\\/www.beautypristroje.sk\\\/wp-content\\\/uploads\\\/2025\\\/04\\\/Copy-of-C-Tetra-Luxe-B.png\",\"datePublished\":\"2025-04-07T09:33:32+00:00\",\"dateModified\":\"2025-12-10T08:46:17+00:00\",\"description\":\"C-Tetra Luxe 30\u202fml olejov\u00e9 s\u00e9rum s 14\u202f% vitam\u00ednom C, \u017een\u0161enom, skvalanom a vitam\u00ednmi E a F podporuje omladenie, rozjasnenie a hydrat\u00e1ciu poko\u017eky.\",\"breadcrumb\":{\"@id\":\"https:\\\/\\\/www.beautypristroje.sk\\\/produkt\\\/c-tetra-luxe\\\/#breadcrumb\"},\"inLanguage\":\"en-GB\",\"potentialAction\":[{\"@type\":\"ReadAction\",\"target\":[\"https:\\\/\\\/www.beautypristroje.sk\\\/produkt\\\/c-tetra-luxe\\\/\"]}]},{\"@type\":\"ImageObject\",\"inLanguage\":\"en-GB\",\"@id\":\"https:\\\/\\\/www.beautypristroje.sk\\\/produkt\\\/c-tetra-luxe\\\/#primaryimage\",\"url\":\"https:\\\/\\\/www.beautypristroje.sk\\\/wp-content\\\/uploads\\\/2025\\\/04\\\/Copy-of-C-Tetra-Luxe-B.png\",\"contentUrl\":\"https:\\\/\\\/www.beautypristroje.sk\\\/wp-content\\\/uploads\\\/2025\\\/04\\\/Copy-of-C-Tetra-Luxe-B.png\",\"width\":2000,\"height\":2000,\"caption\":\"C-Tetra Luxe 30\u202fml olejov\u00e9 s\u00e9rum s 14\u202f% vitam\u00ednom C, \u010derven\u00fdm \u017een\u0161enom, skvalanom, vitam\u00ednmi E a F a olejom z marakuje pre omladenie pleti.\"},{\"@type\":\"BreadcrumbList\",\"@id\":\"https:\\\/\\\/www.beautypristroje.sk\\\/produkt\\\/c-tetra-luxe\\\/#breadcrumb\",\"itemListElement\":[{\"@type\":\"ListItem\",\"position\":1,\"name\":\"Domovsk\u00e1 str\u00e1nka\",\"item\":\"https:\\\/\\\/www.beautypristroje.sk\\\/\"},{\"@type\":\"ListItem\",\"position\":2,\"name\":\"Obchod\",\"item\":\"https:\\\/\\\/www.beautypristroje.sk\\\/obchod\\\/\"},{\"@type\":\"ListItem\",\"position\":3,\"name\":\"Medik8 C-Tetra Luxe\"}]},{\"@type\":\"WebSite\",\"@id\":\"https:\\\/\\\/www.beautypristroje.sk\\\/#website\",\"url\":\"https:\\\/\\\/www.beautypristroje.sk\\\/\",\"name\":\"Beauty pr\u00edstroje\",\"description\":\"Profesion\u00e1lne kozmetick\u00e9 pr\u00edstroje pre sal\u00f3ny a kliniky\",\"potentialAction\":[{\"@type\":\"SearchAction\",\"target\":{\"@type\":\"EntryPoint\",\"urlTemplate\":\"https:\\\/\\\/www.beautypristroje.sk\\\/?s={search_term_string}\"},\"query-input\":{\"@type\":\"PropertyValueSpecification\",\"valueRequired\":true,\"valueName\":\"search_term_string\"}}],\"inLanguage\":\"en-GB\"}]}<\/script>\n<!-- \/ Yoast SEO plugin. -->","yoast_head_json":{"title":"Medik8 C-Tetra Luxe - Beauty pr\u00edstroje","description":"C-Tetra Luxe 30\u202fml olejov\u00e9 s\u00e9rum s 14\u202f% vitam\u00ednom C, \u017een\u0161enom, skvalanom a vitam\u00ednmi E a F podporuje omladenie, rozjasnenie a hydrat\u00e1ciu poko\u017eky.","robots":{"index":"index","follow":"follow","max-snippet":"max-snippet:-1","max-image-preview":"max-image-preview:large","max-video-preview":"max-video-preview:-1"},"canonical":"https:\/\/www.beautypristroje.sk\/en\/product\/c-tetra-luxe\/","og_locale":"en_GB","og_type":"article","og_title":"Medik8 C-Tetra Luxe - Beauty pr\u00edstroje","og_description":"C-Tetra Luxe 30\u202fml olejov\u00e9 s\u00e9rum s 14\u202f% vitam\u00ednom C, \u017een\u0161enom, skvalanom a vitam\u00ednmi E a F podporuje omladenie, rozjasnenie a hydrat\u00e1ciu poko\u017eky.","og_url":"https:\/\/www.beautypristroje.sk\/en\/product\/c-tetra-luxe\/","og_site_name":"Beauty pr\u00edstroje","article_modified_time":"2025-12-10T08:46:17+00:00","og_image":[{"width":1024,"height":1024,"url":"https:\/\/www.beautypristroje.sk\/wp-content\/uploads\/2025\/04\/Copy-of-C-Tetra-Luxe-B-1024x1024.png","type":"image\/png"}],"twitter_card":"summary_large_image","twitter_misc":{"Estimated reading time":"4 minutes"},"schema":{"@context":"https:\/\/schema.org","@graph":[{"@type":"WebPage","@id":"https:\/\/www.beautypristroje.sk\/produkt\/c-tetra-luxe\/","url":"https:\/\/www.beautypristroje.sk\/produkt\/c-tetra-luxe\/","name":"Medik8 C-Tetra Luxe - Beauty pr\u00edstroje","isPartOf":{"@id":"https:\/\/www.beautypristroje.sk\/#website"},"primaryImageOfPage":{"@id":"https:\/\/www.beautypristroje.sk\/produkt\/c-tetra-luxe\/#primaryimage"},"image":{"@id":"https:\/\/www.beautypristroje.sk\/produkt\/c-tetra-luxe\/#primaryimage"},"thumbnailUrl":"https:\/\/www.beautypristroje.sk\/wp-content\/uploads\/2025\/04\/Copy-of-C-Tetra-Luxe-B.png","datePublished":"2025-04-07T09:33:32+00:00","dateModified":"2025-12-10T08:46:17+00:00","description":"C-Tetra Luxe 30\u202fml olejov\u00e9 s\u00e9rum s 14\u202f% vitam\u00ednom C, \u017een\u0161enom, skvalanom a vitam\u00ednmi E a F podporuje omladenie, rozjasnenie a hydrat\u00e1ciu poko\u017eky.","breadcrumb":{"@id":"https:\/\/www.beautypristroje.sk\/produkt\/c-tetra-luxe\/#breadcrumb"},"inLanguage":"en-GB","potentialAction":[{"@type":"ReadAction","target":["https:\/\/www.beautypristroje.sk\/produkt\/c-tetra-luxe\/"]}]},{"@type":"ImageObject","inLanguage":"en-GB","@id":"https:\/\/www.beautypristroje.sk\/produkt\/c-tetra-luxe\/#primaryimage","url":"https:\/\/www.beautypristroje.sk\/wp-content\/uploads\/2025\/04\/Copy-of-C-Tetra-Luxe-B.png","contentUrl":"https:\/\/www.beautypristroje.sk\/wp-content\/uploads\/2025\/04\/Copy-of-C-Tetra-Luxe-B.png","width":2000,"height":2000,"caption":"C-Tetra Luxe 30\u202fml olejov\u00e9 s\u00e9rum s 14\u202f% vitam\u00ednom C, \u010derven\u00fdm \u017een\u0161enom, skvalanom, vitam\u00ednmi E a F a olejom z marakuje pre omladenie pleti."},{"@type":"BreadcrumbList","@id":"https:\/\/www.beautypristroje.sk\/produkt\/c-tetra-luxe\/#breadcrumb","itemListElement":[{"@type":"ListItem","position":1,"name":"Domovsk\u00e1 str\u00e1nka","item":"https:\/\/www.beautypristroje.sk\/"},{"@type":"ListItem","position":2,"name":"Obchod","item":"https:\/\/www.beautypristroje.sk\/obchod\/"},{"@type":"ListItem","position":3,"name":"Medik8 C-Tetra Luxe"}]},{"@type":"WebSite","@id":"https:\/\/www.beautypristroje.sk\/#website","url":"https:\/\/www.beautypristroje.sk\/","name":"Beauty pr\u00edstroje","description":"Profesion\u00e1lne kozmetick\u00e9 pr\u00edstroje pre sal\u00f3ny a kliniky","potentialAction":[{"@type":"SearchAction","target":{"@type":"EntryPoint","urlTemplate":"https:\/\/www.beautypristroje.sk\/?s={search_term_string}"},"query-input":{"@type":"PropertyValueSpecification","valueRequired":true,"valueName":"search_term_string"}}],"inLanguage":"en-GB"}]}},"_links":{"self":[{"href":"https:\/\/www.beautypristroje.sk\/en\/wp-json\/wp\/v2\/product\/587","targetHints":{"allow":["GET"]}}],"collection":[{"href":"https:\/\/www.beautypristroje.sk\/en\/wp-json\/wp\/v2\/product"}],"about":[{"href":"https:\/\/www.beautypristroje.sk\/en\/wp-json\/wp\/v2\/types\/product"}],"replies":[{"embeddable":true,"href":"https:\/\/www.beautypristroje.sk\/en\/wp-json\/wp\/v2\/comments?post=587"}],"wp:featuredmedia":[{"embeddable":true,"href":"https:\/\/www.beautypristroje.sk\/en\/wp-json\/wp\/v2\/media\/589"}],"wp:attachment":[{"href":"https:\/\/www.beautypristroje.sk\/en\/wp-json\/wp\/v2\/media?parent=587"}],"wp:term":[{"taxonomy":"product_brand","embeddable":true,"href":"https:\/\/www.beautypristroje.sk\/en\/wp-json\/wp\/v2\/product_brand?post=587"},{"taxonomy":"product_cat","embeddable":true,"href":"https:\/\/www.beautypristroje.sk\/en\/wp-json\/wp\/v2\/product_cat?post=587"},{"taxonomy":"product_tag","embeddable":true,"href":"https:\/\/www.beautypristroje.sk\/en\/wp-json\/wp\/v2\/product_tag?post=587"}],"curies":[{"name":"wp","href":"https:\/\/api.w.org\/{rel}","templated":true}]}}