{"id":569,"date":"2025-04-07T11:05:07","date_gmt":"2025-04-07T09:05:07","guid":{"rendered":"https:\/\/www.beautypristroje.sk\/?post_type=product&#038;p=569"},"modified":"2025-12-10T09:46:17","modified_gmt":"2025-12-10T08:46:17","slug":"daily-radiance-vitamin-c","status":"publish","type":"product","link":"https:\/\/www.beautypristroje.sk\/en\/product\/daily-radiance-vitamin-c\/","title":{"rendered":"Medik8 Daily Radiance Vitamin C\u2122"},"content":{"rendered":"<p>Vidite\u013ene o\u017eivte a chr\u00e1\u0148te svoju ple\u0165 ka\u017ed\u00e9 r\u00e1no s Daily Radiance Vitamin C, najpred\u00e1vanej\u0161\u00edm 7% vitam\u00ednom C + SPF 30 denn\u00fdm kr\u00e9mom od Medik8.<\/p>\n<p>T\u00e1to \u013eahk\u00e1 formula poskytuje siln\u00fa antioxida\u010dn\u00fa ochranu spolu s \u0161irokospektr\u00e1lnym SPF 30 opa\u013eovac\u00edm kr\u00e9mom, ktor\u00fd chr\u00e1ni ple\u0165 pred pred\u010dasn\u00fdmi pr\u00edznakmi starnutia.<\/p>\n<p>V\u010faka nemastnej, hodv\u00e1bne jemnej text\u00fare, ktor\u00e1 sa do pleti r\u00fdchlo vstreb\u00e1va, 94 % \u013eud\u00ed s\u00fahlas\u00ed, \u017ee Daily Radiance Vitamin C sa viac podob\u00e1 na zvlh\u010dova\u010d ne\u017e opa\u013eovac\u00ed kr\u00e9m.*<\/p>\n<p>Medzit\u00fdm jeho vidite\u013en\u00e9 vyhladzuj\u00face a rozjas\u0148uj\u00face \u00fa\u010dinky vytv\u00e1raj\u00fa ide\u00e1lny \u017eiariv\u00fd z\u00e1klad na nan\u00e1\u0161anie makeupu. Pou\u017e\u00edvajte denne pre s\u00fastreden\u00fa starostlivos\u0165, ktor\u00e1 udr\u017eiava ochranu pred slnkom a \u0161ir\u0161\u00edm vonkaj\u0161\u00edm prostred\u00edm.<\/p>\n<p><em>*Preuk\u00e1zan\u00e9 prostredn\u00edctvom nez\u00e1vislej spotrebite\u013eskej \u0161t\u00fadie vykonanej po\u010das 4 t\u00fd\u017ed\u0148ov na 50 \u00fa\u010dastn\u00edkoch, zo v\u0161etk\u00fdch typov a odtie\u0148ov pleti.<\/em><\/p>\n<h3><strong>V\u00ddHODY<\/strong><\/h3>\n<div class=\"copy\">\n<h5>Rozjasnenie a ochrana v jednom kroku<\/h5>\n<div class=\"metafield-rich_text_field\">\n<p>Denn\u00e1 d\u00e1vka rozjas\u0148uj\u00faceho vitam\u00ednu C a SPF 30 ochrany v jednom kroku.<\/p>\n<\/div>\n<h5>Prevencia pred\u010dasn\u00e9ho starnutia<\/h5>\n<div class=\"metafield-rich_text_field\">\n<p>\u00da\u010dinne pom\u00e1ha predch\u00e1dza\u0165 aj redukova\u0165 jemn\u00e9 linky a vr\u00e1sky.<\/p>\n<\/div>\n<h5>Pevnej\u0161ia a \u017eiarivej\u0161ia ple\u0165<\/h5>\n<div class=\"metafield-rich_text_field\">\n<p>Vidite\u013ene zjem\u0148uje, zvy\u0161uje jas a klinicky preuk\u00e1zate\u013ene spev\u0148uje ple\u0165.*<\/p>\n<p>*Preuk\u00e1zan\u00e9 nez\u00e1vislou spotrebite\u013eskou \u0161t\u00fadiou vykonanou po\u010das 4 t\u00fd\u017ed\u0148ov na 50 \u00fa\u010dastn\u00edkoch v\u0161etk\u00fdch typov a t\u00f3nov pleti.<\/p>\n<\/div>\n<\/div>\n<div class=\"copy\">\n<h5>Celodenn\u00e1 hydrat\u00e1cia<\/h5>\n<p>Obohaten\u00fd o kyselinu hyalur\u00f3nov\u00fa a glycer\u00edn pre preuk\u00e1zate\u013en\u00fa celodenn\u00fa hydrat\u00e1ciu pleti.<\/p>\n<\/div>\n<div class=\"copy\">\n<h5>Zdrav\u00e9 rozjasnenie<\/h5>\n<p>Obsahuje vysoko \u00fa\u010dinn\u00fa formu vitam\u00ednu C, ktor\u00e1 preuk\u00e1zate\u013ene dod\u00e1va pleti vidite\u013en\u00fd jas u\u017e po jednom pou\u017eit\u00ed.*<\/p>\n<div class=\"metafield-rich_text_field\">\n<p>*Preuk\u00e1zan\u00e9 nez\u00e1vislou spotrebite\u013eskou \u0161t\u00fadiou uskuto\u010dnenou po\u010das 4 t\u00fd\u017ed\u0148ov na 50 \u00fa\u010dastn\u00edkoch r\u00f4znych typov a t\u00f3nov pleti.<\/p>\n<\/div>\n<\/div>\n<h3><strong>K\u013d\u00da\u010cOV\u00c9 ZLO\u017dKY<\/strong><\/h3>\n<h5><img decoding=\"async\" class=\"list-item-icon\" src=\"https:\/\/medik8.sk\/cdn\/shop\/files\/PDP_Key_Ingredients_Tetrahexyldecyl_Ascorbate_Icon_786ed22b-ed60-457a-bae3-adc4f375ed4d.svg?v=1738240597&amp;width=50\" alt=\"Ingredient Icon 1\" width=\"50\" height=\"auto\" \/>7% Tetrahexyldecyl Ascorbate<\/h5>\n<div class=\"copy\">\n<p>Stabiln\u00e1, \u00fa\u010dinn\u00e1 a n\u00edzko dr\u00e1\u017ediv\u00e1 forma vitam\u00ednu C, ktor\u00e1 poskytuje vynikaj\u00facu ochranu pred po\u0161koden\u00edm sp\u00f4soben\u00fdm vo\u013en\u00fdmi radik\u00e1lmi. Pom\u00e1ha vidite\u013ene rozjasni\u0165 ple\u0165, podporuje tvorbu kolag\u00e9nu a zlep\u0161uje rovnomern\u00fd a mladistv\u00fd vzh\u013ead pleti.<\/p>\n<h5><img decoding=\"async\" class=\"list-item-icon\" src=\"https:\/\/medik8.sk\/cdn\/shop\/files\/PDP_Key_Ingredients_Advanced_UV_Filters_Icon_0cb2823e-c4e9-49e2-a678-acabc4a50387.svg?v=1738240597&amp;width=50\" alt=\"Ingredient Icon 2\" width=\"50\" height=\"auto\" \/> Pokro\u010dil\u00e9 UV filtre<\/h5>\n<\/div>\n<div class=\"copy\">\n<p>Komplex pr\u00e9miov\u00fdch chemick\u00fdch slne\u010dn\u00fdch filtrov, starostlivo vybran\u00fdch pre ich vysok\u00fd v\u00fdkon, priate\u013esk\u00e9 \u00fa\u010dinky na poko\u017eku a stabilitu (\u00fa\u010dinnos\u0165) na slnku.<\/p>\n<h5><img decoding=\"async\" class=\"list-item-icon\" src=\"https:\/\/medik8.sk\/cdn\/shop\/files\/PDP_Key_Ingredients_Hyaluronic_Acid_Icon_d4e2f985-4046-45bf-baca-95e3fa3abcc1.svg?v=1738240597&amp;width=50\" alt=\"Ingredient Icon 3\" width=\"50\" height=\"auto\" \/>Kyselina hyalur\u00f3nov\u00e1<\/h5>\n<\/div>\n<div class=\"copy\">\n<p>S schopnos\u0165ou pri\u0165ahova\u0165 a zadr\u017ea\u0165 viac ako 1 000-n\u00e1sobok svojej hmotnosti vo vode, kyselina hyalur\u00f3nov\u00e1 \u010derp\u00e1 vlhkos\u0165 do horn\u00fdch vrstiev poko\u017eky, \u010d\u00edm zanech\u00e1va ple\u0165 hydratovan\u00fa a vidite\u013ene pru\u017en\u00fa.<\/p>\n<h5><img decoding=\"async\" class=\"list-item-icon\" src=\"https:\/\/medik8.sk\/cdn\/shop\/files\/PDP_Key_Ingredients_Vitamin_E_Icon_80cc4751-3e31-4333-9fce-2f685a4a5a80.svg?v=1738240597&amp;width=50\" alt=\"Ingredient Icon 4\" width=\"50\" height=\"auto\" \/>Vitam\u00edn E<\/h5>\n<\/div>\n<div class=\"copy\">\n<p>Siln\u00fd antioxidant, vitam\u00edn E pom\u00e1ha chr\u00e1ni\u0165 pred \u00fa\u010dinkami starnutia sp\u00f4soben\u00fdmi vo\u013en\u00fdmi radik\u00e1lmi, zatia\u013e \u010do stabilizuje retinal pre optim\u00e1lnu silu.<\/p>\n<\/div>\n<h3><b>AKO POU\u017d\u00cdVA\u0164<\/b><\/h3>\n<p>Po rannom \u010disten\u00ed rovnomerne naneste dostato\u010dn\u00e9 mno\u017estvo\u00a0<em>Daily Radiance Vitamin C<\/em> na tv\u00e1r, krk a dekolt. Pod\u013ea potreby opakovane aplikujte po\u010das d\u0148a.<\/p>\n<h3><strong>OBSAH BALENIA<\/strong><\/h3>\n<p>Aqua (Water), Tetrahexyldecyl Ascorbate, Diethylamino Hydroxybenzoyl Hexyl Benzoate, Dibutyl Adipate, Dimethicone, Ethylhexyl Triazone, Bis-Ethylhexyloxyphenol Methoxyphenyl Triazine, C12-15 Alkyl Benzoate, Dicaprylyl Carbonate, Cetearyl Alcohol, Glycerin, Coco-Glucoside, Phenoxyethanol, Acrylates\/C10-30 Alkyl Acrylate Crosspolymer, Cetearyl Glucoside, Tocopheryl Acetate, Hydroxyacetophenone, Disodium EDTA, Benzoic Acid, Xanthan Gum, Citrus Grandis (Grapefruit) Peel Oil, Sodium Hydroxide, Dehydroacetic Acid, Sodium Hyaluronate, Citrus Limon (Lemon) Peel Oil, Citrus Aurantium Bergamia (Bergamot) Fruit Oil, Pelargonium Graveolens (Geranium) Flower Oil, Ethylhexylglycerin, Limonene, Citronellol, Linalool, Geraniol, Citral.<\/p>\n<p>*Aj ke\u010f sa sna\u017e\u00edme zaisti\u0165 presnos\u0165 tohto zoznamu zlo\u017eiek, niekedy m\u00f4\u017ee d\u00f4js\u0165 k vylep\u0161eniam produktu alebo k miernym rozdielom medzi r\u00f4znymi regi\u00f3nmi na z\u00e1klade miestnych z\u00e1konov. Jedin\u00fd definit\u00edvny zoznam zlo\u017eiek je preto ten, ktor\u00fd je vytla\u010den\u00fd na obale produktu.<\/p>\n<p>&nbsp;<\/p>","protected":false},"excerpt":{"rendered":"<p>50ml<\/p>\n<p>Denn\u00fd hydrata\u010dn\u00fd kr\u00e9m s vitam\u00ednom C a SPF 30<br \/>\n7% tetrahexyldecyl askorb\u00e1t, vitam\u00edn E, kyselina hyalur\u00f3nov\u00e1<\/p>","protected":false},"featured_media":571,"comment_status":"open","ping_status":"closed","template":"","meta":{"_acf_changed":false},"product_brand":[77],"product_cat":[75,26],"product_tag":[],"class_list":{"0":"post-569","1":"product","2":"type-product","3":"status-publish","4":"has-post-thumbnail","6":"product_brand-medik8","7":"product_cat-kremy-a-sera","8":"product_cat-skincare-produkty","10":"first","11":"instock","12":"taxable","13":"shipping-taxable","14":"purchasable","15":"product-type-simple"},"acf":[],"yoast_head":"<!-- This site is optimized with the Yoast SEO plugin v27.6 - https:\/\/yoast.com\/product\/yoast-seo-wordpress\/ -->\n<title>Medik8 Daily Radiance Vitamin C\u2122 - Beauty pr\u00edstroje<\/title>\n<meta name=\"description\" content=\"Daily Radiance Vitamin C\u2122 50\u202fml denn\u00fd kr\u00e9m s 7\u202f% vitam\u00ednom C, SPF\u202f30, vitam\u00ednom E a kyselinou hyalur\u00f3novou hydratuje, rozjas\u0148uje a chr\u00e1ni ple\u0165.\" \/>\n<meta name=\"robots\" content=\"index, follow, max-snippet:-1, max-image-preview:large, max-video-preview:-1\" \/>\n<link rel=\"canonical\" href=\"https:\/\/www.beautypristroje.sk\/en\/product\/daily-radiance-vitamin-c\/\" \/>\n<meta property=\"og:locale\" content=\"en_GB\" \/>\n<meta property=\"og:type\" content=\"article\" \/>\n<meta property=\"og:title\" content=\"Medik8 Daily Radiance Vitamin C\u2122 - Beauty pr\u00edstroje\" \/>\n<meta property=\"og:description\" content=\"Daily Radiance Vitamin C\u2122 50\u202fml denn\u00fd kr\u00e9m s 7\u202f% vitam\u00ednom C, SPF\u202f30, vitam\u00ednom E a kyselinou hyalur\u00f3novou hydratuje, rozjas\u0148uje a chr\u00e1ni ple\u0165.\" \/>\n<meta property=\"og:url\" content=\"https:\/\/www.beautypristroje.sk\/en\/product\/daily-radiance-vitamin-c\/\" \/>\n<meta property=\"og:site_name\" content=\"Beauty pr\u00edstroje\" \/>\n<meta property=\"article:modified_time\" content=\"2025-12-10T08:46:17+00:00\" \/>\n<meta property=\"og:image\" content=\"https:\/\/www.beautypristroje.sk\/wp-content\/uploads\/2025\/04\/Copy-of-Daily-Radiance-Vitamin-C-B.png\" \/>\n\t<meta property=\"og:image:width\" content=\"2000\" \/>\n\t<meta property=\"og:image:height\" content=\"2000\" \/>\n\t<meta property=\"og:image:type\" content=\"image\/png\" \/>\n<meta name=\"twitter:card\" content=\"summary_large_image\" \/>\n<meta name=\"twitter:label1\" content=\"Estimated reading time\" \/>\n\t<meta name=\"twitter:data1\" content=\"4 minutes\" \/>\n<script type=\"application\/ld+json\" class=\"yoast-schema-graph\">{\"@context\":\"https:\\\/\\\/schema.org\",\"@graph\":[{\"@type\":\"WebPage\",\"@id\":\"https:\\\/\\\/www.beautypristroje.sk\\\/produkt\\\/daily-radiance-vitamin-c\\\/\",\"url\":\"https:\\\/\\\/www.beautypristroje.sk\\\/produkt\\\/daily-radiance-vitamin-c\\\/\",\"name\":\"Medik8 Daily Radiance Vitamin C\u2122 - Beauty pr\u00edstroje\",\"isPartOf\":{\"@id\":\"https:\\\/\\\/www.beautypristroje.sk\\\/#website\"},\"primaryImageOfPage\":{\"@id\":\"https:\\\/\\\/www.beautypristroje.sk\\\/produkt\\\/daily-radiance-vitamin-c\\\/#primaryimage\"},\"image\":{\"@id\":\"https:\\\/\\\/www.beautypristroje.sk\\\/produkt\\\/daily-radiance-vitamin-c\\\/#primaryimage\"},\"thumbnailUrl\":\"https:\\\/\\\/www.beautypristroje.sk\\\/wp-content\\\/uploads\\\/2025\\\/04\\\/Copy-of-Daily-Radiance-Vitamin-C-B.png\",\"datePublished\":\"2025-04-07T09:05:07+00:00\",\"dateModified\":\"2025-12-10T08:46:17+00:00\",\"description\":\"Daily Radiance Vitamin C\u2122 50\u202fml denn\u00fd kr\u00e9m s 7\u202f% vitam\u00ednom C, SPF\u202f30, vitam\u00ednom E a kyselinou hyalur\u00f3novou hydratuje, rozjas\u0148uje a chr\u00e1ni ple\u0165.\",\"breadcrumb\":{\"@id\":\"https:\\\/\\\/www.beautypristroje.sk\\\/produkt\\\/daily-radiance-vitamin-c\\\/#breadcrumb\"},\"inLanguage\":\"en-GB\",\"potentialAction\":[{\"@type\":\"ReadAction\",\"target\":[\"https:\\\/\\\/www.beautypristroje.sk\\\/produkt\\\/daily-radiance-vitamin-c\\\/\"]}]},{\"@type\":\"ImageObject\",\"inLanguage\":\"en-GB\",\"@id\":\"https:\\\/\\\/www.beautypristroje.sk\\\/produkt\\\/daily-radiance-vitamin-c\\\/#primaryimage\",\"url\":\"https:\\\/\\\/www.beautypristroje.sk\\\/wp-content\\\/uploads\\\/2025\\\/04\\\/Copy-of-Daily-Radiance-Vitamin-C-B.png\",\"contentUrl\":\"https:\\\/\\\/www.beautypristroje.sk\\\/wp-content\\\/uploads\\\/2025\\\/04\\\/Copy-of-Daily-Radiance-Vitamin-C-B.png\",\"width\":2000,\"height\":2000,\"caption\":\"Daily Radiance Vitamin C\u2122 50\u202fml denn\u00fd hydrata\u010dn\u00fd kr\u00e9m s 7\u202f% vitam\u00ednom C, vitam\u00ednom E, kyselinou hyalur\u00f3novou a SPF\u202f30 pre rozjasnen\u00fa a chr\u00e1nen\u00fa ple\u0165.\"},{\"@type\":\"BreadcrumbList\",\"@id\":\"https:\\\/\\\/www.beautypristroje.sk\\\/produkt\\\/daily-radiance-vitamin-c\\\/#breadcrumb\",\"itemListElement\":[{\"@type\":\"ListItem\",\"position\":1,\"name\":\"Domovsk\u00e1 str\u00e1nka\",\"item\":\"https:\\\/\\\/www.beautypristroje.sk\\\/\"},{\"@type\":\"ListItem\",\"position\":2,\"name\":\"Obchod\",\"item\":\"https:\\\/\\\/www.beautypristroje.sk\\\/obchod\\\/\"},{\"@type\":\"ListItem\",\"position\":3,\"name\":\"Medik8 Daily Radiance Vitamin C\u2122\"}]},{\"@type\":\"WebSite\",\"@id\":\"https:\\\/\\\/www.beautypristroje.sk\\\/#website\",\"url\":\"https:\\\/\\\/www.beautypristroje.sk\\\/\",\"name\":\"Beauty pr\u00edstroje\",\"description\":\"Profesion\u00e1lne kozmetick\u00e9 pr\u00edstroje pre sal\u00f3ny a kliniky\",\"potentialAction\":[{\"@type\":\"SearchAction\",\"target\":{\"@type\":\"EntryPoint\",\"urlTemplate\":\"https:\\\/\\\/www.beautypristroje.sk\\\/?s={search_term_string}\"},\"query-input\":{\"@type\":\"PropertyValueSpecification\",\"valueRequired\":true,\"valueName\":\"search_term_string\"}}],\"inLanguage\":\"en-GB\"}]}<\/script>\n<!-- \/ Yoast SEO plugin. -->","yoast_head_json":{"title":"Medik8 Daily Radiance Vitamin C\u2122 - Beauty pr\u00edstroje","description":"Daily Radiance Vitamin C\u2122 50\u202fml denn\u00fd kr\u00e9m s 7\u202f% vitam\u00ednom C, SPF\u202f30, vitam\u00ednom E a kyselinou hyalur\u00f3novou hydratuje, rozjas\u0148uje a chr\u00e1ni ple\u0165.","robots":{"index":"index","follow":"follow","max-snippet":"max-snippet:-1","max-image-preview":"max-image-preview:large","max-video-preview":"max-video-preview:-1"},"canonical":"https:\/\/www.beautypristroje.sk\/en\/product\/daily-radiance-vitamin-c\/","og_locale":"en_GB","og_type":"article","og_title":"Medik8 Daily Radiance Vitamin C\u2122 - Beauty pr\u00edstroje","og_description":"Daily Radiance Vitamin C\u2122 50\u202fml denn\u00fd kr\u00e9m s 7\u202f% vitam\u00ednom C, SPF\u202f30, vitam\u00ednom E a kyselinou hyalur\u00f3novou hydratuje, rozjas\u0148uje a chr\u00e1ni ple\u0165.","og_url":"https:\/\/www.beautypristroje.sk\/en\/product\/daily-radiance-vitamin-c\/","og_site_name":"Beauty pr\u00edstroje","article_modified_time":"2025-12-10T08:46:17+00:00","og_image":[{"width":2000,"height":2000,"url":"https:\/\/www.beautypristroje.sk\/wp-content\/uploads\/2025\/04\/Copy-of-Daily-Radiance-Vitamin-C-B.png","type":"image\/png"}],"twitter_card":"summary_large_image","twitter_misc":{"Estimated reading time":"4 minutes"},"schema":{"@context":"https:\/\/schema.org","@graph":[{"@type":"WebPage","@id":"https:\/\/www.beautypristroje.sk\/produkt\/daily-radiance-vitamin-c\/","url":"https:\/\/www.beautypristroje.sk\/produkt\/daily-radiance-vitamin-c\/","name":"Medik8 Daily Radiance Vitamin C\u2122 - Beauty pr\u00edstroje","isPartOf":{"@id":"https:\/\/www.beautypristroje.sk\/#website"},"primaryImageOfPage":{"@id":"https:\/\/www.beautypristroje.sk\/produkt\/daily-radiance-vitamin-c\/#primaryimage"},"image":{"@id":"https:\/\/www.beautypristroje.sk\/produkt\/daily-radiance-vitamin-c\/#primaryimage"},"thumbnailUrl":"https:\/\/www.beautypristroje.sk\/wp-content\/uploads\/2025\/04\/Copy-of-Daily-Radiance-Vitamin-C-B.png","datePublished":"2025-04-07T09:05:07+00:00","dateModified":"2025-12-10T08:46:17+00:00","description":"Daily Radiance Vitamin C\u2122 50\u202fml denn\u00fd kr\u00e9m s 7\u202f% vitam\u00ednom C, SPF\u202f30, vitam\u00ednom E a kyselinou hyalur\u00f3novou hydratuje, rozjas\u0148uje a chr\u00e1ni ple\u0165.","breadcrumb":{"@id":"https:\/\/www.beautypristroje.sk\/produkt\/daily-radiance-vitamin-c\/#breadcrumb"},"inLanguage":"en-GB","potentialAction":[{"@type":"ReadAction","target":["https:\/\/www.beautypristroje.sk\/produkt\/daily-radiance-vitamin-c\/"]}]},{"@type":"ImageObject","inLanguage":"en-GB","@id":"https:\/\/www.beautypristroje.sk\/produkt\/daily-radiance-vitamin-c\/#primaryimage","url":"https:\/\/www.beautypristroje.sk\/wp-content\/uploads\/2025\/04\/Copy-of-Daily-Radiance-Vitamin-C-B.png","contentUrl":"https:\/\/www.beautypristroje.sk\/wp-content\/uploads\/2025\/04\/Copy-of-Daily-Radiance-Vitamin-C-B.png","width":2000,"height":2000,"caption":"Daily Radiance Vitamin C\u2122 50\u202fml denn\u00fd hydrata\u010dn\u00fd kr\u00e9m s 7\u202f% vitam\u00ednom C, vitam\u00ednom E, kyselinou hyalur\u00f3novou a SPF\u202f30 pre rozjasnen\u00fa a chr\u00e1nen\u00fa ple\u0165."},{"@type":"BreadcrumbList","@id":"https:\/\/www.beautypristroje.sk\/produkt\/daily-radiance-vitamin-c\/#breadcrumb","itemListElement":[{"@type":"ListItem","position":1,"name":"Domovsk\u00e1 str\u00e1nka","item":"https:\/\/www.beautypristroje.sk\/"},{"@type":"ListItem","position":2,"name":"Obchod","item":"https:\/\/www.beautypristroje.sk\/obchod\/"},{"@type":"ListItem","position":3,"name":"Medik8 Daily Radiance Vitamin C\u2122"}]},{"@type":"WebSite","@id":"https:\/\/www.beautypristroje.sk\/#website","url":"https:\/\/www.beautypristroje.sk\/","name":"Beauty pr\u00edstroje","description":"Profesion\u00e1lne kozmetick\u00e9 pr\u00edstroje pre sal\u00f3ny a kliniky","potentialAction":[{"@type":"SearchAction","target":{"@type":"EntryPoint","urlTemplate":"https:\/\/www.beautypristroje.sk\/?s={search_term_string}"},"query-input":{"@type":"PropertyValueSpecification","valueRequired":true,"valueName":"search_term_string"}}],"inLanguage":"en-GB"}]}},"_links":{"self":[{"href":"https:\/\/www.beautypristroje.sk\/en\/wp-json\/wp\/v2\/product\/569","targetHints":{"allow":["GET"]}}],"collection":[{"href":"https:\/\/www.beautypristroje.sk\/en\/wp-json\/wp\/v2\/product"}],"about":[{"href":"https:\/\/www.beautypristroje.sk\/en\/wp-json\/wp\/v2\/types\/product"}],"replies":[{"embeddable":true,"href":"https:\/\/www.beautypristroje.sk\/en\/wp-json\/wp\/v2\/comments?post=569"}],"wp:featuredmedia":[{"embeddable":true,"href":"https:\/\/www.beautypristroje.sk\/en\/wp-json\/wp\/v2\/media\/571"}],"wp:attachment":[{"href":"https:\/\/www.beautypristroje.sk\/en\/wp-json\/wp\/v2\/media?parent=569"}],"wp:term":[{"taxonomy":"product_brand","embeddable":true,"href":"https:\/\/www.beautypristroje.sk\/en\/wp-json\/wp\/v2\/product_brand?post=569"},{"taxonomy":"product_cat","embeddable":true,"href":"https:\/\/www.beautypristroje.sk\/en\/wp-json\/wp\/v2\/product_cat?post=569"},{"taxonomy":"product_tag","embeddable":true,"href":"https:\/\/www.beautypristroje.sk\/en\/wp-json\/wp\/v2\/product_tag?post=569"}],"curies":[{"name":"wp","href":"https:\/\/api.w.org\/{rel}","templated":true}]}}