{"id":564,"date":"2025-04-07T10:59:41","date_gmt":"2025-04-07T08:59:41","guid":{"rendered":"https:\/\/www.beautypristroje.sk\/?post_type=product&#038;p=564"},"modified":"2025-12-10T09:46:18","modified_gmt":"2025-12-10T08:46:18","slug":"c-tetra-cream","status":"publish","type":"product","link":"https:\/\/www.beautypristroje.sk\/en\/product\/c-tetra-cream\/","title":{"rendered":"Medik8 C-Tetra\u00ae Cream"},"content":{"rendered":"<p>Za\u010dnite r\u00e1no s vidite\u013ene jasnou, vlhkou a energetickou ple\u0165ou v\u010faka Medik8 C-Tetra Cream.<\/p>\n<p>Vyu\u017e\u00edvaj\u00fac osved\u010den\u00fa antioxida\u010dn\u00fa silu p\u00f4vodn\u00e9ho C-Tetra s\u00e9ra od Medik8 v hodv\u00e1bnom a v\u00fd\u017eivnom kr\u00e9me, C-Tetra Cream pom\u00e1ha obnovi\u0165 vzh\u013ead pleti a roz\u017eiari\u0165 ju, pri\u010dom chr\u00e1ni pred vidite\u013en\u00fdmi \u00fa\u010dinkami starnutia sp\u00f4soben\u00fdmi environment\u00e1lnymi stresormi.<\/p>\n<p>3 % stabilizovan\u00e9ho vitam\u00ednu C priamo p\u00f4sob\u00ed na vzh\u013ead jemn\u00fdch vr\u00e1sok a nerovnomern\u00e9ho t\u00f3nu pleti, zatia\u013e \u010do kyselina hyalur\u00f3nov\u00e1 podporuje prirodzen\u00fa ochrann\u00fa bari\u00e9ru pleti a zanech\u00e1va ple\u0165 mladistvej\u0161ie vyzeraj\u00facu.<\/p>\n<p>Ide\u00e1lna vo\u013eba pre t\u00fdch, ktor\u00ed s\u00fa s vitam\u00ednom C \u00faplne nov\u00ed.<\/p>\n<h3><strong>V\u00ddHODY<\/strong><\/h3>\n<div class=\"copy\">\n<h5>Mladistvej\u0161ia ple\u0165<\/h5>\n<div class=\"metafield-rich_text_field\">\n<p>Vyhladzuje jemn\u00e9 linky a vr\u00e1sky a z\u00e1rove\u0148 podporuje prirodzen\u00fd jas a \u017eiarivos\u0165 pleti.<\/p>\n<\/div>\n<h5>Jasn\u00e1 a zjednoten\u00e1 ple\u0165<\/h5>\n<p class=\"metafield-rich_text_field\">Vidite\u013ene rozjas\u0148uje t\u00f3n pleti a pom\u00e1ha zjednoti\u0165 jej vzh\u013ead, \u010d\u00edm redukuje vidite\u013enos\u0165 farebn\u00fdch nedokonalost\u00ed.<\/p>\n<h5>\u013dahk\u00e1 hydrat\u00e1cia<\/h5>\n<div class=\"metafield-rich_text_field\">\n<p>Poskytuje efekt\u00edvnu, no \u013eahk\u00fa hydrat\u00e1ciu pre vidite\u013ene hladk\u00fa a pru\u017en\u00fa ple\u0165.<\/p>\n<\/div>\n<p>&nbsp;<\/p>\n<\/div>\n<h3><strong>K\u013d\u00da\u010cOV\u00c9 ZLO\u017dKY<\/strong><\/h3>\n<h5><img decoding=\"async\" class=\"list-item-icon\" src=\"https:\/\/medik8.sk\/cdn\/shop\/files\/PDP_Key_Ingredients_Stabilised_Vitamin_C_Icon_44b44d3e-4b6b-439a-b5a6-b82af702fdfb.svg?v=1738240597&amp;width=50\" alt=\"Ingredient Icon 1\" width=\"50\" height=\"auto\" \/>14% Stabilizovan\u00fd vitam\u00edn C (tetrahexyldecyl askorb\u00e1t)<\/h5>\n<div class=\"copy\">\n<p>Formul\u00e1cia vitam\u00ednu C s n\u00edzkou dr\u00e1\u017edivos\u0165ou, ktor\u00e1 poskytuje v\u00fdnimo\u010dn\u00fa antioxida\u010dn\u00fa ochranu proti po\u0161kodeniu sp\u00f4soben\u00e9mu vo\u013en\u00fdmi radik\u00e1lmi, pri\u010dom podporuje produkciu kolag\u00e9nu pre vidite\u013ene rovnomern\u00fa a mlad\u0161ie vyzeraj\u00facu ple\u0165.<\/p>\n<h5><img decoding=\"async\" class=\"list-item-icon\" src=\"https:\/\/medik8.sk\/cdn\/shop\/files\/PDP_Key_Ingredients_Vitamin_E_Icon_80cc4751-3e31-4333-9fce-2f685a4a5a80.svg?v=1738240597&amp;width=50\" alt=\"Ingredient Icon 2\" width=\"50\" height=\"auto\" \/>Vitam\u00edn E<\/h5>\n<\/div>\n<div class=\"copy\">\n<p>Siln\u00fd antioxidant, ktor\u00fd poskytuje dodato\u010dn\u00fa ochranu pred starnut\u00edm pleti sp\u00f4soben\u00fdm vo\u013en\u00fdmi radik\u00e1lmi. Taktie\u017e pom\u00e1ha posilni\u0165 \u00fa\u010dinok vitam\u00ednu C pre optim\u00e1lne vidite\u013en\u00e9 v\u00fdsledky.<\/p>\n<h5><img decoding=\"async\" class=\"list-item-icon\" src=\"https:\/\/medik8.sk\/cdn\/shop\/files\/PDP_Key_Ingredients_Hyaluronic_Acid_Icon_f81a9709-1051-4ae2-83de-60724616b223.svg?v=1738240623&amp;width=50\" alt=\"Ingredient Icon 3\" width=\"50\" height=\"auto\" \/>Kyselina hyalur\u00f3nov\u00e1<\/h5>\n<\/div>\n<div class=\"copy\">\n<p>V\u010faka jedine\u010dnej schopnosti viaza\u0165 viac ako 1000-n\u00e1sobok svojej hmotnosti vo vode prenik\u00e1 do hlb\u0161\u00edch vrstiev poko\u017eky a intenz\u00edvne hydratuje, \u010d\u00edm ju zanech\u00e1va vidite\u013ene vy\u017eiven\u00fa a pru\u017en\u00fa.<\/p>\n<\/div>\n<div class=\"copy\"><\/div>\n<div class=\"copy\">\n<h3><strong>AKO POU\u017d\u00cdVA\u0164<\/strong><\/h3>\n<\/div>\n<p>Po rannom \u010disten\u00ed pleti rovnomerne vmas\u00edrujte na tv\u00e1r, krk a dekolt pomocou pohybov smerom nahor.<\/p>\n<h3><strong>OBSAH BALENIA<\/strong><\/h3>\n<p>50 ml<\/p>\n<h3><strong>ZLO\u017dENIE<\/strong><\/h3>\n<p>Aqua (Water), Heptyl Undecylenate, Caprylic\/Capric Triglyceride, Tetrahexyldecyl Ascorbate, Methylpropanediol, Cetearyl Olivate, Cetearyl Isononanoate, Distarch Phosphate, Tocopheryl Acetate, Sodium Polyacrylate, Sorbitan Olivate, Sodium Hyaluronate, Caprylyl Glycol, Glycerin, Disodium EDTA, Phenylpropanol, Citrus Grandis (Grapefruit) Peel Oil, Citrus Limon (Lemon) Peel Oil, Citrus Aurantium Bergamia (Bergamot) Fruit Oil, Pelargonium Graveolens (Geranium) Flower Oil, Sodium Hydroxide, Limonene, Citronellol, Linalool, Geraniol, Citral.<\/p>\n<p>*Aj ke\u010f sa sna\u017e\u00edme zaisti\u0165 presnos\u0165 tohto zoznamu zlo\u017eiek, niekedy m\u00f4\u017ee d\u00f4js\u0165 k vylep\u0161eniam produktu alebo k miernym rozdielom medzi r\u00f4znymi regi\u00f3nmi na z\u00e1klade miestnych z\u00e1konov. Jedin\u00fd definit\u00edvny zoznam zlo\u017eiek je preto ten, ktor\u00fd je vytla\u010den\u00fd na obale produktu.<\/p>","protected":false},"excerpt":{"rendered":"<p>50ml<\/p>\n<p>Denn\u00fd kr\u00e9m s jemn\u00fdm vitam\u00ednom C<br \/>\n3% tetrahexyldecyl askorb\u00e1t, vitam\u00edn E, kyselina hyalur\u00f3nov\u00e1, hydrata\u010dn\u00e9 magnety<\/p>","protected":false},"featured_media":566,"comment_status":"open","ping_status":"closed","template":"","meta":{"_acf_changed":false},"product_brand":[77],"product_cat":[75,26],"product_tag":[],"class_list":{"0":"post-564","1":"product","2":"type-product","3":"status-publish","4":"has-post-thumbnail","6":"product_brand-medik8","7":"product_cat-kremy-a-sera","8":"product_cat-skincare-produkty","10":"first","11":"instock","12":"taxable","13":"shipping-taxable","14":"purchasable","15":"product-type-simple"},"acf":[],"yoast_head":"<!-- This site is optimized with the Yoast SEO plugin v27.5 - https:\/\/yoast.com\/product\/yoast-seo-wordpress\/ -->\n<title>Medik8 C-Tetra\u00ae Cream - Beauty pr\u00edstroje<\/title>\n<meta name=\"description\" content=\"C-Tetra\u00ae Cream 50\u202fml denn\u00fd kr\u00e9m s 3\u202f% vitam\u00ednom C, vitam\u00ednom E a kyselinou hyalur\u00f3novou hydratuje, rozjas\u0148uje a chr\u00e1ni ple\u0165.\" \/>\n<meta name=\"robots\" content=\"index, follow, max-snippet:-1, max-image-preview:large, max-video-preview:-1\" \/>\n<link rel=\"canonical\" href=\"https:\/\/www.beautypristroje.sk\/en\/product\/c-tetra-cream\/\" \/>\n<meta property=\"og:locale\" content=\"en_GB\" \/>\n<meta property=\"og:type\" content=\"article\" \/>\n<meta property=\"og:title\" content=\"Medik8 C-Tetra\u00ae Cream - Beauty pr\u00edstroje\" \/>\n<meta property=\"og:description\" content=\"C-Tetra\u00ae Cream 50\u202fml denn\u00fd kr\u00e9m s 3\u202f% vitam\u00ednom C, vitam\u00ednom E a kyselinou hyalur\u00f3novou hydratuje, rozjas\u0148uje a chr\u00e1ni ple\u0165.\" \/>\n<meta property=\"og:url\" content=\"https:\/\/www.beautypristroje.sk\/en\/product\/c-tetra-cream\/\" \/>\n<meta property=\"og:site_name\" content=\"Beauty pr\u00edstroje\" \/>\n<meta property=\"article:modified_time\" content=\"2025-12-10T08:46:18+00:00\" \/>\n<meta property=\"og:image\" content=\"https:\/\/www.beautypristroje.sk\/wp-content\/uploads\/2025\/04\/Copy-of-C-Tetra-Cream-B.png\" \/>\n\t<meta property=\"og:image:width\" content=\"2000\" \/>\n\t<meta property=\"og:image:height\" content=\"2000\" \/>\n\t<meta property=\"og:image:type\" content=\"image\/png\" \/>\n<meta name=\"twitter:card\" content=\"summary_large_image\" \/>\n<meta name=\"twitter:label1\" content=\"Estimated reading time\" \/>\n\t<meta name=\"twitter:data1\" content=\"3 minutes\" \/>\n<script type=\"application\/ld+json\" class=\"yoast-schema-graph\">{\"@context\":\"https:\\\/\\\/schema.org\",\"@graph\":[{\"@type\":\"WebPage\",\"@id\":\"https:\\\/\\\/www.beautypristroje.sk\\\/produkt\\\/c-tetra-cream\\\/\",\"url\":\"https:\\\/\\\/www.beautypristroje.sk\\\/produkt\\\/c-tetra-cream\\\/\",\"name\":\"Medik8 C-Tetra\u00ae Cream - Beauty pr\u00edstroje\",\"isPartOf\":{\"@id\":\"https:\\\/\\\/www.beautypristroje.sk\\\/#website\"},\"primaryImageOfPage\":{\"@id\":\"https:\\\/\\\/www.beautypristroje.sk\\\/produkt\\\/c-tetra-cream\\\/#primaryimage\"},\"image\":{\"@id\":\"https:\\\/\\\/www.beautypristroje.sk\\\/produkt\\\/c-tetra-cream\\\/#primaryimage\"},\"thumbnailUrl\":\"https:\\\/\\\/www.beautypristroje.sk\\\/wp-content\\\/uploads\\\/2025\\\/04\\\/Copy-of-C-Tetra-Cream-B.png\",\"datePublished\":\"2025-04-07T08:59:41+00:00\",\"dateModified\":\"2025-12-10T08:46:18+00:00\",\"description\":\"C-Tetra\u00ae Cream 50\u202fml denn\u00fd kr\u00e9m s 3\u202f% vitam\u00ednom C, vitam\u00ednom E a kyselinou hyalur\u00f3novou hydratuje, rozjas\u0148uje a chr\u00e1ni ple\u0165.\",\"breadcrumb\":{\"@id\":\"https:\\\/\\\/www.beautypristroje.sk\\\/produkt\\\/c-tetra-cream\\\/#breadcrumb\"},\"inLanguage\":\"en-GB\",\"potentialAction\":[{\"@type\":\"ReadAction\",\"target\":[\"https:\\\/\\\/www.beautypristroje.sk\\\/produkt\\\/c-tetra-cream\\\/\"]}]},{\"@type\":\"ImageObject\",\"inLanguage\":\"en-GB\",\"@id\":\"https:\\\/\\\/www.beautypristroje.sk\\\/produkt\\\/c-tetra-cream\\\/#primaryimage\",\"url\":\"https:\\\/\\\/www.beautypristroje.sk\\\/wp-content\\\/uploads\\\/2025\\\/04\\\/Copy-of-C-Tetra-Cream-B.png\",\"contentUrl\":\"https:\\\/\\\/www.beautypristroje.sk\\\/wp-content\\\/uploads\\\/2025\\\/04\\\/Copy-of-C-Tetra-Cream-B.png\",\"width\":2000,\"height\":2000,\"caption\":\"C-Tetra\u00ae Cream 50\u202fml denn\u00fd kr\u00e9m s 3\u202f% vitam\u00ednom C, vitam\u00ednom E, kyselinou hyalur\u00f3novou a hydrata\u010dn\u00fdmi magnetmi pre rozjasnen\u00fa a hydratovan\u00fa ple\u0165.\"},{\"@type\":\"BreadcrumbList\",\"@id\":\"https:\\\/\\\/www.beautypristroje.sk\\\/produkt\\\/c-tetra-cream\\\/#breadcrumb\",\"itemListElement\":[{\"@type\":\"ListItem\",\"position\":1,\"name\":\"Domovsk\u00e1 str\u00e1nka\",\"item\":\"https:\\\/\\\/www.beautypristroje.sk\\\/\"},{\"@type\":\"ListItem\",\"position\":2,\"name\":\"Obchod\",\"item\":\"https:\\\/\\\/www.beautypristroje.sk\\\/obchod\\\/\"},{\"@type\":\"ListItem\",\"position\":3,\"name\":\"Medik8 C-Tetra\u00ae Cream\"}]},{\"@type\":\"WebSite\",\"@id\":\"https:\\\/\\\/www.beautypristroje.sk\\\/#website\",\"url\":\"https:\\\/\\\/www.beautypristroje.sk\\\/\",\"name\":\"Beauty pr\u00edstroje\",\"description\":\"Profesion\u00e1lne kozmetick\u00e9 pr\u00edstroje pre sal\u00f3ny a kliniky\",\"potentialAction\":[{\"@type\":\"SearchAction\",\"target\":{\"@type\":\"EntryPoint\",\"urlTemplate\":\"https:\\\/\\\/www.beautypristroje.sk\\\/?s={search_term_string}\"},\"query-input\":{\"@type\":\"PropertyValueSpecification\",\"valueRequired\":true,\"valueName\":\"search_term_string\"}}],\"inLanguage\":\"en-GB\"}]}<\/script>\n<!-- \/ Yoast SEO plugin. -->","yoast_head_json":{"title":"Medik8 C-Tetra\u00ae Cream - Beauty pr\u00edstroje","description":"C-Tetra\u00ae Cream 50\u202fml denn\u00fd kr\u00e9m s 3\u202f% vitam\u00ednom C, vitam\u00ednom E a kyselinou hyalur\u00f3novou hydratuje, rozjas\u0148uje a chr\u00e1ni ple\u0165.","robots":{"index":"index","follow":"follow","max-snippet":"max-snippet:-1","max-image-preview":"max-image-preview:large","max-video-preview":"max-video-preview:-1"},"canonical":"https:\/\/www.beautypristroje.sk\/en\/product\/c-tetra-cream\/","og_locale":"en_GB","og_type":"article","og_title":"Medik8 C-Tetra\u00ae Cream - Beauty pr\u00edstroje","og_description":"C-Tetra\u00ae Cream 50\u202fml denn\u00fd kr\u00e9m s 3\u202f% vitam\u00ednom C, vitam\u00ednom E a kyselinou hyalur\u00f3novou hydratuje, rozjas\u0148uje a chr\u00e1ni ple\u0165.","og_url":"https:\/\/www.beautypristroje.sk\/en\/product\/c-tetra-cream\/","og_site_name":"Beauty pr\u00edstroje","article_modified_time":"2025-12-10T08:46:18+00:00","og_image":[{"width":2000,"height":2000,"url":"https:\/\/www.beautypristroje.sk\/wp-content\/uploads\/2025\/04\/Copy-of-C-Tetra-Cream-B.png","type":"image\/png"}],"twitter_card":"summary_large_image","twitter_misc":{"Estimated reading time":"3 minutes"},"schema":{"@context":"https:\/\/schema.org","@graph":[{"@type":"WebPage","@id":"https:\/\/www.beautypristroje.sk\/produkt\/c-tetra-cream\/","url":"https:\/\/www.beautypristroje.sk\/produkt\/c-tetra-cream\/","name":"Medik8 C-Tetra\u00ae Cream - Beauty pr\u00edstroje","isPartOf":{"@id":"https:\/\/www.beautypristroje.sk\/#website"},"primaryImageOfPage":{"@id":"https:\/\/www.beautypristroje.sk\/produkt\/c-tetra-cream\/#primaryimage"},"image":{"@id":"https:\/\/www.beautypristroje.sk\/produkt\/c-tetra-cream\/#primaryimage"},"thumbnailUrl":"https:\/\/www.beautypristroje.sk\/wp-content\/uploads\/2025\/04\/Copy-of-C-Tetra-Cream-B.png","datePublished":"2025-04-07T08:59:41+00:00","dateModified":"2025-12-10T08:46:18+00:00","description":"C-Tetra\u00ae Cream 50\u202fml denn\u00fd kr\u00e9m s 3\u202f% vitam\u00ednom C, vitam\u00ednom E a kyselinou hyalur\u00f3novou hydratuje, rozjas\u0148uje a chr\u00e1ni ple\u0165.","breadcrumb":{"@id":"https:\/\/www.beautypristroje.sk\/produkt\/c-tetra-cream\/#breadcrumb"},"inLanguage":"en-GB","potentialAction":[{"@type":"ReadAction","target":["https:\/\/www.beautypristroje.sk\/produkt\/c-tetra-cream\/"]}]},{"@type":"ImageObject","inLanguage":"en-GB","@id":"https:\/\/www.beautypristroje.sk\/produkt\/c-tetra-cream\/#primaryimage","url":"https:\/\/www.beautypristroje.sk\/wp-content\/uploads\/2025\/04\/Copy-of-C-Tetra-Cream-B.png","contentUrl":"https:\/\/www.beautypristroje.sk\/wp-content\/uploads\/2025\/04\/Copy-of-C-Tetra-Cream-B.png","width":2000,"height":2000,"caption":"C-Tetra\u00ae Cream 50\u202fml denn\u00fd kr\u00e9m s 3\u202f% vitam\u00ednom C, vitam\u00ednom E, kyselinou hyalur\u00f3novou a hydrata\u010dn\u00fdmi magnetmi pre rozjasnen\u00fa a hydratovan\u00fa ple\u0165."},{"@type":"BreadcrumbList","@id":"https:\/\/www.beautypristroje.sk\/produkt\/c-tetra-cream\/#breadcrumb","itemListElement":[{"@type":"ListItem","position":1,"name":"Domovsk\u00e1 str\u00e1nka","item":"https:\/\/www.beautypristroje.sk\/"},{"@type":"ListItem","position":2,"name":"Obchod","item":"https:\/\/www.beautypristroje.sk\/obchod\/"},{"@type":"ListItem","position":3,"name":"Medik8 C-Tetra\u00ae Cream"}]},{"@type":"WebSite","@id":"https:\/\/www.beautypristroje.sk\/#website","url":"https:\/\/www.beautypristroje.sk\/","name":"Beauty pr\u00edstroje","description":"Profesion\u00e1lne kozmetick\u00e9 pr\u00edstroje pre sal\u00f3ny a kliniky","potentialAction":[{"@type":"SearchAction","target":{"@type":"EntryPoint","urlTemplate":"https:\/\/www.beautypristroje.sk\/?s={search_term_string}"},"query-input":{"@type":"PropertyValueSpecification","valueRequired":true,"valueName":"search_term_string"}}],"inLanguage":"en-GB"}]}},"_links":{"self":[{"href":"https:\/\/www.beautypristroje.sk\/en\/wp-json\/wp\/v2\/product\/564","targetHints":{"allow":["GET"]}}],"collection":[{"href":"https:\/\/www.beautypristroje.sk\/en\/wp-json\/wp\/v2\/product"}],"about":[{"href":"https:\/\/www.beautypristroje.sk\/en\/wp-json\/wp\/v2\/types\/product"}],"replies":[{"embeddable":true,"href":"https:\/\/www.beautypristroje.sk\/en\/wp-json\/wp\/v2\/comments?post=564"}],"wp:featuredmedia":[{"embeddable":true,"href":"https:\/\/www.beautypristroje.sk\/en\/wp-json\/wp\/v2\/media\/566"}],"wp:attachment":[{"href":"https:\/\/www.beautypristroje.sk\/en\/wp-json\/wp\/v2\/media?parent=564"}],"wp:term":[{"taxonomy":"product_brand","embeddable":true,"href":"https:\/\/www.beautypristroje.sk\/en\/wp-json\/wp\/v2\/product_brand?post=564"},{"taxonomy":"product_cat","embeddable":true,"href":"https:\/\/www.beautypristroje.sk\/en\/wp-json\/wp\/v2\/product_cat?post=564"},{"taxonomy":"product_tag","embeddable":true,"href":"https:\/\/www.beautypristroje.sk\/en\/wp-json\/wp\/v2\/product_tag?post=564"}],"curies":[{"name":"wp","href":"https:\/\/api.w.org\/{rel}","templated":true}]}}