{"id":558,"date":"2025-04-07T10:57:34","date_gmt":"2025-04-07T08:57:34","guid":{"rendered":"https:\/\/www.beautypristroje.sk\/?post_type=product&#038;p=558"},"modified":"2025-12-10T09:46:18","modified_gmt":"2025-12-10T08:46:18","slug":"c-tetra-eye","status":"publish","type":"product","link":"https:\/\/www.beautypristroje.sk\/en\/product\/c-tetra-eye\/","title":{"rendered":"Medik8 C-Tetra\u00ae Eye"},"content":{"rendered":"<p>Objavte vidite\u013ene jasnej\u0161iu, hlad\u0161iu a energetickej\u0161iu oblas\u0165 okolo o\u010d\u00ed ka\u017ed\u00fd de\u0148 r\u00e1no s Medik8 C-Tetra Eye<\/p>\n<p>Vyu\u017e\u00edva osved\u010den\u00e9 vlastnosti proti starnutiu Medik8 C-Tetra s\u00e9r, C-Tetra Eye je starostlivo navrhnut\u00fd na dosiahnutie siln\u00fdch vidite\u013en\u00fdch v\u00fdsledkov, pri\u010dom je \u013eahk\u00fd, r\u00fdchlo sa vstreb\u00e1va a jemn\u00fd pre va\u0161u delik\u00e1tnu oblas\u0165 okolo o\u010d\u00ed.<\/p>\n<p>Formulovan\u00fd s stabilizovan\u00fdm tetrahexyldecyl askorb\u00e1tom, tento \u0161peci\u00e1lny vitam\u00edn C s\u00e9rum na o\u010di pracuje na vyhladen\u00ed jemn\u00fdch vr\u00e1sok a l\u00edni\u00ed okolo o\u010d\u00ed, zatia\u013e \u010do vidite\u013ene rozjas\u0148uje a hlboko vy\u017eivuje, \u010d\u00edm celkovo revitalizuje vzh\u013ead o\u010d\u00ed.<\/p>\n<h3><strong>V\u00ddHODY<\/strong><\/h3>\n<div class=\"copy\">\n<h5>Redukcia jemn\u00fdch liniek<\/h5>\n<p>Vidite\u013ene vyhladzuje jemn\u00e9 vr\u00e1sky v oblasti o\u010d\u00ed pre pevnej\u0161iu a mladistvej\u0161ie vyzeraj\u00facu ple\u0165.<\/p>\n<h5>Rozjasnen\u00e9 a svie\u017ee o\u010dn\u00e9 okolie<\/h5>\n<\/div>\n<div class=\"copy\">\n<p>Pom\u00e1ha vidite\u013ene zosvetli\u0165 t\u00f3n pleti a redukova\u0165 tmav\u00e9 kruhy a zafarbenie pod o\u010dami.<\/p>\n<h5>Sila vitam\u00ednu C pre citliv\u00e9 o\u010dn\u00e9 okolie<\/h5>\n<\/div>\n<div class=\"copy\">Stabiln\u00e1 formula prin\u00e1\u0161a zn\u00e1me vyhladzuj\u00face, rozjas\u0148uj\u00face a antioxida\u010dn\u00e9 \u00fa\u010dinky vitam\u00ednu C, pri\u010dom je dostato\u010dne jemn\u00e1 a \u013eahk\u00e1 pre citliv\u00fa oblas\u0165 o\u010d\u00ed.<\/p>\n<h3><strong>K\u013d\u00da\u010cOV\u00c9 ZLO\u017dKY<\/strong><\/h3>\n<\/div>\n<h5><img decoding=\"async\" class=\"list-item-icon\" src=\"https:\/\/medik8.sk\/cdn\/shop\/files\/PDP_Key_Ingredients_Stabilised_Vitamin_C_Icon_44b44d3e-4b6b-439a-b5a6-b82af702fdfb.svg?v=1738240597&amp;width=50\" alt=\"Ingredient Icon 1\" width=\"50\" height=\"auto\" \/>14% Stabilizovan\u00fd vitam\u00edn C (tetrahexyldecyl askorb\u00e1t)<\/h5>\n<p class=\"copy\">Formul\u00e1cia vitam\u00ednu C s n\u00edzkou dr\u00e1\u017edivos\u0165ou, ktor\u00e1 poskytuje v\u00fdnimo\u010dn\u00fa antioxida\u010dn\u00fa ochranu proti po\u0161kodeniu sp\u00f4soben\u00e9mu vo\u013en\u00fdmi radik\u00e1lmi, pri\u010dom podporuje produkciu kolag\u00e9nu pre vidite\u013ene rovnomern\u00fa a mlad\u0161ie vyzeraj\u00facu ple\u0165.<\/p>\n<p><img decoding=\"async\" class=\"list-item-icon\" src=\"https:\/\/medik8.sk\/cdn\/shop\/files\/PDP_Key_Ingredients_Vitamin_E_Icon_80cc4751-3e31-4333-9fce-2f685a4a5a80.svg?v=1738240597&amp;width=50\" alt=\"Ingredient Icon 2\" width=\"50\" height=\"auto\" \/>Vitam\u00edn E<\/p>\n<div class=\"copy\">\n<p>Siln\u00fd antioxidant, ktor\u00fd poskytuje dodato\u010dn\u00fa ochranu pred starnut\u00edm pleti sp\u00f4soben\u00fdm vo\u013en\u00fdmi radik\u00e1lmi. Taktie\u017e pom\u00e1ha posilni\u0165 \u00fa\u010dinok vitam\u00ednu C pre optim\u00e1lne vidite\u013en\u00e9 v\u00fdsledky.<\/p>\n<\/div>\n<h3><strong>AKO POU\u017d\u00cdVA\u0164<\/strong><\/h3>\n<p>Po rannom \u010disten\u00ed pleti naneste mal\u00e9 mno\u017estvo na oblas\u0165 pod o\u010dami a na obo\u010dn\u00fa kos\u0165 \u2013 vyhnite sa o\u010dn\u00fdm vie\u010dkam.<\/p>\n<h3><strong>OBSAH BALENIA<\/strong><\/h3>\n<p>7 ml<\/p>\n<h3><strong>ZLO\u017dENIE<\/strong><\/h3>\n<p>ASimmondsia Chinensis (Jojoba) Seed Oil, Cyclopentasiloxane, Cyclohexasiloxane, Tetrahexyldecyl Ascorbate, Tocopheryl Acetate, Citrus Grandis (Grapefruit) Peel Oil, Limonene, Citral, Linalool, Geraniol.<\/p>\n<p>*Aj ke\u010f sa sna\u017e\u00edme zaisti\u0165 presnos\u0165 tohto zoznamu zlo\u017eiek, niekedy m\u00f4\u017ee d\u00f4js\u0165 k vylep\u0161eniam produktu alebo k miernym rozdielom medzi r\u00f4znymi regi\u00f3nmi na z\u00e1klade miestnych z\u00e1konov. Jedin\u00fd definit\u00edvny zoznam zlo\u017eiek je preto ten, ktor\u00fd je vytla\u010den\u00fd na obale produktu.<\/p>","protected":false},"excerpt":{"rendered":"<p>7ml<\/p>\n<p>Rozjas\u0148uj\u00face o\u010dn\u00e9 olejov\u00e9 s\u00e9rum s vitam\u00ednom C<br \/>\n3% tetrahexyldecyl askorb\u00e1t vitam\u00edn E, jojobovy\u0301 olej<\/p>","protected":false},"featured_media":560,"comment_status":"open","ping_status":"closed","template":"","meta":{"_acf_changed":false},"product_brand":[77],"product_cat":[75,26],"product_tag":[],"class_list":{"0":"post-558","1":"product","2":"type-product","3":"status-publish","4":"has-post-thumbnail","6":"product_brand-medik8","7":"product_cat-kremy-a-sera","8":"product_cat-skincare-produkty","10":"first","11":"instock","12":"taxable","13":"shipping-taxable","14":"purchasable","15":"product-type-simple"},"acf":[],"yoast_head":"<!-- This site is optimized with the Yoast SEO plugin v27.5 - https:\/\/yoast.com\/product\/yoast-seo-wordpress\/ -->\n<title>Medik8 C-Tetra\u00ae Eye - Beauty pr\u00edstroje<\/title>\n<meta name=\"description\" content=\"Medik8 C-Tetra\u00ae Eye 7\u202fml o\u010dn\u00e9 s\u00e9rum s 3\u202f% vitam\u00ednom C a jojobov\u00fdm olejom rozjas\u0148uje, chr\u00e1ni a zjednocuje t\u00f3n poko\u017eky okolo o\u010d\u00ed.\" \/>\n<meta name=\"robots\" content=\"index, follow, max-snippet:-1, max-image-preview:large, max-video-preview:-1\" \/>\n<link rel=\"canonical\" href=\"https:\/\/www.beautypristroje.sk\/en\/product\/c-tetra-eye\/\" \/>\n<meta property=\"og:locale\" content=\"en_GB\" \/>\n<meta property=\"og:type\" content=\"article\" \/>\n<meta property=\"og:title\" content=\"Medik8 C-Tetra\u00ae Eye - Beauty pr\u00edstroje\" \/>\n<meta property=\"og:description\" content=\"Medik8 C-Tetra\u00ae Eye 7\u202fml o\u010dn\u00e9 s\u00e9rum s 3\u202f% vitam\u00ednom C a jojobov\u00fdm olejom rozjas\u0148uje, chr\u00e1ni a zjednocuje t\u00f3n poko\u017eky okolo o\u010d\u00ed.\" \/>\n<meta property=\"og:url\" content=\"https:\/\/www.beautypristroje.sk\/en\/product\/c-tetra-eye\/\" \/>\n<meta property=\"og:site_name\" content=\"Beauty pr\u00edstroje\" \/>\n<meta property=\"article:modified_time\" content=\"2025-12-10T08:46:18+00:00\" \/>\n<meta property=\"og:image\" content=\"https:\/\/www.beautypristroje.sk\/wp-content\/uploads\/2025\/04\/Copy-of-C-Tetra-Eye-B.png\" \/>\n\t<meta property=\"og:image:width\" content=\"2000\" \/>\n\t<meta property=\"og:image:height\" content=\"2000\" \/>\n\t<meta property=\"og:image:type\" content=\"image\/png\" \/>\n<meta name=\"twitter:card\" content=\"summary_large_image\" \/>\n<meta name=\"twitter:label1\" content=\"Estimated reading time\" \/>\n\t<meta name=\"twitter:data1\" content=\"3 minutes\" \/>\n<script type=\"application\/ld+json\" class=\"yoast-schema-graph\">{\"@context\":\"https:\\\/\\\/schema.org\",\"@graph\":[{\"@type\":\"WebPage\",\"@id\":\"https:\\\/\\\/www.beautypristroje.sk\\\/produkt\\\/c-tetra-eye\\\/\",\"url\":\"https:\\\/\\\/www.beautypristroje.sk\\\/produkt\\\/c-tetra-eye\\\/\",\"name\":\"Medik8 C-Tetra\u00ae Eye - Beauty pr\u00edstroje\",\"isPartOf\":{\"@id\":\"https:\\\/\\\/www.beautypristroje.sk\\\/#website\"},\"primaryImageOfPage\":{\"@id\":\"https:\\\/\\\/www.beautypristroje.sk\\\/produkt\\\/c-tetra-eye\\\/#primaryimage\"},\"image\":{\"@id\":\"https:\\\/\\\/www.beautypristroje.sk\\\/produkt\\\/c-tetra-eye\\\/#primaryimage\"},\"thumbnailUrl\":\"https:\\\/\\\/www.beautypristroje.sk\\\/wp-content\\\/uploads\\\/2025\\\/04\\\/Copy-of-C-Tetra-Eye-B.png\",\"datePublished\":\"2025-04-07T08:57:34+00:00\",\"dateModified\":\"2025-12-10T08:46:18+00:00\",\"description\":\"Medik8 C-Tetra\u00ae Eye 7\u202fml o\u010dn\u00e9 s\u00e9rum s 3\u202f% vitam\u00ednom C a jojobov\u00fdm olejom rozjas\u0148uje, chr\u00e1ni a zjednocuje t\u00f3n poko\u017eky okolo o\u010d\u00ed.\",\"breadcrumb\":{\"@id\":\"https:\\\/\\\/www.beautypristroje.sk\\\/produkt\\\/c-tetra-eye\\\/#breadcrumb\"},\"inLanguage\":\"en-GB\",\"potentialAction\":[{\"@type\":\"ReadAction\",\"target\":[\"https:\\\/\\\/www.beautypristroje.sk\\\/produkt\\\/c-tetra-eye\\\/\"]}]},{\"@type\":\"ImageObject\",\"inLanguage\":\"en-GB\",\"@id\":\"https:\\\/\\\/www.beautypristroje.sk\\\/produkt\\\/c-tetra-eye\\\/#primaryimage\",\"url\":\"https:\\\/\\\/www.beautypristroje.sk\\\/wp-content\\\/uploads\\\/2025\\\/04\\\/Copy-of-C-Tetra-Eye-B.png\",\"contentUrl\":\"https:\\\/\\\/www.beautypristroje.sk\\\/wp-content\\\/uploads\\\/2025\\\/04\\\/Copy-of-C-Tetra-Eye-B.png\",\"width\":2000,\"height\":2000,\"caption\":\"C-Tetra\u00ae Eye 7\u202fml rozjas\u0148uj\u00face o\u010dn\u00e9 s\u00e9rum s 3\u202f% vitam\u00ednom C, vitam\u00ednom E a jojobov\u00fdm olejom pre zjednoten\u00fd t\u00f3n a rozjasnenie o\u010dn\u00e9ho okolia.\"},{\"@type\":\"BreadcrumbList\",\"@id\":\"https:\\\/\\\/www.beautypristroje.sk\\\/produkt\\\/c-tetra-eye\\\/#breadcrumb\",\"itemListElement\":[{\"@type\":\"ListItem\",\"position\":1,\"name\":\"Domovsk\u00e1 str\u00e1nka\",\"item\":\"https:\\\/\\\/www.beautypristroje.sk\\\/\"},{\"@type\":\"ListItem\",\"position\":2,\"name\":\"Obchod\",\"item\":\"https:\\\/\\\/www.beautypristroje.sk\\\/obchod\\\/\"},{\"@type\":\"ListItem\",\"position\":3,\"name\":\"Medik8 C-Tetra\u00ae Eye\"}]},{\"@type\":\"WebSite\",\"@id\":\"https:\\\/\\\/www.beautypristroje.sk\\\/#website\",\"url\":\"https:\\\/\\\/www.beautypristroje.sk\\\/\",\"name\":\"Beauty pr\u00edstroje\",\"description\":\"Profesion\u00e1lne kozmetick\u00e9 pr\u00edstroje pre sal\u00f3ny a kliniky\",\"potentialAction\":[{\"@type\":\"SearchAction\",\"target\":{\"@type\":\"EntryPoint\",\"urlTemplate\":\"https:\\\/\\\/www.beautypristroje.sk\\\/?s={search_term_string}\"},\"query-input\":{\"@type\":\"PropertyValueSpecification\",\"valueRequired\":true,\"valueName\":\"search_term_string\"}}],\"inLanguage\":\"en-GB\"}]}<\/script>\n<!-- \/ Yoast SEO plugin. -->","yoast_head_json":{"title":"Medik8 C-Tetra\u00ae Eye - Beauty pr\u00edstroje","description":"Medik8 C-Tetra\u00ae Eye 7\u202fml o\u010dn\u00e9 s\u00e9rum s 3\u202f% vitam\u00ednom C a jojobov\u00fdm olejom rozjas\u0148uje, chr\u00e1ni a zjednocuje t\u00f3n poko\u017eky okolo o\u010d\u00ed.","robots":{"index":"index","follow":"follow","max-snippet":"max-snippet:-1","max-image-preview":"max-image-preview:large","max-video-preview":"max-video-preview:-1"},"canonical":"https:\/\/www.beautypristroje.sk\/en\/product\/c-tetra-eye\/","og_locale":"en_GB","og_type":"article","og_title":"Medik8 C-Tetra\u00ae Eye - Beauty pr\u00edstroje","og_description":"Medik8 C-Tetra\u00ae Eye 7\u202fml o\u010dn\u00e9 s\u00e9rum s 3\u202f% vitam\u00ednom C a jojobov\u00fdm olejom rozjas\u0148uje, chr\u00e1ni a zjednocuje t\u00f3n poko\u017eky okolo o\u010d\u00ed.","og_url":"https:\/\/www.beautypristroje.sk\/en\/product\/c-tetra-eye\/","og_site_name":"Beauty pr\u00edstroje","article_modified_time":"2025-12-10T08:46:18+00:00","og_image":[{"width":2000,"height":2000,"url":"https:\/\/www.beautypristroje.sk\/wp-content\/uploads\/2025\/04\/Copy-of-C-Tetra-Eye-B.png","type":"image\/png"}],"twitter_card":"summary_large_image","twitter_misc":{"Estimated reading time":"3 minutes"},"schema":{"@context":"https:\/\/schema.org","@graph":[{"@type":"WebPage","@id":"https:\/\/www.beautypristroje.sk\/produkt\/c-tetra-eye\/","url":"https:\/\/www.beautypristroje.sk\/produkt\/c-tetra-eye\/","name":"Medik8 C-Tetra\u00ae Eye - Beauty pr\u00edstroje","isPartOf":{"@id":"https:\/\/www.beautypristroje.sk\/#website"},"primaryImageOfPage":{"@id":"https:\/\/www.beautypristroje.sk\/produkt\/c-tetra-eye\/#primaryimage"},"image":{"@id":"https:\/\/www.beautypristroje.sk\/produkt\/c-tetra-eye\/#primaryimage"},"thumbnailUrl":"https:\/\/www.beautypristroje.sk\/wp-content\/uploads\/2025\/04\/Copy-of-C-Tetra-Eye-B.png","datePublished":"2025-04-07T08:57:34+00:00","dateModified":"2025-12-10T08:46:18+00:00","description":"Medik8 C-Tetra\u00ae Eye 7\u202fml o\u010dn\u00e9 s\u00e9rum s 3\u202f% vitam\u00ednom C a jojobov\u00fdm olejom rozjas\u0148uje, chr\u00e1ni a zjednocuje t\u00f3n poko\u017eky okolo o\u010d\u00ed.","breadcrumb":{"@id":"https:\/\/www.beautypristroje.sk\/produkt\/c-tetra-eye\/#breadcrumb"},"inLanguage":"en-GB","potentialAction":[{"@type":"ReadAction","target":["https:\/\/www.beautypristroje.sk\/produkt\/c-tetra-eye\/"]}]},{"@type":"ImageObject","inLanguage":"en-GB","@id":"https:\/\/www.beautypristroje.sk\/produkt\/c-tetra-eye\/#primaryimage","url":"https:\/\/www.beautypristroje.sk\/wp-content\/uploads\/2025\/04\/Copy-of-C-Tetra-Eye-B.png","contentUrl":"https:\/\/www.beautypristroje.sk\/wp-content\/uploads\/2025\/04\/Copy-of-C-Tetra-Eye-B.png","width":2000,"height":2000,"caption":"C-Tetra\u00ae Eye 7\u202fml rozjas\u0148uj\u00face o\u010dn\u00e9 s\u00e9rum s 3\u202f% vitam\u00ednom C, vitam\u00ednom E a jojobov\u00fdm olejom pre zjednoten\u00fd t\u00f3n a rozjasnenie o\u010dn\u00e9ho okolia."},{"@type":"BreadcrumbList","@id":"https:\/\/www.beautypristroje.sk\/produkt\/c-tetra-eye\/#breadcrumb","itemListElement":[{"@type":"ListItem","position":1,"name":"Domovsk\u00e1 str\u00e1nka","item":"https:\/\/www.beautypristroje.sk\/"},{"@type":"ListItem","position":2,"name":"Obchod","item":"https:\/\/www.beautypristroje.sk\/obchod\/"},{"@type":"ListItem","position":3,"name":"Medik8 C-Tetra\u00ae Eye"}]},{"@type":"WebSite","@id":"https:\/\/www.beautypristroje.sk\/#website","url":"https:\/\/www.beautypristroje.sk\/","name":"Beauty pr\u00edstroje","description":"Profesion\u00e1lne kozmetick\u00e9 pr\u00edstroje pre sal\u00f3ny a kliniky","potentialAction":[{"@type":"SearchAction","target":{"@type":"EntryPoint","urlTemplate":"https:\/\/www.beautypristroje.sk\/?s={search_term_string}"},"query-input":{"@type":"PropertyValueSpecification","valueRequired":true,"valueName":"search_term_string"}}],"inLanguage":"en-GB"}]}},"_links":{"self":[{"href":"https:\/\/www.beautypristroje.sk\/en\/wp-json\/wp\/v2\/product\/558","targetHints":{"allow":["GET"]}}],"collection":[{"href":"https:\/\/www.beautypristroje.sk\/en\/wp-json\/wp\/v2\/product"}],"about":[{"href":"https:\/\/www.beautypristroje.sk\/en\/wp-json\/wp\/v2\/types\/product"}],"replies":[{"embeddable":true,"href":"https:\/\/www.beautypristroje.sk\/en\/wp-json\/wp\/v2\/comments?post=558"}],"wp:featuredmedia":[{"embeddable":true,"href":"https:\/\/www.beautypristroje.sk\/en\/wp-json\/wp\/v2\/media\/560"}],"wp:attachment":[{"href":"https:\/\/www.beautypristroje.sk\/en\/wp-json\/wp\/v2\/media?parent=558"}],"wp:term":[{"taxonomy":"product_brand","embeddable":true,"href":"https:\/\/www.beautypristroje.sk\/en\/wp-json\/wp\/v2\/product_brand?post=558"},{"taxonomy":"product_cat","embeddable":true,"href":"https:\/\/www.beautypristroje.sk\/en\/wp-json\/wp\/v2\/product_cat?post=558"},{"taxonomy":"product_tag","embeddable":true,"href":"https:\/\/www.beautypristroje.sk\/en\/wp-json\/wp\/v2\/product_tag?post=558"}],"curies":[{"name":"wp","href":"https:\/\/api.w.org\/{rel}","templated":true}]}}