{"id":557,"date":"2025-04-07T10:53:19","date_gmt":"2025-04-07T08:53:19","guid":{"rendered":"https:\/\/www.beautypristroje.sk\/?post_type=product&#038;p=557"},"modified":"2025-12-10T09:46:18","modified_gmt":"2025-12-10T08:46:18","slug":"press-clear-nahradna-napln","status":"publish","type":"product","link":"https:\/\/www.beautypristroje.sk\/en\/product\/press-clear-nahradna-napln\/","title":{"rendered":"Medik8 Press &#038; Clear (n\u00e1hradn\u00e1 n\u00e1pl\u0148)"},"content":{"rendered":"<p>Preuk\u00e1zan\u00e9, \u017ee poskytuje vidite\u013ene jasnej\u0161iu ple\u0165 u\u017e za 7 dn\u00ed \u2013 bez podr\u00e1\u017edenia*, objavte Medik8 Press &amp; Clear.<\/p>\n<p>Toto tonikum s 2% BHA (beta-hydroxy kyselinou) v sebe kombinuje kyselinu salicylov\u00fa a tranex\u00e1mov\u00fa, a je odborne formulovan\u00e9 pre citliv\u00fa ple\u0165 n\u00e1chyln\u00fa na nedokonalosti.<\/p>\n<p><i>A\u017e 2 mesiace z\u00e1soby z 1 f\u013ea\u0161e pri pou\u017eit\u00ed dvakr\u00e1t denne.<\/i><\/p>\n<p>Preuk\u00e1zan\u00e9, \u017ee poskytuje lep\u0161ie celkov\u00e9 v\u00fdsledky v porovnan\u00ed s trhov\u00fdm l\u00eddrom medzi BHA tonikami,** za\u017eite siln\u00e9, ale jemn\u00e9 \u00fa\u010dinky Press &amp; Clear na ple\u0165 trpiacu nedokonalos\u0165ami, mastnotou, \u010diernymi bodkami, roz\u0161\u00edren\u00fdmi p\u00f3rmi a tmav\u00fdmi \u0161kvrnami po nedokonalostiach.<\/p>\n<p>Nelep\u00ed, nie je mastn\u00e9, nevysu\u0161uje a je dostupn\u00e9 v praktickej f\u013ea\u0161i s pumpi\u010dkou, tak\u017ee sa m\u00f4\u017eete \u013eahko dosta\u0165 k \u010distej\u0161ej pleti, pri\u010dom zlep\u0161ujete funkciu ko\u017enej bari\u00e9ry. K dispoz\u00edcii je aj udr\u017eate\u013en\u00e1 verzia na doplnenie.<\/p>\n<p><em>*Preuk\u00e1zan\u00e9 nez\u00e1visl\u00fdm spotrebite\u013esk\u00fdm v\u00fdskumom realizovan\u00fdm po\u010das 4 t\u00fd\u017ed\u0148ov na 50 \u00fa\u010dastn\u00edkoch s citlivou plet\u00ed n\u00e1chylnou na nedokonalosti.<\/em><br \/>\n<em>**Preuk\u00e1zan\u00e9 nez\u00e1visl\u00fdm spotrebite\u013esk\u00fdm v\u00fdskumom realizovan\u00fdm na 50 \u00fa\u010dastn\u00edkoch s citlivou plet\u00ed n\u00e1chylnou na nedokonalosti.<\/em><\/p>\n<p>&nbsp;<\/p>\n<h3><strong>V\u00ddHODY<\/strong><\/h3>\n<div class=\"copy\">\n<h5>\u010cistej\u0161ia ple\u0165 \u2013 r\u00fdchlej\u0161ie<\/h5>\n<div class=\"metafield-rich_text_field\">Pri pravidelnom pou\u017e\u00edvan\u00ed doch\u00e1dza k redukcii nedokonalost\u00ed a r\u00fdchlej\u0161iemu pre\u010disteniu existuj\u00facich upchat\u00fdch p\u00f3rov.<\/div>\n<h5>Menej tmav\u00fdch \u0161kv\u0155n po nedokonalostiach<\/h5>\n<\/div>\n<p class=\"copy\">Obsahuje 2 % kyseliny tranexamovej pre r\u00fdchly a cielen\u00fd \u00fa\u010dinok na pretrv\u00e1vaj\u00face stopy po nedokonalostiach.<\/p>\n<div class=\"copy\">\n<h5>Dramatick\u00e1 redukcia p\u00f3rov<\/h5>\n<p>Cielene p\u00f4sob\u00ed na \u010dierne bodky a vidite\u013ene s\u0165ahuje p\u00f3ry.<\/p>\n<\/div>\n<div class=\"copy\">\n<h5>Zdrav\u00e1 ko\u017en\u00e1 bari\u00e9ra<\/h5>\n<p>Na rozdiel od mnoh\u00fdch in\u00fdch BHA kysel\u00edn, na\u0161a pH vyv\u00e1\u017een\u00e1 formula je klinicky preuk\u00e1zan\u00e1 na zlep\u0161enie funkcie ko\u017enej bari\u00e9ry, \u010d\u00edm zabezpe\u010duje vidite\u013en\u00e9 v\u00fdsledky bez jej naru\u0161enia.<\/p>\n<h5>Efekt\u00edvna a upokojuj\u00faca<\/h5>\n<\/div>\n<div class=\"copy\">\n<p>Obsahuje extrakt zo sak\u00e9 a aloe vera pre maxim\u00e1lny komfort aj pri citlivej a problematickej pleti.<\/p>\n<p>&nbsp;<\/p>\n<\/div>\n<h3><strong>K\u013d\u00da\u010cOV\u00c9 ZLO\u017dKY<\/strong><\/h3>\n<p><img decoding=\"async\" class=\"list-item-icon\" src=\"https:\/\/medik8.sk\/cdn\/shop\/files\/PDP_Key_Ingredients_Encapsulated_Salicylic_Acid_Molecule.svg?v=1738240597&amp;width=50\" alt=\"Ingredient Icon 1\" width=\"50\" height=\"auto\" \/>Encapsulated 2% kyselina salicylov\u00e1 (BHA)<\/p>\n<div class=\"copy\">Kyselina salicylov\u00e1 podporuje vidite\u013ene vy\u010disten\u00fa ple\u0165 t\u00fdm, \u017ee decongestuje a exfoliuje z vn\u00fatra p\u00f3ru. Inovat\u00edvna technol\u00f3gia encapsul\u00e1cie zabezpe\u010duje, \u017ee 2% kyselina salicylov\u00e1 je postupne dod\u00e1van\u00e1 do pleti, \u010d\u00edm sa zabezpe\u010d\u00ed pohodln\u00e9 ka\u017edodenn\u00e9 pou\u017e\u00edvanie &#8211; aj na citliv\u00fdch pletiach.<\/div>\n<h5><img decoding=\"async\" class=\"list-item-icon\" src=\"https:\/\/medik8.sk\/cdn\/shop\/files\/PDP_Key_Ingredients_Tranexamic_Acid_Icon_0d470051-e614-4a4d-aa1d-23677262a3c1.svg?v=1738240597&amp;width=50\" alt=\"Ingredient Icon 2\" width=\"50\" height=\"auto\" \/>2% Tranex\u00e1mov\u00e1 kyselina<\/h5>\n<div class=\"copy\">Efekt\u00edvna zlo\u017eka na rozjasnenie, ktor\u00e1 pom\u00e1ha vidite\u013ene vyrovna\u0165 oblasti nerovnomern\u00e9ho t\u00f3nu pleti. Taktie\u017e pom\u00e1ha minimalizova\u0165 vzh\u013ead post-blemish nepravidelnost\u00ed a tmav\u00fdch \u0161kv\u0155n.<\/p>\n<h5><img decoding=\"async\" class=\"list-item-icon\" src=\"https:\/\/medik8.sk\/cdn\/shop\/files\/PDP_Key_Ingredients_Sake_Icon_7ddd40fa-95e1-4714-9a07-a1e100a020f3.svg?v=1738240597&amp;width=50\" alt=\"Ingredient Icon 3\" width=\"50\" height=\"auto\" \/>Extrakt zo sake<\/h5>\n<\/div>\n<div class=\"copy\">Z\u00edskan\u00fd z fermentovanej ry\u017eovej vody, sake extrakt je bohat\u00fd na pr\u00edrodn\u00e9 aminokyseliny, ktor\u00e9 pom\u00e1haj\u00fa hydratova\u0165 ple\u0165 a podporuj\u00fa jej bari\u00e9ru.<\/div>\n<h5><img decoding=\"async\" class=\"list-item-icon\" src=\"https:\/\/medik8.sk\/cdn\/shop\/files\/PDP_Key_Ingredients_Aloe_Vera_Icon_c8690d54-1d1b-4106-abe3-c21718be3dfc.svg?v=1738240597&amp;width=50\" alt=\"Ingredient Icon 4\" width=\"50\" height=\"auto\" \/>Aloe Vera<\/h5>\n<div class=\"copy\">\n<p>Prirodzen\u00e1 zlo\u017eka, ktor\u00e1 pom\u00e1ha upokoji\u0165 citliv\u00fa, n\u00e1chyln\u00fa na nedokonalosti ple\u0165. Udr\u017eiava ju upokojen\u00fa a hydratovan\u00fa.<\/p>\n<\/div>\n<h3><\/h3>\n<h3><strong>AKO POU\u017d\u00cdVA\u0164<\/strong><\/h3>\n<p>Odomknite oto\u010den\u00edm hornej \u010dasti pumpi\u010dky proti smeru hodinov\u00fdch ru\u010di\u010diek, a\u017e k\u00fdm neza\u010dujete kliknutie.<\/p>\n<p>Po rannom a\/alebo ve\u010dernom \u010disten\u00ed pleti prilo\u017ete na pumpi\u010dku odli\u010dovac\u00ed tamp\u00f3n (najlep\u0161ie opakovane pou\u017eite\u013en\u00fd) a pevne zatla\u010dte 3-4 kr\u00e1t.<\/p>\n<p>Jemne pretrite ple\u0165 tamp\u00f3nom, vyhnite sa citlivej oblasti okolo o\u010d\u00ed.<\/p>\n<p>Na uzamknutie oto\u010dte pumpi\u010dku v smere hodinov\u00fdch ru\u010di\u010diek, a\u017e k\u00fdm neza\u010dujete kliknutie. Pri doplnen\u00ed\u00a0<em>Press &amp; Clear Refill\u00a0<\/em>preneste pumpi\u010dku z p\u00f4vodnej f\u013ea\u0161ti\u010dky na nov\u00fa a oto\u010dte v smere hodinov\u00fdch ru\u010di\u010diek, k\u00fdm neza\u010dne pevne dr\u017ea\u0165.<\/p>\n<p>Skladujte mimo priameho slne\u010dn\u00e9ho \u017eiarenia. Nov\u00ed pou\u017e\u00edvatelia by mali aplikova\u0165 raz denne a sledova\u0165 reakciu pleti, n\u00e1sledne je mo\u017en\u00e9 zv\u00fd\u0161i\u0165 pou\u017eitie na dvakr\u00e1t denne.<\/p>\n<h3><strong>OBSAH BALENIA<\/strong><\/h3>\n<p>150 ml<\/p>\n<h3>ZLO\u017dENIE<\/h3>\n<p>Aqua (Water), Propanediol, Glycereth-26, Salicylic Acid, Tranexamic Acid, Dimethyl Isosorbide, Cyclodextrin, Aloe Barbadensis (Aloe Vera) Leaf Juice, Saccharomyces Ferment Filtrate, Lecithin, Oryza Sativa Lees Extract, Xanthan Gum, Ethylhexylglycerin, Butylene Glycol, Sclerotium Gum, 1,2-Hexanediol, Pullulan, Disodium EDTA, Sodium Hydroxide, Polyacrylate Crosspolymer-6, Phenoxyethanol, Buteth-3, Hydroxyacetophenone, Sodium Metabisulfite, Sodium Benzotriazolyl Butylphenol Sulfonate, Tributyl Citrate, Potassium Sorbate, Silica, Sodium Benzoate, Citric Acid.<\/p>\n<section class=\"elementor-section elementor-top-section elementor-element elementor-element-6d44bb87 elementor-section-boxed elementor-section-height-default elementor-section-height-default\" data-id=\"6d44bb87\" data-element_type=\"section\">\n<div class=\"elementor-container elementor-column-gap-default\">\n<div class=\"elementor-column elementor-col-100 elementor-top-column elementor-element elementor-element-58317f34\" data-id=\"58317f34\" data-element_type=\"column\">\n<div class=\"elementor-widget-wrap elementor-element-populated\">\n<div class=\"elementor-element elementor-element-ed7b421 elementor-widget elementor-widget-woocommerce-product-content\" data-id=\"ed7b421\" data-element_type=\"widget\" data-widget_type=\"woocommerce-product-content.default\">\n<p>*Aj ke\u010f sa sna\u017e\u00edme zaisti\u0165 presnos\u0165 tohto zoznamu zlo\u017eiek, niekedy m\u00f4\u017ee d\u00f4js\u0165 k vylep\u0161eniam produktu alebo k miernym rozdielom medzi r\u00f4znymi regi\u00f3nmi na z\u00e1klade miestnych z\u00e1konov. Jedin\u00fd definit\u00edvny zoznam zlo\u017eiek je preto ten, ktor\u00fd je vytla\u010den\u00fd na obale produktu.<\/p>\n<\/div>\n<\/div>\n<\/div>\n<\/div>\n<\/section>\n<section class=\"elementor-section elementor-top-section elementor-element elementor-element-2d0cf1e elementor-section-boxed elementor-section-height-default elementor-section-height-default\" data-id=\"2d0cf1e\" data-element_type=\"section\">\n<div class=\"elementor-container elementor-column-gap-default\">\n<div class=\"elementor-column elementor-col-100 elementor-top-column elementor-element elementor-element-1ebc1d13\" data-id=\"1ebc1d13\" data-element_type=\"column\">\n<div class=\"elementor-widget-wrap elementor-element-populated\">\n<div class=\"elementor-element elementor-element-7be55e78 elementor-product-loop-item--align-left elementor-grid-tablet-2 elementor-grid-mobile-1 elementor-grid-4 elementor-products-grid elementor-wc-products show-heading-yes elementor-widget elementor-widget-woocommerce-product-related\" data-id=\"7be55e78\" data-element_type=\"widget\" data-widget_type=\"woocommerce-product-related.default\">\n<section class=\"related products\">\n<h2><\/h2>\n<\/section>\n<\/div>\n<\/div>\n<\/div>\n<\/div>\n<\/section>","protected":false},"excerpt":{"rendered":"<p>150ml<\/p>\n<p>n\u00e1hradn\u00e1 n\u00e1pl\u0148<\/p>\n<p>Exfolia\u010dn\u00e9 tonikum s kyselinou salicylovou a tranexamovou, aloe vera, sak\u00e9 extrakt<\/p>","protected":false},"featured_media":976,"comment_status":"open","ping_status":"closed","template":"","meta":{"_acf_changed":false},"product_brand":[77],"product_cat":[75,26],"product_tag":[],"class_list":{"0":"post-557","1":"product","2":"type-product","3":"status-publish","4":"has-post-thumbnail","6":"product_brand-medik8","7":"product_cat-kremy-a-sera","8":"product_cat-skincare-produkty","10":"first","11":"instock","12":"taxable","13":"shipping-taxable","14":"purchasable","15":"product-type-simple"},"acf":[],"yoast_head":"<!-- This site is optimized with the Yoast SEO plugin v27.5 - https:\/\/yoast.com\/product\/yoast-seo-wordpress\/ -->\n<title>Medik8 Press &amp; Clear (n\u00e1hradn\u00e1 n\u00e1pl\u0148) - Beauty pr\u00edstroje<\/title>\n<meta name=\"description\" content=\"Press &amp; Clear n\u00e1hradn\u00e1 n\u00e1pl\u0148 150\u202fml \u2013 exfolia\u010dn\u00e9 tonikum s kyselinou salicylovou a tranexamovou, aloe vera a sak\u00e9 pre \u010distej\u0161iu ple\u0165.\" \/>\n<meta name=\"robots\" content=\"index, follow, max-snippet:-1, max-image-preview:large, max-video-preview:-1\" \/>\n<link rel=\"canonical\" href=\"https:\/\/www.beautypristroje.sk\/en\/product\/press-clear-nahradna-napln\/\" \/>\n<meta property=\"og:locale\" content=\"en_GB\" \/>\n<meta property=\"og:type\" content=\"article\" \/>\n<meta property=\"og:title\" content=\"Medik8 Press &amp; Clear (n\u00e1hradn\u00e1 n\u00e1pl\u0148) - Beauty pr\u00edstroje\" \/>\n<meta property=\"og:description\" content=\"Press &amp; Clear n\u00e1hradn\u00e1 n\u00e1pl\u0148 150\u202fml \u2013 exfolia\u010dn\u00e9 tonikum s kyselinou salicylovou a tranexamovou, aloe vera a sak\u00e9 pre \u010distej\u0161iu ple\u0165.\" \/>\n<meta property=\"og:url\" content=\"https:\/\/www.beautypristroje.sk\/en\/product\/press-clear-nahradna-napln\/\" \/>\n<meta property=\"og:site_name\" content=\"Beauty pr\u00edstroje\" \/>\n<meta property=\"article:modified_time\" content=\"2025-12-10T08:46:18+00:00\" \/>\n<meta property=\"og:image\" content=\"https:\/\/www.beautypristroje.sk\/wp-content\/uploads\/2025\/04\/Press-and-clear-nahradna-napln.jpg\" \/>\n\t<meta property=\"og:image:width\" content=\"1223\" \/>\n\t<meta property=\"og:image:height\" content=\"1156\" \/>\n\t<meta property=\"og:image:type\" content=\"image\/jpeg\" \/>\n<meta name=\"twitter:card\" content=\"summary_large_image\" \/>\n<meta name=\"twitter:label1\" content=\"Estimated reading time\" \/>\n\t<meta name=\"twitter:data1\" content=\"5 minutes\" \/>\n<script type=\"application\/ld+json\" class=\"yoast-schema-graph\">{\"@context\":\"https:\\\/\\\/schema.org\",\"@graph\":[{\"@type\":\"WebPage\",\"@id\":\"https:\\\/\\\/www.beautypristroje.sk\\\/produkt\\\/press-clear-nahradna-napln\\\/\",\"url\":\"https:\\\/\\\/www.beautypristroje.sk\\\/produkt\\\/press-clear-nahradna-napln\\\/\",\"name\":\"Medik8 Press & Clear (n\u00e1hradn\u00e1 n\u00e1pl\u0148) - Beauty pr\u00edstroje\",\"isPartOf\":{\"@id\":\"https:\\\/\\\/www.beautypristroje.sk\\\/#website\"},\"primaryImageOfPage\":{\"@id\":\"https:\\\/\\\/www.beautypristroje.sk\\\/produkt\\\/press-clear-nahradna-napln\\\/#primaryimage\"},\"image\":{\"@id\":\"https:\\\/\\\/www.beautypristroje.sk\\\/produkt\\\/press-clear-nahradna-napln\\\/#primaryimage\"},\"thumbnailUrl\":\"https:\\\/\\\/www.beautypristroje.sk\\\/wp-content\\\/uploads\\\/2025\\\/04\\\/Press-and-clear-nahradna-napln.jpg\",\"datePublished\":\"2025-04-07T08:53:19+00:00\",\"dateModified\":\"2025-12-10T08:46:18+00:00\",\"description\":\"Press & Clear n\u00e1hradn\u00e1 n\u00e1pl\u0148 150\u202fml \u2013 exfolia\u010dn\u00e9 tonikum s kyselinou salicylovou a tranexamovou, aloe vera a sak\u00e9 pre \u010distej\u0161iu ple\u0165.\",\"breadcrumb\":{\"@id\":\"https:\\\/\\\/www.beautypristroje.sk\\\/produkt\\\/press-clear-nahradna-napln\\\/#breadcrumb\"},\"inLanguage\":\"en-GB\",\"potentialAction\":[{\"@type\":\"ReadAction\",\"target\":[\"https:\\\/\\\/www.beautypristroje.sk\\\/produkt\\\/press-clear-nahradna-napln\\\/\"]}]},{\"@type\":\"ImageObject\",\"inLanguage\":\"en-GB\",\"@id\":\"https:\\\/\\\/www.beautypristroje.sk\\\/produkt\\\/press-clear-nahradna-napln\\\/#primaryimage\",\"url\":\"https:\\\/\\\/www.beautypristroje.sk\\\/wp-content\\\/uploads\\\/2025\\\/04\\\/Press-and-clear-nahradna-napln.jpg\",\"contentUrl\":\"https:\\\/\\\/www.beautypristroje.sk\\\/wp-content\\\/uploads\\\/2025\\\/04\\\/Press-and-clear-nahradna-napln.jpg\",\"width\":1223,\"height\":1156,\"caption\":\"Press & Clear 150\u202fml n\u00e1hradn\u00e1 n\u00e1pl\u0148 \u2013 exfolia\u010dn\u00e9 tonikum s kyselinou salicylovou, kyselinou tranexamovou, aloe vera a extraktom zo sak\u00e9.\"},{\"@type\":\"BreadcrumbList\",\"@id\":\"https:\\\/\\\/www.beautypristroje.sk\\\/produkt\\\/press-clear-nahradna-napln\\\/#breadcrumb\",\"itemListElement\":[{\"@type\":\"ListItem\",\"position\":1,\"name\":\"Domovsk\u00e1 str\u00e1nka\",\"item\":\"https:\\\/\\\/www.beautypristroje.sk\\\/\"},{\"@type\":\"ListItem\",\"position\":2,\"name\":\"Obchod\",\"item\":\"https:\\\/\\\/www.beautypristroje.sk\\\/obchod\\\/\"},{\"@type\":\"ListItem\",\"position\":3,\"name\":\"Medik8 Press &#038; Clear (n\u00e1hradn\u00e1 n\u00e1pl\u0148)\"}]},{\"@type\":\"WebSite\",\"@id\":\"https:\\\/\\\/www.beautypristroje.sk\\\/#website\",\"url\":\"https:\\\/\\\/www.beautypristroje.sk\\\/\",\"name\":\"Beauty pr\u00edstroje\",\"description\":\"Profesion\u00e1lne kozmetick\u00e9 pr\u00edstroje pre sal\u00f3ny a kliniky\",\"potentialAction\":[{\"@type\":\"SearchAction\",\"target\":{\"@type\":\"EntryPoint\",\"urlTemplate\":\"https:\\\/\\\/www.beautypristroje.sk\\\/?s={search_term_string}\"},\"query-input\":{\"@type\":\"PropertyValueSpecification\",\"valueRequired\":true,\"valueName\":\"search_term_string\"}}],\"inLanguage\":\"en-GB\"}]}<\/script>\n<!-- \/ Yoast SEO plugin. -->","yoast_head_json":{"title":"Medik8 Press & Clear (n\u00e1hradn\u00e1 n\u00e1pl\u0148) - Beauty pr\u00edstroje","description":"Press & Clear n\u00e1hradn\u00e1 n\u00e1pl\u0148 150\u202fml \u2013 exfolia\u010dn\u00e9 tonikum s kyselinou salicylovou a tranexamovou, aloe vera a sak\u00e9 pre \u010distej\u0161iu ple\u0165.","robots":{"index":"index","follow":"follow","max-snippet":"max-snippet:-1","max-image-preview":"max-image-preview:large","max-video-preview":"max-video-preview:-1"},"canonical":"https:\/\/www.beautypristroje.sk\/en\/product\/press-clear-nahradna-napln\/","og_locale":"en_GB","og_type":"article","og_title":"Medik8 Press & Clear (n\u00e1hradn\u00e1 n\u00e1pl\u0148) - Beauty pr\u00edstroje","og_description":"Press & Clear n\u00e1hradn\u00e1 n\u00e1pl\u0148 150\u202fml \u2013 exfolia\u010dn\u00e9 tonikum s kyselinou salicylovou a tranexamovou, aloe vera a sak\u00e9 pre \u010distej\u0161iu ple\u0165.","og_url":"https:\/\/www.beautypristroje.sk\/en\/product\/press-clear-nahradna-napln\/","og_site_name":"Beauty pr\u00edstroje","article_modified_time":"2025-12-10T08:46:18+00:00","og_image":[{"width":1223,"height":1156,"url":"https:\/\/www.beautypristroje.sk\/wp-content\/uploads\/2025\/04\/Press-and-clear-nahradna-napln.jpg","type":"image\/jpeg"}],"twitter_card":"summary_large_image","twitter_misc":{"Estimated reading time":"5 minutes"},"schema":{"@context":"https:\/\/schema.org","@graph":[{"@type":"WebPage","@id":"https:\/\/www.beautypristroje.sk\/produkt\/press-clear-nahradna-napln\/","url":"https:\/\/www.beautypristroje.sk\/produkt\/press-clear-nahradna-napln\/","name":"Medik8 Press & Clear (n\u00e1hradn\u00e1 n\u00e1pl\u0148) - Beauty pr\u00edstroje","isPartOf":{"@id":"https:\/\/www.beautypristroje.sk\/#website"},"primaryImageOfPage":{"@id":"https:\/\/www.beautypristroje.sk\/produkt\/press-clear-nahradna-napln\/#primaryimage"},"image":{"@id":"https:\/\/www.beautypristroje.sk\/produkt\/press-clear-nahradna-napln\/#primaryimage"},"thumbnailUrl":"https:\/\/www.beautypristroje.sk\/wp-content\/uploads\/2025\/04\/Press-and-clear-nahradna-napln.jpg","datePublished":"2025-04-07T08:53:19+00:00","dateModified":"2025-12-10T08:46:18+00:00","description":"Press & Clear n\u00e1hradn\u00e1 n\u00e1pl\u0148 150\u202fml \u2013 exfolia\u010dn\u00e9 tonikum s kyselinou salicylovou a tranexamovou, aloe vera a sak\u00e9 pre \u010distej\u0161iu ple\u0165.","breadcrumb":{"@id":"https:\/\/www.beautypristroje.sk\/produkt\/press-clear-nahradna-napln\/#breadcrumb"},"inLanguage":"en-GB","potentialAction":[{"@type":"ReadAction","target":["https:\/\/www.beautypristroje.sk\/produkt\/press-clear-nahradna-napln\/"]}]},{"@type":"ImageObject","inLanguage":"en-GB","@id":"https:\/\/www.beautypristroje.sk\/produkt\/press-clear-nahradna-napln\/#primaryimage","url":"https:\/\/www.beautypristroje.sk\/wp-content\/uploads\/2025\/04\/Press-and-clear-nahradna-napln.jpg","contentUrl":"https:\/\/www.beautypristroje.sk\/wp-content\/uploads\/2025\/04\/Press-and-clear-nahradna-napln.jpg","width":1223,"height":1156,"caption":"Press & Clear 150\u202fml n\u00e1hradn\u00e1 n\u00e1pl\u0148 \u2013 exfolia\u010dn\u00e9 tonikum s kyselinou salicylovou, kyselinou tranexamovou, aloe vera a extraktom zo sak\u00e9."},{"@type":"BreadcrumbList","@id":"https:\/\/www.beautypristroje.sk\/produkt\/press-clear-nahradna-napln\/#breadcrumb","itemListElement":[{"@type":"ListItem","position":1,"name":"Domovsk\u00e1 str\u00e1nka","item":"https:\/\/www.beautypristroje.sk\/"},{"@type":"ListItem","position":2,"name":"Obchod","item":"https:\/\/www.beautypristroje.sk\/obchod\/"},{"@type":"ListItem","position":3,"name":"Medik8 Press &#038; Clear (n\u00e1hradn\u00e1 n\u00e1pl\u0148)"}]},{"@type":"WebSite","@id":"https:\/\/www.beautypristroje.sk\/#website","url":"https:\/\/www.beautypristroje.sk\/","name":"Beauty pr\u00edstroje","description":"Profesion\u00e1lne kozmetick\u00e9 pr\u00edstroje pre sal\u00f3ny a kliniky","potentialAction":[{"@type":"SearchAction","target":{"@type":"EntryPoint","urlTemplate":"https:\/\/www.beautypristroje.sk\/?s={search_term_string}"},"query-input":{"@type":"PropertyValueSpecification","valueRequired":true,"valueName":"search_term_string"}}],"inLanguage":"en-GB"}]}},"_links":{"self":[{"href":"https:\/\/www.beautypristroje.sk\/en\/wp-json\/wp\/v2\/product\/557","targetHints":{"allow":["GET"]}}],"collection":[{"href":"https:\/\/www.beautypristroje.sk\/en\/wp-json\/wp\/v2\/product"}],"about":[{"href":"https:\/\/www.beautypristroje.sk\/en\/wp-json\/wp\/v2\/types\/product"}],"replies":[{"embeddable":true,"href":"https:\/\/www.beautypristroje.sk\/en\/wp-json\/wp\/v2\/comments?post=557"}],"wp:featuredmedia":[{"embeddable":true,"href":"https:\/\/www.beautypristroje.sk\/en\/wp-json\/wp\/v2\/media\/976"}],"wp:attachment":[{"href":"https:\/\/www.beautypristroje.sk\/en\/wp-json\/wp\/v2\/media?parent=557"}],"wp:term":[{"taxonomy":"product_brand","embeddable":true,"href":"https:\/\/www.beautypristroje.sk\/en\/wp-json\/wp\/v2\/product_brand?post=557"},{"taxonomy":"product_cat","embeddable":true,"href":"https:\/\/www.beautypristroje.sk\/en\/wp-json\/wp\/v2\/product_cat?post=557"},{"taxonomy":"product_tag","embeddable":true,"href":"https:\/\/www.beautypristroje.sk\/en\/wp-json\/wp\/v2\/product_tag?post=557"}],"curies":[{"name":"wp","href":"https:\/\/api.w.org\/{rel}","templated":true}]}}