{"id":548,"date":"2025-04-07T10:48:44","date_gmt":"2025-04-07T08:48:44","guid":{"rendered":"https:\/\/www.beautypristroje.sk\/?post_type=product&#038;p=548"},"modified":"2025-12-10T09:46:18","modified_gmt":"2025-12-10T08:46:18","slug":"press-glow-nahradna-napln","status":"publish","type":"product","link":"https:\/\/www.beautypristroje.sk\/en\/product\/press-glow-nahradna-napln\/","title":{"rendered":"Medik8 Press &#038; Glow  (n\u00e1hradn\u00e1 n\u00e1pl\u0148)"},"content":{"rendered":"<p>Klinicky preuk\u00e1zan\u00e9, \u017ee poskytuje \u017eiariv\u00fa ple\u0165 u\u017e za 2 t\u00fd\u017edne*, Medik8 prin\u00e1\u0161a inovat\u00edvnu odpove\u010f na tradi\u010dn\u00e9, \u0161t\u00edplav\u00e9 a vysu\u0161uj\u00face kyselinov\u00e9 tonik\u00e1 \u2013 Medik8 Press &amp; Glow.<\/p>\n<p><i>A\u017e 2 mesiace z\u00e1soby z 1 f\u013ea\u0161e pri pou\u017eit\u00ed dvakr\u00e1t denne (2 t\u00fd\u017edne z\u00e1soby z cestovnej ve\u013ekosti).<\/i><\/p>\n<p>Press &amp; Glow jemne odstra\u0148uje odumret\u00e9 ko\u017en\u00e9 bunky z povrchu a odha\u013euje hlad\u0161iu text\u00faru pleti s vidite\u013en\u00fdm ka\u017edodenn\u00fdm \u017eiariv\u00fdm efektom. Postupne pom\u00e1ha vytvori\u0165 vidite\u013ene dokonalej\u0161\u00ed povrch pleti, ktor\u00fd lep\u0161ie absorbuje akt\u00edvne zlo\u017eky ako vitam\u00edn C a A, a vytv\u00e1ra hlad\u0161\u00ed podklad pre make-up.<\/p>\n<p>Press &amp; Glow je formulovan\u00e9 s polyhydroxy kyselinou (PHA) gluconolact\u00f3n (vyslovuje sa &#8218;gloo-cona-LAC-tone&#8216;). Na rozdiel od tradi\u010dn\u00fdch PHA, ktor\u00e9 m\u00f4\u017eu ple\u0165 vysu\u0161ova\u0165, toto hydrata\u010dn\u00e9 a zjem\u0148uj\u00face kyselinov\u00e9 tonikum je preuk\u00e1zan\u00e9 ako dostato\u010dne jemn\u00e9 na ka\u017edodenn\u00e9 pou\u017e\u00edvanie \u2013 aj na citliv\u00fa ple\u0165. K dispoz\u00edcii je aj udr\u017eate\u013en\u00e1 verzia na doplnenie.<\/p>\n<p><em>*Preuk\u00e1zan\u00e9 nez\u00e1visl\u00fdm klinick\u00fdm v\u00fdskumom na produkte Press &amp; Glow. Testovan\u00e9 na 31 \u00fa\u010dastn\u00edkoch po\u010das 4 t\u00fd\u017ed\u0148ov.<\/em><\/p>\n<h3><strong>V\u00ddHODY<\/strong><\/h3>\n<h5>Hydratovan\u00e1, \u017eiariv\u00e1 ple\u0165<\/h5>\n<div class=\"metafield-rich_text_field\">\n<p>Press &amp; Glow klinicky preuk\u00e1zate\u013ene zlep\u0161uje \u017eiarivos\u0165 pleti o 20 % u\u017e za 4 t\u00fd\u017edne. **Preuk\u00e1zan\u00e9 nez\u00e1vislou klinickou \u0161t\u00fadiou na 31 \u00fa\u010dastn\u00edkoch po\u010das 4 t\u00fd\u017ed\u0148ov.<\/p>\n<h5>Maxim\u00e1lny komfort pre citliv\u00fa ple\u0165<\/h5>\n<\/div>\n<p class=\"copy\">Press &amp; Glow je dostato\u010dne jemn\u00fd na pou\u017eitie dvakr\u00e1t denne, aj na citlivej poko\u017eke.<\/p>\n<h5>Jemnej\u0161ia a zjednoten\u00e1 ple\u0165<\/h5>\n<div class=\"copy\">\n<p>Press &amp; Glow je klinicky preuk\u00e1zan\u00e9, \u017ee pri dlhodobom pou\u017e\u00edvan\u00ed vidite\u013ene vyhladzuje povrch pleti a zjednocuje jej t\u00f3n.<\/p>\n<div class=\"metafield-rich_text_field\">Nez\u00e1visl\u00e1 klinick\u00e1 \u0161t\u00fadia na Press &amp; Glow, testovan\u00e1 na 31 \u00fa\u010dastn\u00edkoch po\u010das 4 t\u00fd\u017ed\u0148ov.<\/div>\n<h5>Zv\u00fd\u0161en\u00e1 \u00fa\u010dinnos\u0165 vitam\u00ednu A proti starnutiu<\/h5>\n<\/div>\n<div class=\"copy\">Podporuje optim\u00e1lne vstreb\u00e1vanie vitam\u00ednu A a z\u00e1rove\u0148 zosil\u0148uje jeho vidite\u013en\u00e9 omladzuj\u00face \u00fa\u010dinky.<\/div>\n<p>&nbsp;<\/p>\n<h3><strong>K\u013d\u00da\u010cOV\u00c9 ZLO\u017dKY<\/strong><\/h3>\n<h5><img decoding=\"async\" class=\"list-item-icon\" src=\"https:\/\/medik8.sk\/cdn\/shop\/files\/PDP_Key_Ingredients_Gluconolactone_PHA_Molecule.svg?v=1738240597&amp;width=50\" alt=\"Ingredient Icon 1\" width=\"50\" height=\"auto\" \/>5.5% Gluconolactone (PHA)<\/h5>\n<div class=\"copy\">\n<p>Vysoce v\u00fdkonn\u00e1 polyhydroxy kyselina (PHA), glukonolakt\u00f3n (vyslovuje sa &#8222;gloo-ko-na-LAK-tone&#8220;) pracuje t\u00fdm, \u017ee sa men\u00ed na gluk\u00f3nov\u00fa kyselinu a jemne exfoliuje a hydratuje povrch pleti. V\u00fdsledkom je vidite\u013ene hlad\u0161\u00ed, \u017eiarivej\u0161\u00ed a rovnomernej\u0161\u00ed povrch pleti.<\/p>\n<p>&nbsp;<\/p>\n<\/div>\n<h5><img decoding=\"async\" class=\"list-item-icon\" src=\"https:\/\/medik8.sk\/cdn\/shop\/files\/PDP_Key_Ingredients_Prickly_Pear_Extract_Icon_05234e6f-5fe3-49ca-8f18-8d3b7468c926.svg?v=1738240597&amp;width=50\" alt=\"Ingredient Icon 2\" width=\"50\" height=\"auto\" \/>Extrakt z opunciov\u00e9 hru\u0161ky<\/h5>\n<div class=\"copy\">\n<p>Prirodzen\u00fd aktiv\u00e1tor enz\u00fdmov, ktor\u00fd pom\u00e1ha podpori\u0165 prirodzen\u00fd proces exfoli\u00e1cie pleti, ako aj jej obnovu buniek. To pom\u00e1ha zlep\u0161i\u0165 vidite\u013en\u00fa jasnos\u0165 a \u017eiarivos\u0165 pleti, ako aj vzh\u013ead jemn\u00fdch vr\u00e1sok.<\/p>\n<p>&nbsp;<\/p>\n<\/div>\n<h5><img decoding=\"async\" class=\"list-item-icon\" src=\"https:\/\/medik8.sk\/cdn\/shop\/files\/PDP_Key_Ingredients_Acai_Extract_Icon_12f56dc4-a82e-4b4e-860b-8a1276a237ac.svg?v=1738240597&amp;width=50\" alt=\"Ingredient Icon 3\" width=\"50\" height=\"auto\" \/>Extrakt z Acai (ah-sigh-ee)<\/h5>\n<div class=\"copy\">\n<p>Tento pr\u00edrodn\u00fd extrakt pom\u00e1ha upokojova\u0165 z\u00e1paly a chr\u00e1ni ple\u0165 pred po\u0161koden\u00edm a starnut\u00edm sp\u00f4soben\u00fdm vo\u013en\u00fdmi radik\u00e1lmi.<\/p>\n<p>&nbsp;<\/p>\n<\/div>\n<h5><img decoding=\"async\" class=\"list-item-icon\" src=\"https:\/\/medik8.sk\/cdn\/shop\/files\/PDP_Key_Ingredients_Aloe_Vera_Icon_c8690d54-1d1b-4106-abe3-c21718be3dfc.svg?v=1738240597&amp;width=50\" alt=\"Ingredient Icon 4\" width=\"50\" height=\"auto\" \/>Aloe Vera<\/h5>\n<div class=\"copy\">\n<p>Aloe vera pom\u00e1ha zni\u017eova\u0165 podr\u00e1\u017edenie pleti, zlep\u0161uje schopnos\u0165 poko\u017eky udr\u017eiava\u0165 vlhkos\u0165 a chr\u00e1ni pred po\u0161koden\u00edm sp\u00f4soben\u00fdm vo\u013en\u00fdmi radik\u00e1lmi.<\/p>\n<\/div>\n<h3><strong>AKO POU\u017d\u00cdVA\u0164<\/strong><\/h3>\n<p>Odomknite oto\u010den\u00edm hornej \u010dasti pumpi\u010dky proti smeru hodinov\u00fdch ru\u010di\u010diek, a\u017e k\u00fdm neklikne.<\/p>\n<p>Po rannom a ve\u010dernom \u010disten\u00ed pleti prilo\u017ete kozmetick\u00fd tamp\u00f3n (najlep\u0161ie opakovane pou\u017eite\u013en\u00fd) pevne na\u00a0<em>Press &amp; Glow\u00a0<\/em>a stla\u010dte 3-4 kr\u00e1t.<\/p>\n<p>Jemne pretrite tamp\u00f3nom cel\u00fa ple\u0165, vyhnite sa citlivej oblasti o\u010d\u00ed.<\/p>\n<p>Na uzamknutie oto\u010dte pumpi\u010dku v smere hodinov\u00fdch ru\u010di\u010diek, a\u017e k\u00fdm neklikne. Pri\u00a0<em>Press &amp; Glow Refill<\/em>\u00a0preneste pumpi\u010dku zo svojho predch\u00e1dzaj\u00faceho balenia na\u00a0<em>Press &amp; Glow Refill<\/em>\u00a0a oto\u010dte v smere hodinov\u00fdch ru\u010di\u010diek, a\u017e k\u00fdm neklikne na miesto.<\/p>\n<h3><strong>OBSAH BALENIA<\/strong><\/h3>\n<p>200 ml<\/p>\n<h3><strong>ZLO\u017dENIE<\/strong><\/h3>\n<ul>\n<li>BEZ UMEL\u00ddCH V\u00d4N\u00cd<\/li>\n<li>BEZ PARAB\u00c9NOV<\/li>\n<li>VEGAN FRIENDLY<\/li>\n<li>DARUJTE ZIPS<\/li>\n<li>BEZ SYNTETICK\u00ddCH FARIEB<\/li>\n<li>BEZ FTAL\u00c1TOV<\/li>\n<li>BEZ ALKOHOLU<\/li>\n<li>NETESTOVAN\u00c9 NA ZVIERAT\u00c1CH<\/li>\n<\/ul>\n<p>Aqua (Water), Gluconolactone, Glycerin, Hydrolyzed Opuntia Ficus-Indica Flower Extract, Euterpe Oleracea Fruit Extract, Aloe Barbadensis (Aloe Vera) Leaf Juice, Sodium Hydroxide, Sodium Citrate, Hydroxyacetophenone, Phenoxyethanol, Ethylhexylglycerin, Potassium Sorbate, Sodium Benzoate.<\/p>\n<p>*Aj ke\u010f sa sna\u017e\u00edme zaisti\u0165 presnos\u0165 tohto zoznamu zlo\u017eiek, niekedy m\u00f4\u017ee d\u00f4js\u0165 k vylep\u0161eniam produktu alebo k miernym rozdielom medzi r\u00f4znymi regi\u00f3nmi na z\u00e1klade miestnych z\u00e1konov. Jedin\u00fd definit\u00edvny zoznam zlo\u017eiek je preto ten, ktor\u00fd je vytla\u010den\u00fd na obale produktu.<\/p>","protected":false},"excerpt":{"rendered":"<p>200ml<\/p>\n<p>n\u00e1hradn\u00e1 n\u00e1pl\u0148<\/p>\n<p>Exfolia\u010dn\u00e9 PHA tonikum s enzymatick\u00fdm<br \/>\naktiv\u00e1torom Glukonolakton, extrakt z opuncie a acai, aloe vera<\/p>","protected":false},"featured_media":550,"comment_status":"open","ping_status":"closed","template":"","meta":{"_acf_changed":false},"product_brand":[77],"product_cat":[75,26],"product_tag":[],"class_list":{"0":"post-548","1":"product","2":"type-product","3":"status-publish","4":"has-post-thumbnail","6":"product_brand-medik8","7":"product_cat-kremy-a-sera","8":"product_cat-skincare-produkty","10":"first","11":"instock","12":"taxable","13":"shipping-taxable","14":"purchasable","15":"product-type-simple"},"acf":[],"yoast_head":"<!-- This site is optimized with the Yoast SEO plugin v27.5 - https:\/\/yoast.com\/product\/yoast-seo-wordpress\/ -->\n<title>Medik8 Press &amp; Glow (n\u00e1hradn\u00e1 n\u00e1pl\u0148) - Beauty pr\u00edstroje<\/title>\n<meta name=\"description\" content=\"Press &amp; Glow 200\u202fml refill exfolia\u010dn\u00e9 PHA tonikum s glukonolaktonom, opunciou, acai a aloe vera pre jemn\u00fa, rozjasnen\u00fa a zdrav\u00fa ple\u0165.\" \/>\n<meta name=\"robots\" content=\"index, follow, max-snippet:-1, max-image-preview:large, max-video-preview:-1\" \/>\n<link rel=\"canonical\" href=\"https:\/\/www.beautypristroje.sk\/en\/product\/press-glow-nahradna-napln\/\" \/>\n<meta property=\"og:locale\" content=\"en_GB\" \/>\n<meta property=\"og:type\" content=\"article\" \/>\n<meta property=\"og:title\" content=\"Medik8 Press &amp; Glow (n\u00e1hradn\u00e1 n\u00e1pl\u0148) - Beauty pr\u00edstroje\" \/>\n<meta property=\"og:description\" content=\"Press &amp; Glow 200\u202fml refill exfolia\u010dn\u00e9 PHA tonikum s glukonolaktonom, opunciou, acai a aloe vera pre jemn\u00fa, rozjasnen\u00fa a zdrav\u00fa ple\u0165.\" \/>\n<meta property=\"og:url\" content=\"https:\/\/www.beautypristroje.sk\/en\/product\/press-glow-nahradna-napln\/\" \/>\n<meta property=\"og:site_name\" content=\"Beauty pr\u00edstroje\" \/>\n<meta property=\"article:modified_time\" content=\"2025-12-10T08:46:18+00:00\" \/>\n<meta property=\"og:image\" content=\"https:\/\/www.beautypristroje.sk\/wp-content\/uploads\/2025\/04\/Copy-of-Press-_-Glow-Refill-B-1024x1024.png\" \/>\n\t<meta property=\"og:image:width\" content=\"1024\" \/>\n\t<meta property=\"og:image:height\" content=\"1024\" \/>\n\t<meta property=\"og:image:type\" content=\"image\/png\" \/>\n<meta name=\"twitter:card\" content=\"summary_large_image\" \/>\n<meta name=\"twitter:label1\" content=\"Estimated reading time\" \/>\n\t<meta name=\"twitter:data1\" content=\"4 minutes\" \/>\n<script type=\"application\/ld+json\" class=\"yoast-schema-graph\">{\"@context\":\"https:\\\/\\\/schema.org\",\"@graph\":[{\"@type\":\"WebPage\",\"@id\":\"https:\\\/\\\/www.beautypristroje.sk\\\/produkt\\\/press-glow-nahradna-napln\\\/\",\"url\":\"https:\\\/\\\/www.beautypristroje.sk\\\/produkt\\\/press-glow-nahradna-napln\\\/\",\"name\":\"Medik8 Press & Glow (n\u00e1hradn\u00e1 n\u00e1pl\u0148) - Beauty pr\u00edstroje\",\"isPartOf\":{\"@id\":\"https:\\\/\\\/www.beautypristroje.sk\\\/#website\"},\"primaryImageOfPage\":{\"@id\":\"https:\\\/\\\/www.beautypristroje.sk\\\/produkt\\\/press-glow-nahradna-napln\\\/#primaryimage\"},\"image\":{\"@id\":\"https:\\\/\\\/www.beautypristroje.sk\\\/produkt\\\/press-glow-nahradna-napln\\\/#primaryimage\"},\"thumbnailUrl\":\"https:\\\/\\\/www.beautypristroje.sk\\\/wp-content\\\/uploads\\\/2025\\\/04\\\/Copy-of-Press-_-Glow-Refill-B.png\",\"datePublished\":\"2025-04-07T08:48:44+00:00\",\"dateModified\":\"2025-12-10T08:46:18+00:00\",\"description\":\"Press & Glow 200\u202fml refill exfolia\u010dn\u00e9 PHA tonikum s glukonolaktonom, opunciou, acai a aloe vera pre jemn\u00fa, rozjasnen\u00fa a zdrav\u00fa ple\u0165.\",\"breadcrumb\":{\"@id\":\"https:\\\/\\\/www.beautypristroje.sk\\\/produkt\\\/press-glow-nahradna-napln\\\/#breadcrumb\"},\"inLanguage\":\"en-GB\",\"potentialAction\":[{\"@type\":\"ReadAction\",\"target\":[\"https:\\\/\\\/www.beautypristroje.sk\\\/produkt\\\/press-glow-nahradna-napln\\\/\"]}]},{\"@type\":\"ImageObject\",\"inLanguage\":\"en-GB\",\"@id\":\"https:\\\/\\\/www.beautypristroje.sk\\\/produkt\\\/press-glow-nahradna-napln\\\/#primaryimage\",\"url\":\"https:\\\/\\\/www.beautypristroje.sk\\\/wp-content\\\/uploads\\\/2025\\\/04\\\/Copy-of-Press-_-Glow-Refill-B.png\",\"contentUrl\":\"https:\\\/\\\/www.beautypristroje.sk\\\/wp-content\\\/uploads\\\/2025\\\/04\\\/Copy-of-Press-_-Glow-Refill-B.png\",\"width\":2000,\"height\":2000,\"caption\":\"Press & Glow 200\u202fml \u2013 exfolia\u010dn\u00e9 PHA tonikum s glukonolaktonom, extraktom z opuncie, acai a aloe vera pre rozjasnen\u00fa a hladk\u00fa ple\u0165.\"},{\"@type\":\"BreadcrumbList\",\"@id\":\"https:\\\/\\\/www.beautypristroje.sk\\\/produkt\\\/press-glow-nahradna-napln\\\/#breadcrumb\",\"itemListElement\":[{\"@type\":\"ListItem\",\"position\":1,\"name\":\"Domovsk\u00e1 str\u00e1nka\",\"item\":\"https:\\\/\\\/www.beautypristroje.sk\\\/\"},{\"@type\":\"ListItem\",\"position\":2,\"name\":\"Obchod\",\"item\":\"https:\\\/\\\/www.beautypristroje.sk\\\/obchod\\\/\"},{\"@type\":\"ListItem\",\"position\":3,\"name\":\"Medik8 Press &#038; Glow (n\u00e1hradn\u00e1 n\u00e1pl\u0148)\"}]},{\"@type\":\"WebSite\",\"@id\":\"https:\\\/\\\/www.beautypristroje.sk\\\/#website\",\"url\":\"https:\\\/\\\/www.beautypristroje.sk\\\/\",\"name\":\"Beauty pr\u00edstroje\",\"description\":\"Profesion\u00e1lne kozmetick\u00e9 pr\u00edstroje pre sal\u00f3ny a kliniky\",\"potentialAction\":[{\"@type\":\"SearchAction\",\"target\":{\"@type\":\"EntryPoint\",\"urlTemplate\":\"https:\\\/\\\/www.beautypristroje.sk\\\/?s={search_term_string}\"},\"query-input\":{\"@type\":\"PropertyValueSpecification\",\"valueRequired\":true,\"valueName\":\"search_term_string\"}}],\"inLanguage\":\"en-GB\"}]}<\/script>\n<!-- \/ Yoast SEO plugin. -->","yoast_head_json":{"title":"Medik8 Press & Glow (n\u00e1hradn\u00e1 n\u00e1pl\u0148) - Beauty pr\u00edstroje","description":"Press & Glow 200\u202fml refill exfolia\u010dn\u00e9 PHA tonikum s glukonolaktonom, opunciou, acai a aloe vera pre jemn\u00fa, rozjasnen\u00fa a zdrav\u00fa ple\u0165.","robots":{"index":"index","follow":"follow","max-snippet":"max-snippet:-1","max-image-preview":"max-image-preview:large","max-video-preview":"max-video-preview:-1"},"canonical":"https:\/\/www.beautypristroje.sk\/en\/product\/press-glow-nahradna-napln\/","og_locale":"en_GB","og_type":"article","og_title":"Medik8 Press & Glow (n\u00e1hradn\u00e1 n\u00e1pl\u0148) - Beauty pr\u00edstroje","og_description":"Press & Glow 200\u202fml refill exfolia\u010dn\u00e9 PHA tonikum s glukonolaktonom, opunciou, acai a aloe vera pre jemn\u00fa, rozjasnen\u00fa a zdrav\u00fa ple\u0165.","og_url":"https:\/\/www.beautypristroje.sk\/en\/product\/press-glow-nahradna-napln\/","og_site_name":"Beauty pr\u00edstroje","article_modified_time":"2025-12-10T08:46:18+00:00","og_image":[{"width":1024,"height":1024,"url":"https:\/\/www.beautypristroje.sk\/wp-content\/uploads\/2025\/04\/Copy-of-Press-_-Glow-Refill-B-1024x1024.png","type":"image\/png"}],"twitter_card":"summary_large_image","twitter_misc":{"Estimated reading time":"4 minutes"},"schema":{"@context":"https:\/\/schema.org","@graph":[{"@type":"WebPage","@id":"https:\/\/www.beautypristroje.sk\/produkt\/press-glow-nahradna-napln\/","url":"https:\/\/www.beautypristroje.sk\/produkt\/press-glow-nahradna-napln\/","name":"Medik8 Press & Glow (n\u00e1hradn\u00e1 n\u00e1pl\u0148) - Beauty pr\u00edstroje","isPartOf":{"@id":"https:\/\/www.beautypristroje.sk\/#website"},"primaryImageOfPage":{"@id":"https:\/\/www.beautypristroje.sk\/produkt\/press-glow-nahradna-napln\/#primaryimage"},"image":{"@id":"https:\/\/www.beautypristroje.sk\/produkt\/press-glow-nahradna-napln\/#primaryimage"},"thumbnailUrl":"https:\/\/www.beautypristroje.sk\/wp-content\/uploads\/2025\/04\/Copy-of-Press-_-Glow-Refill-B.png","datePublished":"2025-04-07T08:48:44+00:00","dateModified":"2025-12-10T08:46:18+00:00","description":"Press & Glow 200\u202fml refill exfolia\u010dn\u00e9 PHA tonikum s glukonolaktonom, opunciou, acai a aloe vera pre jemn\u00fa, rozjasnen\u00fa a zdrav\u00fa ple\u0165.","breadcrumb":{"@id":"https:\/\/www.beautypristroje.sk\/produkt\/press-glow-nahradna-napln\/#breadcrumb"},"inLanguage":"en-GB","potentialAction":[{"@type":"ReadAction","target":["https:\/\/www.beautypristroje.sk\/produkt\/press-glow-nahradna-napln\/"]}]},{"@type":"ImageObject","inLanguage":"en-GB","@id":"https:\/\/www.beautypristroje.sk\/produkt\/press-glow-nahradna-napln\/#primaryimage","url":"https:\/\/www.beautypristroje.sk\/wp-content\/uploads\/2025\/04\/Copy-of-Press-_-Glow-Refill-B.png","contentUrl":"https:\/\/www.beautypristroje.sk\/wp-content\/uploads\/2025\/04\/Copy-of-Press-_-Glow-Refill-B.png","width":2000,"height":2000,"caption":"Press & Glow 200\u202fml \u2013 exfolia\u010dn\u00e9 PHA tonikum s glukonolaktonom, extraktom z opuncie, acai a aloe vera pre rozjasnen\u00fa a hladk\u00fa ple\u0165."},{"@type":"BreadcrumbList","@id":"https:\/\/www.beautypristroje.sk\/produkt\/press-glow-nahradna-napln\/#breadcrumb","itemListElement":[{"@type":"ListItem","position":1,"name":"Domovsk\u00e1 str\u00e1nka","item":"https:\/\/www.beautypristroje.sk\/"},{"@type":"ListItem","position":2,"name":"Obchod","item":"https:\/\/www.beautypristroje.sk\/obchod\/"},{"@type":"ListItem","position":3,"name":"Medik8 Press &#038; Glow (n\u00e1hradn\u00e1 n\u00e1pl\u0148)"}]},{"@type":"WebSite","@id":"https:\/\/www.beautypristroje.sk\/#website","url":"https:\/\/www.beautypristroje.sk\/","name":"Beauty pr\u00edstroje","description":"Profesion\u00e1lne kozmetick\u00e9 pr\u00edstroje pre sal\u00f3ny a kliniky","potentialAction":[{"@type":"SearchAction","target":{"@type":"EntryPoint","urlTemplate":"https:\/\/www.beautypristroje.sk\/?s={search_term_string}"},"query-input":{"@type":"PropertyValueSpecification","valueRequired":true,"valueName":"search_term_string"}}],"inLanguage":"en-GB"}]}},"_links":{"self":[{"href":"https:\/\/www.beautypristroje.sk\/en\/wp-json\/wp\/v2\/product\/548","targetHints":{"allow":["GET"]}}],"collection":[{"href":"https:\/\/www.beautypristroje.sk\/en\/wp-json\/wp\/v2\/product"}],"about":[{"href":"https:\/\/www.beautypristroje.sk\/en\/wp-json\/wp\/v2\/types\/product"}],"replies":[{"embeddable":true,"href":"https:\/\/www.beautypristroje.sk\/en\/wp-json\/wp\/v2\/comments?post=548"}],"wp:featuredmedia":[{"embeddable":true,"href":"https:\/\/www.beautypristroje.sk\/en\/wp-json\/wp\/v2\/media\/550"}],"wp:attachment":[{"href":"https:\/\/www.beautypristroje.sk\/en\/wp-json\/wp\/v2\/media?parent=548"}],"wp:term":[{"taxonomy":"product_brand","embeddable":true,"href":"https:\/\/www.beautypristroje.sk\/en\/wp-json\/wp\/v2\/product_brand?post=548"},{"taxonomy":"product_cat","embeddable":true,"href":"https:\/\/www.beautypristroje.sk\/en\/wp-json\/wp\/v2\/product_cat?post=548"},{"taxonomy":"product_tag","embeddable":true,"href":"https:\/\/www.beautypristroje.sk\/en\/wp-json\/wp\/v2\/product_tag?post=548"}],"curies":[{"name":"wp","href":"https:\/\/api.w.org\/{rel}","templated":true}]}}