{"id":532,"date":"2025-04-07T10:45:18","date_gmt":"2025-04-07T08:45:18","guid":{"rendered":"https:\/\/www.beautypristroje.sk\/?post_type=product&#038;p=532"},"modified":"2025-12-10T09:46:18","modified_gmt":"2025-12-10T08:46:18","slug":"lipid-balance-cleansing-oil","status":"publish","type":"product","link":"https:\/\/www.beautypristroje.sk\/en\/product\/lipid-balance-cleansing-oil\/","title":{"rendered":"Medik8 Lipid-Balance Cleansing Oil"},"content":{"rendered":"<p>Medik8 Lipid-Balance Cleansing Oil je jemn\u00fd olejov\u00fd \u010distiaci pr\u00edpravok rozpu\u0161\u0165aj\u00faci ne\u010distoty i vodeodoln\u00fd make-up tak, aby zanechal poko\u017eku svie\u017eu a jasn\u00fa. Vyzna\u010duje sa optimalizovan\u00fdm pomerom esenci\u00e1lnych lipidov, obnovuje prirodzen\u00fa ochran\u00fa vrstvu ko\u017ee a zanech\u00e1va ple\u0165 jemn\u00fa a vl\u00e1\u010dnu. Extrakt zo semien moringory pom\u00e1ha odstrani\u0165 zne\u010distenie nahromaden\u00e9 za cel\u00fd de\u0148.<br \/>\nPri zmie\u0161an\u00ed s vodou sa premen\u00ed na hydrata\u010dn\u00e9 mlieko. Poko\u017eka\u00a0 je zanechan\u00e1 vy\u017eiven\u00e1 a dokonale vy\u010disten\u00e1.<\/p>\n<p>\u010cistiace oleje s\u00fa ve\u013emi ob\u013e\u00faben\u00e9 v tzv. k\u00f3rejskej starostlivos\u0165 o ple\u0165. Odstra\u0148uj\u00fa aj vodeodoln\u00fd make-up, opa\u013eovac\u00ed kr\u00e9m \u010di ka\u017edodenn\u00e9 ne\u010distoty.<\/p>\n<p>Obsiahnut\u00fd slne\u010dnicov\u00fd olej ple\u0165 vy\u017eivuje a pri mas\u00e1\u017ei zjem\u0148uje, Vitam\u00edn E hydratuje a chr\u00e1ni, \u010d\u00edm obnovuje jej vitalitu a pru\u017enos\u0165. Ple\u0165 je \u010dist\u00e1 a obnoven\u00e1, bez nepr\u00edjemn\u00e9ho pnutia \u010di suchosti.<\/p>\n<p>Vrchn\u00e9 vrstvy pleti s\u00fa tvoren\u00e9 bunkami ko\u017ee, ktor\u00e9 s\u00fa obklopen\u00e9 ve\u013ek\u00fdm mno\u017estvom lipidov ako s\u00fa: mastn\u00e9 kyseliny, cholesterol a ceramidy.\u00a0Vytvaraj\u00fa\u00a0z\u00e1kladn\u00fa ochrann\u00fa bari\u00e9ru poko\u017eky br\u00e1niace vysychaniu pleti a br\u00e1niace vstupu dr\u00e1\u017ediv\u00fdch l\u00e1tok do ko\u017ee.\u00a0 Medzi esenci\u00e1lne mastn\u00e9 kyseliny potrebn\u00e9\u00a0pre spr\u00e1vne fungovanie poko\u017eky, ktor\u00e9 si av\u0161ak nedok\u00e1\u017ee ple\u0165\u00a0zosyntetizova\u0165 sama patr\u00ed\u00a0kyselina linolov\u00e1. T\u00e1to omega-6 mastn\u00e1 kyselina, patr\u00ed medzi esenci\u00e1lne mastn\u00e9 kyseliny, ktor\u00e1 v\u00a0zachovan\u00ed ochrannej ko\u017enej bari\u00e9ry hr\u00e1 ve\u013emi d\u00f4le\u017eit\u00fa \u00falohu a preto ju mus\u00edme ddava\u0165 do poko\u017eky externe. Such\u00e1 alebo akn\u00f3zna ple\u0165 obsahuje \u010dasto kyseliny linolovej len ve\u013emi m\u00e1lo.<\/p>\n<p>\u010cistiace produkty zna\u010dky Medik8 s\u00fa vhodn\u00e9 pre v\u0161etky typy pleti; \u010distiace produkty spolo\u010dnosti Medik8 neobsahuj\u00fa SLES (ani podobn\u00e9 drsn\u00e9 s\u00edranov\u00e9 l\u00e1tky), ani parab\u00e9nov\u00e9 konzerva\u010dn\u00e9 l\u00e1tky, \u010do zabezpe\u010duje ve\u013emi jemn\u00e9 a napriek tomu v\u00fdrazn\u00e9 h\u013abkov\u00e9 \u010distenie na efekt\u00edvne odstr\u00e1nenie make-upu.<\/p>\n<h3><strong>V\u00ddHODY<\/strong><\/h3>\n<ul>\n<li>vhodn\u00e1 pre v\u0161etky typy pleti-ple\u0165 s nedokonalos\u0165ami, such\u00e1 ple\u0165, ple\u0165 s ekz\u00e9mami, zrel\u00e1, norm\u00e1lna, akn\u00f3zna ple\u0165<\/li>\n<li>efekt\u00edvne odstr\u00e1ne\u0148uje\u00a0make-up<\/li>\n<li>Vitam\u00edn E neutralizuje po\u0161kodenie\u00a0 vo\u013en\u00fdmi radik\u00e1lmi<\/li>\n<li>podporuje hojenie,vy\u017eivuje chr\u00e1ni, \u010dist\u00ed a upokojuje poko\u017eku<\/li>\n<li>poskytuje antioxid\u00e1ciu<\/li>\n<li>hydratuje poko\u017eku<\/li>\n<li>netestovan\u00e9 na zvierat\u00e1ch<\/li>\n<li>BEZ PARAB\u00c9NOV, BEZ PRIDAN\u00ddCH FARB\u00cdV, BEZ PARF\u00daMOV, BEZ FTAL\u00c1TOV, BEZ ALKOHOLU<\/li>\n<\/ul>\n<h3><b>K\u013d\u00da\u010cOV\u00c9 ZLO\u017dKY<\/b><\/h3>\n<div>\n<h5 class=\"title\">HLAVN\u00c9 ZLO\u017dKY<\/h5>\n<\/div>\n<p><img decoding=\"async\" class=\"list-item-icon\" src=\"https:\/\/medik8.sk\/cdn\/shop\/files\/PDP_Key_Ingredients_Safflower_Oil_Icon_00d32660-4b09-4143-a4c5-bd0f01fba5cc.svg?v=1738240597&amp;width=50\" alt=\"Ingredient Icon 1\" width=\"50\" height=\"auto\" \/><\/p>\n<div class=\"copy\">\n<div class=\"ki-title\"><strong>Olej zo \u0161afr\u00e1nu<\/strong><\/div>\n<p>Studen\u00fdm lisovan\u00edm z\u00edskan\u00fd \u0161afr\u00e1nov\u00fd olej je bohat\u00fd na v\u00fd\u017eivn\u00e9 mastn\u00e9 kyseliny a vitam\u00edn E, \u010do d\u00e1va \u010distiacemu oleju Lipid-Balance jeho hodv\u00e1bnu text\u00faru. Pom\u00e1ha hlboko vy\u017eivova\u0165 ple\u0165 a podporova\u0165 ko\u017en\u00fa bari\u00e9ru.<\/p>\n<p>&nbsp;<\/p>\n<\/div>\n<p><img decoding=\"async\" class=\"list-item-icon\" src=\"https:\/\/medik8.sk\/cdn\/shop\/files\/PDP_Key_Ingredients_Omega_6_Icon_204ca001-67ed-4857-8a49-56a0bd384266.svg?v=1738240597&amp;width=50\" alt=\"Ingredient Icon 2\" width=\"50\" height=\"auto\" \/><\/p>\n<div class=\"copy\">\n<div class=\"ki-title\"><strong>Omega-6 (kyselina linolov\u00e1)<\/strong><\/div>\n<p>Kyselina linolov\u00e1 tvor\u00ed 70% oleja z necht\u00edka, je esenci\u00e1lnou mastnou kyselinou, ktor\u00e1 pom\u00e1ha vyv\u00e1\u017ei\u0165 prirodzen\u00fa hladinu lipidov v poko\u017eke. Podporuje tak jemn\u00fa, pru\u017en\u00fa a zdrav\u0161ie vyzeraj\u00facu ple\u0165.<\/p>\n<p>&nbsp;<\/p>\n<\/div>\n<p><img decoding=\"async\" class=\"list-item-icon\" src=\"https:\/\/medik8.sk\/cdn\/shop\/files\/PDP_Key_Ingredients_Morninga_Extract_Icon_b449a8d4-33e2-40f9-957e-2ccc22149b74.svg?v=1738240597&amp;width=50\" alt=\"Ingredient Icon 3\" width=\"50\" height=\"auto\" \/><\/p>\n<div class=\"copy\">\n<div class=\"ki-title\"><strong>Extrakt z moringy<\/strong><\/div>\n<p>V\u00fdkonn\u00fd antioxidant, ktor\u00fd tvor\u00ed ochrann\u00fd \u0161t\u00edt proti po\u0161kodeniu sp\u00f4soben\u00e9mu environment\u00e1lnymi agresormi (ako s\u00fa zne\u010distenie ovzdu\u0161ia a vo\u013en\u00e9 radik\u00e1ly).<\/p>\n<p>&nbsp;<\/p>\n<\/div>\n<p><img decoding=\"async\" class=\"list-item-icon\" src=\"https:\/\/medik8.sk\/cdn\/shop\/files\/PDP_Key_Ingredients_Vitamin_E_Icon_80cc4751-3e31-4333-9fce-2f685a4a5a80.svg?v=1738240597&amp;width=50\" alt=\"Ingredient Icon 4\" width=\"50\" height=\"auto\" \/><\/p>\n<div class=\"copy\">\n<div class=\"ki-title\"><strong>Vitam\u00edn E<\/strong><\/div>\n<p>Siln\u00fd antioxidant, ktor\u00fd chr\u00e1ni ple\u0165 pred po\u0161koden\u00edm vo\u013en\u00fdmi radik\u00e1lmi a zn\u00e1mkami pred\u010dasn\u00e9ho starnutia.<\/p>\n<\/div>\n<h3><strong>AKO POU\u017d\u00cdVA\u0164<\/strong><\/h3>\n<p>Ka\u017ed\u00e9 r\u00e1no a ve\u010der jemne vmas\u00edrujte mal\u00e9 mno\u017estvo oleja do suchej pleti. Navlh\u010dite ple\u0165 teplou vodou, so vzniknutou emulziou pokra\u010dujte v mas\u00e1\u017ei, a n\u00e1sledne dobre opl\u00e1chnite. Potom pokra\u010dujte s aplik\u00e1ciou s\u00e9ra a hydrata\u010dn\u00e9ho produktu.<br \/>\nLipid-Balance Cleansing Oil m\u00f4\u017eete pou\u017e\u00edva\u0165 aj na odl\u00ed\u010denie o\u010dn\u00e9ho make-upu, jeho pou\u017eitie m\u00f4\u017eete v\u0161ak kombinova\u0165 s Eyes &amp; Lips Micellar Cleanse.<\/p>\n<h3><strong>OBSAH BALENIA<\/strong><\/h3>\n<p>Balenie obsahuje 140 ml pr\u00edpravku<\/p>\n<h3>ZLO\u017dENIE<\/h3>\n<p>Carthamus Tinctorius (Safflower) Seed Oil, Olea Europaea (Olive) Fruit Oil, Sorbeth-30 Tetraoleate, C12-15 Alkyl Benzoate, Ethyl Linoleate, Pelargonium Graveolens (Geranium) Flower Oil, Moringa Oleifera Seed Oil, Tocopherol, Citrus Aurantium Dulcis (Orange) Peel Oil, Helianthus Annuus (Sunflower) Seed Oil, Beta-Carotene, Daucus Carota Sativa (Carrot) Root Extract, Daucus Carota Sativa (Carrot) Seed Oil, Ascorbyl Palmitate, Limonene, Citronellol, Geraniol, Linalool, Citral.<\/p>\n<p>*Aj ke\u010f sa sna\u017e\u00edme zaisti\u0165 presnos\u0165 tohto zoznamu zlo\u017eiek, niekedy m\u00f4\u017ee d\u00f4js\u0165 k vylep\u0161eniam produktu alebo k miernym rozdielom medzi r\u00f4znymi regi\u00f3nmi na z\u00e1klade miestnych z\u00e1konov. Jedin\u00fd definit\u00edvny zoznam zlo\u017eiek je preto ten, ktor\u00fd je vytla\u010den\u00fd na obale produktu.<\/p>","protected":false},"excerpt":{"rendered":"<p>140ml<\/p>\n<p>Jemn\u00e1 \u010distiaca olejov\u00e1 emulzia<br \/>\nKyselina linolov\u00e1, extrakt z moringy, svetlicovy\u0301 olej, vitam\u00edn E, odstr\u00e1ni vodeodolny\u0301 make-up z tv\u00e1re a o\u010d\u00ed<\/p>","protected":false},"featured_media":534,"comment_status":"open","ping_status":"closed","template":"","meta":{"_acf_changed":false},"product_brand":[77],"product_cat":[75,26],"product_tag":[],"class_list":{"0":"post-532","1":"product","2":"type-product","3":"status-publish","4":"has-post-thumbnail","6":"product_brand-medik8","7":"product_cat-kremy-a-sera","8":"product_cat-skincare-produkty","10":"first","11":"instock","12":"taxable","13":"shipping-taxable","14":"purchasable","15":"product-type-simple"},"acf":[],"yoast_head":"<!-- This site is optimized with the Yoast SEO plugin v27.6 - https:\/\/yoast.com\/product\/yoast-seo-wordpress\/ -->\n<title>Medik8 Lipid-Balance Cleansing Oil - Beauty pr\u00edstroje<\/title>\n<meta name=\"description\" content=\"Lipid-Balance Cleansing Oil 140\u202fml jemne \u010dist\u00ed ple\u0165 a o\u010di, odstra\u0148uje vodeodoln\u00fd make-up, s kyselinou linolovou, moringou, svetlicov\u00fdm olejom a vitam\u00ednom\u202fE.\" \/>\n<meta name=\"robots\" content=\"index, follow, max-snippet:-1, max-image-preview:large, max-video-preview:-1\" \/>\n<link rel=\"canonical\" href=\"https:\/\/www.beautypristroje.sk\/en\/product\/lipid-balance-cleansing-oil\/\" \/>\n<meta property=\"og:locale\" content=\"en_GB\" \/>\n<meta property=\"og:type\" content=\"article\" \/>\n<meta property=\"og:title\" content=\"Medik8 Lipid-Balance Cleansing Oil - Beauty pr\u00edstroje\" \/>\n<meta property=\"og:description\" content=\"Lipid-Balance Cleansing Oil 140\u202fml jemne \u010dist\u00ed ple\u0165 a o\u010di, odstra\u0148uje vodeodoln\u00fd make-up, s kyselinou linolovou, moringou, svetlicov\u00fdm olejom a vitam\u00ednom\u202fE.\" \/>\n<meta property=\"og:url\" content=\"https:\/\/www.beautypristroje.sk\/en\/product\/lipid-balance-cleansing-oil\/\" \/>\n<meta property=\"og:site_name\" content=\"Beauty pr\u00edstroje\" \/>\n<meta property=\"article:modified_time\" content=\"2025-12-10T08:46:18+00:00\" \/>\n<meta property=\"og:image\" content=\"https:\/\/www.beautypristroje.sk\/wp-content\/uploads\/2025\/04\/Copy-of-Lipid-Balance-Cleansing-Oil-B-1024x1024.png\" \/>\n\t<meta property=\"og:image:width\" content=\"1024\" \/>\n\t<meta property=\"og:image:height\" content=\"1024\" \/>\n\t<meta property=\"og:image:type\" content=\"image\/png\" \/>\n<meta name=\"twitter:card\" content=\"summary_large_image\" \/>\n<meta name=\"twitter:label1\" content=\"Estimated reading time\" \/>\n\t<meta name=\"twitter:data1\" content=\"5 minutes\" \/>\n<script type=\"application\/ld+json\" class=\"yoast-schema-graph\">{\"@context\":\"https:\\\/\\\/schema.org\",\"@graph\":[{\"@type\":\"WebPage\",\"@id\":\"https:\\\/\\\/www.beautypristroje.sk\\\/produkt\\\/lipid-balance-cleansing-oil\\\/\",\"url\":\"https:\\\/\\\/www.beautypristroje.sk\\\/produkt\\\/lipid-balance-cleansing-oil\\\/\",\"name\":\"Medik8 Lipid-Balance Cleansing Oil - Beauty pr\u00edstroje\",\"isPartOf\":{\"@id\":\"https:\\\/\\\/www.beautypristroje.sk\\\/#website\"},\"primaryImageOfPage\":{\"@id\":\"https:\\\/\\\/www.beautypristroje.sk\\\/produkt\\\/lipid-balance-cleansing-oil\\\/#primaryimage\"},\"image\":{\"@id\":\"https:\\\/\\\/www.beautypristroje.sk\\\/produkt\\\/lipid-balance-cleansing-oil\\\/#primaryimage\"},\"thumbnailUrl\":\"https:\\\/\\\/www.beautypristroje.sk\\\/wp-content\\\/uploads\\\/2025\\\/04\\\/Copy-of-Lipid-Balance-Cleansing-Oil-B.png\",\"datePublished\":\"2025-04-07T08:45:18+00:00\",\"dateModified\":\"2025-12-10T08:46:18+00:00\",\"description\":\"Lipid-Balance Cleansing Oil 140\u202fml jemne \u010dist\u00ed ple\u0165 a o\u010di, odstra\u0148uje vodeodoln\u00fd make-up, s kyselinou linolovou, moringou, svetlicov\u00fdm olejom a vitam\u00ednom\u202fE.\",\"breadcrumb\":{\"@id\":\"https:\\\/\\\/www.beautypristroje.sk\\\/produkt\\\/lipid-balance-cleansing-oil\\\/#breadcrumb\"},\"inLanguage\":\"en-GB\",\"potentialAction\":[{\"@type\":\"ReadAction\",\"target\":[\"https:\\\/\\\/www.beautypristroje.sk\\\/produkt\\\/lipid-balance-cleansing-oil\\\/\"]}]},{\"@type\":\"ImageObject\",\"inLanguage\":\"en-GB\",\"@id\":\"https:\\\/\\\/www.beautypristroje.sk\\\/produkt\\\/lipid-balance-cleansing-oil\\\/#primaryimage\",\"url\":\"https:\\\/\\\/www.beautypristroje.sk\\\/wp-content\\\/uploads\\\/2025\\\/04\\\/Copy-of-Lipid-Balance-Cleansing-Oil-B.png\",\"contentUrl\":\"https:\\\/\\\/www.beautypristroje.sk\\\/wp-content\\\/uploads\\\/2025\\\/04\\\/Copy-of-Lipid-Balance-Cleansing-Oil-B.png\",\"width\":2000,\"height\":2000,\"caption\":\"Lipid-Balance Cleansing Oil 140\u202fml \u2013 jemn\u00e1 \u010distiaca olejov\u00e1 emulzia s kyselinou linolovou, moringou, svetlicov\u00fdm olejom a vitam\u00ednom\u202fE, odstra\u0148uje vodeodoln\u00fd make-up.\"},{\"@type\":\"BreadcrumbList\",\"@id\":\"https:\\\/\\\/www.beautypristroje.sk\\\/produkt\\\/lipid-balance-cleansing-oil\\\/#breadcrumb\",\"itemListElement\":[{\"@type\":\"ListItem\",\"position\":1,\"name\":\"Domovsk\u00e1 str\u00e1nka\",\"item\":\"https:\\\/\\\/www.beautypristroje.sk\\\/\"},{\"@type\":\"ListItem\",\"position\":2,\"name\":\"Obchod\",\"item\":\"https:\\\/\\\/www.beautypristroje.sk\\\/obchod\\\/\"},{\"@type\":\"ListItem\",\"position\":3,\"name\":\"Medik8 Lipid-Balance Cleansing Oil\"}]},{\"@type\":\"WebSite\",\"@id\":\"https:\\\/\\\/www.beautypristroje.sk\\\/#website\",\"url\":\"https:\\\/\\\/www.beautypristroje.sk\\\/\",\"name\":\"Beauty pr\u00edstroje\",\"description\":\"Profesion\u00e1lne kozmetick\u00e9 pr\u00edstroje pre sal\u00f3ny a kliniky\",\"potentialAction\":[{\"@type\":\"SearchAction\",\"target\":{\"@type\":\"EntryPoint\",\"urlTemplate\":\"https:\\\/\\\/www.beautypristroje.sk\\\/?s={search_term_string}\"},\"query-input\":{\"@type\":\"PropertyValueSpecification\",\"valueRequired\":true,\"valueName\":\"search_term_string\"}}],\"inLanguage\":\"en-GB\"}]}<\/script>\n<!-- \/ Yoast SEO plugin. -->","yoast_head_json":{"title":"Medik8 Lipid-Balance Cleansing Oil - Beauty pr\u00edstroje","description":"Lipid-Balance Cleansing Oil 140\u202fml jemne \u010dist\u00ed ple\u0165 a o\u010di, odstra\u0148uje vodeodoln\u00fd make-up, s kyselinou linolovou, moringou, svetlicov\u00fdm olejom a vitam\u00ednom\u202fE.","robots":{"index":"index","follow":"follow","max-snippet":"max-snippet:-1","max-image-preview":"max-image-preview:large","max-video-preview":"max-video-preview:-1"},"canonical":"https:\/\/www.beautypristroje.sk\/en\/product\/lipid-balance-cleansing-oil\/","og_locale":"en_GB","og_type":"article","og_title":"Medik8 Lipid-Balance Cleansing Oil - Beauty pr\u00edstroje","og_description":"Lipid-Balance Cleansing Oil 140\u202fml jemne \u010dist\u00ed ple\u0165 a o\u010di, odstra\u0148uje vodeodoln\u00fd make-up, s kyselinou linolovou, moringou, svetlicov\u00fdm olejom a vitam\u00ednom\u202fE.","og_url":"https:\/\/www.beautypristroje.sk\/en\/product\/lipid-balance-cleansing-oil\/","og_site_name":"Beauty pr\u00edstroje","article_modified_time":"2025-12-10T08:46:18+00:00","og_image":[{"width":1024,"height":1024,"url":"https:\/\/www.beautypristroje.sk\/wp-content\/uploads\/2025\/04\/Copy-of-Lipid-Balance-Cleansing-Oil-B-1024x1024.png","type":"image\/png"}],"twitter_card":"summary_large_image","twitter_misc":{"Estimated reading time":"5 minutes"},"schema":{"@context":"https:\/\/schema.org","@graph":[{"@type":"WebPage","@id":"https:\/\/www.beautypristroje.sk\/produkt\/lipid-balance-cleansing-oil\/","url":"https:\/\/www.beautypristroje.sk\/produkt\/lipid-balance-cleansing-oil\/","name":"Medik8 Lipid-Balance Cleansing Oil - Beauty pr\u00edstroje","isPartOf":{"@id":"https:\/\/www.beautypristroje.sk\/#website"},"primaryImageOfPage":{"@id":"https:\/\/www.beautypristroje.sk\/produkt\/lipid-balance-cleansing-oil\/#primaryimage"},"image":{"@id":"https:\/\/www.beautypristroje.sk\/produkt\/lipid-balance-cleansing-oil\/#primaryimage"},"thumbnailUrl":"https:\/\/www.beautypristroje.sk\/wp-content\/uploads\/2025\/04\/Copy-of-Lipid-Balance-Cleansing-Oil-B.png","datePublished":"2025-04-07T08:45:18+00:00","dateModified":"2025-12-10T08:46:18+00:00","description":"Lipid-Balance Cleansing Oil 140\u202fml jemne \u010dist\u00ed ple\u0165 a o\u010di, odstra\u0148uje vodeodoln\u00fd make-up, s kyselinou linolovou, moringou, svetlicov\u00fdm olejom a vitam\u00ednom\u202fE.","breadcrumb":{"@id":"https:\/\/www.beautypristroje.sk\/produkt\/lipid-balance-cleansing-oil\/#breadcrumb"},"inLanguage":"en-GB","potentialAction":[{"@type":"ReadAction","target":["https:\/\/www.beautypristroje.sk\/produkt\/lipid-balance-cleansing-oil\/"]}]},{"@type":"ImageObject","inLanguage":"en-GB","@id":"https:\/\/www.beautypristroje.sk\/produkt\/lipid-balance-cleansing-oil\/#primaryimage","url":"https:\/\/www.beautypristroje.sk\/wp-content\/uploads\/2025\/04\/Copy-of-Lipid-Balance-Cleansing-Oil-B.png","contentUrl":"https:\/\/www.beautypristroje.sk\/wp-content\/uploads\/2025\/04\/Copy-of-Lipid-Balance-Cleansing-Oil-B.png","width":2000,"height":2000,"caption":"Lipid-Balance Cleansing Oil 140\u202fml \u2013 jemn\u00e1 \u010distiaca olejov\u00e1 emulzia s kyselinou linolovou, moringou, svetlicov\u00fdm olejom a vitam\u00ednom\u202fE, odstra\u0148uje vodeodoln\u00fd make-up."},{"@type":"BreadcrumbList","@id":"https:\/\/www.beautypristroje.sk\/produkt\/lipid-balance-cleansing-oil\/#breadcrumb","itemListElement":[{"@type":"ListItem","position":1,"name":"Domovsk\u00e1 str\u00e1nka","item":"https:\/\/www.beautypristroje.sk\/"},{"@type":"ListItem","position":2,"name":"Obchod","item":"https:\/\/www.beautypristroje.sk\/obchod\/"},{"@type":"ListItem","position":3,"name":"Medik8 Lipid-Balance Cleansing Oil"}]},{"@type":"WebSite","@id":"https:\/\/www.beautypristroje.sk\/#website","url":"https:\/\/www.beautypristroje.sk\/","name":"Beauty pr\u00edstroje","description":"Profesion\u00e1lne kozmetick\u00e9 pr\u00edstroje pre sal\u00f3ny a kliniky","potentialAction":[{"@type":"SearchAction","target":{"@type":"EntryPoint","urlTemplate":"https:\/\/www.beautypristroje.sk\/?s={search_term_string}"},"query-input":{"@type":"PropertyValueSpecification","valueRequired":true,"valueName":"search_term_string"}}],"inLanguage":"en-GB"}]}},"_links":{"self":[{"href":"https:\/\/www.beautypristroje.sk\/en\/wp-json\/wp\/v2\/product\/532","targetHints":{"allow":["GET"]}}],"collection":[{"href":"https:\/\/www.beautypristroje.sk\/en\/wp-json\/wp\/v2\/product"}],"about":[{"href":"https:\/\/www.beautypristroje.sk\/en\/wp-json\/wp\/v2\/types\/product"}],"replies":[{"embeddable":true,"href":"https:\/\/www.beautypristroje.sk\/en\/wp-json\/wp\/v2\/comments?post=532"}],"wp:featuredmedia":[{"embeddable":true,"href":"https:\/\/www.beautypristroje.sk\/en\/wp-json\/wp\/v2\/media\/534"}],"wp:attachment":[{"href":"https:\/\/www.beautypristroje.sk\/en\/wp-json\/wp\/v2\/media?parent=532"}],"wp:term":[{"taxonomy":"product_brand","embeddable":true,"href":"https:\/\/www.beautypristroje.sk\/en\/wp-json\/wp\/v2\/product_brand?post=532"},{"taxonomy":"product_cat","embeddable":true,"href":"https:\/\/www.beautypristroje.sk\/en\/wp-json\/wp\/v2\/product_cat?post=532"},{"taxonomy":"product_tag","embeddable":true,"href":"https:\/\/www.beautypristroje.sk\/en\/wp-json\/wp\/v2\/product_tag?post=532"}],"curies":[{"name":"wp","href":"https:\/\/api.w.org\/{rel}","templated":true}]}}