{"id":524,"date":"2025-04-07T10:42:58","date_gmt":"2025-04-07T08:42:58","guid":{"rendered":"https:\/\/www.beautypristroje.sk\/?post_type=product&#038;p=524"},"modified":"2025-12-10T09:46:18","modified_gmt":"2025-12-10T08:46:18","slug":"micellar-mousse","status":"publish","type":"product","link":"https:\/\/www.beautypristroje.sk\/en\/product\/micellar-mousse\/","title":{"rendered":"Medik 8 Micellar Mousse"},"content":{"rendered":"<p>Pri zvy\u0161ovan\u00ed koncentr\u00e1cie povrchovoakt\u00edvnej l\u00e1tky &#8211; tenzidu v roztoku sa dosahuje, tzv. kritick\u00e1 micelov\u00e1 koncetr\u00e1cia (CMC). Pri nej molekuly tenzidu agreguj\u00fa do tvaru koloidnej ve\u013ekosti a vytv\u00e1raj\u00fa agreg\u00e1ty, tzv. micely. Tenzid sa sklad\u00e1 z hydrofilnej a lipofilnej \u010dasti, pri\u010dom sa tieto dve \u010dasti odli\u0161uj\u00fa svojou orient\u00e1ciou v prostred\u00ed roztoku. Hydrofiln\u00e1 \u010das\u0165 smeruje k vodn\u00e9mu prostrediu. Lipofiln\u00e1 \u010das\u0165 smeruje opa\u010dne do hydrof\u00f3bnej f\u00e1zy. Vo vn\u00fatri lipofiln\u00e9ho prostredia na seba micely nadv\u00e4zuj\u00fa ne\u010distoty, ko\u017en\u00fd maz a make-up. Po kontakte s vodou sa Medik8 MICELLAR MOUSSE men\u00ed na jemn\u00fa penu, ktorej micely na seba nadv\u00e4zuj\u00fa v tukoch rozpustn\u00e9 \u010dastice.<br \/>\nNavy\u0161e uvo\u013e\u0148uj\u00fa olivov\u00fd olej, ktor\u00fd pom\u00e1ha vy\u010disi\u0165 dlhotrvaj\u00faci make-up a pr\u00edjemne hydratuje poko\u017eku. Obsahov\u00fd olivov\u00fd olej podporuje\u00a0prirodzen\u00fa ochrann\u00fa bari\u00e9ru, obnovuje v nej obsah esenci\u00e1lnych lipidov.<br \/>\nExtrakt z moringory olejod\u00e1rnej k sebe pri\u0165ahuje ne\u010distoty, ktor\u00e9 mo\u017eno v\u010faka tomu \u013eahko odstr\u00e1ni\u0165 z pleti. T\u00e1 je navy\u0161e chr\u00e1nen\u00e1 pred \u0165a\u017ek\u00fdmi kovmi, cigaretov\u00fdm dymom a drobn\u00fdmi \u010dasticami. Extrakt zo semien moringy ple\u0165 zanech\u00e1va dokonale pre\u010disten\u00fa. Okrem toho poskytuje moringa pleti antioxida\u010dn\u00fa ochranu\u00a0a ple\u0165 chr\u00e1ni pred oxida\u010dn\u00fdm stresom\u00a0sp\u00f4soben\u00fdm zne\u010disten\u00edm.<br \/>\nGlycer\u00edn\u00a0je jeden z prirodzen\u00fdch zvlh\u010duj\u00facich faktorov v pleti a \u00fa\u010dinn\u00fd zvlh\u010dova\u010d, ktor\u00fd podporuje fungovanie prirodzenej ko\u017enej bari\u00e9ry a zamedzuje transepiderm\u00e1lnej strate vody.<\/p>\n<p>Ro\u010dne s MICELLAR MOUSSE\u2122 u\u0161etr\u00edte a\u017e 1100 vatov\u00fdch tamp\u00f3nov, \u010do je super nielen pre \u017eivotn\u00e9 prostredie, ale aj pre va\u0161u pe\u0148a\u017eenku. Vzh\u013eadom k tomu, \u017ee sa zaob\u00eddete bez tamp\u00f3nov, hneva\u0165 v\u00e1s u\u017e nemusia ani zvy\u0161ky vaty, ktor\u00e9 na pleti mnohokr\u00e1t zostan\u00fa.<\/p>\n<p><strong>Klinicky testovan\u00e9.<\/strong><\/p>\n<ul>\n<li>83% op\u00fdtan\u00fdch potvrdilo, \u017ee MICELLAR MOUSSE\u2122 odl\u00ed\u010di ple\u0165 r\u00fdchlej\u0161ie ako be\u017en\u00e9 micel\u00e1rny vody<\/li>\n<li>93% dotazov\u00fdch je presved\u010den\u00fdch, \u017ee ich ple\u0165 bola po umyt\u00ed MICELLAR MOUSSE\u2122 vy\u017eiven\u00e1<\/li>\n<li>93% dotazov\u00fdch pova\u017eovalo svoju ple\u0165 po umyt\u00ed MICELLAR MOUSSE\u2122 hebk\u00fa a jemn\u00fa<\/li>\n<\/ul>\n<p>Inform\u00e1cie ziskan\u00e9 zo \u0161t\u00fadie vykonanej na 30 osob\u00e1ch, ktor\u00e9 MICELLAR MOUSSE\u2122\u00a0pou\u017e\u00edvali po\u010das 2 mesiacov.<\/p>\n<p>\u010cistiace produkty zna\u010dky Medik8 s\u00fa vhodn\u00e9 pre v\u0161etky typy pleti; \u010distiace produkty spolo\u010dnosti Medik8 neobsahuj\u00fa SLES (ani podobn\u00e9 drsn\u00e9 s\u00edranov\u00e9 l\u00e1tky), ani parab\u00e9nov\u00e9 konzerva\u010dn\u00e9 l\u00e1tky, \u010do zabezpe\u010duje ve\u013emi jemn\u00e9 a napriek tomu v\u00fdrazn\u00e9 h\u013abkov\u00e9 \u010distenie na efekt\u00edvne odstr\u00e1nenie make-upu.<\/p>\n<h3><strong>V\u00ddHODY<\/strong><\/h3>\n<ul>\n<li>\u013eahko sa rozprestiera po pleti, z ktorej odstra\u0148uje make-up aj \u010fal\u0161ie ne\u010distoty<\/li>\n<li>r\u00fdchle, jednoduch\u00e9 a pr\u00edjemn\u00e9 ka\u017edodenn\u00e9 \u010distenie<\/li>\n<li>ple\u0165 zanech\u00e1 pripraven\u00fa na \u010fal\u0161ie kroky starostlivosti<\/li>\n<li>vhodn\u00e1 aj pre najcitlivej\u0161iu ple\u0165<\/li>\n<li>netestovan\u00fd na zvierat\u00e1ch<\/li>\n<li>BEZ PRIDAN\u00ddCH PARF\u00daMOV, BEZ SYNTETICK\u00ddCH FARB\u00cdV, BEZ PARAB\u00c9NOV, BEZ FTAL\u00c1TOV,\u00a0 BEZ ALKOHOLU<\/li>\n<\/ul>\n<h3><strong>K\u013d\u00da\u010cOV\u00c9 ZLO\u017dKY<\/strong><\/h3>\n<p><strong>Extrakt z moringy olejod\u00e1rnej<\/strong><\/p>\n<p>Pri\u0165rahuje k\u00a0 ne\u010distoty, ktor\u00e9 mo\u017eno v\u010faka tomu \u013eahko odstr\u00e1ni\u0165 z pleti. T\u00e1 je navy\u0161e chr\u00e1nen\u00e1 pred \u0165a\u017ek\u00fdmi kovmi, cigaretov\u00fdm dymom a drobn\u00fdmi \u010dasticami. Extrakt zo semien moringy ple\u0165 zanech\u00e1va dokonale pre\u010disten\u00fa..Okrem toho poskytuje moringa pleti antioxida\u010dn\u00fa ochranu a ple\u0165 chr\u00e1ni pred oxida\u010dn\u00fdm stresom sp\u00f4soben\u00fdm zne\u010disten\u00edm.<\/p>\n<p><strong><img decoding=\"async\" class=\"list-item-icon\" src=\"https:\/\/medik8.sk\/cdn\/shop\/files\/PDP_Key_Ingredients_Glycerin_Icon_fd4c1fd1-7d42-4922-8aa5-09a70c44d44b.svg?v=1738240597&amp;width=50\" alt=\"Ingredient Icon 2\" width=\"50\" height=\"auto\" \/><\/strong><\/p>\n<p><strong>Glycer\u00edn<\/strong><\/p>\n<p>Jeden z prirodzen\u00fdch zvlh\u010duj\u00facich faktorov v pleti a \u00fa\u010dinn\u00fd zvlh\u010dova\u010d, ktor\u00fd podporuje fungovanie prirodzenej ko\u017enej bari\u00e9ry a zamedzuje transepiderm\u00e1lnej strate vody.<\/p>\n<p><strong>Olivov\u00fd olej\u00a0<\/strong><\/p>\n<p>\u013eahko rozp\u00fa\u0161\u0165a ne\u010distoty, ktor\u00e9 sa na pleti nahromadia po\u010das d\u0148a, spolo\u010dne s make-upom. Navy\u0161e vy\u017eivuje vrchn\u00e9 vrstvy poko\u017eky a v pleti obnovuje obsah esenci\u00e1lnych olejov.<\/p>\n<h3><b>AKO POU\u017d\u00cdVA\u0164<\/b><\/h3>\n<p>R\u00e1no a ve\u010der vymas\u00edrujte dve a\u017e tri pumpi\u010dky Medik8 Micellar Mousse na navlh\u010den\u00fa ple\u0165 a d\u00f4kladne zmyte. Najlep\u0161\u00ed \u00fa\u010dinok dosiahnete, ke\u010f Medik8 Micellar Mousse pou\u017eijete a\u017e po odl\u00ed\u010den\u00ed dlho dr\u017eiaceho \u010di vode odoln\u00e9ho o\u010dn\u00e9ho make-upu.<\/p>\n<p>MICELLAR MOUSSE\u2122 pre najlep\u0161\u00ed \u00fa\u010dinok na ple\u0165 r\u00e1no kombinujte s denn\u00fdm ochrann\u00fdm anti-aging kr\u00e9mom ADVANCED DAY TOTAL PROTECT\u2122 a o\u010dn\u00fdm ochrann\u00fdm denn\u00fdm kr\u00e9mom ADVANCED DAY EYE PROTECT\u2122. Ve\u010der MICELLAR MOUSSE\u2122 dopl\u0148te no\u010dnom g\u00e9lov\u00fdm s\u00e9rom CRYSTAL RETINAL 6\u2122\u00a0s obsahom retinaldehydu a hydrata\u010dn\u00fdm no\u010dn\u00fdm kr\u00e9mom ADVANCED NIGHT RESTORE\u2122.<\/p>\n<h3><strong>OBSAH BALENIA<\/strong><\/h3>\n<p>Balenie s objemom 150 ml vydr\u017e\u00ed a\u017e 100 aplik\u00e1ci\u00ed, teda na takmer dva mesiace ka\u017edodenn\u00e9ho pou\u017e\u00edvania.<\/p>\n<p>&nbsp;<\/p>","protected":false},"excerpt":{"rendered":"<p>150ml<\/p>\n<p>\u010cistiaca a vy\u017eivuj\u00faca micel\u00e1rna pena<br \/>\nMicely olivov\u00e9ho oleja a moringy olejodarnej<\/p>","protected":false},"featured_media":526,"comment_status":"open","ping_status":"closed","template":"","meta":{"_acf_changed":false},"product_brand":[77],"product_cat":[75,26],"product_tag":[],"class_list":{"0":"post-524","1":"product","2":"type-product","3":"status-publish","4":"has-post-thumbnail","6":"product_brand-medik8","7":"product_cat-kremy-a-sera","8":"product_cat-skincare-produkty","10":"first","11":"instock","12":"taxable","13":"shipping-taxable","14":"purchasable","15":"product-type-simple"},"acf":[],"yoast_head":"<!-- This site is optimized with the Yoast SEO plugin v27.5 - https:\/\/yoast.com\/product\/yoast-seo-wordpress\/ -->\n<title>Medik 8 Micellar Mousse - Beauty pr\u00edstroje<\/title>\n<meta name=\"description\" content=\"Lipid-Balance Cleansing Oil 150\u202fml \u2013 micel\u00e1rna pena s olivov\u00fdm a moringa olejom, \u010dist\u00ed a vy\u017eivuje ple\u0165, odstra\u0148uje ne\u010distoty jemne a efekt\u00edvne.\" \/>\n<meta name=\"robots\" content=\"index, follow, max-snippet:-1, max-image-preview:large, max-video-preview:-1\" \/>\n<link rel=\"canonical\" href=\"https:\/\/www.beautypristroje.sk\/en\/product\/micellar-mousse\/\" \/>\n<meta property=\"og:locale\" content=\"en_GB\" \/>\n<meta property=\"og:type\" content=\"article\" \/>\n<meta property=\"og:title\" content=\"Medik 8 Micellar Mousse - Beauty pr\u00edstroje\" \/>\n<meta property=\"og:description\" content=\"Lipid-Balance Cleansing Oil 150\u202fml \u2013 micel\u00e1rna pena s olivov\u00fdm a moringa olejom, \u010dist\u00ed a vy\u017eivuje ple\u0165, odstra\u0148uje ne\u010distoty jemne a efekt\u00edvne.\" \/>\n<meta property=\"og:url\" content=\"https:\/\/www.beautypristroje.sk\/en\/product\/micellar-mousse\/\" \/>\n<meta property=\"og:site_name\" content=\"Beauty pr\u00edstroje\" \/>\n<meta property=\"article:modified_time\" content=\"2025-12-10T08:46:18+00:00\" \/>\n<meta property=\"og:image\" content=\"https:\/\/www.beautypristroje.sk\/wp-content\/uploads\/2025\/04\/Copy-of-Micellar-Mousse-B-1024x1024.png\" \/>\n\t<meta property=\"og:image:width\" content=\"1024\" \/>\n\t<meta property=\"og:image:height\" content=\"1024\" \/>\n\t<meta property=\"og:image:type\" content=\"image\/png\" \/>\n<meta name=\"twitter:card\" content=\"summary_large_image\" \/>\n<meta name=\"twitter:label1\" content=\"Estimated reading time\" \/>\n\t<meta name=\"twitter:data1\" content=\"4 minutes\" \/>\n<script type=\"application\/ld+json\" class=\"yoast-schema-graph\">{\"@context\":\"https:\\\/\\\/schema.org\",\"@graph\":[{\"@type\":\"WebPage\",\"@id\":\"https:\\\/\\\/www.beautypristroje.sk\\\/produkt\\\/micellar-mousse\\\/\",\"url\":\"https:\\\/\\\/www.beautypristroje.sk\\\/produkt\\\/micellar-mousse\\\/\",\"name\":\"Medik 8 Micellar Mousse - Beauty pr\u00edstroje\",\"isPartOf\":{\"@id\":\"https:\\\/\\\/www.beautypristroje.sk\\\/#website\"},\"primaryImageOfPage\":{\"@id\":\"https:\\\/\\\/www.beautypristroje.sk\\\/produkt\\\/micellar-mousse\\\/#primaryimage\"},\"image\":{\"@id\":\"https:\\\/\\\/www.beautypristroje.sk\\\/produkt\\\/micellar-mousse\\\/#primaryimage\"},\"thumbnailUrl\":\"https:\\\/\\\/www.beautypristroje.sk\\\/wp-content\\\/uploads\\\/2025\\\/04\\\/Copy-of-Micellar-Mousse-B.png\",\"datePublished\":\"2025-04-07T08:42:58+00:00\",\"dateModified\":\"2025-12-10T08:46:18+00:00\",\"description\":\"Lipid-Balance Cleansing Oil 150\u202fml \u2013 micel\u00e1rna pena s olivov\u00fdm a moringa olejom, \u010dist\u00ed a vy\u017eivuje ple\u0165, odstra\u0148uje ne\u010distoty jemne a efekt\u00edvne.\",\"breadcrumb\":{\"@id\":\"https:\\\/\\\/www.beautypristroje.sk\\\/produkt\\\/micellar-mousse\\\/#breadcrumb\"},\"inLanguage\":\"en-GB\",\"potentialAction\":[{\"@type\":\"ReadAction\",\"target\":[\"https:\\\/\\\/www.beautypristroje.sk\\\/produkt\\\/micellar-mousse\\\/\"]}]},{\"@type\":\"ImageObject\",\"inLanguage\":\"en-GB\",\"@id\":\"https:\\\/\\\/www.beautypristroje.sk\\\/produkt\\\/micellar-mousse\\\/#primaryimage\",\"url\":\"https:\\\/\\\/www.beautypristroje.sk\\\/wp-content\\\/uploads\\\/2025\\\/04\\\/Copy-of-Micellar-Mousse-B.png\",\"contentUrl\":\"https:\\\/\\\/www.beautypristroje.sk\\\/wp-content\\\/uploads\\\/2025\\\/04\\\/Copy-of-Micellar-Mousse-B.png\",\"width\":2000,\"height\":2000,\"caption\":\"Lipid-Balance Cleansing Oil 150\u202fml \u2013 \u010distiaca a vy\u017eivuj\u00faca micel\u00e1rna pena s micelami olivov\u00e9ho oleja a moringy olejodarnej pre jemn\u00e9 odstr\u00e1nenie ne\u010dist\u00f4t.\"},{\"@type\":\"BreadcrumbList\",\"@id\":\"https:\\\/\\\/www.beautypristroje.sk\\\/produkt\\\/micellar-mousse\\\/#breadcrumb\",\"itemListElement\":[{\"@type\":\"ListItem\",\"position\":1,\"name\":\"Domovsk\u00e1 str\u00e1nka\",\"item\":\"https:\\\/\\\/www.beautypristroje.sk\\\/\"},{\"@type\":\"ListItem\",\"position\":2,\"name\":\"Obchod\",\"item\":\"https:\\\/\\\/www.beautypristroje.sk\\\/obchod\\\/\"},{\"@type\":\"ListItem\",\"position\":3,\"name\":\"Medik 8 Micellar Mousse\"}]},{\"@type\":\"WebSite\",\"@id\":\"https:\\\/\\\/www.beautypristroje.sk\\\/#website\",\"url\":\"https:\\\/\\\/www.beautypristroje.sk\\\/\",\"name\":\"Beauty pr\u00edstroje\",\"description\":\"Profesion\u00e1lne kozmetick\u00e9 pr\u00edstroje pre sal\u00f3ny a kliniky\",\"potentialAction\":[{\"@type\":\"SearchAction\",\"target\":{\"@type\":\"EntryPoint\",\"urlTemplate\":\"https:\\\/\\\/www.beautypristroje.sk\\\/?s={search_term_string}\"},\"query-input\":{\"@type\":\"PropertyValueSpecification\",\"valueRequired\":true,\"valueName\":\"search_term_string\"}}],\"inLanguage\":\"en-GB\"}]}<\/script>\n<!-- \/ Yoast SEO plugin. -->","yoast_head_json":{"title":"Medik 8 Micellar Mousse - Beauty pr\u00edstroje","description":"Lipid-Balance Cleansing Oil 150\u202fml \u2013 micel\u00e1rna pena s olivov\u00fdm a moringa olejom, \u010dist\u00ed a vy\u017eivuje ple\u0165, odstra\u0148uje ne\u010distoty jemne a efekt\u00edvne.","robots":{"index":"index","follow":"follow","max-snippet":"max-snippet:-1","max-image-preview":"max-image-preview:large","max-video-preview":"max-video-preview:-1"},"canonical":"https:\/\/www.beautypristroje.sk\/en\/product\/micellar-mousse\/","og_locale":"en_GB","og_type":"article","og_title":"Medik 8 Micellar Mousse - Beauty pr\u00edstroje","og_description":"Lipid-Balance Cleansing Oil 150\u202fml \u2013 micel\u00e1rna pena s olivov\u00fdm a moringa olejom, \u010dist\u00ed a vy\u017eivuje ple\u0165, odstra\u0148uje ne\u010distoty jemne a efekt\u00edvne.","og_url":"https:\/\/www.beautypristroje.sk\/en\/product\/micellar-mousse\/","og_site_name":"Beauty pr\u00edstroje","article_modified_time":"2025-12-10T08:46:18+00:00","og_image":[{"width":1024,"height":1024,"url":"https:\/\/www.beautypristroje.sk\/wp-content\/uploads\/2025\/04\/Copy-of-Micellar-Mousse-B-1024x1024.png","type":"image\/png"}],"twitter_card":"summary_large_image","twitter_misc":{"Estimated reading time":"4 minutes"},"schema":{"@context":"https:\/\/schema.org","@graph":[{"@type":"WebPage","@id":"https:\/\/www.beautypristroje.sk\/produkt\/micellar-mousse\/","url":"https:\/\/www.beautypristroje.sk\/produkt\/micellar-mousse\/","name":"Medik 8 Micellar Mousse - Beauty pr\u00edstroje","isPartOf":{"@id":"https:\/\/www.beautypristroje.sk\/#website"},"primaryImageOfPage":{"@id":"https:\/\/www.beautypristroje.sk\/produkt\/micellar-mousse\/#primaryimage"},"image":{"@id":"https:\/\/www.beautypristroje.sk\/produkt\/micellar-mousse\/#primaryimage"},"thumbnailUrl":"https:\/\/www.beautypristroje.sk\/wp-content\/uploads\/2025\/04\/Copy-of-Micellar-Mousse-B.png","datePublished":"2025-04-07T08:42:58+00:00","dateModified":"2025-12-10T08:46:18+00:00","description":"Lipid-Balance Cleansing Oil 150\u202fml \u2013 micel\u00e1rna pena s olivov\u00fdm a moringa olejom, \u010dist\u00ed a vy\u017eivuje ple\u0165, odstra\u0148uje ne\u010distoty jemne a efekt\u00edvne.","breadcrumb":{"@id":"https:\/\/www.beautypristroje.sk\/produkt\/micellar-mousse\/#breadcrumb"},"inLanguage":"en-GB","potentialAction":[{"@type":"ReadAction","target":["https:\/\/www.beautypristroje.sk\/produkt\/micellar-mousse\/"]}]},{"@type":"ImageObject","inLanguage":"en-GB","@id":"https:\/\/www.beautypristroje.sk\/produkt\/micellar-mousse\/#primaryimage","url":"https:\/\/www.beautypristroje.sk\/wp-content\/uploads\/2025\/04\/Copy-of-Micellar-Mousse-B.png","contentUrl":"https:\/\/www.beautypristroje.sk\/wp-content\/uploads\/2025\/04\/Copy-of-Micellar-Mousse-B.png","width":2000,"height":2000,"caption":"Lipid-Balance Cleansing Oil 150\u202fml \u2013 \u010distiaca a vy\u017eivuj\u00faca micel\u00e1rna pena s micelami olivov\u00e9ho oleja a moringy olejodarnej pre jemn\u00e9 odstr\u00e1nenie ne\u010dist\u00f4t."},{"@type":"BreadcrumbList","@id":"https:\/\/www.beautypristroje.sk\/produkt\/micellar-mousse\/#breadcrumb","itemListElement":[{"@type":"ListItem","position":1,"name":"Domovsk\u00e1 str\u00e1nka","item":"https:\/\/www.beautypristroje.sk\/"},{"@type":"ListItem","position":2,"name":"Obchod","item":"https:\/\/www.beautypristroje.sk\/obchod\/"},{"@type":"ListItem","position":3,"name":"Medik 8 Micellar Mousse"}]},{"@type":"WebSite","@id":"https:\/\/www.beautypristroje.sk\/#website","url":"https:\/\/www.beautypristroje.sk\/","name":"Beauty pr\u00edstroje","description":"Profesion\u00e1lne kozmetick\u00e9 pr\u00edstroje pre sal\u00f3ny a kliniky","potentialAction":[{"@type":"SearchAction","target":{"@type":"EntryPoint","urlTemplate":"https:\/\/www.beautypristroje.sk\/?s={search_term_string}"},"query-input":{"@type":"PropertyValueSpecification","valueRequired":true,"valueName":"search_term_string"}}],"inLanguage":"en-GB"}]}},"_links":{"self":[{"href":"https:\/\/www.beautypristroje.sk\/en\/wp-json\/wp\/v2\/product\/524","targetHints":{"allow":["GET"]}}],"collection":[{"href":"https:\/\/www.beautypristroje.sk\/en\/wp-json\/wp\/v2\/product"}],"about":[{"href":"https:\/\/www.beautypristroje.sk\/en\/wp-json\/wp\/v2\/types\/product"}],"replies":[{"embeddable":true,"href":"https:\/\/www.beautypristroje.sk\/en\/wp-json\/wp\/v2\/comments?post=524"}],"wp:featuredmedia":[{"embeddable":true,"href":"https:\/\/www.beautypristroje.sk\/en\/wp-json\/wp\/v2\/media\/526"}],"wp:attachment":[{"href":"https:\/\/www.beautypristroje.sk\/en\/wp-json\/wp\/v2\/media?parent=524"}],"wp:term":[{"taxonomy":"product_brand","embeddable":true,"href":"https:\/\/www.beautypristroje.sk\/en\/wp-json\/wp\/v2\/product_brand?post=524"},{"taxonomy":"product_cat","embeddable":true,"href":"https:\/\/www.beautypristroje.sk\/en\/wp-json\/wp\/v2\/product_cat?post=524"},{"taxonomy":"product_tag","embeddable":true,"href":"https:\/\/www.beautypristroje.sk\/en\/wp-json\/wp\/v2\/product_tag?post=524"}],"curies":[{"name":"wp","href":"https:\/\/api.w.org\/{rel}","templated":true}]}}