{"id":518,"date":"2025-04-07T10:40:42","date_gmt":"2025-04-07T08:40:42","guid":{"rendered":"https:\/\/www.beautypristroje.sk\/?post_type=product&#038;p=518"},"modified":"2025-12-10T09:46:18","modified_gmt":"2025-12-10T08:46:18","slug":"surface-radiance-cleanse","status":"publish","type":"product","link":"https:\/\/www.beautypristroje.sk\/en\/product\/surface-radiance-cleanse\/","title":{"rendered":"Medik 8 Surface Radiance Cleanse"},"content":{"rendered":"<p>Objavte mladistv\u00fa a roz\u017eiaren\u00fa poko\u017eku s Medik8 SURFACE RADIANCE CLEANSE . Tento \u010distiaci pr\u00edpravok obohaten\u00fd povzbudzuj\u00facou citrusovou v\u00f4nou, obsahuj\u00faci exfolia\u010dn\u00fa zmes kyseliny mandlovej, mlie\u010dnej a salicylovej, jemne obnovuje a \u010dist\u00ed poko\u017eku tak, aby zabezpe\u010dil jej jemnos\u0165 a \u017eiarivos\u0165. G\u00e9l je obohaten\u00fd o glycer\u00edn pre v\u00fd\u017eivu a zvlh\u010denie pleti, mangostanom a malinami pre prirodzen\u00fa antioxida\u010dn\u00fa ochranu. Poko\u017eka je zanechan\u00e1 jemn\u00e1 na dotyk. Obsahov\u00e1 L- mand\u013eov\u00e1 kyselina pon\u00faka podobn\u00e9 exfolia\u010dn\u00e9 vlastnosti ako kyselina glykolov\u00e1, av\u0161ak bez z\u00e1pachu alebo podr\u00e1\u017edenia, \u010do vedie k v\u00fdborn\u00fdm v\u00fdsledkom a pr\u00edjemnej\u0161iemu pou\u017e\u00edvaniu.<\/p>\n<p>Obsahov\u00e9 AHA a BHA kyseliny \u00fa\u010dinne bojuj\u00fa proti starnutiu pleti, odstra\u0148uj\u00fa make-up a ka\u017edodenne ne\u010distoty.<\/p>\n<p>\u010cistiace produkty zna\u010dky Medik8 s\u00fa vhodn\u00e9 pre v\u0161etky typy pleti a obsahuj\u00fa jemn\u00e9 \u010distiace l\u00e1tky z\u00edskan\u00e9 z kukurice, cukru a kokosov\u00e9ho oleja; \u010distiace produkty spolo\u010dnosti Medik8 neobsahuj\u00fa SLES (ani podobn\u00e9 drsn\u00e9 s\u00edranov\u00e9 l\u00e1tky), ani parab\u00e9nov\u00e9 konzerva\u010dn\u00e9 l\u00e1tky, \u010do zabezpe\u010duje ve\u013emi jemn\u00e9 a napriek tomu v\u00fdrazn\u00e9 h\u013abkov\u00e9 \u010distenie na efekt\u00edvne odstr\u00e1nenie make-upu<\/p>\n<h3><strong>V\u00ddHODY<\/strong><\/h3>\n<ul>\n<li>odstra\u0148uje mastnotu, \u0161pinu a bakt\u00e9rie<\/li>\n<li>pripravuje poko\u017eku pre vstreb\u00e1vanie akt\u00edvnych l\u00e1tok<\/li>\n<li>podporuje hojenie vn\u00fatorn\u00fdch vrstiev ko\u017ee<\/li>\n<li>nedr\u00e1\u017ediv\u00e9 zlo\u017eenie<\/li>\n<li>h\u013abkov\u00e9 \u010distenie p\u00f3rov, bez vysu\u0161enia poko\u017eky<\/li>\n<li>odtr\u00e1nenie make-upu<\/li>\n<li>ide\u00e1lne pre mastn\u00fa a zmie\u0161an\u00fa poko\u017eku<\/li>\n<li>netestovan\u00e9 an zvierat\u00e1ch<\/li>\n<li>BEZ PARAB\u00c9NOV, BEZ MYDIEL, BEZ SULF\u00c1TOV<\/li>\n<\/ul>\n<h3><b>K\u013d\u00da\u010cOV\u00c9 ZLO\u017dKY<\/b><\/h3>\n<div>\n<h5 class=\"title\"><img decoding=\"async\" class=\"list-item-icon\" style=\"font-size: 16px;\" src=\"https:\/\/medik8.sk\/cdn\/shop\/files\/PDP_Key_Ingredients_L-Mandelic_Acid_Molecule.svg?v=1738240597&amp;width=50\" alt=\"Ingredient Icon 1\" width=\"50\" height=\"auto\" \/><\/h5>\n<\/div>\n<div class=\"copy\">\n<div class=\"ki-title\"><strong>L-Mndelov\u00e1 kyselina<\/strong><\/div>\n<div class=\"metafield-rich_text_field\">\n<p>Jemne exfolia\u010dn\u00e1 AHA s BHA \u00fa\u010dinkom, mand\u013eov\u00e1 kyselina p\u00f4sob\u00ed na povrchu poko\u017eky aj v p\u00f3roch pre hlbok\u00fa, ale jemn\u00fa exfoli\u00e1ciu. Predpona &#8222;L&#8220; ozna\u010duje zlo\u017eku, ktor\u00e1 je najbiologickej\u0161ie kompatibiln\u00e1 s va\u0161ou poko\u017ekou, \u010do zaru\u010duje optim\u00e1lne v\u00fdsledky a minim\u00e1lne podr\u00e1\u017edenie.<\/p>\n<\/div>\n<p>&nbsp;<\/p>\n<\/div>\n<p><img decoding=\"async\" class=\"list-item-icon\" src=\"https:\/\/medik8.sk\/cdn\/shop\/files\/PDP_Key_Ingredients_L-Lactic_Acid_Molecule.svg?v=1738240597&amp;width=50\" alt=\"Ingredient Icon 2\" width=\"50\" height=\"auto\" \/><\/p>\n<div class=\"copy\">\n<div class=\"ki-title\"><strong>L-Laktov\u00e1 kyselina<\/strong><\/div>\n<div class=\"metafield-rich_text_field\">\n<p>Jemn\u00e1 AHA, ktor\u00e1 \u0161etrne exfoliuje ple\u0165, zatia\u013e \u010do ju hlboko hydratuje a vy\u017eivuje.<\/p>\n<\/div>\n<p>&nbsp;<\/p>\n<\/div>\n<p><img decoding=\"async\" class=\"list-item-icon\" src=\"https:\/\/medik8.sk\/cdn\/shop\/files\/PDP_Key_Ingredients_Salicylic_Acid_Molecule.svg?v=1738240597&amp;width=50\" alt=\"Ingredient Icon 3\" width=\"50\" height=\"auto\" \/><\/p>\n<div class=\"copy\">\n<div class=\"ki-title\"><strong>Salicylov\u00e1 kyselina<\/strong><\/div>\n<p>Dezinfikuje a exfoliuje z vn\u00fatra p\u00f3rov, t\u00e1to BHA rozklad\u00e1 zablokovan\u00fd olej a ko\u017en\u00e9 bunky, ktor\u00e9 m\u00f4\u017eu prispie\u0165 k zv\u00e4\u010d\u0161en\u00fdm p\u00f3rom a nedokonalostiam pleti.<\/p>\n<p>&nbsp;<\/p>\n<\/div>\n<p><img decoding=\"async\" class=\"list-item-icon\" src=\"https:\/\/medik8.sk\/cdn\/shop\/files\/PDP_Key_Ingredients_Glycerin_Icon_fd4c1fd1-7d42-4922-8aa5-09a70c44d44b.svg?v=1738240597&amp;width=50\" alt=\"Ingredient Icon 4\" width=\"50\" height=\"auto\" \/><\/p>\n<div class=\"copy\">\n<div class=\"ki-title\"><strong>Glycerin<\/strong><\/div>\n<p>Pr\u00edrodn\u00fd humektant, ktor\u00fd zachyt\u00e1va vlhkos\u0165 v poko\u017eke, \u010d\u00edm ju hydratuje a zanech\u00e1va pocit komfortu.<\/p>\n<p>&nbsp;<\/p>\n<\/div>\n<p><img decoding=\"async\" class=\"list-item-icon\" src=\"https:\/\/medik8.sk\/cdn\/shop\/files\/PDP_Key_Ingredients_Mangosteen_Peel_Extract_Icon_8dce43c1-de5b-41de-b496-81132d591081.svg?v=1738240597&amp;width=50\" alt=\"Ingredient Icon 5\" width=\"50\" height=\"auto\" \/><\/p>\n<div class=\"copy\">\n<div class=\"ki-title\"><strong>Extrakt z k\u00f4ry mangostany<\/strong><\/div>\n<p>Bohat\u00fd na pr\u00edrodn\u00e9 antioxidanty, mangostana chr\u00e1ni poko\u017eku pred po\u0161koden\u00edm vo\u013en\u00fdmi radik\u00e1lmi, ktor\u00e9 m\u00f4\u017eu sp\u00f4sobi\u0165 pred\u010dasn\u00e9 starnutie.<\/p>\n<\/div>\n<p>&nbsp;<\/p>\n<h3><strong>AKO POU\u017d\u00cdVA\u0164<\/strong><\/h3>\n<p>Pou\u017e\u00edvajte ako s\u00fa\u010das\u0165 \u010distiacej starostlivosti o ple\u0165 Medik8.\u00a0R\u00e1no a ve\u010der aplikujte mal\u00e9 mno\u017estvo Medik8 Surface Radiance Cleanse do dlane a mas\u00edrujte do vlhkej poko\u017eky tv\u00e1re a krku. D\u00f4kladne opl\u00e1chnite tv\u00e1r vodou a jemne osu\u0161ujte poko\u017eku.<\/p>\n<h5>POZN\u00c1MKA: Pre citliv\u00fa alebo such\u00fa poko\u017eku pou\u017e\u00edvajte a\u017e raz denne alebo pod\u013ea potreby, ke\u010f je potrebn\u00e9 hlb\u0161ie \u010distenie.<\/h5>\n<h3><strong>OBSAH BALENIA<\/strong><\/h3>\n<p>Balenie 150ml vydr\u017e\u00ed pri be\u017enom po\u017e\u00edvan\u00ed a\u017e 100 aplik\u00e1ci\u00ed. Trvanlivos\u0165 po otvoren\u00ed je 30 mesiacov.<\/p>\n<h3><strong>TIP PRE TEBA<\/strong><\/h3>\n<p>Vhodn\u00fd k \u010disteniu pleti po peelingu, urychluje\u00a0 regenera\u010dn\u00e9 procesy a podporuje v\u00fdsledky o\u0161etrenia. Ide\u00e1lne pre klientov, ktor\u00ed davaj\u00fa prednos\u0165 pou\u017eivaniu \u010distiacich prostriedkov na b\u00e1ze vody. Vhodn\u00fd pre mastn\u00fd a zmie\u0161an\u00fd typ pleti, pre klientov bojujucich s akn\u00e9 na tv\u00e1ri, dekolte, chrb\u00e1te a ramen\u00e1ch.<\/p>\n<h3><strong>ZLO\u017dENIE<\/strong><\/h3>\n<p>Aqua (Water), Sodium C14-16 Olefin Sulfonate, Sodium Cocoamphoacetate, Cocamidopropyl Hydroxysultaine, Glycerin, Mandelic Acid, Salicylic Acid, Citrus Aurantium Dulcis (Orange) Peel Oil, Citric Acid, Citrus Aurantium Dulcis (Orange) Fruit Extract, Sodium Hydroxide, Rubus Idaeus (Raspberry) Fruit Extract, Yucca Schidigera Root Extract, Lactic Acid, Phenoxyethanol, Citrus Grandis (Grapefruit) Peel Oil, Maltodextrin, Disodium EDTA, Garcinia Mangostana (Mangosteen) Peel Extract, Ethylhexylglycerin, Citrus Aurantifolia (Lime) Oil, Citrus Aurantium Bergamia (Bergamot) Fruit Oil, Citrus Aurantium Amara (Bitter Orange) Peel Oil, Limonene, Linalool.<\/p>\n<div class=\"ingredient-disclaimer\">*Aj ke\u010f sa sna\u017e\u00edme zaisti\u0165 presnos\u0165 tohto zoznamu zlo\u017eiek, niekedy m\u00f4\u017ee d\u00f4js\u0165 k vylep\u0161eniam produktu alebo k miernym rozdielom medzi r\u00f4znymi regi\u00f3nmi na z\u00e1klade miestnych z\u00e1konov. Jedin\u00fd definit\u00edvny zoznam zlo\u017eiek je preto ten, ktor\u00fd je vytla\u010den\u00fd na obale produktu.<\/div>\n<p>&nbsp;<\/p>","protected":false},"excerpt":{"rendered":"<p>150ml<\/p>\n<p>AHA\/BHA \u010distiaci g\u00e9l s mangostanom<br \/>\nKyselina mand\u013eov\u00e1, salicylov\u00e1, mlie\u010dna, glycer\u00edn, extrakt z mangostanu, olej z pomaran\u010dov<\/p>","protected":false},"featured_media":519,"comment_status":"open","ping_status":"closed","template":"","meta":{"_acf_changed":false},"product_brand":[77],"product_cat":[75,26],"product_tag":[],"class_list":{"0":"post-518","1":"product","2":"type-product","3":"status-publish","4":"has-post-thumbnail","6":"product_brand-medik8","7":"product_cat-kremy-a-sera","8":"product_cat-skincare-produkty","10":"first","11":"instock","12":"taxable","13":"shipping-taxable","14":"purchasable","15":"product-type-simple"},"acf":[],"yoast_head":"<!-- This site is optimized with the Yoast SEO plugin v27.5 - https:\/\/yoast.com\/product\/yoast-seo-wordpress\/ -->\n<title>Medik 8 Surface Radiance Cleanse - Beauty pr\u00edstroje<\/title>\n<meta name=\"description\" content=\"Medik8 Surface Radiance Cleanse 150\u202fml \u2013 AHA\/BHA g\u00e9l s mangostanom a pomaran\u010dov\u00fdm olejom \u010dist\u00ed, exfoliuje a rozjas\u0148uje ple\u0165 pre svie\u017ei a hladk\u00fd vzh\u013ead.\" \/>\n<meta name=\"robots\" content=\"index, follow, max-snippet:-1, max-image-preview:large, max-video-preview:-1\" \/>\n<link rel=\"canonical\" href=\"https:\/\/www.beautypristroje.sk\/en\/product\/surface-radiance-cleanse\/\" \/>\n<meta property=\"og:locale\" content=\"en_GB\" \/>\n<meta property=\"og:type\" content=\"article\" \/>\n<meta property=\"og:title\" content=\"Medik 8 Surface Radiance Cleanse - Beauty pr\u00edstroje\" \/>\n<meta property=\"og:description\" content=\"Medik8 Surface Radiance Cleanse 150\u202fml \u2013 AHA\/BHA g\u00e9l s mangostanom a pomaran\u010dov\u00fdm olejom \u010dist\u00ed, exfoliuje a rozjas\u0148uje ple\u0165 pre svie\u017ei a hladk\u00fd vzh\u013ead.\" \/>\n<meta property=\"og:url\" content=\"https:\/\/www.beautypristroje.sk\/en\/product\/surface-radiance-cleanse\/\" \/>\n<meta property=\"og:site_name\" content=\"Beauty pr\u00edstroje\" \/>\n<meta property=\"article:modified_time\" content=\"2025-12-10T08:46:18+00:00\" \/>\n<meta property=\"og:image\" content=\"https:\/\/www.beautypristroje.sk\/wp-content\/uploads\/2025\/04\/Copy-of-Surface-Radiance-Cleanse-A.png\" \/>\n\t<meta property=\"og:image:width\" content=\"2000\" \/>\n\t<meta property=\"og:image:height\" content=\"2000\" \/>\n\t<meta property=\"og:image:type\" content=\"image\/png\" \/>\n<meta name=\"twitter:card\" content=\"summary_large_image\" \/>\n<meta name=\"twitter:label1\" content=\"Estimated reading time\" \/>\n\t<meta name=\"twitter:data1\" content=\"5 minutes\" \/>\n<script type=\"application\/ld+json\" class=\"yoast-schema-graph\">{\"@context\":\"https:\\\/\\\/schema.org\",\"@graph\":[{\"@type\":\"WebPage\",\"@id\":\"https:\\\/\\\/www.beautypristroje.sk\\\/produkt\\\/surface-radiance-cleanse\\\/\",\"url\":\"https:\\\/\\\/www.beautypristroje.sk\\\/produkt\\\/surface-radiance-cleanse\\\/\",\"name\":\"Medik 8 Surface Radiance Cleanse - Beauty pr\u00edstroje\",\"isPartOf\":{\"@id\":\"https:\\\/\\\/www.beautypristroje.sk\\\/#website\"},\"primaryImageOfPage\":{\"@id\":\"https:\\\/\\\/www.beautypristroje.sk\\\/produkt\\\/surface-radiance-cleanse\\\/#primaryimage\"},\"image\":{\"@id\":\"https:\\\/\\\/www.beautypristroje.sk\\\/produkt\\\/surface-radiance-cleanse\\\/#primaryimage\"},\"thumbnailUrl\":\"https:\\\/\\\/www.beautypristroje.sk\\\/wp-content\\\/uploads\\\/2025\\\/04\\\/Copy-of-Surface-Radiance-Cleanse-A.png\",\"datePublished\":\"2025-04-07T08:40:42+00:00\",\"dateModified\":\"2025-12-10T08:46:18+00:00\",\"description\":\"Medik8 Surface Radiance Cleanse 150\u202fml \u2013 AHA\\\/BHA g\u00e9l s mangostanom a pomaran\u010dov\u00fdm olejom \u010dist\u00ed, exfoliuje a rozjas\u0148uje ple\u0165 pre svie\u017ei a hladk\u00fd vzh\u013ead.\",\"breadcrumb\":{\"@id\":\"https:\\\/\\\/www.beautypristroje.sk\\\/produkt\\\/surface-radiance-cleanse\\\/#breadcrumb\"},\"inLanguage\":\"en-GB\",\"potentialAction\":[{\"@type\":\"ReadAction\",\"target\":[\"https:\\\/\\\/www.beautypristroje.sk\\\/produkt\\\/surface-radiance-cleanse\\\/\"]}]},{\"@type\":\"ImageObject\",\"inLanguage\":\"en-GB\",\"@id\":\"https:\\\/\\\/www.beautypristroje.sk\\\/produkt\\\/surface-radiance-cleanse\\\/#primaryimage\",\"url\":\"https:\\\/\\\/www.beautypristroje.sk\\\/wp-content\\\/uploads\\\/2025\\\/04\\\/Copy-of-Surface-Radiance-Cleanse-A.png\",\"contentUrl\":\"https:\\\/\\\/www.beautypristroje.sk\\\/wp-content\\\/uploads\\\/2025\\\/04\\\/Copy-of-Surface-Radiance-Cleanse-A.png\",\"width\":2000,\"height\":2000,\"caption\":\"Surface Radiance Cleanse 150\u202fml \u2013 AHA\\\/BHA \u010distiaci g\u00e9l s mangostanom, glycer\u00ednom a olejom z pomaran\u010dov, jemne exfoliuje a rozjas\u0148uje ple\u0165.\"},{\"@type\":\"BreadcrumbList\",\"@id\":\"https:\\\/\\\/www.beautypristroje.sk\\\/produkt\\\/surface-radiance-cleanse\\\/#breadcrumb\",\"itemListElement\":[{\"@type\":\"ListItem\",\"position\":1,\"name\":\"Domovsk\u00e1 str\u00e1nka\",\"item\":\"https:\\\/\\\/www.beautypristroje.sk\\\/\"},{\"@type\":\"ListItem\",\"position\":2,\"name\":\"Obchod\",\"item\":\"https:\\\/\\\/www.beautypristroje.sk\\\/obchod\\\/\"},{\"@type\":\"ListItem\",\"position\":3,\"name\":\"Medik 8 Surface Radiance Cleanse\"}]},{\"@type\":\"WebSite\",\"@id\":\"https:\\\/\\\/www.beautypristroje.sk\\\/#website\",\"url\":\"https:\\\/\\\/www.beautypristroje.sk\\\/\",\"name\":\"Beauty pr\u00edstroje\",\"description\":\"Profesion\u00e1lne kozmetick\u00e9 pr\u00edstroje pre sal\u00f3ny a kliniky\",\"potentialAction\":[{\"@type\":\"SearchAction\",\"target\":{\"@type\":\"EntryPoint\",\"urlTemplate\":\"https:\\\/\\\/www.beautypristroje.sk\\\/?s={search_term_string}\"},\"query-input\":{\"@type\":\"PropertyValueSpecification\",\"valueRequired\":true,\"valueName\":\"search_term_string\"}}],\"inLanguage\":\"en-GB\"}]}<\/script>\n<!-- \/ Yoast SEO plugin. -->","yoast_head_json":{"title":"Medik 8 Surface Radiance Cleanse - Beauty pr\u00edstroje","description":"Medik8 Surface Radiance Cleanse 150\u202fml \u2013 AHA\/BHA g\u00e9l s mangostanom a pomaran\u010dov\u00fdm olejom \u010dist\u00ed, exfoliuje a rozjas\u0148uje ple\u0165 pre svie\u017ei a hladk\u00fd vzh\u013ead.","robots":{"index":"index","follow":"follow","max-snippet":"max-snippet:-1","max-image-preview":"max-image-preview:large","max-video-preview":"max-video-preview:-1"},"canonical":"https:\/\/www.beautypristroje.sk\/en\/product\/surface-radiance-cleanse\/","og_locale":"en_GB","og_type":"article","og_title":"Medik 8 Surface Radiance Cleanse - Beauty pr\u00edstroje","og_description":"Medik8 Surface Radiance Cleanse 150\u202fml \u2013 AHA\/BHA g\u00e9l s mangostanom a pomaran\u010dov\u00fdm olejom \u010dist\u00ed, exfoliuje a rozjas\u0148uje ple\u0165 pre svie\u017ei a hladk\u00fd vzh\u013ead.","og_url":"https:\/\/www.beautypristroje.sk\/en\/product\/surface-radiance-cleanse\/","og_site_name":"Beauty pr\u00edstroje","article_modified_time":"2025-12-10T08:46:18+00:00","og_image":[{"width":2000,"height":2000,"url":"https:\/\/www.beautypristroje.sk\/wp-content\/uploads\/2025\/04\/Copy-of-Surface-Radiance-Cleanse-A.png","type":"image\/png"}],"twitter_card":"summary_large_image","twitter_misc":{"Estimated reading time":"5 minutes"},"schema":{"@context":"https:\/\/schema.org","@graph":[{"@type":"WebPage","@id":"https:\/\/www.beautypristroje.sk\/produkt\/surface-radiance-cleanse\/","url":"https:\/\/www.beautypristroje.sk\/produkt\/surface-radiance-cleanse\/","name":"Medik 8 Surface Radiance Cleanse - Beauty pr\u00edstroje","isPartOf":{"@id":"https:\/\/www.beautypristroje.sk\/#website"},"primaryImageOfPage":{"@id":"https:\/\/www.beautypristroje.sk\/produkt\/surface-radiance-cleanse\/#primaryimage"},"image":{"@id":"https:\/\/www.beautypristroje.sk\/produkt\/surface-radiance-cleanse\/#primaryimage"},"thumbnailUrl":"https:\/\/www.beautypristroje.sk\/wp-content\/uploads\/2025\/04\/Copy-of-Surface-Radiance-Cleanse-A.png","datePublished":"2025-04-07T08:40:42+00:00","dateModified":"2025-12-10T08:46:18+00:00","description":"Medik8 Surface Radiance Cleanse 150\u202fml \u2013 AHA\/BHA g\u00e9l s mangostanom a pomaran\u010dov\u00fdm olejom \u010dist\u00ed, exfoliuje a rozjas\u0148uje ple\u0165 pre svie\u017ei a hladk\u00fd vzh\u013ead.","breadcrumb":{"@id":"https:\/\/www.beautypristroje.sk\/produkt\/surface-radiance-cleanse\/#breadcrumb"},"inLanguage":"en-GB","potentialAction":[{"@type":"ReadAction","target":["https:\/\/www.beautypristroje.sk\/produkt\/surface-radiance-cleanse\/"]}]},{"@type":"ImageObject","inLanguage":"en-GB","@id":"https:\/\/www.beautypristroje.sk\/produkt\/surface-radiance-cleanse\/#primaryimage","url":"https:\/\/www.beautypristroje.sk\/wp-content\/uploads\/2025\/04\/Copy-of-Surface-Radiance-Cleanse-A.png","contentUrl":"https:\/\/www.beautypristroje.sk\/wp-content\/uploads\/2025\/04\/Copy-of-Surface-Radiance-Cleanse-A.png","width":2000,"height":2000,"caption":"Surface Radiance Cleanse 150\u202fml \u2013 AHA\/BHA \u010distiaci g\u00e9l s mangostanom, glycer\u00ednom a olejom z pomaran\u010dov, jemne exfoliuje a rozjas\u0148uje ple\u0165."},{"@type":"BreadcrumbList","@id":"https:\/\/www.beautypristroje.sk\/produkt\/surface-radiance-cleanse\/#breadcrumb","itemListElement":[{"@type":"ListItem","position":1,"name":"Domovsk\u00e1 str\u00e1nka","item":"https:\/\/www.beautypristroje.sk\/"},{"@type":"ListItem","position":2,"name":"Obchod","item":"https:\/\/www.beautypristroje.sk\/obchod\/"},{"@type":"ListItem","position":3,"name":"Medik 8 Surface Radiance Cleanse"}]},{"@type":"WebSite","@id":"https:\/\/www.beautypristroje.sk\/#website","url":"https:\/\/www.beautypristroje.sk\/","name":"Beauty pr\u00edstroje","description":"Profesion\u00e1lne kozmetick\u00e9 pr\u00edstroje pre sal\u00f3ny a kliniky","potentialAction":[{"@type":"SearchAction","target":{"@type":"EntryPoint","urlTemplate":"https:\/\/www.beautypristroje.sk\/?s={search_term_string}"},"query-input":{"@type":"PropertyValueSpecification","valueRequired":true,"valueName":"search_term_string"}}],"inLanguage":"en-GB"}]}},"_links":{"self":[{"href":"https:\/\/www.beautypristroje.sk\/en\/wp-json\/wp\/v2\/product\/518","targetHints":{"allow":["GET"]}}],"collection":[{"href":"https:\/\/www.beautypristroje.sk\/en\/wp-json\/wp\/v2\/product"}],"about":[{"href":"https:\/\/www.beautypristroje.sk\/en\/wp-json\/wp\/v2\/types\/product"}],"replies":[{"embeddable":true,"href":"https:\/\/www.beautypristroje.sk\/en\/wp-json\/wp\/v2\/comments?post=518"}],"wp:featuredmedia":[{"embeddable":true,"href":"https:\/\/www.beautypristroje.sk\/en\/wp-json\/wp\/v2\/media\/519"}],"wp:attachment":[{"href":"https:\/\/www.beautypristroje.sk\/en\/wp-json\/wp\/v2\/media?parent=518"}],"wp:term":[{"taxonomy":"product_brand","embeddable":true,"href":"https:\/\/www.beautypristroje.sk\/en\/wp-json\/wp\/v2\/product_brand?post=518"},{"taxonomy":"product_cat","embeddable":true,"href":"https:\/\/www.beautypristroje.sk\/en\/wp-json\/wp\/v2\/product_cat?post=518"},{"taxonomy":"product_tag","embeddable":true,"href":"https:\/\/www.beautypristroje.sk\/en\/wp-json\/wp\/v2\/product_tag?post=518"}],"curies":[{"name":"wp","href":"https:\/\/api.w.org\/{rel}","templated":true}]}}