{"id":501,"date":"2025-04-07T10:16:00","date_gmt":"2025-04-07T08:16:00","guid":{"rendered":"https:\/\/www.beautypristroje.sk\/?post_type=product&#038;p=501"},"modified":"2025-12-10T09:46:18","modified_gmt":"2025-12-10T08:46:18","slug":"daily-refresh-balancing-toner","status":"publish","type":"product","link":"https:\/\/www.beautypristroje.sk\/en\/product\/daily-refresh-balancing-toner\/","title":{"rendered":"Medik8 Daily Refresh Balancing Toner"},"content":{"rendered":"<p>Medik8 Daily Refresh Balancing Toner je hydrata\u010dn\u00e9 a \u010distiace ple\u0165ov\u00e9 tonikum, ktor\u00e9 zabezpe\u010duje osvie\u017eenie pleti. Odstra\u0148uje mastnotu, pot, zvy\u0161n\u00e9 ne\u010distoty a s\u0165ahuje p\u00f3ry. Poko\u017eka je ide\u00e1lne pripraven\u00e1 na vstrebanie akt\u00edvnych l\u00e1tok zo s\u00e9r a kr\u00e9mov, &#8211; medik8care<\/p>\n<p>Jemn\u00e9 tonikum bez obsahu alkoholu obohaten\u00e9 o komplex akt\u00edvnych zlo\u017eiek, ktor\u00e9 efekt\u00edvne \u010dist\u00ed\u00a0ple\u0165 od mastnoty, zvy\u0161n\u00fdch ne\u010dist\u00f4t. Hodnota\u00a0pH DAILY REFRESH BALANCING TONER\u2122 je vyv\u00e1\u017een\u00e1 a je vhodn\u00e1 pre v\u0161etky typy poko\u017eky. M\u00e1 upokojuj\u00faci a hydrata\u010dn\u00fd \u00fa\u010dinok a z\u00e1rove\u0148 odstra\u0148uje aj prebyto\u010dn\u00fd maz a ne\u010distoty.<\/p>\n<p>Obsiahnut\u00e9 prebiotik\u00e1 zlep\u0161uj\u00fa prirodzen\u00fa obranyschopnos\u0165 poko\u017eky a vil\u00ednov\u00fd extrakt zjem\u0148uje jej text\u00faru.<\/p>\n<p>\u010cistiace produkty zna\u010dky Medik8 s\u00fa vhodn\u00e9 pre v\u0161etky typy pleti a obsahuj\u00fa jemn\u00e9 \u010distiace l\u00e1tky z\u00edskan\u00e9 z kukurice, cukru a kokosov\u00e9ho oleja; \u010distiace produkty spolo\u010dnosti Medik8 neobsahuj\u00fa SLES (ani podobn\u00e9 drsn\u00e9 s\u00edranov\u00e9 l\u00e1tky), ani parab\u00e9nov\u00e9 konzerva\u010dn\u00e9 l\u00e1tky, \u010do zabezpe\u010duje ve\u013emi jemn\u00e9 a napriek tomu v\u00fdrazn\u00e9 h\u013abkov\u00e9 \u010distenie na efekt\u00edvne odstr\u00e1nenie make-upu.<\/p>\n<h3><strong>V\u00ddHODY<\/strong><\/h3>\n<ul>\n<li>upokojenie podr\u00e1\u017edenej pleti<\/li>\n<li>odstr\u00e1nenie mastnoty a stiahnutie p\u00f3rov<\/li>\n<li>pH produktu zodpoved\u00e1 pH poko\u017eky, \u010do umo\u017e\u0148uje lep\u0161iu absorpciu s\u00e9r,\u00a0kr\u00e9mov a ple\u0165ov\u00fdch masiek<\/li>\n<li>nevysu\u0161uje a nedr\u00e1\u017edi ple\u0165<\/li>\n<li>netestovan\u00e9 na zvierat\u00e1ch<\/li>\n<li>BEZ PARAB\u00c9NOV, BEZ PARF\u00c9MOV, BEZ ALKOHOLU , BEZ SULF\u00c1TOV<\/li>\n<\/ul>\n<h3><b>K\u013d\u00da\u010cOV\u00c9 ZLO\u017dKY<\/b><\/h3>\n<h5><img decoding=\"async\" class=\"list-item-icon\" src=\"https:\/\/medik8.sk\/cdn\/shop\/files\/PDP_Key_Ingredients_Witch_Hazel.svg?v=1738240624&amp;width=50\" alt=\"Ingredient Icon 1\" width=\"50\" height=\"auto\" \/><strong>Hamamel virg\u00ednsky<\/strong><\/h5>\n<div class=\"copy\">\n<div class=\"metafield-rich_text_field\">\n<p>Tento pr\u00edrodn\u00fd adstringent jemne \u010dist\u00ed ple\u0165, s\u0165ahuje p\u00f3ry a osvie\u017euje vzh\u013ead poko\u017eky.<\/p>\n<\/div>\n<h5><img decoding=\"async\" class=\"list-item-icon\" src=\"https:\/\/medik8.sk\/cdn\/shop\/files\/PDP_Key_Ingredients_Allantoin.svg?v=1738240624&amp;width=50\" alt=\"Ingredient Icon 2\" width=\"50\" height=\"auto\" \/><strong>Allantoin<\/strong><\/h5>\n<\/div>\n<div class=\"copy\">\n<p>Upokojuje, hydratuje a posil\u0148uje ko\u017en\u00fa bari\u00e9ru, \u010d\u00edm zanech\u00e1va ple\u0165 zdrav\u00fa a vidite\u013ene pru\u017en\u00fa.<\/p>\n<h5><img decoding=\"async\" class=\"list-item-icon\" src=\"https:\/\/medik8.sk\/cdn\/shop\/files\/PDP_Key_Ingredients_Prebiotics_1.svg?v=1738240629&amp;width=50\" alt=\"Ingredient Icon 3\" width=\"50\" height=\"auto\" \/><strong>Prebiotik\u00e1<\/strong><\/h5>\n<\/div>\n<div class=\"copy\">\n<p>Podporuj\u00fa prospe\u0161n\u00e9 bakt\u00e9rie na poko\u017eke a z\u00e1rove\u0148 vyrovn\u00e1vaj\u00fa hladinu \u0161kodliv\u00fdch bakt\u00e9ri\u00ed pre zdrav\u00fa a vyv\u00e1\u017een\u00fa ple\u0165.<\/p>\n<h5><img decoding=\"async\" class=\"list-item-icon\" src=\"https:\/\/medik8.sk\/cdn\/shop\/files\/PDP_Key_Ingredients_Niacinimide_1.svg?v=1738240623&amp;width=50\" alt=\"Ingredient Icon 4\" width=\"50\" height=\"auto\" \/><strong>Niacinamide<\/strong><\/h5>\n<\/div>\n<div class=\"copy\">\n<p>Zn\u00e1my aj ako vitam\u00edn B3, m\u00e1 protiz\u00e1palov\u00e9 vlastnosti, ktor\u00e9 upokojuj\u00fa podr\u00e1\u017edenie sp\u00f4soben\u00e9 nedokonalos\u0165ami, z\u00e1rove\u0148 hydratuje poko\u017eku a posil\u0148uje jej ochrann\u00fa bari\u00e9ru.<\/p>\n<h5><img decoding=\"async\" class=\"list-item-icon\" src=\"https:\/\/medik8.sk\/cdn\/shop\/files\/PDP_Key_Ingredients_Aloe_Vera_Icon_7629f2cc-d661-4d9f-8aa8-6800742087ea.svg?v=1738240623&amp;width=50\" alt=\"Ingredient Icon 5\" width=\"50\" height=\"auto\" \/><strong>Aloe Vera<\/strong><\/h5>\n<\/div>\n<div class=\"copy\">\n<p>Pr\u00edrodn\u00e1 protiz\u00e1palov\u00e1 zlo\u017eka, ktor\u00e1 upokojuje poko\u017eku a podporuje jej prirodzen\u00fd hojiv\u00fd proces.<\/p>\n<\/div>\n<h3><strong>AKO POU\u017d\u00cdVA\u0164<\/strong><\/h3>\n<p>Po o\u010disten\u00ed r\u00e1no a ve\u010der naneste na vatov\u00fd tamp\u00f3n naneste mal\u00e9 mno\u017estvo DAILY REFRESH BALANCING TONER\u2122, ktor\u00fd jemne naneste na vy\u010disten\u00fa o\u0161etrovan\u00fa oblas\u0165. Nezm\u00fdvajte vodou.<br \/>\nPotom naneste va\u0161e ob\u013e\u00faben\u00e9 s\u00e9rum alebo kr\u00e9m.<\/p>\n<h3><strong>OBSAH BALENIA<\/strong><\/h3>\n<p>Balenie 150 ml vydr\u017e\u00ed pri be\u017enom pou\u017e\u00edvan\u00ed 150 aplik\u00e1ci\u00ed.<\/p>\n<h3><strong>ZLO\u017dENIE<\/strong><\/h3>\n<p>Aqua (Water), Rosmarinus Officinalis (Rosemary) Floral Water, Glycerin, Niacinamide, Anthemis Nobilis (Chamomile) Flower Water, Allantoin, Inulin, Hamamelis Virginiana (Witch Hazel) Leaf Extract, Alpha-Glucan Oligosaccharide, Butylene Glycol, Phenoxyethanol, Potassium Sorbate, Citric Acid, Sodium Benzoate, Aloe Barbadensis (Aloe Vera) Leaf Juice, Beta-Glucan, Ethylhexylglycerin.<\/p>\n<p>*Aj ke\u010f sa sna\u017e\u00edme zaisti\u0165 presnos\u0165 tohto zoznamu zlo\u017eiek, niekedy m\u00f4\u017ee d\u00f4js\u0165 k vylep\u0161eniam produktu alebo k miernym rozdielom medzi r\u00f4znymi regi\u00f3nmi na z\u00e1klade miestnych z\u00e1konov. Jedin\u00fd definit\u00edvny zoznam zlo\u017eiek je preto ten, ktor\u00fd je vytla\u010den\u00fd na obale produktu.<\/p>","protected":false},"excerpt":{"rendered":"<p style=\"text-align: left;\">150ml<\/p>\n<p style=\"text-align: left;\">Hydrata\u010dn\u00e9 tonikum bez obsahu alkoholu<br \/>\nVil\u00edn, alanto\u00edn, niac\u00ednamid, aloe vera, prebiotik\u00e1, harman\u010dekov\u00e1 kvetov\u00e1 voda<\/p>","protected":false},"featured_media":503,"comment_status":"open","ping_status":"closed","template":"","meta":{"_acf_changed":false},"product_brand":[77],"product_cat":[75,26],"product_tag":[],"class_list":{"0":"post-501","1":"product","2":"type-product","3":"status-publish","4":"has-post-thumbnail","6":"product_brand-medik8","7":"product_cat-kremy-a-sera","8":"product_cat-skincare-produkty","10":"first","11":"instock","12":"taxable","13":"shipping-taxable","14":"purchasable","15":"product-type-simple"},"acf":[],"yoast_head":"<!-- This site is optimized with the Yoast SEO plugin v27.5 - https:\/\/yoast.com\/product\/yoast-seo-wordpress\/ -->\n<title>Medik8 Daily Refresh Balancing Toner - Beauty pr\u00edstroje<\/title>\n<meta name=\"description\" content=\"Medik8 Daily Refresh Balancing Toner - 150ml Hydrata\u010dn\u00e9 a \u010distiace ple\u0165ov\u00e9 tonikum bez obsahu alkoholu, ktor\u00e9 zabezpe\u010duje osvie\u017eenie pleti\" \/>\n<meta name=\"robots\" content=\"index, follow, max-snippet:-1, max-image-preview:large, max-video-preview:-1\" \/>\n<link rel=\"canonical\" href=\"https:\/\/www.beautypristroje.sk\/en\/product\/daily-refresh-balancing-toner\/\" \/>\n<meta property=\"og:locale\" content=\"en_GB\" \/>\n<meta property=\"og:type\" content=\"article\" \/>\n<meta property=\"og:title\" content=\"Medik8 Daily Refresh Balancing Toner - Beauty pr\u00edstroje\" \/>\n<meta property=\"og:description\" content=\"Medik8 Daily Refresh Balancing Toner - 150ml Hydrata\u010dn\u00e9 a \u010distiace ple\u0165ov\u00e9 tonikum bez obsahu alkoholu, ktor\u00e9 zabezpe\u010duje osvie\u017eenie pleti\" \/>\n<meta property=\"og:url\" content=\"https:\/\/www.beautypristroje.sk\/en\/product\/daily-refresh-balancing-toner\/\" \/>\n<meta property=\"og:site_name\" content=\"Beauty pr\u00edstroje\" \/>\n<meta property=\"article:modified_time\" content=\"2025-12-10T08:46:18+00:00\" \/>\n<meta property=\"og:image\" content=\"https:\/\/www.beautypristroje.sk\/wp-content\/uploads\/2025\/04\/Copy-of-Daily-Refresh-Balancing-Toner-B-1024x1024.png\" \/>\n\t<meta property=\"og:image:width\" content=\"1024\" \/>\n\t<meta property=\"og:image:height\" content=\"1024\" \/>\n\t<meta property=\"og:image:type\" content=\"image\/png\" \/>\n<meta name=\"twitter:card\" content=\"summary_large_image\" \/>\n<meta name=\"twitter:label1\" content=\"Estimated reading time\" \/>\n\t<meta name=\"twitter:data1\" content=\"4 minutes\" \/>\n<script type=\"application\/ld+json\" class=\"yoast-schema-graph\">{\"@context\":\"https:\\\/\\\/schema.org\",\"@graph\":[{\"@type\":\"WebPage\",\"@id\":\"https:\\\/\\\/www.beautypristroje.sk\\\/produkt\\\/daily-refresh-balancing-toner\\\/\",\"url\":\"https:\\\/\\\/www.beautypristroje.sk\\\/produkt\\\/daily-refresh-balancing-toner\\\/\",\"name\":\"Medik8 Daily Refresh Balancing Toner - Beauty pr\u00edstroje\",\"isPartOf\":{\"@id\":\"https:\\\/\\\/www.beautypristroje.sk\\\/#website\"},\"primaryImageOfPage\":{\"@id\":\"https:\\\/\\\/www.beautypristroje.sk\\\/produkt\\\/daily-refresh-balancing-toner\\\/#primaryimage\"},\"image\":{\"@id\":\"https:\\\/\\\/www.beautypristroje.sk\\\/produkt\\\/daily-refresh-balancing-toner\\\/#primaryimage\"},\"thumbnailUrl\":\"https:\\\/\\\/www.beautypristroje.sk\\\/wp-content\\\/uploads\\\/2025\\\/04\\\/Copy-of-Daily-Refresh-Balancing-Toner-B.png\",\"datePublished\":\"2025-04-07T08:16:00+00:00\",\"dateModified\":\"2025-12-10T08:46:18+00:00\",\"description\":\"Medik8 Daily Refresh Balancing Toner - 150ml Hydrata\u010dn\u00e9 a \u010distiace ple\u0165ov\u00e9 tonikum bez obsahu alkoholu, ktor\u00e9 zabezpe\u010duje osvie\u017eenie pleti\",\"breadcrumb\":{\"@id\":\"https:\\\/\\\/www.beautypristroje.sk\\\/produkt\\\/daily-refresh-balancing-toner\\\/#breadcrumb\"},\"inLanguage\":\"en-GB\",\"potentialAction\":[{\"@type\":\"ReadAction\",\"target\":[\"https:\\\/\\\/www.beautypristroje.sk\\\/produkt\\\/daily-refresh-balancing-toner\\\/\"]}]},{\"@type\":\"ImageObject\",\"inLanguage\":\"en-GB\",\"@id\":\"https:\\\/\\\/www.beautypristroje.sk\\\/produkt\\\/daily-refresh-balancing-toner\\\/#primaryimage\",\"url\":\"https:\\\/\\\/www.beautypristroje.sk\\\/wp-content\\\/uploads\\\/2025\\\/04\\\/Copy-of-Daily-Refresh-Balancing-Toner-B.png\",\"contentUrl\":\"https:\\\/\\\/www.beautypristroje.sk\\\/wp-content\\\/uploads\\\/2025\\\/04\\\/Copy-of-Daily-Refresh-Balancing-Toner-B.png\",\"width\":2000,\"height\":2000,\"caption\":\"Daily Refresh Balancing Toner 150\u202fml \u2013 hydrata\u010dn\u00e9 tonikum bez alkoholu s vil\u00ednom, alanto\u00ednom, niac\u00ednamidom, aloe vera a harman\u010dekovou kvetovou vodou.\"},{\"@type\":\"BreadcrumbList\",\"@id\":\"https:\\\/\\\/www.beautypristroje.sk\\\/produkt\\\/daily-refresh-balancing-toner\\\/#breadcrumb\",\"itemListElement\":[{\"@type\":\"ListItem\",\"position\":1,\"name\":\"Domovsk\u00e1 str\u00e1nka\",\"item\":\"https:\\\/\\\/www.beautypristroje.sk\\\/\"},{\"@type\":\"ListItem\",\"position\":2,\"name\":\"Obchod\",\"item\":\"https:\\\/\\\/www.beautypristroje.sk\\\/obchod\\\/\"},{\"@type\":\"ListItem\",\"position\":3,\"name\":\"Medik8 Daily Refresh Balancing Toner\"}]},{\"@type\":\"WebSite\",\"@id\":\"https:\\\/\\\/www.beautypristroje.sk\\\/#website\",\"url\":\"https:\\\/\\\/www.beautypristroje.sk\\\/\",\"name\":\"Beauty pr\u00edstroje\",\"description\":\"Profesion\u00e1lne kozmetick\u00e9 pr\u00edstroje pre sal\u00f3ny a kliniky\",\"potentialAction\":[{\"@type\":\"SearchAction\",\"target\":{\"@type\":\"EntryPoint\",\"urlTemplate\":\"https:\\\/\\\/www.beautypristroje.sk\\\/?s={search_term_string}\"},\"query-input\":{\"@type\":\"PropertyValueSpecification\",\"valueRequired\":true,\"valueName\":\"search_term_string\"}}],\"inLanguage\":\"en-GB\"}]}<\/script>\n<!-- \/ Yoast SEO plugin. -->","yoast_head_json":{"title":"Medik8 Daily Refresh Balancing Toner - Beauty pr\u00edstroje","description":"Medik8 Daily Refresh Balancing Toner - 150ml Hydrata\u010dn\u00e9 a \u010distiace ple\u0165ov\u00e9 tonikum bez obsahu alkoholu, ktor\u00e9 zabezpe\u010duje osvie\u017eenie pleti","robots":{"index":"index","follow":"follow","max-snippet":"max-snippet:-1","max-image-preview":"max-image-preview:large","max-video-preview":"max-video-preview:-1"},"canonical":"https:\/\/www.beautypristroje.sk\/en\/product\/daily-refresh-balancing-toner\/","og_locale":"en_GB","og_type":"article","og_title":"Medik8 Daily Refresh Balancing Toner - Beauty pr\u00edstroje","og_description":"Medik8 Daily Refresh Balancing Toner - 150ml Hydrata\u010dn\u00e9 a \u010distiace ple\u0165ov\u00e9 tonikum bez obsahu alkoholu, ktor\u00e9 zabezpe\u010duje osvie\u017eenie pleti","og_url":"https:\/\/www.beautypristroje.sk\/en\/product\/daily-refresh-balancing-toner\/","og_site_name":"Beauty pr\u00edstroje","article_modified_time":"2025-12-10T08:46:18+00:00","og_image":[{"width":1024,"height":1024,"url":"https:\/\/www.beautypristroje.sk\/wp-content\/uploads\/2025\/04\/Copy-of-Daily-Refresh-Balancing-Toner-B-1024x1024.png","type":"image\/png"}],"twitter_card":"summary_large_image","twitter_misc":{"Estimated reading time":"4 minutes"},"schema":{"@context":"https:\/\/schema.org","@graph":[{"@type":"WebPage","@id":"https:\/\/www.beautypristroje.sk\/produkt\/daily-refresh-balancing-toner\/","url":"https:\/\/www.beautypristroje.sk\/produkt\/daily-refresh-balancing-toner\/","name":"Medik8 Daily Refresh Balancing Toner - Beauty pr\u00edstroje","isPartOf":{"@id":"https:\/\/www.beautypristroje.sk\/#website"},"primaryImageOfPage":{"@id":"https:\/\/www.beautypristroje.sk\/produkt\/daily-refresh-balancing-toner\/#primaryimage"},"image":{"@id":"https:\/\/www.beautypristroje.sk\/produkt\/daily-refresh-balancing-toner\/#primaryimage"},"thumbnailUrl":"https:\/\/www.beautypristroje.sk\/wp-content\/uploads\/2025\/04\/Copy-of-Daily-Refresh-Balancing-Toner-B.png","datePublished":"2025-04-07T08:16:00+00:00","dateModified":"2025-12-10T08:46:18+00:00","description":"Medik8 Daily Refresh Balancing Toner - 150ml Hydrata\u010dn\u00e9 a \u010distiace ple\u0165ov\u00e9 tonikum bez obsahu alkoholu, ktor\u00e9 zabezpe\u010duje osvie\u017eenie pleti","breadcrumb":{"@id":"https:\/\/www.beautypristroje.sk\/produkt\/daily-refresh-balancing-toner\/#breadcrumb"},"inLanguage":"en-GB","potentialAction":[{"@type":"ReadAction","target":["https:\/\/www.beautypristroje.sk\/produkt\/daily-refresh-balancing-toner\/"]}]},{"@type":"ImageObject","inLanguage":"en-GB","@id":"https:\/\/www.beautypristroje.sk\/produkt\/daily-refresh-balancing-toner\/#primaryimage","url":"https:\/\/www.beautypristroje.sk\/wp-content\/uploads\/2025\/04\/Copy-of-Daily-Refresh-Balancing-Toner-B.png","contentUrl":"https:\/\/www.beautypristroje.sk\/wp-content\/uploads\/2025\/04\/Copy-of-Daily-Refresh-Balancing-Toner-B.png","width":2000,"height":2000,"caption":"Daily Refresh Balancing Toner 150\u202fml \u2013 hydrata\u010dn\u00e9 tonikum bez alkoholu s vil\u00ednom, alanto\u00ednom, niac\u00ednamidom, aloe vera a harman\u010dekovou kvetovou vodou."},{"@type":"BreadcrumbList","@id":"https:\/\/www.beautypristroje.sk\/produkt\/daily-refresh-balancing-toner\/#breadcrumb","itemListElement":[{"@type":"ListItem","position":1,"name":"Domovsk\u00e1 str\u00e1nka","item":"https:\/\/www.beautypristroje.sk\/"},{"@type":"ListItem","position":2,"name":"Obchod","item":"https:\/\/www.beautypristroje.sk\/obchod\/"},{"@type":"ListItem","position":3,"name":"Medik8 Daily Refresh Balancing Toner"}]},{"@type":"WebSite","@id":"https:\/\/www.beautypristroje.sk\/#website","url":"https:\/\/www.beautypristroje.sk\/","name":"Beauty pr\u00edstroje","description":"Profesion\u00e1lne kozmetick\u00e9 pr\u00edstroje pre sal\u00f3ny a kliniky","potentialAction":[{"@type":"SearchAction","target":{"@type":"EntryPoint","urlTemplate":"https:\/\/www.beautypristroje.sk\/?s={search_term_string}"},"query-input":{"@type":"PropertyValueSpecification","valueRequired":true,"valueName":"search_term_string"}}],"inLanguage":"en-GB"}]}},"_links":{"self":[{"href":"https:\/\/www.beautypristroje.sk\/en\/wp-json\/wp\/v2\/product\/501","targetHints":{"allow":["GET"]}}],"collection":[{"href":"https:\/\/www.beautypristroje.sk\/en\/wp-json\/wp\/v2\/product"}],"about":[{"href":"https:\/\/www.beautypristroje.sk\/en\/wp-json\/wp\/v2\/types\/product"}],"replies":[{"embeddable":true,"href":"https:\/\/www.beautypristroje.sk\/en\/wp-json\/wp\/v2\/comments?post=501"}],"wp:featuredmedia":[{"embeddable":true,"href":"https:\/\/www.beautypristroje.sk\/en\/wp-json\/wp\/v2\/media\/503"}],"wp:attachment":[{"href":"https:\/\/www.beautypristroje.sk\/en\/wp-json\/wp\/v2\/media?parent=501"}],"wp:term":[{"taxonomy":"product_brand","embeddable":true,"href":"https:\/\/www.beautypristroje.sk\/en\/wp-json\/wp\/v2\/product_brand?post=501"},{"taxonomy":"product_cat","embeddable":true,"href":"https:\/\/www.beautypristroje.sk\/en\/wp-json\/wp\/v2\/product_cat?post=501"},{"taxonomy":"product_tag","embeddable":true,"href":"https:\/\/www.beautypristroje.sk\/en\/wp-json\/wp\/v2\/product_tag?post=501"}],"curies":[{"name":"wp","href":"https:\/\/api.w.org\/{rel}","templated":true}]}}