{"id":369,"date":"2025-01-17T13:26:03","date_gmt":"2025-01-17T12:26:03","guid":{"rendered":"https:\/\/www.beautypristroje.sk\/?post_type=product&#038;p=369"},"modified":"2026-04-15T11:23:24","modified_gmt":"2026-04-15T09:23:24","slug":"luxury-facial","status":"publish","type":"product","link":"https:\/\/www.beautypristroje.sk\/en\/product\/luxury-facial\/","title":{"rendered":"Luxury Facial"},"content":{"rendered":"<p>Luxury Facial je <strong>inovat\u00edvny pr\u00edstroj<\/strong> navrhnut\u00fd pre h\u013abkov\u00fa starostlivos\u0165 o ple\u0165. Kombinuje viacero modern\u00fdch technol\u00f3gi\u00ed na \u010distenie, hydrat\u00e1ciu a regener\u00e1ciu poko\u017eky, \u010d\u00edm poskytuje komplexn\u00e9 o\u0161etrenie s profesion\u00e1lnymi v\u00fdsledkami.<\/p>\n<h3><strong>K\u013e\u00fa\u010dov\u00e9 funkcie a technol\u00f3gie pr\u00edstroja<\/strong><\/h3>\n<h6>\u00a0<strong style=\"letter-spacing: 0em;\">Vortexov\u00e1 hydrodynamick\u00e1 technol\u00f3gia:<\/strong><\/h6>\n<p>&#8211; \u00da\u010dinne exfoliuje poko\u017eku, \u010dist\u00ed p\u00f3ry a udr\u017eiava ich hydratovan\u00e9.<\/p>\n<p>&#8211; Podporuje regener\u00e1ciu kolag\u00e9nu a zlep\u0161uje stav poko\u017eky.<\/p>\n<h3><strong>Antioxidantn\u00e9 o\u0161etrenie:<\/strong><\/h3>\n<p>&#8211; Neutralizuje nadmern\u00fd kysl\u00edk v poko\u017eke.<\/p>\n<p>&#8211; Prin\u00e1\u0161a osvie\u017euj\u00faci a upokojuj\u00faci \u00fa\u010dinok.<\/p>\n<h3><strong>LED sveteln\u00e1 terapia:<\/strong><\/h3>\n<p>&#8211; Pou\u017eitie \u010dervenej a modrej LED svetelnej terapie na r\u00f4zne \u010dasti tela:<br \/>\n&#8211; \u010cerven\u00e9 svetlo na stimul\u00e1ciu kolag\u00e9nu.<br \/>\n&#8211; Modr\u00e9 svetlo na zni\u017eovanie z\u00e1palov a lie\u010denie akn\u00e9.<\/p>\n<h3><strong>H\u013abkov\u00e9 \u010distenie a exfoli\u00e1cia:<\/strong><\/h3>\n<p>&#8211; Odstra\u0148uje odumret\u00e9 bunky poko\u017eky a ne\u010distoty.<br \/>\n&#8211; Pripravuje poko\u017eku na lep\u0161ie vstreb\u00e1vanie akt\u00edvnych l\u00e1tok.<\/p>\n<h3><strong>V\u00fdhody pou\u017e\u00edvania<\/strong><\/h3>\n<p><strong style=\"letter-spacing: 0em;\">Bezbolestn\u00e9 a \u0161etrn\u00e9 o\u0161etrenie:<\/strong><span style=\"letter-spacing: 0em;\"> V\u010faka technol\u00f3gii hydrat\u00e1cie je proced\u00fara<\/span>komfortn\u00e1 a nedr\u00e1\u017edi poko\u017eku.<\/p>\n<p><strong>Univerz\u00e1lne pou\u017eitie:<\/strong> Mo\u017eno pou\u017ei\u0165 na tv\u00e1r, krk, dekolt, chrb\u00e1t, ruky a \u010fal\u0161ie<strong style=\"letter-spacing: 0em;\">\u00a0<\/strong><span style=\"letter-spacing: 0em;\">oblasti.<\/span><\/p>\n<p><strong>Jednoduch\u00e1 \u00fadr\u017eba a bezpe\u010dnos\u0165:<\/strong> Syst\u00e9m \u010distenia zaru\u010duje hygienick\u00fa <span style=\"letter-spacing: 0em;\">prev\u00e1dzku. Obsahuje ochrann\u00e9 opatrenia proti<\/span>\u00a0 \u00a0 \u00a0 prete\u010deniu vody a upchatiu syst\u00e9mu.<\/p>\n<h3><strong>\u00a0Pre koho je pr\u00edstroj vhodn\u00fd<\/strong><\/h3>\n<ul>\n<li>\u013dud\u00ed h\u013eadaj\u00facich h\u013abkov\u00fa hydrat\u00e1ciu a zlep\u0161enie text\u00fary pleti.<\/li>\n<li>Klientov, ktor\u00ed chc\u00fa redukova\u0165 jemn\u00e9 vr\u00e1sky, akn\u00e9 \u010di mastnotu pleti.<\/li>\n<li>Estetick\u00e9 sal\u00f3ny a profesion\u00e1lov zameran\u00fdch na modern\u00e9 kozmetick\u00e9 proced\u00fary.<\/li>\n<\/ul>\n<p>Pr\u00edstroj Luxury Facial pon\u00faka <strong>revolu\u010dn\u00fd pr\u00edstup<\/strong> k starostlivosti o ple\u0165, kombinuj\u00faci pokro\u010dil\u00e9 technol\u00f3gie s maxim\u00e1lnym komfortom a \u00fa\u010dinnos\u0165ou.<\/p>\n<h5 style=\"text-align: center;\"><strong>Sta\u0148te sa s\u00fa\u010das\u0165ou tejto evol\u00facie v kozmetickom priemysle a pon\u00faknite svojim klientom nekompromisn\u00fa kvalitu.<\/strong><\/h5>\n<p>&nbsp;<\/p>\n<h3><strong>S\u00falad s MDR<\/strong><\/h3>\n<p>Pr\u00edstroj nie je zdravotn\u00edcka pom\u00f4cka, je ur\u010den\u00fd pre kozmetick\u00e9 a estetick\u00e9 \u00fa\u010dely a sp\u013a\u0148a po\u017eiadavky E\u00da pre kozmetick\u00e9 estetick\u00e9 zariadenia \u2013 CE, bezpe\u010dnostn\u00e9 normy, technick\u00e9 limity.<\/p>\n<p>&nbsp;<\/p>","protected":false},"excerpt":{"rendered":"<h1>Multifunk\u010dn\u00fd pr\u00edstroj pre starostlivos\u0165 o ple\u0165 a telo<\/h1>","protected":false},"featured_media":417,"comment_status":"open","ping_status":"closed","template":"","meta":{"_acf_changed":false},"product_brand":[],"product_cat":[15,19,21],"product_tag":[],"class_list":{"0":"post-369","1":"product","2":"type-product","3":"status-publish","4":"has-post-thumbnail","6":"product_cat-beauty-technologie","7":"product_cat-tvar","8":"product_cat-skin-cleansing","10":"first","11":"instock","12":"taxable","13":"shipping-taxable","14":"purchasable","15":"product-type-simple"},"acf":[],"yoast_head":"<!-- This site is optimized with the Yoast SEO plugin v27.5 - https:\/\/yoast.com\/product\/yoast-seo-wordpress\/ -->\n<title>Luxury Facial - Beauty pr\u00edstroje<\/title>\n<meta name=\"description\" content=\"Luxury Facial poskytuje h\u013abkov\u00fa hydrat\u00e1ciu, exfoli\u00e1ciu a LED terapiu na redukciu vr\u00e1sok, lie\u010denie akn\u00e9 a zlep\u0161enie text\u00fary poko\u017eky.\" \/>\n<meta name=\"robots\" content=\"index, follow, max-snippet:-1, max-image-preview:large, max-video-preview:-1\" \/>\n<link rel=\"canonical\" href=\"https:\/\/www.beautypristroje.sk\/en\/product\/luxury-facial\/\" \/>\n<meta property=\"og:locale\" content=\"en_GB\" \/>\n<meta property=\"og:type\" content=\"article\" \/>\n<meta property=\"og:title\" content=\"Luxury Facial - Beauty pr\u00edstroje\" \/>\n<meta property=\"og:description\" content=\"Luxury Facial poskytuje h\u013abkov\u00fa hydrat\u00e1ciu, exfoli\u00e1ciu a LED terapiu na redukciu vr\u00e1sok, lie\u010denie akn\u00e9 a zlep\u0161enie text\u00fary poko\u017eky.\" \/>\n<meta property=\"og:url\" content=\"https:\/\/www.beautypristroje.sk\/en\/product\/luxury-facial\/\" \/>\n<meta property=\"og:site_name\" content=\"Beauty pr\u00edstroje\" \/>\n<meta property=\"article:modified_time\" content=\"2026-04-15T09:23:24+00:00\" \/>\n<meta property=\"og:image\" content=\"https:\/\/www.beautypristroje.sk\/wp-content\/uploads\/2025\/01\/luxury_facial.jpeg\" \/>\n\t<meta property=\"og:image:width\" content=\"1600\" \/>\n\t<meta property=\"og:image:height\" content=\"1600\" \/>\n\t<meta property=\"og:image:type\" content=\"image\/jpeg\" \/>\n<meta name=\"twitter:card\" content=\"summary_large_image\" \/>\n<meta name=\"twitter:label1\" content=\"Estimated reading time\" \/>\n\t<meta name=\"twitter:data1\" content=\"2 minutes\" \/>\n<script type=\"application\/ld+json\" class=\"yoast-schema-graph\">{\"@context\":\"https:\\\/\\\/schema.org\",\"@graph\":[{\"@type\":\"WebPage\",\"@id\":\"https:\\\/\\\/www.beautypristroje.sk\\\/produkt\\\/luxury-facial\\\/\",\"url\":\"https:\\\/\\\/www.beautypristroje.sk\\\/produkt\\\/luxury-facial\\\/\",\"name\":\"Luxury Facial - Beauty pr\u00edstroje\",\"isPartOf\":{\"@id\":\"https:\\\/\\\/www.beautypristroje.sk\\\/#website\"},\"primaryImageOfPage\":{\"@id\":\"https:\\\/\\\/www.beautypristroje.sk\\\/produkt\\\/luxury-facial\\\/#primaryimage\"},\"image\":{\"@id\":\"https:\\\/\\\/www.beautypristroje.sk\\\/produkt\\\/luxury-facial\\\/#primaryimage\"},\"thumbnailUrl\":\"https:\\\/\\\/www.beautypristroje.sk\\\/wp-content\\\/uploads\\\/2025\\\/01\\\/luxury_facial.jpeg\",\"datePublished\":\"2025-01-17T12:26:03+00:00\",\"dateModified\":\"2026-04-15T09:23:24+00:00\",\"description\":\"Luxury Facial poskytuje h\u013abkov\u00fa hydrat\u00e1ciu, exfoli\u00e1ciu a LED terapiu na redukciu vr\u00e1sok, lie\u010denie akn\u00e9 a zlep\u0161enie text\u00fary poko\u017eky.\",\"breadcrumb\":{\"@id\":\"https:\\\/\\\/www.beautypristroje.sk\\\/produkt\\\/luxury-facial\\\/#breadcrumb\"},\"inLanguage\":\"en-GB\",\"potentialAction\":[{\"@type\":\"ReadAction\",\"target\":[\"https:\\\/\\\/www.beautypristroje.sk\\\/produkt\\\/luxury-facial\\\/\"]}]},{\"@type\":\"ImageObject\",\"inLanguage\":\"en-GB\",\"@id\":\"https:\\\/\\\/www.beautypristroje.sk\\\/produkt\\\/luxury-facial\\\/#primaryimage\",\"url\":\"https:\\\/\\\/www.beautypristroje.sk\\\/wp-content\\\/uploads\\\/2025\\\/01\\\/luxury_facial.jpeg\",\"contentUrl\":\"https:\\\/\\\/www.beautypristroje.sk\\\/wp-content\\\/uploads\\\/2025\\\/01\\\/luxury_facial.jpeg\",\"width\":1600,\"height\":1600,\"caption\":\"Luxury Facial \u2013 profesion\u00e1lny pr\u00edstroj na h\u013abkov\u00fa starostlivos\u0165 o ple\u0165 s vortexovou hydrodynamikou, LED terapiou a antioxidantn\u00fdm o\u0161etren\u00edm pre exfoli\u00e1ciu, hydrat\u00e1ciu a regener\u00e1ciu poko\u017eky.\"},{\"@type\":\"BreadcrumbList\",\"@id\":\"https:\\\/\\\/www.beautypristroje.sk\\\/produkt\\\/luxury-facial\\\/#breadcrumb\",\"itemListElement\":[{\"@type\":\"ListItem\",\"position\":1,\"name\":\"Domovsk\u00e1 str\u00e1nka\",\"item\":\"https:\\\/\\\/www.beautypristroje.sk\\\/\"},{\"@type\":\"ListItem\",\"position\":2,\"name\":\"Obchod\",\"item\":\"https:\\\/\\\/www.beautypristroje.sk\\\/obchod\\\/\"},{\"@type\":\"ListItem\",\"position\":3,\"name\":\"Luxury Facial\"}]},{\"@type\":\"WebSite\",\"@id\":\"https:\\\/\\\/www.beautypristroje.sk\\\/#website\",\"url\":\"https:\\\/\\\/www.beautypristroje.sk\\\/\",\"name\":\"Beauty pr\u00edstroje\",\"description\":\"Profesion\u00e1lne kozmetick\u00e9 pr\u00edstroje pre sal\u00f3ny a kliniky\",\"potentialAction\":[{\"@type\":\"SearchAction\",\"target\":{\"@type\":\"EntryPoint\",\"urlTemplate\":\"https:\\\/\\\/www.beautypristroje.sk\\\/?s={search_term_string}\"},\"query-input\":{\"@type\":\"PropertyValueSpecification\",\"valueRequired\":true,\"valueName\":\"search_term_string\"}}],\"inLanguage\":\"en-GB\"}]}<\/script>\n<!-- \/ Yoast SEO plugin. -->","yoast_head_json":{"title":"Luxury Facial - Beauty pr\u00edstroje","description":"Luxury Facial poskytuje h\u013abkov\u00fa hydrat\u00e1ciu, exfoli\u00e1ciu a LED terapiu na redukciu vr\u00e1sok, lie\u010denie akn\u00e9 a zlep\u0161enie text\u00fary poko\u017eky.","robots":{"index":"index","follow":"follow","max-snippet":"max-snippet:-1","max-image-preview":"max-image-preview:large","max-video-preview":"max-video-preview:-1"},"canonical":"https:\/\/www.beautypristroje.sk\/en\/product\/luxury-facial\/","og_locale":"en_GB","og_type":"article","og_title":"Luxury Facial - Beauty pr\u00edstroje","og_description":"Luxury Facial poskytuje h\u013abkov\u00fa hydrat\u00e1ciu, exfoli\u00e1ciu a LED terapiu na redukciu vr\u00e1sok, lie\u010denie akn\u00e9 a zlep\u0161enie text\u00fary poko\u017eky.","og_url":"https:\/\/www.beautypristroje.sk\/en\/product\/luxury-facial\/","og_site_name":"Beauty pr\u00edstroje","article_modified_time":"2026-04-15T09:23:24+00:00","og_image":[{"width":1600,"height":1600,"url":"https:\/\/www.beautypristroje.sk\/wp-content\/uploads\/2025\/01\/luxury_facial.jpeg","type":"image\/jpeg"}],"twitter_card":"summary_large_image","twitter_misc":{"Estimated reading time":"2 minutes"},"schema":{"@context":"https:\/\/schema.org","@graph":[{"@type":"WebPage","@id":"https:\/\/www.beautypristroje.sk\/produkt\/luxury-facial\/","url":"https:\/\/www.beautypristroje.sk\/produkt\/luxury-facial\/","name":"Luxury Facial - Beauty pr\u00edstroje","isPartOf":{"@id":"https:\/\/www.beautypristroje.sk\/#website"},"primaryImageOfPage":{"@id":"https:\/\/www.beautypristroje.sk\/produkt\/luxury-facial\/#primaryimage"},"image":{"@id":"https:\/\/www.beautypristroje.sk\/produkt\/luxury-facial\/#primaryimage"},"thumbnailUrl":"https:\/\/www.beautypristroje.sk\/wp-content\/uploads\/2025\/01\/luxury_facial.jpeg","datePublished":"2025-01-17T12:26:03+00:00","dateModified":"2026-04-15T09:23:24+00:00","description":"Luxury Facial poskytuje h\u013abkov\u00fa hydrat\u00e1ciu, exfoli\u00e1ciu a LED terapiu na redukciu vr\u00e1sok, lie\u010denie akn\u00e9 a zlep\u0161enie text\u00fary poko\u017eky.","breadcrumb":{"@id":"https:\/\/www.beautypristroje.sk\/produkt\/luxury-facial\/#breadcrumb"},"inLanguage":"en-GB","potentialAction":[{"@type":"ReadAction","target":["https:\/\/www.beautypristroje.sk\/produkt\/luxury-facial\/"]}]},{"@type":"ImageObject","inLanguage":"en-GB","@id":"https:\/\/www.beautypristroje.sk\/produkt\/luxury-facial\/#primaryimage","url":"https:\/\/www.beautypristroje.sk\/wp-content\/uploads\/2025\/01\/luxury_facial.jpeg","contentUrl":"https:\/\/www.beautypristroje.sk\/wp-content\/uploads\/2025\/01\/luxury_facial.jpeg","width":1600,"height":1600,"caption":"Luxury Facial \u2013 profesion\u00e1lny pr\u00edstroj na h\u013abkov\u00fa starostlivos\u0165 o ple\u0165 s vortexovou hydrodynamikou, LED terapiou a antioxidantn\u00fdm o\u0161etren\u00edm pre exfoli\u00e1ciu, hydrat\u00e1ciu a regener\u00e1ciu poko\u017eky."},{"@type":"BreadcrumbList","@id":"https:\/\/www.beautypristroje.sk\/produkt\/luxury-facial\/#breadcrumb","itemListElement":[{"@type":"ListItem","position":1,"name":"Domovsk\u00e1 str\u00e1nka","item":"https:\/\/www.beautypristroje.sk\/"},{"@type":"ListItem","position":2,"name":"Obchod","item":"https:\/\/www.beautypristroje.sk\/obchod\/"},{"@type":"ListItem","position":3,"name":"Luxury Facial"}]},{"@type":"WebSite","@id":"https:\/\/www.beautypristroje.sk\/#website","url":"https:\/\/www.beautypristroje.sk\/","name":"Beauty pr\u00edstroje","description":"Profesion\u00e1lne kozmetick\u00e9 pr\u00edstroje pre sal\u00f3ny a kliniky","potentialAction":[{"@type":"SearchAction","target":{"@type":"EntryPoint","urlTemplate":"https:\/\/www.beautypristroje.sk\/?s={search_term_string}"},"query-input":{"@type":"PropertyValueSpecification","valueRequired":true,"valueName":"search_term_string"}}],"inLanguage":"en-GB"}]}},"_links":{"self":[{"href":"https:\/\/www.beautypristroje.sk\/en\/wp-json\/wp\/v2\/product\/369","targetHints":{"allow":["GET"]}}],"collection":[{"href":"https:\/\/www.beautypristroje.sk\/en\/wp-json\/wp\/v2\/product"}],"about":[{"href":"https:\/\/www.beautypristroje.sk\/en\/wp-json\/wp\/v2\/types\/product"}],"replies":[{"embeddable":true,"href":"https:\/\/www.beautypristroje.sk\/en\/wp-json\/wp\/v2\/comments?post=369"}],"wp:featuredmedia":[{"embeddable":true,"href":"https:\/\/www.beautypristroje.sk\/en\/wp-json\/wp\/v2\/media\/417"}],"wp:attachment":[{"href":"https:\/\/www.beautypristroje.sk\/en\/wp-json\/wp\/v2\/media?parent=369"}],"wp:term":[{"taxonomy":"product_brand","embeddable":true,"href":"https:\/\/www.beautypristroje.sk\/en\/wp-json\/wp\/v2\/product_brand?post=369"},{"taxonomy":"product_cat","embeddable":true,"href":"https:\/\/www.beautypristroje.sk\/en\/wp-json\/wp\/v2\/product_cat?post=369"},{"taxonomy":"product_tag","embeddable":true,"href":"https:\/\/www.beautypristroje.sk\/en\/wp-json\/wp\/v2\/product_tag?post=369"}],"curies":[{"name":"wp","href":"https:\/\/api.w.org\/{rel}","templated":true}]}}