{"id":359,"date":"2025-01-17T11:26:51","date_gmt":"2025-01-17T10:26:51","guid":{"rendered":"https:\/\/www.beautypristroje.sk\/?post_type=product&#038;p=359"},"modified":"2026-04-15T11:23:59","modified_gmt":"2026-04-15T09:23:59","slug":"e-max-pro-jedna-hlavica-3000w","status":"publish","type":"product","link":"https:\/\/www.beautypristroje.sk\/en\/product\/e-max-pro-jedna-hlavica-3000w\/","title":{"rendered":"E-Max Pro jedna hlavica 3000W"},"content":{"rendered":"<p>Pr\u00edstroj E-Max je prv\u00fd pr\u00edstroj na svete ktor\u00fd podporuje dve rukov\u00e4te pracuj\u00face v rovnakom \u010dase. V\u010faka siln\u00e9mu chladeniu rukov\u00e4te sa c\u00edtite aj po\u010das o\u0161etrenia komfortne pri\u010dom \u00fa\u010dinne zni\u017euje \u00fanavu obsluhy o 60 %<\/p>\n<h3><strong>E-max Jedna rukov\u00e4\u0165, tri r\u00f4zne nadstavce.<\/strong><\/h3>\n<p>15*15 mm,\u00a0 15*30 mm,\u00a0 8*8 mm mo\u017eno vo\u013ene prep\u00edna\u0165<\/p>\n<h3><strong>Nemeck\u00e9 \u0161o\u0161ovky LIMO<\/strong><\/h3>\n<ul>\n<li>Rovnomernos\u0165 \u0161kvrny sa zvy\u0161uje o 100 %.<\/li>\n<li>Hustota energie sa zvy\u0161uje o 20 %.<\/li>\n<li>\u00da\u010dinnos\u0165 sa zvy\u0161uje o 50 %.<\/li>\n<li><strong>360\u00b0 chladenie<\/strong> dosahuje &#8211; 18\u00b0 za 2 min\u00faty. Chladenie sa pri kontakte s poko\u017ekou zvy\u0161uje o 300 %.<\/li>\n<li>Pou\u017e\u00edva <strong>Nemeck\u00fd Limo sveteln\u00fd kry\u0161t\u00e1l<\/strong>, ve\u013ekos\u0165 bodu nastavite\u013en\u00e1 pomocou magnetick\u00e9ho sania<\/li>\n<\/ul>\n<p><strong>Prv\u00e9 hlavice zakon\u010den\u00e9 optick\u00fdm vlnovodom vyvinut\u00e9 Nemeckou spolo\u010dnos\u0165ou LIMO.<\/strong><\/p>\n<p>\u0160etrnos\u0165 o\u0161etrenia sa zv\u00fd\u0161ila o 100 %, zatia\u013e \u010do \u00fa\u010dinok sa zv\u00fd\u0161il o 100 %.<\/p>\n<p>Jednoduch\u00e9 o\u0161etrenie be\u017ene \u0165a\u017eko dostupn\u00fdch oblast\u00ed vr\u00e1tane u\u0161\u00ed, nosn\u00fdch dierok a glabely.<\/p>\n<p>Pre oblas\u0165 hlavy, hornej \u010dasti pier, tv\u00e1re, presnej\u0161ie a \u00fa\u010dinnej\u0161ie.<\/p>\n<p>R\u00fdchle o\u0161etrenie ve\u013ek\u00fdch pl\u00f4ch, \u0160etr\u00ed \u010das o\u0161etrenia a sedenia.<\/p>\n<p><strong>Ur\u010den\u00fd na v\u0161etky typy poko\u017eky a ch\u013apkov. Odpor\u00fa\u010dan\u00fd po\u010det o\u0161etren\u00ed 3-4.<\/strong><\/p>\n<h3><strong>Personalizovan\u00e1 platforma 4v1<\/strong><\/h3>\n<p><strong>\u00a0<\/strong>808m, 755nm, 940nm, 1064nm vlnov\u00e9 d\u013a\u017eky, od jednej vlny po 4 p\u00e1sma, \u010do chcete, to urob\u00ed.<\/p>\n<p><strong>Alex 755 nm<\/strong> Pre jemn\u00e9 a zvy\u0161kov\u00e9 vlasy.<\/p>\n<p><strong>Di\u00f3da 808 nm<\/strong> Na r\u00fdchle laserov\u00e9 odstra\u0148ovanie ch\u013apkov. \u00da\u010dinne prenik\u00e1 do h\u013abky a absorbuje cie\u013eov\u00fd chromofor<\/p>\n<p><strong>Dlh\u00fd pulzn\u00fd YAG 1064 nm<\/strong> Hlb\u0161ie prenikanie do folikulov a\u00a0vhodn\u00fd pre\u00a0tmav\u0161iu poko\u017eku.<\/p>\n<p><strong>N\u00e1\u0161 Di\u00f3dov\u00fd laser vyu\u017e\u00edva sveteln\u00fd l\u00fa\u010d najvy\u0161\u0161ej kvality vyvinut\u00fd v\u00a0Nemecku.<\/strong><\/p>\n<p><strong>\u00a0<\/strong>Prv\u00fd na svete patentovan\u00fd jednolamelov\u00fd 200w<\/p>\n<ul>\n<li>\u0160\u00edrka lie\u010debn\u00e9ho impulzu je zn\u00ed\u017een\u00e1 na 2 ms<\/li>\n<li>\u0160\u00edrka lie\u010debn\u00e9ho impulzu je 5-20- kr\u00e1t ni\u017e\u0161iaako u v\u0161etk\u00fdch di\u00f3dov\u00fdch laserov na svete<\/li>\n<li>\u00da\u010dinok sa zvy\u0161uje o 200 %<\/li>\n<li>Boles\u0165 sa zni\u017euje o 70 %<\/li>\n<\/ul>\n<p>Prv\u00e1 bezdr\u00f4tov\u00e1 technol\u00f3gia magnetick\u00e9ho prenosu iba touto \u0161pi\u010dkou.<\/p>\n<h3><strong>BEZDR\u00d4TOV\u00c9 ROZ\u0160\u00cdRENIE SYST\u00c9MU ANDROID<\/strong><\/h3>\n<p>Mas\u00edvne ukladanie \u00fadajov. Aby sme neust\u00e1le napredovali, nikdy neprest\u00e1vame tvrdo pracova\u0165 na aktualiz\u00e1cii.<\/p>\n<p>15,6-palcov\u00e1 ultra\u010dist\u00e1 obrazovka so syst\u00e9mom Android<\/p>\n<h3><strong>PRV\u00dd DI\u00d3DOV\u00dd LASER s\u00a0umelou inteligenciou NA SVETE, VYBAVEN\u00dd DETEKCIOU CH\u0139PKOV, PRE NAJLEP\u0160IE NASTAVENIE PARAMETROV<\/strong><\/h3>\n<ul>\n<li><strong>\u00a0<\/strong>EFEKT\u00cdVNEJ\u0160\u00cd<\/li>\n<li>BEZPE\u010cNEJ\u0160\u00cd<\/li>\n<li>PROFESION\u00c1LNEJ\u0160\u00cd<\/li>\n<\/ul>\n<p>Vyu\u017e\u00edva <em>VYSOKO INTEGROVAN\u00da TECHNOL\u00d3GI\u00da KOZMICK\u00ddCH LOD\u00cd <\/em>v\u010faka nej sa:<\/p>\n<ul>\n<li>Objem laserov\u00e9ho zdroja energie zn\u00ed\u017ei o 50 %<\/li>\n<li>Spotreba energie zn\u00ed\u017ei o 70 %<\/li>\n<\/ul>\n<p>Nov\u00e9 pohybliv\u00e9 rameno zabezpe\u010duje jednoduch\u00fa manipul\u00e1ciu.<\/p>\n<p>Ako prv\u00fd na svete umo\u017e\u0148uje pracova\u0165 obidvomi\u00a0 hlavicami s\u00fa\u010dasne.<\/p>\n<p>Na prednej strane je novo navrhnut\u00e1 hlavica e\u0161te pre jednoduch\u0161ie ovl\u00e1danie<\/p>\n<h3><strong>S\u00falad s MDR<\/strong><\/h3>\n<p>Pr\u00edstroj nie je zdravotn\u00edcka pom\u00f4cka, je ur\u010den\u00fd pre kozmetick\u00e9 a estetick\u00e9 \u00fa\u010dely a sp\u013a\u0148a po\u017eiadavky E\u00da pre kozmetick\u00e9 estetick\u00e9 zariadenia \u2013 CE, bezpe\u010dnostn\u00e9 normy, technick\u00e9 limity.<\/p>","protected":false},"excerpt":{"rendered":"<p><strong>\u0160pi\u010dkov\u00e1 technol\u00f3gia v oblasti odstra\u0148ovania chlpov. \u00a0PRV\u00dd DI\u00d3DOV\u00dd LASER s\u00a0umelou inteligenciou NA SVETE, VYBAVEN\u00dd DETEKCIOU CH\u0139PKOV, PRE NAJLEP\u0160IE NASTAVENIE PARAMETROV<\/strong><\/p>\n<p>&nbsp;<\/p>","protected":false},"featured_media":455,"comment_status":"open","ping_status":"closed","template":"","meta":{"_acf_changed":false},"product_brand":[],"product_cat":[15,20,19,52],"product_tag":[],"class_list":{"0":"post-359","1":"product","2":"type-product","3":"status-publish","4":"has-post-thumbnail","6":"product_cat-beauty-technologie","7":"product_cat-body-treatments","8":"product_cat-tvar","9":"product_cat-laser-light","11":"first","12":"instock","13":"taxable","14":"shipping-taxable","15":"purchasable","16":"product-type-simple"},"acf":[],"yoast_head":"<!-- This site is optimized with the Yoast SEO plugin v27.5 - https:\/\/yoast.com\/product\/yoast-seo-wordpress\/ -->\n<title>E-Max Pro jedna hlavica 3000W - Beauty pr\u00edstroje<\/title>\n<meta name=\"description\" content=\"E-Max Pro 3000W laser s 4v1 platformou a AI detekciou ch\u013apkov poskytuje r\u00fdchle, presn\u00e9 a bezpe\u010dn\u00e9 odstr\u00e1nenie ch\u013apkov pre v\u0161etky typy poko\u017eky.\" \/>\n<meta name=\"robots\" content=\"index, follow, max-snippet:-1, max-image-preview:large, max-video-preview:-1\" \/>\n<link rel=\"canonical\" href=\"https:\/\/www.beautypristroje.sk\/en\/product\/e-max-pro-jedna-hlavica-3000w\/\" \/>\n<meta property=\"og:locale\" content=\"en_GB\" \/>\n<meta property=\"og:type\" content=\"article\" \/>\n<meta property=\"og:title\" content=\"E-Max Pro jedna hlavica 3000W - Beauty pr\u00edstroje\" \/>\n<meta property=\"og:description\" content=\"E-Max Pro 3000W laser s 4v1 platformou a AI detekciou ch\u013apkov poskytuje r\u00fdchle, presn\u00e9 a bezpe\u010dn\u00e9 odstr\u00e1nenie ch\u013apkov pre v\u0161etky typy poko\u017eky.\" \/>\n<meta property=\"og:url\" content=\"https:\/\/www.beautypristroje.sk\/en\/product\/e-max-pro-jedna-hlavica-3000w\/\" \/>\n<meta property=\"og:site_name\" content=\"Beauty pr\u00edstroje\" \/>\n<meta property=\"article:modified_time\" content=\"2026-04-15T09:23:59+00:00\" \/>\n<meta property=\"og:image\" content=\"https:\/\/www.beautypristroje.sk\/wp-content\/uploads\/2025\/01\/EOS_single-handle_black.jpeg\" \/>\n\t<meta property=\"og:image:width\" content=\"1020\" \/>\n\t<meta property=\"og:image:height\" content=\"1020\" \/>\n\t<meta property=\"og:image:type\" content=\"image\/jpeg\" \/>\n<meta name=\"twitter:card\" content=\"summary_large_image\" \/>\n<meta name=\"twitter:label1\" content=\"Estimated reading time\" \/>\n\t<meta name=\"twitter:data1\" content=\"3 minutes\" \/>\n<script type=\"application\/ld+json\" class=\"yoast-schema-graph\">{\"@context\":\"https:\\\/\\\/schema.org\",\"@graph\":[{\"@type\":\"WebPage\",\"@id\":\"https:\\\/\\\/www.beautypristroje.sk\\\/produkt\\\/e-max-pro-jedna-hlavica-3000w\\\/\",\"url\":\"https:\\\/\\\/www.beautypristroje.sk\\\/produkt\\\/e-max-pro-jedna-hlavica-3000w\\\/\",\"name\":\"E-Max Pro jedna hlavica 3000W - Beauty pr\u00edstroje\",\"isPartOf\":{\"@id\":\"https:\\\/\\\/www.beautypristroje.sk\\\/#website\"},\"primaryImageOfPage\":{\"@id\":\"https:\\\/\\\/www.beautypristroje.sk\\\/produkt\\\/e-max-pro-jedna-hlavica-3000w\\\/#primaryimage\"},\"image\":{\"@id\":\"https:\\\/\\\/www.beautypristroje.sk\\\/produkt\\\/e-max-pro-jedna-hlavica-3000w\\\/#primaryimage\"},\"thumbnailUrl\":\"https:\\\/\\\/www.beautypristroje.sk\\\/wp-content\\\/uploads\\\/2025\\\/01\\\/EOS_single-handle_black.jpeg\",\"datePublished\":\"2025-01-17T10:26:51+00:00\",\"dateModified\":\"2026-04-15T09:23:59+00:00\",\"description\":\"E-Max Pro 3000W laser s 4v1 platformou a AI detekciou ch\u013apkov poskytuje r\u00fdchle, presn\u00e9 a bezpe\u010dn\u00e9 odstr\u00e1nenie ch\u013apkov pre v\u0161etky typy poko\u017eky.\",\"breadcrumb\":{\"@id\":\"https:\\\/\\\/www.beautypristroje.sk\\\/produkt\\\/e-max-pro-jedna-hlavica-3000w\\\/#breadcrumb\"},\"inLanguage\":\"en-GB\",\"potentialAction\":[{\"@type\":\"ReadAction\",\"target\":[\"https:\\\/\\\/www.beautypristroje.sk\\\/produkt\\\/e-max-pro-jedna-hlavica-3000w\\\/\"]}]},{\"@type\":\"ImageObject\",\"inLanguage\":\"en-GB\",\"@id\":\"https:\\\/\\\/www.beautypristroje.sk\\\/produkt\\\/e-max-pro-jedna-hlavica-3000w\\\/#primaryimage\",\"url\":\"https:\\\/\\\/www.beautypristroje.sk\\\/wp-content\\\/uploads\\\/2025\\\/01\\\/EOS_single-handle_black.jpeg\",\"contentUrl\":\"https:\\\/\\\/www.beautypristroje.sk\\\/wp-content\\\/uploads\\\/2025\\\/01\\\/EOS_single-handle_black.jpeg\",\"width\":1020,\"height\":1020,\"caption\":\"E-Max Pro 3000W jednorukov\u0165ov\u00fd laserov\u00fd pr\u00edstroj s 4v1 platformou, nemeck\u00fdmi \u0161o\u0161ovkami LIMO, viacer\u00fdmi vlnov\u00fdmi d\u013a\u017ekami a bezdr\u00f4tovou AI detekciou ch\u013apkov\"},{\"@type\":\"BreadcrumbList\",\"@id\":\"https:\\\/\\\/www.beautypristroje.sk\\\/produkt\\\/e-max-pro-jedna-hlavica-3000w\\\/#breadcrumb\",\"itemListElement\":[{\"@type\":\"ListItem\",\"position\":1,\"name\":\"Domovsk\u00e1 str\u00e1nka\",\"item\":\"https:\\\/\\\/www.beautypristroje.sk\\\/\"},{\"@type\":\"ListItem\",\"position\":2,\"name\":\"Obchod\",\"item\":\"https:\\\/\\\/www.beautypristroje.sk\\\/obchod\\\/\"},{\"@type\":\"ListItem\",\"position\":3,\"name\":\"E-Max Pro jedna hlavica 3000W\"}]},{\"@type\":\"WebSite\",\"@id\":\"https:\\\/\\\/www.beautypristroje.sk\\\/#website\",\"url\":\"https:\\\/\\\/www.beautypristroje.sk\\\/\",\"name\":\"Beauty pr\u00edstroje\",\"description\":\"Profesion\u00e1lne kozmetick\u00e9 pr\u00edstroje pre sal\u00f3ny a kliniky\",\"potentialAction\":[{\"@type\":\"SearchAction\",\"target\":{\"@type\":\"EntryPoint\",\"urlTemplate\":\"https:\\\/\\\/www.beautypristroje.sk\\\/?s={search_term_string}\"},\"query-input\":{\"@type\":\"PropertyValueSpecification\",\"valueRequired\":true,\"valueName\":\"search_term_string\"}}],\"inLanguage\":\"en-GB\"}]}<\/script>\n<!-- \/ Yoast SEO plugin. -->","yoast_head_json":{"title":"E-Max Pro jedna hlavica 3000W - Beauty pr\u00edstroje","description":"E-Max Pro 3000W laser s 4v1 platformou a AI detekciou ch\u013apkov poskytuje r\u00fdchle, presn\u00e9 a bezpe\u010dn\u00e9 odstr\u00e1nenie ch\u013apkov pre v\u0161etky typy poko\u017eky.","robots":{"index":"index","follow":"follow","max-snippet":"max-snippet:-1","max-image-preview":"max-image-preview:large","max-video-preview":"max-video-preview:-1"},"canonical":"https:\/\/www.beautypristroje.sk\/en\/product\/e-max-pro-jedna-hlavica-3000w\/","og_locale":"en_GB","og_type":"article","og_title":"E-Max Pro jedna hlavica 3000W - Beauty pr\u00edstroje","og_description":"E-Max Pro 3000W laser s 4v1 platformou a AI detekciou ch\u013apkov poskytuje r\u00fdchle, presn\u00e9 a bezpe\u010dn\u00e9 odstr\u00e1nenie ch\u013apkov pre v\u0161etky typy poko\u017eky.","og_url":"https:\/\/www.beautypristroje.sk\/en\/product\/e-max-pro-jedna-hlavica-3000w\/","og_site_name":"Beauty pr\u00edstroje","article_modified_time":"2026-04-15T09:23:59+00:00","og_image":[{"width":1020,"height":1020,"url":"https:\/\/www.beautypristroje.sk\/wp-content\/uploads\/2025\/01\/EOS_single-handle_black.jpeg","type":"image\/jpeg"}],"twitter_card":"summary_large_image","twitter_misc":{"Estimated reading time":"3 minutes"},"schema":{"@context":"https:\/\/schema.org","@graph":[{"@type":"WebPage","@id":"https:\/\/www.beautypristroje.sk\/produkt\/e-max-pro-jedna-hlavica-3000w\/","url":"https:\/\/www.beautypristroje.sk\/produkt\/e-max-pro-jedna-hlavica-3000w\/","name":"E-Max Pro jedna hlavica 3000W - Beauty pr\u00edstroje","isPartOf":{"@id":"https:\/\/www.beautypristroje.sk\/#website"},"primaryImageOfPage":{"@id":"https:\/\/www.beautypristroje.sk\/produkt\/e-max-pro-jedna-hlavica-3000w\/#primaryimage"},"image":{"@id":"https:\/\/www.beautypristroje.sk\/produkt\/e-max-pro-jedna-hlavica-3000w\/#primaryimage"},"thumbnailUrl":"https:\/\/www.beautypristroje.sk\/wp-content\/uploads\/2025\/01\/EOS_single-handle_black.jpeg","datePublished":"2025-01-17T10:26:51+00:00","dateModified":"2026-04-15T09:23:59+00:00","description":"E-Max Pro 3000W laser s 4v1 platformou a AI detekciou ch\u013apkov poskytuje r\u00fdchle, presn\u00e9 a bezpe\u010dn\u00e9 odstr\u00e1nenie ch\u013apkov pre v\u0161etky typy poko\u017eky.","breadcrumb":{"@id":"https:\/\/www.beautypristroje.sk\/produkt\/e-max-pro-jedna-hlavica-3000w\/#breadcrumb"},"inLanguage":"en-GB","potentialAction":[{"@type":"ReadAction","target":["https:\/\/www.beautypristroje.sk\/produkt\/e-max-pro-jedna-hlavica-3000w\/"]}]},{"@type":"ImageObject","inLanguage":"en-GB","@id":"https:\/\/www.beautypristroje.sk\/produkt\/e-max-pro-jedna-hlavica-3000w\/#primaryimage","url":"https:\/\/www.beautypristroje.sk\/wp-content\/uploads\/2025\/01\/EOS_single-handle_black.jpeg","contentUrl":"https:\/\/www.beautypristroje.sk\/wp-content\/uploads\/2025\/01\/EOS_single-handle_black.jpeg","width":1020,"height":1020,"caption":"E-Max Pro 3000W jednorukov\u0165ov\u00fd laserov\u00fd pr\u00edstroj s 4v1 platformou, nemeck\u00fdmi \u0161o\u0161ovkami LIMO, viacer\u00fdmi vlnov\u00fdmi d\u013a\u017ekami a bezdr\u00f4tovou AI detekciou ch\u013apkov"},{"@type":"BreadcrumbList","@id":"https:\/\/www.beautypristroje.sk\/produkt\/e-max-pro-jedna-hlavica-3000w\/#breadcrumb","itemListElement":[{"@type":"ListItem","position":1,"name":"Domovsk\u00e1 str\u00e1nka","item":"https:\/\/www.beautypristroje.sk\/"},{"@type":"ListItem","position":2,"name":"Obchod","item":"https:\/\/www.beautypristroje.sk\/obchod\/"},{"@type":"ListItem","position":3,"name":"E-Max Pro jedna hlavica 3000W"}]},{"@type":"WebSite","@id":"https:\/\/www.beautypristroje.sk\/#website","url":"https:\/\/www.beautypristroje.sk\/","name":"Beauty pr\u00edstroje","description":"Profesion\u00e1lne kozmetick\u00e9 pr\u00edstroje pre sal\u00f3ny a kliniky","potentialAction":[{"@type":"SearchAction","target":{"@type":"EntryPoint","urlTemplate":"https:\/\/www.beautypristroje.sk\/?s={search_term_string}"},"query-input":{"@type":"PropertyValueSpecification","valueRequired":true,"valueName":"search_term_string"}}],"inLanguage":"en-GB"}]}},"_links":{"self":[{"href":"https:\/\/www.beautypristroje.sk\/en\/wp-json\/wp\/v2\/product\/359","targetHints":{"allow":["GET"]}}],"collection":[{"href":"https:\/\/www.beautypristroje.sk\/en\/wp-json\/wp\/v2\/product"}],"about":[{"href":"https:\/\/www.beautypristroje.sk\/en\/wp-json\/wp\/v2\/types\/product"}],"replies":[{"embeddable":true,"href":"https:\/\/www.beautypristroje.sk\/en\/wp-json\/wp\/v2\/comments?post=359"}],"wp:featuredmedia":[{"embeddable":true,"href":"https:\/\/www.beautypristroje.sk\/en\/wp-json\/wp\/v2\/media\/455"}],"wp:attachment":[{"href":"https:\/\/www.beautypristroje.sk\/en\/wp-json\/wp\/v2\/media?parent=359"}],"wp:term":[{"taxonomy":"product_brand","embeddable":true,"href":"https:\/\/www.beautypristroje.sk\/en\/wp-json\/wp\/v2\/product_brand?post=359"},{"taxonomy":"product_cat","embeddable":true,"href":"https:\/\/www.beautypristroje.sk\/en\/wp-json\/wp\/v2\/product_cat?post=359"},{"taxonomy":"product_tag","embeddable":true,"href":"https:\/\/www.beautypristroje.sk\/en\/wp-json\/wp\/v2\/product_tag?post=359"}],"curies":[{"name":"wp","href":"https:\/\/api.w.org\/{rel}","templated":true}]}}