{"id":341,"date":"2025-01-17T09:39:21","date_gmt":"2025-01-17T08:39:21","guid":{"rendered":"https:\/\/www.beautypristroje.sk\/?post_type=product&#038;p=341"},"modified":"2025-12-15T10:36:34","modified_gmt":"2025-12-15T09:36:34","slug":"hdpl","status":"publish","type":"product","link":"https:\/\/www.beautypristroje.sk\/en\/product\/hdpl\/","title":{"rendered":"HDPL"},"content":{"rendered":"<p>Predstavujeme V\u00e1m spojenie technol\u00f3gie NIR a\u00a0DPL. \u00a0Novinka v\u00a0optickom omladen\u00ed pleti. Na rozdiel od tradi\u010dnej technol\u00f3gie fot\u00f3nov\u00e9ho omladenia poko\u017eky m\u00f4\u017ee technol\u00f3gia \u00fazkospektr\u00e1lneho svetla excitova\u0165 kr\u00e1tkovlnn\u00e9 vybran\u00e9 spektrum pulzn\u00e9ho svetla, ktor\u00e9 obsahuje aj melan\u00edn, kysl\u00edk a\u00a0hemoglob\u00edn. Absorp\u010dn\u00fd vrchol dok\u00e1\u017ee presne koncentrova\u0165 \u00fa\u010dinn\u00fa lie\u010debn\u00fa energiu a\u00a0r\u00fdchlo a\u00a0\u00fa\u010dinne rie\u0161i\u0165 probl\u00e9my.<\/p>\n<p>Vysoko v\u00fdkonn\u00e9 svetlo v bl\u00edzkom infra\u010dervenom spektre (900-1800nm) dopad\u00e1 na vrchn\u00fa vrstvu poko\u017eky a postupne ohrieva podko\u017en\u00e9 tkanivo, v d\u00f4sledku \u010doho sa elast\u00ednov\u00e9 vl\u00e1kna za\u010d\u00ednaj\u00fa s\u0165ahova\u0165 a nap\u00edna\u0165. Tkanivo sa sk\u00f4r zahrieva ako ni\u010d\u00ed, \u010do znamen\u00e1 minim\u00e1lne prestoje a nulov\u00e9 ved\u013eaj\u0161ie \u00fa\u010dinky. <strong>Technol\u00f3gia NIR<\/strong> nap\u00ednania poko\u017eky je menej agres\u00edvna ako \u00a0frak\u010dn\u00fd laser.<\/p>\n<h3><strong>Technol\u00f3gia DPL<\/strong><\/h3>\n<p>(Dye Pulsed Light) je pomerne pokro\u010dil\u00e1 laserov\u00e1 technol\u00f3gia pou\u017e\u00edvan\u00e1 pri ur\u010dit\u00fdch kozmetick\u00fdch o\u0161etreniach, predov\u0161etk\u00fdm na omladenie pleti a odstra\u0148ovanie ch\u013apkov. Na rozdiel od tradi\u010dn\u00fdch laserov, ktor\u00e9 sa spoliehaj\u00fa na jedin\u00fa vlnov\u00fa d\u013a\u017eku svetla.<\/p>\n<p><u>DPL kombinuje viacero vlnov\u00fdch d\u013a\u017eok<\/u>, aby sa zameral na r\u00f4zne ko\u017en\u00e9 probl\u00e9my.<\/p>\n<p><strong><em>\u00a0<\/em><\/strong><strong><em>HDPL<\/em><\/strong> (Hair Dye Pulsed Light): 640nm-850nm je pre r\u00fdchle odstr\u00e1nenie ch\u013apkov, ve\u013emi presn\u00e9 \u00fazko p\u00e1smov\u00e9 spektrum, pre presn\u00e9 o\u0161etrenie.<\/p>\n<p><strong><em>\u00a0<\/em><\/strong><strong><em>SDPL<\/em><\/strong> (Skin Dye Pulsed Light): 530-850nm, ide\u00e1lne pre krvn\u00e9 cievy alebo melan\u00edn (pigment), selekt\u00edvne sa zameriava na r\u00f4zne vrstvy hyperpigment\u00e1cie a rie\u0161i v\u0161etky typy pigmentov\u00fdch a cievnych l\u00e9zi\u00ed.<\/p>\n<p><strong>\ud83d\udc8e<\/strong>\u0160irok\u00e9 spektrum pon\u00faka mno\u017estvo mo\u017enost\u00ed na splnenie r\u00f4znych kozmetick\u00fdch potrieb.<\/p>\n<p><strong>\ud83d\udc8e<\/strong>Nemeck\u00fd \u0161peci\u00e1lny zdroj infra\u010derven\u00e9ho svetla Heraeus, zais\u0165uj\u00faci presn\u00fd a rovnomern\u00fd sveteln\u00fd v\u00fdkon.<\/p>\n<p><strong>\ud83d\udc8e<\/strong>Ultra \u013eahk\u00e9 a ergonomick\u00e9 rukov\u00e4te s\u00fa ve\u013ek\u00fdm pr\u00ednosom pre kozmeti\u010dky aj lek\u00e1rov.<\/p>\n<h3>S\u00falad s MDR<\/h3>\n<p>Pr\u00edstroj nie je zdravotn\u00edcka pom\u00f4cka, je ur\u010den\u00fd pre kozmetick\u00e9 a estetick\u00e9 \u00fa\u010dely a sp\u013a\u0148a po\u017eiadavky E\u00da pre kozmetick\u00e9 estetick\u00e9 zariadenia \u2013 CE, bezpe\u010dnostn\u00e9 normy, technick\u00e9 limity.<\/p>","protected":false},"excerpt":{"rendered":"<p><strong>JEDINE\u010cN\u00c9 RIE\u0160ENIE V\u0160ETK\u00ddCH PROBL\u00c9MOV PLETI<\/strong><\/p>","protected":false},"featured_media":346,"comment_status":"open","ping_status":"closed","template":"","meta":{"_acf_changed":false},"product_brand":[],"product_cat":[15,19],"product_tag":[],"class_list":{"0":"post-341","1":"product","2":"type-product","3":"status-publish","4":"has-post-thumbnail","6":"product_cat-beauty-technologie","7":"product_cat-tvar","9":"first","10":"instock","11":"taxable","12":"shipping-taxable","13":"purchasable","14":"product-type-simple"},"acf":[],"yoast_head":"<!-- This site is optimized with the Yoast SEO plugin v27.5 - https:\/\/yoast.com\/product\/yoast-seo-wordpress\/ -->\n<title>HDPL - Beauty pr\u00edstroje<\/title>\n<meta name=\"description\" content=\"HDPL kombinuje NIR a DPL technol\u00f3giu pre neinvaz\u00edvne omladenie pleti, nap\u00ednanie poko\u017eky a presn\u00e9 odstr\u00e1nenie ch\u013apkov \u010di pigmentov\u00fdch probl\u00e9mov.\" \/>\n<meta name=\"robots\" content=\"index, follow, max-snippet:-1, max-image-preview:large, max-video-preview:-1\" \/>\n<link rel=\"canonical\" href=\"https:\/\/www.beautypristroje.sk\/en\/product\/hdpl\/\" \/>\n<meta property=\"og:locale\" content=\"en_GB\" \/>\n<meta property=\"og:type\" content=\"article\" \/>\n<meta property=\"og:title\" content=\"HDPL - Beauty pr\u00edstroje\" \/>\n<meta property=\"og:description\" content=\"HDPL kombinuje NIR a DPL technol\u00f3giu pre neinvaz\u00edvne omladenie pleti, nap\u00ednanie poko\u017eky a presn\u00e9 odstr\u00e1nenie ch\u013apkov \u010di pigmentov\u00fdch probl\u00e9mov.\" \/>\n<meta property=\"og:url\" content=\"https:\/\/www.beautypristroje.sk\/en\/product\/hdpl\/\" \/>\n<meta property=\"og:site_name\" content=\"Beauty pr\u00edstroje\" \/>\n<meta property=\"article:modified_time\" content=\"2025-12-15T09:36:34+00:00\" \/>\n<meta property=\"og:image\" content=\"https:\/\/www.beautypristroje.sk\/wp-content\/uploads\/2025\/01\/hdpl1-2.png\" \/>\n\t<meta property=\"og:image:width\" content=\"1132\" \/>\n\t<meta property=\"og:image:height\" content=\"1568\" \/>\n\t<meta property=\"og:image:type\" content=\"image\/png\" \/>\n<meta name=\"twitter:card\" content=\"summary_large_image\" \/>\n<meta name=\"twitter:label1\" content=\"Estimated reading time\" \/>\n\t<meta name=\"twitter:data1\" content=\"2 minutes\" \/>\n<script type=\"application\/ld+json\" class=\"yoast-schema-graph\">{\"@context\":\"https:\\\/\\\/schema.org\",\"@graph\":[{\"@type\":\"WebPage\",\"@id\":\"https:\\\/\\\/www.beautypristroje.sk\\\/produkt\\\/hdpl\\\/\",\"url\":\"https:\\\/\\\/www.beautypristroje.sk\\\/produkt\\\/hdpl\\\/\",\"name\":\"HDPL - Beauty pr\u00edstroje\",\"isPartOf\":{\"@id\":\"https:\\\/\\\/www.beautypristroje.sk\\\/#website\"},\"primaryImageOfPage\":{\"@id\":\"https:\\\/\\\/www.beautypristroje.sk\\\/produkt\\\/hdpl\\\/#primaryimage\"},\"image\":{\"@id\":\"https:\\\/\\\/www.beautypristroje.sk\\\/produkt\\\/hdpl\\\/#primaryimage\"},\"thumbnailUrl\":\"https:\\\/\\\/www.beautypristroje.sk\\\/wp-content\\\/uploads\\\/2025\\\/01\\\/hdpl1-2.png\",\"datePublished\":\"2025-01-17T08:39:21+00:00\",\"dateModified\":\"2025-12-15T09:36:34+00:00\",\"description\":\"HDPL kombinuje NIR a DPL technol\u00f3giu pre neinvaz\u00edvne omladenie pleti, nap\u00ednanie poko\u017eky a presn\u00e9 odstr\u00e1nenie ch\u013apkov \u010di pigmentov\u00fdch probl\u00e9mov.\",\"breadcrumb\":{\"@id\":\"https:\\\/\\\/www.beautypristroje.sk\\\/produkt\\\/hdpl\\\/#breadcrumb\"},\"inLanguage\":\"en-GB\",\"potentialAction\":[{\"@type\":\"ReadAction\",\"target\":[\"https:\\\/\\\/www.beautypristroje.sk\\\/produkt\\\/hdpl\\\/\"]}]},{\"@type\":\"ImageObject\",\"inLanguage\":\"en-GB\",\"@id\":\"https:\\\/\\\/www.beautypristroje.sk\\\/produkt\\\/hdpl\\\/#primaryimage\",\"url\":\"https:\\\/\\\/www.beautypristroje.sk\\\/wp-content\\\/uploads\\\/2025\\\/01\\\/hdpl1-2.png\",\"contentUrl\":\"https:\\\/\\\/www.beautypristroje.sk\\\/wp-content\\\/uploads\\\/2025\\\/01\\\/hdpl1-2.png\",\"width\":1132,\"height\":1568,\"caption\":\"HDPL pr\u00edstroj s technol\u00f3giou NIR a DPL na omladenie pleti, nap\u00ednanie poko\u017eky a presn\u00e9 odstra\u0148ovanie ch\u013apkov a pigmentov\u00fdch l\u00e9zi\u00ed\"},{\"@type\":\"BreadcrumbList\",\"@id\":\"https:\\\/\\\/www.beautypristroje.sk\\\/produkt\\\/hdpl\\\/#breadcrumb\",\"itemListElement\":[{\"@type\":\"ListItem\",\"position\":1,\"name\":\"Domovsk\u00e1 str\u00e1nka\",\"item\":\"https:\\\/\\\/www.beautypristroje.sk\\\/\"},{\"@type\":\"ListItem\",\"position\":2,\"name\":\"Obchod\",\"item\":\"https:\\\/\\\/www.beautypristroje.sk\\\/obchod\\\/\"},{\"@type\":\"ListItem\",\"position\":3,\"name\":\"HDPL\"}]},{\"@type\":\"WebSite\",\"@id\":\"https:\\\/\\\/www.beautypristroje.sk\\\/#website\",\"url\":\"https:\\\/\\\/www.beautypristroje.sk\\\/\",\"name\":\"Beauty pr\u00edstroje\",\"description\":\"Profesion\u00e1lne kozmetick\u00e9 pr\u00edstroje pre sal\u00f3ny a kliniky\",\"potentialAction\":[{\"@type\":\"SearchAction\",\"target\":{\"@type\":\"EntryPoint\",\"urlTemplate\":\"https:\\\/\\\/www.beautypristroje.sk\\\/?s={search_term_string}\"},\"query-input\":{\"@type\":\"PropertyValueSpecification\",\"valueRequired\":true,\"valueName\":\"search_term_string\"}}],\"inLanguage\":\"en-GB\"}]}<\/script>\n<!-- \/ Yoast SEO plugin. -->","yoast_head_json":{"title":"HDPL - Beauty pr\u00edstroje","description":"HDPL kombinuje NIR a DPL technol\u00f3giu pre neinvaz\u00edvne omladenie pleti, nap\u00ednanie poko\u017eky a presn\u00e9 odstr\u00e1nenie ch\u013apkov \u010di pigmentov\u00fdch probl\u00e9mov.","robots":{"index":"index","follow":"follow","max-snippet":"max-snippet:-1","max-image-preview":"max-image-preview:large","max-video-preview":"max-video-preview:-1"},"canonical":"https:\/\/www.beautypristroje.sk\/en\/product\/hdpl\/","og_locale":"en_GB","og_type":"article","og_title":"HDPL - Beauty pr\u00edstroje","og_description":"HDPL kombinuje NIR a DPL technol\u00f3giu pre neinvaz\u00edvne omladenie pleti, nap\u00ednanie poko\u017eky a presn\u00e9 odstr\u00e1nenie ch\u013apkov \u010di pigmentov\u00fdch probl\u00e9mov.","og_url":"https:\/\/www.beautypristroje.sk\/en\/product\/hdpl\/","og_site_name":"Beauty pr\u00edstroje","article_modified_time":"2025-12-15T09:36:34+00:00","og_image":[{"width":1132,"height":1568,"url":"https:\/\/www.beautypristroje.sk\/wp-content\/uploads\/2025\/01\/hdpl1-2.png","type":"image\/png"}],"twitter_card":"summary_large_image","twitter_misc":{"Estimated reading time":"2 minutes"},"schema":{"@context":"https:\/\/schema.org","@graph":[{"@type":"WebPage","@id":"https:\/\/www.beautypristroje.sk\/produkt\/hdpl\/","url":"https:\/\/www.beautypristroje.sk\/produkt\/hdpl\/","name":"HDPL - Beauty pr\u00edstroje","isPartOf":{"@id":"https:\/\/www.beautypristroje.sk\/#website"},"primaryImageOfPage":{"@id":"https:\/\/www.beautypristroje.sk\/produkt\/hdpl\/#primaryimage"},"image":{"@id":"https:\/\/www.beautypristroje.sk\/produkt\/hdpl\/#primaryimage"},"thumbnailUrl":"https:\/\/www.beautypristroje.sk\/wp-content\/uploads\/2025\/01\/hdpl1-2.png","datePublished":"2025-01-17T08:39:21+00:00","dateModified":"2025-12-15T09:36:34+00:00","description":"HDPL kombinuje NIR a DPL technol\u00f3giu pre neinvaz\u00edvne omladenie pleti, nap\u00ednanie poko\u017eky a presn\u00e9 odstr\u00e1nenie ch\u013apkov \u010di pigmentov\u00fdch probl\u00e9mov.","breadcrumb":{"@id":"https:\/\/www.beautypristroje.sk\/produkt\/hdpl\/#breadcrumb"},"inLanguage":"en-GB","potentialAction":[{"@type":"ReadAction","target":["https:\/\/www.beautypristroje.sk\/produkt\/hdpl\/"]}]},{"@type":"ImageObject","inLanguage":"en-GB","@id":"https:\/\/www.beautypristroje.sk\/produkt\/hdpl\/#primaryimage","url":"https:\/\/www.beautypristroje.sk\/wp-content\/uploads\/2025\/01\/hdpl1-2.png","contentUrl":"https:\/\/www.beautypristroje.sk\/wp-content\/uploads\/2025\/01\/hdpl1-2.png","width":1132,"height":1568,"caption":"HDPL pr\u00edstroj s technol\u00f3giou NIR a DPL na omladenie pleti, nap\u00ednanie poko\u017eky a presn\u00e9 odstra\u0148ovanie ch\u013apkov a pigmentov\u00fdch l\u00e9zi\u00ed"},{"@type":"BreadcrumbList","@id":"https:\/\/www.beautypristroje.sk\/produkt\/hdpl\/#breadcrumb","itemListElement":[{"@type":"ListItem","position":1,"name":"Domovsk\u00e1 str\u00e1nka","item":"https:\/\/www.beautypristroje.sk\/"},{"@type":"ListItem","position":2,"name":"Obchod","item":"https:\/\/www.beautypristroje.sk\/obchod\/"},{"@type":"ListItem","position":3,"name":"HDPL"}]},{"@type":"WebSite","@id":"https:\/\/www.beautypristroje.sk\/#website","url":"https:\/\/www.beautypristroje.sk\/","name":"Beauty pr\u00edstroje","description":"Profesion\u00e1lne kozmetick\u00e9 pr\u00edstroje pre sal\u00f3ny a kliniky","potentialAction":[{"@type":"SearchAction","target":{"@type":"EntryPoint","urlTemplate":"https:\/\/www.beautypristroje.sk\/?s={search_term_string}"},"query-input":{"@type":"PropertyValueSpecification","valueRequired":true,"valueName":"search_term_string"}}],"inLanguage":"en-GB"}]}},"_links":{"self":[{"href":"https:\/\/www.beautypristroje.sk\/en\/wp-json\/wp\/v2\/product\/341","targetHints":{"allow":["GET"]}}],"collection":[{"href":"https:\/\/www.beautypristroje.sk\/en\/wp-json\/wp\/v2\/product"}],"about":[{"href":"https:\/\/www.beautypristroje.sk\/en\/wp-json\/wp\/v2\/types\/product"}],"replies":[{"embeddable":true,"href":"https:\/\/www.beautypristroje.sk\/en\/wp-json\/wp\/v2\/comments?post=341"}],"wp:featuredmedia":[{"embeddable":true,"href":"https:\/\/www.beautypristroje.sk\/en\/wp-json\/wp\/v2\/media\/346"}],"wp:attachment":[{"href":"https:\/\/www.beautypristroje.sk\/en\/wp-json\/wp\/v2\/media?parent=341"}],"wp:term":[{"taxonomy":"product_brand","embeddable":true,"href":"https:\/\/www.beautypristroje.sk\/en\/wp-json\/wp\/v2\/product_brand?post=341"},{"taxonomy":"product_cat","embeddable":true,"href":"https:\/\/www.beautypristroje.sk\/en\/wp-json\/wp\/v2\/product_cat?post=341"},{"taxonomy":"product_tag","embeddable":true,"href":"https:\/\/www.beautypristroje.sk\/en\/wp-json\/wp\/v2\/product_tag?post=341"}],"curies":[{"name":"wp","href":"https:\/\/api.w.org\/{rel}","templated":true}]}}