{"id":328,"date":"2025-01-17T09:15:25","date_gmt":"2025-01-17T08:15:25","guid":{"rendered":"https:\/\/www.beautypristroje.sk\/?post_type=product&#038;p=328"},"modified":"2026-04-15T11:26:04","modified_gmt":"2026-04-15T09:26:04","slug":"luxury-eos-ice-star","status":"publish","type":"product","link":"https:\/\/www.beautypristroje.sk\/en\/product\/luxury-eos-ice-star\/","title":{"rendered":"Luxury EOS Ice Star"},"content":{"rendered":"<p>Ste pripraven\u00ed pov\u00fd\u0161i\u0165 svoj sal\u00f3n alebo barbershop na nov\u00fa \u00farove\u0148? S EosICE Star prin\u00e1\u0161ame najnov\u0161iu \u0161pi\u010dkov\u00fa technol\u00f3giu pre starostlivos\u0165 a estetiku, navrhnut\u00fa \u0161peci\u00e1lne pre mu\u017eov. Toto revolu\u010dn\u00e9 laserov\u00e9 zariadenie je vytvoren\u00e9 na prec\u00edznu, bezbolestn\u00fa a trval\u00fa \u00fapravu ochlpenia, ktor\u00e1 zah\u0155\u0148a \u0161pecifick\u00e9 oblasti, ako s\u00fa u\u0161i, nos, bokombrady a krk.<\/p>\n<p><strong>\u00a0<\/strong>V\u010faka EosICE Star pon\u00faknete svojim klientom \u00faplne nov\u00fd \u0161tandard v starostlivosti o vzh\u013ead. Tento inovat\u00edvny n\u00e1stroj zabezpe\u010duje dokonal\u00fd a presn\u00fd vzh\u013ead pri ka\u017edom pou\u017eit\u00ed, \u010do je ide\u00e1lne pre sal\u00f3n alebo barbershop, ktor\u00fd chce svojim z\u00e1kazn\u00edkom poskytn\u00fa\u0165 luxusn\u00e9 slu\u017eby.<\/p>\n<h3><strong>Pre\u010do si vybra\u0165 EosICE Star?<\/strong><strong>\u00a0<\/strong><\/h3>\n<ul>\n<li><strong>Pokro\u010dil\u00e1 laserov\u00e1 technol\u00f3gia:<\/strong> Zabezpe\u010dte trval\u00e9 odstr\u00e1nenie jemn\u00e9ho tv\u00e1rov\u00e9ho ochlpenia, vr\u00e1tane oblast\u00ed, ako s\u00fa u\u0161i, nos, bokombrady a krk, pomocou vlnovej d\u013a\u017eky 808 nm, ktor\u00e1 je zlat\u00fdm \u0161tandardom pre efekt\u00edvne v\u00fdsledky.<\/li>\n<li><strong>Dvojit\u00fd chladiaci syst\u00e9m:<\/strong> Poskytuje pohodln\u00e9 o\u0161etrenie bez podr\u00e1\u017edenia, \u010d\u00edm zabezpe\u010d\u00edte, \u017ee aj citliv\u00e9 oblasti, ako u\u0161i a krk, bud\u00fa o\u0161etren\u00e9 bez nepr\u00edjemn\u00fdch pocitov.<\/li>\n<li><strong>Personalizovan\u00e1 \u00faprava vzh\u013eadu:<\/strong> Ide\u00e1lna na prec\u00edznu \u00fapravu l\u00edni\u00ed f\u00fazov, bokombr\u00e1d, ako aj na detailn\u00e9 odstr\u00e1nenie ochlpenia na u\u0161iach a nose.<\/li>\n<li><strong>Maxim\u00e1lne pohodlie:<\/strong> Doprajte svojim z\u00e1kazn\u00edkom komfortn\u00fd z\u00e1\u017eitok, pri ktorom sa c\u00edtia sebaisto a spokojne s ich vzh\u013eadom.<\/li>\n<\/ul>\n<h3><strong>V\u00fdzva pre barberov a sal\u00f3ny<\/strong><\/h3>\n<p>Odde\u013ete sa od konkurencie t\u00fdm, \u017ee pon\u00faknete najpresnej\u0161ie a najpokro\u010dilej\u0161ie slu\u017eby \u00fapravy vzh\u013eadu, zameran\u00e9 \u0161peci\u00e1lne na mu\u017esk\u00e9 potreby. Sta\u0148te sa <strong><u>l\u00eddrom v revol\u00facii<\/u><\/strong> \u00fapravy mu\u017esk\u00e9ho vzh\u013eadu 21. storo\u010dia s <strong><u>EosICE Star<\/u><\/strong>, ktor\u00fd sa postar\u00e1 o ka\u017ed\u00fd detail \u2013 od u\u0161\u00ed, nosa, a\u017e po prec\u00edzne \u00fapravy krku a bokombr\u00e1d.<\/p>\n<h3><strong>\u010c\u00edm sa l\u00ed\u0161i EosICE Star?<\/strong><\/h3>\n<ul>\n<li>360\u00b0 Chladenie syst\u00e9mom Peltier: Chladenie dosahuje -18\u00b0C za dve min\u00faty, \u010do umo\u017e\u0148uje r\u00fdchle a pohodln\u00e9 o\u0161etrenie aj na citliv\u00fdch miestach, ako s\u00fa u\u0161i a krk.<\/li>\n<li>Navrhnut\u00e9 pre mu\u017esk\u00e9 \u00fapravy: Zariadenie je vytvoren\u00e9 na prec\u00edznu \u00fapravu t\u00fdch najn\u00e1ro\u010dnej\u0161\u00edch oblast\u00ed \u2013 u\u0161i, nos, bokombrady a krk \u2013 pre dokonal\u00fd vzh\u013ead modern\u00e9ho mu\u017ea.<\/li>\n<\/ul>\n<h3><strong>Objavte s\u00e9riu Eos Pro Max<\/strong><\/h3>\n<p>H\u013ead\u00e1te e\u0161te viac mo\u017enost\u00ed? S\u00e9ria Eos Pro Max pon\u00faka roz\u0161\u00edren\u00e9 mo\u017enosti pre sal\u00f3ny a barberov, od odstr\u00e1nenia ochlpenia a\u017e po omladenie poko\u017eky. T\u00e1to s\u00e9ria je dokonal\u00fdm doplnkom k EosICE Star, pri\u010dom zabezpe\u010duje \u0161irok\u00e9 spektrum estetick\u00fdch rie\u0161en\u00ed pre v\u00e1\u0161 podnik.<\/p>\n<p>S EosICE Star nielen\u017ee z\u00edskate prv\u00e9 zariadenie svojho druhu pre presn\u00fa \u00fapravu mu\u017esk\u00e9ho ochlpenia, ale aj poz\u00edciu l\u00eddra v profesion\u00e1lnych slu\u017eb\u00e1ch pre mu\u017eov.<\/p>\n<h3>S\u00falad s MDR<\/h3>\n<p>Pr\u00edstroj nie je zdravotn\u00edcka pom\u00f4cka, je ur\u010den\u00fd pre kozmetick\u00e9 a estetick\u00e9 \u00fa\u010dely a sp\u013a\u0148a po\u017eiadavky E\u00da pre kozmetick\u00e9 estetick\u00e9 zariadenia \u2013 CE, bezpe\u010dnostn\u00e9 normy, technick\u00e9 limity.<\/p>","protected":false},"excerpt":{"rendered":"<p><strong>Predstavujeme bud\u00facnos\u0165 \u00fapravy vzh\u013eadu<\/strong><\/p>\n<p>\ud83d\udc8e <strong>\u00a0Prelom v technol\u00f3gii \u00fapravy vzh\u013eadu pre mu\u017eov <\/strong>\ud83d\udc8e<\/p>\n<p>&nbsp;<\/p>","protected":false},"featured_media":331,"comment_status":"open","ping_status":"closed","template":"","meta":{"_acf_changed":false},"product_brand":[],"product_cat":[15,20,19,85,52],"product_tag":[],"class_list":{"0":"post-328","1":"product","2":"type-product","3":"status-publish","4":"has-post-thumbnail","6":"product_cat-beauty-technologie","7":"product_cat-body-treatments","8":"product_cat-tvar","9":"product_cat-hair-scalp","10":"product_cat-laser-light","12":"first","13":"instock","14":"taxable","15":"shipping-taxable","16":"purchasable","17":"product-type-simple"},"acf":[],"yoast_head":"<!-- This site is optimized with the Yoast SEO plugin v27.5 - https:\/\/yoast.com\/product\/yoast-seo-wordpress\/ -->\n<title>Luxury EOS Ice Star - Beauty pr\u00edstroje<\/title>\n<meta name=\"description\" content=\"EOS Ice Star pon\u00faka prec\u00edzne a bezbolestn\u00e9 laserov\u00e9 odstr\u00e1nenie ochlpenia pre mu\u017eov vr\u00e1tane u\u0161\u00ed, nosa, krku a bokombr\u00e1d, ide\u00e1lne pre sal\u00f3ny a barbershopy.\" \/>\n<meta name=\"robots\" content=\"index, follow, max-snippet:-1, max-image-preview:large, max-video-preview:-1\" \/>\n<link rel=\"canonical\" href=\"https:\/\/www.beautypristroje.sk\/en\/product\/luxury-eos-ice-star\/\" \/>\n<meta property=\"og:locale\" content=\"en_GB\" \/>\n<meta property=\"og:type\" content=\"article\" \/>\n<meta property=\"og:title\" content=\"Luxury EOS Ice Star - Beauty pr\u00edstroje\" \/>\n<meta property=\"og:description\" content=\"EOS Ice Star pon\u00faka prec\u00edzne a bezbolestn\u00e9 laserov\u00e9 odstr\u00e1nenie ochlpenia pre mu\u017eov vr\u00e1tane u\u0161\u00ed, nosa, krku a bokombr\u00e1d, ide\u00e1lne pre sal\u00f3ny a barbershopy.\" \/>\n<meta property=\"og:url\" content=\"https:\/\/www.beautypristroje.sk\/en\/product\/luxury-eos-ice-star\/\" \/>\n<meta property=\"og:site_name\" content=\"Beauty pr\u00edstroje\" \/>\n<meta property=\"article:modified_time\" content=\"2026-04-15T09:26:04+00:00\" \/>\n<meta property=\"og:image\" content=\"https:\/\/www.beautypristroje.sk\/wp-content\/uploads\/2025\/01\/EOS_Star12.jpg\" \/>\n\t<meta property=\"og:image:width\" content=\"747\" \/>\n\t<meta property=\"og:image:height\" content=\"1005\" \/>\n\t<meta property=\"og:image:type\" content=\"image\/jpeg\" \/>\n<meta name=\"twitter:card\" content=\"summary_large_image\" \/>\n<meta name=\"twitter:label1\" content=\"Estimated reading time\" \/>\n\t<meta name=\"twitter:data1\" content=\"3 minutes\" \/>\n<script type=\"application\/ld+json\" class=\"yoast-schema-graph\">{\"@context\":\"https:\\\/\\\/schema.org\",\"@graph\":[{\"@type\":\"WebPage\",\"@id\":\"https:\\\/\\\/www.beautypristroje.sk\\\/produkt\\\/luxury-eos-ice-star\\\/\",\"url\":\"https:\\\/\\\/www.beautypristroje.sk\\\/produkt\\\/luxury-eos-ice-star\\\/\",\"name\":\"Luxury EOS Ice Star - Beauty pr\u00edstroje\",\"isPartOf\":{\"@id\":\"https:\\\/\\\/www.beautypristroje.sk\\\/#website\"},\"primaryImageOfPage\":{\"@id\":\"https:\\\/\\\/www.beautypristroje.sk\\\/produkt\\\/luxury-eos-ice-star\\\/#primaryimage\"},\"image\":{\"@id\":\"https:\\\/\\\/www.beautypristroje.sk\\\/produkt\\\/luxury-eos-ice-star\\\/#primaryimage\"},\"thumbnailUrl\":\"https:\\\/\\\/www.beautypristroje.sk\\\/wp-content\\\/uploads\\\/2025\\\/01\\\/EOS_Star12.jpg\",\"datePublished\":\"2025-01-17T08:15:25+00:00\",\"dateModified\":\"2026-04-15T09:26:04+00:00\",\"description\":\"EOS Ice Star pon\u00faka prec\u00edzne a bezbolestn\u00e9 laserov\u00e9 odstr\u00e1nenie ochlpenia pre mu\u017eov vr\u00e1tane u\u0161\u00ed, nosa, krku a bokombr\u00e1d, ide\u00e1lne pre sal\u00f3ny a barbershopy.\",\"breadcrumb\":{\"@id\":\"https:\\\/\\\/www.beautypristroje.sk\\\/produkt\\\/luxury-eos-ice-star\\\/#breadcrumb\"},\"inLanguage\":\"en-GB\",\"potentialAction\":[{\"@type\":\"ReadAction\",\"target\":[\"https:\\\/\\\/www.beautypristroje.sk\\\/produkt\\\/luxury-eos-ice-star\\\/\"]}]},{\"@type\":\"ImageObject\",\"inLanguage\":\"en-GB\",\"@id\":\"https:\\\/\\\/www.beautypristroje.sk\\\/produkt\\\/luxury-eos-ice-star\\\/#primaryimage\",\"url\":\"https:\\\/\\\/www.beautypristroje.sk\\\/wp-content\\\/uploads\\\/2025\\\/01\\\/EOS_Star12.jpg\",\"contentUrl\":\"https:\\\/\\\/www.beautypristroje.sk\\\/wp-content\\\/uploads\\\/2025\\\/01\\\/EOS_Star12.jpg\",\"width\":747,\"height\":1005,\"caption\":\"Luxury EOS Ice Star laser pre presn\u00fa, bezbolestn\u00fa \u00fapravu mu\u017esk\u00e9ho ochlpenia na u\u0161iach, nose, krku a bokombrad\u00e1ch v sal\u00f3noch a barbershopoch\"},{\"@type\":\"BreadcrumbList\",\"@id\":\"https:\\\/\\\/www.beautypristroje.sk\\\/produkt\\\/luxury-eos-ice-star\\\/#breadcrumb\",\"itemListElement\":[{\"@type\":\"ListItem\",\"position\":1,\"name\":\"Domovsk\u00e1 str\u00e1nka\",\"item\":\"https:\\\/\\\/www.beautypristroje.sk\\\/\"},{\"@type\":\"ListItem\",\"position\":2,\"name\":\"Obchod\",\"item\":\"https:\\\/\\\/www.beautypristroje.sk\\\/obchod\\\/\"},{\"@type\":\"ListItem\",\"position\":3,\"name\":\"Luxury EOS Ice Star\"}]},{\"@type\":\"WebSite\",\"@id\":\"https:\\\/\\\/www.beautypristroje.sk\\\/#website\",\"url\":\"https:\\\/\\\/www.beautypristroje.sk\\\/\",\"name\":\"Beauty pr\u00edstroje\",\"description\":\"Profesion\u00e1lne kozmetick\u00e9 pr\u00edstroje pre sal\u00f3ny a kliniky\",\"potentialAction\":[{\"@type\":\"SearchAction\",\"target\":{\"@type\":\"EntryPoint\",\"urlTemplate\":\"https:\\\/\\\/www.beautypristroje.sk\\\/?s={search_term_string}\"},\"query-input\":{\"@type\":\"PropertyValueSpecification\",\"valueRequired\":true,\"valueName\":\"search_term_string\"}}],\"inLanguage\":\"en-GB\"}]}<\/script>\n<!-- \/ Yoast SEO plugin. -->","yoast_head_json":{"title":"Luxury EOS Ice Star - Beauty pr\u00edstroje","description":"EOS Ice Star pon\u00faka prec\u00edzne a bezbolestn\u00e9 laserov\u00e9 odstr\u00e1nenie ochlpenia pre mu\u017eov vr\u00e1tane u\u0161\u00ed, nosa, krku a bokombr\u00e1d, ide\u00e1lne pre sal\u00f3ny a barbershopy.","robots":{"index":"index","follow":"follow","max-snippet":"max-snippet:-1","max-image-preview":"max-image-preview:large","max-video-preview":"max-video-preview:-1"},"canonical":"https:\/\/www.beautypristroje.sk\/en\/product\/luxury-eos-ice-star\/","og_locale":"en_GB","og_type":"article","og_title":"Luxury EOS Ice Star - Beauty pr\u00edstroje","og_description":"EOS Ice Star pon\u00faka prec\u00edzne a bezbolestn\u00e9 laserov\u00e9 odstr\u00e1nenie ochlpenia pre mu\u017eov vr\u00e1tane u\u0161\u00ed, nosa, krku a bokombr\u00e1d, ide\u00e1lne pre sal\u00f3ny a barbershopy.","og_url":"https:\/\/www.beautypristroje.sk\/en\/product\/luxury-eos-ice-star\/","og_site_name":"Beauty pr\u00edstroje","article_modified_time":"2026-04-15T09:26:04+00:00","og_image":[{"width":747,"height":1005,"url":"https:\/\/www.beautypristroje.sk\/wp-content\/uploads\/2025\/01\/EOS_Star12.jpg","type":"image\/jpeg"}],"twitter_card":"summary_large_image","twitter_misc":{"Estimated reading time":"3 minutes"},"schema":{"@context":"https:\/\/schema.org","@graph":[{"@type":"WebPage","@id":"https:\/\/www.beautypristroje.sk\/produkt\/luxury-eos-ice-star\/","url":"https:\/\/www.beautypristroje.sk\/produkt\/luxury-eos-ice-star\/","name":"Luxury EOS Ice Star - Beauty pr\u00edstroje","isPartOf":{"@id":"https:\/\/www.beautypristroje.sk\/#website"},"primaryImageOfPage":{"@id":"https:\/\/www.beautypristroje.sk\/produkt\/luxury-eos-ice-star\/#primaryimage"},"image":{"@id":"https:\/\/www.beautypristroje.sk\/produkt\/luxury-eos-ice-star\/#primaryimage"},"thumbnailUrl":"https:\/\/www.beautypristroje.sk\/wp-content\/uploads\/2025\/01\/EOS_Star12.jpg","datePublished":"2025-01-17T08:15:25+00:00","dateModified":"2026-04-15T09:26:04+00:00","description":"EOS Ice Star pon\u00faka prec\u00edzne a bezbolestn\u00e9 laserov\u00e9 odstr\u00e1nenie ochlpenia pre mu\u017eov vr\u00e1tane u\u0161\u00ed, nosa, krku a bokombr\u00e1d, ide\u00e1lne pre sal\u00f3ny a barbershopy.","breadcrumb":{"@id":"https:\/\/www.beautypristroje.sk\/produkt\/luxury-eos-ice-star\/#breadcrumb"},"inLanguage":"en-GB","potentialAction":[{"@type":"ReadAction","target":["https:\/\/www.beautypristroje.sk\/produkt\/luxury-eos-ice-star\/"]}]},{"@type":"ImageObject","inLanguage":"en-GB","@id":"https:\/\/www.beautypristroje.sk\/produkt\/luxury-eos-ice-star\/#primaryimage","url":"https:\/\/www.beautypristroje.sk\/wp-content\/uploads\/2025\/01\/EOS_Star12.jpg","contentUrl":"https:\/\/www.beautypristroje.sk\/wp-content\/uploads\/2025\/01\/EOS_Star12.jpg","width":747,"height":1005,"caption":"Luxury EOS Ice Star laser pre presn\u00fa, bezbolestn\u00fa \u00fapravu mu\u017esk\u00e9ho ochlpenia na u\u0161iach, nose, krku a bokombrad\u00e1ch v sal\u00f3noch a barbershopoch"},{"@type":"BreadcrumbList","@id":"https:\/\/www.beautypristroje.sk\/produkt\/luxury-eos-ice-star\/#breadcrumb","itemListElement":[{"@type":"ListItem","position":1,"name":"Domovsk\u00e1 str\u00e1nka","item":"https:\/\/www.beautypristroje.sk\/"},{"@type":"ListItem","position":2,"name":"Obchod","item":"https:\/\/www.beautypristroje.sk\/obchod\/"},{"@type":"ListItem","position":3,"name":"Luxury EOS Ice Star"}]},{"@type":"WebSite","@id":"https:\/\/www.beautypristroje.sk\/#website","url":"https:\/\/www.beautypristroje.sk\/","name":"Beauty pr\u00edstroje","description":"Profesion\u00e1lne kozmetick\u00e9 pr\u00edstroje pre sal\u00f3ny a kliniky","potentialAction":[{"@type":"SearchAction","target":{"@type":"EntryPoint","urlTemplate":"https:\/\/www.beautypristroje.sk\/?s={search_term_string}"},"query-input":{"@type":"PropertyValueSpecification","valueRequired":true,"valueName":"search_term_string"}}],"inLanguage":"en-GB"}]}},"_links":{"self":[{"href":"https:\/\/www.beautypristroje.sk\/en\/wp-json\/wp\/v2\/product\/328","targetHints":{"allow":["GET"]}}],"collection":[{"href":"https:\/\/www.beautypristroje.sk\/en\/wp-json\/wp\/v2\/product"}],"about":[{"href":"https:\/\/www.beautypristroje.sk\/en\/wp-json\/wp\/v2\/types\/product"}],"replies":[{"embeddable":true,"href":"https:\/\/www.beautypristroje.sk\/en\/wp-json\/wp\/v2\/comments?post=328"}],"wp:featuredmedia":[{"embeddable":true,"href":"https:\/\/www.beautypristroje.sk\/en\/wp-json\/wp\/v2\/media\/331"}],"wp:attachment":[{"href":"https:\/\/www.beautypristroje.sk\/en\/wp-json\/wp\/v2\/media?parent=328"}],"wp:term":[{"taxonomy":"product_brand","embeddable":true,"href":"https:\/\/www.beautypristroje.sk\/en\/wp-json\/wp\/v2\/product_brand?post=328"},{"taxonomy":"product_cat","embeddable":true,"href":"https:\/\/www.beautypristroje.sk\/en\/wp-json\/wp\/v2\/product_cat?post=328"},{"taxonomy":"product_tag","embeddable":true,"href":"https:\/\/www.beautypristroje.sk\/en\/wp-json\/wp\/v2\/product_tag?post=328"}],"curies":[{"name":"wp","href":"https:\/\/api.w.org\/{rel}","templated":true}]}}