{"id":3140,"date":"2026-04-29T14:22:50","date_gmt":"2026-04-29T12:22:50","guid":{"rendered":"https:\/\/www.beautypristroje.sk\/?post_type=product&#038;p=3140"},"modified":"2026-04-29T14:36:59","modified_gmt":"2026-04-29T12:36:59","slug":"slenderlife-lipo-cell-reduce-sun-tanner-sacky","status":"publish","type":"product","link":"https:\/\/www.beautypristroje.sk\/en\/product\/slenderlife-lipo-cell-reduce-sun-tanner-sacky\/","title":{"rendered":"Slenderlife Lipo Cell Reduce Sun Tanner+ sacky"},"content":{"rendered":"<p>Na\u0161e z\u00e1balov\u00e9 produkty <a href=\"https:\/\/www.beautypristroje.sk\/en\/product\/slenderlife-lipo-cell-reduce-classic-sacky\/\">Slenderlife Lipo Cell Reduce Classic<\/a> a <a href=\"https:\/\/www.beautypristroje.sk\/en\/product\/slenderlife-lipo-cell-reduce-sun-tanner-sacky\/\">Lipo Cell Reduce Sun Tanner<\/a> s\u00fa \u0161peci\u00e1lne navrhnut\u00e9 na intenz\u00edvne o\u0161etrenie poko\u017eky a podporu kr\u00e1snej postavy. Pon\u00fakaj\u00fa kombin\u00e1ciu kozmetick\u00fdch a terapeutick\u00fdch \u00fa\u010dinkov, ktor\u00e9 prin\u00e1\u0161aj\u00fa vidite\u013en\u00e9 v\u00fdsledky u\u017e po nieko\u013ek\u00fdch proced\u00farach.<\/p>\n<p>T\u00e1to emulzia na opa\u013eovanie, redukciu tuku a proti celulit\u00edde s tepeln\u00fdm efektom je inovat\u00edvny kozmetick\u00fd pr\u00edpravok, ktor\u00fd \u00fa\u010dinne bojuje proti lokalizovan\u00e9mu tuku a nedokonalostiam celulit\u00eddy. Poskytuje dvojit\u00fd \u00fa\u010dinok po aplik\u00e1cii: stimuluje melan\u00edn a dod\u00e1va t\u00f3n poko\u017eke po\u010das a pred vystaven\u00edm slne\u010dn\u00e9mu \u017eiareniu alebo UV \u017eiareniu zo sol\u00e1ri\u00ed.<\/p>\n<h3><strong>Vlastnosti:<\/strong><\/h3>\n<p>Emulzia je navrhnut\u00e1 pre dvojit\u00fd \u00fa\u010dinok \u2013 poskytuje jednotn\u00e9 a zlatist\u00e9 op\u00e1lenie, z\u00e1rove\u0148 redukuje tuky a p\u00f4sob\u00ed proti celulit\u00edde. P\u00f4sob\u00ed na poko\u017eku zni\u017eovan\u00edm povrchov\u00fdch lipidov\u00fdch usaden\u00edn.<\/p>\n<p>Jej zlo\u017eenie je \u0161peci\u00e1lne navrhnut\u00e9 na lie\u010dbu celulit\u00eddy.<\/p>\n<p>\u00da\u010dinnos\u0165 je zaru\u010den\u00e1 vysok\u00fdm obsahom akt\u00edvnych zlo\u017eiek, ktor\u00e9 odv\u00e1dzaj\u00fa a redukuj\u00fa celulit\u00eddu, a v\u010faka lipolytick\u00e9mu efektu je poko\u017eka ove\u013ea pr\u00edstupnej\u0161ia pre o\u0161etrenie.<\/p>\n<p>Dod\u00e1va zlatist\u00e9 a rovnomern\u00e9 op\u00e1lenie aj bez vystavenia slnku alebo UV \u017eiareniu v\u010faka vitam\u00ednu B12 a ur\u00fdch\u013eova\u010dom melan\u00ednu (erytrul\u00f3za a dihydroxyacet\u00f3n). Z\u00e1rove\u0148 \u00fa\u010dinne a r\u00fdchlo bojuje proti \u201epomaran\u010dovej ko\u017ei\u201c. Kombinuje synergick\u00fd \u00fa\u010dinok pr\u00edrodn\u00fdch zlo\u017eiek ako kofe\u00edn a extrakt z fucusu (obsah j\u00f3du 0,01 %), ktor\u00e9 stimuluj\u00fa lipol\u00fdzu, spolu s ginkgo biloba a \u010du\u010doriedkami, bohat\u00fdmi na antoky\u00e1ny, polyfenoly a flavonoidy s ochrann\u00fdm \u00fa\u010dinkom na cievy.<br \/>\nEsc\u00edn v kombin\u00e1cii s extraktom z listnatca a bre\u010dtanu podporuje odvodnenie tekut\u00edn a tox\u00ednov z podko\u017en\u00e9ho tkaniva.<br \/>\nEsenci\u00e1lny olej zo \u0161korice ur\u00fdch\u013euje metabolick\u00e9 procesy ved\u00face k mobiliz\u00e1cii tukov\u00fdch z\u00e1sob v poko\u017eke.<\/p>\n<h3><strong>Obsahuje:<\/strong><\/h3>\n<ul>\n<li>Erytrul\u00f3zu: Pr\u00edrodn\u00fd melan\u00ednov\u00fd \u00fa\u010dinok (stimul\u00e1tor melan\u00ednu).<\/li>\n<li>Dihydroxyacet\u00f3n: Ur\u00fdch\u013eova\u010d op\u00e1lenia aj bez UV \u017eiarenia.<\/li>\n<li>Vitam\u00edn B2: podporuje produkciu melan\u00ednu.<\/li>\n<li>Kofe\u00edn: lipolytick\u00fd a tonizuj\u00faci \u00fa\u010dinok.<\/li>\n<li>Esc\u00edn: siln\u00fd odvod\u0148ovac\u00ed \u00fa\u010dinok.<\/li>\n<li>Extrakt z morsk\u00fdch rias (Fucus): redukuje tuky.<\/li>\n<li>Extrakt z bre\u010dtanu: \u010dist\u00ed poko\u017eku.<\/li>\n<li>Extrakt z \u010du\u010doriedok: posil\u0148uje mikrocirkul\u00e1ciu.<\/li>\n<li>Ginkgo Biloba: ochrann\u00fd stimulant.<\/li>\n<li>Ruscus (Kostrava): odvod\u0148uje a p\u00f4sob\u00ed protiz\u00e1palovo.<\/li>\n<li>Esenci\u00e1lny olej zo \u0161koricov\u00fdch listov: upokojuj\u00faci a tonizuj\u00faci \u00fa\u010dinok.<\/li>\n<\/ul>\n<h3>Obsah balenia:<\/h3>\n<p>1x Lipo Cell Reduce Clasic<\/p>\n<p>1x s\u00e1\u010dky na telo (9ks)<\/p>\n<p>1x s\u00e1\u010dky na ruky (18ks)<\/p>\n<p>&nbsp;<\/p>","protected":false},"excerpt":{"rendered":"<p>1000 ml Kr\u00e9m na opa\u013eovanie a redukciu tuku a proti celulit\u00edde<\/p>","protected":false},"featured_media":3141,"comment_status":"closed","ping_status":"closed","template":"","meta":{"_acf_changed":false},"product_brand":[],"product_cat":[75,26,56],"product_tag":[],"class_list":{"0":"post-3140","1":"product","2":"type-product","3":"status-publish","4":"has-post-thumbnail","6":"product_cat-kremy-a-sera","7":"product_cat-skincare-produkty","8":"product_cat-telove-produkty","10":"first","11":"instock","12":"taxable","13":"shipping-taxable","14":"purchasable","15":"product-type-simple"},"acf":[],"yoast_head":"<!-- This site is optimized with the Yoast SEO plugin v27.6 - https:\/\/yoast.com\/product\/yoast-seo-wordpress\/ -->\n<title>Slenderlife Lipo Cell Reduce Sun Tanner+ sacky - Beauty pr\u00edstroje<\/title>\n<meta name=\"description\" content=\"Lipo Cell Reduce Sun Tanner je samoopa\u013eovacia, liporeduk\u010dn\u00e1, anticelulit\u00eddna emulzia s hrejiv\u00fdm efektom. je inovat\u00edvny kozmetick\u00fd pr\u00edpravok, ktor\u00fd \u00fa\u010dinne bojuje proti lokalizovan\u00e9mu tuku a nedokonalostiam celulit\u00eddy.\" \/>\n<meta name=\"robots\" content=\"index, follow, max-snippet:-1, max-image-preview:large, max-video-preview:-1\" \/>\n<link rel=\"canonical\" href=\"https:\/\/www.beautypristroje.sk\/en\/product\/slenderlife-lipo-cell-reduce-sun-tanner-sacky\/\" \/>\n<meta property=\"og:locale\" content=\"en_GB\" \/>\n<meta property=\"og:type\" content=\"article\" \/>\n<meta property=\"og:title\" content=\"Slenderlife Lipo Cell Reduce Sun Tanner+ sacky - Beauty pr\u00edstroje\" \/>\n<meta property=\"og:description\" content=\"Lipo Cell Reduce Sun Tanner je samoopa\u013eovacia, liporeduk\u010dn\u00e1, anticelulit\u00eddna emulzia s hrejiv\u00fdm efektom. je inovat\u00edvny kozmetick\u00fd pr\u00edpravok, ktor\u00fd \u00fa\u010dinne bojuje proti lokalizovan\u00e9mu tuku a nedokonalostiam celulit\u00eddy.\" \/>\n<meta property=\"og:url\" content=\"https:\/\/www.beautypristroje.sk\/en\/product\/slenderlife-lipo-cell-reduce-sun-tanner-sacky\/\" \/>\n<meta property=\"og:site_name\" content=\"Beauty pr\u00edstroje\" \/>\n<meta property=\"article:modified_time\" content=\"2026-04-29T12:36:59+00:00\" \/>\n<meta property=\"og:image\" content=\"https:\/\/www.beautypristroje.sk\/wp-content\/uploads\/2026\/04\/Lipo-cell-reduce-sun-tunner.png\" \/>\n\t<meta property=\"og:image:width\" content=\"1114\" \/>\n\t<meta property=\"og:image:height\" content=\"1015\" \/>\n\t<meta property=\"og:image:type\" content=\"image\/png\" \/>\n<meta name=\"twitter:card\" content=\"summary_large_image\" \/>\n<meta name=\"twitter:label1\" content=\"Estimated reading time\" \/>\n\t<meta name=\"twitter:data1\" content=\"2 minutes\" \/>\n<script type=\"application\/ld+json\" class=\"yoast-schema-graph\">{\"@context\":\"https:\\\/\\\/schema.org\",\"@graph\":[{\"@type\":\"WebPage\",\"@id\":\"https:\\\/\\\/www.beautypristroje.sk\\\/produkt\\\/slenderlife-lipo-cell-reduce-sun-tanner-sacky\\\/\",\"url\":\"https:\\\/\\\/www.beautypristroje.sk\\\/produkt\\\/slenderlife-lipo-cell-reduce-sun-tanner-sacky\\\/\",\"name\":\"Slenderlife Lipo Cell Reduce Sun Tanner+ sacky - Beauty pr\u00edstroje\",\"isPartOf\":{\"@id\":\"https:\\\/\\\/www.beautypristroje.sk\\\/#website\"},\"primaryImageOfPage\":{\"@id\":\"https:\\\/\\\/www.beautypristroje.sk\\\/produkt\\\/slenderlife-lipo-cell-reduce-sun-tanner-sacky\\\/#primaryimage\"},\"image\":{\"@id\":\"https:\\\/\\\/www.beautypristroje.sk\\\/produkt\\\/slenderlife-lipo-cell-reduce-sun-tanner-sacky\\\/#primaryimage\"},\"thumbnailUrl\":\"https:\\\/\\\/www.beautypristroje.sk\\\/wp-content\\\/uploads\\\/2026\\\/04\\\/Lipo-cell-reduce-sun-tunner.png\",\"datePublished\":\"2026-04-29T12:22:50+00:00\",\"dateModified\":\"2026-04-29T12:36:59+00:00\",\"description\":\"Lipo Cell Reduce Sun Tanner je samoopa\u013eovacia, liporeduk\u010dn\u00e1, anticelulit\u00eddna emulzia s hrejiv\u00fdm efektom. je inovat\u00edvny kozmetick\u00fd pr\u00edpravok, ktor\u00fd \u00fa\u010dinne bojuje proti lokalizovan\u00e9mu tuku a nedokonalostiam celulit\u00eddy.\",\"breadcrumb\":{\"@id\":\"https:\\\/\\\/www.beautypristroje.sk\\\/produkt\\\/slenderlife-lipo-cell-reduce-sun-tanner-sacky\\\/#breadcrumb\"},\"inLanguage\":\"en-GB\",\"potentialAction\":[{\"@type\":\"ReadAction\",\"target\":[\"https:\\\/\\\/www.beautypristroje.sk\\\/produkt\\\/slenderlife-lipo-cell-reduce-sun-tanner-sacky\\\/\"]}]},{\"@type\":\"ImageObject\",\"inLanguage\":\"en-GB\",\"@id\":\"https:\\\/\\\/www.beautypristroje.sk\\\/produkt\\\/slenderlife-lipo-cell-reduce-sun-tanner-sacky\\\/#primaryimage\",\"url\":\"https:\\\/\\\/www.beautypristroje.sk\\\/wp-content\\\/uploads\\\/2026\\\/04\\\/Lipo-cell-reduce-sun-tunner.png\",\"contentUrl\":\"https:\\\/\\\/www.beautypristroje.sk\\\/wp-content\\\/uploads\\\/2026\\\/04\\\/Lipo-cell-reduce-sun-tunner.png\",\"width\":1114,\"height\":1015,\"caption\":\"Slenderlife Lipo Cell Reeduce Sun Tunner\"},{\"@type\":\"BreadcrumbList\",\"@id\":\"https:\\\/\\\/www.beautypristroje.sk\\\/produkt\\\/slenderlife-lipo-cell-reduce-sun-tanner-sacky\\\/#breadcrumb\",\"itemListElement\":[{\"@type\":\"ListItem\",\"position\":1,\"name\":\"Domovsk\u00e1 str\u00e1nka\",\"item\":\"https:\\\/\\\/www.beautypristroje.sk\\\/\"},{\"@type\":\"ListItem\",\"position\":2,\"name\":\"Obchod\",\"item\":\"https:\\\/\\\/www.beautypristroje.sk\\\/obchod\\\/\"},{\"@type\":\"ListItem\",\"position\":3,\"name\":\"Slenderlife Lipo Cell Reduce Sun Tanner+ sacky\"}]},{\"@type\":\"WebSite\",\"@id\":\"https:\\\/\\\/www.beautypristroje.sk\\\/#website\",\"url\":\"https:\\\/\\\/www.beautypristroje.sk\\\/\",\"name\":\"Beauty pr\u00edstroje\",\"description\":\"Profesion\u00e1lne kozmetick\u00e9 pr\u00edstroje pre sal\u00f3ny a kliniky\",\"potentialAction\":[{\"@type\":\"SearchAction\",\"target\":{\"@type\":\"EntryPoint\",\"urlTemplate\":\"https:\\\/\\\/www.beautypristroje.sk\\\/?s={search_term_string}\"},\"query-input\":{\"@type\":\"PropertyValueSpecification\",\"valueRequired\":true,\"valueName\":\"search_term_string\"}}],\"inLanguage\":\"en-GB\"}]}<\/script>\n<!-- \/ Yoast SEO plugin. -->","yoast_head_json":{"title":"Slenderlife Lipo Cell Reduce Sun Tanner+ sacky - Beauty pr\u00edstroje","description":"Lipo Cell Reduce Sun Tanner je samoopa\u013eovacia, liporeduk\u010dn\u00e1, anticelulit\u00eddna emulzia s hrejiv\u00fdm efektom. je inovat\u00edvny kozmetick\u00fd pr\u00edpravok, ktor\u00fd \u00fa\u010dinne bojuje proti lokalizovan\u00e9mu tuku a nedokonalostiam celulit\u00eddy.","robots":{"index":"index","follow":"follow","max-snippet":"max-snippet:-1","max-image-preview":"max-image-preview:large","max-video-preview":"max-video-preview:-1"},"canonical":"https:\/\/www.beautypristroje.sk\/en\/product\/slenderlife-lipo-cell-reduce-sun-tanner-sacky\/","og_locale":"en_GB","og_type":"article","og_title":"Slenderlife Lipo Cell Reduce Sun Tanner+ sacky - Beauty pr\u00edstroje","og_description":"Lipo Cell Reduce Sun Tanner je samoopa\u013eovacia, liporeduk\u010dn\u00e1, anticelulit\u00eddna emulzia s hrejiv\u00fdm efektom. je inovat\u00edvny kozmetick\u00fd pr\u00edpravok, ktor\u00fd \u00fa\u010dinne bojuje proti lokalizovan\u00e9mu tuku a nedokonalostiam celulit\u00eddy.","og_url":"https:\/\/www.beautypristroje.sk\/en\/product\/slenderlife-lipo-cell-reduce-sun-tanner-sacky\/","og_site_name":"Beauty pr\u00edstroje","article_modified_time":"2026-04-29T12:36:59+00:00","og_image":[{"width":1114,"height":1015,"url":"https:\/\/www.beautypristroje.sk\/wp-content\/uploads\/2026\/04\/Lipo-cell-reduce-sun-tunner.png","type":"image\/png"}],"twitter_card":"summary_large_image","twitter_misc":{"Estimated reading time":"2 minutes"},"schema":{"@context":"https:\/\/schema.org","@graph":[{"@type":"WebPage","@id":"https:\/\/www.beautypristroje.sk\/produkt\/slenderlife-lipo-cell-reduce-sun-tanner-sacky\/","url":"https:\/\/www.beautypristroje.sk\/produkt\/slenderlife-lipo-cell-reduce-sun-tanner-sacky\/","name":"Slenderlife Lipo Cell Reduce Sun Tanner+ sacky - Beauty pr\u00edstroje","isPartOf":{"@id":"https:\/\/www.beautypristroje.sk\/#website"},"primaryImageOfPage":{"@id":"https:\/\/www.beautypristroje.sk\/produkt\/slenderlife-lipo-cell-reduce-sun-tanner-sacky\/#primaryimage"},"image":{"@id":"https:\/\/www.beautypristroje.sk\/produkt\/slenderlife-lipo-cell-reduce-sun-tanner-sacky\/#primaryimage"},"thumbnailUrl":"https:\/\/www.beautypristroje.sk\/wp-content\/uploads\/2026\/04\/Lipo-cell-reduce-sun-tunner.png","datePublished":"2026-04-29T12:22:50+00:00","dateModified":"2026-04-29T12:36:59+00:00","description":"Lipo Cell Reduce Sun Tanner je samoopa\u013eovacia, liporeduk\u010dn\u00e1, anticelulit\u00eddna emulzia s hrejiv\u00fdm efektom. je inovat\u00edvny kozmetick\u00fd pr\u00edpravok, ktor\u00fd \u00fa\u010dinne bojuje proti lokalizovan\u00e9mu tuku a nedokonalostiam celulit\u00eddy.","breadcrumb":{"@id":"https:\/\/www.beautypristroje.sk\/produkt\/slenderlife-lipo-cell-reduce-sun-tanner-sacky\/#breadcrumb"},"inLanguage":"en-GB","potentialAction":[{"@type":"ReadAction","target":["https:\/\/www.beautypristroje.sk\/produkt\/slenderlife-lipo-cell-reduce-sun-tanner-sacky\/"]}]},{"@type":"ImageObject","inLanguage":"en-GB","@id":"https:\/\/www.beautypristroje.sk\/produkt\/slenderlife-lipo-cell-reduce-sun-tanner-sacky\/#primaryimage","url":"https:\/\/www.beautypristroje.sk\/wp-content\/uploads\/2026\/04\/Lipo-cell-reduce-sun-tunner.png","contentUrl":"https:\/\/www.beautypristroje.sk\/wp-content\/uploads\/2026\/04\/Lipo-cell-reduce-sun-tunner.png","width":1114,"height":1015,"caption":"Slenderlife Lipo Cell Reeduce Sun Tunner"},{"@type":"BreadcrumbList","@id":"https:\/\/www.beautypristroje.sk\/produkt\/slenderlife-lipo-cell-reduce-sun-tanner-sacky\/#breadcrumb","itemListElement":[{"@type":"ListItem","position":1,"name":"Domovsk\u00e1 str\u00e1nka","item":"https:\/\/www.beautypristroje.sk\/"},{"@type":"ListItem","position":2,"name":"Obchod","item":"https:\/\/www.beautypristroje.sk\/obchod\/"},{"@type":"ListItem","position":3,"name":"Slenderlife Lipo Cell Reduce Sun Tanner+ sacky"}]},{"@type":"WebSite","@id":"https:\/\/www.beautypristroje.sk\/#website","url":"https:\/\/www.beautypristroje.sk\/","name":"Beauty pr\u00edstroje","description":"Profesion\u00e1lne kozmetick\u00e9 pr\u00edstroje pre sal\u00f3ny a kliniky","potentialAction":[{"@type":"SearchAction","target":{"@type":"EntryPoint","urlTemplate":"https:\/\/www.beautypristroje.sk\/?s={search_term_string}"},"query-input":{"@type":"PropertyValueSpecification","valueRequired":true,"valueName":"search_term_string"}}],"inLanguage":"en-GB"}]}},"_links":{"self":[{"href":"https:\/\/www.beautypristroje.sk\/en\/wp-json\/wp\/v2\/product\/3140","targetHints":{"allow":["GET"]}}],"collection":[{"href":"https:\/\/www.beautypristroje.sk\/en\/wp-json\/wp\/v2\/product"}],"about":[{"href":"https:\/\/www.beautypristroje.sk\/en\/wp-json\/wp\/v2\/types\/product"}],"replies":[{"embeddable":true,"href":"https:\/\/www.beautypristroje.sk\/en\/wp-json\/wp\/v2\/comments?post=3140"}],"wp:featuredmedia":[{"embeddable":true,"href":"https:\/\/www.beautypristroje.sk\/en\/wp-json\/wp\/v2\/media\/3141"}],"wp:attachment":[{"href":"https:\/\/www.beautypristroje.sk\/en\/wp-json\/wp\/v2\/media?parent=3140"}],"wp:term":[{"taxonomy":"product_brand","embeddable":true,"href":"https:\/\/www.beautypristroje.sk\/en\/wp-json\/wp\/v2\/product_brand?post=3140"},{"taxonomy":"product_cat","embeddable":true,"href":"https:\/\/www.beautypristroje.sk\/en\/wp-json\/wp\/v2\/product_cat?post=3140"},{"taxonomy":"product_tag","embeddable":true,"href":"https:\/\/www.beautypristroje.sk\/en\/wp-json\/wp\/v2\/product_tag?post=3140"}],"curies":[{"name":"wp","href":"https:\/\/api.w.org\/{rel}","templated":true}]}}