{"id":3009,"date":"2026-03-24T21:43:58","date_gmt":"2026-03-24T20:43:58","guid":{"rendered":"https:\/\/www.beautypristroje.sk\/?post_type=product&#038;p=3009"},"modified":"2026-03-24T21:43:58","modified_gmt":"2026-03-24T20:43:58","slug":"cistiace-pletove-esencie-dr-meso","status":"publish","type":"product","link":"https:\/\/www.beautypristroje.sk\/en\/product\/cistiace-pletove-esencie-dr-meso\/","title":{"rendered":"\u010cistiace ple\u0165ov\u00e9 esencie Dr. Meso (set)"},"content":{"rendered":"<p data-section-id=\"5u8fha\" data-start=\"142\" data-end=\"214\">Objavte profesion\u00e1lne ple\u0165ov\u00e9 esencie Dr. Meso ur\u010den\u00e9 pre h\u013abkov\u00e9 \u010distenie, hydrat\u00e1ciu a revitaliz\u00e1ciu poko\u017eky. Vysoko \u00fa\u010dinn\u00e9 zlo\u017eenie s akt\u00edvnymi l\u00e1tkami ako kyselina hyalur\u00f3nov\u00e1, vitam\u00edn C \u010di kyselina salicylov\u00e1 zabezpe\u010duje vidite\u013en\u00e9 v\u00fdsledky u\u017e po prv\u00fdch pou\u017eitiach. Ide\u00e1lne pre kozmetick\u00e9 sal\u00f3ny aj dom\u00e1cu starostlivos\u0165 o ple\u0165.<\/p>\n<h3 data-section-id=\"co3hn0\" data-start=\"597\" data-end=\"649\"><strong><span role=\"text\">Pre\u010do si vybra\u0165 ple\u0165ov\u00e9 esencie Dr. Meso?<\/span><\/strong><\/h3>\n<ul data-start=\"651\" data-end=\"824\">\n<li data-section-id=\"zmr7d0\" data-start=\"651\" data-end=\"701\">profesion\u00e1lna kozmetika pre vidite\u013en\u00e9 v\u00fdsledky<\/li>\n<li data-section-id=\"poggax\" data-start=\"702\" data-end=\"734\">vhodn\u00e9 pre v\u0161etky typy pleti<\/li>\n<li data-section-id=\"1p7jotn\" data-start=\"735\" data-end=\"779\">rie\u0161enie pre akn\u00e9, such\u00fa aj unaven\u00fa ple\u0165<\/li>\n<li data-section-id=\"1r421ou\" data-start=\"780\" data-end=\"824\">ide\u00e1lne ako s\u00fa\u010das\u0165 kozmetick\u00fdch o\u0161etren\u00ed<\/li>\n<\/ul>\n<h3><strong data-start=\"1384\" data-end=\"1430\">Ako si vybra\u0165 spr\u00e1vnu ple\u0165ov\u00fa esenciu?<\/strong><\/h3>\n<ul>\n<li style=\"list-style-type: none;\">\n<ul data-start=\"1432\" data-end=\"1617\">\n<li data-section-id=\"1330q4w\" data-start=\"1432\" data-end=\"1481\"><strong data-start=\"1434\" data-end=\"1456\">Na \u010distenie pleti:<\/strong> Aqua Purifying Essence<\/li>\n<li data-section-id=\"8brtvm\" data-start=\"1482\" data-end=\"1528\"><strong data-start=\"1484\" data-end=\"1503\">Na akn\u00e9 a p\u00f3ry:<\/strong> Cleansing Essence Wave<\/li>\n<li data-section-id=\"1oii2e9\" data-start=\"1529\" data-end=\"1573\"><strong data-start=\"1531\" data-end=\"1550\">Na rozjasnenie:<\/strong> Revitalizing Essence<\/li>\n<li data-section-id=\"40weyp\" data-start=\"1574\" data-end=\"1617\"><strong data-start=\"1576\" data-end=\"1594\">Na hydrat\u00e1ciu:<\/strong> Moisturizing Essence<\/li>\n<\/ul>\n<\/li>\n<\/ul>\n<h3 data-section-id=\"5u8fha\" data-start=\"142\" data-end=\"214\"><strong><span role=\"text\">Dr. Meso Aqua Purifying Essence \u2013 \u010distiaca ple\u0165ov\u00e1 esencia 300 ml<\/span><\/strong><\/h3>\n<p data-start=\"216\" data-end=\"415\">Dr. Meso Aqua Purifying Essence je profesion\u00e1lna \u010distiaca ple\u0165ov\u00e1 esencia, ktor\u00e1 efekt\u00edvne odstra\u0148uje ne\u010distoty, maz a zvy\u0161ky make-upu. Vhodn\u00e1 pre v\u0161etky typy pleti vr\u00e1tane citlivej.<\/p>\n<h5 data-start=\"417\" data-end=\"437\">V\u00fdhody produktu:<\/h5>\n<ul data-start=\"438\" data-end=\"583\">\n<li data-section-id=\"emn0w3\" data-start=\"438\" data-end=\"464\">h\u013abkov\u00e9 \u010distenie pleti<\/li>\n<li data-section-id=\"9eazn8\" data-start=\"465\" data-end=\"496\">odstr\u00e1nenie mazu a ne\u010dist\u00f4t<\/li>\n<li data-section-id=\"rfltji\" data-start=\"497\" data-end=\"537\">pr\u00edprava poko\u017eky na \u010fal\u0161ie o\u0161etrenie<\/li>\n<li data-section-id=\"1v1c6m0\" data-start=\"538\" data-end=\"583\">jemn\u00e9 zlo\u017eenie vhodn\u00e9 aj pre citliv\u00fa ple\u0165<\/li>\n<\/ul>\n<h5 data-start=\"725\" data-end=\"744\"><strong>Objem:<\/strong><\/h5>\n<p data-start=\"725\" data-end=\"744\">300 ml<\/p>\n<h5 data-start=\"746\" data-end=\"814\"><strong data-start=\"746\" data-end=\"759\">Pou\u017eitie:<\/strong><\/h5>\n<p data-start=\"746\" data-end=\"814\">Naneste na ple\u0165, jemne mas\u00edrujte a opl\u00e1chnite vodou.<\/p>\n<h5 data-start=\"746\" data-end=\"814\"><strong>Zlo\u017eenie:<\/strong><\/h5>\n<p data-start=\"746\" data-end=\"814\">Voda, glycer\u00edn, chlorid sodn\u00fd, 1,2-hex\u00e1ndiol, p-hydroxyacetofen\u00f3n.<\/p>\n<p data-start=\"746\" data-end=\"814\">\u010eal\u0161ie stopov\u00e9 zlo\u017eky: alanto\u00edn.<\/p>\n<p data-start=\"816\" data-end=\"955\">\n<h3 data-section-id=\"b58xg\" data-start=\"962\" data-end=\"1032\"><strong><span role=\"text\">Dr. Meso Cleansing Essence Wave \u2013 h\u013abkov\u00e9 \u010distenie p\u00f3rov 300 ml<\/span><\/strong><\/h3>\n<p data-start=\"1034\" data-end=\"1204\">Dr. Meso Cleansing Essence Wave je h\u013abkovo \u010distiaca esencia na p\u00f3ry, ktor\u00e1 pom\u00e1ha redukova\u0165 mastnotu, \u010dierne bodky a nedokonalosti pleti bez podr\u00e1\u017edenia.<\/p>\n<h5 data-start=\"1206\" data-end=\"1226\">V\u00fdhody produktu:<\/h5>\n<ul data-start=\"1227\" data-end=\"1331\">\n<li data-section-id=\"ugsfv1\" data-start=\"1227\" data-end=\"1254\">\u010distenie p\u00f3rov do h\u013abky<\/li>\n<li data-section-id=\"8atcjp\" data-start=\"1255\" data-end=\"1283\">redukcia akn\u00e9 a mastnoty<\/li>\n<li data-section-id=\"108qxks\" data-start=\"1284\" data-end=\"1306\">upokojenie poko\u017eky<\/li>\n<li data-section-id=\"r1ncei\" data-start=\"1307\" data-end=\"1331\">bez pocitu vysu\u0161enia<\/li>\n<\/ul>\n<p data-start=\"1333\" data-end=\"1471\"><strong data-start=\"1333\" data-end=\"1351\">K\u013e\u00fa\u010dov\u00e9 slov\u00e1:<\/strong><br data-start=\"1351\" data-end=\"1354\" \/>\u010distenie p\u00f3rov, akn\u00e9 kozmetika, salicylov\u00e1 kyselina ple\u0165, \u010distiaca esencia na tv\u00e1r, profesion\u00e1lna ple\u0165ov\u00e1 kozmetika<\/p>\n<h5 data-start=\"725\" data-end=\"744\"><strong>Objem:<\/strong><\/h5>\n<p data-start=\"725\" data-end=\"744\">300 ml<\/p>\n<h5 data-start=\"746\" data-end=\"814\"><strong data-start=\"746\" data-end=\"759\">Pou\u017eitie:<\/strong><\/h5>\n<p data-start=\"1494\" data-end=\"1558\">Aplikujte na ple\u0165, jemne mas\u00edrujte a opl\u00e1chnite.<\/p>\n<h5 data-start=\"746\" data-end=\"814\"><strong>Zlo\u017eenie:<\/strong><\/h5>\n<p data-start=\"746\" data-end=\"814\">Voda, glycer\u00edn, 1,2-hex\u00e1ndiol, p-hydroxyacetofen\u00f3n, kaprylov\u00e9\/kaprinov\u00e9 triglyceridy;<br \/>\n\u010eal\u0161ie stopov\u00e9 zlo\u017eky: kyselina salicylov\u00e1, fosfolipidy, alanto\u00edn, olej z listov \u010dajovn\u00edka striedavolist\u00e9ho (Melaleuca alternifolia).<\/p>\n<p data-start=\"1560\" data-end=\"1689\">\n<h3 data-section-id=\"13i0rs0\" data-start=\"1696\" data-end=\"1770\"><strong><span role=\"text\">Dr. Meso Revitalizing Essence \u2013 rozjas\u0148uj\u00faca ple\u0165ov\u00e1 esencia 300 ml<\/span><\/strong><\/h3>\n<p data-start=\"1772\" data-end=\"1965\">Dr. Meso Revitalizing Essence je rozjas\u0148uj\u00faca ple\u0165ov\u00e1 esencia s obsahom vitam\u00ednu C a kyseliny hyalur\u00f3novej, ktor\u00e1 zlep\u0161uje t\u00f3n pleti, hydratuje a dod\u00e1va poko\u017eke \u017eiariv\u00fd vzh\u013ead.<\/p>\n<h5 data-start=\"1967\" data-end=\"1987\">V\u00fdhody produktu:<\/h5>\n<ul data-start=\"1988\" data-end=\"2104\">\n<li data-section-id=\"wix81k\" data-start=\"1988\" data-end=\"2023\">rozjasnenie a zjednotenie pleti<\/li>\n<li data-section-id=\"1y9szkq\" data-start=\"2024\" data-end=\"2047\">hydrat\u00e1cia a v\u00fd\u017eiva<\/li>\n<li data-section-id=\"st6tbe\" data-start=\"2048\" data-end=\"2079\">podpora regener\u00e1cie poko\u017eky<\/li>\n<li data-section-id=\"vr32ng\" data-start=\"2080\" data-end=\"2104\">zlep\u0161enie elasticity<\/li>\n<\/ul>\n<h5 data-start=\"725\" data-end=\"744\"><strong>Objem:<\/strong><\/h5>\n<p data-start=\"725\" data-end=\"744\">300 ml<\/p>\n<h5 data-start=\"746\" data-end=\"814\"><strong data-start=\"746\" data-end=\"759\">Pou\u017eitie:<\/strong><\/h5>\n<p data-start=\"2262\" data-end=\"2323\">Naneste na vy\u010disten\u00fa ple\u0165 a jemne vmas\u00edrujte.<\/p>\n<h5 data-start=\"746\" data-end=\"814\"><strong>Zlo\u017eenie:<\/strong><\/h5>\n<p data-start=\"746\" data-end=\"814\">Voda, kvasni\u010dn\u00fd ferment, glycer\u00edn, kyselina tranex\u00e1mov\u00e1, extrakt z citrusov\u00fdch plodov, 1,2-hex\u00e1ndiol, polyvinylalkohol, p-hydroxyacetofen\u00f3n, kaprylov\u00e9\/kapr\u00ednov\u00e9 triglyceridy;<\/p>\n<p data-start=\"746\" data-end=\"814\">\u010eal\u0161ie stopov\u00e9 zlo\u017eky: kyselina askorbov\u00e1 (vitam\u00edn C), fosfolipidy, alanto\u00edn, glutati\u00f3n, hyaluron\u00e1t sodn\u00fd, benzoan sodn\u00fd.<\/p>\n<p data-start=\"2325\" data-end=\"2463\">\n<h3 data-section-id=\"1oeomj0\" data-start=\"2470\" data-end=\"2542\"><span role=\"text\"><strong data-start=\"2473\" data-end=\"2542\">Dr. Meso Moisturizing Essence \u2013 hydrata\u010dn\u00e1 esencia na ple\u0165 300 ml<\/strong><\/span><\/h3>\n<p data-start=\"2544\" data-end=\"2722\">Dr. Meso Moisturizing Essence je intenz\u00edvna hydrata\u010dn\u00e1 esencia, ktor\u00e1 pom\u00e1ha uzamkn\u00fa\u0165 vlhkos\u0165 v poko\u017eke, posil\u0148uje ko\u017en\u00fa bari\u00e9ru a zanech\u00e1va ple\u0165 jemn\u00fa a pru\u017en\u00fa.<\/p>\n<p data-start=\"2724\" data-end=\"2744\"><strong data-start=\"2724\" data-end=\"2744\">V\u00fdhody produktu:<\/strong><\/p>\n<ul data-start=\"2745\" data-end=\"2875\">\n<li data-section-id=\"kt836q\" data-start=\"2745\" data-end=\"2776\">intenz\u00edvna hydrat\u00e1cia pleti<\/li>\n<li data-section-id=\"fpzxoi\" data-start=\"2777\" data-end=\"2800\">uzamykanie vlhkosti<\/li>\n<li data-section-id=\"q50wt7\" data-start=\"2801\" data-end=\"2833\">zlep\u0161enie elasticity poko\u017eky<\/li>\n<li data-section-id=\"qbra00\" data-start=\"2834\" data-end=\"2875\">vhodn\u00e1 pre such\u00fa a dehydratovan\u00fa ple\u0165<\/li>\n<\/ul>\n<h5 data-start=\"725\" data-end=\"744\"><strong>Objem:<\/strong><\/h5>\n<p data-start=\"725\" data-end=\"744\">300 ml<\/p>\n<h5 data-start=\"746\" data-end=\"814\"><strong data-start=\"746\" data-end=\"759\">Pou\u017eitie:<\/strong><\/h5>\n<p data-start=\"3032\" data-end=\"3095\">Aplikujte na vy\u010disten\u00fa ple\u0165 a jemne vmas\u00edrujte.<\/p>\n<h5 data-start=\"746\" data-end=\"814\"><strong>Zlo\u017eenie:<\/strong><\/h5>\n<p data-start=\"746\" data-end=\"814\">Voda, butyl\u00e9nglykol, PCA sodn\u00fd, glycer\u00edn, polyglycerol-10, jojobov\u00fd vosk PEG-120 ester, 1,2-hex\u00e1ndiol, p-hydroxyacetofen\u00f3n.<\/p>\n<p data-start=\"746\" data-end=\"814\">\u010eal\u0161ie stopov\u00e9 zlo\u017eky: hyaluron\u00e1t sodn\u00fd, alanto\u00edn, frukt\u00f3za, xant\u00e1nov\u00e1 guma, fosfatidylchol\u00edn, ceramid NP, kopolym\u00e9r polyglycerolu-10 ole\u00e1tu, glyceryl akryl\u00e1t\/kyselina akrylov\u00e1, kopolym\u00e9r PVM\/MA, stearoyl glutam\u00e1t sodn\u00fd, glyceryl kapryl\u00e1t.<\/p>\n<h3 data-start=\"3032\" data-end=\"3095\"><strong>Pou\u017eitie:<\/strong><\/h3>\n<section class=\"elementor-section elementor-top-section elementor-element elementor-element-6d44bb87 elementor-section-boxed elementor-section-height-default elementor-section-height-default\" data-id=\"6d44bb87\" data-element_type=\"section\" data-e-type=\"section\">\n<div class=\"elementor-container elementor-column-gap-default\">\n<div class=\"elementor-column elementor-col-100 elementor-top-column elementor-element elementor-element-58317f34\" data-id=\"58317f34\" data-element_type=\"column\" data-e-type=\"column\">\n<div class=\"elementor-widget-wrap elementor-element-populated\">\n<div class=\"elementor-element elementor-element-ed7b421 elementor-widget elementor-widget-woocommerce-product-content\" data-id=\"ed7b421\" data-element_type=\"widget\" data-e-type=\"widget\" data-widget_type=\"woocommerce-product-content.default\">\n<p>Vhodn\u00e9 pre typy pr\u00edstrojov :\u00a0\u00a0<a href=\"https:\/\/www.beautypristroje.sk\/en\/product\/aquastar\/\">AquaStar,<\/a>\u00a0<a href=\"https:\/\/www.beautypristroje.sk\/en\/product\/aqua-star-luxury\/\">Aquastar Luxury<\/a>,\u00a0<a href=\"https:\/\/www.beautypristroje.sk\/en\/product\/aquastar-new\/\">AquaStar New<\/a>,\u00a0<a href=\"https:\/\/www.beautypristroje.sk\/en\/product\/aurafusion-pro-12\/\">Aurafusion Pro<\/a>,\u00a0<a href=\"https:\/\/www.beautypristroje.sk\/en\/product\/17v1-kozmeticky-multifunkcny-pristroj\/\">17v1 Kozmetick\u00fd multifunk\u010dn\u00fd pr\u00edstroj<\/a><\/p>\n<p>*uveden\u00e9 l\u00e1tky s\u00fa povolen\u00e9 v E\u00da, ak s\u00fa pou\u017eit\u00e9 v s\u00falade s nariaden\u00edm (ES) \u010d. 1223\/2009 o kozmetick\u00fdch v\u00fdrobkoch.<\/p>\n<\/div>\n<\/div>\n<\/div>\n<\/div>\n<\/section>\n<section class=\"elementor-section elementor-top-section elementor-element elementor-element-2d0cf1e elementor-section-boxed elementor-section-height-default elementor-section-height-default\" data-id=\"2d0cf1e\" data-element_type=\"section\" data-e-type=\"section\">\n<div class=\"elementor-container elementor-column-gap-default\">\n<div class=\"elementor-column elementor-col-100 elementor-top-column elementor-element elementor-element-1ebc1d13\" data-id=\"1ebc1d13\" data-element_type=\"column\" data-e-type=\"column\">\n<div class=\"elementor-widget-wrap elementor-element-populated\">\n<div class=\"elementor-element elementor-element-7be55e78 elementor-product-loop-item--align-left elementor-grid-tablet-2 elementor-grid-mobile-1 elementor-grid-4 elementor-products-grid elementor-wc-products show-heading-yes elementor-widget elementor-widget-woocommerce-product-related\" data-id=\"7be55e78\" data-element_type=\"widget\" data-e-type=\"widget\" data-widget_type=\"woocommerce-product-related.default\"><\/div>\n<\/div>\n<\/div>\n<\/div>\n<\/section>","protected":false},"excerpt":{"rendered":"<p>Ple\u0165ov\u00e9 esencie Dr. Meso predstavuj\u00fa modern\u00e9 rie\u0161enie starostlivosti o ple\u0165 s d\u00f4razom na kvalitu a \u00fa\u010dinnos\u0165. V\u010faka kombin\u00e1cii akt\u00edvnych zlo\u017eiek pom\u00e1haj\u00fa zlep\u0161i\u0165 hydrat\u00e1ciu, \u010distenie aj regener\u00e1ciu poko\u017eky. Vyberte si ide\u00e1lnu esenciu pod\u013ea potrieb va\u0161ej pleti a doprajte si profesion\u00e1lnu starostlivos\u0165 v pohodl\u00ed domova.<\/p>","protected":false},"featured_media":3010,"comment_status":"closed","ping_status":"closed","template":"","meta":{"_acf_changed":false},"product_brand":[],"product_cat":[27,15],"product_tag":[],"class_list":{"0":"post-3009","1":"product","2":"type-product","3":"status-publish","4":"has-post-thumbnail","6":"product_cat-accessories","7":"product_cat-beauty-technologie","9":"first","10":"instock","11":"taxable","12":"shipping-taxable","13":"purchasable","14":"product-type-simple"},"acf":[],"yoast_head":"<!-- This site is optimized with the Yoast SEO plugin v27.5 - https:\/\/yoast.com\/product\/yoast-seo-wordpress\/ -->\n<title>\u010cistiace ple\u0165ov\u00e9 esencie Dr. Meso (set) - Beauty pr\u00edstroje<\/title>\n<meta name=\"description\" content=\"Objavte ple\u0165ov\u00e9 esencie Dr. Meso pre \u010distenie, hydrat\u00e1ciu a revitaliz\u00e1ciu pleti. Profesion\u00e1lna kozmetika pre v\u0161etky typy poko\u017eky.\" \/>\n<meta name=\"robots\" content=\"index, follow, max-snippet:-1, max-image-preview:large, max-video-preview:-1\" \/>\n<link rel=\"canonical\" href=\"https:\/\/www.beautypristroje.sk\/en\/product\/cistiace-pletove-esencie-dr-meso\/\" \/>\n<meta property=\"og:locale\" content=\"en_GB\" \/>\n<meta property=\"og:type\" content=\"article\" \/>\n<meta property=\"og:title\" content=\"\u010cistiace ple\u0165ov\u00e9 esencie Dr. Meso (set) - Beauty pr\u00edstroje\" \/>\n<meta property=\"og:description\" content=\"Objavte ple\u0165ov\u00e9 esencie Dr. Meso pre \u010distenie, hydrat\u00e1ciu a revitaliz\u00e1ciu pleti. Profesion\u00e1lna kozmetika pre v\u0161etky typy poko\u017eky.\" \/>\n<meta property=\"og:url\" content=\"https:\/\/www.beautypristroje.sk\/en\/product\/cistiace-pletove-esencie-dr-meso\/\" \/>\n<meta property=\"og:site_name\" content=\"Beauty pr\u00edstroje\" \/>\n<meta property=\"og:image\" content=\"https:\/\/www.beautypristroje.sk\/wp-content\/uploads\/2026\/03\/ChatGPT-Image-Mar-24-2026-09_17_17-PM.png\" \/>\n\t<meta property=\"og:image:width\" content=\"1536\" \/>\n\t<meta property=\"og:image:height\" content=\"1024\" \/>\n\t<meta property=\"og:image:type\" content=\"image\/png\" \/>\n<meta name=\"twitter:card\" content=\"summary_large_image\" \/>\n<meta name=\"twitter:label1\" content=\"Estimated reading time\" \/>\n\t<meta name=\"twitter:data1\" content=\"3 minutes\" \/>\n<script type=\"application\/ld+json\" class=\"yoast-schema-graph\">{\"@context\":\"https:\\\/\\\/schema.org\",\"@graph\":[{\"@type\":\"WebPage\",\"@id\":\"https:\\\/\\\/www.beautypristroje.sk\\\/produkt\\\/cistiace-pletove-esencie-dr-meso\\\/\",\"url\":\"https:\\\/\\\/www.beautypristroje.sk\\\/produkt\\\/cistiace-pletove-esencie-dr-meso\\\/\",\"name\":\"\u010cistiace ple\u0165ov\u00e9 esencie Dr. Meso (set) - Beauty pr\u00edstroje\",\"isPartOf\":{\"@id\":\"https:\\\/\\\/www.beautypristroje.sk\\\/#website\"},\"primaryImageOfPage\":{\"@id\":\"https:\\\/\\\/www.beautypristroje.sk\\\/produkt\\\/cistiace-pletove-esencie-dr-meso\\\/#primaryimage\"},\"image\":{\"@id\":\"https:\\\/\\\/www.beautypristroje.sk\\\/produkt\\\/cistiace-pletove-esencie-dr-meso\\\/#primaryimage\"},\"thumbnailUrl\":\"https:\\\/\\\/www.beautypristroje.sk\\\/wp-content\\\/uploads\\\/2026\\\/03\\\/ChatGPT-Image-Mar-24-2026-09_17_17-PM.png\",\"datePublished\":\"2026-03-24T20:43:58+00:00\",\"description\":\"Objavte ple\u0165ov\u00e9 esencie Dr. Meso pre \u010distenie, hydrat\u00e1ciu a revitaliz\u00e1ciu pleti. Profesion\u00e1lna kozmetika pre v\u0161etky typy poko\u017eky.\",\"breadcrumb\":{\"@id\":\"https:\\\/\\\/www.beautypristroje.sk\\\/produkt\\\/cistiace-pletove-esencie-dr-meso\\\/#breadcrumb\"},\"inLanguage\":\"en-GB\",\"potentialAction\":[{\"@type\":\"ReadAction\",\"target\":[\"https:\\\/\\\/www.beautypristroje.sk\\\/produkt\\\/cistiace-pletove-esencie-dr-meso\\\/\"]}]},{\"@type\":\"ImageObject\",\"inLanguage\":\"en-GB\",\"@id\":\"https:\\\/\\\/www.beautypristroje.sk\\\/produkt\\\/cistiace-pletove-esencie-dr-meso\\\/#primaryimage\",\"url\":\"https:\\\/\\\/www.beautypristroje.sk\\\/wp-content\\\/uploads\\\/2026\\\/03\\\/ChatGPT-Image-Mar-24-2026-09_17_17-PM.png\",\"contentUrl\":\"https:\\\/\\\/www.beautypristroje.sk\\\/wp-content\\\/uploads\\\/2026\\\/03\\\/ChatGPT-Image-Mar-24-2026-09_17_17-PM.png\",\"width\":1536,\"height\":1024,\"caption\":\"\u010distiace tekutiny, Dr. Meso\"},{\"@type\":\"BreadcrumbList\",\"@id\":\"https:\\\/\\\/www.beautypristroje.sk\\\/produkt\\\/cistiace-pletove-esencie-dr-meso\\\/#breadcrumb\",\"itemListElement\":[{\"@type\":\"ListItem\",\"position\":1,\"name\":\"Domovsk\u00e1 str\u00e1nka\",\"item\":\"https:\\\/\\\/www.beautypristroje.sk\\\/\"},{\"@type\":\"ListItem\",\"position\":2,\"name\":\"Obchod\",\"item\":\"https:\\\/\\\/www.beautypristroje.sk\\\/obchod\\\/\"},{\"@type\":\"ListItem\",\"position\":3,\"name\":\"\u010cistiace ple\u0165ov\u00e9 esencie Dr. Meso (set)\"}]},{\"@type\":\"WebSite\",\"@id\":\"https:\\\/\\\/www.beautypristroje.sk\\\/#website\",\"url\":\"https:\\\/\\\/www.beautypristroje.sk\\\/\",\"name\":\"Beauty pr\u00edstroje\",\"description\":\"Profesion\u00e1lne kozmetick\u00e9 pr\u00edstroje pre sal\u00f3ny a kliniky\",\"potentialAction\":[{\"@type\":\"SearchAction\",\"target\":{\"@type\":\"EntryPoint\",\"urlTemplate\":\"https:\\\/\\\/www.beautypristroje.sk\\\/?s={search_term_string}\"},\"query-input\":{\"@type\":\"PropertyValueSpecification\",\"valueRequired\":true,\"valueName\":\"search_term_string\"}}],\"inLanguage\":\"en-GB\"}]}<\/script>\n<!-- \/ Yoast SEO plugin. -->","yoast_head_json":{"title":"\u010cistiace ple\u0165ov\u00e9 esencie Dr. Meso (set) - Beauty pr\u00edstroje","description":"Objavte ple\u0165ov\u00e9 esencie Dr. Meso pre \u010distenie, hydrat\u00e1ciu a revitaliz\u00e1ciu pleti. Profesion\u00e1lna kozmetika pre v\u0161etky typy poko\u017eky.","robots":{"index":"index","follow":"follow","max-snippet":"max-snippet:-1","max-image-preview":"max-image-preview:large","max-video-preview":"max-video-preview:-1"},"canonical":"https:\/\/www.beautypristroje.sk\/en\/product\/cistiace-pletove-esencie-dr-meso\/","og_locale":"en_GB","og_type":"article","og_title":"\u010cistiace ple\u0165ov\u00e9 esencie Dr. Meso (set) - Beauty pr\u00edstroje","og_description":"Objavte ple\u0165ov\u00e9 esencie Dr. Meso pre \u010distenie, hydrat\u00e1ciu a revitaliz\u00e1ciu pleti. Profesion\u00e1lna kozmetika pre v\u0161etky typy poko\u017eky.","og_url":"https:\/\/www.beautypristroje.sk\/en\/product\/cistiace-pletove-esencie-dr-meso\/","og_site_name":"Beauty pr\u00edstroje","og_image":[{"width":1536,"height":1024,"url":"https:\/\/www.beautypristroje.sk\/wp-content\/uploads\/2026\/03\/ChatGPT-Image-Mar-24-2026-09_17_17-PM.png","type":"image\/png"}],"twitter_card":"summary_large_image","twitter_misc":{"Estimated reading time":"3 minutes"},"schema":{"@context":"https:\/\/schema.org","@graph":[{"@type":"WebPage","@id":"https:\/\/www.beautypristroje.sk\/produkt\/cistiace-pletove-esencie-dr-meso\/","url":"https:\/\/www.beautypristroje.sk\/produkt\/cistiace-pletove-esencie-dr-meso\/","name":"\u010cistiace ple\u0165ov\u00e9 esencie Dr. Meso (set) - Beauty pr\u00edstroje","isPartOf":{"@id":"https:\/\/www.beautypristroje.sk\/#website"},"primaryImageOfPage":{"@id":"https:\/\/www.beautypristroje.sk\/produkt\/cistiace-pletove-esencie-dr-meso\/#primaryimage"},"image":{"@id":"https:\/\/www.beautypristroje.sk\/produkt\/cistiace-pletove-esencie-dr-meso\/#primaryimage"},"thumbnailUrl":"https:\/\/www.beautypristroje.sk\/wp-content\/uploads\/2026\/03\/ChatGPT-Image-Mar-24-2026-09_17_17-PM.png","datePublished":"2026-03-24T20:43:58+00:00","description":"Objavte ple\u0165ov\u00e9 esencie Dr. Meso pre \u010distenie, hydrat\u00e1ciu a revitaliz\u00e1ciu pleti. Profesion\u00e1lna kozmetika pre v\u0161etky typy poko\u017eky.","breadcrumb":{"@id":"https:\/\/www.beautypristroje.sk\/produkt\/cistiace-pletove-esencie-dr-meso\/#breadcrumb"},"inLanguage":"en-GB","potentialAction":[{"@type":"ReadAction","target":["https:\/\/www.beautypristroje.sk\/produkt\/cistiace-pletove-esencie-dr-meso\/"]}]},{"@type":"ImageObject","inLanguage":"en-GB","@id":"https:\/\/www.beautypristroje.sk\/produkt\/cistiace-pletove-esencie-dr-meso\/#primaryimage","url":"https:\/\/www.beautypristroje.sk\/wp-content\/uploads\/2026\/03\/ChatGPT-Image-Mar-24-2026-09_17_17-PM.png","contentUrl":"https:\/\/www.beautypristroje.sk\/wp-content\/uploads\/2026\/03\/ChatGPT-Image-Mar-24-2026-09_17_17-PM.png","width":1536,"height":1024,"caption":"\u010distiace tekutiny, Dr. Meso"},{"@type":"BreadcrumbList","@id":"https:\/\/www.beautypristroje.sk\/produkt\/cistiace-pletove-esencie-dr-meso\/#breadcrumb","itemListElement":[{"@type":"ListItem","position":1,"name":"Domovsk\u00e1 str\u00e1nka","item":"https:\/\/www.beautypristroje.sk\/"},{"@type":"ListItem","position":2,"name":"Obchod","item":"https:\/\/www.beautypristroje.sk\/obchod\/"},{"@type":"ListItem","position":3,"name":"\u010cistiace ple\u0165ov\u00e9 esencie Dr. Meso (set)"}]},{"@type":"WebSite","@id":"https:\/\/www.beautypristroje.sk\/#website","url":"https:\/\/www.beautypristroje.sk\/","name":"Beauty pr\u00edstroje","description":"Profesion\u00e1lne kozmetick\u00e9 pr\u00edstroje pre sal\u00f3ny a kliniky","potentialAction":[{"@type":"SearchAction","target":{"@type":"EntryPoint","urlTemplate":"https:\/\/www.beautypristroje.sk\/?s={search_term_string}"},"query-input":{"@type":"PropertyValueSpecification","valueRequired":true,"valueName":"search_term_string"}}],"inLanguage":"en-GB"}]}},"_links":{"self":[{"href":"https:\/\/www.beautypristroje.sk\/en\/wp-json\/wp\/v2\/product\/3009","targetHints":{"allow":["GET"]}}],"collection":[{"href":"https:\/\/www.beautypristroje.sk\/en\/wp-json\/wp\/v2\/product"}],"about":[{"href":"https:\/\/www.beautypristroje.sk\/en\/wp-json\/wp\/v2\/types\/product"}],"replies":[{"embeddable":true,"href":"https:\/\/www.beautypristroje.sk\/en\/wp-json\/wp\/v2\/comments?post=3009"}],"wp:featuredmedia":[{"embeddable":true,"href":"https:\/\/www.beautypristroje.sk\/en\/wp-json\/wp\/v2\/media\/3010"}],"wp:attachment":[{"href":"https:\/\/www.beautypristroje.sk\/en\/wp-json\/wp\/v2\/media?parent=3009"}],"wp:term":[{"taxonomy":"product_brand","embeddable":true,"href":"https:\/\/www.beautypristroje.sk\/en\/wp-json\/wp\/v2\/product_brand?post=3009"},{"taxonomy":"product_cat","embeddable":true,"href":"https:\/\/www.beautypristroje.sk\/en\/wp-json\/wp\/v2\/product_cat?post=3009"},{"taxonomy":"product_tag","embeddable":true,"href":"https:\/\/www.beautypristroje.sk\/en\/wp-json\/wp\/v2\/product_tag?post=3009"}],"curies":[{"name":"wp","href":"https:\/\/api.w.org\/{rel}","templated":true}]}}