{"id":3004,"date":"2026-03-17T13:57:37","date_gmt":"2026-03-17T12:57:37","guid":{"rendered":"https:\/\/www.beautypristroje.sk\/?post_type=product&#038;p=3004"},"modified":"2026-03-17T13:59:17","modified_gmt":"2026-03-17T12:59:17","slug":"mfu-cartridge-sd","status":"publish","type":"product","link":"https:\/\/www.beautypristroje.sk\/en\/product\/mfu-cartridge-sd\/","title":{"rendered":"MFU cartridge SD"},"content":{"rendered":"<div class=\"flex max-w-full flex-col gap-4 grow\">\n<div class=\"min-h-8 text-message relative flex w-full flex-col items-end gap-2 text-start break-words whitespace-normal [.text-message+&amp;]:mt-1\" dir=\"auto\" data-message-author-role=\"assistant\" data-message-id=\"553e8079-a3ac-41a3-8a88-6fb72259b10d\" data-message-model-slug=\"gpt-5-3\">\n<div class=\"flex w-full flex-col gap-1 empty:hidden\">\n<div class=\"markdown prose dark:prose-invert w-full wrap-break-word light markdown-new-styling\">\n<p data-start=\"44\" data-end=\"281\">N\u00e1hradn\u00fd SD cartridge je ur\u010den\u00fd pre prec\u00edzne a cielen\u00e9 o\u0161etrenia pomocou pr\u00edstroja MFU, najm\u00e4 v men\u0161\u00edch a \u0165a\u017e\u0161ie dostupn\u00fdch oblastiach. V\u010faka \u0161peci\u00e1lnemu dizajnu umo\u017e\u0148uje maxim\u00e1lnu kontrolu pri aplik\u00e1cii energie a vysok\u00fa presnos\u0165 z\u00e1sahu.<\/p>\n<p data-start=\"283\" data-end=\"462\">Je ide\u00e1lny na detailn\u00e9 o\u0161etrenia, kde je potrebn\u00e1 jemnos\u0165, presnos\u0165 a individu\u00e1lny pr\u00edstup. Cartridge zabezpe\u010duje rovnomern\u00fd v\u00fdkon, vysok\u00fa bezpe\u010dnos\u0165 a hygienu pri ka\u017edom pou\u017eit\u00ed.<\/p>\n<p data-start=\"464\" data-end=\"482\"><strong data-start=\"464\" data-end=\"482\">Hlavn\u00e9 v\u00fdhody:<\/strong><\/p>\n<ul data-start=\"483\" data-end=\"683\">\n<li data-section-id=\"1pijgh9\" data-start=\"483\" data-end=\"525\">\n<p data-start=\"485\" data-end=\"525\">vysok\u00e1 presnos\u0165 pre detailn\u00e9 o\u0161etrenia<\/p>\n<\/li>\n<li data-section-id=\"1nfqx31\" data-start=\"526\" data-end=\"566\">\n<p data-start=\"528\" data-end=\"566\">ide\u00e1lny pre men\u0161ie a citliv\u00e9 oblasti<\/p>\n<\/li>\n<li data-section-id=\"126bxrg\" data-start=\"567\" data-end=\"614\">\n<p data-start=\"569\" data-end=\"614\">rovnomern\u00e1 a kontrolovan\u00e1 aplik\u00e1cia energie<\/p>\n<\/li>\n<li data-section-id=\"sd5lw2\" data-start=\"615\" data-end=\"649\">\n<p data-start=\"617\" data-end=\"649\">bezpe\u010dn\u00e9 a hygienick\u00e9 pou\u017eitie<\/p>\n<\/li>\n<li data-section-id=\"11ap967\" data-start=\"650\" data-end=\"683\">\n<p data-start=\"652\" data-end=\"683\">kompatibiln\u00fd s MFU pr\u00edstrojmi<\/p>\n<\/li>\n<\/ul>\n<p data-start=\"685\" data-end=\"699\"><strong data-start=\"685\" data-end=\"699\">Vhodn\u00e9 na:<\/strong><\/p>\n<ul data-start=\"700\" data-end=\"809\">\n<li data-section-id=\"1mksgju\" data-start=\"700\" data-end=\"738\">\n<p data-start=\"702\" data-end=\"738\">prec\u00edzne o\u0161etrenie drobn\u00fdch parti\u00ed<\/p>\n<\/li>\n<li data-section-id=\"1j53q\" data-start=\"739\" data-end=\"764\">\n<p data-start=\"741\" data-end=\"764\">citliv\u00e9 oblasti tv\u00e1re<\/p>\n<\/li>\n<li data-section-id=\"1cxhnb0\" data-start=\"765\" data-end=\"809\">\n<p data-start=\"767\" data-end=\"809\">detailn\u00e9 \u00fapravy a dokon\u010dovacie o\u0161etrenia<\/p>\n<\/li>\n<\/ul>\n<p data-start=\"891\" data-end=\"943\">Vhodn\u00e9 pre profesion\u00e1lne pou\u017eitie v kozmetick\u00fdch a estetick\u00fdch zariadeniach<a href=\"https:\/\/www.beautypristroje.sk\/produkt\/luxury-mfu-10d-glamour\/\"> MFU<\/a><\/p>\n<\/div>\n<\/div>\n<\/div>\n<\/div>\n<h3><strong>S\u00falad s MDR<\/strong><\/h3>\n<p>Pr\u00edstroj nie je zdravotn\u00edcka pom\u00f4cka, je ur\u010den\u00fd pre kozmetick\u00e9 a estetick\u00e9 \u00fa\u010dely a sp\u013a\u0148a po\u017eiadavky E\u00da pre kozmetick\u00e9 estetick\u00e9 zariadenia \u2013 CE, bezpe\u010dnostn\u00e9 normy, technick\u00e9 limity.<\/p>\n","protected":false},"excerpt":{"rendered":"<p>N\u00e1hradn\u00fd cartridge MFU SD<\/p>","protected":false},"featured_media":0,"comment_status":"closed","ping_status":"closed","template":"","meta":{"_acf_changed":false},"product_brand":[],"product_cat":[27,15],"product_tag":[],"class_list":{"0":"post-3004","1":"product","2":"type-product","3":"status-publish","5":"product_cat-accessories","6":"product_cat-beauty-technologie","8":"first","9":"instock","10":"taxable","11":"shipping-taxable","12":"purchasable","13":"product-type-simple"},"acf":[],"yoast_head":"<!-- This site is optimized with the Yoast SEO plugin v27.5 - https:\/\/yoast.com\/product\/yoast-seo-wordpress\/ -->\n<title>MFU cartridge SD - Beauty pr\u00edstroje<\/title>\n<meta name=\"description\" content=\"Luxury MFU 10D Glamour cartrige SD - N\u00e1hradn\u00fd SD cartridge je ur\u010den\u00fd pre profesion\u00e1lne o\u0161etrenia pomocou pr\u00edstroja MFU\" \/>\n<meta name=\"robots\" content=\"index, follow, max-snippet:-1, max-image-preview:large, max-video-preview:-1\" \/>\n<link rel=\"canonical\" href=\"https:\/\/www.beautypristroje.sk\/en\/product\/mfu-cartridge-sd\/\" \/>\n<meta property=\"og:locale\" content=\"en_GB\" \/>\n<meta property=\"og:type\" content=\"article\" \/>\n<meta property=\"og:title\" content=\"MFU cartridge SD - Beauty pr\u00edstroje\" \/>\n<meta property=\"og:description\" content=\"Luxury MFU 10D Glamour cartrige SD - N\u00e1hradn\u00fd SD cartridge je ur\u010den\u00fd pre profesion\u00e1lne o\u0161etrenia pomocou pr\u00edstroja MFU\" \/>\n<meta property=\"og:url\" content=\"https:\/\/www.beautypristroje.sk\/en\/product\/mfu-cartridge-sd\/\" \/>\n<meta property=\"og:site_name\" content=\"Beauty pr\u00edstroje\" \/>\n<meta property=\"article:modified_time\" content=\"2026-03-17T12:59:17+00:00\" \/>\n<meta name=\"twitter:card\" content=\"summary_large_image\" \/>\n<meta name=\"twitter:label1\" content=\"Estimated reading time\" \/>\n\t<meta name=\"twitter:data1\" content=\"1 minute\" \/>\n<script type=\"application\/ld+json\" class=\"yoast-schema-graph\">{\"@context\":\"https:\\\/\\\/schema.org\",\"@graph\":[{\"@type\":\"WebPage\",\"@id\":\"https:\\\/\\\/www.beautypristroje.sk\\\/produkt\\\/mfu-cartridge-sd\\\/\",\"url\":\"https:\\\/\\\/www.beautypristroje.sk\\\/produkt\\\/mfu-cartridge-sd\\\/\",\"name\":\"MFU cartridge SD - Beauty pr\u00edstroje\",\"isPartOf\":{\"@id\":\"https:\\\/\\\/www.beautypristroje.sk\\\/#website\"},\"datePublished\":\"2026-03-17T12:57:37+00:00\",\"dateModified\":\"2026-03-17T12:59:17+00:00\",\"description\":\"Luxury MFU 10D Glamour cartrige SD - N\u00e1hradn\u00fd SD cartridge je ur\u010den\u00fd pre profesion\u00e1lne o\u0161etrenia pomocou pr\u00edstroja MFU\",\"breadcrumb\":{\"@id\":\"https:\\\/\\\/www.beautypristroje.sk\\\/produkt\\\/mfu-cartridge-sd\\\/#breadcrumb\"},\"inLanguage\":\"en-GB\",\"potentialAction\":[{\"@type\":\"ReadAction\",\"target\":[\"https:\\\/\\\/www.beautypristroje.sk\\\/produkt\\\/mfu-cartridge-sd\\\/\"]}]},{\"@type\":\"BreadcrumbList\",\"@id\":\"https:\\\/\\\/www.beautypristroje.sk\\\/produkt\\\/mfu-cartridge-sd\\\/#breadcrumb\",\"itemListElement\":[{\"@type\":\"ListItem\",\"position\":1,\"name\":\"Domovsk\u00e1 str\u00e1nka\",\"item\":\"https:\\\/\\\/www.beautypristroje.sk\\\/\"},{\"@type\":\"ListItem\",\"position\":2,\"name\":\"Obchod\",\"item\":\"https:\\\/\\\/www.beautypristroje.sk\\\/obchod\\\/\"},{\"@type\":\"ListItem\",\"position\":3,\"name\":\"MFU cartridge SD\"}]},{\"@type\":\"WebSite\",\"@id\":\"https:\\\/\\\/www.beautypristroje.sk\\\/#website\",\"url\":\"https:\\\/\\\/www.beautypristroje.sk\\\/\",\"name\":\"Beauty pr\u00edstroje\",\"description\":\"Profesion\u00e1lne kozmetick\u00e9 pr\u00edstroje pre sal\u00f3ny a kliniky\",\"potentialAction\":[{\"@type\":\"SearchAction\",\"target\":{\"@type\":\"EntryPoint\",\"urlTemplate\":\"https:\\\/\\\/www.beautypristroje.sk\\\/?s={search_term_string}\"},\"query-input\":{\"@type\":\"PropertyValueSpecification\",\"valueRequired\":true,\"valueName\":\"search_term_string\"}}],\"inLanguage\":\"en-GB\"}]}<\/script>\n<!-- \/ Yoast SEO plugin. -->","yoast_head_json":{"title":"MFU cartridge SD - Beauty pr\u00edstroje","description":"Luxury MFU 10D Glamour cartrige SD - N\u00e1hradn\u00fd SD cartridge je ur\u010den\u00fd pre profesion\u00e1lne o\u0161etrenia pomocou pr\u00edstroja MFU","robots":{"index":"index","follow":"follow","max-snippet":"max-snippet:-1","max-image-preview":"max-image-preview:large","max-video-preview":"max-video-preview:-1"},"canonical":"https:\/\/www.beautypristroje.sk\/en\/product\/mfu-cartridge-sd\/","og_locale":"en_GB","og_type":"article","og_title":"MFU cartridge SD - Beauty pr\u00edstroje","og_description":"Luxury MFU 10D Glamour cartrige SD - N\u00e1hradn\u00fd SD cartridge je ur\u010den\u00fd pre profesion\u00e1lne o\u0161etrenia pomocou pr\u00edstroja MFU","og_url":"https:\/\/www.beautypristroje.sk\/en\/product\/mfu-cartridge-sd\/","og_site_name":"Beauty pr\u00edstroje","article_modified_time":"2026-03-17T12:59:17+00:00","twitter_card":"summary_large_image","twitter_misc":{"Estimated reading time":"1 minute"},"schema":{"@context":"https:\/\/schema.org","@graph":[{"@type":"WebPage","@id":"https:\/\/www.beautypristroje.sk\/produkt\/mfu-cartridge-sd\/","url":"https:\/\/www.beautypristroje.sk\/produkt\/mfu-cartridge-sd\/","name":"MFU cartridge SD - Beauty pr\u00edstroje","isPartOf":{"@id":"https:\/\/www.beautypristroje.sk\/#website"},"datePublished":"2026-03-17T12:57:37+00:00","dateModified":"2026-03-17T12:59:17+00:00","description":"Luxury MFU 10D Glamour cartrige SD - N\u00e1hradn\u00fd SD cartridge je ur\u010den\u00fd pre profesion\u00e1lne o\u0161etrenia pomocou pr\u00edstroja MFU","breadcrumb":{"@id":"https:\/\/www.beautypristroje.sk\/produkt\/mfu-cartridge-sd\/#breadcrumb"},"inLanguage":"en-GB","potentialAction":[{"@type":"ReadAction","target":["https:\/\/www.beautypristroje.sk\/produkt\/mfu-cartridge-sd\/"]}]},{"@type":"BreadcrumbList","@id":"https:\/\/www.beautypristroje.sk\/produkt\/mfu-cartridge-sd\/#breadcrumb","itemListElement":[{"@type":"ListItem","position":1,"name":"Domovsk\u00e1 str\u00e1nka","item":"https:\/\/www.beautypristroje.sk\/"},{"@type":"ListItem","position":2,"name":"Obchod","item":"https:\/\/www.beautypristroje.sk\/obchod\/"},{"@type":"ListItem","position":3,"name":"MFU cartridge SD"}]},{"@type":"WebSite","@id":"https:\/\/www.beautypristroje.sk\/#website","url":"https:\/\/www.beautypristroje.sk\/","name":"Beauty pr\u00edstroje","description":"Profesion\u00e1lne kozmetick\u00e9 pr\u00edstroje pre sal\u00f3ny a kliniky","potentialAction":[{"@type":"SearchAction","target":{"@type":"EntryPoint","urlTemplate":"https:\/\/www.beautypristroje.sk\/?s={search_term_string}"},"query-input":{"@type":"PropertyValueSpecification","valueRequired":true,"valueName":"search_term_string"}}],"inLanguage":"en-GB"}]}},"_links":{"self":[{"href":"https:\/\/www.beautypristroje.sk\/en\/wp-json\/wp\/v2\/product\/3004","targetHints":{"allow":["GET"]}}],"collection":[{"href":"https:\/\/www.beautypristroje.sk\/en\/wp-json\/wp\/v2\/product"}],"about":[{"href":"https:\/\/www.beautypristroje.sk\/en\/wp-json\/wp\/v2\/types\/product"}],"replies":[{"embeddable":true,"href":"https:\/\/www.beautypristroje.sk\/en\/wp-json\/wp\/v2\/comments?post=3004"}],"wp:attachment":[{"href":"https:\/\/www.beautypristroje.sk\/en\/wp-json\/wp\/v2\/media?parent=3004"}],"wp:term":[{"taxonomy":"product_brand","embeddable":true,"href":"https:\/\/www.beautypristroje.sk\/en\/wp-json\/wp\/v2\/product_brand?post=3004"},{"taxonomy":"product_cat","embeddable":true,"href":"https:\/\/www.beautypristroje.sk\/en\/wp-json\/wp\/v2\/product_cat?post=3004"},{"taxonomy":"product_tag","embeddable":true,"href":"https:\/\/www.beautypristroje.sk\/en\/wp-json\/wp\/v2\/product_tag?post=3004"}],"curies":[{"name":"wp","href":"https:\/\/api.w.org\/{rel}","templated":true}]}}