{"id":2999,"date":"2026-03-17T13:39:28","date_gmt":"2026-03-17T12:39:28","guid":{"rendered":"https:\/\/www.beautypristroje.sk\/?post_type=product&#038;p=2999"},"modified":"2026-03-17T13:47:24","modified_gmt":"2026-03-17T12:47:24","slug":"luxury-mfu-10d-glamour-cartrige-w9","status":"publish","type":"product","link":"https:\/\/www.beautypristroje.sk\/en\/product\/luxury-mfu-10d-glamour-cartrige-w9\/","title":{"rendered":"MFU cartridge FL W9"},"content":{"rendered":"<div class=\"flex max-w-full flex-col gap-4 grow\">\n<div class=\"min-h-8 text-message relative flex w-full flex-col items-end gap-2 text-start break-words whitespace-normal [.text-message+&amp;]:mt-1\" dir=\"auto\" data-message-author-role=\"assistant\" data-message-id=\"553e8079-a3ac-41a3-8a88-6fb72259b10d\" data-message-model-slug=\"gpt-5-3\">\n<div class=\"flex w-full flex-col gap-1 empty:hidden\">\n<div class=\"markdown prose dark:prose-invert w-full wrap-break-word light markdown-new-styling\">\n<p data-start=\"44\" data-end=\"288\">N\u00e1hradn\u00fd cartridge FL W9 je ur\u010den\u00fd pre najintenz\u00edvnej\u0161ie telov\u00e9 o\u0161etrenia so zameran\u00edm na hlbok\u00e9 vrstvy tukov\u00e9ho tkaniva. V\u010faka h\u013abke penetr\u00e1cie 9 mm je ide\u00e1lny na redukciu objemu, formovanie postavy a spevnenie poko\u017eky v problematick\u00fdch parti\u00e1ch.<\/p>\n<p data-start=\"290\" data-end=\"515\">Cartridge poskytuje vysokov\u00fdkonn\u00fa a rovnomern\u00fa aplik\u00e1ciu energie, \u010d\u00edm zabezpe\u010duje efekt\u00edvne a dlhodobo vidite\u013en\u00e9 v\u00fdsledky. Je navrhnut\u00fd pre profesion\u00e1lne pou\u017eitie s d\u00f4razom na maxim\u00e1lnu bezpe\u010dnos\u0165, hygienu a spo\u013eahliv\u00fd v\u00fdkon.<\/p>\n<h3 data-start=\"517\" data-end=\"535\"><strong data-start=\"517\" data-end=\"535\">Hlavn\u00e9 v\u00fdhody:<\/strong><\/h3>\n<ul data-start=\"536\" data-end=\"821\">\n<li data-section-id=\"8zlccr\" data-start=\"536\" data-end=\"602\">\n<p data-start=\"538\" data-end=\"602\">h\u013abka penetr\u00e1cie 9 mm \u2013 p\u00f4sobenie v hlbok\u00fdch tukov\u00fdch vrstv\u00e1ch<\/p>\n<\/li>\n<li data-section-id=\"rnvkse\" data-start=\"603\" data-end=\"657\">\n<p data-start=\"605\" data-end=\"657\">efekt\u00edvna redukcia objemu a formovanie kont\u00far tela<\/p>\n<\/li>\n<li data-section-id=\"g9ntw4\" data-start=\"658\" data-end=\"710\">\n<p data-start=\"660\" data-end=\"710\">podpora spevnenia a zlep\u0161enia elasticity poko\u017eky<\/p>\n<\/li>\n<li data-section-id=\"138q1nz\" data-start=\"711\" data-end=\"752\">\n<p data-start=\"713\" data-end=\"752\">presn\u00e1 a rovnomern\u00e1 aplik\u00e1cia energie<\/p>\n<\/li>\n<li data-section-id=\"dm1l02\" data-start=\"753\" data-end=\"787\">\n<p data-start=\"755\" data-end=\"787\">hygienick\u00e9 a bezpe\u010dn\u00e9 pou\u017eitie<\/p>\n<\/li>\n<li data-section-id=\"11ap967\" data-start=\"788\" data-end=\"821\">\n<p data-start=\"790\" data-end=\"821\">kompatibiln\u00fd s MFU pr\u00edstrojmi<\/p>\n<\/li>\n<\/ul>\n<h3 data-start=\"823\" data-end=\"837\"><strong data-start=\"823\" data-end=\"837\">Vhodn\u00e9 na:<\/strong><\/h3>\n<ul data-start=\"838\" data-end=\"943\">\n<li data-section-id=\"klzvci\" data-start=\"838\" data-end=\"860\">\n<p data-start=\"840\" data-end=\"860\">formovanie postavy<\/p>\n<\/li>\n<li data-section-id=\"t4y9zu\" data-start=\"861\" data-end=\"888\">\n<p data-start=\"863\" data-end=\"888\">redukciu tukov\u00fdch z\u00e1sob<\/p>\n<\/li>\n<li data-section-id=\"on2t4k\" data-start=\"889\" data-end=\"943\">\n<p data-start=\"891\" data-end=\"943\">o\u0161etrenie oblast\u00ed ako brucho, boky, stehn\u00e1, chrb\u00e1t<\/p>\n<\/li>\n<\/ul>\n<\/div>\n<\/div>\n<\/div>\n<\/div>\n<div class=\"mt-3 w-full empty:hidden\">\n<div class=\"text-center\">\n<div>\n<div class=\"inline-flex border border-gray-100 dark:border-gray-700 rounded-xl\">\n<div class=\"bg-token-main-surface-tertiary w-px flex-1 self-stretch\">Vhodn\u00e9 pre profesion\u00e1lne pou\u017eitie v kozmetick\u00fdch a estetick\u00fdch zariadeniach<a href=\"https:\/\/www.beautypristroje.sk\/produkt\/luxury-mfu-10d-glamour\/\"> MFU<\/a><\/div>\n<\/div>\n<\/div>\n<\/div>\n<\/div>\n<h3><strong>S\u00falad s MDR<\/strong><\/h3>\n<p>Pr\u00edstroj nie je zdravotn\u00edcka pom\u00f4cka, je ur\u010den\u00fd pre kozmetick\u00e9 a estetick\u00e9 \u00fa\u010dely a sp\u013a\u0148a po\u017eiadavky E\u00da pre kozmetick\u00e9 estetick\u00e9 zariadenia \u2013 CE, bezpe\u010dnostn\u00e9 normy, technick\u00e9 limity.<\/p>\n","protected":false},"excerpt":{"rendered":"<p>N\u00e1hradn\u00fd cartridge MFU FL W9<\/p>","protected":false},"featured_media":3001,"comment_status":"closed","ping_status":"closed","template":"","meta":{"_acf_changed":false},"product_brand":[],"product_cat":[27,15],"product_tag":[],"class_list":{"0":"post-2999","1":"product","2":"type-product","3":"status-publish","4":"has-post-thumbnail","6":"product_cat-accessories","7":"product_cat-beauty-technologie","9":"first","10":"instock","11":"taxable","12":"shipping-taxable","13":"purchasable","14":"product-type-simple"},"acf":[],"yoast_head":"<!-- This site is optimized with the Yoast SEO plugin v27.5 - https:\/\/yoast.com\/product\/yoast-seo-wordpress\/ -->\n<title>MFU cartridge FL W9 - Beauty pr\u00edstroje<\/title>\n<meta name=\"description\" content=\"Luxury MFU 10D Glamour cartrige FL W9 - N\u00e1hradn\u00fd cartridge FL W9 je ur\u010den\u00fd pre profesion\u00e1lne o\u0161etrenia pomocou pr\u00edstroja MFU\" \/>\n<meta name=\"robots\" content=\"index, follow, max-snippet:-1, max-image-preview:large, max-video-preview:-1\" \/>\n<link rel=\"canonical\" href=\"https:\/\/www.beautypristroje.sk\/en\/product\/luxury-mfu-10d-glamour-cartrige-w9\/\" \/>\n<meta property=\"og:locale\" content=\"en_GB\" \/>\n<meta property=\"og:type\" content=\"article\" \/>\n<meta property=\"og:title\" content=\"MFU cartridge FL W9 - Beauty pr\u00edstroje\" \/>\n<meta property=\"og:description\" content=\"Luxury MFU 10D Glamour cartrige FL W9 - N\u00e1hradn\u00fd cartridge FL W9 je ur\u010den\u00fd pre profesion\u00e1lne o\u0161etrenia pomocou pr\u00edstroja MFU\" \/>\n<meta property=\"og:url\" content=\"https:\/\/www.beautypristroje.sk\/en\/product\/luxury-mfu-10d-glamour-cartrige-w9\/\" \/>\n<meta property=\"og:site_name\" content=\"Beauty pr\u00edstroje\" \/>\n<meta property=\"article:modified_time\" content=\"2026-03-17T12:47:24+00:00\" \/>\n<meta property=\"og:image\" content=\"https:\/\/www.beautypristroje.sk\/wp-content\/uploads\/2026\/03\/cartridge_MFU_W9.png\" \/>\n\t<meta property=\"og:image:width\" content=\"594\" \/>\n\t<meta property=\"og:image:height\" content=\"529\" \/>\n\t<meta property=\"og:image:type\" content=\"image\/png\" \/>\n<meta name=\"twitter:card\" content=\"summary_large_image\" \/>\n<meta name=\"twitter:label1\" content=\"Estimated reading time\" \/>\n\t<meta name=\"twitter:data1\" content=\"2 minutes\" \/>\n<script type=\"application\/ld+json\" class=\"yoast-schema-graph\">{\"@context\":\"https:\\\/\\\/schema.org\",\"@graph\":[{\"@type\":\"WebPage\",\"@id\":\"https:\\\/\\\/www.beautypristroje.sk\\\/produkt\\\/luxury-mfu-10d-glamour-cartrige-w9\\\/\",\"url\":\"https:\\\/\\\/www.beautypristroje.sk\\\/produkt\\\/luxury-mfu-10d-glamour-cartrige-w9\\\/\",\"name\":\"MFU cartridge FL W9 - Beauty pr\u00edstroje\",\"isPartOf\":{\"@id\":\"https:\\\/\\\/www.beautypristroje.sk\\\/#website\"},\"primaryImageOfPage\":{\"@id\":\"https:\\\/\\\/www.beautypristroje.sk\\\/produkt\\\/luxury-mfu-10d-glamour-cartrige-w9\\\/#primaryimage\"},\"image\":{\"@id\":\"https:\\\/\\\/www.beautypristroje.sk\\\/produkt\\\/luxury-mfu-10d-glamour-cartrige-w9\\\/#primaryimage\"},\"thumbnailUrl\":\"https:\\\/\\\/www.beautypristroje.sk\\\/wp-content\\\/uploads\\\/2026\\\/03\\\/cartridge_MFU_W9.png\",\"datePublished\":\"2026-03-17T12:39:28+00:00\",\"dateModified\":\"2026-03-17T12:47:24+00:00\",\"description\":\"Luxury MFU 10D Glamour cartrige FL W9 - N\u00e1hradn\u00fd cartridge FL W9 je ur\u010den\u00fd pre profesion\u00e1lne o\u0161etrenia pomocou pr\u00edstroja MFU\",\"breadcrumb\":{\"@id\":\"https:\\\/\\\/www.beautypristroje.sk\\\/produkt\\\/luxury-mfu-10d-glamour-cartrige-w9\\\/#breadcrumb\"},\"inLanguage\":\"en-GB\",\"potentialAction\":[{\"@type\":\"ReadAction\",\"target\":[\"https:\\\/\\\/www.beautypristroje.sk\\\/produkt\\\/luxury-mfu-10d-glamour-cartrige-w9\\\/\"]}]},{\"@type\":\"ImageObject\",\"inLanguage\":\"en-GB\",\"@id\":\"https:\\\/\\\/www.beautypristroje.sk\\\/produkt\\\/luxury-mfu-10d-glamour-cartrige-w9\\\/#primaryimage\",\"url\":\"https:\\\/\\\/www.beautypristroje.sk\\\/wp-content\\\/uploads\\\/2026\\\/03\\\/cartridge_MFU_W9.png\",\"contentUrl\":\"https:\\\/\\\/www.beautypristroje.sk\\\/wp-content\\\/uploads\\\/2026\\\/03\\\/cartridge_MFU_W9.png\",\"width\":594,\"height\":529,\"caption\":\"cartridge MFU FL W9\"},{\"@type\":\"BreadcrumbList\",\"@id\":\"https:\\\/\\\/www.beautypristroje.sk\\\/produkt\\\/luxury-mfu-10d-glamour-cartrige-w9\\\/#breadcrumb\",\"itemListElement\":[{\"@type\":\"ListItem\",\"position\":1,\"name\":\"Domovsk\u00e1 str\u00e1nka\",\"item\":\"https:\\\/\\\/www.beautypristroje.sk\\\/\"},{\"@type\":\"ListItem\",\"position\":2,\"name\":\"Obchod\",\"item\":\"https:\\\/\\\/www.beautypristroje.sk\\\/obchod\\\/\"},{\"@type\":\"ListItem\",\"position\":3,\"name\":\"MFU cartridge FL W9\"}]},{\"@type\":\"WebSite\",\"@id\":\"https:\\\/\\\/www.beautypristroje.sk\\\/#website\",\"url\":\"https:\\\/\\\/www.beautypristroje.sk\\\/\",\"name\":\"Beauty pr\u00edstroje\",\"description\":\"Profesion\u00e1lne kozmetick\u00e9 pr\u00edstroje pre sal\u00f3ny a kliniky\",\"potentialAction\":[{\"@type\":\"SearchAction\",\"target\":{\"@type\":\"EntryPoint\",\"urlTemplate\":\"https:\\\/\\\/www.beautypristroje.sk\\\/?s={search_term_string}\"},\"query-input\":{\"@type\":\"PropertyValueSpecification\",\"valueRequired\":true,\"valueName\":\"search_term_string\"}}],\"inLanguage\":\"en-GB\"}]}<\/script>\n<!-- \/ Yoast SEO plugin. -->","yoast_head_json":{"title":"MFU cartridge FL W9 - Beauty pr\u00edstroje","description":"Luxury MFU 10D Glamour cartrige FL W9 - N\u00e1hradn\u00fd cartridge FL W9 je ur\u010den\u00fd pre profesion\u00e1lne o\u0161etrenia pomocou pr\u00edstroja MFU","robots":{"index":"index","follow":"follow","max-snippet":"max-snippet:-1","max-image-preview":"max-image-preview:large","max-video-preview":"max-video-preview:-1"},"canonical":"https:\/\/www.beautypristroje.sk\/en\/product\/luxury-mfu-10d-glamour-cartrige-w9\/","og_locale":"en_GB","og_type":"article","og_title":"MFU cartridge FL W9 - Beauty pr\u00edstroje","og_description":"Luxury MFU 10D Glamour cartrige FL W9 - N\u00e1hradn\u00fd cartridge FL W9 je ur\u010den\u00fd pre profesion\u00e1lne o\u0161etrenia pomocou pr\u00edstroja MFU","og_url":"https:\/\/www.beautypristroje.sk\/en\/product\/luxury-mfu-10d-glamour-cartrige-w9\/","og_site_name":"Beauty pr\u00edstroje","article_modified_time":"2026-03-17T12:47:24+00:00","og_image":[{"width":594,"height":529,"url":"https:\/\/www.beautypristroje.sk\/wp-content\/uploads\/2026\/03\/cartridge_MFU_W9.png","type":"image\/png"}],"twitter_card":"summary_large_image","twitter_misc":{"Estimated reading time":"2 minutes"},"schema":{"@context":"https:\/\/schema.org","@graph":[{"@type":"WebPage","@id":"https:\/\/www.beautypristroje.sk\/produkt\/luxury-mfu-10d-glamour-cartrige-w9\/","url":"https:\/\/www.beautypristroje.sk\/produkt\/luxury-mfu-10d-glamour-cartrige-w9\/","name":"MFU cartridge FL W9 - Beauty pr\u00edstroje","isPartOf":{"@id":"https:\/\/www.beautypristroje.sk\/#website"},"primaryImageOfPage":{"@id":"https:\/\/www.beautypristroje.sk\/produkt\/luxury-mfu-10d-glamour-cartrige-w9\/#primaryimage"},"image":{"@id":"https:\/\/www.beautypristroje.sk\/produkt\/luxury-mfu-10d-glamour-cartrige-w9\/#primaryimage"},"thumbnailUrl":"https:\/\/www.beautypristroje.sk\/wp-content\/uploads\/2026\/03\/cartridge_MFU_W9.png","datePublished":"2026-03-17T12:39:28+00:00","dateModified":"2026-03-17T12:47:24+00:00","description":"Luxury MFU 10D Glamour cartrige FL W9 - N\u00e1hradn\u00fd cartridge FL W9 je ur\u010den\u00fd pre profesion\u00e1lne o\u0161etrenia pomocou pr\u00edstroja MFU","breadcrumb":{"@id":"https:\/\/www.beautypristroje.sk\/produkt\/luxury-mfu-10d-glamour-cartrige-w9\/#breadcrumb"},"inLanguage":"en-GB","potentialAction":[{"@type":"ReadAction","target":["https:\/\/www.beautypristroje.sk\/produkt\/luxury-mfu-10d-glamour-cartrige-w9\/"]}]},{"@type":"ImageObject","inLanguage":"en-GB","@id":"https:\/\/www.beautypristroje.sk\/produkt\/luxury-mfu-10d-glamour-cartrige-w9\/#primaryimage","url":"https:\/\/www.beautypristroje.sk\/wp-content\/uploads\/2026\/03\/cartridge_MFU_W9.png","contentUrl":"https:\/\/www.beautypristroje.sk\/wp-content\/uploads\/2026\/03\/cartridge_MFU_W9.png","width":594,"height":529,"caption":"cartridge MFU FL W9"},{"@type":"BreadcrumbList","@id":"https:\/\/www.beautypristroje.sk\/produkt\/luxury-mfu-10d-glamour-cartrige-w9\/#breadcrumb","itemListElement":[{"@type":"ListItem","position":1,"name":"Domovsk\u00e1 str\u00e1nka","item":"https:\/\/www.beautypristroje.sk\/"},{"@type":"ListItem","position":2,"name":"Obchod","item":"https:\/\/www.beautypristroje.sk\/obchod\/"},{"@type":"ListItem","position":3,"name":"MFU cartridge FL W9"}]},{"@type":"WebSite","@id":"https:\/\/www.beautypristroje.sk\/#website","url":"https:\/\/www.beautypristroje.sk\/","name":"Beauty pr\u00edstroje","description":"Profesion\u00e1lne kozmetick\u00e9 pr\u00edstroje pre sal\u00f3ny a kliniky","potentialAction":[{"@type":"SearchAction","target":{"@type":"EntryPoint","urlTemplate":"https:\/\/www.beautypristroje.sk\/?s={search_term_string}"},"query-input":{"@type":"PropertyValueSpecification","valueRequired":true,"valueName":"search_term_string"}}],"inLanguage":"en-GB"}]}},"_links":{"self":[{"href":"https:\/\/www.beautypristroje.sk\/en\/wp-json\/wp\/v2\/product\/2999","targetHints":{"allow":["GET"]}}],"collection":[{"href":"https:\/\/www.beautypristroje.sk\/en\/wp-json\/wp\/v2\/product"}],"about":[{"href":"https:\/\/www.beautypristroje.sk\/en\/wp-json\/wp\/v2\/types\/product"}],"replies":[{"embeddable":true,"href":"https:\/\/www.beautypristroje.sk\/en\/wp-json\/wp\/v2\/comments?post=2999"}],"wp:featuredmedia":[{"embeddable":true,"href":"https:\/\/www.beautypristroje.sk\/en\/wp-json\/wp\/v2\/media\/3001"}],"wp:attachment":[{"href":"https:\/\/www.beautypristroje.sk\/en\/wp-json\/wp\/v2\/media?parent=2999"}],"wp:term":[{"taxonomy":"product_brand","embeddable":true,"href":"https:\/\/www.beautypristroje.sk\/en\/wp-json\/wp\/v2\/product_brand?post=2999"},{"taxonomy":"product_cat","embeddable":true,"href":"https:\/\/www.beautypristroje.sk\/en\/wp-json\/wp\/v2\/product_cat?post=2999"},{"taxonomy":"product_tag","embeddable":true,"href":"https:\/\/www.beautypristroje.sk\/en\/wp-json\/wp\/v2\/product_tag?post=2999"}],"curies":[{"name":"wp","href":"https:\/\/api.w.org\/{rel}","templated":true}]}}