{"id":2995,"date":"2026-03-17T13:35:06","date_gmt":"2026-03-17T12:35:06","guid":{"rendered":"https:\/\/www.beautypristroje.sk\/?post_type=product&#038;p=2995"},"modified":"2026-03-17T13:49:35","modified_gmt":"2026-03-17T12:49:35","slug":"luxury-mfu-10d-glamour-cartrige-n3","status":"publish","type":"product","link":"https:\/\/www.beautypristroje.sk\/en\/product\/luxury-mfu-10d-glamour-cartrige-n3\/","title":{"rendered":"MFU cartridge FL N3"},"content":{"rendered":"<div class=\"flex max-w-full flex-col gap-4 grow\">\n<div class=\"min-h-8 text-message relative flex w-full flex-col items-end gap-2 text-start break-words whitespace-normal [.text-message+&amp;]:mt-1\" dir=\"auto\" data-message-author-role=\"assistant\" data-message-id=\"553e8079-a3ac-41a3-8a88-6fb72259b10d\" data-message-model-slug=\"gpt-5-3\">\n<div class=\"flex w-full flex-col gap-1 empty:hidden\">\n<div class=\"markdown prose dark:prose-invert w-full wrap-break-word light markdown-new-styling\">\n<p data-start=\"44\" data-end=\"293\">N\u00e1hradn\u00fd cartridge FL N3 je navrhnut\u00fd pre intenz\u00edvnej\u0161ie o\u0161etrenia zameran\u00e9 na hlb\u0161ie vrstvy poko\u017eky. V\u010faka v\u00e4\u010d\u0161ej h\u013abke penetr\u00e1cie je ide\u00e1lny na spevnenie ochabnutej pleti, zv\u00fdraznenie kont\u00far tv\u00e1re a podporu liftingov\u00e9ho efektu bez invaz\u00edvneho z\u00e1sahu.<\/p>\n<p data-start=\"295\" data-end=\"547\">Cartridge zabezpe\u010duje presn\u00fa a konzistentn\u00fa aplik\u00e1ciu energie, \u010d\u00edm prispieva k dlhodobo vidite\u013en\u00fdm v\u00fdsledkom. Je vyroben\u00fd s d\u00f4razom na maxim\u00e1lnu bezpe\u010dnos\u0165, hygienu a spo\u013eahliv\u00fd v\u00fdkon, \u010do z neho rob\u00ed ide\u00e1lnu vo\u013ebu pre profesion\u00e1lne estetick\u00e9 o\u0161etrenia.<\/p>\n<p data-start=\"549\" data-end=\"567\"><strong data-start=\"549\" data-end=\"567\">Hlavn\u00e9 v\u00fdhody:<\/strong><\/p>\n<ul data-start=\"568\" data-end=\"803\">\n<li data-section-id=\"1il2my2\" data-start=\"568\" data-end=\"608\">\n<p data-start=\"570\" data-end=\"608\">p\u00f4sobenie v hlb\u0161\u00edch vrstv\u00e1ch poko\u017eky<\/p>\n<\/li>\n<li data-section-id=\"120h0th\" data-start=\"609\" data-end=\"650\">\n<p data-start=\"611\" data-end=\"650\">v\u00fdrazn\u00fd liftingov\u00fd a spev\u0148uj\u00faci efekt<\/p>\n<\/li>\n<li data-section-id=\"15ldr38\" data-start=\"651\" data-end=\"692\">\n<p data-start=\"653\" data-end=\"692\">podpora tvorby kolag\u00e9nu a regener\u00e1cie<\/p>\n<\/li>\n<li data-section-id=\"138q1nz\" data-start=\"693\" data-end=\"734\">\n<p data-start=\"695\" data-end=\"734\">presn\u00e1 a rovnomern\u00e1 aplik\u00e1cia energie<\/p>\n<\/li>\n<li data-section-id=\"dm1l02\" data-start=\"735\" data-end=\"769\">\n<p data-start=\"737\" data-end=\"769\">hygienick\u00e9 a bezpe\u010dn\u00e9 pou\u017eitie<\/p>\n<\/li>\n<li data-section-id=\"11ap967\" data-start=\"770\" data-end=\"803\">\n<p data-start=\"772\" data-end=\"803\">kompatibiln\u00fd s MFU pr\u00edstrojmi<\/p>\n<\/li>\n<\/ul>\n<p data-start=\"805\" data-end=\"819\"><strong data-start=\"805\" data-end=\"819\">Vhodn\u00e9 na:<\/strong><\/p>\n<ul data-start=\"820\" data-end=\"906\">\n<li data-section-id=\"1j1knut\" data-start=\"820\" data-end=\"856\">\n<p data-start=\"822\" data-end=\"856\">lifting a spevnenie kont\u00far tv\u00e1re<\/p>\n<\/li>\n<li data-section-id=\"1myabdt\" data-start=\"857\" data-end=\"878\">\n<p data-start=\"859\" data-end=\"878\">ochabnut\u00fa poko\u017eku<\/p>\n<\/li>\n<li data-section-id=\"z7k8dl\" data-start=\"879\" data-end=\"906\">\n<p data-start=\"881\" data-end=\"906\">redukciu hlb\u0161\u00edch vr\u00e1sok<\/p>\n<\/li>\n<\/ul>\n<\/div>\n<\/div>\n<\/div>\n<\/div>\n<div class=\"mt-3 w-full empty:hidden\">\n<div class=\"text-center\">\n<div>\n<div class=\"inline-flex border border-gray-100 dark:border-gray-700 rounded-xl\">\n<div class=\"bg-token-main-surface-tertiary w-px flex-1 self-stretch\">Vhodn\u00e9 pre profesion\u00e1lne pou\u017eitie v kozmetick\u00fdch a estetick\u00fdch zariadeniach<a href=\"https:\/\/www.beautypristroje.sk\/produkt\/luxury-mfu-10d-glamour\/\"> MFU<\/a><\/div>\n<\/div>\n<\/div>\n<\/div>\n<\/div>\n<h3><strong>S\u00falad s MDR<\/strong><\/h3>\n<p>Pr\u00edstroj nie je zdravotn\u00edcka pom\u00f4cka, je ur\u010den\u00fd pre kozmetick\u00e9 a estetick\u00e9 \u00fa\u010dely a sp\u013a\u0148a po\u017eiadavky E\u00da pre kozmetick\u00e9 estetick\u00e9 zariadenia \u2013 CE, bezpe\u010dnostn\u00e9 normy, technick\u00e9 limity.<\/p>\n","protected":false},"excerpt":{"rendered":"<p>N\u00e1hradn\u00fd cartridge MFU FL N3<\/p>","protected":false},"featured_media":2996,"comment_status":"closed","ping_status":"closed","template":"","meta":{"_acf_changed":false},"product_brand":[],"product_cat":[27,15],"product_tag":[],"class_list":{"0":"post-2995","1":"product","2":"type-product","3":"status-publish","4":"has-post-thumbnail","6":"product_cat-accessories","7":"product_cat-beauty-technologie","9":"first","10":"instock","11":"taxable","12":"shipping-taxable","13":"purchasable","14":"product-type-simple"},"acf":[],"yoast_head":"<!-- This site is optimized with the Yoast SEO plugin v27.5 - https:\/\/yoast.com\/product\/yoast-seo-wordpress\/ -->\n<title>MFU cartridge FL N3 - Beauty pr\u00edstroje<\/title>\n<meta name=\"description\" content=\"Luxury MFU 10D Glamour cartrige FL N3 - N\u00e1hradn\u00fd cartridge N3 je ur\u010den\u00fd pre profesion\u00e1lne o\u0161etrenia pomocou pr\u00edstroja MFU\" \/>\n<meta name=\"robots\" content=\"index, follow, max-snippet:-1, max-image-preview:large, max-video-preview:-1\" \/>\n<link rel=\"canonical\" href=\"https:\/\/www.beautypristroje.sk\/en\/product\/luxury-mfu-10d-glamour-cartrige-n3\/\" \/>\n<meta property=\"og:locale\" content=\"en_GB\" \/>\n<meta property=\"og:type\" content=\"article\" \/>\n<meta property=\"og:title\" content=\"MFU cartridge FL N3 - Beauty pr\u00edstroje\" \/>\n<meta property=\"og:description\" content=\"Luxury MFU 10D Glamour cartrige FL N3 - N\u00e1hradn\u00fd cartridge N3 je ur\u010den\u00fd pre profesion\u00e1lne o\u0161etrenia pomocou pr\u00edstroja MFU\" \/>\n<meta property=\"og:url\" content=\"https:\/\/www.beautypristroje.sk\/en\/product\/luxury-mfu-10d-glamour-cartrige-n3\/\" \/>\n<meta property=\"og:site_name\" content=\"Beauty pr\u00edstroje\" \/>\n<meta property=\"article:modified_time\" content=\"2026-03-17T12:49:35+00:00\" \/>\n<meta property=\"og:image\" content=\"https:\/\/www.beautypristroje.sk\/wp-content\/uploads\/2026\/03\/cartridge_MFU_N3.png\" \/>\n\t<meta property=\"og:image:width\" content=\"594\" \/>\n\t<meta property=\"og:image:height\" content=\"529\" \/>\n\t<meta property=\"og:image:type\" content=\"image\/png\" \/>\n<meta name=\"twitter:card\" content=\"summary_large_image\" \/>\n<meta name=\"twitter:label1\" content=\"Estimated reading time\" \/>\n\t<meta name=\"twitter:data1\" content=\"2 minutes\" \/>\n<script type=\"application\/ld+json\" class=\"yoast-schema-graph\">{\"@context\":\"https:\\\/\\\/schema.org\",\"@graph\":[{\"@type\":\"WebPage\",\"@id\":\"https:\\\/\\\/www.beautypristroje.sk\\\/produkt\\\/luxury-mfu-10d-glamour-cartrige-n3\\\/\",\"url\":\"https:\\\/\\\/www.beautypristroje.sk\\\/produkt\\\/luxury-mfu-10d-glamour-cartrige-n3\\\/\",\"name\":\"MFU cartridge FL N3 - Beauty pr\u00edstroje\",\"isPartOf\":{\"@id\":\"https:\\\/\\\/www.beautypristroje.sk\\\/#website\"},\"primaryImageOfPage\":{\"@id\":\"https:\\\/\\\/www.beautypristroje.sk\\\/produkt\\\/luxury-mfu-10d-glamour-cartrige-n3\\\/#primaryimage\"},\"image\":{\"@id\":\"https:\\\/\\\/www.beautypristroje.sk\\\/produkt\\\/luxury-mfu-10d-glamour-cartrige-n3\\\/#primaryimage\"},\"thumbnailUrl\":\"https:\\\/\\\/www.beautypristroje.sk\\\/wp-content\\\/uploads\\\/2026\\\/03\\\/cartridge_MFU_N3.png\",\"datePublished\":\"2026-03-17T12:35:06+00:00\",\"dateModified\":\"2026-03-17T12:49:35+00:00\",\"description\":\"Luxury MFU 10D Glamour cartrige FL N3 - N\u00e1hradn\u00fd cartridge N3 je ur\u010den\u00fd pre profesion\u00e1lne o\u0161etrenia pomocou pr\u00edstroja MFU\",\"breadcrumb\":{\"@id\":\"https:\\\/\\\/www.beautypristroje.sk\\\/produkt\\\/luxury-mfu-10d-glamour-cartrige-n3\\\/#breadcrumb\"},\"inLanguage\":\"en-GB\",\"potentialAction\":[{\"@type\":\"ReadAction\",\"target\":[\"https:\\\/\\\/www.beautypristroje.sk\\\/produkt\\\/luxury-mfu-10d-glamour-cartrige-n3\\\/\"]}]},{\"@type\":\"ImageObject\",\"inLanguage\":\"en-GB\",\"@id\":\"https:\\\/\\\/www.beautypristroje.sk\\\/produkt\\\/luxury-mfu-10d-glamour-cartrige-n3\\\/#primaryimage\",\"url\":\"https:\\\/\\\/www.beautypristroje.sk\\\/wp-content\\\/uploads\\\/2026\\\/03\\\/cartridge_MFU_N3.png\",\"contentUrl\":\"https:\\\/\\\/www.beautypristroje.sk\\\/wp-content\\\/uploads\\\/2026\\\/03\\\/cartridge_MFU_N3.png\",\"width\":594,\"height\":529,\"caption\":\"cartridge MFU N3\"},{\"@type\":\"BreadcrumbList\",\"@id\":\"https:\\\/\\\/www.beautypristroje.sk\\\/produkt\\\/luxury-mfu-10d-glamour-cartrige-n3\\\/#breadcrumb\",\"itemListElement\":[{\"@type\":\"ListItem\",\"position\":1,\"name\":\"Domovsk\u00e1 str\u00e1nka\",\"item\":\"https:\\\/\\\/www.beautypristroje.sk\\\/\"},{\"@type\":\"ListItem\",\"position\":2,\"name\":\"Obchod\",\"item\":\"https:\\\/\\\/www.beautypristroje.sk\\\/obchod\\\/\"},{\"@type\":\"ListItem\",\"position\":3,\"name\":\"MFU cartridge FL N3\"}]},{\"@type\":\"WebSite\",\"@id\":\"https:\\\/\\\/www.beautypristroje.sk\\\/#website\",\"url\":\"https:\\\/\\\/www.beautypristroje.sk\\\/\",\"name\":\"Beauty pr\u00edstroje\",\"description\":\"Profesion\u00e1lne kozmetick\u00e9 pr\u00edstroje pre sal\u00f3ny a kliniky\",\"potentialAction\":[{\"@type\":\"SearchAction\",\"target\":{\"@type\":\"EntryPoint\",\"urlTemplate\":\"https:\\\/\\\/www.beautypristroje.sk\\\/?s={search_term_string}\"},\"query-input\":{\"@type\":\"PropertyValueSpecification\",\"valueRequired\":true,\"valueName\":\"search_term_string\"}}],\"inLanguage\":\"en-GB\"}]}<\/script>\n<!-- \/ Yoast SEO plugin. -->","yoast_head_json":{"title":"MFU cartridge FL N3 - Beauty pr\u00edstroje","description":"Luxury MFU 10D Glamour cartrige FL N3 - N\u00e1hradn\u00fd cartridge N3 je ur\u010den\u00fd pre profesion\u00e1lne o\u0161etrenia pomocou pr\u00edstroja MFU","robots":{"index":"index","follow":"follow","max-snippet":"max-snippet:-1","max-image-preview":"max-image-preview:large","max-video-preview":"max-video-preview:-1"},"canonical":"https:\/\/www.beautypristroje.sk\/en\/product\/luxury-mfu-10d-glamour-cartrige-n3\/","og_locale":"en_GB","og_type":"article","og_title":"MFU cartridge FL N3 - Beauty pr\u00edstroje","og_description":"Luxury MFU 10D Glamour cartrige FL N3 - N\u00e1hradn\u00fd cartridge N3 je ur\u010den\u00fd pre profesion\u00e1lne o\u0161etrenia pomocou pr\u00edstroja MFU","og_url":"https:\/\/www.beautypristroje.sk\/en\/product\/luxury-mfu-10d-glamour-cartrige-n3\/","og_site_name":"Beauty pr\u00edstroje","article_modified_time":"2026-03-17T12:49:35+00:00","og_image":[{"width":594,"height":529,"url":"https:\/\/www.beautypristroje.sk\/wp-content\/uploads\/2026\/03\/cartridge_MFU_N3.png","type":"image\/png"}],"twitter_card":"summary_large_image","twitter_misc":{"Estimated reading time":"2 minutes"},"schema":{"@context":"https:\/\/schema.org","@graph":[{"@type":"WebPage","@id":"https:\/\/www.beautypristroje.sk\/produkt\/luxury-mfu-10d-glamour-cartrige-n3\/","url":"https:\/\/www.beautypristroje.sk\/produkt\/luxury-mfu-10d-glamour-cartrige-n3\/","name":"MFU cartridge FL N3 - Beauty pr\u00edstroje","isPartOf":{"@id":"https:\/\/www.beautypristroje.sk\/#website"},"primaryImageOfPage":{"@id":"https:\/\/www.beautypristroje.sk\/produkt\/luxury-mfu-10d-glamour-cartrige-n3\/#primaryimage"},"image":{"@id":"https:\/\/www.beautypristroje.sk\/produkt\/luxury-mfu-10d-glamour-cartrige-n3\/#primaryimage"},"thumbnailUrl":"https:\/\/www.beautypristroje.sk\/wp-content\/uploads\/2026\/03\/cartridge_MFU_N3.png","datePublished":"2026-03-17T12:35:06+00:00","dateModified":"2026-03-17T12:49:35+00:00","description":"Luxury MFU 10D Glamour cartrige FL N3 - N\u00e1hradn\u00fd cartridge N3 je ur\u010den\u00fd pre profesion\u00e1lne o\u0161etrenia pomocou pr\u00edstroja MFU","breadcrumb":{"@id":"https:\/\/www.beautypristroje.sk\/produkt\/luxury-mfu-10d-glamour-cartrige-n3\/#breadcrumb"},"inLanguage":"en-GB","potentialAction":[{"@type":"ReadAction","target":["https:\/\/www.beautypristroje.sk\/produkt\/luxury-mfu-10d-glamour-cartrige-n3\/"]}]},{"@type":"ImageObject","inLanguage":"en-GB","@id":"https:\/\/www.beautypristroje.sk\/produkt\/luxury-mfu-10d-glamour-cartrige-n3\/#primaryimage","url":"https:\/\/www.beautypristroje.sk\/wp-content\/uploads\/2026\/03\/cartridge_MFU_N3.png","contentUrl":"https:\/\/www.beautypristroje.sk\/wp-content\/uploads\/2026\/03\/cartridge_MFU_N3.png","width":594,"height":529,"caption":"cartridge MFU N3"},{"@type":"BreadcrumbList","@id":"https:\/\/www.beautypristroje.sk\/produkt\/luxury-mfu-10d-glamour-cartrige-n3\/#breadcrumb","itemListElement":[{"@type":"ListItem","position":1,"name":"Domovsk\u00e1 str\u00e1nka","item":"https:\/\/www.beautypristroje.sk\/"},{"@type":"ListItem","position":2,"name":"Obchod","item":"https:\/\/www.beautypristroje.sk\/obchod\/"},{"@type":"ListItem","position":3,"name":"MFU cartridge FL N3"}]},{"@type":"WebSite","@id":"https:\/\/www.beautypristroje.sk\/#website","url":"https:\/\/www.beautypristroje.sk\/","name":"Beauty pr\u00edstroje","description":"Profesion\u00e1lne kozmetick\u00e9 pr\u00edstroje pre sal\u00f3ny a kliniky","potentialAction":[{"@type":"SearchAction","target":{"@type":"EntryPoint","urlTemplate":"https:\/\/www.beautypristroje.sk\/?s={search_term_string}"},"query-input":{"@type":"PropertyValueSpecification","valueRequired":true,"valueName":"search_term_string"}}],"inLanguage":"en-GB"}]}},"_links":{"self":[{"href":"https:\/\/www.beautypristroje.sk\/en\/wp-json\/wp\/v2\/product\/2995","targetHints":{"allow":["GET"]}}],"collection":[{"href":"https:\/\/www.beautypristroje.sk\/en\/wp-json\/wp\/v2\/product"}],"about":[{"href":"https:\/\/www.beautypristroje.sk\/en\/wp-json\/wp\/v2\/types\/product"}],"replies":[{"embeddable":true,"href":"https:\/\/www.beautypristroje.sk\/en\/wp-json\/wp\/v2\/comments?post=2995"}],"wp:featuredmedia":[{"embeddable":true,"href":"https:\/\/www.beautypristroje.sk\/en\/wp-json\/wp\/v2\/media\/2996"}],"wp:attachment":[{"href":"https:\/\/www.beautypristroje.sk\/en\/wp-json\/wp\/v2\/media?parent=2995"}],"wp:term":[{"taxonomy":"product_brand","embeddable":true,"href":"https:\/\/www.beautypristroje.sk\/en\/wp-json\/wp\/v2\/product_brand?post=2995"},{"taxonomy":"product_cat","embeddable":true,"href":"https:\/\/www.beautypristroje.sk\/en\/wp-json\/wp\/v2\/product_cat?post=2995"},{"taxonomy":"product_tag","embeddable":true,"href":"https:\/\/www.beautypristroje.sk\/en\/wp-json\/wp\/v2\/product_tag?post=2995"}],"curies":[{"name":"wp","href":"https:\/\/api.w.org\/{rel}","templated":true}]}}