{"id":2993,"date":"2026-03-17T13:31:51","date_gmt":"2026-03-17T12:31:51","guid":{"rendered":"https:\/\/www.beautypristroje.sk\/?post_type=product&#038;p=2993"},"modified":"2026-03-17T13:50:53","modified_gmt":"2026-03-17T12:50:53","slug":"luxury-mfu-10d-glamour-cartrige-s2","status":"publish","type":"product","link":"https:\/\/www.beautypristroje.sk\/en\/product\/luxury-mfu-10d-glamour-cartrige-s2\/","title":{"rendered":"MFU cartridge FL S2"},"content":{"rendered":"<div class=\"flex max-w-full flex-col gap-4 grow\">\n<div class=\"min-h-8 text-message relative flex w-full flex-col items-end gap-2 text-start break-words whitespace-normal [.text-message+&amp;]:mt-1\" dir=\"auto\" data-message-author-role=\"assistant\" data-message-id=\"553e8079-a3ac-41a3-8a88-6fb72259b10d\" data-message-model-slug=\"gpt-5-3\">\n<div class=\"flex w-full flex-col gap-1 empty:hidden\">\n<div class=\"markdown prose dark:prose-invert w-full wrap-break-word light markdown-new-styling\">\n<p data-start=\"44\" data-end=\"310\">N\u00e1hradn\u00fd cartridge FL S2 je ur\u010den\u00fd pre efekt\u00edvne o\u0161etrenia pomocou pr\u00edstroja MFU so zameran\u00edm na stredn\u00e9 vrstvy poko\u017eky. V\u010faka optim\u00e1lnej h\u013abke penetr\u00e1cie je ide\u00e1lny na spevnenie pleti, redukciu jemn\u00fdch a\u017e stredne hlbok\u00fdch vr\u00e1sok a celkov\u00e9 zlep\u0161enie elasticity poko\u017eky.<\/p>\n<p data-start=\"312\" data-end=\"517\">Cartridge poskytuje presn\u00fa a rovnomern\u00fa aplik\u00e1ciu energie, \u010d\u00edm zabezpe\u010duje konzistentn\u00e9 a vidite\u013en\u00e9 v\u00fdsledky. Je navrhnut\u00fd s d\u00f4razom na maxim\u00e1lnu hygienu, bezpe\u010dnos\u0165 a spo\u013eahliv\u00fd v\u00fdkon pri ka\u017edom o\u0161etren\u00ed.<\/p>\n<p data-start=\"519\" data-end=\"537\"><strong data-start=\"519\" data-end=\"537\">Hlavn\u00e9 v\u00fdhody:<\/strong><\/p>\n<ul data-start=\"538\" data-end=\"788\">\n<li data-section-id=\"bl4v11\" data-start=\"538\" data-end=\"589\">\n<p data-start=\"540\" data-end=\"589\">ide\u00e1lny pre o\u0161etrenie stredn\u00fdch vrstiev poko\u017eky<\/p>\n<\/li>\n<li data-section-id=\"fup6h2\" data-start=\"590\" data-end=\"630\">\n<p data-start=\"592\" data-end=\"630\">podpora spevnenia a elasticity pleti<\/p>\n<\/li>\n<li data-section-id=\"1nf2wlo\" data-start=\"631\" data-end=\"677\">\n<p data-start=\"633\" data-end=\"677\">redukcia jemn\u00fdch a stredne hlbok\u00fdch vr\u00e1sok<\/p>\n<\/li>\n<li data-section-id=\"138q1nz\" data-start=\"678\" data-end=\"719\">\n<p data-start=\"680\" data-end=\"719\">presn\u00e1 a rovnomern\u00e1 aplik\u00e1cia energie<\/p>\n<\/li>\n<li data-section-id=\"dm1l02\" data-start=\"720\" data-end=\"754\">\n<p data-start=\"722\" data-end=\"754\">hygienick\u00e9 a bezpe\u010dn\u00e9 pou\u017eitie<\/p>\n<\/li>\n<li data-section-id=\"11ap967\" data-start=\"755\" data-end=\"788\">\n<p data-start=\"757\" data-end=\"788\">kompatibiln\u00fd s MFU pr\u00edstrojmi<\/p>\n<\/li>\n<\/ul>\n<p data-start=\"790\" data-end=\"804\"><strong data-start=\"790\" data-end=\"804\">Vhodn\u00e9 na:<\/strong><\/p>\n<ul data-start=\"805\" data-end=\"890\">\n<li data-section-id=\"2sdbcj\" data-start=\"805\" data-end=\"831\">\n<p data-start=\"807\" data-end=\"831\">spevnenie kont\u00far tv\u00e1re<\/p>\n<\/li>\n<li data-section-id=\"585u14\" data-start=\"832\" data-end=\"851\">\n<p data-start=\"834\" data-end=\"851\">redukciu vr\u00e1sok<\/p>\n<\/li>\n<li data-section-id=\"1w2j4i1\" data-start=\"852\" data-end=\"890\">\n<p data-start=\"854\" data-end=\"890\">zlep\u0161enie tonusu a kvality poko\u017eky<\/p>\n<\/li>\n<\/ul>\n<\/div>\n<\/div>\n<\/div>\n<\/div>\n<div class=\"mt-3 w-full empty:hidden\">\n<div class=\"text-center\">\n<div>\n<div class=\"inline-flex border border-gray-100 dark:border-gray-700 rounded-xl\">\n<div class=\"bg-token-main-surface-tertiary w-px flex-1 self-stretch\">Vhodn\u00e9 pre profesion\u00e1lne pou\u017eitie v kozmetick\u00fdch a estetick\u00fdch zariadeniach<a href=\"https:\/\/www.beautypristroje.sk\/produkt\/luxury-mfu-10d-glamour\/\"> MFU<\/a><\/div>\n<\/div>\n<\/div>\n<\/div>\n<\/div>\n<h3><strong>S\u00falad s MDR<\/strong><\/h3>\n<p>Pr\u00edstroj nie je zdravotn\u00edcka pom\u00f4cka, je ur\u010den\u00fd pre kozmetick\u00e9 a estetick\u00e9 \u00fa\u010dely a sp\u013a\u0148a po\u017eiadavky E\u00da pre kozmetick\u00e9 estetick\u00e9 zariadenia \u2013 CE, bezpe\u010dnostn\u00e9 normy, technick\u00e9 limity.<\/p>\n","protected":false},"excerpt":{"rendered":"<p>N\u00e1hradn\u00fd cartridge MFU FL S2<\/p>","protected":false},"featured_media":2994,"comment_status":"closed","ping_status":"closed","template":"","meta":{"_acf_changed":false},"product_brand":[],"product_cat":[27,15],"product_tag":[],"class_list":{"0":"post-2993","1":"product","2":"type-product","3":"status-publish","4":"has-post-thumbnail","6":"product_cat-accessories","7":"product_cat-beauty-technologie","9":"first","10":"instock","11":"taxable","12":"shipping-taxable","13":"purchasable","14":"product-type-simple"},"acf":[],"yoast_head":"<!-- This site is optimized with the Yoast SEO plugin v27.5 - https:\/\/yoast.com\/product\/yoast-seo-wordpress\/ -->\n<title>MFU cartridge FL S2 - Beauty pr\u00edstroje<\/title>\n<meta name=\"description\" content=\"Luxury MFU 10D Glamour cartrige FL S2 - N\u00e1hradn\u00fd cartridge S2 je ur\u010den\u00fd pre profesion\u00e1lne o\u0161etrenia pomocou pr\u00edstroja MFU\" \/>\n<meta name=\"robots\" content=\"index, follow, max-snippet:-1, max-image-preview:large, max-video-preview:-1\" \/>\n<link rel=\"canonical\" href=\"https:\/\/www.beautypristroje.sk\/en\/product\/luxury-mfu-10d-glamour-cartrige-s2\/\" \/>\n<meta property=\"og:locale\" content=\"en_GB\" \/>\n<meta property=\"og:type\" content=\"article\" \/>\n<meta property=\"og:title\" content=\"MFU cartridge FL S2 - Beauty pr\u00edstroje\" \/>\n<meta property=\"og:description\" content=\"Luxury MFU 10D Glamour cartrige FL S2 - N\u00e1hradn\u00fd cartridge S2 je ur\u010den\u00fd pre profesion\u00e1lne o\u0161etrenia pomocou pr\u00edstroja MFU\" \/>\n<meta property=\"og:url\" content=\"https:\/\/www.beautypristroje.sk\/en\/product\/luxury-mfu-10d-glamour-cartrige-s2\/\" \/>\n<meta property=\"og:site_name\" content=\"Beauty pr\u00edstroje\" \/>\n<meta property=\"article:modified_time\" content=\"2026-03-17T12:50:53+00:00\" \/>\n<meta property=\"og:image\" content=\"https:\/\/www.beautypristroje.sk\/wp-content\/uploads\/2026\/03\/cartridge_MFU_S2.png\" \/>\n\t<meta property=\"og:image:width\" content=\"594\" \/>\n\t<meta property=\"og:image:height\" content=\"529\" \/>\n\t<meta property=\"og:image:type\" content=\"image\/png\" \/>\n<meta name=\"twitter:card\" content=\"summary_large_image\" \/>\n<meta name=\"twitter:label1\" content=\"Estimated reading time\" \/>\n\t<meta name=\"twitter:data1\" content=\"2 minutes\" \/>\n<script type=\"application\/ld+json\" class=\"yoast-schema-graph\">{\"@context\":\"https:\\\/\\\/schema.org\",\"@graph\":[{\"@type\":\"WebPage\",\"@id\":\"https:\\\/\\\/www.beautypristroje.sk\\\/produkt\\\/luxury-mfu-10d-glamour-cartrige-s2\\\/\",\"url\":\"https:\\\/\\\/www.beautypristroje.sk\\\/produkt\\\/luxury-mfu-10d-glamour-cartrige-s2\\\/\",\"name\":\"MFU cartridge FL S2 - Beauty pr\u00edstroje\",\"isPartOf\":{\"@id\":\"https:\\\/\\\/www.beautypristroje.sk\\\/#website\"},\"primaryImageOfPage\":{\"@id\":\"https:\\\/\\\/www.beautypristroje.sk\\\/produkt\\\/luxury-mfu-10d-glamour-cartrige-s2\\\/#primaryimage\"},\"image\":{\"@id\":\"https:\\\/\\\/www.beautypristroje.sk\\\/produkt\\\/luxury-mfu-10d-glamour-cartrige-s2\\\/#primaryimage\"},\"thumbnailUrl\":\"https:\\\/\\\/www.beautypristroje.sk\\\/wp-content\\\/uploads\\\/2026\\\/03\\\/cartridge_MFU_S2.png\",\"datePublished\":\"2026-03-17T12:31:51+00:00\",\"dateModified\":\"2026-03-17T12:50:53+00:00\",\"description\":\"Luxury MFU 10D Glamour cartrige FL S2 - N\u00e1hradn\u00fd cartridge S2 je ur\u010den\u00fd pre profesion\u00e1lne o\u0161etrenia pomocou pr\u00edstroja MFU\",\"breadcrumb\":{\"@id\":\"https:\\\/\\\/www.beautypristroje.sk\\\/produkt\\\/luxury-mfu-10d-glamour-cartrige-s2\\\/#breadcrumb\"},\"inLanguage\":\"en-GB\",\"potentialAction\":[{\"@type\":\"ReadAction\",\"target\":[\"https:\\\/\\\/www.beautypristroje.sk\\\/produkt\\\/luxury-mfu-10d-glamour-cartrige-s2\\\/\"]}]},{\"@type\":\"ImageObject\",\"inLanguage\":\"en-GB\",\"@id\":\"https:\\\/\\\/www.beautypristroje.sk\\\/produkt\\\/luxury-mfu-10d-glamour-cartrige-s2\\\/#primaryimage\",\"url\":\"https:\\\/\\\/www.beautypristroje.sk\\\/wp-content\\\/uploads\\\/2026\\\/03\\\/cartridge_MFU_S2.png\",\"contentUrl\":\"https:\\\/\\\/www.beautypristroje.sk\\\/wp-content\\\/uploads\\\/2026\\\/03\\\/cartridge_MFU_S2.png\",\"width\":594,\"height\":529,\"caption\":\"MFU cartridge S2\"},{\"@type\":\"BreadcrumbList\",\"@id\":\"https:\\\/\\\/www.beautypristroje.sk\\\/produkt\\\/luxury-mfu-10d-glamour-cartrige-s2\\\/#breadcrumb\",\"itemListElement\":[{\"@type\":\"ListItem\",\"position\":1,\"name\":\"Domovsk\u00e1 str\u00e1nka\",\"item\":\"https:\\\/\\\/www.beautypristroje.sk\\\/\"},{\"@type\":\"ListItem\",\"position\":2,\"name\":\"Obchod\",\"item\":\"https:\\\/\\\/www.beautypristroje.sk\\\/obchod\\\/\"},{\"@type\":\"ListItem\",\"position\":3,\"name\":\"MFU cartridge FL S2\"}]},{\"@type\":\"WebSite\",\"@id\":\"https:\\\/\\\/www.beautypristroje.sk\\\/#website\",\"url\":\"https:\\\/\\\/www.beautypristroje.sk\\\/\",\"name\":\"Beauty pr\u00edstroje\",\"description\":\"Profesion\u00e1lne kozmetick\u00e9 pr\u00edstroje pre sal\u00f3ny a kliniky\",\"potentialAction\":[{\"@type\":\"SearchAction\",\"target\":{\"@type\":\"EntryPoint\",\"urlTemplate\":\"https:\\\/\\\/www.beautypristroje.sk\\\/?s={search_term_string}\"},\"query-input\":{\"@type\":\"PropertyValueSpecification\",\"valueRequired\":true,\"valueName\":\"search_term_string\"}}],\"inLanguage\":\"en-GB\"}]}<\/script>\n<!-- \/ Yoast SEO plugin. -->","yoast_head_json":{"title":"MFU cartridge FL S2 - Beauty pr\u00edstroje","description":"Luxury MFU 10D Glamour cartrige FL S2 - N\u00e1hradn\u00fd cartridge S2 je ur\u010den\u00fd pre profesion\u00e1lne o\u0161etrenia pomocou pr\u00edstroja MFU","robots":{"index":"index","follow":"follow","max-snippet":"max-snippet:-1","max-image-preview":"max-image-preview:large","max-video-preview":"max-video-preview:-1"},"canonical":"https:\/\/www.beautypristroje.sk\/en\/product\/luxury-mfu-10d-glamour-cartrige-s2\/","og_locale":"en_GB","og_type":"article","og_title":"MFU cartridge FL S2 - Beauty pr\u00edstroje","og_description":"Luxury MFU 10D Glamour cartrige FL S2 - N\u00e1hradn\u00fd cartridge S2 je ur\u010den\u00fd pre profesion\u00e1lne o\u0161etrenia pomocou pr\u00edstroja MFU","og_url":"https:\/\/www.beautypristroje.sk\/en\/product\/luxury-mfu-10d-glamour-cartrige-s2\/","og_site_name":"Beauty pr\u00edstroje","article_modified_time":"2026-03-17T12:50:53+00:00","og_image":[{"width":594,"height":529,"url":"https:\/\/www.beautypristroje.sk\/wp-content\/uploads\/2026\/03\/cartridge_MFU_S2.png","type":"image\/png"}],"twitter_card":"summary_large_image","twitter_misc":{"Estimated reading time":"2 minutes"},"schema":{"@context":"https:\/\/schema.org","@graph":[{"@type":"WebPage","@id":"https:\/\/www.beautypristroje.sk\/produkt\/luxury-mfu-10d-glamour-cartrige-s2\/","url":"https:\/\/www.beautypristroje.sk\/produkt\/luxury-mfu-10d-glamour-cartrige-s2\/","name":"MFU cartridge FL S2 - Beauty pr\u00edstroje","isPartOf":{"@id":"https:\/\/www.beautypristroje.sk\/#website"},"primaryImageOfPage":{"@id":"https:\/\/www.beautypristroje.sk\/produkt\/luxury-mfu-10d-glamour-cartrige-s2\/#primaryimage"},"image":{"@id":"https:\/\/www.beautypristroje.sk\/produkt\/luxury-mfu-10d-glamour-cartrige-s2\/#primaryimage"},"thumbnailUrl":"https:\/\/www.beautypristroje.sk\/wp-content\/uploads\/2026\/03\/cartridge_MFU_S2.png","datePublished":"2026-03-17T12:31:51+00:00","dateModified":"2026-03-17T12:50:53+00:00","description":"Luxury MFU 10D Glamour cartrige FL S2 - N\u00e1hradn\u00fd cartridge S2 je ur\u010den\u00fd pre profesion\u00e1lne o\u0161etrenia pomocou pr\u00edstroja MFU","breadcrumb":{"@id":"https:\/\/www.beautypristroje.sk\/produkt\/luxury-mfu-10d-glamour-cartrige-s2\/#breadcrumb"},"inLanguage":"en-GB","potentialAction":[{"@type":"ReadAction","target":["https:\/\/www.beautypristroje.sk\/produkt\/luxury-mfu-10d-glamour-cartrige-s2\/"]}]},{"@type":"ImageObject","inLanguage":"en-GB","@id":"https:\/\/www.beautypristroje.sk\/produkt\/luxury-mfu-10d-glamour-cartrige-s2\/#primaryimage","url":"https:\/\/www.beautypristroje.sk\/wp-content\/uploads\/2026\/03\/cartridge_MFU_S2.png","contentUrl":"https:\/\/www.beautypristroje.sk\/wp-content\/uploads\/2026\/03\/cartridge_MFU_S2.png","width":594,"height":529,"caption":"MFU cartridge S2"},{"@type":"BreadcrumbList","@id":"https:\/\/www.beautypristroje.sk\/produkt\/luxury-mfu-10d-glamour-cartrige-s2\/#breadcrumb","itemListElement":[{"@type":"ListItem","position":1,"name":"Domovsk\u00e1 str\u00e1nka","item":"https:\/\/www.beautypristroje.sk\/"},{"@type":"ListItem","position":2,"name":"Obchod","item":"https:\/\/www.beautypristroje.sk\/obchod\/"},{"@type":"ListItem","position":3,"name":"MFU cartridge FL S2"}]},{"@type":"WebSite","@id":"https:\/\/www.beautypristroje.sk\/#website","url":"https:\/\/www.beautypristroje.sk\/","name":"Beauty pr\u00edstroje","description":"Profesion\u00e1lne kozmetick\u00e9 pr\u00edstroje pre sal\u00f3ny a kliniky","potentialAction":[{"@type":"SearchAction","target":{"@type":"EntryPoint","urlTemplate":"https:\/\/www.beautypristroje.sk\/?s={search_term_string}"},"query-input":{"@type":"PropertyValueSpecification","valueRequired":true,"valueName":"search_term_string"}}],"inLanguage":"en-GB"}]}},"_links":{"self":[{"href":"https:\/\/www.beautypristroje.sk\/en\/wp-json\/wp\/v2\/product\/2993","targetHints":{"allow":["GET"]}}],"collection":[{"href":"https:\/\/www.beautypristroje.sk\/en\/wp-json\/wp\/v2\/product"}],"about":[{"href":"https:\/\/www.beautypristroje.sk\/en\/wp-json\/wp\/v2\/types\/product"}],"replies":[{"embeddable":true,"href":"https:\/\/www.beautypristroje.sk\/en\/wp-json\/wp\/v2\/comments?post=2993"}],"wp:featuredmedia":[{"embeddable":true,"href":"https:\/\/www.beautypristroje.sk\/en\/wp-json\/wp\/v2\/media\/2994"}],"wp:attachment":[{"href":"https:\/\/www.beautypristroje.sk\/en\/wp-json\/wp\/v2\/media?parent=2993"}],"wp:term":[{"taxonomy":"product_brand","embeddable":true,"href":"https:\/\/www.beautypristroje.sk\/en\/wp-json\/wp\/v2\/product_brand?post=2993"},{"taxonomy":"product_cat","embeddable":true,"href":"https:\/\/www.beautypristroje.sk\/en\/wp-json\/wp\/v2\/product_cat?post=2993"},{"taxonomy":"product_tag","embeddable":true,"href":"https:\/\/www.beautypristroje.sk\/en\/wp-json\/wp\/v2\/product_tag?post=2993"}],"curies":[{"name":"wp","href":"https:\/\/api.w.org\/{rel}","templated":true}]}}